{"id":9499,"date":"2023-04-21T10:01:49","date_gmt":"2023-04-21T07:01:49","guid":{"rendered":"https:\/\/rtt.ee\/toode\/uncategorized\/varviline-etiketiprinter-lx610e\/"},"modified":"2025-11-18T16:02:54","modified_gmt":"2025-11-18T14:02:54","slug":"varviline-etiketiprinter-lx610e","status":"publish","type":"product","link":"https:\/\/rtt.ee\/ru\/toode\/printerid-ru\/etiketiprinter-ru\/varviline-etiketiprinter-lx610e\/","title":{"rendered":"LX610e V\u00e4rviline etiketiprinter"},"content":{"rendered":"<p>Vabadus disainida vabalt valitud v\u00e4rviline kleebis ja sealjuures valida meelep\u00e4rane etiketi kuju on n\u00fc\u00fcd kohal!<br \/>\n<strong>LX610e Pro v\u00e4rviline etiketiprinter<\/strong><br \/>\nPrintige ja l\u00f5igake mis tahes kuju v\u00f5i suurusega kohandatud silte \u2013 k\u00f5ik \u00fche protsessiga.<br \/>\nAutomaatne sisseehitatud stantsimine<\/p>\n<p>LX610e Pro abil on printimine ja t\u00e4pne stantsimine \u00fchendatud \u00fche lihtsa ja aegas\u00e4\u00e4stva sammuga.<br \/>\nLihtsalt importige oma disain kaasasolevasse tarkvarasse ja looge individuaalne kontuuril\u00f5ige v\u00f5i valige \u00fcks paljudest<br \/>\nstandardsetest stantsidest (nt ruudud, ringid, t\u00e4hed v\u00f5i ristk\u00fclikud)<\/p>\n<p><span style=\"color: #ff0000\"><strong>Te ei pea enam kunagi tellima tr\u00fckikojast &#171;hunnikutes&#187; erikujulisi kleebiseid!<\/strong><\/span><\/p>\n","protected":false},"excerpt":{"rendered":"<p>Vabadus disainida vabalt valitud v\u00e4rviline kleebis ja sealjuures valida meelep\u00e4rane etiketi kuju on n\u00fc\u00fcd kohal! LX610e Pro v\u00e4rviline etiketiprinter Printige ja l\u00f5igake mis tahes kuju v\u00f5i suurusega kohandatud silte \u2013 k\u00f5ik \u00fche protsessiga. Automaatne sisseehitatud stantsimine LX610e Pro abil on printimine ja t\u00e4pne stantsimine \u00fchendatud \u00fche lihtsa ja aegas\u00e4\u00e4stva sammuga. Lihtsalt importige oma disain kaasasolevasse [&hellip;]<\/p>\n","protected":false},"featured_media":9493,"template":"","meta":{"_acf_changed":false},"product_brand":[],"product_cat":[261],"product_tag":[304],"class_list":{"0":"post-9499","1":"product","2":"type-product","3":"status-publish","4":"has-post-thumbnail","6":"product_cat-etiketiprinter-ru","7":"product_tag-uus-ru","8":"product_brands-dtm-ru","10":"first","11":"outofstock","12":"sale","13":"taxable","14":"shipping-taxable","15":"purchasable","16":"product-type-simple"},"acf":[],"yoast_head":"<!-- This site is optimized with the Yoast SEO plugin v26.2 - https:\/\/yoast.com\/wordpress\/plugins\/seo\/ -->\n<title>LX610e V\u00e4rviline etiketiprinter - RTT<\/title>\n<meta name=\"description\" content=\"Printige ja l\u00f5igake mis tahes kuju v\u00f5i suurusega kohandatud v\u00e4rvilisi etikette \u2013 k\u00f5ik \u00fche protsessiga.Automaatne sisseehitatud stantsimine\" \/>\n<meta name=\"robots\" content=\"index, follow, max-snippet:-1, max-image-preview:large, max-video-preview:-1\" \/>\n<link rel=\"canonical\" href=\"https:\/\/rtt.ee\/ru\/toode\/printerid-ru\/etiketiprinter-ru\/varviline-etiketiprinter-lx610e\/\" \/>\n<meta property=\"og:locale\" content=\"ru_RU\" \/>\n<meta property=\"og:type\" content=\"article\" \/>\n<meta property=\"og:title\" content=\"LX610e V\u00e4rviline etiketiprinter - RTT\" \/>\n<meta property=\"og:description\" content=\"Printige ja l\u00f5igake mis tahes kuju v\u00f5i suurusega kohandatud v\u00e4rvilisi etikette \u2013 k\u00f5ik \u00fche protsessiga.Automaatne sisseehitatud stantsimine\" \/>\n<meta property=\"og:url\" content=\"https:\/\/rtt.ee\/ru\/toode\/printerid-ru\/etiketiprinter-ru\/varviline-etiketiprinter-lx610e\/\" \/>\n<meta property=\"og:site_name\" content=\"RTT\" \/>\n<meta property=\"article:modified_time\" content=\"2025-11-18T14:02:54+00:00\" \/>\n<meta property=\"og:image\" content=\"https:\/\/rtt.ee\/wp-content\/uploads\/2023\/04\/DTM-Print-22-800x533-1.png\" \/>\n\t<meta property=\"og:image:width\" content=\"800\" \/>\n\t<meta property=\"og:image:height\" content=\"533\" \/>\n\t<meta property=\"og:image:type\" content=\"image\/png\" \/>\n<meta name=\"twitter:card\" content=\"summary_large_image\" \/>\n<script type=\"application\/ld+json\" class=\"yoast-schema-graph\">{\"@context\":\"https:\/\/schema.org\",\"@graph\":[{\"@type\":\"WebPage\",\"@id\":\"https:\/\/rtt.ee\/ru\/toode\/printerid-ru\/etiketiprinter-ru\/varviline-etiketiprinter-lx610e\/\",\"url\":\"https:\/\/rtt.ee\/ru\/toode\/printerid-ru\/etiketiprinter-ru\/varviline-etiketiprinter-lx610e\/\",\"name\":\"LX610e V\u00e4rviline etiketiprinter - RTT\",\"isPartOf\":{\"@id\":\"https:\/\/rtt.ee\/en\/#website\"},\"primaryImageOfPage\":{\"@id\":\"https:\/\/rtt.ee\/ru\/toode\/printerid-ru\/etiketiprinter-ru\/varviline-etiketiprinter-lx610e\/#primaryimage\"},\"image\":{\"@id\":\"https:\/\/rtt.ee\/ru\/toode\/printerid-ru\/etiketiprinter-ru\/varviline-etiketiprinter-lx610e\/#primaryimage\"},\"thumbnailUrl\":\"https:\/\/rtt.ee\/wp-content\/uploads\/2023\/04\/DTM-Print-22-800x533-1.png\",\"datePublished\":\"2023-04-21T07:01:49+00:00\",\"dateModified\":\"2025-11-18T14:02:54+00:00\",\"description\":\"Printige ja l\u00f5igake mis tahes kuju v\u00f5i suurusega kohandatud v\u00e4rvilisi etikette \u2013 k\u00f5ik \u00fche protsessiga.Automaatne sisseehitatud stantsimine\",\"breadcrumb\":{\"@id\":\"https:\/\/rtt.ee\/ru\/toode\/printerid-ru\/etiketiprinter-ru\/varviline-etiketiprinter-lx610e\/#breadcrumb\"},\"inLanguage\":\"ru-RU\",\"potentialAction\":[{\"@type\":\"ReadAction\",\"target\":[\"https:\/\/rtt.ee\/ru\/toode\/printerid-ru\/etiketiprinter-ru\/varviline-etiketiprinter-lx610e\/\"]}]},{\"@type\":\"ImageObject\",\"inLanguage\":\"ru-RU\",\"@id\":\"https:\/\/rtt.ee\/ru\/toode\/printerid-ru\/etiketiprinter-ru\/varviline-etiketiprinter-lx610e\/#primaryimage\",\"url\":\"https:\/\/rtt.ee\/wp-content\/uploads\/2023\/04\/DTM-Print-22-800x533-1.png\",\"contentUrl\":\"https:\/\/rtt.ee\/wp-content\/uploads\/2023\/04\/DTM-Print-22-800x533-1.png\",\"width\":800,\"height\":533,\"caption\":\"v\u00e4rviline etiketiprinter\"},{\"@type\":\"BreadcrumbList\",\"@id\":\"https:\/\/rtt.ee\/ru\/toode\/printerid-ru\/etiketiprinter-ru\/varviline-etiketiprinter-lx610e\/#breadcrumb\",\"itemListElement\":[{\"@type\":\"ListItem\",\"position\":1,\"name\":\"\u0413\u043b\u0430\u0432\u043d\u0430\u044f\",\"item\":\"https:\/\/rtt.ee\/ru\/\"},{\"@type\":\"ListItem\",\"position\":2,\"name\":\"Magazin\",\"item\":\"https:\/\/rtt.ee\/ru\/pood\/\"},{\"@type\":\"ListItem\",\"position\":3,\"name\":\"\u041f\u0440\u0438\u043d\u0442\u0435\u0440\u044b\",\"item\":\"https:\/\/rtt.ee\/ru\/tootekategooria\/printerid-ru\/\"},{\"@type\":\"ListItem\",\"position\":4,\"name\":\"Etiketiprinter\",\"item\":\"https:\/\/rtt.ee\/tootekategooria\/printerid\/etiketiprinter\/\"},{\"@type\":\"ListItem\",\"position\":5,\"name\":\"LX610e V\u00e4rviline etiketiprinter\"}]},{\"@type\":\"WebSite\",\"@id\":\"https:\/\/rtt.ee\/en\/#website\",\"url\":\"https:\/\/rtt.ee\/en\/\",\"name\":\"RTT\",\"description\":\"Kassaaparaadid ja kontorikaubad\",\"potentialAction\":[{\"@type\":\"SearchAction\",\"target\":{\"@type\":\"EntryPoint\",\"urlTemplate\":\"https:\/\/rtt.ee\/en\/?s={search_term_string}\"},\"query-input\":{\"@type\":\"PropertyValueSpecification\",\"valueRequired\":true,\"valueName\":\"search_term_string\"}}],\"inLanguage\":\"ru-RU\"}]}<\/script>\n<!-- \/ Yoast SEO plugin. -->","yoast_head_json":{"title":"LX610e V\u00e4rviline etiketiprinter - RTT","description":"Printige ja l\u00f5igake mis tahes kuju v\u00f5i suurusega kohandatud v\u00e4rvilisi etikette \u2013 k\u00f5ik \u00fche protsessiga.Automaatne sisseehitatud stantsimine","robots":{"index":"index","follow":"follow","max-snippet":"max-snippet:-1","max-image-preview":"max-image-preview:large","max-video-preview":"max-video-preview:-1"},"canonical":"https:\/\/rtt.ee\/ru\/toode\/printerid-ru\/etiketiprinter-ru\/varviline-etiketiprinter-lx610e\/","og_locale":"ru_RU","og_type":"article","og_title":"LX610e V\u00e4rviline etiketiprinter - RTT","og_description":"Printige ja l\u00f5igake mis tahes kuju v\u00f5i suurusega kohandatud v\u00e4rvilisi etikette \u2013 k\u00f5ik \u00fche protsessiga.Automaatne sisseehitatud stantsimine","og_url":"https:\/\/rtt.ee\/ru\/toode\/printerid-ru\/etiketiprinter-ru\/varviline-etiketiprinter-lx610e\/","og_site_name":"RTT","article_modified_time":"2025-11-18T14:02:54+00:00","og_image":[{"width":800,"height":533,"url":"https:\/\/rtt.ee\/wp-content\/uploads\/2023\/04\/DTM-Print-22-800x533-1.png","type":"image\/png"}],"twitter_card":"summary_large_image","schema":{"@context":"https:\/\/schema.org","@graph":[{"@type":"WebPage","@id":"https:\/\/rtt.ee\/ru\/toode\/printerid-ru\/etiketiprinter-ru\/varviline-etiketiprinter-lx610e\/","url":"https:\/\/rtt.ee\/ru\/toode\/printerid-ru\/etiketiprinter-ru\/varviline-etiketiprinter-lx610e\/","name":"LX610e V\u00e4rviline etiketiprinter - RTT","isPartOf":{"@id":"https:\/\/rtt.ee\/en\/#website"},"primaryImageOfPage":{"@id":"https:\/\/rtt.ee\/ru\/toode\/printerid-ru\/etiketiprinter-ru\/varviline-etiketiprinter-lx610e\/#primaryimage"},"image":{"@id":"https:\/\/rtt.ee\/ru\/toode\/printerid-ru\/etiketiprinter-ru\/varviline-etiketiprinter-lx610e\/#primaryimage"},"thumbnailUrl":"https:\/\/rtt.ee\/wp-content\/uploads\/2023\/04\/DTM-Print-22-800x533-1.png","datePublished":"2023-04-21T07:01:49+00:00","dateModified":"2025-11-18T14:02:54+00:00","description":"Printige ja l\u00f5igake mis tahes kuju v\u00f5i suurusega kohandatud v\u00e4rvilisi etikette \u2013 k\u00f5ik \u00fche protsessiga.Automaatne sisseehitatud stantsimine","breadcrumb":{"@id":"https:\/\/rtt.ee\/ru\/toode\/printerid-ru\/etiketiprinter-ru\/varviline-etiketiprinter-lx610e\/#breadcrumb"},"inLanguage":"ru-RU","potentialAction":[{"@type":"ReadAction","target":["https:\/\/rtt.ee\/ru\/toode\/printerid-ru\/etiketiprinter-ru\/varviline-etiketiprinter-lx610e\/"]}]},{"@type":"ImageObject","inLanguage":"ru-RU","@id":"https:\/\/rtt.ee\/ru\/toode\/printerid-ru\/etiketiprinter-ru\/varviline-etiketiprinter-lx610e\/#primaryimage","url":"https:\/\/rtt.ee\/wp-content\/uploads\/2023\/04\/DTM-Print-22-800x533-1.png","contentUrl":"https:\/\/rtt.ee\/wp-content\/uploads\/2023\/04\/DTM-Print-22-800x533-1.png","width":800,"height":533,"caption":"v\u00e4rviline etiketiprinter"},{"@type":"BreadcrumbList","@id":"https:\/\/rtt.ee\/ru\/toode\/printerid-ru\/etiketiprinter-ru\/varviline-etiketiprinter-lx610e\/#breadcrumb","itemListElement":[{"@type":"ListItem","position":1,"name":"\u0413\u043b\u0430\u0432\u043d\u0430\u044f","item":"https:\/\/rtt.ee\/ru\/"},{"@type":"ListItem","position":2,"name":"Magazin","item":"https:\/\/rtt.ee\/ru\/pood\/"},{"@type":"ListItem","position":3,"name":"\u041f\u0440\u0438\u043d\u0442\u0435\u0440\u044b","item":"https:\/\/rtt.ee\/ru\/tootekategooria\/printerid-ru\/"},{"@type":"ListItem","position":4,"name":"Etiketiprinter","item":"https:\/\/rtt.ee\/tootekategooria\/printerid\/etiketiprinter\/"},{"@type":"ListItem","position":5,"name":"LX610e V\u00e4rviline etiketiprinter"}]},{"@type":"WebSite","@id":"https:\/\/rtt.ee\/en\/#website","url":"https:\/\/rtt.ee\/en\/","name":"RTT","description":"Kassaaparaadid ja kontorikaubad","potentialAction":[{"@type":"SearchAction","target":{"@type":"EntryPoint","urlTemplate":"https:\/\/rtt.ee\/en\/?s={search_term_string}"},"query-input":{"@type":"PropertyValueSpecification","valueRequired":true,"valueName":"search_term_string"}}],"inLanguage":"ru-RU"}]}},"_links":{"self":[{"href":"https:\/\/rtt.ee\/ru\/wp-json\/wp\/v2\/product\/9499","targetHints":{"allow":["GET"]}}],"collection":[{"href":"https:\/\/rtt.ee\/ru\/wp-json\/wp\/v2\/product"}],"about":[{"href":"https:\/\/rtt.ee\/ru\/wp-json\/wp\/v2\/types\/product"}],"wp:featuredmedia":[{"embeddable":true,"href":"https:\/\/rtt.ee\/ru\/wp-json\/wp\/v2\/media\/9493"}],"wp:attachment":[{"href":"https:\/\/rtt.ee\/ru\/wp-json\/wp\/v2\/media?parent=9499"}],"wp:term":[{"taxonomy":"product_brand","embeddable":true,"href":"https:\/\/rtt.ee\/ru\/wp-json\/wp\/v2\/product_brand?post=9499"},{"taxonomy":"product_cat","embeddable":true,"href":"https:\/\/rtt.ee\/ru\/wp-json\/wp\/v2\/product_cat?post=9499"},{"taxonomy":"product_tag","embeddable":true,"href":"https:\/\/rtt.ee\/ru\/wp-json\/wp\/v2\/product_tag?post=9499"}],"curies":[{"name":"wp","href":"https:\/\/api.w.org\/{rel}","templated":true}]}}