{"id":9186,"date":"2022-12-28T12:11:54","date_gmt":"2022-12-28T10:11:54","guid":{"rendered":"https:\/\/rtt.ee\/?post_type=product&#038;p=9186"},"modified":"2025-08-13T13:51:58","modified_gmt":"2025-08-13T10:51:58","slug":"kasutatud-must-valge-a4-sharp-mx-b350p","status":"publish","type":"product","link":"https:\/\/rtt.ee\/ru\/toode\/a4-kasutatud-koopiamasinad-ru\/kasutatud-must-valge-a4-sharp-mx-b350p\/","title":{"rendered":"Kasutatud SHARP MX-B350P must-valge A4 laserprinter"},"content":{"rendered":"<p><strong>Kasutatud A4 v\u00f5rguprinter v\u00e4ike v\u00f5i keskmise suurusega kontoritesse.<\/strong><\/p>\n<p>Lehek\u00fclgi minutis: 35 mustvalget<\/p>\n<p>Paberimaht: standard 550<\/p>\n<p>Resolutsioon: 600 \u00d7 600 dpi<\/p>\n<p>Standardne traadita \u00fchenduvus<\/p>\n<p>Kahepoolne printimine<\/p>\n<p>Seadmele kehtib 6 kuu pikkune garantii.<\/p>\n<p><strong>T\u00e4ishooldusrendi lahendus alates 0.- kuus, k\u00fcsi pakkumist!<\/strong><\/p>\n<p>Lisainfo:<\/p>\n<p>Mobiil: +372 5014 470<\/p>\n<p>&nbsp;<\/p>\n<p>&nbsp;<\/p>\n","protected":false},"excerpt":{"rendered":"<p>Kasutatud A4 v\u00f5rguprinter v\u00e4ike v\u00f5i keskmise suurusega kontoritesse. Lehek\u00fclgi minutis: 35 mustvalget Paberimaht: standard 550 Resolutsioon: 600 \u00d7 600 dpi Standardne traadita \u00fchenduvus Kahepoolne printimine Seadmele kehtib 6 kuu pikkune garantii. T\u00e4ishooldusrendi lahendus alates 0.- kuus, k\u00fcsi pakkumist! Lisainfo: Mobiil: +372 5014 470 &nbsp; &nbsp;<\/p>\n","protected":false},"featured_media":12636,"template":"","meta":{"_acf_changed":false},"product_brand":[],"product_cat":[340],"product_tag":[],"class_list":{"0":"post-9186","1":"product","2":"type-product","3":"status-publish","4":"has-post-thumbnail","6":"product_cat-a4-kasutatud-koopiamasinad-ru","7":"product_brands-sharp-ru","9":"first","10":"instock","11":"taxable","12":"shipping-taxable","13":"purchasable","14":"product-type-simple"},"acf":[],"yoast_head":"<!-- This site is optimized with the Yoast SEO plugin v26.2 - https:\/\/yoast.com\/wordpress\/plugins\/seo\/ -->\n<title>Kasutatud SHARP MX-B350P must-valge A4 laserprinter - RTT<\/title>\n<meta name=\"description\" content=\"Kasutatud A4 v\u00e4rviline printer, koopiamasin. M\u00f5istlikud \u00fclalpidamiskulud, t\u00e4isteenusrendi v\u00f5imalus! Multifunktsionaalne printer\" \/>\n<meta name=\"robots\" content=\"index, follow, max-snippet:-1, max-image-preview:large, max-video-preview:-1\" \/>\n<link rel=\"canonical\" href=\"https:\/\/rtt.ee\/ru\/toode\/a4-kasutatud-koopiamasinad-ru\/kasutatud-must-valge-a4-sharp-mx-b350p\/\" \/>\n<meta property=\"og:locale\" content=\"ru_RU\" \/>\n<meta property=\"og:type\" content=\"article\" \/>\n<meta property=\"og:title\" content=\"Kasutatud SHARP MX-B350P must-valge A4 laserprinter - RTT\" \/>\n<meta property=\"og:description\" content=\"Kasutatud A4 v\u00e4rviline printer, koopiamasin. M\u00f5istlikud \u00fclalpidamiskulud, t\u00e4isteenusrendi v\u00f5imalus! Multifunktsionaalne printer\" \/>\n<meta property=\"og:url\" content=\"https:\/\/rtt.ee\/ru\/toode\/a4-kasutatud-koopiamasinad-ru\/kasutatud-must-valge-a4-sharp-mx-b350p\/\" \/>\n<meta property=\"og:site_name\" content=\"RTT\" \/>\n<meta property=\"article:modified_time\" content=\"2025-08-13T10:51:58+00:00\" \/>\n<meta property=\"og:image\" content=\"https:\/\/rtt.ee\/wp-content\/uploads\/2022\/12\/img-p-mx-b450p-front-380.jpg\" \/>\n\t<meta property=\"og:image:width\" content=\"720\" \/>\n\t<meta property=\"og:image:height\" content=\"380\" \/>\n\t<meta property=\"og:image:type\" content=\"image\/jpeg\" \/>\n<meta name=\"twitter:card\" content=\"summary_large_image\" \/>\n<meta name=\"twitter:label1\" content=\"\u041f\u0440\u0438\u043c\u0435\u0440\u043d\u043e\u0435 \u0432\u0440\u0435\u043c\u044f \u0434\u043b\u044f \u0447\u0442\u0435\u043d\u0438\u044f\" \/>\n\t<meta name=\"twitter:data1\" content=\"1 \u043c\u0438\u043d\u0443\u0442\u0430\" \/>\n<script type=\"application\/ld+json\" class=\"yoast-schema-graph\">{\"@context\":\"https:\/\/schema.org\",\"@graph\":[{\"@type\":\"WebPage\",\"@id\":\"https:\/\/rtt.ee\/ru\/toode\/a4-kasutatud-koopiamasinad-ru\/kasutatud-must-valge-a4-sharp-mx-b350p\/\",\"url\":\"https:\/\/rtt.ee\/ru\/toode\/a4-kasutatud-koopiamasinad-ru\/kasutatud-must-valge-a4-sharp-mx-b350p\/\",\"name\":\"Kasutatud SHARP MX-B350P must-valge A4 laserprinter - RTT\",\"isPartOf\":{\"@id\":\"https:\/\/rtt.ee\/en\/#website\"},\"primaryImageOfPage\":{\"@id\":\"https:\/\/rtt.ee\/ru\/toode\/a4-kasutatud-koopiamasinad-ru\/kasutatud-must-valge-a4-sharp-mx-b350p\/#primaryimage\"},\"image\":{\"@id\":\"https:\/\/rtt.ee\/ru\/toode\/a4-kasutatud-koopiamasinad-ru\/kasutatud-must-valge-a4-sharp-mx-b350p\/#primaryimage\"},\"thumbnailUrl\":\"https:\/\/rtt.ee\/wp-content\/uploads\/2025\/08\/img-p-mx-b450p-front-960-1.jpg\",\"datePublished\":\"2022-12-28T10:11:54+00:00\",\"dateModified\":\"2025-08-13T10:51:58+00:00\",\"description\":\"Kasutatud A4 v\u00e4rviline printer, koopiamasin. M\u00f5istlikud \u00fclalpidamiskulud, t\u00e4isteenusrendi v\u00f5imalus! Multifunktsionaalne printer\",\"breadcrumb\":{\"@id\":\"https:\/\/rtt.ee\/ru\/toode\/a4-kasutatud-koopiamasinad-ru\/kasutatud-must-valge-a4-sharp-mx-b350p\/#breadcrumb\"},\"inLanguage\":\"ru-RU\",\"potentialAction\":[{\"@type\":\"ReadAction\",\"target\":[\"https:\/\/rtt.ee\/ru\/toode\/a4-kasutatud-koopiamasinad-ru\/kasutatud-must-valge-a4-sharp-mx-b350p\/\"]}]},{\"@type\":\"ImageObject\",\"inLanguage\":\"ru-RU\",\"@id\":\"https:\/\/rtt.ee\/ru\/toode\/a4-kasutatud-koopiamasinad-ru\/kasutatud-must-valge-a4-sharp-mx-b350p\/#primaryimage\",\"url\":\"https:\/\/rtt.ee\/wp-content\/uploads\/2025\/08\/img-p-mx-b450p-front-960-1.jpg\",\"contentUrl\":\"https:\/\/rtt.ee\/wp-content\/uploads\/2025\/08\/img-p-mx-b450p-front-960-1.jpg\",\"width\":526,\"height\":550},{\"@type\":\"BreadcrumbList\",\"@id\":\"https:\/\/rtt.ee\/ru\/toode\/a4-kasutatud-koopiamasinad-ru\/kasutatud-must-valge-a4-sharp-mx-b350p\/#breadcrumb\",\"itemListElement\":[{\"@type\":\"ListItem\",\"position\":1,\"name\":\"\u0413\u043b\u0430\u0432\u043d\u0430\u044f\",\"item\":\"https:\/\/rtt.ee\/ru\/\"},{\"@type\":\"ListItem\",\"position\":2,\"name\":\"Magazin\",\"item\":\"https:\/\/rtt.ee\/ru\/pood\/\"},{\"@type\":\"ListItem\",\"position\":3,\"name\":\"Koopiamasinad\",\"item\":\"https:\/\/rtt.ee\/tootekategooria\/koopiamasinad\/\"},{\"@type\":\"ListItem\",\"position\":4,\"name\":\"Kasutatud koopiamasinad ja printerid\",\"item\":\"https:\/\/rtt.ee\/tootekategooria\/koopiamasinad\/kasutatud-koopiamasinad\/\"},{\"@type\":\"ListItem\",\"position\":5,\"name\":\"Kasutatud SHARP MX-B350P must-valge A4 laserprinter\"}]},{\"@type\":\"WebSite\",\"@id\":\"https:\/\/rtt.ee\/en\/#website\",\"url\":\"https:\/\/rtt.ee\/en\/\",\"name\":\"RTT\",\"description\":\"Kassaaparaadid ja kontorikaubad\",\"potentialAction\":[{\"@type\":\"SearchAction\",\"target\":{\"@type\":\"EntryPoint\",\"urlTemplate\":\"https:\/\/rtt.ee\/en\/?s={search_term_string}\"},\"query-input\":{\"@type\":\"PropertyValueSpecification\",\"valueRequired\":true,\"valueName\":\"search_term_string\"}}],\"inLanguage\":\"ru-RU\"}]}<\/script>\n<!-- \/ Yoast SEO plugin. -->","yoast_head_json":{"title":"Kasutatud SHARP MX-B350P must-valge A4 laserprinter - RTT","description":"Kasutatud A4 v\u00e4rviline printer, koopiamasin. M\u00f5istlikud \u00fclalpidamiskulud, t\u00e4isteenusrendi v\u00f5imalus! Multifunktsionaalne printer","robots":{"index":"index","follow":"follow","max-snippet":"max-snippet:-1","max-image-preview":"max-image-preview:large","max-video-preview":"max-video-preview:-1"},"canonical":"https:\/\/rtt.ee\/ru\/toode\/a4-kasutatud-koopiamasinad-ru\/kasutatud-must-valge-a4-sharp-mx-b350p\/","og_locale":"ru_RU","og_type":"article","og_title":"Kasutatud SHARP MX-B350P must-valge A4 laserprinter - RTT","og_description":"Kasutatud A4 v\u00e4rviline printer, koopiamasin. M\u00f5istlikud \u00fclalpidamiskulud, t\u00e4isteenusrendi v\u00f5imalus! Multifunktsionaalne printer","og_url":"https:\/\/rtt.ee\/ru\/toode\/a4-kasutatud-koopiamasinad-ru\/kasutatud-must-valge-a4-sharp-mx-b350p\/","og_site_name":"RTT","article_modified_time":"2025-08-13T10:51:58+00:00","og_image":[{"width":720,"height":380,"url":"https:\/\/rtt.ee\/wp-content\/uploads\/2022\/12\/img-p-mx-b450p-front-380.jpg","type":"image\/jpeg"}],"twitter_card":"summary_large_image","twitter_misc":{"\u041f\u0440\u0438\u043c\u0435\u0440\u043d\u043e\u0435 \u0432\u0440\u0435\u043c\u044f \u0434\u043b\u044f \u0447\u0442\u0435\u043d\u0438\u044f":"1 \u043c\u0438\u043d\u0443\u0442\u0430"},"schema":{"@context":"https:\/\/schema.org","@graph":[{"@type":"WebPage","@id":"https:\/\/rtt.ee\/ru\/toode\/a4-kasutatud-koopiamasinad-ru\/kasutatud-must-valge-a4-sharp-mx-b350p\/","url":"https:\/\/rtt.ee\/ru\/toode\/a4-kasutatud-koopiamasinad-ru\/kasutatud-must-valge-a4-sharp-mx-b350p\/","name":"Kasutatud SHARP MX-B350P must-valge A4 laserprinter - RTT","isPartOf":{"@id":"https:\/\/rtt.ee\/en\/#website"},"primaryImageOfPage":{"@id":"https:\/\/rtt.ee\/ru\/toode\/a4-kasutatud-koopiamasinad-ru\/kasutatud-must-valge-a4-sharp-mx-b350p\/#primaryimage"},"image":{"@id":"https:\/\/rtt.ee\/ru\/toode\/a4-kasutatud-koopiamasinad-ru\/kasutatud-must-valge-a4-sharp-mx-b350p\/#primaryimage"},"thumbnailUrl":"https:\/\/rtt.ee\/wp-content\/uploads\/2025\/08\/img-p-mx-b450p-front-960-1.jpg","datePublished":"2022-12-28T10:11:54+00:00","dateModified":"2025-08-13T10:51:58+00:00","description":"Kasutatud A4 v\u00e4rviline printer, koopiamasin. M\u00f5istlikud \u00fclalpidamiskulud, t\u00e4isteenusrendi v\u00f5imalus! Multifunktsionaalne printer","breadcrumb":{"@id":"https:\/\/rtt.ee\/ru\/toode\/a4-kasutatud-koopiamasinad-ru\/kasutatud-must-valge-a4-sharp-mx-b350p\/#breadcrumb"},"inLanguage":"ru-RU","potentialAction":[{"@type":"ReadAction","target":["https:\/\/rtt.ee\/ru\/toode\/a4-kasutatud-koopiamasinad-ru\/kasutatud-must-valge-a4-sharp-mx-b350p\/"]}]},{"@type":"ImageObject","inLanguage":"ru-RU","@id":"https:\/\/rtt.ee\/ru\/toode\/a4-kasutatud-koopiamasinad-ru\/kasutatud-must-valge-a4-sharp-mx-b350p\/#primaryimage","url":"https:\/\/rtt.ee\/wp-content\/uploads\/2025\/08\/img-p-mx-b450p-front-960-1.jpg","contentUrl":"https:\/\/rtt.ee\/wp-content\/uploads\/2025\/08\/img-p-mx-b450p-front-960-1.jpg","width":526,"height":550},{"@type":"BreadcrumbList","@id":"https:\/\/rtt.ee\/ru\/toode\/a4-kasutatud-koopiamasinad-ru\/kasutatud-must-valge-a4-sharp-mx-b350p\/#breadcrumb","itemListElement":[{"@type":"ListItem","position":1,"name":"\u0413\u043b\u0430\u0432\u043d\u0430\u044f","item":"https:\/\/rtt.ee\/ru\/"},{"@type":"ListItem","position":2,"name":"Magazin","item":"https:\/\/rtt.ee\/ru\/pood\/"},{"@type":"ListItem","position":3,"name":"Koopiamasinad","item":"https:\/\/rtt.ee\/tootekategooria\/koopiamasinad\/"},{"@type":"ListItem","position":4,"name":"Kasutatud koopiamasinad ja printerid","item":"https:\/\/rtt.ee\/tootekategooria\/koopiamasinad\/kasutatud-koopiamasinad\/"},{"@type":"ListItem","position":5,"name":"Kasutatud SHARP MX-B350P must-valge A4 laserprinter"}]},{"@type":"WebSite","@id":"https:\/\/rtt.ee\/en\/#website","url":"https:\/\/rtt.ee\/en\/","name":"RTT","description":"Kassaaparaadid ja kontorikaubad","potentialAction":[{"@type":"SearchAction","target":{"@type":"EntryPoint","urlTemplate":"https:\/\/rtt.ee\/en\/?s={search_term_string}"},"query-input":{"@type":"PropertyValueSpecification","valueRequired":true,"valueName":"search_term_string"}}],"inLanguage":"ru-RU"}]}},"_links":{"self":[{"href":"https:\/\/rtt.ee\/ru\/wp-json\/wp\/v2\/product\/9186","targetHints":{"allow":["GET"]}}],"collection":[{"href":"https:\/\/rtt.ee\/ru\/wp-json\/wp\/v2\/product"}],"about":[{"href":"https:\/\/rtt.ee\/ru\/wp-json\/wp\/v2\/types\/product"}],"wp:featuredmedia":[{"embeddable":true,"href":"https:\/\/rtt.ee\/ru\/wp-json\/wp\/v2\/media\/12636"}],"wp:attachment":[{"href":"https:\/\/rtt.ee\/ru\/wp-json\/wp\/v2\/media?parent=9186"}],"wp:term":[{"taxonomy":"product_brand","embeddable":true,"href":"https:\/\/rtt.ee\/ru\/wp-json\/wp\/v2\/product_brand?post=9186"},{"taxonomy":"product_cat","embeddable":true,"href":"https:\/\/rtt.ee\/ru\/wp-json\/wp\/v2\/product_cat?post=9186"},{"taxonomy":"product_tag","embeddable":true,"href":"https:\/\/rtt.ee\/ru\/wp-json\/wp\/v2\/product_tag?post=9186"}],"curies":[{"name":"wp","href":"https:\/\/api.w.org\/{rel}","templated":true}]}}