{"id":8924,"date":"2022-10-10T10:50:58","date_gmt":"2022-10-10T07:50:58","guid":{"rendered":"https:\/\/rtt.ee\/?post_type=product&#038;p=8924"},"modified":"2025-07-07T21:16:44","modified_gmt":"2025-07-07T18:16:44","slug":"petf-kaardid","status":"publish","type":"product","link":"https:\/\/rtt.ee\/ru\/toode\/kulumaterjalid-ru\/petf-kaardid\/","title":{"rendered":"PETF kaardid 500tk"},"content":{"rendered":"<p>PETF t\u00fchjad kaardid \u2013 30 MIL, 1 pakk 500 kaarti<\/p>\n<p>PETF-materjal on rebenemiskindel: PET-ile omane kvaliteet<br \/>\nmaterjal, palju vastupidavam alus kui PVC.<\/p>\n<p>Need on v\u00e4hem t\u00f5en\u00e4olised<br \/>\n\u00e4\u00e4rmuslikel temperatuuridel praguneb v\u00f5i k\u00f5verdub. N\u00e4iteks on nad<br \/>\nsoovitatav kasutada suusapiirkondades v\u00f5i kaardi lamineerimisel (kaart ei ole painutatud).<\/p>\n<p>Kloorivaba PET-materjal, mis on selle toote p\u00f5hiosa, on \u00fcldiselt tunnustatud selle keskkonnas\u00f5bralikkuse poolest v\u00f5rreldes PVC-ga.<\/p>\n<p>PETF materjal on kuumuskindlam: n\u00f5utakse projektides<br \/>\nkus k\u00f5rge kvaliteet ja vastupidavus on kohustuslikud v\u00f5i lamineeritud tr\u00fckkimiseks<br \/>\nVastab ISO CR-80 standarditele: pikkus: 85,6 mm ja laius: 54 mm<br \/>\nPakis 500 kaarti<\/p>\n","protected":false},"excerpt":{"rendered":"<p>PETF t\u00fchjad kaardid \u2013 30 MIL, 1 pakk 500 kaarti PETF-materjal on rebenemiskindel: PET-ile omane kvaliteet materjal, palju vastupidavam alus kui PVC. Need on v\u00e4hem t\u00f5en\u00e4olised \u00e4\u00e4rmuslikel temperatuuridel praguneb v\u00f5i k\u00f5verdub. N\u00e4iteks on nad soovitatav kasutada suusapiirkondades v\u00f5i kaardi lamineerimisel (kaart ei ole painutatud). Kloorivaba PET-materjal, mis on selle toote p\u00f5hiosa, on \u00fcldiselt tunnustatud selle [&hellip;]<\/p>\n","protected":false},"featured_media":8927,"template":"","meta":{"_acf_changed":false},"product_brand":[],"product_cat":[240,343],"product_tag":[],"class_list":{"0":"post-8924","1":"product","2":"type-product","3":"status-publish","4":"has-post-thumbnail","6":"product_cat-kulumaterjalid-ru","7":"product_cat-kaardiprinterite-kulumaterjalid-ru","9":"first","10":"outofstock","11":"taxable","12":"shipping-taxable","13":"purchasable","14":"product-type-simple"},"acf":[],"yoast_head":"<!-- This site is optimized with the Yoast SEO plugin v26.2 - https:\/\/yoast.com\/wordpress\/plugins\/seo\/ -->\n<title>PETF kaardid 500tk - RTT<\/title>\n<meta name=\"description\" content=\"PETF kaardid on vastupidavad ja keskkonnas\u00f5ralikumad. Pakis 500 kaarti. Vali PETF kaardid lamineerimiseks\/suusapiirkonnad!\" \/>\n<meta name=\"robots\" content=\"index, follow, max-snippet:-1, max-image-preview:large, max-video-preview:-1\" \/>\n<link rel=\"canonical\" href=\"https:\/\/rtt.ee\/toode\/kulumaterjalid\/kaardiprinterite-kulumaterjalid\/petf-kaardid\/\" \/>\n<meta property=\"og:locale\" content=\"ru_RU\" \/>\n<meta property=\"og:type\" content=\"article\" \/>\n<meta property=\"og:title\" content=\"PETF kaardid 500tk - RTT\" \/>\n<meta property=\"og:description\" content=\"PETF kaardid on vastupidavad ja keskkonnas\u00f5ralikumad. Pakis 500 kaarti. Vali PETF kaardid lamineerimiseks\/suusapiirkonnad!\" \/>\n<meta property=\"og:url\" content=\"https:\/\/rtt.ee\/toode\/kulumaterjalid\/kaardiprinterite-kulumaterjalid\/petf-kaardid\/\" \/>\n<meta property=\"og:site_name\" content=\"RTT\" \/>\n<meta property=\"article:modified_time\" content=\"2025-07-07T18:16:44+00:00\" \/>\n<meta property=\"og:image\" content=\"https:\/\/rtt.ee\/wp-content\/uploads\/2022\/10\/C3001-scaled.jpg\" \/>\n\t<meta property=\"og:image:width\" content=\"2560\" \/>\n\t<meta property=\"og:image:height\" content=\"1703\" \/>\n\t<meta property=\"og:image:type\" content=\"image\/jpeg\" \/>\n<meta name=\"twitter:card\" content=\"summary_large_image\" \/>\n<script type=\"application\/ld+json\" class=\"yoast-schema-graph\">{\"@context\":\"https:\/\/schema.org\",\"@graph\":[{\"@type\":\"WebPage\",\"@id\":\"https:\/\/rtt.ee\/toode\/kulumaterjalid\/kaardiprinterite-kulumaterjalid\/petf-kaardid\/\",\"url\":\"https:\/\/rtt.ee\/toode\/kulumaterjalid\/kaardiprinterite-kulumaterjalid\/petf-kaardid\/\",\"name\":\"PETF kaardid 500tk - RTT\",\"isPartOf\":{\"@id\":\"https:\/\/rtt.ee\/en\/#website\"},\"primaryImageOfPage\":{\"@id\":\"https:\/\/rtt.ee\/toode\/kulumaterjalid\/kaardiprinterite-kulumaterjalid\/petf-kaardid\/#primaryimage\"},\"image\":{\"@id\":\"https:\/\/rtt.ee\/toode\/kulumaterjalid\/kaardiprinterite-kulumaterjalid\/petf-kaardid\/#primaryimage\"},\"thumbnailUrl\":\"https:\/\/rtt.ee\/wp-content\/uploads\/2022\/10\/C3001-scaled.jpg\",\"datePublished\":\"2022-10-10T07:50:58+00:00\",\"dateModified\":\"2025-07-07T18:16:44+00:00\",\"description\":\"PETF kaardid on vastupidavad ja keskkonnas\u00f5ralikumad. Pakis 500 kaarti. Vali PETF kaardid lamineerimiseks\/suusapiirkonnad!\",\"breadcrumb\":{\"@id\":\"https:\/\/rtt.ee\/toode\/kulumaterjalid\/kaardiprinterite-kulumaterjalid\/petf-kaardid\/#breadcrumb\"},\"inLanguage\":\"ru-RU\",\"potentialAction\":[{\"@type\":\"ReadAction\",\"target\":[\"https:\/\/rtt.ee\/toode\/kulumaterjalid\/kaardiprinterite-kulumaterjalid\/petf-kaardid\/\"]}]},{\"@type\":\"ImageObject\",\"inLanguage\":\"ru-RU\",\"@id\":\"https:\/\/rtt.ee\/toode\/kulumaterjalid\/kaardiprinterite-kulumaterjalid\/petf-kaardid\/#primaryimage\",\"url\":\"https:\/\/rtt.ee\/wp-content\/uploads\/2022\/10\/C3001-scaled.jpg\",\"contentUrl\":\"https:\/\/rtt.ee\/wp-content\/uploads\/2022\/10\/C3001-scaled.jpg\",\"width\":2560,\"height\":1703},{\"@type\":\"BreadcrumbList\",\"@id\":\"https:\/\/rtt.ee\/toode\/kulumaterjalid\/kaardiprinterite-kulumaterjalid\/petf-kaardid\/#breadcrumb\",\"itemListElement\":[{\"@type\":\"ListItem\",\"position\":1,\"name\":\"\u0413\u043b\u0430\u0432\u043d\u0430\u044f\",\"item\":\"https:\/\/rtt.ee\/ru\/\"},{\"@type\":\"ListItem\",\"position\":2,\"name\":\"Magazin\",\"item\":\"https:\/\/rtt.ee\/ru\/pood\/\"},{\"@type\":\"ListItem\",\"position\":3,\"name\":\"Kulumaterjalid\",\"item\":\"https:\/\/rtt.ee\/tootekategooria\/kulumaterjalid\/\"},{\"@type\":\"ListItem\",\"position\":4,\"name\":\"PETF kaardid 500tk\"}]},{\"@type\":\"WebSite\",\"@id\":\"https:\/\/rtt.ee\/en\/#website\",\"url\":\"https:\/\/rtt.ee\/en\/\",\"name\":\"RTT\",\"description\":\"Kassaaparaadid ja kontorikaubad\",\"potentialAction\":[{\"@type\":\"SearchAction\",\"target\":{\"@type\":\"EntryPoint\",\"urlTemplate\":\"https:\/\/rtt.ee\/en\/?s={search_term_string}\"},\"query-input\":{\"@type\":\"PropertyValueSpecification\",\"valueRequired\":true,\"valueName\":\"search_term_string\"}}],\"inLanguage\":\"ru-RU\"}]}<\/script>\n<!-- \/ Yoast SEO plugin. -->","yoast_head_json":{"title":"PETF kaardid 500tk - RTT","description":"PETF kaardid on vastupidavad ja keskkonnas\u00f5ralikumad. Pakis 500 kaarti. Vali PETF kaardid lamineerimiseks\/suusapiirkonnad!","robots":{"index":"index","follow":"follow","max-snippet":"max-snippet:-1","max-image-preview":"max-image-preview:large","max-video-preview":"max-video-preview:-1"},"canonical":"https:\/\/rtt.ee\/toode\/kulumaterjalid\/kaardiprinterite-kulumaterjalid\/petf-kaardid\/","og_locale":"ru_RU","og_type":"article","og_title":"PETF kaardid 500tk - RTT","og_description":"PETF kaardid on vastupidavad ja keskkonnas\u00f5ralikumad. Pakis 500 kaarti. Vali PETF kaardid lamineerimiseks\/suusapiirkonnad!","og_url":"https:\/\/rtt.ee\/toode\/kulumaterjalid\/kaardiprinterite-kulumaterjalid\/petf-kaardid\/","og_site_name":"RTT","article_modified_time":"2025-07-07T18:16:44+00:00","og_image":[{"width":2560,"height":1703,"url":"https:\/\/rtt.ee\/wp-content\/uploads\/2022\/10\/C3001-scaled.jpg","type":"image\/jpeg"}],"twitter_card":"summary_large_image","schema":{"@context":"https:\/\/schema.org","@graph":[{"@type":"WebPage","@id":"https:\/\/rtt.ee\/toode\/kulumaterjalid\/kaardiprinterite-kulumaterjalid\/petf-kaardid\/","url":"https:\/\/rtt.ee\/toode\/kulumaterjalid\/kaardiprinterite-kulumaterjalid\/petf-kaardid\/","name":"PETF kaardid 500tk - RTT","isPartOf":{"@id":"https:\/\/rtt.ee\/en\/#website"},"primaryImageOfPage":{"@id":"https:\/\/rtt.ee\/toode\/kulumaterjalid\/kaardiprinterite-kulumaterjalid\/petf-kaardid\/#primaryimage"},"image":{"@id":"https:\/\/rtt.ee\/toode\/kulumaterjalid\/kaardiprinterite-kulumaterjalid\/petf-kaardid\/#primaryimage"},"thumbnailUrl":"https:\/\/rtt.ee\/wp-content\/uploads\/2022\/10\/C3001-scaled.jpg","datePublished":"2022-10-10T07:50:58+00:00","dateModified":"2025-07-07T18:16:44+00:00","description":"PETF kaardid on vastupidavad ja keskkonnas\u00f5ralikumad. Pakis 500 kaarti. Vali PETF kaardid lamineerimiseks\/suusapiirkonnad!","breadcrumb":{"@id":"https:\/\/rtt.ee\/toode\/kulumaterjalid\/kaardiprinterite-kulumaterjalid\/petf-kaardid\/#breadcrumb"},"inLanguage":"ru-RU","potentialAction":[{"@type":"ReadAction","target":["https:\/\/rtt.ee\/toode\/kulumaterjalid\/kaardiprinterite-kulumaterjalid\/petf-kaardid\/"]}]},{"@type":"ImageObject","inLanguage":"ru-RU","@id":"https:\/\/rtt.ee\/toode\/kulumaterjalid\/kaardiprinterite-kulumaterjalid\/petf-kaardid\/#primaryimage","url":"https:\/\/rtt.ee\/wp-content\/uploads\/2022\/10\/C3001-scaled.jpg","contentUrl":"https:\/\/rtt.ee\/wp-content\/uploads\/2022\/10\/C3001-scaled.jpg","width":2560,"height":1703},{"@type":"BreadcrumbList","@id":"https:\/\/rtt.ee\/toode\/kulumaterjalid\/kaardiprinterite-kulumaterjalid\/petf-kaardid\/#breadcrumb","itemListElement":[{"@type":"ListItem","position":1,"name":"\u0413\u043b\u0430\u0432\u043d\u0430\u044f","item":"https:\/\/rtt.ee\/ru\/"},{"@type":"ListItem","position":2,"name":"Magazin","item":"https:\/\/rtt.ee\/ru\/pood\/"},{"@type":"ListItem","position":3,"name":"Kulumaterjalid","item":"https:\/\/rtt.ee\/tootekategooria\/kulumaterjalid\/"},{"@type":"ListItem","position":4,"name":"PETF kaardid 500tk"}]},{"@type":"WebSite","@id":"https:\/\/rtt.ee\/en\/#website","url":"https:\/\/rtt.ee\/en\/","name":"RTT","description":"Kassaaparaadid ja kontorikaubad","potentialAction":[{"@type":"SearchAction","target":{"@type":"EntryPoint","urlTemplate":"https:\/\/rtt.ee\/en\/?s={search_term_string}"},"query-input":{"@type":"PropertyValueSpecification","valueRequired":true,"valueName":"search_term_string"}}],"inLanguage":"ru-RU"}]}},"_links":{"self":[{"href":"https:\/\/rtt.ee\/ru\/wp-json\/wp\/v2\/product\/8924","targetHints":{"allow":["GET"]}}],"collection":[{"href":"https:\/\/rtt.ee\/ru\/wp-json\/wp\/v2\/product"}],"about":[{"href":"https:\/\/rtt.ee\/ru\/wp-json\/wp\/v2\/types\/product"}],"wp:featuredmedia":[{"embeddable":true,"href":"https:\/\/rtt.ee\/ru\/wp-json\/wp\/v2\/media\/8927"}],"wp:attachment":[{"href":"https:\/\/rtt.ee\/ru\/wp-json\/wp\/v2\/media?parent=8924"}],"wp:term":[{"taxonomy":"product_brand","embeddable":true,"href":"https:\/\/rtt.ee\/ru\/wp-json\/wp\/v2\/product_brand?post=8924"},{"taxonomy":"product_cat","embeddable":true,"href":"https:\/\/rtt.ee\/ru\/wp-json\/wp\/v2\/product_cat?post=8924"},{"taxonomy":"product_tag","embeddable":true,"href":"https:\/\/rtt.ee\/ru\/wp-json\/wp\/v2\/product_tag?post=8924"}],"curies":[{"name":"wp","href":"https:\/\/api.w.org\/{rel}","templated":true}]}}