{"id":8915,"date":"2022-10-07T15:19:06","date_gmt":"2022-10-07T12:19:06","guid":{"rendered":"https:\/\/rtt.ee\/?post_type=product&#038;p=8915"},"modified":"2026-04-02T11:27:35","modified_gmt":"2026-04-02T08:27:35","slug":"evolis-badgy-varviline-trukilint","status":"publish","type":"product","link":"https:\/\/rtt.ee\/ru\/toode\/kulumaterjalid-ru\/evolis-badgy-varviline-trukilint\/","title":{"rendered":"Tr\u00fckilint Evolis Badgy v\u00e4rviline (100 tr\u00fckki) CBGR0100C"},"content":{"rendered":"<p>V\u00e4rviline tr\u00fckilint YMCKO<\/p>\n<p>Tr\u00fckimaht kuni 100 kaarti<\/p>\n<p>Sobivus: Badgy<\/p>\n","protected":false},"excerpt":{"rendered":"<p>V\u00e4rviline tr\u00fckilint YMCKO Tr\u00fckimaht kuni 100 kaarti Sobivus: Badgy<\/p>\n","protected":false},"featured_media":16073,"template":"","meta":{"_acf_changed":false},"product_brand":[410],"product_cat":[240,343],"product_tag":[],"class_list":{"0":"post-8915","1":"product","2":"type-product","3":"status-publish","4":"has-post-thumbnail","6":"product_brand-evolis","7":"product_cat-kulumaterjalid-ru","8":"product_cat-kaardiprinterite-kulumaterjalid-ru","9":"product_brands-evolis-ru","11":"first","12":"instock","13":"taxable","14":"shipping-taxable","15":"purchasable","16":"product-type-simple"},"acf":[],"yoast_head":"<!-- This site is optimized with the Yoast SEO plugin v26.2 - https:\/\/yoast.com\/wordpress\/plugins\/seo\/ -->\n<title>Tr\u00fckilint Evolis Badgy v\u00e4rviline (100 tr\u00fckki) CBGR0100C - RTT<\/title>\n<meta name=\"description\" content=\"Evolis Badgy v\u00e4rviline tr\u00fckilint.\" \/>\n<meta name=\"robots\" content=\"index, follow, max-snippet:-1, max-image-preview:large, max-video-preview:-1\" \/>\n<link rel=\"canonical\" href=\"https:\/\/rtt.ee\/ru\/toode\/kulumaterjalid-ru\/evolis-badgy-varviline-trukilint\/\" \/>\n<meta property=\"og:locale\" content=\"ru_RU\" \/>\n<meta property=\"og:type\" content=\"article\" \/>\n<meta property=\"og:title\" content=\"Tr\u00fckilint Evolis Badgy v\u00e4rviline (100 tr\u00fckki) CBGR0100C - RTT\" \/>\n<meta property=\"og:description\" content=\"Evolis Badgy v\u00e4rviline tr\u00fckilint.\" \/>\n<meta property=\"og:url\" content=\"https:\/\/rtt.ee\/ru\/toode\/kulumaterjalid-ru\/evolis-badgy-varviline-trukilint\/\" \/>\n<meta property=\"og:site_name\" content=\"RTT\" \/>\n<meta property=\"article:modified_time\" content=\"2026-04-02T08:27:35+00:00\" \/>\n<meta property=\"og:image\" content=\"https:\/\/rtt.ee\/wp-content\/uploads\/2022\/10\/Evolis-CBGR0100C.jpg\" \/>\n\t<meta property=\"og:image:width\" content=\"419\" \/>\n\t<meta property=\"og:image:height\" content=\"303\" \/>\n\t<meta property=\"og:image:type\" content=\"image\/jpeg\" \/>\n<meta name=\"twitter:card\" content=\"summary_large_image\" \/>\n<script type=\"application\/ld+json\" class=\"yoast-schema-graph\">{\"@context\":\"https:\/\/schema.org\",\"@graph\":[{\"@type\":\"WebPage\",\"@id\":\"https:\/\/rtt.ee\/ru\/toode\/kulumaterjalid-ru\/evolis-badgy-varviline-trukilint\/\",\"url\":\"https:\/\/rtt.ee\/ru\/toode\/kulumaterjalid-ru\/evolis-badgy-varviline-trukilint\/\",\"name\":\"Tr\u00fckilint Evolis Badgy v\u00e4rviline (100 tr\u00fckki) CBGR0100C - RTT\",\"isPartOf\":{\"@id\":\"https:\/\/rtt.ee\/en\/#website\"},\"primaryImageOfPage\":{\"@id\":\"https:\/\/rtt.ee\/ru\/toode\/kulumaterjalid-ru\/evolis-badgy-varviline-trukilint\/#primaryimage\"},\"image\":{\"@id\":\"https:\/\/rtt.ee\/ru\/toode\/kulumaterjalid-ru\/evolis-badgy-varviline-trukilint\/#primaryimage\"},\"thumbnailUrl\":\"https:\/\/rtt.ee\/wp-content\/uploads\/2022\/10\/Evolis-CBGR0100C.jpg\",\"datePublished\":\"2022-10-07T12:19:06+00:00\",\"dateModified\":\"2026-04-02T08:27:35+00:00\",\"description\":\"Evolis Badgy v\u00e4rviline tr\u00fckilint.\",\"breadcrumb\":{\"@id\":\"https:\/\/rtt.ee\/ru\/toode\/kulumaterjalid-ru\/evolis-badgy-varviline-trukilint\/#breadcrumb\"},\"inLanguage\":\"ru-RU\",\"potentialAction\":[{\"@type\":\"ReadAction\",\"target\":[\"https:\/\/rtt.ee\/ru\/toode\/kulumaterjalid-ru\/evolis-badgy-varviline-trukilint\/\"]}]},{\"@type\":\"ImageObject\",\"inLanguage\":\"ru-RU\",\"@id\":\"https:\/\/rtt.ee\/ru\/toode\/kulumaterjalid-ru\/evolis-badgy-varviline-trukilint\/#primaryimage\",\"url\":\"https:\/\/rtt.ee\/wp-content\/uploads\/2022\/10\/Evolis-CBGR0100C.jpg\",\"contentUrl\":\"https:\/\/rtt.ee\/wp-content\/uploads\/2022\/10\/Evolis-CBGR0100C.jpg\",\"width\":419,\"height\":303},{\"@type\":\"BreadcrumbList\",\"@id\":\"https:\/\/rtt.ee\/ru\/toode\/kulumaterjalid-ru\/evolis-badgy-varviline-trukilint\/#breadcrumb\",\"itemListElement\":[{\"@type\":\"ListItem\",\"position\":1,\"name\":\"\u0413\u043b\u0430\u0432\u043d\u0430\u044f\",\"item\":\"https:\/\/rtt.ee\/ru\/\"},{\"@type\":\"ListItem\",\"position\":2,\"name\":\"Magazin\",\"item\":\"https:\/\/rtt.ee\/ru\/pood\/\"},{\"@type\":\"ListItem\",\"position\":3,\"name\":\"Kulumaterjalid\",\"item\":\"https:\/\/rtt.ee\/tootekategooria\/kulumaterjalid\/\"},{\"@type\":\"ListItem\",\"position\":4,\"name\":\"Kaardiprinterite kulumaterjalid\",\"item\":\"https:\/\/rtt.ee\/tootekategooria\/kulumaterjalid\/kaardiprinterite-kulumaterjalid\/\"},{\"@type\":\"ListItem\",\"position\":5,\"name\":\"Tr\u00fckilint Evolis Badgy v\u00e4rviline (100 tr\u00fckki) CBGR0100C\"}]},{\"@type\":\"WebSite\",\"@id\":\"https:\/\/rtt.ee\/en\/#website\",\"url\":\"https:\/\/rtt.ee\/en\/\",\"name\":\"RTT\",\"description\":\"Kassaaparaadid ja kontorikaubad\",\"potentialAction\":[{\"@type\":\"SearchAction\",\"target\":{\"@type\":\"EntryPoint\",\"urlTemplate\":\"https:\/\/rtt.ee\/en\/?s={search_term_string}\"},\"query-input\":{\"@type\":\"PropertyValueSpecification\",\"valueRequired\":true,\"valueName\":\"search_term_string\"}}],\"inLanguage\":\"ru-RU\"}]}<\/script>\n<!-- \/ Yoast SEO plugin. -->","yoast_head_json":{"title":"Tr\u00fckilint Evolis Badgy v\u00e4rviline (100 tr\u00fckki) CBGR0100C - RTT","description":"Evolis Badgy v\u00e4rviline tr\u00fckilint.","robots":{"index":"index","follow":"follow","max-snippet":"max-snippet:-1","max-image-preview":"max-image-preview:large","max-video-preview":"max-video-preview:-1"},"canonical":"https:\/\/rtt.ee\/ru\/toode\/kulumaterjalid-ru\/evolis-badgy-varviline-trukilint\/","og_locale":"ru_RU","og_type":"article","og_title":"Tr\u00fckilint Evolis Badgy v\u00e4rviline (100 tr\u00fckki) CBGR0100C - RTT","og_description":"Evolis Badgy v\u00e4rviline tr\u00fckilint.","og_url":"https:\/\/rtt.ee\/ru\/toode\/kulumaterjalid-ru\/evolis-badgy-varviline-trukilint\/","og_site_name":"RTT","article_modified_time":"2026-04-02T08:27:35+00:00","og_image":[{"width":419,"height":303,"url":"https:\/\/rtt.ee\/wp-content\/uploads\/2022\/10\/Evolis-CBGR0100C.jpg","type":"image\/jpeg"}],"twitter_card":"summary_large_image","schema":{"@context":"https:\/\/schema.org","@graph":[{"@type":"WebPage","@id":"https:\/\/rtt.ee\/ru\/toode\/kulumaterjalid-ru\/evolis-badgy-varviline-trukilint\/","url":"https:\/\/rtt.ee\/ru\/toode\/kulumaterjalid-ru\/evolis-badgy-varviline-trukilint\/","name":"Tr\u00fckilint Evolis Badgy v\u00e4rviline (100 tr\u00fckki) CBGR0100C - RTT","isPartOf":{"@id":"https:\/\/rtt.ee\/en\/#website"},"primaryImageOfPage":{"@id":"https:\/\/rtt.ee\/ru\/toode\/kulumaterjalid-ru\/evolis-badgy-varviline-trukilint\/#primaryimage"},"image":{"@id":"https:\/\/rtt.ee\/ru\/toode\/kulumaterjalid-ru\/evolis-badgy-varviline-trukilint\/#primaryimage"},"thumbnailUrl":"https:\/\/rtt.ee\/wp-content\/uploads\/2022\/10\/Evolis-CBGR0100C.jpg","datePublished":"2022-10-07T12:19:06+00:00","dateModified":"2026-04-02T08:27:35+00:00","description":"Evolis Badgy v\u00e4rviline tr\u00fckilint.","breadcrumb":{"@id":"https:\/\/rtt.ee\/ru\/toode\/kulumaterjalid-ru\/evolis-badgy-varviline-trukilint\/#breadcrumb"},"inLanguage":"ru-RU","potentialAction":[{"@type":"ReadAction","target":["https:\/\/rtt.ee\/ru\/toode\/kulumaterjalid-ru\/evolis-badgy-varviline-trukilint\/"]}]},{"@type":"ImageObject","inLanguage":"ru-RU","@id":"https:\/\/rtt.ee\/ru\/toode\/kulumaterjalid-ru\/evolis-badgy-varviline-trukilint\/#primaryimage","url":"https:\/\/rtt.ee\/wp-content\/uploads\/2022\/10\/Evolis-CBGR0100C.jpg","contentUrl":"https:\/\/rtt.ee\/wp-content\/uploads\/2022\/10\/Evolis-CBGR0100C.jpg","width":419,"height":303},{"@type":"BreadcrumbList","@id":"https:\/\/rtt.ee\/ru\/toode\/kulumaterjalid-ru\/evolis-badgy-varviline-trukilint\/#breadcrumb","itemListElement":[{"@type":"ListItem","position":1,"name":"\u0413\u043b\u0430\u0432\u043d\u0430\u044f","item":"https:\/\/rtt.ee\/ru\/"},{"@type":"ListItem","position":2,"name":"Magazin","item":"https:\/\/rtt.ee\/ru\/pood\/"},{"@type":"ListItem","position":3,"name":"Kulumaterjalid","item":"https:\/\/rtt.ee\/tootekategooria\/kulumaterjalid\/"},{"@type":"ListItem","position":4,"name":"Kaardiprinterite kulumaterjalid","item":"https:\/\/rtt.ee\/tootekategooria\/kulumaterjalid\/kaardiprinterite-kulumaterjalid\/"},{"@type":"ListItem","position":5,"name":"Tr\u00fckilint Evolis Badgy v\u00e4rviline (100 tr\u00fckki) CBGR0100C"}]},{"@type":"WebSite","@id":"https:\/\/rtt.ee\/en\/#website","url":"https:\/\/rtt.ee\/en\/","name":"RTT","description":"Kassaaparaadid ja kontorikaubad","potentialAction":[{"@type":"SearchAction","target":{"@type":"EntryPoint","urlTemplate":"https:\/\/rtt.ee\/en\/?s={search_term_string}"},"query-input":{"@type":"PropertyValueSpecification","valueRequired":true,"valueName":"search_term_string"}}],"inLanguage":"ru-RU"}]}},"_links":{"self":[{"href":"https:\/\/rtt.ee\/ru\/wp-json\/wp\/v2\/product\/8915","targetHints":{"allow":["GET"]}}],"collection":[{"href":"https:\/\/rtt.ee\/ru\/wp-json\/wp\/v2\/product"}],"about":[{"href":"https:\/\/rtt.ee\/ru\/wp-json\/wp\/v2\/types\/product"}],"wp:featuredmedia":[{"embeddable":true,"href":"https:\/\/rtt.ee\/ru\/wp-json\/wp\/v2\/media\/16073"}],"wp:attachment":[{"href":"https:\/\/rtt.ee\/ru\/wp-json\/wp\/v2\/media?parent=8915"}],"wp:term":[{"taxonomy":"product_brand","embeddable":true,"href":"https:\/\/rtt.ee\/ru\/wp-json\/wp\/v2\/product_brand?post=8915"},{"taxonomy":"product_cat","embeddable":true,"href":"https:\/\/rtt.ee\/ru\/wp-json\/wp\/v2\/product_cat?post=8915"},{"taxonomy":"product_tag","embeddable":true,"href":"https:\/\/rtt.ee\/ru\/wp-json\/wp\/v2\/product_tag?post=8915"}],"curies":[{"name":"wp","href":"https:\/\/api.w.org\/{rel}","templated":true}]}}