{"id":8835,"date":"2022-10-06T11:01:25","date_gmt":"2022-10-06T08:01:25","guid":{"rendered":"https:\/\/rtt.ee\/?post_type=product&#038;p=8835"},"modified":"2026-03-20T11:32:17","modified_gmt":"2026-03-20T09:32:17","slug":"evolis-badgy-200","status":"publish","type":"product","link":"https:\/\/rtt.ee\/ru\/toode\/printerid-ru\/kaardiprinter-ru\/evolis-badgy-200\/","title":{"rendered":"Kaardiprinter Evolis BADGY 200"},"content":{"rendered":"<p>Printimiskiirus: 325 kaarti\/ h (must-valge tr\u00fckk)<\/p>\n<p>Printimiskiirus: 95 kaarti\/ h (v\u00e4rviline tr\u00fckk)<\/p>\n<p>S\u00f6\u00f6turi mahutavus: 25 kaarti<\/p>\n<p>Resolutsioon: 260 x 300 dpi<\/p>\n<p>\u00dchepoolne tr\u00fckk<\/p>\n<p>USB \u00fchendus<\/p>\n<p>Komplektis: ID All Starter<\/p>\n<p>Lisainfo:\u00a0<a href=\"https:\/\/www.evolis.com\/solutions\/card-printers\/badgy200-card-printer\/\" target=\"_blank\" rel=\"noopener\">Tehniline kirjeldus inglise keeles<\/a><\/p>\n<p>Tel: +372 6 112 256<\/p>\n<p>GSM: +372 5 014 470<\/p>\n<p>&nbsp;<\/p>\n","protected":false},"excerpt":{"rendered":"<p>Printimiskiirus: 325 kaarti\/ h (must-valge tr\u00fckk) Printimiskiirus: 95 kaarti\/ h (v\u00e4rviline tr\u00fckk) S\u00f6\u00f6turi mahutavus: 25 kaarti Resolutsioon: 260 x 300 dpi \u00dchepoolne tr\u00fckk USB \u00fchendus Komplektis: ID All Starter Lisainfo:\u00a0Tehniline kirjeldus inglise keeles Tel: +372 6 112 256 GSM: +372 5 014 470 &nbsp;<\/p>\n","protected":false},"featured_media":17456,"template":"","meta":{"_acf_changed":false},"product_brand":[410],"product_cat":[262],"product_tag":[],"class_list":{"0":"post-8835","1":"product","2":"type-product","3":"status-publish","4":"has-post-thumbnail","6":"product_brand-evolis","7":"product_cat-kaardiprinter-ru","8":"product_brands-evolis-ru","10":"first","11":"instock","12":"taxable","13":"shipping-taxable","14":"purchasable","15":"product-type-simple"},"acf":[],"yoast_head":"<!-- This site is optimized with the Yoast SEO plugin v26.2 - https:\/\/yoast.com\/wordpress\/plugins\/seo\/ -->\n<title>Kaardiprinter Evolis BADGY 200 - Ideaalne lahendus professionaalsete ID-Kaartide tr\u00fckkimiseks<\/title>\n<meta name=\"description\" content=\"Avasta Evolis Badgy 200 - kompaktne ja kasutajas\u00f5bralik ID-kaardi printer, mis on ideaalne v\u00e4ikestele ja keskmise suurusega organisatsioonidele. Tootke kiiresti ja lihtsalt professionaalse v\u00e4limusega plastikkaarte oma ettev\u00f5ttele, koolile v\u00f5i klubile.\" \/>\n<meta name=\"robots\" content=\"index, follow, max-snippet:-1, max-image-preview:large, max-video-preview:-1\" \/>\n<link rel=\"canonical\" href=\"https:\/\/rtt.ee\/ru\/toode\/printerid-ru\/kaardiprinter-ru\/evolis-badgy-200\/\" \/>\n<meta property=\"og:locale\" content=\"ru_RU\" \/>\n<meta property=\"og:type\" content=\"article\" \/>\n<meta property=\"og:title\" content=\"Kaardiprinter Evolis BADGY 200 - Ideaalne lahendus professionaalsete ID-Kaartide tr\u00fckkimiseks\" \/>\n<meta property=\"og:description\" content=\"Avasta Evolis Badgy 200 - kompaktne ja kasutajas\u00f5bralik ID-kaardi printer, mis on ideaalne v\u00e4ikestele ja keskmise suurusega organisatsioonidele. Tootke kiiresti ja lihtsalt professionaalse v\u00e4limusega plastikkaarte oma ettev\u00f5ttele, koolile v\u00f5i klubile.\" \/>\n<meta property=\"og:url\" content=\"https:\/\/rtt.ee\/ru\/toode\/printerid-ru\/kaardiprinter-ru\/evolis-badgy-200\/\" \/>\n<meta property=\"og:site_name\" content=\"RTT\" \/>\n<meta property=\"article:modified_time\" content=\"2026-03-20T09:32:17+00:00\" \/>\n<meta property=\"og:image\" content=\"https:\/\/rtt.ee\/wp-content\/uploads\/2022\/10\/Badgy-e1773999133540.jpg\" \/>\n\t<meta property=\"og:image:width\" content=\"1000\" \/>\n\t<meta property=\"og:image:height\" content=\"831\" \/>\n\t<meta property=\"og:image:type\" content=\"image\/jpeg\" \/>\n<meta name=\"twitter:card\" content=\"summary_large_image\" \/>\n<script type=\"application\/ld+json\" class=\"yoast-schema-graph\">{\"@context\":\"https:\/\/schema.org\",\"@graph\":[{\"@type\":\"WebPage\",\"@id\":\"https:\/\/rtt.ee\/ru\/toode\/printerid-ru\/kaardiprinter-ru\/evolis-badgy-200\/\",\"url\":\"https:\/\/rtt.ee\/ru\/toode\/printerid-ru\/kaardiprinter-ru\/evolis-badgy-200\/\",\"name\":\"Kaardiprinter Evolis BADGY 200 - Ideaalne lahendus professionaalsete ID-Kaartide tr\u00fckkimiseks\",\"isPartOf\":{\"@id\":\"https:\/\/rtt.ee\/en\/#website\"},\"primaryImageOfPage\":{\"@id\":\"https:\/\/rtt.ee\/ru\/toode\/printerid-ru\/kaardiprinter-ru\/evolis-badgy-200\/#primaryimage\"},\"image\":{\"@id\":\"https:\/\/rtt.ee\/ru\/toode\/printerid-ru\/kaardiprinter-ru\/evolis-badgy-200\/#primaryimage\"},\"thumbnailUrl\":\"https:\/\/rtt.ee\/wp-content\/uploads\/2022\/10\/Badgy-e1773999133540.jpg\",\"datePublished\":\"2022-10-06T08:01:25+00:00\",\"dateModified\":\"2026-03-20T09:32:17+00:00\",\"description\":\"Avasta Evolis Badgy 200 - kompaktne ja kasutajas\u00f5bralik ID-kaardi printer, mis on ideaalne v\u00e4ikestele ja keskmise suurusega organisatsioonidele. Tootke kiiresti ja lihtsalt professionaalse v\u00e4limusega plastikkaarte oma ettev\u00f5ttele, koolile v\u00f5i klubile.\",\"breadcrumb\":{\"@id\":\"https:\/\/rtt.ee\/ru\/toode\/printerid-ru\/kaardiprinter-ru\/evolis-badgy-200\/#breadcrumb\"},\"inLanguage\":\"ru-RU\",\"potentialAction\":[{\"@type\":\"ReadAction\",\"target\":[\"https:\/\/rtt.ee\/ru\/toode\/printerid-ru\/kaardiprinter-ru\/evolis-badgy-200\/\"]}]},{\"@type\":\"ImageObject\",\"inLanguage\":\"ru-RU\",\"@id\":\"https:\/\/rtt.ee\/ru\/toode\/printerid-ru\/kaardiprinter-ru\/evolis-badgy-200\/#primaryimage\",\"url\":\"https:\/\/rtt.ee\/wp-content\/uploads\/2022\/10\/Badgy-e1773999133540.jpg\",\"contentUrl\":\"https:\/\/rtt.ee\/wp-content\/uploads\/2022\/10\/Badgy-e1773999133540.jpg\",\"width\":1000,\"height\":831},{\"@type\":\"BreadcrumbList\",\"@id\":\"https:\/\/rtt.ee\/ru\/toode\/printerid-ru\/kaardiprinter-ru\/evolis-badgy-200\/#breadcrumb\",\"itemListElement\":[{\"@type\":\"ListItem\",\"position\":1,\"name\":\"\u0413\u043b\u0430\u0432\u043d\u0430\u044f\",\"item\":\"https:\/\/rtt.ee\/ru\/\"},{\"@type\":\"ListItem\",\"position\":2,\"name\":\"Magazin\",\"item\":\"https:\/\/rtt.ee\/ru\/pood\/\"},{\"@type\":\"ListItem\",\"position\":3,\"name\":\"Printerid\",\"item\":\"https:\/\/rtt.ee\/tootekategooria\/printerid\/\"},{\"@type\":\"ListItem\",\"position\":4,\"name\":\"Kaardiprinter\",\"item\":\"https:\/\/rtt.ee\/tootekategooria\/printerid\/kaardiprinter\/\"},{\"@type\":\"ListItem\",\"position\":5,\"name\":\"Kaardiprinter Evolis BADGY 200\"}]},{\"@type\":\"WebSite\",\"@id\":\"https:\/\/rtt.ee\/en\/#website\",\"url\":\"https:\/\/rtt.ee\/en\/\",\"name\":\"RTT\",\"description\":\"Kassaaparaadid ja kontorikaubad\",\"potentialAction\":[{\"@type\":\"SearchAction\",\"target\":{\"@type\":\"EntryPoint\",\"urlTemplate\":\"https:\/\/rtt.ee\/en\/?s={search_term_string}\"},\"query-input\":{\"@type\":\"PropertyValueSpecification\",\"valueRequired\":true,\"valueName\":\"search_term_string\"}}],\"inLanguage\":\"ru-RU\"}]}<\/script>\n<!-- \/ Yoast SEO plugin. -->","yoast_head_json":{"title":"Kaardiprinter Evolis BADGY 200 - Ideaalne lahendus professionaalsete ID-Kaartide tr\u00fckkimiseks","description":"Avasta Evolis Badgy 200 - kompaktne ja kasutajas\u00f5bralik ID-kaardi printer, mis on ideaalne v\u00e4ikestele ja keskmise suurusega organisatsioonidele. Tootke kiiresti ja lihtsalt professionaalse v\u00e4limusega plastikkaarte oma ettev\u00f5ttele, koolile v\u00f5i klubile.","robots":{"index":"index","follow":"follow","max-snippet":"max-snippet:-1","max-image-preview":"max-image-preview:large","max-video-preview":"max-video-preview:-1"},"canonical":"https:\/\/rtt.ee\/ru\/toode\/printerid-ru\/kaardiprinter-ru\/evolis-badgy-200\/","og_locale":"ru_RU","og_type":"article","og_title":"Kaardiprinter Evolis BADGY 200 - Ideaalne lahendus professionaalsete ID-Kaartide tr\u00fckkimiseks","og_description":"Avasta Evolis Badgy 200 - kompaktne ja kasutajas\u00f5bralik ID-kaardi printer, mis on ideaalne v\u00e4ikestele ja keskmise suurusega organisatsioonidele. Tootke kiiresti ja lihtsalt professionaalse v\u00e4limusega plastikkaarte oma ettev\u00f5ttele, koolile v\u00f5i klubile.","og_url":"https:\/\/rtt.ee\/ru\/toode\/printerid-ru\/kaardiprinter-ru\/evolis-badgy-200\/","og_site_name":"RTT","article_modified_time":"2026-03-20T09:32:17+00:00","og_image":[{"width":1000,"height":831,"url":"https:\/\/rtt.ee\/wp-content\/uploads\/2022\/10\/Badgy-e1773999133540.jpg","type":"image\/jpeg"}],"twitter_card":"summary_large_image","schema":{"@context":"https:\/\/schema.org","@graph":[{"@type":"WebPage","@id":"https:\/\/rtt.ee\/ru\/toode\/printerid-ru\/kaardiprinter-ru\/evolis-badgy-200\/","url":"https:\/\/rtt.ee\/ru\/toode\/printerid-ru\/kaardiprinter-ru\/evolis-badgy-200\/","name":"Kaardiprinter Evolis BADGY 200 - Ideaalne lahendus professionaalsete ID-Kaartide tr\u00fckkimiseks","isPartOf":{"@id":"https:\/\/rtt.ee\/en\/#website"},"primaryImageOfPage":{"@id":"https:\/\/rtt.ee\/ru\/toode\/printerid-ru\/kaardiprinter-ru\/evolis-badgy-200\/#primaryimage"},"image":{"@id":"https:\/\/rtt.ee\/ru\/toode\/printerid-ru\/kaardiprinter-ru\/evolis-badgy-200\/#primaryimage"},"thumbnailUrl":"https:\/\/rtt.ee\/wp-content\/uploads\/2022\/10\/Badgy-e1773999133540.jpg","datePublished":"2022-10-06T08:01:25+00:00","dateModified":"2026-03-20T09:32:17+00:00","description":"Avasta Evolis Badgy 200 - kompaktne ja kasutajas\u00f5bralik ID-kaardi printer, mis on ideaalne v\u00e4ikestele ja keskmise suurusega organisatsioonidele. Tootke kiiresti ja lihtsalt professionaalse v\u00e4limusega plastikkaarte oma ettev\u00f5ttele, koolile v\u00f5i klubile.","breadcrumb":{"@id":"https:\/\/rtt.ee\/ru\/toode\/printerid-ru\/kaardiprinter-ru\/evolis-badgy-200\/#breadcrumb"},"inLanguage":"ru-RU","potentialAction":[{"@type":"ReadAction","target":["https:\/\/rtt.ee\/ru\/toode\/printerid-ru\/kaardiprinter-ru\/evolis-badgy-200\/"]}]},{"@type":"ImageObject","inLanguage":"ru-RU","@id":"https:\/\/rtt.ee\/ru\/toode\/printerid-ru\/kaardiprinter-ru\/evolis-badgy-200\/#primaryimage","url":"https:\/\/rtt.ee\/wp-content\/uploads\/2022\/10\/Badgy-e1773999133540.jpg","contentUrl":"https:\/\/rtt.ee\/wp-content\/uploads\/2022\/10\/Badgy-e1773999133540.jpg","width":1000,"height":831},{"@type":"BreadcrumbList","@id":"https:\/\/rtt.ee\/ru\/toode\/printerid-ru\/kaardiprinter-ru\/evolis-badgy-200\/#breadcrumb","itemListElement":[{"@type":"ListItem","position":1,"name":"\u0413\u043b\u0430\u0432\u043d\u0430\u044f","item":"https:\/\/rtt.ee\/ru\/"},{"@type":"ListItem","position":2,"name":"Magazin","item":"https:\/\/rtt.ee\/ru\/pood\/"},{"@type":"ListItem","position":3,"name":"Printerid","item":"https:\/\/rtt.ee\/tootekategooria\/printerid\/"},{"@type":"ListItem","position":4,"name":"Kaardiprinter","item":"https:\/\/rtt.ee\/tootekategooria\/printerid\/kaardiprinter\/"},{"@type":"ListItem","position":5,"name":"Kaardiprinter Evolis BADGY 200"}]},{"@type":"WebSite","@id":"https:\/\/rtt.ee\/en\/#website","url":"https:\/\/rtt.ee\/en\/","name":"RTT","description":"Kassaaparaadid ja kontorikaubad","potentialAction":[{"@type":"SearchAction","target":{"@type":"EntryPoint","urlTemplate":"https:\/\/rtt.ee\/en\/?s={search_term_string}"},"query-input":{"@type":"PropertyValueSpecification","valueRequired":true,"valueName":"search_term_string"}}],"inLanguage":"ru-RU"}]}},"_links":{"self":[{"href":"https:\/\/rtt.ee\/ru\/wp-json\/wp\/v2\/product\/8835","targetHints":{"allow":["GET"]}}],"collection":[{"href":"https:\/\/rtt.ee\/ru\/wp-json\/wp\/v2\/product"}],"about":[{"href":"https:\/\/rtt.ee\/ru\/wp-json\/wp\/v2\/types\/product"}],"wp:featuredmedia":[{"embeddable":true,"href":"https:\/\/rtt.ee\/ru\/wp-json\/wp\/v2\/media\/17456"}],"wp:attachment":[{"href":"https:\/\/rtt.ee\/ru\/wp-json\/wp\/v2\/media?parent=8835"}],"wp:term":[{"taxonomy":"product_brand","embeddable":true,"href":"https:\/\/rtt.ee\/ru\/wp-json\/wp\/v2\/product_brand?post=8835"},{"taxonomy":"product_cat","embeddable":true,"href":"https:\/\/rtt.ee\/ru\/wp-json\/wp\/v2\/product_cat?post=8835"},{"taxonomy":"product_tag","embeddable":true,"href":"https:\/\/rtt.ee\/ru\/wp-json\/wp\/v2\/product_tag?post=8835"}],"curies":[{"name":"wp","href":"https:\/\/api.w.org\/{rel}","templated":true}]}}