{"id":8755,"date":"2022-09-22T10:02:51","date_gmt":"2022-09-22T07:02:51","guid":{"rendered":"https:\/\/rtt.ee\/?post_type=product&#038;p=8755"},"modified":"2026-04-08T10:32:21","modified_gmt":"2026-04-08T07:32:21","slug":"kasutatud-xerox-phaser-6510","status":"publish","type":"product","link":"https:\/\/rtt.ee\/ru\/toode\/a4-kasutatud-koopiamasinad-ru\/kasutatud-xerox-phaser-6510\/","title":{"rendered":"Kasutatud Xerox Phaser 6510 v\u00e4rviline A4 laserprinter"},"content":{"rendered":"<p>Tr\u00fckikiirus: kuni 28 ppm (must-valge); 28 lk\/min (v\u00e4rviline)<\/p>\n<p>Soovitatav koormus kuus: kuni 3000 lehte\/kuus<\/p>\n<p>Maksimaalne prindieraldusv\u00f5ime: Kuni 1200 x 2400 dpi<\/p>\n<p>PDL: Adobe\u00ae PostScript\u00ae 3\u2122 PCL\u00ae 5e, 6 PDF TIFF<\/p>\n<p>\u00dchendused: USB 3.0, LAN<\/p>\n<p>Op. s\u00fcsteemid: Windows\u00ae, 10, 11; Server 2000, Server 2003, Server 2008, Server 2008 R2, Server 2012; Mac OS\u00ae version 10.10 ja hilisemad<\/p>\n<p><strong><span style=\"color: #ff0000\">Tehtud v\u00e4ljatr\u00fckke: must-valge 1164 lehte, v\u00e4rviline 846 lehte<\/span><\/strong><\/p>\n<p><strong>Kasutatud seadme garantii 6 kuud!<\/strong><\/p>\n<p>Lisainfo:<\/p>\n<p>Tel: +372 6 112 256<br \/>\nGSM: +372 5 014 470<\/p>\n","protected":false},"excerpt":{"rendered":"<p>Tr\u00fckikiirus: kuni 28 ppm (must-valge); 28 lk\/min (v\u00e4rviline) Soovitatav koormus kuus: kuni 3000 lehte\/kuus Maksimaalne prindieraldusv\u00f5ime: Kuni 1200 x 2400 dpi PDL: Adobe\u00ae PostScript\u00ae 3\u2122 PCL\u00ae 5e, 6 PDF TIFF \u00dchendused: USB 3.0, LAN Op. s\u00fcsteemid: Windows\u00ae, 10, 11; Server 2000, Server 2003, Server 2008, Server 2008 R2, Server 2012; Mac OS\u00ae version 10.10 ja [&hellip;]<\/p>\n","protected":false},"featured_media":8758,"template":"","meta":{"_acf_changed":false},"product_brand":[],"product_cat":[340],"product_tag":[],"class_list":{"0":"post-8755","1":"product","2":"type-product","3":"status-publish","4":"has-post-thumbnail","6":"product_cat-a4-kasutatud-koopiamasinad-ru","7":"product_brands-xerox-ru","9":"first","10":"instock","11":"taxable","12":"shipping-taxable","13":"purchasable","14":"product-type-simple"},"acf":[],"yoast_head":"<!-- This site is optimized with the Yoast SEO plugin v26.2 - https:\/\/yoast.com\/wordpress\/plugins\/seo\/ -->\n<title>Kasutatud Xerox Phaser 6510 v\u00e4rviline A4 laserprinter - RTT<\/title>\n<meta name=\"description\" content=\"Xerox v\u00e4rviline A4 printer on usaldusv\u00e4\u00e4rne ja kiire tr\u00fckiga. A4 printer sobib igap\u00e4evaseks printimiseks.\" \/>\n<meta name=\"robots\" content=\"index, follow, max-snippet:-1, max-image-preview:large, max-video-preview:-1\" \/>\n<link rel=\"canonical\" href=\"https:\/\/rtt.ee\/ru\/toode\/a4-kasutatud-koopiamasinad-ru\/kasutatud-xerox-phaser-6510\/\" \/>\n<meta property=\"og:locale\" content=\"ru_RU\" \/>\n<meta property=\"og:type\" content=\"article\" \/>\n<meta property=\"og:title\" content=\"Kasutatud Xerox Phaser 6510 v\u00e4rviline A4 laserprinter - RTT\" \/>\n<meta property=\"og:description\" content=\"Xerox v\u00e4rviline A4 printer on usaldusv\u00e4\u00e4rne ja kiire tr\u00fckiga. A4 printer sobib igap\u00e4evaseks printimiseks.\" \/>\n<meta property=\"og:url\" content=\"https:\/\/rtt.ee\/ru\/toode\/a4-kasutatud-koopiamasinad-ru\/kasutatud-xerox-phaser-6510\/\" \/>\n<meta property=\"og:site_name\" content=\"RTT\" \/>\n<meta property=\"article:modified_time\" content=\"2026-04-08T07:32:21+00:00\" \/>\n<meta property=\"og:image\" content=\"https:\/\/rtt.ee\/wp-content\/uploads\/2022\/09\/6510V_N_FRONT_1408x1220.jpg\" \/>\n\t<meta property=\"og:image:width\" content=\"1408\" \/>\n\t<meta property=\"og:image:height\" content=\"1220\" \/>\n\t<meta property=\"og:image:type\" content=\"image\/jpeg\" \/>\n<meta name=\"twitter:card\" content=\"summary_large_image\" \/>\n<script type=\"application\/ld+json\" class=\"yoast-schema-graph\">{\"@context\":\"https:\/\/schema.org\",\"@graph\":[{\"@type\":\"WebPage\",\"@id\":\"https:\/\/rtt.ee\/ru\/toode\/a4-kasutatud-koopiamasinad-ru\/kasutatud-xerox-phaser-6510\/\",\"url\":\"https:\/\/rtt.ee\/ru\/toode\/a4-kasutatud-koopiamasinad-ru\/kasutatud-xerox-phaser-6510\/\",\"name\":\"Kasutatud Xerox Phaser 6510 v\u00e4rviline A4 laserprinter - RTT\",\"isPartOf\":{\"@id\":\"https:\/\/rtt.ee\/en\/#website\"},\"primaryImageOfPage\":{\"@id\":\"https:\/\/rtt.ee\/ru\/toode\/a4-kasutatud-koopiamasinad-ru\/kasutatud-xerox-phaser-6510\/#primaryimage\"},\"image\":{\"@id\":\"https:\/\/rtt.ee\/ru\/toode\/a4-kasutatud-koopiamasinad-ru\/kasutatud-xerox-phaser-6510\/#primaryimage\"},\"thumbnailUrl\":\"https:\/\/rtt.ee\/wp-content\/uploads\/2022\/09\/6510V_N_FRONT_1408x1220.jpg\",\"datePublished\":\"2022-09-22T07:02:51+00:00\",\"dateModified\":\"2026-04-08T07:32:21+00:00\",\"description\":\"Xerox v\u00e4rviline A4 printer on usaldusv\u00e4\u00e4rne ja kiire tr\u00fckiga. A4 printer sobib igap\u00e4evaseks printimiseks.\",\"breadcrumb\":{\"@id\":\"https:\/\/rtt.ee\/ru\/toode\/a4-kasutatud-koopiamasinad-ru\/kasutatud-xerox-phaser-6510\/#breadcrumb\"},\"inLanguage\":\"ru-RU\",\"potentialAction\":[{\"@type\":\"ReadAction\",\"target\":[\"https:\/\/rtt.ee\/ru\/toode\/a4-kasutatud-koopiamasinad-ru\/kasutatud-xerox-phaser-6510\/\"]}]},{\"@type\":\"ImageObject\",\"inLanguage\":\"ru-RU\",\"@id\":\"https:\/\/rtt.ee\/ru\/toode\/a4-kasutatud-koopiamasinad-ru\/kasutatud-xerox-phaser-6510\/#primaryimage\",\"url\":\"https:\/\/rtt.ee\/wp-content\/uploads\/2022\/09\/6510V_N_FRONT_1408x1220.jpg\",\"contentUrl\":\"https:\/\/rtt.ee\/wp-content\/uploads\/2022\/09\/6510V_N_FRONT_1408x1220.jpg\",\"width\":1408,\"height\":1220},{\"@type\":\"BreadcrumbList\",\"@id\":\"https:\/\/rtt.ee\/ru\/toode\/a4-kasutatud-koopiamasinad-ru\/kasutatud-xerox-phaser-6510\/#breadcrumb\",\"itemListElement\":[{\"@type\":\"ListItem\",\"position\":1,\"name\":\"\u0413\u043b\u0430\u0432\u043d\u0430\u044f\",\"item\":\"https:\/\/rtt.ee\/ru\/\"},{\"@type\":\"ListItem\",\"position\":2,\"name\":\"Magazin\",\"item\":\"https:\/\/rtt.ee\/ru\/pood\/\"},{\"@type\":\"ListItem\",\"position\":3,\"name\":\"Koopiamasinad\",\"item\":\"https:\/\/rtt.ee\/tootekategooria\/koopiamasinad\/\"},{\"@type\":\"ListItem\",\"position\":4,\"name\":\"Kasutatud koopiamasinad ja printerid\",\"item\":\"https:\/\/rtt.ee\/tootekategooria\/koopiamasinad\/kasutatud-koopiamasinad\/\"},{\"@type\":\"ListItem\",\"position\":5,\"name\":\"Kasutatud Xerox Phaser 6510 v\u00e4rviline A4 laserprinter\"}]},{\"@type\":\"WebSite\",\"@id\":\"https:\/\/rtt.ee\/en\/#website\",\"url\":\"https:\/\/rtt.ee\/en\/\",\"name\":\"RTT\",\"description\":\"Kassaaparaadid ja kontorikaubad\",\"potentialAction\":[{\"@type\":\"SearchAction\",\"target\":{\"@type\":\"EntryPoint\",\"urlTemplate\":\"https:\/\/rtt.ee\/en\/?s={search_term_string}\"},\"query-input\":{\"@type\":\"PropertyValueSpecification\",\"valueRequired\":true,\"valueName\":\"search_term_string\"}}],\"inLanguage\":\"ru-RU\"}]}<\/script>\n<!-- \/ Yoast SEO plugin. -->","yoast_head_json":{"title":"Kasutatud Xerox Phaser 6510 v\u00e4rviline A4 laserprinter - RTT","description":"Xerox v\u00e4rviline A4 printer on usaldusv\u00e4\u00e4rne ja kiire tr\u00fckiga. A4 printer sobib igap\u00e4evaseks printimiseks.","robots":{"index":"index","follow":"follow","max-snippet":"max-snippet:-1","max-image-preview":"max-image-preview:large","max-video-preview":"max-video-preview:-1"},"canonical":"https:\/\/rtt.ee\/ru\/toode\/a4-kasutatud-koopiamasinad-ru\/kasutatud-xerox-phaser-6510\/","og_locale":"ru_RU","og_type":"article","og_title":"Kasutatud Xerox Phaser 6510 v\u00e4rviline A4 laserprinter - RTT","og_description":"Xerox v\u00e4rviline A4 printer on usaldusv\u00e4\u00e4rne ja kiire tr\u00fckiga. A4 printer sobib igap\u00e4evaseks printimiseks.","og_url":"https:\/\/rtt.ee\/ru\/toode\/a4-kasutatud-koopiamasinad-ru\/kasutatud-xerox-phaser-6510\/","og_site_name":"RTT","article_modified_time":"2026-04-08T07:32:21+00:00","og_image":[{"width":1408,"height":1220,"url":"https:\/\/rtt.ee\/wp-content\/uploads\/2022\/09\/6510V_N_FRONT_1408x1220.jpg","type":"image\/jpeg"}],"twitter_card":"summary_large_image","schema":{"@context":"https:\/\/schema.org","@graph":[{"@type":"WebPage","@id":"https:\/\/rtt.ee\/ru\/toode\/a4-kasutatud-koopiamasinad-ru\/kasutatud-xerox-phaser-6510\/","url":"https:\/\/rtt.ee\/ru\/toode\/a4-kasutatud-koopiamasinad-ru\/kasutatud-xerox-phaser-6510\/","name":"Kasutatud Xerox Phaser 6510 v\u00e4rviline A4 laserprinter - RTT","isPartOf":{"@id":"https:\/\/rtt.ee\/en\/#website"},"primaryImageOfPage":{"@id":"https:\/\/rtt.ee\/ru\/toode\/a4-kasutatud-koopiamasinad-ru\/kasutatud-xerox-phaser-6510\/#primaryimage"},"image":{"@id":"https:\/\/rtt.ee\/ru\/toode\/a4-kasutatud-koopiamasinad-ru\/kasutatud-xerox-phaser-6510\/#primaryimage"},"thumbnailUrl":"https:\/\/rtt.ee\/wp-content\/uploads\/2022\/09\/6510V_N_FRONT_1408x1220.jpg","datePublished":"2022-09-22T07:02:51+00:00","dateModified":"2026-04-08T07:32:21+00:00","description":"Xerox v\u00e4rviline A4 printer on usaldusv\u00e4\u00e4rne ja kiire tr\u00fckiga. A4 printer sobib igap\u00e4evaseks printimiseks.","breadcrumb":{"@id":"https:\/\/rtt.ee\/ru\/toode\/a4-kasutatud-koopiamasinad-ru\/kasutatud-xerox-phaser-6510\/#breadcrumb"},"inLanguage":"ru-RU","potentialAction":[{"@type":"ReadAction","target":["https:\/\/rtt.ee\/ru\/toode\/a4-kasutatud-koopiamasinad-ru\/kasutatud-xerox-phaser-6510\/"]}]},{"@type":"ImageObject","inLanguage":"ru-RU","@id":"https:\/\/rtt.ee\/ru\/toode\/a4-kasutatud-koopiamasinad-ru\/kasutatud-xerox-phaser-6510\/#primaryimage","url":"https:\/\/rtt.ee\/wp-content\/uploads\/2022\/09\/6510V_N_FRONT_1408x1220.jpg","contentUrl":"https:\/\/rtt.ee\/wp-content\/uploads\/2022\/09\/6510V_N_FRONT_1408x1220.jpg","width":1408,"height":1220},{"@type":"BreadcrumbList","@id":"https:\/\/rtt.ee\/ru\/toode\/a4-kasutatud-koopiamasinad-ru\/kasutatud-xerox-phaser-6510\/#breadcrumb","itemListElement":[{"@type":"ListItem","position":1,"name":"\u0413\u043b\u0430\u0432\u043d\u0430\u044f","item":"https:\/\/rtt.ee\/ru\/"},{"@type":"ListItem","position":2,"name":"Magazin","item":"https:\/\/rtt.ee\/ru\/pood\/"},{"@type":"ListItem","position":3,"name":"Koopiamasinad","item":"https:\/\/rtt.ee\/tootekategooria\/koopiamasinad\/"},{"@type":"ListItem","position":4,"name":"Kasutatud koopiamasinad ja printerid","item":"https:\/\/rtt.ee\/tootekategooria\/koopiamasinad\/kasutatud-koopiamasinad\/"},{"@type":"ListItem","position":5,"name":"Kasutatud Xerox Phaser 6510 v\u00e4rviline A4 laserprinter"}]},{"@type":"WebSite","@id":"https:\/\/rtt.ee\/en\/#website","url":"https:\/\/rtt.ee\/en\/","name":"RTT","description":"Kassaaparaadid ja kontorikaubad","potentialAction":[{"@type":"SearchAction","target":{"@type":"EntryPoint","urlTemplate":"https:\/\/rtt.ee\/en\/?s={search_term_string}"},"query-input":{"@type":"PropertyValueSpecification","valueRequired":true,"valueName":"search_term_string"}}],"inLanguage":"ru-RU"}]}},"_links":{"self":[{"href":"https:\/\/rtt.ee\/ru\/wp-json\/wp\/v2\/product\/8755","targetHints":{"allow":["GET"]}}],"collection":[{"href":"https:\/\/rtt.ee\/ru\/wp-json\/wp\/v2\/product"}],"about":[{"href":"https:\/\/rtt.ee\/ru\/wp-json\/wp\/v2\/types\/product"}],"wp:featuredmedia":[{"embeddable":true,"href":"https:\/\/rtt.ee\/ru\/wp-json\/wp\/v2\/media\/8758"}],"wp:attachment":[{"href":"https:\/\/rtt.ee\/ru\/wp-json\/wp\/v2\/media?parent=8755"}],"wp:term":[{"taxonomy":"product_brand","embeddable":true,"href":"https:\/\/rtt.ee\/ru\/wp-json\/wp\/v2\/product_brand?post=8755"},{"taxonomy":"product_cat","embeddable":true,"href":"https:\/\/rtt.ee\/ru\/wp-json\/wp\/v2\/product_cat?post=8755"},{"taxonomy":"product_tag","embeddable":true,"href":"https:\/\/rtt.ee\/ru\/wp-json\/wp\/v2\/product_tag?post=8755"}],"curies":[{"name":"wp","href":"https:\/\/api.w.org\/{rel}","templated":true}]}}