{"id":8444,"date":"2020-12-08T16:15:05","date_gmt":"2020-12-08T14:15:05","guid":{"rendered":"https:\/\/rtt.ee\/toode\/uncategorized\/kontorikombain-epson-workforce-pro-wf-c579rdtwf\/"},"modified":"2026-03-23T15:41:21","modified_gmt":"2026-03-23T13:41:21","slug":"kontorikombain-epson-workforce-pro-wf-c579rdtwf","status":"publish","type":"product","link":"https:\/\/rtt.ee\/ru\/toode\/koopiamasinad-ru\/a4-printer-skanner-koopiamasinad-ru\/kontorikombain-epson-workforce-pro-wf-c579rdtwf\/","title":{"rendered":"Epson WorkForce Pro WF-C579RDTWF multifunktsionaalne A4 v\u00e4rvi-tindiprinter"},"content":{"rendered":"<div class=\"technical-specifications__category\">\n<div class=\"technical-specifications__category-specifications\">\n<div class=\"technical-specifications__specification\">\n<p>Funktsioonid: printimine, kopeerimine, skaneerimine, fax<\/p>\n<p>Tr\u00fckikiirus: 34 lk\/min<\/p>\n<p>Resolutsioon: 4800 x 1200 dpi<\/p>\n<p>Juhtpaneel:\u00a0puuteekraan 12,7 cm<\/p>\n<p>Soovitatav j\u00f5udlus:\u00a02.000 \u2013 10.000 lehte\/kuus<\/p>\n<p>\u00dchendused: USB 2.0, LAN, Wi-Fi Direct, WIFI (802.11a\/b\/g\/n)<\/p>\n<p>\u00dchildub: Windows, Windows Server, MacOS<\/p>\n<p>Muud funktsioonid: puutetundlik ekraan, otseprintimine, otse skannimine printimiseks ilma arvutita, otseprintimine USB-lt<\/p>\n<p>Lisainfo:\u00a0<a href=\"https:\/\/www.epson.ee\/et_EE\/tooted\/printerid\/inkjet\/%c3%84riline-tindiprinter\/workforce-pro-wf-c579rdwf-printer\/p\/23014\">Tehniline kirjeldus eesti keeles<\/a><\/p>\n<p>Tel: +372 6 112 256<\/p>\n<p>GSM: +372 5 014 470<\/p>\n<\/div>\n<\/div>\n<\/div>\n","protected":false},"excerpt":{"rendered":"<p>Funktsioonid: printimine, kopeerimine, skaneerimine, fax Tr\u00fckikiirus: 34 lk\/min Resolutsioon: 4800 x 1200 dpi Juhtpaneel:\u00a0puuteekraan 12,7 cm Soovitatav j\u00f5udlus:\u00a02.000 \u2013 10.000 lehte\/kuus \u00dchendused: USB 2.0, LAN, Wi-Fi Direct, WIFI (802.11a\/b\/g\/n) \u00dchildub: Windows, Windows Server, MacOS Muud funktsioonid: puutetundlik ekraan, otseprintimine, otse skannimine printimiseks ilma arvutita, otseprintimine USB-lt Lisainfo:\u00a0Tehniline kirjeldus eesti keeles Tel: +372 6 112 256 [&hellip;]<\/p>\n","protected":false},"featured_media":7120,"template":"","meta":{"_acf_changed":false},"product_brand":[],"product_cat":[236],"product_tag":[],"class_list":{"0":"post-8444","1":"product","2":"type-product","3":"status-publish","4":"has-post-thumbnail","6":"product_cat-a4-printer-skanner-koopiamasinad-ru","7":"product_brands-epson-ru","9":"first","10":"instock","11":"sale","12":"taxable","13":"shipping-taxable","14":"purchasable","15":"product-type-simple"},"acf":[],"yoast_head":"<!-- This site is optimized with the Yoast SEO plugin v26.2 - https:\/\/yoast.com\/wordpress\/plugins\/seo\/ -->\n<title>Epson WorkForce Pro WF-C579RDTWF multifunktsionaalne A4 v\u00e4rvi-tindiprinter - RTT<\/title>\n<meta name=\"description\" content=\"Epson WorkForce Pro WF\u2011C579RD \u2013 energias\u00e4\u00e4stlik \u00e4riprinter, mis pakub kiiret printimist, madalaid kulusid ja suure tootlikkusega tindipakke. Ideaalne t\u00f6\u00f6r\u00fchmadele, kes vajavad usaldusv\u00e4\u00e4rset ja professionaalset lahendust.\" \/>\n<meta name=\"robots\" content=\"index, follow, max-snippet:-1, max-image-preview:large, max-video-preview:-1\" \/>\n<link rel=\"canonical\" href=\"https:\/\/rtt.ee\/ru\/toode\/koopiamasinad-ru\/a4-printer-skanner-koopiamasinad-ru\/kontorikombain-epson-workforce-pro-wf-c579rdtwf\/\" \/>\n<meta property=\"og:locale\" content=\"ru_RU\" \/>\n<meta property=\"og:type\" content=\"article\" \/>\n<meta property=\"og:title\" content=\"Epson WorkForce Pro WF-C579RDTWF multifunktsionaalne A4 v\u00e4rvi-tindiprinter - RTT\" \/>\n<meta property=\"og:description\" content=\"Epson WorkForce Pro WF\u2011C579RD \u2013 energias\u00e4\u00e4stlik \u00e4riprinter, mis pakub kiiret printimist, madalaid kulusid ja suure tootlikkusega tindipakke. Ideaalne t\u00f6\u00f6r\u00fchmadele, kes vajavad usaldusv\u00e4\u00e4rset ja professionaalset lahendust.\" \/>\n<meta property=\"og:url\" content=\"https:\/\/rtt.ee\/ru\/toode\/koopiamasinad-ru\/a4-printer-skanner-koopiamasinad-ru\/kontorikombain-epson-workforce-pro-wf-c579rdtwf\/\" \/>\n<meta property=\"og:site_name\" content=\"RTT\" \/>\n<meta property=\"article:modified_time\" content=\"2026-03-23T13:41:21+00:00\" \/>\n<meta property=\"og:image\" content=\"https:\/\/rtt.ee\/wp-content\/uploads\/2020\/12\/23135-productpicture-hires-en-wf-c579rdtwf-832x1024.png\" \/>\n\t<meta property=\"og:image:width\" content=\"832\" \/>\n\t<meta property=\"og:image:height\" content=\"1024\" \/>\n\t<meta property=\"og:image:type\" content=\"image\/png\" \/>\n<meta name=\"twitter:card\" content=\"summary_large_image\" \/>\n<script type=\"application\/ld+json\" class=\"yoast-schema-graph\">{\"@context\":\"https:\/\/schema.org\",\"@graph\":[{\"@type\":\"WebPage\",\"@id\":\"https:\/\/rtt.ee\/ru\/toode\/koopiamasinad-ru\/a4-printer-skanner-koopiamasinad-ru\/kontorikombain-epson-workforce-pro-wf-c579rdtwf\/\",\"url\":\"https:\/\/rtt.ee\/ru\/toode\/koopiamasinad-ru\/a4-printer-skanner-koopiamasinad-ru\/kontorikombain-epson-workforce-pro-wf-c579rdtwf\/\",\"name\":\"Epson WorkForce Pro WF-C579RDTWF multifunktsionaalne A4 v\u00e4rvi-tindiprinter - RTT\",\"isPartOf\":{\"@id\":\"https:\/\/rtt.ee\/en\/#website\"},\"primaryImageOfPage\":{\"@id\":\"https:\/\/rtt.ee\/ru\/toode\/koopiamasinad-ru\/a4-printer-skanner-koopiamasinad-ru\/kontorikombain-epson-workforce-pro-wf-c579rdtwf\/#primaryimage\"},\"image\":{\"@id\":\"https:\/\/rtt.ee\/ru\/toode\/koopiamasinad-ru\/a4-printer-skanner-koopiamasinad-ru\/kontorikombain-epson-workforce-pro-wf-c579rdtwf\/#primaryimage\"},\"thumbnailUrl\":\"https:\/\/rtt.ee\/wp-content\/uploads\/2020\/12\/23135-productpicture-hires-en-wf-c579rdtwf.png\",\"datePublished\":\"2020-12-08T14:15:05+00:00\",\"dateModified\":\"2026-03-23T13:41:21+00:00\",\"description\":\"Epson WorkForce Pro WF\u2011C579RD \u2013 energias\u00e4\u00e4stlik \u00e4riprinter, mis pakub kiiret printimist, madalaid kulusid ja suure tootlikkusega tindipakke. Ideaalne t\u00f6\u00f6r\u00fchmadele, kes vajavad usaldusv\u00e4\u00e4rset ja professionaalset lahendust.\",\"breadcrumb\":{\"@id\":\"https:\/\/rtt.ee\/ru\/toode\/koopiamasinad-ru\/a4-printer-skanner-koopiamasinad-ru\/kontorikombain-epson-workforce-pro-wf-c579rdtwf\/#breadcrumb\"},\"inLanguage\":\"ru-RU\",\"potentialAction\":[{\"@type\":\"ReadAction\",\"target\":[\"https:\/\/rtt.ee\/ru\/toode\/koopiamasinad-ru\/a4-printer-skanner-koopiamasinad-ru\/kontorikombain-epson-workforce-pro-wf-c579rdtwf\/\"]}]},{\"@type\":\"ImageObject\",\"inLanguage\":\"ru-RU\",\"@id\":\"https:\/\/rtt.ee\/ru\/toode\/koopiamasinad-ru\/a4-printer-skanner-koopiamasinad-ru\/kontorikombain-epson-workforce-pro-wf-c579rdtwf\/#primaryimage\",\"url\":\"https:\/\/rtt.ee\/wp-content\/uploads\/2020\/12\/23135-productpicture-hires-en-wf-c579rdtwf.png\",\"contentUrl\":\"https:\/\/rtt.ee\/wp-content\/uploads\/2020\/12\/23135-productpicture-hires-en-wf-c579rdtwf.png\",\"width\":2908,\"height\":3577,\"caption\":\"WF-C579RDTWF\"},{\"@type\":\"BreadcrumbList\",\"@id\":\"https:\/\/rtt.ee\/ru\/toode\/koopiamasinad-ru\/a4-printer-skanner-koopiamasinad-ru\/kontorikombain-epson-workforce-pro-wf-c579rdtwf\/#breadcrumb\",\"itemListElement\":[{\"@type\":\"ListItem\",\"position\":1,\"name\":\"\u0413\u043b\u0430\u0432\u043d\u0430\u044f\",\"item\":\"https:\/\/rtt.ee\/ru\/\"},{\"@type\":\"ListItem\",\"position\":2,\"name\":\"Magazin\",\"item\":\"https:\/\/rtt.ee\/ru\/pood\/\"},{\"@type\":\"ListItem\",\"position\":3,\"name\":\"Koopiamasinad\",\"item\":\"https:\/\/rtt.ee\/tootekategooria\/koopiamasinad\/\"},{\"@type\":\"ListItem\",\"position\":4,\"name\":\"A4 Printer-Sk\u00e4nner-Koopiamasinad\",\"item\":\"https:\/\/rtt.ee\/tootekategooria\/koopiamasinad\/a4-printer-skanner-koopiamasinad\/\"},{\"@type\":\"ListItem\",\"position\":5,\"name\":\"Epson WorkForce Pro WF-C579RDTWF multifunktsionaalne A4 v\u00e4rvi-tindiprinter\"}]},{\"@type\":\"WebSite\",\"@id\":\"https:\/\/rtt.ee\/en\/#website\",\"url\":\"https:\/\/rtt.ee\/en\/\",\"name\":\"RTT\",\"description\":\"Kassaaparaadid ja kontorikaubad\",\"potentialAction\":[{\"@type\":\"SearchAction\",\"target\":{\"@type\":\"EntryPoint\",\"urlTemplate\":\"https:\/\/rtt.ee\/en\/?s={search_term_string}\"},\"query-input\":{\"@type\":\"PropertyValueSpecification\",\"valueRequired\":true,\"valueName\":\"search_term_string\"}}],\"inLanguage\":\"ru-RU\"}]}<\/script>\n<!-- \/ Yoast SEO plugin. -->","yoast_head_json":{"title":"Epson WorkForce Pro WF-C579RDTWF multifunktsionaalne A4 v\u00e4rvi-tindiprinter - RTT","description":"Epson WorkForce Pro WF\u2011C579RD \u2013 energias\u00e4\u00e4stlik \u00e4riprinter, mis pakub kiiret printimist, madalaid kulusid ja suure tootlikkusega tindipakke. Ideaalne t\u00f6\u00f6r\u00fchmadele, kes vajavad usaldusv\u00e4\u00e4rset ja professionaalset lahendust.","robots":{"index":"index","follow":"follow","max-snippet":"max-snippet:-1","max-image-preview":"max-image-preview:large","max-video-preview":"max-video-preview:-1"},"canonical":"https:\/\/rtt.ee\/ru\/toode\/koopiamasinad-ru\/a4-printer-skanner-koopiamasinad-ru\/kontorikombain-epson-workforce-pro-wf-c579rdtwf\/","og_locale":"ru_RU","og_type":"article","og_title":"Epson WorkForce Pro WF-C579RDTWF multifunktsionaalne A4 v\u00e4rvi-tindiprinter - RTT","og_description":"Epson WorkForce Pro WF\u2011C579RD \u2013 energias\u00e4\u00e4stlik \u00e4riprinter, mis pakub kiiret printimist, madalaid kulusid ja suure tootlikkusega tindipakke. Ideaalne t\u00f6\u00f6r\u00fchmadele, kes vajavad usaldusv\u00e4\u00e4rset ja professionaalset lahendust.","og_url":"https:\/\/rtt.ee\/ru\/toode\/koopiamasinad-ru\/a4-printer-skanner-koopiamasinad-ru\/kontorikombain-epson-workforce-pro-wf-c579rdtwf\/","og_site_name":"RTT","article_modified_time":"2026-03-23T13:41:21+00:00","og_image":[{"width":832,"height":1024,"url":"https:\/\/rtt.ee\/wp-content\/uploads\/2020\/12\/23135-productpicture-hires-en-wf-c579rdtwf-832x1024.png","type":"image\/png"}],"twitter_card":"summary_large_image","schema":{"@context":"https:\/\/schema.org","@graph":[{"@type":"WebPage","@id":"https:\/\/rtt.ee\/ru\/toode\/koopiamasinad-ru\/a4-printer-skanner-koopiamasinad-ru\/kontorikombain-epson-workforce-pro-wf-c579rdtwf\/","url":"https:\/\/rtt.ee\/ru\/toode\/koopiamasinad-ru\/a4-printer-skanner-koopiamasinad-ru\/kontorikombain-epson-workforce-pro-wf-c579rdtwf\/","name":"Epson WorkForce Pro WF-C579RDTWF multifunktsionaalne A4 v\u00e4rvi-tindiprinter - RTT","isPartOf":{"@id":"https:\/\/rtt.ee\/en\/#website"},"primaryImageOfPage":{"@id":"https:\/\/rtt.ee\/ru\/toode\/koopiamasinad-ru\/a4-printer-skanner-koopiamasinad-ru\/kontorikombain-epson-workforce-pro-wf-c579rdtwf\/#primaryimage"},"image":{"@id":"https:\/\/rtt.ee\/ru\/toode\/koopiamasinad-ru\/a4-printer-skanner-koopiamasinad-ru\/kontorikombain-epson-workforce-pro-wf-c579rdtwf\/#primaryimage"},"thumbnailUrl":"https:\/\/rtt.ee\/wp-content\/uploads\/2020\/12\/23135-productpicture-hires-en-wf-c579rdtwf.png","datePublished":"2020-12-08T14:15:05+00:00","dateModified":"2026-03-23T13:41:21+00:00","description":"Epson WorkForce Pro WF\u2011C579RD \u2013 energias\u00e4\u00e4stlik \u00e4riprinter, mis pakub kiiret printimist, madalaid kulusid ja suure tootlikkusega tindipakke. Ideaalne t\u00f6\u00f6r\u00fchmadele, kes vajavad usaldusv\u00e4\u00e4rset ja professionaalset lahendust.","breadcrumb":{"@id":"https:\/\/rtt.ee\/ru\/toode\/koopiamasinad-ru\/a4-printer-skanner-koopiamasinad-ru\/kontorikombain-epson-workforce-pro-wf-c579rdtwf\/#breadcrumb"},"inLanguage":"ru-RU","potentialAction":[{"@type":"ReadAction","target":["https:\/\/rtt.ee\/ru\/toode\/koopiamasinad-ru\/a4-printer-skanner-koopiamasinad-ru\/kontorikombain-epson-workforce-pro-wf-c579rdtwf\/"]}]},{"@type":"ImageObject","inLanguage":"ru-RU","@id":"https:\/\/rtt.ee\/ru\/toode\/koopiamasinad-ru\/a4-printer-skanner-koopiamasinad-ru\/kontorikombain-epson-workforce-pro-wf-c579rdtwf\/#primaryimage","url":"https:\/\/rtt.ee\/wp-content\/uploads\/2020\/12\/23135-productpicture-hires-en-wf-c579rdtwf.png","contentUrl":"https:\/\/rtt.ee\/wp-content\/uploads\/2020\/12\/23135-productpicture-hires-en-wf-c579rdtwf.png","width":2908,"height":3577,"caption":"WF-C579RDTWF"},{"@type":"BreadcrumbList","@id":"https:\/\/rtt.ee\/ru\/toode\/koopiamasinad-ru\/a4-printer-skanner-koopiamasinad-ru\/kontorikombain-epson-workforce-pro-wf-c579rdtwf\/#breadcrumb","itemListElement":[{"@type":"ListItem","position":1,"name":"\u0413\u043b\u0430\u0432\u043d\u0430\u044f","item":"https:\/\/rtt.ee\/ru\/"},{"@type":"ListItem","position":2,"name":"Magazin","item":"https:\/\/rtt.ee\/ru\/pood\/"},{"@type":"ListItem","position":3,"name":"Koopiamasinad","item":"https:\/\/rtt.ee\/tootekategooria\/koopiamasinad\/"},{"@type":"ListItem","position":4,"name":"A4 Printer-Sk\u00e4nner-Koopiamasinad","item":"https:\/\/rtt.ee\/tootekategooria\/koopiamasinad\/a4-printer-skanner-koopiamasinad\/"},{"@type":"ListItem","position":5,"name":"Epson WorkForce Pro WF-C579RDTWF multifunktsionaalne A4 v\u00e4rvi-tindiprinter"}]},{"@type":"WebSite","@id":"https:\/\/rtt.ee\/en\/#website","url":"https:\/\/rtt.ee\/en\/","name":"RTT","description":"Kassaaparaadid ja kontorikaubad","potentialAction":[{"@type":"SearchAction","target":{"@type":"EntryPoint","urlTemplate":"https:\/\/rtt.ee\/en\/?s={search_term_string}"},"query-input":{"@type":"PropertyValueSpecification","valueRequired":true,"valueName":"search_term_string"}}],"inLanguage":"ru-RU"}]}},"_links":{"self":[{"href":"https:\/\/rtt.ee\/ru\/wp-json\/wp\/v2\/product\/8444","targetHints":{"allow":["GET"]}}],"collection":[{"href":"https:\/\/rtt.ee\/ru\/wp-json\/wp\/v2\/product"}],"about":[{"href":"https:\/\/rtt.ee\/ru\/wp-json\/wp\/v2\/types\/product"}],"wp:featuredmedia":[{"embeddable":true,"href":"https:\/\/rtt.ee\/ru\/wp-json\/wp\/v2\/media\/7120"}],"wp:attachment":[{"href":"https:\/\/rtt.ee\/ru\/wp-json\/wp\/v2\/media?parent=8444"}],"wp:term":[{"taxonomy":"product_brand","embeddable":true,"href":"https:\/\/rtt.ee\/ru\/wp-json\/wp\/v2\/product_brand?post=8444"},{"taxonomy":"product_cat","embeddable":true,"href":"https:\/\/rtt.ee\/ru\/wp-json\/wp\/v2\/product_cat?post=8444"},{"taxonomy":"product_tag","embeddable":true,"href":"https:\/\/rtt.ee\/ru\/wp-json\/wp\/v2\/product_tag?post=8444"}],"curies":[{"name":"wp","href":"https:\/\/api.w.org\/{rel}","templated":true}]}}