{"id":8401,"date":"2022-03-22T11:16:26","date_gmt":"2022-03-22T09:16:26","guid":{"rendered":"https:\/\/rtt.ee\/toode\/uncategorized\/kasutatud-varviline-a4-sharp-mx-c301w\/"},"modified":"2026-01-23T11:06:51","modified_gmt":"2026-01-23T09:06:51","slug":"varviline-printer","status":"publish","type":"product","link":"https:\/\/rtt.ee\/ru\/toode\/a4-kasutatud-koopiamasinad-ru\/varviline-printer\/","title":{"rendered":"Kasutatud SHARP MX-C301W multifunktsionaalne A4 v\u00e4rvi-laserprinter"},"content":{"rendered":"<p><strong>V\u00e4he kasutatud mutifunktsionaalne v\u00e4rvi-printer v\u00e4ike v\u00f5i keskmise suurusega kontorisse.\u00a0<\/strong><\/p>\n<p>Printimine, kopeerimine, skaneerimine, faksimine, failide haldus<\/p>\n<p>Tr\u00fckikiirus: 30 mustvalget, 30 v\u00e4rvilist<\/p>\n<p>Tr\u00fckiresolutsioon: 600 \u00d7 600 dpi<\/p>\n<p>Paberimahutavus: standard 300 lehte<\/p>\n<p>M\u00e4lu: 5GB, HDD: 250GB<\/p>\n<p>\u00dchendused: USB, LAN, WIFI<\/p>\n<p>\u00dchilduvus: Windows, Windows Server, Mac OS X<\/p>\n<p>Seadme seisukord: tehtud v\u00e4ljatr\u00fckke 10 000 lehte (must-valge), 14 000 lehte (v\u00e4rviline); toonerite j\u00e4\u00e4gid 50%.<\/p>\n<p>Seadmele kehtib\u00a0<strong>6 kuu<\/strong>\u00a0pikkune garantii.<\/p>\n<p><strong>RENDI PAKKUMUS<\/strong>:<\/p>\n<p>Rendiperiood\u00a0<strong>36 kuud<\/strong>, ilma sissemakseta igakuine makse <strong>25+KM<\/strong><\/p>\n<p>Rendiperiood\u00a0<strong>48 kuud<\/strong>, ilma sissemakseta igakuine makse <strong>20+KM<\/strong><\/p>\n<p>Soovitame juurde\u00a0<strong>T\u00c4ISHOOLDUSLEPING<\/strong>:<\/p>\n<p>Maksmine k\u00e4ib igakuiselt reaalselt tehtud v\u00e4ljatr\u00fckkide\/koopiate eest.<\/p>\n<p>V\u00e4ljatr\u00fckkide\/koopiate hinnad sisaldavad:<br \/>\n\u2022 Seadme hooldust<br \/>\n\u2022 Seadme remonti<br \/>\n\u2022 Seadme varuosasid<br \/>\n\u2022 Toonerid<br \/>\n\u2022 V\u00e4ljakutseid<\/p>\n<p>Lisainfo:<\/p>\n<div class=\"iYB33c\">\n<div class=\"dlJLJe\">\n<div data-cviv=\"false\" data-ved=\"2ahUKEwjJ7fe8qNDxAhWBi8MKHaRDAzAQz_AEMAB6BAgCEA8\">\n<div class=\"U9URNb\">\n<div id=\"tw-container\" class=\"YQaNob\" data-cp=\"1\" data-is-ver=\"false\" data-nnttsvi=\"1\" data-sm=\"1\" data-sugg-time=\"500\" data-sugg-url=\"https:\/\/clients1.google.com\/complete\/search\" data-uilc=\"et\">\n<div id=\"tw-ob\" class=\"tw-src-ltr\">\n<div class=\"oSioSc\">\n<div id=\"tw-target\">\n<div id=\"kAz1tf\" class=\"g9WsWb\">\n<div id=\"tw-target-text-container\" class=\"tw-ta-container F0azHf tw-nfl\">\n<div id=\"tw-container\" class=\"YQaNob\" data-cp=\"1\" data-is-ver=\"false\" data-nnttsvi=\"1\" data-sm=\"1\" data-sugg-time=\"500\" data-sugg-url=\"https:\/\/clients1.google.com\/complete\/search\" data-uilc=\"et\">\n<div id=\"tw-ob\" class=\"tw-src-ltr\">\n<div class=\"oSioSc\">\n<p>Tel: +372 6 112 256<br \/>\nGSM: +372 5 014 470<\/p>\n<\/div>\n<\/div>\n<\/div>\n<\/div>\n<\/div>\n<\/div>\n<\/div>\n<\/div>\n<\/div>\n<\/div>\n<\/div>\n<\/div>\n<\/div>\n<p>&nbsp;<\/p>\n","protected":false},"excerpt":{"rendered":"<p>V\u00e4he kasutatud mutifunktsionaalne v\u00e4rvi-printer v\u00e4ike v\u00f5i keskmise suurusega kontorisse.\u00a0 Printimine, kopeerimine, skaneerimine, faksimine, failide haldus Tr\u00fckikiirus: 30 mustvalget, 30 v\u00e4rvilist Tr\u00fckiresolutsioon: 600 \u00d7 600 dpi Paberimahutavus: standard 300 lehte M\u00e4lu: 5GB, HDD: 250GB \u00dchendused: USB, LAN, WIFI \u00dchilduvus: Windows, Windows Server, Mac OS X Seadme seisukord: tehtud v\u00e4ljatr\u00fckke 10 000 lehte (must-valge), 14 000 lehte [&hellip;]<\/p>\n","protected":false},"featured_media":8402,"template":"","meta":{"_acf_changed":false},"product_brand":[],"product_cat":[340],"product_tag":[],"class_list":{"0":"post-8401","1":"product","2":"type-product","3":"status-publish","4":"has-post-thumbnail","6":"product_cat-a4-kasutatud-koopiamasinad-ru","7":"product_brands-sharp-ru","9":"first","10":"instock","11":"taxable","12":"shipping-taxable","13":"purchasable","14":"product-type-simple"},"acf":[],"yoast_head":"<!-- This site is optimized with the Yoast SEO plugin v26.2 - https:\/\/yoast.com\/wordpress\/plugins\/seo\/ -->\n<title>Kasutatud SHARP MX-C301W multifunktsionaalne A4 v\u00e4rvi-laserprinter - RTT<\/title>\n<meta name=\"description\" content=\"Kasutatud A4 v\u00e4rviline printer, koopiamasin. M\u00f5istlikud \u00fclalpidamiskulud, t\u00e4isteenusrendi v\u00f5imalus! Multifunktsionaalne printer\" \/>\n<meta name=\"robots\" content=\"index, follow, max-snippet:-1, max-image-preview:large, max-video-preview:-1\" \/>\n<link rel=\"canonical\" href=\"https:\/\/rtt.ee\/ru\/toode\/a4-kasutatud-koopiamasinad-ru\/varviline-printer\/\" \/>\n<meta property=\"og:locale\" content=\"ru_RU\" \/>\n<meta property=\"og:type\" content=\"article\" \/>\n<meta property=\"og:title\" content=\"Kasutatud SHARP MX-C301W multifunktsionaalne A4 v\u00e4rvi-laserprinter - RTT\" \/>\n<meta property=\"og:description\" content=\"Kasutatud A4 v\u00e4rviline printer, koopiamasin. M\u00f5istlikud \u00fclalpidamiskulud, t\u00e4isteenusrendi v\u00f5imalus! Multifunktsionaalne printer\" \/>\n<meta property=\"og:url\" content=\"https:\/\/rtt.ee\/ru\/toode\/a4-kasutatud-koopiamasinad-ru\/varviline-printer\/\" \/>\n<meta property=\"og:site_name\" content=\"RTT\" \/>\n<meta property=\"article:modified_time\" content=\"2026-01-23T09:06:51+00:00\" \/>\n<meta property=\"og:image\" content=\"https:\/\/rtt.ee\/wp-content\/uploads\/2018\/10\/232_1_s.jpg\" \/>\n\t<meta property=\"og:image:width\" content=\"374\" \/>\n\t<meta property=\"og:image:height\" content=\"380\" \/>\n\t<meta property=\"og:image:type\" content=\"image\/jpeg\" \/>\n<meta name=\"twitter:card\" content=\"summary_large_image\" \/>\n<meta name=\"twitter:label1\" content=\"\u041f\u0440\u0438\u043c\u0435\u0440\u043d\u043e\u0435 \u0432\u0440\u0435\u043c\u044f \u0434\u043b\u044f \u0447\u0442\u0435\u043d\u0438\u044f\" \/>\n\t<meta name=\"twitter:data1\" content=\"1 \u043c\u0438\u043d\u0443\u0442\u0430\" \/>\n<script type=\"application\/ld+json\" class=\"yoast-schema-graph\">{\"@context\":\"https:\/\/schema.org\",\"@graph\":[{\"@type\":\"WebPage\",\"@id\":\"https:\/\/rtt.ee\/ru\/toode\/a4-kasutatud-koopiamasinad-ru\/varviline-printer\/\",\"url\":\"https:\/\/rtt.ee\/ru\/toode\/a4-kasutatud-koopiamasinad-ru\/varviline-printer\/\",\"name\":\"Kasutatud SHARP MX-C301W multifunktsionaalne A4 v\u00e4rvi-laserprinter - RTT\",\"isPartOf\":{\"@id\":\"https:\/\/rtt.ee\/en\/#website\"},\"primaryImageOfPage\":{\"@id\":\"https:\/\/rtt.ee\/ru\/toode\/a4-kasutatud-koopiamasinad-ru\/varviline-printer\/#primaryimage\"},\"image\":{\"@id\":\"https:\/\/rtt.ee\/ru\/toode\/a4-kasutatud-koopiamasinad-ru\/varviline-printer\/#primaryimage\"},\"thumbnailUrl\":\"https:\/\/rtt.ee\/wp-content\/uploads\/2018\/10\/232_1_s.jpg\",\"datePublished\":\"2022-03-22T09:16:26+00:00\",\"dateModified\":\"2026-01-23T09:06:51+00:00\",\"description\":\"Kasutatud A4 v\u00e4rviline printer, koopiamasin. M\u00f5istlikud \u00fclalpidamiskulud, t\u00e4isteenusrendi v\u00f5imalus! Multifunktsionaalne printer\",\"breadcrumb\":{\"@id\":\"https:\/\/rtt.ee\/ru\/toode\/a4-kasutatud-koopiamasinad-ru\/varviline-printer\/#breadcrumb\"},\"inLanguage\":\"ru-RU\",\"potentialAction\":[{\"@type\":\"ReadAction\",\"target\":[\"https:\/\/rtt.ee\/ru\/toode\/a4-kasutatud-koopiamasinad-ru\/varviline-printer\/\"]}]},{\"@type\":\"ImageObject\",\"inLanguage\":\"ru-RU\",\"@id\":\"https:\/\/rtt.ee\/ru\/toode\/a4-kasutatud-koopiamasinad-ru\/varviline-printer\/#primaryimage\",\"url\":\"https:\/\/rtt.ee\/wp-content\/uploads\/2018\/10\/232_1_s.jpg\",\"contentUrl\":\"https:\/\/rtt.ee\/wp-content\/uploads\/2018\/10\/232_1_s.jpg\",\"width\":374,\"height\":380},{\"@type\":\"BreadcrumbList\",\"@id\":\"https:\/\/rtt.ee\/ru\/toode\/a4-kasutatud-koopiamasinad-ru\/varviline-printer\/#breadcrumb\",\"itemListElement\":[{\"@type\":\"ListItem\",\"position\":1,\"name\":\"\u0413\u043b\u0430\u0432\u043d\u0430\u044f\",\"item\":\"https:\/\/rtt.ee\/ru\/\"},{\"@type\":\"ListItem\",\"position\":2,\"name\":\"Magazin\",\"item\":\"https:\/\/rtt.ee\/ru\/pood\/\"},{\"@type\":\"ListItem\",\"position\":3,\"name\":\"A4 kasutatud koopiamasinad\",\"item\":\"https:\/\/rtt.ee\/tootekategooria\/koopiamasinad\/a4-kasutatud-koopiamasinad\/\"},{\"@type\":\"ListItem\",\"position\":4,\"name\":\"Kasutatud SHARP MX-C301W multifunktsionaalne A4 v\u00e4rvi-laserprinter\"}]},{\"@type\":\"WebSite\",\"@id\":\"https:\/\/rtt.ee\/en\/#website\",\"url\":\"https:\/\/rtt.ee\/en\/\",\"name\":\"RTT\",\"description\":\"Kassaaparaadid ja kontorikaubad\",\"potentialAction\":[{\"@type\":\"SearchAction\",\"target\":{\"@type\":\"EntryPoint\",\"urlTemplate\":\"https:\/\/rtt.ee\/en\/?s={search_term_string}\"},\"query-input\":{\"@type\":\"PropertyValueSpecification\",\"valueRequired\":true,\"valueName\":\"search_term_string\"}}],\"inLanguage\":\"ru-RU\"}]}<\/script>\n<!-- \/ Yoast SEO plugin. -->","yoast_head_json":{"title":"Kasutatud SHARP MX-C301W multifunktsionaalne A4 v\u00e4rvi-laserprinter - RTT","description":"Kasutatud A4 v\u00e4rviline printer, koopiamasin. M\u00f5istlikud \u00fclalpidamiskulud, t\u00e4isteenusrendi v\u00f5imalus! Multifunktsionaalne printer","robots":{"index":"index","follow":"follow","max-snippet":"max-snippet:-1","max-image-preview":"max-image-preview:large","max-video-preview":"max-video-preview:-1"},"canonical":"https:\/\/rtt.ee\/ru\/toode\/a4-kasutatud-koopiamasinad-ru\/varviline-printer\/","og_locale":"ru_RU","og_type":"article","og_title":"Kasutatud SHARP MX-C301W multifunktsionaalne A4 v\u00e4rvi-laserprinter - RTT","og_description":"Kasutatud A4 v\u00e4rviline printer, koopiamasin. M\u00f5istlikud \u00fclalpidamiskulud, t\u00e4isteenusrendi v\u00f5imalus! Multifunktsionaalne printer","og_url":"https:\/\/rtt.ee\/ru\/toode\/a4-kasutatud-koopiamasinad-ru\/varviline-printer\/","og_site_name":"RTT","article_modified_time":"2026-01-23T09:06:51+00:00","og_image":[{"width":374,"height":380,"url":"https:\/\/rtt.ee\/wp-content\/uploads\/2018\/10\/232_1_s.jpg","type":"image\/jpeg"}],"twitter_card":"summary_large_image","twitter_misc":{"\u041f\u0440\u0438\u043c\u0435\u0440\u043d\u043e\u0435 \u0432\u0440\u0435\u043c\u044f \u0434\u043b\u044f \u0447\u0442\u0435\u043d\u0438\u044f":"1 \u043c\u0438\u043d\u0443\u0442\u0430"},"schema":{"@context":"https:\/\/schema.org","@graph":[{"@type":"WebPage","@id":"https:\/\/rtt.ee\/ru\/toode\/a4-kasutatud-koopiamasinad-ru\/varviline-printer\/","url":"https:\/\/rtt.ee\/ru\/toode\/a4-kasutatud-koopiamasinad-ru\/varviline-printer\/","name":"Kasutatud SHARP MX-C301W multifunktsionaalne A4 v\u00e4rvi-laserprinter - RTT","isPartOf":{"@id":"https:\/\/rtt.ee\/en\/#website"},"primaryImageOfPage":{"@id":"https:\/\/rtt.ee\/ru\/toode\/a4-kasutatud-koopiamasinad-ru\/varviline-printer\/#primaryimage"},"image":{"@id":"https:\/\/rtt.ee\/ru\/toode\/a4-kasutatud-koopiamasinad-ru\/varviline-printer\/#primaryimage"},"thumbnailUrl":"https:\/\/rtt.ee\/wp-content\/uploads\/2018\/10\/232_1_s.jpg","datePublished":"2022-03-22T09:16:26+00:00","dateModified":"2026-01-23T09:06:51+00:00","description":"Kasutatud A4 v\u00e4rviline printer, koopiamasin. M\u00f5istlikud \u00fclalpidamiskulud, t\u00e4isteenusrendi v\u00f5imalus! Multifunktsionaalne printer","breadcrumb":{"@id":"https:\/\/rtt.ee\/ru\/toode\/a4-kasutatud-koopiamasinad-ru\/varviline-printer\/#breadcrumb"},"inLanguage":"ru-RU","potentialAction":[{"@type":"ReadAction","target":["https:\/\/rtt.ee\/ru\/toode\/a4-kasutatud-koopiamasinad-ru\/varviline-printer\/"]}]},{"@type":"ImageObject","inLanguage":"ru-RU","@id":"https:\/\/rtt.ee\/ru\/toode\/a4-kasutatud-koopiamasinad-ru\/varviline-printer\/#primaryimage","url":"https:\/\/rtt.ee\/wp-content\/uploads\/2018\/10\/232_1_s.jpg","contentUrl":"https:\/\/rtt.ee\/wp-content\/uploads\/2018\/10\/232_1_s.jpg","width":374,"height":380},{"@type":"BreadcrumbList","@id":"https:\/\/rtt.ee\/ru\/toode\/a4-kasutatud-koopiamasinad-ru\/varviline-printer\/#breadcrumb","itemListElement":[{"@type":"ListItem","position":1,"name":"\u0413\u043b\u0430\u0432\u043d\u0430\u044f","item":"https:\/\/rtt.ee\/ru\/"},{"@type":"ListItem","position":2,"name":"Magazin","item":"https:\/\/rtt.ee\/ru\/pood\/"},{"@type":"ListItem","position":3,"name":"A4 kasutatud koopiamasinad","item":"https:\/\/rtt.ee\/tootekategooria\/koopiamasinad\/a4-kasutatud-koopiamasinad\/"},{"@type":"ListItem","position":4,"name":"Kasutatud SHARP MX-C301W multifunktsionaalne A4 v\u00e4rvi-laserprinter"}]},{"@type":"WebSite","@id":"https:\/\/rtt.ee\/en\/#website","url":"https:\/\/rtt.ee\/en\/","name":"RTT","description":"Kassaaparaadid ja kontorikaubad","potentialAction":[{"@type":"SearchAction","target":{"@type":"EntryPoint","urlTemplate":"https:\/\/rtt.ee\/en\/?s={search_term_string}"},"query-input":{"@type":"PropertyValueSpecification","valueRequired":true,"valueName":"search_term_string"}}],"inLanguage":"ru-RU"}]}},"_links":{"self":[{"href":"https:\/\/rtt.ee\/ru\/wp-json\/wp\/v2\/product\/8401","targetHints":{"allow":["GET"]}}],"collection":[{"href":"https:\/\/rtt.ee\/ru\/wp-json\/wp\/v2\/product"}],"about":[{"href":"https:\/\/rtt.ee\/ru\/wp-json\/wp\/v2\/types\/product"}],"wp:featuredmedia":[{"embeddable":true,"href":"https:\/\/rtt.ee\/ru\/wp-json\/wp\/v2\/media\/8402"}],"wp:attachment":[{"href":"https:\/\/rtt.ee\/ru\/wp-json\/wp\/v2\/media?parent=8401"}],"wp:term":[{"taxonomy":"product_brand","embeddable":true,"href":"https:\/\/rtt.ee\/ru\/wp-json\/wp\/v2\/product_brand?post=8401"},{"taxonomy":"product_cat","embeddable":true,"href":"https:\/\/rtt.ee\/ru\/wp-json\/wp\/v2\/product_cat?post=8401"},{"taxonomy":"product_tag","embeddable":true,"href":"https:\/\/rtt.ee\/ru\/wp-json\/wp\/v2\/product_tag?post=8401"}],"curies":[{"name":"wp","href":"https:\/\/api.w.org\/{rel}","templated":true}]}}