{"id":7891,"date":"2021-10-05T11:04:54","date_gmt":"2021-10-05T08:04:54","guid":{"rendered":"https:\/\/rtt.ee\/toode\/uncategorized\/workforce-pro-wf-c878rdtwfc\/"},"modified":"2026-03-27T15:08:06","modified_gmt":"2026-03-27T13:08:06","slug":"epson-workforce-wf-c878","status":"publish","type":"product","link":"https:\/\/rtt.ee\/ru\/toode\/koopiamasinad-ru\/a3-printer-skanner-koopiamasinad-ru\/epson-workforce-wf-c878\/","title":{"rendered":"Epson WorkForce Pro WF-C878RDWF multifunktsionaalne A3 v\u00e4rvi-tindiprinter"},"content":{"rendered":"<p>Funktsioonid: printimine, skannimine, kopeerimine<\/p>\n<p>Tr\u00fckikiirus (ISO\/IEC 24734):\u00a0<span class=\"technical-specifications__specification-value\">25 Lk\/min (must), 24 Lk\/min (v\u00e4rviline)<\/span><\/p>\n<p>Tr\u00fckikvaliteet: 4800 x 1200 DPI<\/p>\n<p>Soovituslik tr\u00fckimaht kuus: 2.000 &#8212; 10.000 lehte<\/p>\n<p>Paberis\u00f6\u00f6tja maht: 250 lehte (Standardne), 1835 lehte (v\u00f5imalus)<\/p>\n<p>\u00dchendused:\u00a0<span class=\"technical-specifications__specification-value\">USB, WiFi, Wi-Fi Direct<\/span><\/p>\n<p>Toetatavad operatsioonis\u00fcsteemid: Windows, Windows Server, MacOS<\/p>\n<p>NB! Tindid ei ole komplektis!<\/p>\n<p>Lisainfo:\u00a0<a href=\"https:\/\/www.epson.ee\/et_EE\/tooted\/printerid\/inkjet\/%c3%84riline-tindiprinter\/workforce-pro-wf-c878rdwf\/p\/28788\">Tehniline kirjeldus eesti keeles<\/a><\/p>\n<p>Tel: +372 6 112 256<\/p>\n<p>GSM: +372 5 014 470<\/p>\n","protected":false},"excerpt":{"rendered":"<p>Funktsioonid: printimine, skannimine, kopeerimine Tr\u00fckikiirus (ISO\/IEC 24734):\u00a025 Lk\/min (must), 24 Lk\/min (v\u00e4rviline) Tr\u00fckikvaliteet: 4800 x 1200 DPI Soovituslik tr\u00fckimaht kuus: 2.000 &#8212; 10.000 lehte Paberis\u00f6\u00f6tja maht: 250 lehte (Standardne), 1835 lehte (v\u00f5imalus) \u00dchendused:\u00a0USB, WiFi, Wi-Fi Direct Toetatavad operatsioonis\u00fcsteemid: Windows, Windows Server, MacOS NB! Tindid ei ole komplektis! Lisainfo:\u00a0Tehniline kirjeldus eesti keeles Tel: +372 6 112 [&hellip;]<\/p>\n","protected":false},"featured_media":7883,"template":"","meta":{"_acf_changed":false},"product_brand":[405],"product_cat":[233,235],"product_tag":[],"class_list":{"0":"post-7891","1":"product","2":"type-product","3":"status-publish","4":"has-post-thumbnail","6":"product_brand-epson","7":"product_cat-koopiamasinad-ru","8":"product_cat-a3-printer-skanner-koopiamasinad-ru","9":"product_brands-epson-ru","11":"first","12":"instock","13":"sale","14":"taxable","15":"shipping-taxable","16":"purchasable","17":"product-type-simple"},"acf":[],"yoast_head":"<!-- This site is optimized with the Yoast SEO plugin v26.2 - https:\/\/yoast.com\/wordpress\/plugins\/seo\/ -->\n<title>Epson WorkForce Pro WF-C878RDWF multifunktsionaalne A3 v\u00e4rvi-tindiprinter - RTT<\/title>\n<meta name=\"description\" content=\"Epson WorkForce Pro WF-C878RDWF \u2013 A3 v\u00e4rviline multifunktsionaalne printer. Kiire, t\u00f6\u00f6kindel ja energias\u00e4\u00e4stlik lahendus kontorisse.\" \/>\n<meta name=\"robots\" content=\"index, follow, max-snippet:-1, max-image-preview:large, max-video-preview:-1\" \/>\n<link rel=\"canonical\" href=\"https:\/\/rtt.ee\/ru\/toode\/koopiamasinad-ru\/a3-printer-skanner-koopiamasinad-ru\/epson-workforce-wf-c878\/\" \/>\n<meta property=\"og:locale\" content=\"ru_RU\" \/>\n<meta property=\"og:type\" content=\"article\" \/>\n<meta property=\"og:title\" content=\"Epson WorkForce Pro WF-C878RDWF multifunktsionaalne A3 v\u00e4rvi-tindiprinter - RTT\" \/>\n<meta property=\"og:description\" content=\"Epson WorkForce Pro WF-C878RDWF \u2013 A3 v\u00e4rviline multifunktsionaalne printer. Kiire, t\u00f6\u00f6kindel ja energias\u00e4\u00e4stlik lahendus kontorisse.\" \/>\n<meta property=\"og:url\" content=\"https:\/\/rtt.ee\/ru\/toode\/koopiamasinad-ru\/a3-printer-skanner-koopiamasinad-ru\/epson-workforce-wf-c878\/\" \/>\n<meta property=\"og:site_name\" content=\"RTT\" \/>\n<meta property=\"article:modified_time\" content=\"2026-03-27T13:08:06+00:00\" \/>\n<meta property=\"og:image\" content=\"https:\/\/rtt.ee\/wp-content\/uploads\/2021\/10\/28983-productpicture-lores-wf-c878rdtwfc-667x1024.png\" \/>\n\t<meta property=\"og:image:width\" content=\"667\" \/>\n\t<meta property=\"og:image:height\" content=\"1024\" \/>\n\t<meta property=\"og:image:type\" content=\"image\/png\" \/>\n<meta name=\"twitter:card\" content=\"summary_large_image\" \/>\n<script type=\"application\/ld+json\" class=\"yoast-schema-graph\">{\"@context\":\"https:\/\/schema.org\",\"@graph\":[{\"@type\":\"WebPage\",\"@id\":\"https:\/\/rtt.ee\/ru\/toode\/koopiamasinad-ru\/a3-printer-skanner-koopiamasinad-ru\/epson-workforce-wf-c878\/\",\"url\":\"https:\/\/rtt.ee\/ru\/toode\/koopiamasinad-ru\/a3-printer-skanner-koopiamasinad-ru\/epson-workforce-wf-c878\/\",\"name\":\"Epson WorkForce Pro WF-C878RDWF multifunktsionaalne A3 v\u00e4rvi-tindiprinter - RTT\",\"isPartOf\":{\"@id\":\"https:\/\/rtt.ee\/en\/#website\"},\"primaryImageOfPage\":{\"@id\":\"https:\/\/rtt.ee\/ru\/toode\/koopiamasinad-ru\/a3-printer-skanner-koopiamasinad-ru\/epson-workforce-wf-c878\/#primaryimage\"},\"image\":{\"@id\":\"https:\/\/rtt.ee\/ru\/toode\/koopiamasinad-ru\/a3-printer-skanner-koopiamasinad-ru\/epson-workforce-wf-c878\/#primaryimage\"},\"thumbnailUrl\":\"https:\/\/rtt.ee\/wp-content\/uploads\/2021\/10\/28983-productpicture-lores-wf-c878rdtwfc.png\",\"datePublished\":\"2021-10-05T08:04:54+00:00\",\"dateModified\":\"2026-03-27T13:08:06+00:00\",\"description\":\"Epson WorkForce Pro WF-C878RDWF \u2013 A3 v\u00e4rviline multifunktsionaalne printer. Kiire, t\u00f6\u00f6kindel ja energias\u00e4\u00e4stlik lahendus kontorisse.\",\"breadcrumb\":{\"@id\":\"https:\/\/rtt.ee\/ru\/toode\/koopiamasinad-ru\/a3-printer-skanner-koopiamasinad-ru\/epson-workforce-wf-c878\/#breadcrumb\"},\"inLanguage\":\"ru-RU\",\"potentialAction\":[{\"@type\":\"ReadAction\",\"target\":[\"https:\/\/rtt.ee\/ru\/toode\/koopiamasinad-ru\/a3-printer-skanner-koopiamasinad-ru\/epson-workforce-wf-c878\/\"]}]},{\"@type\":\"ImageObject\",\"inLanguage\":\"ru-RU\",\"@id\":\"https:\/\/rtt.ee\/ru\/toode\/koopiamasinad-ru\/a3-printer-skanner-koopiamasinad-ru\/epson-workforce-wf-c878\/#primaryimage\",\"url\":\"https:\/\/rtt.ee\/wp-content\/uploads\/2021\/10\/28983-productpicture-lores-wf-c878rdtwfc.png\",\"contentUrl\":\"https:\/\/rtt.ee\/wp-content\/uploads\/2021\/10\/28983-productpicture-lores-wf-c878rdtwfc.png\",\"width\":1500,\"height\":2304},{\"@type\":\"BreadcrumbList\",\"@id\":\"https:\/\/rtt.ee\/ru\/toode\/koopiamasinad-ru\/a3-printer-skanner-koopiamasinad-ru\/epson-workforce-wf-c878\/#breadcrumb\",\"itemListElement\":[{\"@type\":\"ListItem\",\"position\":1,\"name\":\"\u0413\u043b\u0430\u0432\u043d\u0430\u044f\",\"item\":\"https:\/\/rtt.ee\/ru\/\"},{\"@type\":\"ListItem\",\"position\":2,\"name\":\"Magazin\",\"item\":\"https:\/\/rtt.ee\/ru\/pood\/\"},{\"@type\":\"ListItem\",\"position\":3,\"name\":\"Koopiamasinad\",\"item\":\"https:\/\/rtt.ee\/tootekategooria\/koopiamasinad\/\"},{\"@type\":\"ListItem\",\"position\":4,\"name\":\"A3 Printer-Sk\u00e4nner-Koopiamasinad\",\"item\":\"https:\/\/rtt.ee\/tootekategooria\/koopiamasinad\/a3-printer-skanner-koopiamasinad\/\"},{\"@type\":\"ListItem\",\"position\":5,\"name\":\"Epson WorkForce Pro WF-C878RDWF multifunktsionaalne A3 v\u00e4rvi-tindiprinter\"}]},{\"@type\":\"WebSite\",\"@id\":\"https:\/\/rtt.ee\/en\/#website\",\"url\":\"https:\/\/rtt.ee\/en\/\",\"name\":\"RTT\",\"description\":\"Kassaaparaadid ja kontorikaubad\",\"potentialAction\":[{\"@type\":\"SearchAction\",\"target\":{\"@type\":\"EntryPoint\",\"urlTemplate\":\"https:\/\/rtt.ee\/en\/?s={search_term_string}\"},\"query-input\":{\"@type\":\"PropertyValueSpecification\",\"valueRequired\":true,\"valueName\":\"search_term_string\"}}],\"inLanguage\":\"ru-RU\"}]}<\/script>\n<!-- \/ Yoast SEO plugin. -->","yoast_head_json":{"title":"Epson WorkForce Pro WF-C878RDWF multifunktsionaalne A3 v\u00e4rvi-tindiprinter - RTT","description":"Epson WorkForce Pro WF-C878RDWF \u2013 A3 v\u00e4rviline multifunktsionaalne printer. Kiire, t\u00f6\u00f6kindel ja energias\u00e4\u00e4stlik lahendus kontorisse.","robots":{"index":"index","follow":"follow","max-snippet":"max-snippet:-1","max-image-preview":"max-image-preview:large","max-video-preview":"max-video-preview:-1"},"canonical":"https:\/\/rtt.ee\/ru\/toode\/koopiamasinad-ru\/a3-printer-skanner-koopiamasinad-ru\/epson-workforce-wf-c878\/","og_locale":"ru_RU","og_type":"article","og_title":"Epson WorkForce Pro WF-C878RDWF multifunktsionaalne A3 v\u00e4rvi-tindiprinter - RTT","og_description":"Epson WorkForce Pro WF-C878RDWF \u2013 A3 v\u00e4rviline multifunktsionaalne printer. Kiire, t\u00f6\u00f6kindel ja energias\u00e4\u00e4stlik lahendus kontorisse.","og_url":"https:\/\/rtt.ee\/ru\/toode\/koopiamasinad-ru\/a3-printer-skanner-koopiamasinad-ru\/epson-workforce-wf-c878\/","og_site_name":"RTT","article_modified_time":"2026-03-27T13:08:06+00:00","og_image":[{"width":667,"height":1024,"url":"https:\/\/rtt.ee\/wp-content\/uploads\/2021\/10\/28983-productpicture-lores-wf-c878rdtwfc-667x1024.png","type":"image\/png"}],"twitter_card":"summary_large_image","schema":{"@context":"https:\/\/schema.org","@graph":[{"@type":"WebPage","@id":"https:\/\/rtt.ee\/ru\/toode\/koopiamasinad-ru\/a3-printer-skanner-koopiamasinad-ru\/epson-workforce-wf-c878\/","url":"https:\/\/rtt.ee\/ru\/toode\/koopiamasinad-ru\/a3-printer-skanner-koopiamasinad-ru\/epson-workforce-wf-c878\/","name":"Epson WorkForce Pro WF-C878RDWF multifunktsionaalne A3 v\u00e4rvi-tindiprinter - RTT","isPartOf":{"@id":"https:\/\/rtt.ee\/en\/#website"},"primaryImageOfPage":{"@id":"https:\/\/rtt.ee\/ru\/toode\/koopiamasinad-ru\/a3-printer-skanner-koopiamasinad-ru\/epson-workforce-wf-c878\/#primaryimage"},"image":{"@id":"https:\/\/rtt.ee\/ru\/toode\/koopiamasinad-ru\/a3-printer-skanner-koopiamasinad-ru\/epson-workforce-wf-c878\/#primaryimage"},"thumbnailUrl":"https:\/\/rtt.ee\/wp-content\/uploads\/2021\/10\/28983-productpicture-lores-wf-c878rdtwfc.png","datePublished":"2021-10-05T08:04:54+00:00","dateModified":"2026-03-27T13:08:06+00:00","description":"Epson WorkForce Pro WF-C878RDWF \u2013 A3 v\u00e4rviline multifunktsionaalne printer. Kiire, t\u00f6\u00f6kindel ja energias\u00e4\u00e4stlik lahendus kontorisse.","breadcrumb":{"@id":"https:\/\/rtt.ee\/ru\/toode\/koopiamasinad-ru\/a3-printer-skanner-koopiamasinad-ru\/epson-workforce-wf-c878\/#breadcrumb"},"inLanguage":"ru-RU","potentialAction":[{"@type":"ReadAction","target":["https:\/\/rtt.ee\/ru\/toode\/koopiamasinad-ru\/a3-printer-skanner-koopiamasinad-ru\/epson-workforce-wf-c878\/"]}]},{"@type":"ImageObject","inLanguage":"ru-RU","@id":"https:\/\/rtt.ee\/ru\/toode\/koopiamasinad-ru\/a3-printer-skanner-koopiamasinad-ru\/epson-workforce-wf-c878\/#primaryimage","url":"https:\/\/rtt.ee\/wp-content\/uploads\/2021\/10\/28983-productpicture-lores-wf-c878rdtwfc.png","contentUrl":"https:\/\/rtt.ee\/wp-content\/uploads\/2021\/10\/28983-productpicture-lores-wf-c878rdtwfc.png","width":1500,"height":2304},{"@type":"BreadcrumbList","@id":"https:\/\/rtt.ee\/ru\/toode\/koopiamasinad-ru\/a3-printer-skanner-koopiamasinad-ru\/epson-workforce-wf-c878\/#breadcrumb","itemListElement":[{"@type":"ListItem","position":1,"name":"\u0413\u043b\u0430\u0432\u043d\u0430\u044f","item":"https:\/\/rtt.ee\/ru\/"},{"@type":"ListItem","position":2,"name":"Magazin","item":"https:\/\/rtt.ee\/ru\/pood\/"},{"@type":"ListItem","position":3,"name":"Koopiamasinad","item":"https:\/\/rtt.ee\/tootekategooria\/koopiamasinad\/"},{"@type":"ListItem","position":4,"name":"A3 Printer-Sk\u00e4nner-Koopiamasinad","item":"https:\/\/rtt.ee\/tootekategooria\/koopiamasinad\/a3-printer-skanner-koopiamasinad\/"},{"@type":"ListItem","position":5,"name":"Epson WorkForce Pro WF-C878RDWF multifunktsionaalne A3 v\u00e4rvi-tindiprinter"}]},{"@type":"WebSite","@id":"https:\/\/rtt.ee\/en\/#website","url":"https:\/\/rtt.ee\/en\/","name":"RTT","description":"Kassaaparaadid ja kontorikaubad","potentialAction":[{"@type":"SearchAction","target":{"@type":"EntryPoint","urlTemplate":"https:\/\/rtt.ee\/en\/?s={search_term_string}"},"query-input":{"@type":"PropertyValueSpecification","valueRequired":true,"valueName":"search_term_string"}}],"inLanguage":"ru-RU"}]}},"_links":{"self":[{"href":"https:\/\/rtt.ee\/ru\/wp-json\/wp\/v2\/product\/7891","targetHints":{"allow":["GET"]}}],"collection":[{"href":"https:\/\/rtt.ee\/ru\/wp-json\/wp\/v2\/product"}],"about":[{"href":"https:\/\/rtt.ee\/ru\/wp-json\/wp\/v2\/types\/product"}],"wp:featuredmedia":[{"embeddable":true,"href":"https:\/\/rtt.ee\/ru\/wp-json\/wp\/v2\/media\/7883"}],"wp:attachment":[{"href":"https:\/\/rtt.ee\/ru\/wp-json\/wp\/v2\/media?parent=7891"}],"wp:term":[{"taxonomy":"product_brand","embeddable":true,"href":"https:\/\/rtt.ee\/ru\/wp-json\/wp\/v2\/product_brand?post=7891"},{"taxonomy":"product_cat","embeddable":true,"href":"https:\/\/rtt.ee\/ru\/wp-json\/wp\/v2\/product_cat?post=7891"},{"taxonomy":"product_tag","embeddable":true,"href":"https:\/\/rtt.ee\/ru\/wp-json\/wp\/v2\/product_tag?post=7891"}],"curies":[{"name":"wp","href":"https:\/\/api.w.org\/{rel}","templated":true}]}}