{"id":7677,"date":"2021-07-27T11:24:37","date_gmt":"2021-07-27T08:24:37","guid":{"rendered":"https:\/\/rtt.ee\/toode\/uncategorized\/epson-ecotank-pro-l15180\/"},"modified":"2026-04-09T10:45:56","modified_gmt":"2026-04-09T07:45:56","slug":"epson-ecotank-pro-l15180","status":"publish","type":"product","link":"https:\/\/rtt.ee\/ru\/toode\/koopiamasinad-ru\/a3-printer-skanner-koopiamasinad-ru\/epson-ecotank-pro-l15180\/","title":{"rendered":"Epson EcoTank Pro L15180 multifunktsionaalne A3 v\u00e4rvi-tindiprinter"},"content":{"rendered":"<p><span style=\"font-size: 12pt;font-family: georgia, palatino, serif\">Funktsioonid: printimine, skannimine, kopeerimine, faksimine<br \/>\n<\/span><\/p>\n<p><span style=\"font-family: georgia, palatino, serif;font-size: 12pt\">Tr\u00fckikiirus: 25 lk\/min<\/span><\/p>\n<p>Paberis\u00f6\u00f6tja maht: 250 lehte (Standardne), 550 lehte (lisa)<\/p>\n<div class=\"spec-pair\">\n<div class=\"key\"><span style=\"font-family: georgia, palatino, serif;font-size: 12pt\">\u00dchendused: <\/span><span style=\"font-family: georgia, palatino, serif;font-size: 12pt\">USB 2.0 , LAN liides, WIFI (IEEE 802.11a\/b\/g\/n\/ac)<\/span><\/div>\n<\/div>\n<p>Toetatavad operatsioonis\u00fcsteemid: Android, Windows, Windows Server, MacOS<\/p>\n<p><span style=\"font-family: georgia, palatino, serif;font-size: 12pt\">Lisafunktsioonid: kahepoolne printimine, otseprintimine USB-lt, puutetundlik ekraan<\/span><\/p>\n<p>Lisainfo: <a href=\"https:\/\/www.epson.ee\/et_EE\/tooted\/printerid\/inkjet\/\u00c4riline-tindiprinter\/ecotank-l15180-a3-multifunktsionaalne-wi-fi-\u00fchenduvuse-ja-tindimahutiga-printer-koos-skanneri%2C-paljundamise-ja-faksiga\/p\/31131\">Tehniline kirjeldus eesti keeles<\/a><\/p>\n<p>Tel: +372 6 112 256<\/p>\n<p>GSM: +372 5 014 470<\/p>\n","protected":false},"excerpt":{"rendered":"<p>Funktsioonid: printimine, skannimine, kopeerimine, faksimine Tr\u00fckikiirus: 25 lk\/min Paberis\u00f6\u00f6tja maht: 250 lehte (Standardne), 550 lehte (lisa) \u00dchendused: USB 2.0 , LAN liides, WIFI (IEEE 802.11a\/b\/g\/n\/ac) Toetatavad operatsioonis\u00fcsteemid: Android, Windows, Windows Server, MacOS Lisafunktsioonid: kahepoolne printimine, otseprintimine USB-lt, puutetundlik ekraan Lisainfo: Tehniline kirjeldus eesti keeles Tel: +372 6 112 256 GSM: +372 5 014 470<\/p>\n","protected":false},"featured_media":7669,"template":"","meta":{"_acf_changed":false},"product_brand":[405],"product_cat":[233,235],"product_tag":[],"class_list":{"0":"post-7677","1":"product","2":"type-product","3":"status-publish","4":"has-post-thumbnail","6":"product_brand-epson","7":"product_cat-koopiamasinad-ru","8":"product_cat-a3-printer-skanner-koopiamasinad-ru","9":"product_brands-epson-ru","11":"first","12":"onbackorder","13":"sale","14":"taxable","15":"shipping-taxable","16":"purchasable","17":"product-type-simple"},"acf":[],"yoast_head":"<!-- This site is optimized with the Yoast SEO plugin v26.2 - https:\/\/yoast.com\/wordpress\/plugins\/seo\/ -->\n<title>Epson EcoTank Pro L15180 multifunktsionaalne A3 v\u00e4rvi-tindiprinter - RTT<\/title>\n<meta name=\"description\" content=\"Epson L15180 on 3-in-1 A3 v\u00e4rviline MFP. EcoTank Pro tagab \u00fclimalt madala lehek\u00fclje hinna. Heat-Free tehnoloogia, kiire printimine (25 lk\/min)\" \/>\n<meta name=\"robots\" content=\"index, follow, max-snippet:-1, max-image-preview:large, max-video-preview:-1\" \/>\n<link rel=\"canonical\" href=\"https:\/\/rtt.ee\/ru\/toode\/koopiamasinad-ru\/a3-printer-skanner-koopiamasinad-ru\/epson-ecotank-pro-l15180\/\" \/>\n<meta property=\"og:locale\" content=\"ru_RU\" \/>\n<meta property=\"og:type\" content=\"article\" \/>\n<meta property=\"og:title\" content=\"Epson EcoTank Pro L15180 multifunktsionaalne A3 v\u00e4rvi-tindiprinter - RTT\" \/>\n<meta property=\"og:description\" content=\"Epson L15180 on 3-in-1 A3 v\u00e4rviline MFP. EcoTank Pro tagab \u00fclimalt madala lehek\u00fclje hinna. Heat-Free tehnoloogia, kiire printimine (25 lk\/min)\" \/>\n<meta property=\"og:url\" content=\"https:\/\/rtt.ee\/ru\/toode\/koopiamasinad-ru\/a3-printer-skanner-koopiamasinad-ru\/epson-ecotank-pro-l15180\/\" \/>\n<meta property=\"og:site_name\" content=\"RTT\" \/>\n<meta property=\"article:modified_time\" content=\"2026-04-09T07:45:56+00:00\" \/>\n<meta property=\"og:image\" content=\"https:\/\/rtt.ee\/wp-content\/uploads\/2021\/07\/ecotank-pro-et-16680_l15180_et-m16680_m15180-product-image-12--e1775033372195.jpg\" \/>\n\t<meta property=\"og:image:width\" content=\"960\" \/>\n\t<meta property=\"og:image:height\" content=\"720\" \/>\n\t<meta property=\"og:image:type\" content=\"image\/jpeg\" \/>\n<meta name=\"twitter:card\" content=\"summary_large_image\" \/>\n<script type=\"application\/ld+json\" class=\"yoast-schema-graph\">{\"@context\":\"https:\/\/schema.org\",\"@graph\":[{\"@type\":\"WebPage\",\"@id\":\"https:\/\/rtt.ee\/ru\/toode\/koopiamasinad-ru\/a3-printer-skanner-koopiamasinad-ru\/epson-ecotank-pro-l15180\/\",\"url\":\"https:\/\/rtt.ee\/ru\/toode\/koopiamasinad-ru\/a3-printer-skanner-koopiamasinad-ru\/epson-ecotank-pro-l15180\/\",\"name\":\"Epson EcoTank Pro L15180 multifunktsionaalne A3 v\u00e4rvi-tindiprinter - RTT\",\"isPartOf\":{\"@id\":\"https:\/\/rtt.ee\/en\/#website\"},\"primaryImageOfPage\":{\"@id\":\"https:\/\/rtt.ee\/ru\/toode\/koopiamasinad-ru\/a3-printer-skanner-koopiamasinad-ru\/epson-ecotank-pro-l15180\/#primaryimage\"},\"image\":{\"@id\":\"https:\/\/rtt.ee\/ru\/toode\/koopiamasinad-ru\/a3-printer-skanner-koopiamasinad-ru\/epson-ecotank-pro-l15180\/#primaryimage\"},\"thumbnailUrl\":\"https:\/\/rtt.ee\/wp-content\/uploads\/2021\/07\/ecotank-pro-et-16680_l15180_et-m16680_m15180-product-image-12--e1775033372195.jpg\",\"datePublished\":\"2021-07-27T08:24:37+00:00\",\"dateModified\":\"2026-04-09T07:45:56+00:00\",\"description\":\"Epson L15180 on 3-in-1 A3 v\u00e4rviline MFP. EcoTank Pro tagab \u00fclimalt madala lehek\u00fclje hinna. Heat-Free tehnoloogia, kiire printimine (25 lk\/min)\",\"breadcrumb\":{\"@id\":\"https:\/\/rtt.ee\/ru\/toode\/koopiamasinad-ru\/a3-printer-skanner-koopiamasinad-ru\/epson-ecotank-pro-l15180\/#breadcrumb\"},\"inLanguage\":\"ru-RU\",\"potentialAction\":[{\"@type\":\"ReadAction\",\"target\":[\"https:\/\/rtt.ee\/ru\/toode\/koopiamasinad-ru\/a3-printer-skanner-koopiamasinad-ru\/epson-ecotank-pro-l15180\/\"]}]},{\"@type\":\"ImageObject\",\"inLanguage\":\"ru-RU\",\"@id\":\"https:\/\/rtt.ee\/ru\/toode\/koopiamasinad-ru\/a3-printer-skanner-koopiamasinad-ru\/epson-ecotank-pro-l15180\/#primaryimage\",\"url\":\"https:\/\/rtt.ee\/wp-content\/uploads\/2021\/07\/ecotank-pro-et-16680_l15180_et-m16680_m15180-product-image-12--e1775033372195.jpg\",\"contentUrl\":\"https:\/\/rtt.ee\/wp-content\/uploads\/2021\/07\/ecotank-pro-et-16680_l15180_et-m16680_m15180-product-image-12--e1775033372195.jpg\",\"width\":960,\"height\":720},{\"@type\":\"BreadcrumbList\",\"@id\":\"https:\/\/rtt.ee\/ru\/toode\/koopiamasinad-ru\/a3-printer-skanner-koopiamasinad-ru\/epson-ecotank-pro-l15180\/#breadcrumb\",\"itemListElement\":[{\"@type\":\"ListItem\",\"position\":1,\"name\":\"\u0413\u043b\u0430\u0432\u043d\u0430\u044f\",\"item\":\"https:\/\/rtt.ee\/ru\/\"},{\"@type\":\"ListItem\",\"position\":2,\"name\":\"Magazin\",\"item\":\"https:\/\/rtt.ee\/ru\/pood\/\"},{\"@type\":\"ListItem\",\"position\":3,\"name\":\"\u041a\u043e\u043f\u0438\u0440\u043e\u0432\u0430\u043b\u044c\u043d\u044b\u0435 \u0430\u043f\u043f\u0430\u0440\u0430\u0442\u044b\",\"item\":\"https:\/\/rtt.ee\/ru\/tootekategooria\/koopiamasinad-ru\/\"},{\"@type\":\"ListItem\",\"position\":4,\"name\":\"A3 Printer-Sk\u00e4nner-Koopiamasinad\",\"item\":\"https:\/\/rtt.ee\/tootekategooria\/koopiamasinad\/a3-printer-skanner-koopiamasinad\/\"},{\"@type\":\"ListItem\",\"position\":5,\"name\":\"Epson EcoTank Pro L15180 multifunktsionaalne A3 v\u00e4rvi-tindiprinter\"}]},{\"@type\":\"WebSite\",\"@id\":\"https:\/\/rtt.ee\/en\/#website\",\"url\":\"https:\/\/rtt.ee\/en\/\",\"name\":\"RTT\",\"description\":\"Kassaaparaadid ja kontorikaubad\",\"potentialAction\":[{\"@type\":\"SearchAction\",\"target\":{\"@type\":\"EntryPoint\",\"urlTemplate\":\"https:\/\/rtt.ee\/en\/?s={search_term_string}\"},\"query-input\":{\"@type\":\"PropertyValueSpecification\",\"valueRequired\":true,\"valueName\":\"search_term_string\"}}],\"inLanguage\":\"ru-RU\"}]}<\/script>\n<!-- \/ Yoast SEO plugin. -->","yoast_head_json":{"title":"Epson EcoTank Pro L15180 multifunktsionaalne A3 v\u00e4rvi-tindiprinter - RTT","description":"Epson L15180 on 3-in-1 A3 v\u00e4rviline MFP. EcoTank Pro tagab \u00fclimalt madala lehek\u00fclje hinna. Heat-Free tehnoloogia, kiire printimine (25 lk\/min)","robots":{"index":"index","follow":"follow","max-snippet":"max-snippet:-1","max-image-preview":"max-image-preview:large","max-video-preview":"max-video-preview:-1"},"canonical":"https:\/\/rtt.ee\/ru\/toode\/koopiamasinad-ru\/a3-printer-skanner-koopiamasinad-ru\/epson-ecotank-pro-l15180\/","og_locale":"ru_RU","og_type":"article","og_title":"Epson EcoTank Pro L15180 multifunktsionaalne A3 v\u00e4rvi-tindiprinter - RTT","og_description":"Epson L15180 on 3-in-1 A3 v\u00e4rviline MFP. EcoTank Pro tagab \u00fclimalt madala lehek\u00fclje hinna. Heat-Free tehnoloogia, kiire printimine (25 lk\/min)","og_url":"https:\/\/rtt.ee\/ru\/toode\/koopiamasinad-ru\/a3-printer-skanner-koopiamasinad-ru\/epson-ecotank-pro-l15180\/","og_site_name":"RTT","article_modified_time":"2026-04-09T07:45:56+00:00","og_image":[{"width":960,"height":720,"url":"https:\/\/rtt.ee\/wp-content\/uploads\/2021\/07\/ecotank-pro-et-16680_l15180_et-m16680_m15180-product-image-12--e1775033372195.jpg","type":"image\/jpeg"}],"twitter_card":"summary_large_image","schema":{"@context":"https:\/\/schema.org","@graph":[{"@type":"WebPage","@id":"https:\/\/rtt.ee\/ru\/toode\/koopiamasinad-ru\/a3-printer-skanner-koopiamasinad-ru\/epson-ecotank-pro-l15180\/","url":"https:\/\/rtt.ee\/ru\/toode\/koopiamasinad-ru\/a3-printer-skanner-koopiamasinad-ru\/epson-ecotank-pro-l15180\/","name":"Epson EcoTank Pro L15180 multifunktsionaalne A3 v\u00e4rvi-tindiprinter - RTT","isPartOf":{"@id":"https:\/\/rtt.ee\/en\/#website"},"primaryImageOfPage":{"@id":"https:\/\/rtt.ee\/ru\/toode\/koopiamasinad-ru\/a3-printer-skanner-koopiamasinad-ru\/epson-ecotank-pro-l15180\/#primaryimage"},"image":{"@id":"https:\/\/rtt.ee\/ru\/toode\/koopiamasinad-ru\/a3-printer-skanner-koopiamasinad-ru\/epson-ecotank-pro-l15180\/#primaryimage"},"thumbnailUrl":"https:\/\/rtt.ee\/wp-content\/uploads\/2021\/07\/ecotank-pro-et-16680_l15180_et-m16680_m15180-product-image-12--e1775033372195.jpg","datePublished":"2021-07-27T08:24:37+00:00","dateModified":"2026-04-09T07:45:56+00:00","description":"Epson L15180 on 3-in-1 A3 v\u00e4rviline MFP. EcoTank Pro tagab \u00fclimalt madala lehek\u00fclje hinna. Heat-Free tehnoloogia, kiire printimine (25 lk\/min)","breadcrumb":{"@id":"https:\/\/rtt.ee\/ru\/toode\/koopiamasinad-ru\/a3-printer-skanner-koopiamasinad-ru\/epson-ecotank-pro-l15180\/#breadcrumb"},"inLanguage":"ru-RU","potentialAction":[{"@type":"ReadAction","target":["https:\/\/rtt.ee\/ru\/toode\/koopiamasinad-ru\/a3-printer-skanner-koopiamasinad-ru\/epson-ecotank-pro-l15180\/"]}]},{"@type":"ImageObject","inLanguage":"ru-RU","@id":"https:\/\/rtt.ee\/ru\/toode\/koopiamasinad-ru\/a3-printer-skanner-koopiamasinad-ru\/epson-ecotank-pro-l15180\/#primaryimage","url":"https:\/\/rtt.ee\/wp-content\/uploads\/2021\/07\/ecotank-pro-et-16680_l15180_et-m16680_m15180-product-image-12--e1775033372195.jpg","contentUrl":"https:\/\/rtt.ee\/wp-content\/uploads\/2021\/07\/ecotank-pro-et-16680_l15180_et-m16680_m15180-product-image-12--e1775033372195.jpg","width":960,"height":720},{"@type":"BreadcrumbList","@id":"https:\/\/rtt.ee\/ru\/toode\/koopiamasinad-ru\/a3-printer-skanner-koopiamasinad-ru\/epson-ecotank-pro-l15180\/#breadcrumb","itemListElement":[{"@type":"ListItem","position":1,"name":"\u0413\u043b\u0430\u0432\u043d\u0430\u044f","item":"https:\/\/rtt.ee\/ru\/"},{"@type":"ListItem","position":2,"name":"Magazin","item":"https:\/\/rtt.ee\/ru\/pood\/"},{"@type":"ListItem","position":3,"name":"\u041a\u043e\u043f\u0438\u0440\u043e\u0432\u0430\u043b\u044c\u043d\u044b\u0435 \u0430\u043f\u043f\u0430\u0440\u0430\u0442\u044b","item":"https:\/\/rtt.ee\/ru\/tootekategooria\/koopiamasinad-ru\/"},{"@type":"ListItem","position":4,"name":"A3 Printer-Sk\u00e4nner-Koopiamasinad","item":"https:\/\/rtt.ee\/tootekategooria\/koopiamasinad\/a3-printer-skanner-koopiamasinad\/"},{"@type":"ListItem","position":5,"name":"Epson EcoTank Pro L15180 multifunktsionaalne A3 v\u00e4rvi-tindiprinter"}]},{"@type":"WebSite","@id":"https:\/\/rtt.ee\/en\/#website","url":"https:\/\/rtt.ee\/en\/","name":"RTT","description":"Kassaaparaadid ja kontorikaubad","potentialAction":[{"@type":"SearchAction","target":{"@type":"EntryPoint","urlTemplate":"https:\/\/rtt.ee\/en\/?s={search_term_string}"},"query-input":{"@type":"PropertyValueSpecification","valueRequired":true,"valueName":"search_term_string"}}],"inLanguage":"ru-RU"}]}},"_links":{"self":[{"href":"https:\/\/rtt.ee\/ru\/wp-json\/wp\/v2\/product\/7677","targetHints":{"allow":["GET"]}}],"collection":[{"href":"https:\/\/rtt.ee\/ru\/wp-json\/wp\/v2\/product"}],"about":[{"href":"https:\/\/rtt.ee\/ru\/wp-json\/wp\/v2\/types\/product"}],"wp:featuredmedia":[{"embeddable":true,"href":"https:\/\/rtt.ee\/ru\/wp-json\/wp\/v2\/media\/7669"}],"wp:attachment":[{"href":"https:\/\/rtt.ee\/ru\/wp-json\/wp\/v2\/media?parent=7677"}],"wp:term":[{"taxonomy":"product_brand","embeddable":true,"href":"https:\/\/rtt.ee\/ru\/wp-json\/wp\/v2\/product_brand?post=7677"},{"taxonomy":"product_cat","embeddable":true,"href":"https:\/\/rtt.ee\/ru\/wp-json\/wp\/v2\/product_cat?post=7677"},{"taxonomy":"product_tag","embeddable":true,"href":"https:\/\/rtt.ee\/ru\/wp-json\/wp\/v2\/product_tag?post=7677"}],"curies":[{"name":"wp","href":"https:\/\/api.w.org\/{rel}","templated":true}]}}