{"id":7626,"date":"2021-07-07T14:11:22","date_gmt":"2021-07-07T11:11:22","guid":{"rendered":"https:\/\/rtt.ee\/toode\/uncategorized\/sharp-mx-b427w\/"},"modified":"2026-03-31T16:37:53","modified_gmt":"2026-03-31T13:37:53","slug":"sharp-mx-b427w","status":"publish","type":"product","link":"https:\/\/rtt.ee\/ru\/toode\/koopiamasinad-ru\/a4-printer-skanner-koopiamasinad-ru\/sharp-mx-b427w\/","title":{"rendered":"Sharp MX-B427W multifunktsionaalne A4 must-laserprinter"},"content":{"rendered":"<p>Funktsioonid: printimine, skannimine, kopeerimine, fax<\/p>\n<p>Tr\u00fckikiirus A4: 40 Lk\/min (must-valge)<\/p>\n<p>Tr\u00fckikvaliteet (dpi): 600&#215;600<\/p>\n<p>M\u00e4lu: 512MB<\/p>\n<p>Paberis\u00f6\u00f6tja maht: 350 lehte (Standard), 950 lehte (lisav\u00f5imalus)<\/p>\n<p>\u00dchendused: USB, Ethernet, WiFi<\/p>\n<p>Toetatavad operatsioonis\u00fcsteemid: Windows, Windows Server, MacOS<\/p>\n<p>Lisainfo:\u00a0<a href=\"https:\/\/www.sharp.eu\/sharp-mx-b427w\">Tehniline kirjeldus inglise keeles<\/a><\/p>\n<p>Tel: +372 6 112 256<\/p>\n<p>GSM: +372 5 014 470<\/p>\n<p><!--more--><\/p>\n<p><strong>Sharp kontoriseadmete rent ja t\u00e4ishooldus lahendused \u2013 lisainfo\u00a0<a href=\"http:\/\/kontoriprinter.ee\/\">Kontoriprinter.ee<\/a><\/strong><\/p>\n","protected":false},"excerpt":{"rendered":"<p>Funktsioonid: printimine, skannimine, kopeerimine, fax Tr\u00fckikiirus A4: 40 Lk\/min (must-valge) Tr\u00fckikvaliteet (dpi): 600&#215;600 M\u00e4lu: 512MB Paberis\u00f6\u00f6tja maht: 350 lehte (Standard), 950 lehte (lisav\u00f5imalus) \u00dchendused: USB, Ethernet, WiFi Toetatavad operatsioonis\u00fcsteemid: Windows, Windows Server, MacOS Lisainfo:\u00a0Tehniline kirjeldus inglise keeles Tel: +372 6 112 256 GSM: +372 5 014 470<\/p>\n","protected":false},"featured_media":12037,"template":"","meta":{"_acf_changed":false},"product_brand":[404],"product_cat":[233,236],"product_tag":[],"class_list":{"0":"post-7626","1":"product","2":"type-product","3":"status-publish","4":"has-post-thumbnail","6":"product_brand-sharp","7":"product_cat-koopiamasinad-ru","8":"product_cat-a4-printer-skanner-koopiamasinad-ru","9":"product_brands-sharp-ru","11":"first","12":"onbackorder","13":"sale","14":"featured","15":"taxable","16":"shipping-taxable","17":"purchasable","18":"product-type-simple"},"acf":[],"yoast_head":"<!-- This site is optimized with the Yoast SEO plugin v26.2 - https:\/\/yoast.com\/wordpress\/plugins\/seo\/ -->\n<title>Sharp MX-B427W multifunktsionaalne A4 must-laserprinter - RTT<\/title>\n<meta name=\"description\" content=\"Sharp MX-B427W \u2013 kompaktne ja kiire mustvalge MFP v\u00e4iksemasse kontorisse. Printimine, kopeerimine ja skannimine kiirusega 40 lk\/min.\" \/>\n<meta name=\"robots\" content=\"index, follow, max-snippet:-1, max-image-preview:large, max-video-preview:-1\" \/>\n<link rel=\"canonical\" href=\"https:\/\/rtt.ee\/ru\/toode\/koopiamasinad-ru\/a4-printer-skanner-koopiamasinad-ru\/sharp-mx-b427w\/\" \/>\n<meta property=\"og:locale\" content=\"ru_RU\" \/>\n<meta property=\"og:type\" content=\"article\" \/>\n<meta property=\"og:title\" content=\"Sharp MX-B427W multifunktsionaalne A4 must-laserprinter - RTT\" \/>\n<meta property=\"og:description\" content=\"Sharp MX-B427W \u2013 kompaktne ja kiire mustvalge MFP v\u00e4iksemasse kontorisse. Printimine, kopeerimine ja skannimine kiirusega 40 lk\/min.\" \/>\n<meta property=\"og:url\" content=\"https:\/\/rtt.ee\/ru\/toode\/koopiamasinad-ru\/a4-printer-skanner-koopiamasinad-ru\/sharp-mx-b427w\/\" \/>\n<meta property=\"og:site_name\" content=\"RTT\" \/>\n<meta property=\"article:modified_time\" content=\"2026-03-31T13:37:53+00:00\" \/>\n<meta property=\"og:image\" content=\"https:\/\/rtt.ee\/wp-content\/uploads\/2021\/07\/MX-B427W-1-1024x1024.png\" \/>\n\t<meta property=\"og:image:width\" content=\"1024\" \/>\n\t<meta property=\"og:image:height\" content=\"1024\" \/>\n\t<meta property=\"og:image:type\" content=\"image\/png\" \/>\n<meta name=\"twitter:card\" content=\"summary_large_image\" \/>\n<script type=\"application\/ld+json\" class=\"yoast-schema-graph\">{\"@context\":\"https:\/\/schema.org\",\"@graph\":[{\"@type\":\"WebPage\",\"@id\":\"https:\/\/rtt.ee\/ru\/toode\/koopiamasinad-ru\/a4-printer-skanner-koopiamasinad-ru\/sharp-mx-b427w\/\",\"url\":\"https:\/\/rtt.ee\/ru\/toode\/koopiamasinad-ru\/a4-printer-skanner-koopiamasinad-ru\/sharp-mx-b427w\/\",\"name\":\"Sharp MX-B427W multifunktsionaalne A4 must-laserprinter - RTT\",\"isPartOf\":{\"@id\":\"https:\/\/rtt.ee\/en\/#website\"},\"primaryImageOfPage\":{\"@id\":\"https:\/\/rtt.ee\/ru\/toode\/koopiamasinad-ru\/a4-printer-skanner-koopiamasinad-ru\/sharp-mx-b427w\/#primaryimage\"},\"image\":{\"@id\":\"https:\/\/rtt.ee\/ru\/toode\/koopiamasinad-ru\/a4-printer-skanner-koopiamasinad-ru\/sharp-mx-b427w\/#primaryimage\"},\"thumbnailUrl\":\"https:\/\/rtt.ee\/wp-content\/uploads\/2021\/07\/MX-B427W-1.png\",\"datePublished\":\"2021-07-07T11:11:22+00:00\",\"dateModified\":\"2026-03-31T13:37:53+00:00\",\"description\":\"Sharp MX-B427W \u2013 kompaktne ja kiire mustvalge MFP v\u00e4iksemasse kontorisse. Printimine, kopeerimine ja skannimine kiirusega 40 lk\/min.\",\"breadcrumb\":{\"@id\":\"https:\/\/rtt.ee\/ru\/toode\/koopiamasinad-ru\/a4-printer-skanner-koopiamasinad-ru\/sharp-mx-b427w\/#breadcrumb\"},\"inLanguage\":\"ru-RU\",\"potentialAction\":[{\"@type\":\"ReadAction\",\"target\":[\"https:\/\/rtt.ee\/ru\/toode\/koopiamasinad-ru\/a4-printer-skanner-koopiamasinad-ru\/sharp-mx-b427w\/\"]}]},{\"@type\":\"ImageObject\",\"inLanguage\":\"ru-RU\",\"@id\":\"https:\/\/rtt.ee\/ru\/toode\/koopiamasinad-ru\/a4-printer-skanner-koopiamasinad-ru\/sharp-mx-b427w\/#primaryimage\",\"url\":\"https:\/\/rtt.ee\/wp-content\/uploads\/2021\/07\/MX-B427W-1.png\",\"contentUrl\":\"https:\/\/rtt.ee\/wp-content\/uploads\/2021\/07\/MX-B427W-1.png\",\"width\":2021,\"height\":2019},{\"@type\":\"BreadcrumbList\",\"@id\":\"https:\/\/rtt.ee\/ru\/toode\/koopiamasinad-ru\/a4-printer-skanner-koopiamasinad-ru\/sharp-mx-b427w\/#breadcrumb\",\"itemListElement\":[{\"@type\":\"ListItem\",\"position\":1,\"name\":\"\u0413\u043b\u0430\u0432\u043d\u0430\u044f\",\"item\":\"https:\/\/rtt.ee\/ru\/\"},{\"@type\":\"ListItem\",\"position\":2,\"name\":\"Magazin\",\"item\":\"https:\/\/rtt.ee\/ru\/pood\/\"},{\"@type\":\"ListItem\",\"position\":3,\"name\":\"Koopiamasinad\",\"item\":\"https:\/\/rtt.ee\/tootekategooria\/koopiamasinad\/\"},{\"@type\":\"ListItem\",\"position\":4,\"name\":\"A4 Printer-Sk\u00e4nner-Koopiamasinad\",\"item\":\"https:\/\/rtt.ee\/tootekategooria\/koopiamasinad\/a4-printer-skanner-koopiamasinad\/\"},{\"@type\":\"ListItem\",\"position\":5,\"name\":\"Sharp MX-B427W multifunktsionaalne A4 must-laserprinter\"}]},{\"@type\":\"WebSite\",\"@id\":\"https:\/\/rtt.ee\/en\/#website\",\"url\":\"https:\/\/rtt.ee\/en\/\",\"name\":\"RTT\",\"description\":\"Kassaaparaadid ja kontorikaubad\",\"potentialAction\":[{\"@type\":\"SearchAction\",\"target\":{\"@type\":\"EntryPoint\",\"urlTemplate\":\"https:\/\/rtt.ee\/en\/?s={search_term_string}\"},\"query-input\":{\"@type\":\"PropertyValueSpecification\",\"valueRequired\":true,\"valueName\":\"search_term_string\"}}],\"inLanguage\":\"ru-RU\"}]}<\/script>\n<!-- \/ Yoast SEO plugin. -->","yoast_head_json":{"title":"Sharp MX-B427W multifunktsionaalne A4 must-laserprinter - RTT","description":"Sharp MX-B427W \u2013 kompaktne ja kiire mustvalge MFP v\u00e4iksemasse kontorisse. Printimine, kopeerimine ja skannimine kiirusega 40 lk\/min.","robots":{"index":"index","follow":"follow","max-snippet":"max-snippet:-1","max-image-preview":"max-image-preview:large","max-video-preview":"max-video-preview:-1"},"canonical":"https:\/\/rtt.ee\/ru\/toode\/koopiamasinad-ru\/a4-printer-skanner-koopiamasinad-ru\/sharp-mx-b427w\/","og_locale":"ru_RU","og_type":"article","og_title":"Sharp MX-B427W multifunktsionaalne A4 must-laserprinter - RTT","og_description":"Sharp MX-B427W \u2013 kompaktne ja kiire mustvalge MFP v\u00e4iksemasse kontorisse. Printimine, kopeerimine ja skannimine kiirusega 40 lk\/min.","og_url":"https:\/\/rtt.ee\/ru\/toode\/koopiamasinad-ru\/a4-printer-skanner-koopiamasinad-ru\/sharp-mx-b427w\/","og_site_name":"RTT","article_modified_time":"2026-03-31T13:37:53+00:00","og_image":[{"width":1024,"height":1024,"url":"https:\/\/rtt.ee\/wp-content\/uploads\/2021\/07\/MX-B427W-1-1024x1024.png","type":"image\/png"}],"twitter_card":"summary_large_image","schema":{"@context":"https:\/\/schema.org","@graph":[{"@type":"WebPage","@id":"https:\/\/rtt.ee\/ru\/toode\/koopiamasinad-ru\/a4-printer-skanner-koopiamasinad-ru\/sharp-mx-b427w\/","url":"https:\/\/rtt.ee\/ru\/toode\/koopiamasinad-ru\/a4-printer-skanner-koopiamasinad-ru\/sharp-mx-b427w\/","name":"Sharp MX-B427W multifunktsionaalne A4 must-laserprinter - RTT","isPartOf":{"@id":"https:\/\/rtt.ee\/en\/#website"},"primaryImageOfPage":{"@id":"https:\/\/rtt.ee\/ru\/toode\/koopiamasinad-ru\/a4-printer-skanner-koopiamasinad-ru\/sharp-mx-b427w\/#primaryimage"},"image":{"@id":"https:\/\/rtt.ee\/ru\/toode\/koopiamasinad-ru\/a4-printer-skanner-koopiamasinad-ru\/sharp-mx-b427w\/#primaryimage"},"thumbnailUrl":"https:\/\/rtt.ee\/wp-content\/uploads\/2021\/07\/MX-B427W-1.png","datePublished":"2021-07-07T11:11:22+00:00","dateModified":"2026-03-31T13:37:53+00:00","description":"Sharp MX-B427W \u2013 kompaktne ja kiire mustvalge MFP v\u00e4iksemasse kontorisse. Printimine, kopeerimine ja skannimine kiirusega 40 lk\/min.","breadcrumb":{"@id":"https:\/\/rtt.ee\/ru\/toode\/koopiamasinad-ru\/a4-printer-skanner-koopiamasinad-ru\/sharp-mx-b427w\/#breadcrumb"},"inLanguage":"ru-RU","potentialAction":[{"@type":"ReadAction","target":["https:\/\/rtt.ee\/ru\/toode\/koopiamasinad-ru\/a4-printer-skanner-koopiamasinad-ru\/sharp-mx-b427w\/"]}]},{"@type":"ImageObject","inLanguage":"ru-RU","@id":"https:\/\/rtt.ee\/ru\/toode\/koopiamasinad-ru\/a4-printer-skanner-koopiamasinad-ru\/sharp-mx-b427w\/#primaryimage","url":"https:\/\/rtt.ee\/wp-content\/uploads\/2021\/07\/MX-B427W-1.png","contentUrl":"https:\/\/rtt.ee\/wp-content\/uploads\/2021\/07\/MX-B427W-1.png","width":2021,"height":2019},{"@type":"BreadcrumbList","@id":"https:\/\/rtt.ee\/ru\/toode\/koopiamasinad-ru\/a4-printer-skanner-koopiamasinad-ru\/sharp-mx-b427w\/#breadcrumb","itemListElement":[{"@type":"ListItem","position":1,"name":"\u0413\u043b\u0430\u0432\u043d\u0430\u044f","item":"https:\/\/rtt.ee\/ru\/"},{"@type":"ListItem","position":2,"name":"Magazin","item":"https:\/\/rtt.ee\/ru\/pood\/"},{"@type":"ListItem","position":3,"name":"Koopiamasinad","item":"https:\/\/rtt.ee\/tootekategooria\/koopiamasinad\/"},{"@type":"ListItem","position":4,"name":"A4 Printer-Sk\u00e4nner-Koopiamasinad","item":"https:\/\/rtt.ee\/tootekategooria\/koopiamasinad\/a4-printer-skanner-koopiamasinad\/"},{"@type":"ListItem","position":5,"name":"Sharp MX-B427W multifunktsionaalne A4 must-laserprinter"}]},{"@type":"WebSite","@id":"https:\/\/rtt.ee\/en\/#website","url":"https:\/\/rtt.ee\/en\/","name":"RTT","description":"Kassaaparaadid ja kontorikaubad","potentialAction":[{"@type":"SearchAction","target":{"@type":"EntryPoint","urlTemplate":"https:\/\/rtt.ee\/en\/?s={search_term_string}"},"query-input":{"@type":"PropertyValueSpecification","valueRequired":true,"valueName":"search_term_string"}}],"inLanguage":"ru-RU"}]}},"_links":{"self":[{"href":"https:\/\/rtt.ee\/ru\/wp-json\/wp\/v2\/product\/7626","targetHints":{"allow":["GET"]}}],"collection":[{"href":"https:\/\/rtt.ee\/ru\/wp-json\/wp\/v2\/product"}],"about":[{"href":"https:\/\/rtt.ee\/ru\/wp-json\/wp\/v2\/types\/product"}],"wp:featuredmedia":[{"embeddable":true,"href":"https:\/\/rtt.ee\/ru\/wp-json\/wp\/v2\/media\/12037"}],"wp:attachment":[{"href":"https:\/\/rtt.ee\/ru\/wp-json\/wp\/v2\/media?parent=7626"}],"wp:term":[{"taxonomy":"product_brand","embeddable":true,"href":"https:\/\/rtt.ee\/ru\/wp-json\/wp\/v2\/product_brand?post=7626"},{"taxonomy":"product_cat","embeddable":true,"href":"https:\/\/rtt.ee\/ru\/wp-json\/wp\/v2\/product_cat?post=7626"},{"taxonomy":"product_tag","embeddable":true,"href":"https:\/\/rtt.ee\/ru\/wp-json\/wp\/v2\/product_tag?post=7626"}],"curies":[{"name":"wp","href":"https:\/\/api.w.org\/{rel}","templated":true}]}}