{"id":7624,"date":"2021-07-07T14:11:33","date_gmt":"2021-07-07T11:11:33","guid":{"rendered":"https:\/\/rtt.ee\/toode\/uncategorized\/sharp-mx-b427pw\/"},"modified":"2025-07-28T16:30:04","modified_gmt":"2025-07-28T13:30:04","slug":"sharp-mx-b427pw","status":"publish","type":"product","link":"https:\/\/rtt.ee\/ru\/toode\/printerid-ru\/sharp-mx-b427pw\/","title":{"rendered":"Sharp MX-B427PW \u2014 \u043b\u0430\u0437\u0435\u0440\u043d\u044b\u0439 \u043f\u0440\u0438\u043d\u0442\u0435\u0440 \u0444\u043e\u0440\u043c\u0430\u0442\u0430 A4"},"content":{"rendered":"<p>Prindi, kopeeri, skaneeri, faksi, arhiveeri<\/p>\n<p>Tr\u00fckikiirus: 40 lk\/min mustvalget<\/p>\n<p>Paberi mahutavus: standard 350, maksimaalselt 900 lehte<\/p>\n<p>Standardne juhtmevaba \u00fchendus<\/p>\n<p>Kiire 50-leheline DSPF-skaneerimiskiirus<\/p>\n<p>Usaldusv\u00e4\u00e4rne ja paindlik andmekandjate k\u00e4sitlemine<\/p>\n<p>Toetab mobiilse printimise teenuseid<\/p>\n<p>Mitmetasandilised turvafunktsioonid kaitsevad infot dokumendis, seadmes ja v\u00f5rgus<\/p>\n<p style=\"text-align: left\">Lisainfo:<\/p>\n<p style=\"text-align: left\">Tel: +372 6 112 256<br \/>\nGSM: +372 5 014 470<\/p>\n","protected":false},"excerpt":{"rendered":"<p>Prindi, kopeeri, skaneeri, faksi, arhiveeri Tr\u00fckikiirus: 40 lk\/min mustvalget Paberi mahutavus: standard 350, maksimaalselt 900 lehte Standardne juhtmevaba \u00fchendus Kiire 50-leheline DSPF-skaneerimiskiirus Usaldusv\u00e4\u00e4rne ja paindlik andmekandjate k\u00e4sitlemine Toetab mobiilse printimise teenuseid Mitmetasandilised turvafunktsioonid kaitsevad infot dokumendis, seadmes ja v\u00f5rgus Lisainfo: Tel: +372 6 112 256 GSM: +372 5 014 470<\/p>\n","protected":false},"featured_media":12060,"template":"","meta":{"_acf_changed":false},"product_brand":[],"product_cat":[259,330],"product_tag":[],"class_list":{"0":"post-7624","1":"product","2":"type-product","3":"status-publish","4":"has-post-thumbnail","6":"product_cat-printerid-ru","7":"product_cat-a4-printer-ru","8":"product_brands-sharp-ru","10":"first","11":"instock","12":"featured","13":"taxable","14":"shipping-taxable","15":"purchasable","16":"product-type-simple"},"acf":[],"yoast_head":"<!-- This site is optimized with the Yoast SEO plugin v26.2 - https:\/\/yoast.com\/wordpress\/plugins\/seo\/ -->\n<title>Sharp MX-B427PW \u2014 \u043b\u0430\u0437\u0435\u0440\u043d\u044b\u0439 \u043f\u0440\u0438\u043d\u0442\u0435\u0440 \u0444\u043e\u0440\u043c\u0430\u0442\u0430 A4 - RTT<\/title>\n<meta name=\"description\" content=\"Sharp koopiamasinate, printerite ja toonorite m\u00fc\u00fck. Rent ja t\u00e4ishooldusrent. Hooldame ja remondime k\u00f5iki koopiamasinaid ja laserprintereid.\" \/>\n<meta name=\"robots\" content=\"index, follow, max-snippet:-1, max-image-preview:large, max-video-preview:-1\" \/>\n<link rel=\"canonical\" href=\"https:\/\/rtt.ee\/toode\/printerid\/a4-printer\/sharp-mx-b427pw\/\" \/>\n<meta property=\"og:locale\" content=\"ru_RU\" \/>\n<meta property=\"og:type\" content=\"article\" \/>\n<meta property=\"og:title\" content=\"Sharp MX-B427PW \u2014 \u043b\u0430\u0437\u0435\u0440\u043d\u044b\u0439 \u043f\u0440\u0438\u043d\u0442\u0435\u0440 \u0444\u043e\u0440\u043c\u0430\u0442\u0430 A4 - RTT\" \/>\n<meta property=\"og:description\" content=\"Sharp koopiamasinate, printerite ja toonorite m\u00fc\u00fck. Rent ja t\u00e4ishooldusrent. Hooldame ja remondime k\u00f5iki koopiamasinaid ja laserprintereid.\" \/>\n<meta property=\"og:url\" content=\"https:\/\/rtt.ee\/toode\/printerid\/a4-printer\/sharp-mx-b427pw\/\" \/>\n<meta property=\"og:site_name\" content=\"RTT\" \/>\n<meta property=\"article:modified_time\" content=\"2025-07-28T13:30:04+00:00\" \/>\n<meta property=\"og:image\" content=\"https:\/\/rtt.ee\/wp-content\/uploads\/2021\/07\/MX-B427PW-1024x861.png\" \/>\n\t<meta property=\"og:image:width\" content=\"1024\" \/>\n\t<meta property=\"og:image:height\" content=\"861\" \/>\n\t<meta property=\"og:image:type\" content=\"image\/png\" \/>\n<meta name=\"twitter:card\" content=\"summary_large_image\" \/>\n<meta name=\"twitter:label1\" content=\"\u041f\u0440\u0438\u043c\u0435\u0440\u043d\u043e\u0435 \u0432\u0440\u0435\u043c\u044f \u0434\u043b\u044f \u0447\u0442\u0435\u043d\u0438\u044f\" \/>\n\t<meta name=\"twitter:data1\" content=\"1 \u043c\u0438\u043d\u0443\u0442\u0430\" \/>\n<script type=\"application\/ld+json\" class=\"yoast-schema-graph\">{\"@context\":\"https:\/\/schema.org\",\"@graph\":[{\"@type\":\"WebPage\",\"@id\":\"https:\/\/rtt.ee\/toode\/printerid\/a4-printer\/sharp-mx-b427pw\/\",\"url\":\"https:\/\/rtt.ee\/toode\/printerid\/a4-printer\/sharp-mx-b427pw\/\",\"name\":\"Sharp MX-B427PW \u2014 \u043b\u0430\u0437\u0435\u0440\u043d\u044b\u0439 \u043f\u0440\u0438\u043d\u0442\u0435\u0440 \u0444\u043e\u0440\u043c\u0430\u0442\u0430 A4 - RTT\",\"isPartOf\":{\"@id\":\"https:\/\/rtt.ee\/en\/#website\"},\"primaryImageOfPage\":{\"@id\":\"https:\/\/rtt.ee\/toode\/printerid\/a4-printer\/sharp-mx-b427pw\/#primaryimage\"},\"image\":{\"@id\":\"https:\/\/rtt.ee\/toode\/printerid\/a4-printer\/sharp-mx-b427pw\/#primaryimage\"},\"thumbnailUrl\":\"https:\/\/rtt.ee\/wp-content\/uploads\/2021\/07\/MX-B427PW.png\",\"datePublished\":\"2021-07-07T11:11:33+00:00\",\"dateModified\":\"2025-07-28T13:30:04+00:00\",\"description\":\"Sharp koopiamasinate, printerite ja toonorite m\u00fc\u00fck. Rent ja t\u00e4ishooldusrent. Hooldame ja remondime k\u00f5iki koopiamasinaid ja laserprintereid.\",\"breadcrumb\":{\"@id\":\"https:\/\/rtt.ee\/toode\/printerid\/a4-printer\/sharp-mx-b427pw\/#breadcrumb\"},\"inLanguage\":\"ru-RU\",\"potentialAction\":[{\"@type\":\"ReadAction\",\"target\":[\"https:\/\/rtt.ee\/toode\/printerid\/a4-printer\/sharp-mx-b427pw\/\"]}]},{\"@type\":\"ImageObject\",\"inLanguage\":\"ru-RU\",\"@id\":\"https:\/\/rtt.ee\/toode\/printerid\/a4-printer\/sharp-mx-b427pw\/#primaryimage\",\"url\":\"https:\/\/rtt.ee\/wp-content\/uploads\/2021\/07\/MX-B427PW.png\",\"contentUrl\":\"https:\/\/rtt.ee\/wp-content\/uploads\/2021\/07\/MX-B427PW.png\",\"width\":2035,\"height\":1712},{\"@type\":\"BreadcrumbList\",\"@id\":\"https:\/\/rtt.ee\/toode\/printerid\/a4-printer\/sharp-mx-b427pw\/#breadcrumb\",\"itemListElement\":[{\"@type\":\"ListItem\",\"position\":1,\"name\":\"\u0413\u043b\u0430\u0432\u043d\u0430\u044f\",\"item\":\"https:\/\/rtt.ee\/ru\/\"},{\"@type\":\"ListItem\",\"position\":2,\"name\":\"Magazin\",\"item\":\"https:\/\/rtt.ee\/ru\/pood\/\"},{\"@type\":\"ListItem\",\"position\":3,\"name\":\"\u041f\u0440\u0438\u043d\u0442\u0435\u0440\u044b\",\"item\":\"https:\/\/rtt.ee\/ru\/tootekategooria\/printerid-ru\/\"},{\"@type\":\"ListItem\",\"position\":4,\"name\":\"Sharp MX-B427PW \u2014 \u043b\u0430\u0437\u0435\u0440\u043d\u044b\u0439 \u043f\u0440\u0438\u043d\u0442\u0435\u0440 \u0444\u043e\u0440\u043c\u0430\u0442\u0430 A4\"}]},{\"@type\":\"WebSite\",\"@id\":\"https:\/\/rtt.ee\/en\/#website\",\"url\":\"https:\/\/rtt.ee\/en\/\",\"name\":\"RTT\",\"description\":\"Kassaaparaadid ja kontorikaubad\",\"potentialAction\":[{\"@type\":\"SearchAction\",\"target\":{\"@type\":\"EntryPoint\",\"urlTemplate\":\"https:\/\/rtt.ee\/en\/?s={search_term_string}\"},\"query-input\":{\"@type\":\"PropertyValueSpecification\",\"valueRequired\":true,\"valueName\":\"search_term_string\"}}],\"inLanguage\":\"ru-RU\"}]}<\/script>\n<!-- \/ Yoast SEO plugin. -->","yoast_head_json":{"title":"Sharp MX-B427PW \u2014 \u043b\u0430\u0437\u0435\u0440\u043d\u044b\u0439 \u043f\u0440\u0438\u043d\u0442\u0435\u0440 \u0444\u043e\u0440\u043c\u0430\u0442\u0430 A4 - RTT","description":"Sharp koopiamasinate, printerite ja toonorite m\u00fc\u00fck. Rent ja t\u00e4ishooldusrent. Hooldame ja remondime k\u00f5iki koopiamasinaid ja laserprintereid.","robots":{"index":"index","follow":"follow","max-snippet":"max-snippet:-1","max-image-preview":"max-image-preview:large","max-video-preview":"max-video-preview:-1"},"canonical":"https:\/\/rtt.ee\/toode\/printerid\/a4-printer\/sharp-mx-b427pw\/","og_locale":"ru_RU","og_type":"article","og_title":"Sharp MX-B427PW \u2014 \u043b\u0430\u0437\u0435\u0440\u043d\u044b\u0439 \u043f\u0440\u0438\u043d\u0442\u0435\u0440 \u0444\u043e\u0440\u043c\u0430\u0442\u0430 A4 - RTT","og_description":"Sharp koopiamasinate, printerite ja toonorite m\u00fc\u00fck. Rent ja t\u00e4ishooldusrent. Hooldame ja remondime k\u00f5iki koopiamasinaid ja laserprintereid.","og_url":"https:\/\/rtt.ee\/toode\/printerid\/a4-printer\/sharp-mx-b427pw\/","og_site_name":"RTT","article_modified_time":"2025-07-28T13:30:04+00:00","og_image":[{"width":1024,"height":861,"url":"https:\/\/rtt.ee\/wp-content\/uploads\/2021\/07\/MX-B427PW-1024x861.png","type":"image\/png"}],"twitter_card":"summary_large_image","twitter_misc":{"\u041f\u0440\u0438\u043c\u0435\u0440\u043d\u043e\u0435 \u0432\u0440\u0435\u043c\u044f \u0434\u043b\u044f \u0447\u0442\u0435\u043d\u0438\u044f":"1 \u043c\u0438\u043d\u0443\u0442\u0430"},"schema":{"@context":"https:\/\/schema.org","@graph":[{"@type":"WebPage","@id":"https:\/\/rtt.ee\/toode\/printerid\/a4-printer\/sharp-mx-b427pw\/","url":"https:\/\/rtt.ee\/toode\/printerid\/a4-printer\/sharp-mx-b427pw\/","name":"Sharp MX-B427PW \u2014 \u043b\u0430\u0437\u0435\u0440\u043d\u044b\u0439 \u043f\u0440\u0438\u043d\u0442\u0435\u0440 \u0444\u043e\u0440\u043c\u0430\u0442\u0430 A4 - RTT","isPartOf":{"@id":"https:\/\/rtt.ee\/en\/#website"},"primaryImageOfPage":{"@id":"https:\/\/rtt.ee\/toode\/printerid\/a4-printer\/sharp-mx-b427pw\/#primaryimage"},"image":{"@id":"https:\/\/rtt.ee\/toode\/printerid\/a4-printer\/sharp-mx-b427pw\/#primaryimage"},"thumbnailUrl":"https:\/\/rtt.ee\/wp-content\/uploads\/2021\/07\/MX-B427PW.png","datePublished":"2021-07-07T11:11:33+00:00","dateModified":"2025-07-28T13:30:04+00:00","description":"Sharp koopiamasinate, printerite ja toonorite m\u00fc\u00fck. Rent ja t\u00e4ishooldusrent. Hooldame ja remondime k\u00f5iki koopiamasinaid ja laserprintereid.","breadcrumb":{"@id":"https:\/\/rtt.ee\/toode\/printerid\/a4-printer\/sharp-mx-b427pw\/#breadcrumb"},"inLanguage":"ru-RU","potentialAction":[{"@type":"ReadAction","target":["https:\/\/rtt.ee\/toode\/printerid\/a4-printer\/sharp-mx-b427pw\/"]}]},{"@type":"ImageObject","inLanguage":"ru-RU","@id":"https:\/\/rtt.ee\/toode\/printerid\/a4-printer\/sharp-mx-b427pw\/#primaryimage","url":"https:\/\/rtt.ee\/wp-content\/uploads\/2021\/07\/MX-B427PW.png","contentUrl":"https:\/\/rtt.ee\/wp-content\/uploads\/2021\/07\/MX-B427PW.png","width":2035,"height":1712},{"@type":"BreadcrumbList","@id":"https:\/\/rtt.ee\/toode\/printerid\/a4-printer\/sharp-mx-b427pw\/#breadcrumb","itemListElement":[{"@type":"ListItem","position":1,"name":"\u0413\u043b\u0430\u0432\u043d\u0430\u044f","item":"https:\/\/rtt.ee\/ru\/"},{"@type":"ListItem","position":2,"name":"Magazin","item":"https:\/\/rtt.ee\/ru\/pood\/"},{"@type":"ListItem","position":3,"name":"\u041f\u0440\u0438\u043d\u0442\u0435\u0440\u044b","item":"https:\/\/rtt.ee\/ru\/tootekategooria\/printerid-ru\/"},{"@type":"ListItem","position":4,"name":"Sharp MX-B427PW \u2014 \u043b\u0430\u0437\u0435\u0440\u043d\u044b\u0439 \u043f\u0440\u0438\u043d\u0442\u0435\u0440 \u0444\u043e\u0440\u043c\u0430\u0442\u0430 A4"}]},{"@type":"WebSite","@id":"https:\/\/rtt.ee\/en\/#website","url":"https:\/\/rtt.ee\/en\/","name":"RTT","description":"Kassaaparaadid ja kontorikaubad","potentialAction":[{"@type":"SearchAction","target":{"@type":"EntryPoint","urlTemplate":"https:\/\/rtt.ee\/en\/?s={search_term_string}"},"query-input":{"@type":"PropertyValueSpecification","valueRequired":true,"valueName":"search_term_string"}}],"inLanguage":"ru-RU"}]}},"_links":{"self":[{"href":"https:\/\/rtt.ee\/ru\/wp-json\/wp\/v2\/product\/7624","targetHints":{"allow":["GET"]}}],"collection":[{"href":"https:\/\/rtt.ee\/ru\/wp-json\/wp\/v2\/product"}],"about":[{"href":"https:\/\/rtt.ee\/ru\/wp-json\/wp\/v2\/types\/product"}],"wp:featuredmedia":[{"embeddable":true,"href":"https:\/\/rtt.ee\/ru\/wp-json\/wp\/v2\/media\/12060"}],"wp:attachment":[{"href":"https:\/\/rtt.ee\/ru\/wp-json\/wp\/v2\/media?parent=7624"}],"wp:term":[{"taxonomy":"product_brand","embeddable":true,"href":"https:\/\/rtt.ee\/ru\/wp-json\/wp\/v2\/product_brand?post=7624"},{"taxonomy":"product_cat","embeddable":true,"href":"https:\/\/rtt.ee\/ru\/wp-json\/wp\/v2\/product_cat?post=7624"},{"taxonomy":"product_tag","embeddable":true,"href":"https:\/\/rtt.ee\/ru\/wp-json\/wp\/v2\/product_tag?post=7624"}],"curies":[{"name":"wp","href":"https:\/\/api.w.org\/{rel}","templated":true}]}}