{"id":3967,"date":"2018-10-16T00:36:58","date_gmt":"2018-10-15T21:36:58","guid":{"rendered":"https:\/\/rtt.ee\/toode\/maaratlemata\/kassaaparaat-casio-se-c450\/"},"modified":"2025-07-07T21:20:48","modified_gmt":"2025-07-07T18:20:48","slug":"kassaaparaat-casio-se-c450","status":"publish","type":"product","link":"https:\/\/rtt.ee\/ru\/toode\/kassatehnika-ru\/kassaaparaadid-ru\/kassaaparaat-casio-se-c450\/","title":{"rendered":"\u041a\u0430\u0441\u0441\u043e\u0432\u044b\u0439 \u0430\u043f\u043f\u0430\u0440\u0430\u0442 Casio SE-C450"},"content":{"rendered":"<p>Uue p\u00f5lvkonna Casio kassaaparaat , mis v\u00f5imaldab seadistada kassat otse men\u00fc\u00fcst, ilma erilisi oskusi vajamata.V\u00f5imaldab sisestada tootekoode kiirklahvistiku alla (kummimatt-flatpanel).Eelnevad seeriad on leidnud rakendust baarides ja ka n\u00f5udlikes t\u00f6\u00f6ruumides. Saab \u00fchendada arvutiga ning n\u00fc\u00fcdsest on olemas ka andmete salvestamiseks SD-kaardi pesa. Sobib igasse \u00e4rivaldkonda !<\/p>\n<p><strong>PAKUME TEIE ETTEV\u00d5TTE VAJADUSTEST L\u00c4HTUVALT PARIMA KVALITEEDI JA HINNA SUHTEGA KASSALAHENDUSE!<br \/>\n<span style=\"color: '#ff0000';\">MEIE KASSAKLIENTIDELE KULUMATERJALID -25% SOODSAMALT !<\/span><\/strong><\/p>\n<p><iframe loading=\"lazy\" src=\"https:\/\/www.youtube.com\/embed\/P1tJnyGPq4c\" width=\"&quot;560&quot;\" height=\"&quot;315&quot;\" frameborder=\"&quot;0&quot;\" allowfullscreen=\"allowfullscreen\"><span data-mce-type=\"bookmark\" style=\"display: inline-block; width: 0px; overflow: hidden; line-height: 0;\" class=\"mce_SELRES_start\">\ufeff<\/span><\/iframe><\/p>\n","protected":false},"excerpt":{"rendered":"<p>Uue p\u00f5lvkonna Casio kassaaparaat , mis v\u00f5imaldab seadistada kassat otse men\u00fc\u00fcst, ilma erilisi oskusi vajamata.V\u00f5imaldab sisestada tootekoode kiirklahvistiku alla (kummimatt-flatpanel).Eelnevad seeriad on leidnud rakendust baarides ja ka n\u00f5udlikes t\u00f6\u00f6ruumides. Saab \u00fchendada arvutiga ning n\u00fc\u00fcdsest on olemas ka andmete salvestamiseks SD-kaardi pesa. Sobib igasse \u00e4rivaldkonda ! PAKUME TEIE ETTEV\u00d5TTE VAJADUSTEST L\u00c4HTUVALT PARIMA KVALITEEDI JA HINNA SUHTEGA [&hellip;]<\/p>\n","protected":false},"featured_media":3971,"template":"","meta":{"_acf_changed":false},"product_brand":[],"product_cat":[227],"product_tag":[],"class_list":{"0":"post-3967","1":"product","2":"type-product","3":"status-publish","4":"has-post-thumbnail","6":"product_cat-kassaaparaadid-ru","7":"product_brands-casio-ru","9":"first","10":"outofstock","11":"taxable","12":"shipping-taxable","13":"purchasable","14":"product-type-simple"},"acf":[],"yoast_head":"<!-- This site is optimized with the Yoast SEO plugin v26.2 - https:\/\/yoast.com\/wordpress\/plugins\/seo\/ -->\n<title>\u041a\u0430\u0441\u0441\u043e\u0432\u044b\u0439 \u0430\u043f\u043f\u0430\u0440\u0430\u0442 Casio SE-C450 - RTT<\/title>\n<meta name=\"robots\" content=\"index, follow, max-snippet:-1, max-image-preview:large, max-video-preview:-1\" \/>\n<link rel=\"canonical\" href=\"https:\/\/rtt.ee\/ru\/toode\/kassatehnika-ru\/kassaaparaadid-ru\/kassaaparaat-casio-se-c450\/\" \/>\n<meta property=\"og:locale\" content=\"ru_RU\" \/>\n<meta property=\"og:type\" content=\"article\" \/>\n<meta property=\"og:title\" content=\"\u041a\u0430\u0441\u0441\u043e\u0432\u044b\u0439 \u0430\u043f\u043f\u0430\u0440\u0430\u0442 Casio SE-C450 - RTT\" \/>\n<meta property=\"og:description\" content=\"Uue p\u00f5lvkonna Casio kassaaparaat , mis v\u00f5imaldab seadistada kassat otse men\u00fc\u00fcst, ilma erilisi oskusi vajamata.V\u00f5imaldab sisestada tootekoode kiirklahvistiku alla (kummimatt-flatpanel).Eelnevad seeriad on leidnud rakendust baarides ja ka n\u00f5udlikes t\u00f6\u00f6ruumides. Saab \u00fchendada arvutiga ning n\u00fc\u00fcdsest on olemas ka andmete salvestamiseks SD-kaardi pesa. Sobib igasse \u00e4rivaldkonda ! PAKUME TEIE ETTEV\u00d5TTE VAJADUSTEST L\u00c4HTUVALT PARIMA KVALITEEDI JA HINNA SUHTEGA [&hellip;]\" \/>\n<meta property=\"og:url\" content=\"https:\/\/rtt.ee\/ru\/toode\/kassatehnika-ru\/kassaaparaadid-ru\/kassaaparaat-casio-se-c450\/\" \/>\n<meta property=\"og:site_name\" content=\"RTT\" \/>\n<meta property=\"article:modified_time\" content=\"2025-07-07T18:20:48+00:00\" \/>\n<meta property=\"og:image\" content=\"https:\/\/rtt.ee\/wp-content\/uploads\/2018\/10\/123_1_s.jpg\" \/>\n\t<meta property=\"og:image:width\" content=\"488\" \/>\n\t<meta property=\"og:image:height\" content=\"456\" \/>\n\t<meta property=\"og:image:type\" content=\"image\/jpeg\" \/>\n<meta name=\"twitter:card\" content=\"summary_large_image\" \/>\n<script type=\"application\/ld+json\" class=\"yoast-schema-graph\">{\"@context\":\"https:\/\/schema.org\",\"@graph\":[{\"@type\":\"WebPage\",\"@id\":\"https:\/\/rtt.ee\/ru\/toode\/kassatehnika-ru\/kassaaparaadid-ru\/kassaaparaat-casio-se-c450\/\",\"url\":\"https:\/\/rtt.ee\/ru\/toode\/kassatehnika-ru\/kassaaparaadid-ru\/kassaaparaat-casio-se-c450\/\",\"name\":\"\u041a\u0430\u0441\u0441\u043e\u0432\u044b\u0439 \u0430\u043f\u043f\u0430\u0440\u0430\u0442 Casio SE-C450 - RTT\",\"isPartOf\":{\"@id\":\"https:\/\/rtt.ee\/en\/#website\"},\"primaryImageOfPage\":{\"@id\":\"https:\/\/rtt.ee\/ru\/toode\/kassatehnika-ru\/kassaaparaadid-ru\/kassaaparaat-casio-se-c450\/#primaryimage\"},\"image\":{\"@id\":\"https:\/\/rtt.ee\/ru\/toode\/kassatehnika-ru\/kassaaparaadid-ru\/kassaaparaat-casio-se-c450\/#primaryimage\"},\"thumbnailUrl\":\"https:\/\/rtt.ee\/wp-content\/uploads\/2018\/10\/123_1_s.jpg\",\"datePublished\":\"2018-10-15T21:36:58+00:00\",\"dateModified\":\"2025-07-07T18:20:48+00:00\",\"breadcrumb\":{\"@id\":\"https:\/\/rtt.ee\/ru\/toode\/kassatehnika-ru\/kassaaparaadid-ru\/kassaaparaat-casio-se-c450\/#breadcrumb\"},\"inLanguage\":\"ru-RU\",\"potentialAction\":[{\"@type\":\"ReadAction\",\"target\":[\"https:\/\/rtt.ee\/ru\/toode\/kassatehnika-ru\/kassaaparaadid-ru\/kassaaparaat-casio-se-c450\/\"]}]},{\"@type\":\"ImageObject\",\"inLanguage\":\"ru-RU\",\"@id\":\"https:\/\/rtt.ee\/ru\/toode\/kassatehnika-ru\/kassaaparaadid-ru\/kassaaparaat-casio-se-c450\/#primaryimage\",\"url\":\"https:\/\/rtt.ee\/wp-content\/uploads\/2018\/10\/123_1_s.jpg\",\"contentUrl\":\"https:\/\/rtt.ee\/wp-content\/uploads\/2018\/10\/123_1_s.jpg\",\"width\":488,\"height\":456},{\"@type\":\"BreadcrumbList\",\"@id\":\"https:\/\/rtt.ee\/ru\/toode\/kassatehnika-ru\/kassaaparaadid-ru\/kassaaparaat-casio-se-c450\/#breadcrumb\",\"itemListElement\":[{\"@type\":\"ListItem\",\"position\":1,\"name\":\"\u0413\u043b\u0430\u0432\u043d\u0430\u044f\",\"item\":\"https:\/\/rtt.ee\/ru\/\"},{\"@type\":\"ListItem\",\"position\":2,\"name\":\"Magazin\",\"item\":\"https:\/\/rtt.ee\/ru\/pood\/\"},{\"@type\":\"ListItem\",\"position\":3,\"name\":\"Kassatehnika\",\"item\":\"https:\/\/rtt.ee\/tootekategooria\/kassatehnika\/\"},{\"@type\":\"ListItem\",\"position\":4,\"name\":\"Kassaaparaadid\",\"item\":\"https:\/\/rtt.ee\/tootekategooria\/kassatehnika\/kassaaparaadid\/\"},{\"@type\":\"ListItem\",\"position\":5,\"name\":\"\u041a\u0430\u0441\u0441\u043e\u0432\u044b\u0439 \u0430\u043f\u043f\u0430\u0440\u0430\u0442 Casio SE-C450\"}]},{\"@type\":\"WebSite\",\"@id\":\"https:\/\/rtt.ee\/en\/#website\",\"url\":\"https:\/\/rtt.ee\/en\/\",\"name\":\"RTT\",\"description\":\"Kassaaparaadid ja kontorikaubad\",\"potentialAction\":[{\"@type\":\"SearchAction\",\"target\":{\"@type\":\"EntryPoint\",\"urlTemplate\":\"https:\/\/rtt.ee\/en\/?s={search_term_string}\"},\"query-input\":{\"@type\":\"PropertyValueSpecification\",\"valueRequired\":true,\"valueName\":\"search_term_string\"}}],\"inLanguage\":\"ru-RU\"}]}<\/script>\n<!-- \/ Yoast SEO plugin. -->","yoast_head_json":{"title":"\u041a\u0430\u0441\u0441\u043e\u0432\u044b\u0439 \u0430\u043f\u043f\u0430\u0440\u0430\u0442 Casio SE-C450 - RTT","robots":{"index":"index","follow":"follow","max-snippet":"max-snippet:-1","max-image-preview":"max-image-preview:large","max-video-preview":"max-video-preview:-1"},"canonical":"https:\/\/rtt.ee\/ru\/toode\/kassatehnika-ru\/kassaaparaadid-ru\/kassaaparaat-casio-se-c450\/","og_locale":"ru_RU","og_type":"article","og_title":"\u041a\u0430\u0441\u0441\u043e\u0432\u044b\u0439 \u0430\u043f\u043f\u0430\u0440\u0430\u0442 Casio SE-C450 - RTT","og_description":"Uue p\u00f5lvkonna Casio kassaaparaat , mis v\u00f5imaldab seadistada kassat otse men\u00fc\u00fcst, ilma erilisi oskusi vajamata.V\u00f5imaldab sisestada tootekoode kiirklahvistiku alla (kummimatt-flatpanel).Eelnevad seeriad on leidnud rakendust baarides ja ka n\u00f5udlikes t\u00f6\u00f6ruumides. Saab \u00fchendada arvutiga ning n\u00fc\u00fcdsest on olemas ka andmete salvestamiseks SD-kaardi pesa. Sobib igasse \u00e4rivaldkonda ! PAKUME TEIE ETTEV\u00d5TTE VAJADUSTEST L\u00c4HTUVALT PARIMA KVALITEEDI JA HINNA SUHTEGA [&hellip;]","og_url":"https:\/\/rtt.ee\/ru\/toode\/kassatehnika-ru\/kassaaparaadid-ru\/kassaaparaat-casio-se-c450\/","og_site_name":"RTT","article_modified_time":"2025-07-07T18:20:48+00:00","og_image":[{"width":488,"height":456,"url":"https:\/\/rtt.ee\/wp-content\/uploads\/2018\/10\/123_1_s.jpg","type":"image\/jpeg"}],"twitter_card":"summary_large_image","schema":{"@context":"https:\/\/schema.org","@graph":[{"@type":"WebPage","@id":"https:\/\/rtt.ee\/ru\/toode\/kassatehnika-ru\/kassaaparaadid-ru\/kassaaparaat-casio-se-c450\/","url":"https:\/\/rtt.ee\/ru\/toode\/kassatehnika-ru\/kassaaparaadid-ru\/kassaaparaat-casio-se-c450\/","name":"\u041a\u0430\u0441\u0441\u043e\u0432\u044b\u0439 \u0430\u043f\u043f\u0430\u0440\u0430\u0442 Casio SE-C450 - RTT","isPartOf":{"@id":"https:\/\/rtt.ee\/en\/#website"},"primaryImageOfPage":{"@id":"https:\/\/rtt.ee\/ru\/toode\/kassatehnika-ru\/kassaaparaadid-ru\/kassaaparaat-casio-se-c450\/#primaryimage"},"image":{"@id":"https:\/\/rtt.ee\/ru\/toode\/kassatehnika-ru\/kassaaparaadid-ru\/kassaaparaat-casio-se-c450\/#primaryimage"},"thumbnailUrl":"https:\/\/rtt.ee\/wp-content\/uploads\/2018\/10\/123_1_s.jpg","datePublished":"2018-10-15T21:36:58+00:00","dateModified":"2025-07-07T18:20:48+00:00","breadcrumb":{"@id":"https:\/\/rtt.ee\/ru\/toode\/kassatehnika-ru\/kassaaparaadid-ru\/kassaaparaat-casio-se-c450\/#breadcrumb"},"inLanguage":"ru-RU","potentialAction":[{"@type":"ReadAction","target":["https:\/\/rtt.ee\/ru\/toode\/kassatehnika-ru\/kassaaparaadid-ru\/kassaaparaat-casio-se-c450\/"]}]},{"@type":"ImageObject","inLanguage":"ru-RU","@id":"https:\/\/rtt.ee\/ru\/toode\/kassatehnika-ru\/kassaaparaadid-ru\/kassaaparaat-casio-se-c450\/#primaryimage","url":"https:\/\/rtt.ee\/wp-content\/uploads\/2018\/10\/123_1_s.jpg","contentUrl":"https:\/\/rtt.ee\/wp-content\/uploads\/2018\/10\/123_1_s.jpg","width":488,"height":456},{"@type":"BreadcrumbList","@id":"https:\/\/rtt.ee\/ru\/toode\/kassatehnika-ru\/kassaaparaadid-ru\/kassaaparaat-casio-se-c450\/#breadcrumb","itemListElement":[{"@type":"ListItem","position":1,"name":"\u0413\u043b\u0430\u0432\u043d\u0430\u044f","item":"https:\/\/rtt.ee\/ru\/"},{"@type":"ListItem","position":2,"name":"Magazin","item":"https:\/\/rtt.ee\/ru\/pood\/"},{"@type":"ListItem","position":3,"name":"Kassatehnika","item":"https:\/\/rtt.ee\/tootekategooria\/kassatehnika\/"},{"@type":"ListItem","position":4,"name":"Kassaaparaadid","item":"https:\/\/rtt.ee\/tootekategooria\/kassatehnika\/kassaaparaadid\/"},{"@type":"ListItem","position":5,"name":"\u041a\u0430\u0441\u0441\u043e\u0432\u044b\u0439 \u0430\u043f\u043f\u0430\u0440\u0430\u0442 Casio SE-C450"}]},{"@type":"WebSite","@id":"https:\/\/rtt.ee\/en\/#website","url":"https:\/\/rtt.ee\/en\/","name":"RTT","description":"Kassaaparaadid ja kontorikaubad","potentialAction":[{"@type":"SearchAction","target":{"@type":"EntryPoint","urlTemplate":"https:\/\/rtt.ee\/en\/?s={search_term_string}"},"query-input":{"@type":"PropertyValueSpecification","valueRequired":true,"valueName":"search_term_string"}}],"inLanguage":"ru-RU"}]}},"_links":{"self":[{"href":"https:\/\/rtt.ee\/ru\/wp-json\/wp\/v2\/product\/3967","targetHints":{"allow":["GET"]}}],"collection":[{"href":"https:\/\/rtt.ee\/ru\/wp-json\/wp\/v2\/product"}],"about":[{"href":"https:\/\/rtt.ee\/ru\/wp-json\/wp\/v2\/types\/product"}],"wp:featuredmedia":[{"embeddable":true,"href":"https:\/\/rtt.ee\/ru\/wp-json\/wp\/v2\/media\/3971"}],"wp:attachment":[{"href":"https:\/\/rtt.ee\/ru\/wp-json\/wp\/v2\/media?parent=3967"}],"wp:term":[{"taxonomy":"product_brand","embeddable":true,"href":"https:\/\/rtt.ee\/ru\/wp-json\/wp\/v2\/product_brand?post=3967"},{"taxonomy":"product_cat","embeddable":true,"href":"https:\/\/rtt.ee\/ru\/wp-json\/wp\/v2\/product_cat?post=3967"},{"taxonomy":"product_tag","embeddable":true,"href":"https:\/\/rtt.ee\/ru\/wp-json\/wp\/v2\/product_tag?post=3967"}],"curies":[{"name":"wp","href":"https:\/\/api.w.org\/{rel}","templated":true}]}}