{"id":3823,"date":"2018-10-16T00:50:48","date_gmt":"2018-10-15T21:50:48","guid":{"rendered":"https:\/\/rtt.ee\/toode\/maaratlemata\/taasekiprinter-star-micronics-tsp743iiu\/"},"modified":"2025-07-07T21:20:46","modified_gmt":"2025-07-07T18:20:46","slug":"taasekiprinter-star-micronics-tsp743iiu","status":"publish","type":"product","link":"https:\/\/rtt.ee\/ru\/toode\/printerid-ru\/tsekiprinterid-ru\/taasekiprinter-star-micronics-tsp743iiu\/","title":{"rendered":"\u041f\u0440\u0438\u043d\u0442\u0435\u0440 \u043f\u0435\u0447\u0430\u0442\u0438 \u0447\u0435\u043a\u043e\u0432 Star Micronics TSP743IIU"},"content":{"rendered":"<p>Kiire ja kompaktne STAR TSP700II termoprinter sobib suurt j\u00f5udlust n\u00f5udvate POS rakenduste jaoks, samas saab kasutada ka etikettide printimiseks. Pritsmekindel kate v\u00f5imaldab printerit ka k\u00f6\u00f6kides kasutada. Tr\u00fckikiirus on kuni 250mm sekundis ja tr\u00fckiprotsess praktiliselt h\u00e4\u00e4letu. Printer on varustatud automaatse paberil\u00f5ikajaga, mis teeb kviitungite v\u00e4ljastamise lihtsaks. Valida saab erinevate liidestega varustatud mudelite vahel. Lisaks\u00a0on printeril spetsiaalne liides, mille kaudu saab kassasahtlit juhtida.<\/p>\n","protected":false},"excerpt":{"rendered":"<p>Kiire ja kompaktne STAR TSP700II termoprinter sobib suurt j\u00f5udlust n\u00f5udvate POS rakenduste jaoks, samas saab kasutada ka etikettide printimiseks. Pritsmekindel kate v\u00f5imaldab printerit ka k\u00f6\u00f6kides kasutada. Tr\u00fckikiirus on kuni 250mm sekundis ja tr\u00fckiprotsess praktiliselt h\u00e4\u00e4letu. Printer on varustatud automaatse paberil\u00f5ikajaga, mis teeb kviitungite v\u00e4ljastamise lihtsaks. Valida saab erinevate liidestega varustatud mudelite vahel. Lisaks\u00a0on printeril spetsiaalne [&hellip;]<\/p>\n","protected":false},"featured_media":3827,"template":"","meta":{"_acf_changed":false},"product_brand":[],"product_cat":[263],"product_tag":[],"class_list":{"0":"post-3823","1":"product","2":"type-product","3":"status-publish","4":"has-post-thumbnail","6":"product_cat-tsekiprinterid-ru","7":"product_brands-star-ru","9":"first","10":"outofstock","11":"taxable","12":"shipping-taxable","13":"purchasable","14":"product-type-simple"},"acf":[],"yoast_head":"<!-- This site is optimized with the Yoast SEO plugin v26.2 - https:\/\/yoast.com\/wordpress\/plugins\/seo\/ -->\n<title>\u041f\u0440\u0438\u043d\u0442\u0435\u0440 \u043f\u0435\u0447\u0430\u0442\u0438 \u0447\u0435\u043a\u043e\u0432 Star Micronics TSP743IIU - RTT<\/title>\n<meta name=\"robots\" content=\"index, follow, max-snippet:-1, max-image-preview:large, max-video-preview:-1\" \/>\n<link rel=\"canonical\" href=\"https:\/\/rtt.ee\/ru\/toode\/printerid-ru\/tsekiprinterid-ru\/taasekiprinter-star-micronics-tsp743iiu\/\" \/>\n<meta property=\"og:locale\" content=\"ru_RU\" \/>\n<meta property=\"og:type\" content=\"article\" \/>\n<meta property=\"og:title\" content=\"\u041f\u0440\u0438\u043d\u0442\u0435\u0440 \u043f\u0435\u0447\u0430\u0442\u0438 \u0447\u0435\u043a\u043e\u0432 Star Micronics TSP743IIU - RTT\" \/>\n<meta property=\"og:description\" content=\"Kiire ja kompaktne STAR TSP700II termoprinter sobib suurt j\u00f5udlust n\u00f5udvate POS rakenduste jaoks, samas saab kasutada ka etikettide printimiseks. Pritsmekindel kate v\u00f5imaldab printerit ka k\u00f6\u00f6kides kasutada. Tr\u00fckikiirus on kuni 250mm sekundis ja tr\u00fckiprotsess praktiliselt h\u00e4\u00e4letu. Printer on varustatud automaatse paberil\u00f5ikajaga, mis teeb kviitungite v\u00e4ljastamise lihtsaks. Valida saab erinevate liidestega varustatud mudelite vahel. Lisaks\u00a0on printeril spetsiaalne [&hellip;]\" \/>\n<meta property=\"og:url\" content=\"https:\/\/rtt.ee\/ru\/toode\/printerid-ru\/tsekiprinterid-ru\/taasekiprinter-star-micronics-tsp743iiu\/\" \/>\n<meta property=\"og:site_name\" content=\"RTT\" \/>\n<meta property=\"article:modified_time\" content=\"2025-07-07T18:20:46+00:00\" \/>\n<meta property=\"og:image\" content=\"https:\/\/rtt.ee\/wp-content\/uploads\/2018\/10\/197_1_s.jpg\" \/>\n\t<meta property=\"og:image:width\" content=\"450\" \/>\n\t<meta property=\"og:image:height\" content=\"451\" \/>\n\t<meta property=\"og:image:type\" content=\"image\/jpeg\" \/>\n<meta name=\"twitter:card\" content=\"summary_large_image\" \/>\n<script type=\"application\/ld+json\" class=\"yoast-schema-graph\">{\"@context\":\"https:\/\/schema.org\",\"@graph\":[{\"@type\":\"WebPage\",\"@id\":\"https:\/\/rtt.ee\/ru\/toode\/printerid-ru\/tsekiprinterid-ru\/taasekiprinter-star-micronics-tsp743iiu\/\",\"url\":\"https:\/\/rtt.ee\/ru\/toode\/printerid-ru\/tsekiprinterid-ru\/taasekiprinter-star-micronics-tsp743iiu\/\",\"name\":\"\u041f\u0440\u0438\u043d\u0442\u0435\u0440 \u043f\u0435\u0447\u0430\u0442\u0438 \u0447\u0435\u043a\u043e\u0432 Star Micronics TSP743IIU - RTT\",\"isPartOf\":{\"@id\":\"https:\/\/rtt.ee\/en\/#website\"},\"primaryImageOfPage\":{\"@id\":\"https:\/\/rtt.ee\/ru\/toode\/printerid-ru\/tsekiprinterid-ru\/taasekiprinter-star-micronics-tsp743iiu\/#primaryimage\"},\"image\":{\"@id\":\"https:\/\/rtt.ee\/ru\/toode\/printerid-ru\/tsekiprinterid-ru\/taasekiprinter-star-micronics-tsp743iiu\/#primaryimage\"},\"thumbnailUrl\":\"https:\/\/rtt.ee\/wp-content\/uploads\/2018\/10\/197_1_s.jpg\",\"datePublished\":\"2018-10-15T21:50:48+00:00\",\"dateModified\":\"2025-07-07T18:20:46+00:00\",\"breadcrumb\":{\"@id\":\"https:\/\/rtt.ee\/ru\/toode\/printerid-ru\/tsekiprinterid-ru\/taasekiprinter-star-micronics-tsp743iiu\/#breadcrumb\"},\"inLanguage\":\"ru-RU\",\"potentialAction\":[{\"@type\":\"ReadAction\",\"target\":[\"https:\/\/rtt.ee\/ru\/toode\/printerid-ru\/tsekiprinterid-ru\/taasekiprinter-star-micronics-tsp743iiu\/\"]}]},{\"@type\":\"ImageObject\",\"inLanguage\":\"ru-RU\",\"@id\":\"https:\/\/rtt.ee\/ru\/toode\/printerid-ru\/tsekiprinterid-ru\/taasekiprinter-star-micronics-tsp743iiu\/#primaryimage\",\"url\":\"https:\/\/rtt.ee\/wp-content\/uploads\/2018\/10\/197_1_s.jpg\",\"contentUrl\":\"https:\/\/rtt.ee\/wp-content\/uploads\/2018\/10\/197_1_s.jpg\",\"width\":450,\"height\":451},{\"@type\":\"BreadcrumbList\",\"@id\":\"https:\/\/rtt.ee\/ru\/toode\/printerid-ru\/tsekiprinterid-ru\/taasekiprinter-star-micronics-tsp743iiu\/#breadcrumb\",\"itemListElement\":[{\"@type\":\"ListItem\",\"position\":1,\"name\":\"\u0413\u043b\u0430\u0432\u043d\u0430\u044f\",\"item\":\"https:\/\/rtt.ee\/ru\/\"},{\"@type\":\"ListItem\",\"position\":2,\"name\":\"Magazin\",\"item\":\"https:\/\/rtt.ee\/ru\/pood\/\"},{\"@type\":\"ListItem\",\"position\":3,\"name\":\"\u041f\u0440\u0438\u043d\u0442\u0435\u0440\u044b\",\"item\":\"https:\/\/rtt.ee\/ru\/tootekategooria\/printerid-ru\/\"},{\"@type\":\"ListItem\",\"position\":4,\"name\":\"\u041f\u0440\u0438\u043d\u0442\u0435\u0440\u044b \u0447\u0435\u043a\u043e\u0432\",\"item\":\"https:\/\/rtt.ee\/ru\/tootekategooria\/printerid-ru\/tsekiprinterid-ru\/\"},{\"@type\":\"ListItem\",\"position\":5,\"name\":\"\u041f\u0440\u0438\u043d\u0442\u0435\u0440 \u043f\u0435\u0447\u0430\u0442\u0438 \u0447\u0435\u043a\u043e\u0432 Star Micronics TSP743IIU\"}]},{\"@type\":\"WebSite\",\"@id\":\"https:\/\/rtt.ee\/en\/#website\",\"url\":\"https:\/\/rtt.ee\/en\/\",\"name\":\"RTT\",\"description\":\"Kassaaparaadid ja kontorikaubad\",\"potentialAction\":[{\"@type\":\"SearchAction\",\"target\":{\"@type\":\"EntryPoint\",\"urlTemplate\":\"https:\/\/rtt.ee\/en\/?s={search_term_string}\"},\"query-input\":{\"@type\":\"PropertyValueSpecification\",\"valueRequired\":true,\"valueName\":\"search_term_string\"}}],\"inLanguage\":\"ru-RU\"}]}<\/script>\n<!-- \/ Yoast SEO plugin. -->","yoast_head_json":{"title":"\u041f\u0440\u0438\u043d\u0442\u0435\u0440 \u043f\u0435\u0447\u0430\u0442\u0438 \u0447\u0435\u043a\u043e\u0432 Star Micronics TSP743IIU - RTT","robots":{"index":"index","follow":"follow","max-snippet":"max-snippet:-1","max-image-preview":"max-image-preview:large","max-video-preview":"max-video-preview:-1"},"canonical":"https:\/\/rtt.ee\/ru\/toode\/printerid-ru\/tsekiprinterid-ru\/taasekiprinter-star-micronics-tsp743iiu\/","og_locale":"ru_RU","og_type":"article","og_title":"\u041f\u0440\u0438\u043d\u0442\u0435\u0440 \u043f\u0435\u0447\u0430\u0442\u0438 \u0447\u0435\u043a\u043e\u0432 Star Micronics TSP743IIU - RTT","og_description":"Kiire ja kompaktne STAR TSP700II termoprinter sobib suurt j\u00f5udlust n\u00f5udvate POS rakenduste jaoks, samas saab kasutada ka etikettide printimiseks. Pritsmekindel kate v\u00f5imaldab printerit ka k\u00f6\u00f6kides kasutada. Tr\u00fckikiirus on kuni 250mm sekundis ja tr\u00fckiprotsess praktiliselt h\u00e4\u00e4letu. Printer on varustatud automaatse paberil\u00f5ikajaga, mis teeb kviitungite v\u00e4ljastamise lihtsaks. Valida saab erinevate liidestega varustatud mudelite vahel. Lisaks\u00a0on printeril spetsiaalne [&hellip;]","og_url":"https:\/\/rtt.ee\/ru\/toode\/printerid-ru\/tsekiprinterid-ru\/taasekiprinter-star-micronics-tsp743iiu\/","og_site_name":"RTT","article_modified_time":"2025-07-07T18:20:46+00:00","og_image":[{"width":450,"height":451,"url":"https:\/\/rtt.ee\/wp-content\/uploads\/2018\/10\/197_1_s.jpg","type":"image\/jpeg"}],"twitter_card":"summary_large_image","schema":{"@context":"https:\/\/schema.org","@graph":[{"@type":"WebPage","@id":"https:\/\/rtt.ee\/ru\/toode\/printerid-ru\/tsekiprinterid-ru\/taasekiprinter-star-micronics-tsp743iiu\/","url":"https:\/\/rtt.ee\/ru\/toode\/printerid-ru\/tsekiprinterid-ru\/taasekiprinter-star-micronics-tsp743iiu\/","name":"\u041f\u0440\u0438\u043d\u0442\u0435\u0440 \u043f\u0435\u0447\u0430\u0442\u0438 \u0447\u0435\u043a\u043e\u0432 Star Micronics TSP743IIU - RTT","isPartOf":{"@id":"https:\/\/rtt.ee\/en\/#website"},"primaryImageOfPage":{"@id":"https:\/\/rtt.ee\/ru\/toode\/printerid-ru\/tsekiprinterid-ru\/taasekiprinter-star-micronics-tsp743iiu\/#primaryimage"},"image":{"@id":"https:\/\/rtt.ee\/ru\/toode\/printerid-ru\/tsekiprinterid-ru\/taasekiprinter-star-micronics-tsp743iiu\/#primaryimage"},"thumbnailUrl":"https:\/\/rtt.ee\/wp-content\/uploads\/2018\/10\/197_1_s.jpg","datePublished":"2018-10-15T21:50:48+00:00","dateModified":"2025-07-07T18:20:46+00:00","breadcrumb":{"@id":"https:\/\/rtt.ee\/ru\/toode\/printerid-ru\/tsekiprinterid-ru\/taasekiprinter-star-micronics-tsp743iiu\/#breadcrumb"},"inLanguage":"ru-RU","potentialAction":[{"@type":"ReadAction","target":["https:\/\/rtt.ee\/ru\/toode\/printerid-ru\/tsekiprinterid-ru\/taasekiprinter-star-micronics-tsp743iiu\/"]}]},{"@type":"ImageObject","inLanguage":"ru-RU","@id":"https:\/\/rtt.ee\/ru\/toode\/printerid-ru\/tsekiprinterid-ru\/taasekiprinter-star-micronics-tsp743iiu\/#primaryimage","url":"https:\/\/rtt.ee\/wp-content\/uploads\/2018\/10\/197_1_s.jpg","contentUrl":"https:\/\/rtt.ee\/wp-content\/uploads\/2018\/10\/197_1_s.jpg","width":450,"height":451},{"@type":"BreadcrumbList","@id":"https:\/\/rtt.ee\/ru\/toode\/printerid-ru\/tsekiprinterid-ru\/taasekiprinter-star-micronics-tsp743iiu\/#breadcrumb","itemListElement":[{"@type":"ListItem","position":1,"name":"\u0413\u043b\u0430\u0432\u043d\u0430\u044f","item":"https:\/\/rtt.ee\/ru\/"},{"@type":"ListItem","position":2,"name":"Magazin","item":"https:\/\/rtt.ee\/ru\/pood\/"},{"@type":"ListItem","position":3,"name":"\u041f\u0440\u0438\u043d\u0442\u0435\u0440\u044b","item":"https:\/\/rtt.ee\/ru\/tootekategooria\/printerid-ru\/"},{"@type":"ListItem","position":4,"name":"\u041f\u0440\u0438\u043d\u0442\u0435\u0440\u044b \u0447\u0435\u043a\u043e\u0432","item":"https:\/\/rtt.ee\/ru\/tootekategooria\/printerid-ru\/tsekiprinterid-ru\/"},{"@type":"ListItem","position":5,"name":"\u041f\u0440\u0438\u043d\u0442\u0435\u0440 \u043f\u0435\u0447\u0430\u0442\u0438 \u0447\u0435\u043a\u043e\u0432 Star Micronics TSP743IIU"}]},{"@type":"WebSite","@id":"https:\/\/rtt.ee\/en\/#website","url":"https:\/\/rtt.ee\/en\/","name":"RTT","description":"Kassaaparaadid ja kontorikaubad","potentialAction":[{"@type":"SearchAction","target":{"@type":"EntryPoint","urlTemplate":"https:\/\/rtt.ee\/en\/?s={search_term_string}"},"query-input":{"@type":"PropertyValueSpecification","valueRequired":true,"valueName":"search_term_string"}}],"inLanguage":"ru-RU"}]}},"_links":{"self":[{"href":"https:\/\/rtt.ee\/ru\/wp-json\/wp\/v2\/product\/3823","targetHints":{"allow":["GET"]}}],"collection":[{"href":"https:\/\/rtt.ee\/ru\/wp-json\/wp\/v2\/product"}],"about":[{"href":"https:\/\/rtt.ee\/ru\/wp-json\/wp\/v2\/types\/product"}],"wp:featuredmedia":[{"embeddable":true,"href":"https:\/\/rtt.ee\/ru\/wp-json\/wp\/v2\/media\/3827"}],"wp:attachment":[{"href":"https:\/\/rtt.ee\/ru\/wp-json\/wp\/v2\/media?parent=3823"}],"wp:term":[{"taxonomy":"product_brand","embeddable":true,"href":"https:\/\/rtt.ee\/ru\/wp-json\/wp\/v2\/product_brand?post=3823"},{"taxonomy":"product_cat","embeddable":true,"href":"https:\/\/rtt.ee\/ru\/wp-json\/wp\/v2\/product_cat?post=3823"},{"taxonomy":"product_tag","embeddable":true,"href":"https:\/\/rtt.ee\/ru\/wp-json\/wp\/v2\/product_tag?post=3823"}],"curies":[{"name":"wp","href":"https:\/\/api.w.org\/{rel}","templated":true}]}}