{"id":3530,"date":"2018-10-16T01:38:12","date_gmt":"2018-10-15T22:38:12","guid":{"rendered":"https:\/\/rtt.ee\/toode\/maaratlemata\/lauakalkulaator-el330fbbk\/"},"modified":"2025-07-07T21:20:36","modified_gmt":"2025-07-07T18:20:36","slug":"lauakalkulaator-el330fbbk","status":"publish","type":"product","link":"https:\/\/rtt.ee\/ru\/toode\/kalkulaatorid-ru\/lauakalkulaatorid-ru\/lauakalkulaator-el330fbbk\/","title":{"rendered":"\u041d\u0430\u0441\u0442\u043e\u043b\u044c\u043d\u044b\u0439 \u043a\u0430\u043b\u044c\u043a\u0443\u043b\u044f\u0442\u043e\u0440 EL330FBBK"},"content":{"rendered":"<p>Suur kaldekraan<br \/>\n8 kohta<br \/>\nTax funktsioon<br \/>\n3 klahvi m\u00e4lu<br \/>\nautomaatne v\u00e4ljal\u00fclitus<br \/>\nkorpus: tume<br \/>\n152x94x28mm<\/p>\n","protected":false},"excerpt":{"rendered":"<p>Suur kaldekraan 8 kohta Tax funktsioon 3 klahvi m\u00e4lu automaatne v\u00e4ljal\u00fclitus korpus: tume 152x94x28mm<\/p>\n","protected":false},"featured_media":3531,"template":"","meta":{"_acf_changed":false},"product_brand":[],"product_cat":[223],"product_tag":[],"class_list":{"0":"post-3530","1":"product","2":"type-product","3":"status-publish","4":"has-post-thumbnail","6":"product_cat-lauakalkulaatorid-ru","7":"product_brands-sharp-ru","9":"first","10":"instock","11":"taxable","12":"shipping-taxable","13":"purchasable","14":"product-type-simple"},"acf":[],"yoast_head":"<!-- This site is optimized with the Yoast SEO plugin v26.2 - https:\/\/yoast.com\/wordpress\/plugins\/seo\/ -->\n<title>\u041d\u0430\u0441\u0442\u043e\u043b\u044c\u043d\u044b\u0439 \u043a\u0430\u043b\u044c\u043a\u0443\u043b\u044f\u0442\u043e\u0440 EL330FBBK - RTT<\/title>\n<meta name=\"robots\" content=\"index, follow, max-snippet:-1, max-image-preview:large, max-video-preview:-1\" \/>\n<link rel=\"canonical\" href=\"https:\/\/rtt.ee\/ru\/toode\/kalkulaatorid-ru\/lauakalkulaatorid-ru\/lauakalkulaator-el330fbbk\/\" \/>\n<meta property=\"og:locale\" content=\"ru_RU\" \/>\n<meta property=\"og:type\" content=\"article\" \/>\n<meta property=\"og:title\" content=\"\u041d\u0430\u0441\u0442\u043e\u043b\u044c\u043d\u044b\u0439 \u043a\u0430\u043b\u044c\u043a\u0443\u043b\u044f\u0442\u043e\u0440 EL330FBBK - RTT\" \/>\n<meta property=\"og:description\" content=\"Suur kaldekraan 8 kohta Tax funktsioon 3 klahvi m\u00e4lu automaatne v\u00e4ljal\u00fclitus korpus: tume 152x94x28mm\" \/>\n<meta property=\"og:url\" content=\"https:\/\/rtt.ee\/ru\/toode\/kalkulaatorid-ru\/lauakalkulaatorid-ru\/lauakalkulaator-el330fbbk\/\" \/>\n<meta property=\"og:site_name\" content=\"RTT\" \/>\n<meta property=\"article:modified_time\" content=\"2025-07-07T18:20:36+00:00\" \/>\n<meta property=\"og:image\" content=\"https:\/\/rtt.ee\/wp-content\/uploads\/2018\/10\/421_1_s.jpg\" \/>\n\t<meta property=\"og:image:width\" content=\"384\" \/>\n\t<meta property=\"og:image:height\" content=\"550\" \/>\n\t<meta property=\"og:image:type\" content=\"image\/jpeg\" \/>\n<meta name=\"twitter:card\" content=\"summary_large_image\" \/>\n<script type=\"application\/ld+json\" class=\"yoast-schema-graph\">{\"@context\":\"https:\/\/schema.org\",\"@graph\":[{\"@type\":\"WebPage\",\"@id\":\"https:\/\/rtt.ee\/ru\/toode\/kalkulaatorid-ru\/lauakalkulaatorid-ru\/lauakalkulaator-el330fbbk\/\",\"url\":\"https:\/\/rtt.ee\/ru\/toode\/kalkulaatorid-ru\/lauakalkulaatorid-ru\/lauakalkulaator-el330fbbk\/\",\"name\":\"\u041d\u0430\u0441\u0442\u043e\u043b\u044c\u043d\u044b\u0439 \u043a\u0430\u043b\u044c\u043a\u0443\u043b\u044f\u0442\u043e\u0440 EL330FBBK - RTT\",\"isPartOf\":{\"@id\":\"https:\/\/rtt.ee\/en\/#website\"},\"primaryImageOfPage\":{\"@id\":\"https:\/\/rtt.ee\/ru\/toode\/kalkulaatorid-ru\/lauakalkulaatorid-ru\/lauakalkulaator-el330fbbk\/#primaryimage\"},\"image\":{\"@id\":\"https:\/\/rtt.ee\/ru\/toode\/kalkulaatorid-ru\/lauakalkulaatorid-ru\/lauakalkulaator-el330fbbk\/#primaryimage\"},\"thumbnailUrl\":\"https:\/\/rtt.ee\/wp-content\/uploads\/2018\/10\/421_1_s.jpg\",\"datePublished\":\"2018-10-15T22:38:12+00:00\",\"dateModified\":\"2025-07-07T18:20:36+00:00\",\"breadcrumb\":{\"@id\":\"https:\/\/rtt.ee\/ru\/toode\/kalkulaatorid-ru\/lauakalkulaatorid-ru\/lauakalkulaator-el330fbbk\/#breadcrumb\"},\"inLanguage\":\"ru-RU\",\"potentialAction\":[{\"@type\":\"ReadAction\",\"target\":[\"https:\/\/rtt.ee\/ru\/toode\/kalkulaatorid-ru\/lauakalkulaatorid-ru\/lauakalkulaator-el330fbbk\/\"]}]},{\"@type\":\"ImageObject\",\"inLanguage\":\"ru-RU\",\"@id\":\"https:\/\/rtt.ee\/ru\/toode\/kalkulaatorid-ru\/lauakalkulaatorid-ru\/lauakalkulaator-el330fbbk\/#primaryimage\",\"url\":\"https:\/\/rtt.ee\/wp-content\/uploads\/2018\/10\/421_1_s.jpg\",\"contentUrl\":\"https:\/\/rtt.ee\/wp-content\/uploads\/2018\/10\/421_1_s.jpg\",\"width\":384,\"height\":550},{\"@type\":\"BreadcrumbList\",\"@id\":\"https:\/\/rtt.ee\/ru\/toode\/kalkulaatorid-ru\/lauakalkulaatorid-ru\/lauakalkulaator-el330fbbk\/#breadcrumb\",\"itemListElement\":[{\"@type\":\"ListItem\",\"position\":1,\"name\":\"\u0413\u043b\u0430\u0432\u043d\u0430\u044f\",\"item\":\"https:\/\/rtt.ee\/ru\/\"},{\"@type\":\"ListItem\",\"position\":2,\"name\":\"Magazin\",\"item\":\"https:\/\/rtt.ee\/ru\/pood\/\"},{\"@type\":\"ListItem\",\"position\":3,\"name\":\"Kalkulaatorid\",\"item\":\"https:\/\/rtt.ee\/tootekategooria\/kalkulaatorid\/\"},{\"@type\":\"ListItem\",\"position\":4,\"name\":\"Lauakalkulaatorid\",\"item\":\"https:\/\/rtt.ee\/tootekategooria\/kalkulaatorid\/lauakalkulaatorid\/\"},{\"@type\":\"ListItem\",\"position\":5,\"name\":\"\u041d\u0430\u0441\u0442\u043e\u043b\u044c\u043d\u044b\u0439 \u043a\u0430\u043b\u044c\u043a\u0443\u043b\u044f\u0442\u043e\u0440 EL330FBBK\"}]},{\"@type\":\"WebSite\",\"@id\":\"https:\/\/rtt.ee\/en\/#website\",\"url\":\"https:\/\/rtt.ee\/en\/\",\"name\":\"RTT\",\"description\":\"Kassaaparaadid ja kontorikaubad\",\"potentialAction\":[{\"@type\":\"SearchAction\",\"target\":{\"@type\":\"EntryPoint\",\"urlTemplate\":\"https:\/\/rtt.ee\/en\/?s={search_term_string}\"},\"query-input\":{\"@type\":\"PropertyValueSpecification\",\"valueRequired\":true,\"valueName\":\"search_term_string\"}}],\"inLanguage\":\"ru-RU\"}]}<\/script>\n<!-- \/ Yoast SEO plugin. -->","yoast_head_json":{"title":"\u041d\u0430\u0441\u0442\u043e\u043b\u044c\u043d\u044b\u0439 \u043a\u0430\u043b\u044c\u043a\u0443\u043b\u044f\u0442\u043e\u0440 EL330FBBK - RTT","robots":{"index":"index","follow":"follow","max-snippet":"max-snippet:-1","max-image-preview":"max-image-preview:large","max-video-preview":"max-video-preview:-1"},"canonical":"https:\/\/rtt.ee\/ru\/toode\/kalkulaatorid-ru\/lauakalkulaatorid-ru\/lauakalkulaator-el330fbbk\/","og_locale":"ru_RU","og_type":"article","og_title":"\u041d\u0430\u0441\u0442\u043e\u043b\u044c\u043d\u044b\u0439 \u043a\u0430\u043b\u044c\u043a\u0443\u043b\u044f\u0442\u043e\u0440 EL330FBBK - RTT","og_description":"Suur kaldekraan 8 kohta Tax funktsioon 3 klahvi m\u00e4lu automaatne v\u00e4ljal\u00fclitus korpus: tume 152x94x28mm","og_url":"https:\/\/rtt.ee\/ru\/toode\/kalkulaatorid-ru\/lauakalkulaatorid-ru\/lauakalkulaator-el330fbbk\/","og_site_name":"RTT","article_modified_time":"2025-07-07T18:20:36+00:00","og_image":[{"width":384,"height":550,"url":"https:\/\/rtt.ee\/wp-content\/uploads\/2018\/10\/421_1_s.jpg","type":"image\/jpeg"}],"twitter_card":"summary_large_image","schema":{"@context":"https:\/\/schema.org","@graph":[{"@type":"WebPage","@id":"https:\/\/rtt.ee\/ru\/toode\/kalkulaatorid-ru\/lauakalkulaatorid-ru\/lauakalkulaator-el330fbbk\/","url":"https:\/\/rtt.ee\/ru\/toode\/kalkulaatorid-ru\/lauakalkulaatorid-ru\/lauakalkulaator-el330fbbk\/","name":"\u041d\u0430\u0441\u0442\u043e\u043b\u044c\u043d\u044b\u0439 \u043a\u0430\u043b\u044c\u043a\u0443\u043b\u044f\u0442\u043e\u0440 EL330FBBK - RTT","isPartOf":{"@id":"https:\/\/rtt.ee\/en\/#website"},"primaryImageOfPage":{"@id":"https:\/\/rtt.ee\/ru\/toode\/kalkulaatorid-ru\/lauakalkulaatorid-ru\/lauakalkulaator-el330fbbk\/#primaryimage"},"image":{"@id":"https:\/\/rtt.ee\/ru\/toode\/kalkulaatorid-ru\/lauakalkulaatorid-ru\/lauakalkulaator-el330fbbk\/#primaryimage"},"thumbnailUrl":"https:\/\/rtt.ee\/wp-content\/uploads\/2018\/10\/421_1_s.jpg","datePublished":"2018-10-15T22:38:12+00:00","dateModified":"2025-07-07T18:20:36+00:00","breadcrumb":{"@id":"https:\/\/rtt.ee\/ru\/toode\/kalkulaatorid-ru\/lauakalkulaatorid-ru\/lauakalkulaator-el330fbbk\/#breadcrumb"},"inLanguage":"ru-RU","potentialAction":[{"@type":"ReadAction","target":["https:\/\/rtt.ee\/ru\/toode\/kalkulaatorid-ru\/lauakalkulaatorid-ru\/lauakalkulaator-el330fbbk\/"]}]},{"@type":"ImageObject","inLanguage":"ru-RU","@id":"https:\/\/rtt.ee\/ru\/toode\/kalkulaatorid-ru\/lauakalkulaatorid-ru\/lauakalkulaator-el330fbbk\/#primaryimage","url":"https:\/\/rtt.ee\/wp-content\/uploads\/2018\/10\/421_1_s.jpg","contentUrl":"https:\/\/rtt.ee\/wp-content\/uploads\/2018\/10\/421_1_s.jpg","width":384,"height":550},{"@type":"BreadcrumbList","@id":"https:\/\/rtt.ee\/ru\/toode\/kalkulaatorid-ru\/lauakalkulaatorid-ru\/lauakalkulaator-el330fbbk\/#breadcrumb","itemListElement":[{"@type":"ListItem","position":1,"name":"\u0413\u043b\u0430\u0432\u043d\u0430\u044f","item":"https:\/\/rtt.ee\/ru\/"},{"@type":"ListItem","position":2,"name":"Magazin","item":"https:\/\/rtt.ee\/ru\/pood\/"},{"@type":"ListItem","position":3,"name":"Kalkulaatorid","item":"https:\/\/rtt.ee\/tootekategooria\/kalkulaatorid\/"},{"@type":"ListItem","position":4,"name":"Lauakalkulaatorid","item":"https:\/\/rtt.ee\/tootekategooria\/kalkulaatorid\/lauakalkulaatorid\/"},{"@type":"ListItem","position":5,"name":"\u041d\u0430\u0441\u0442\u043e\u043b\u044c\u043d\u044b\u0439 \u043a\u0430\u043b\u044c\u043a\u0443\u043b\u044f\u0442\u043e\u0440 EL330FBBK"}]},{"@type":"WebSite","@id":"https:\/\/rtt.ee\/en\/#website","url":"https:\/\/rtt.ee\/en\/","name":"RTT","description":"Kassaaparaadid ja kontorikaubad","potentialAction":[{"@type":"SearchAction","target":{"@type":"EntryPoint","urlTemplate":"https:\/\/rtt.ee\/en\/?s={search_term_string}"},"query-input":{"@type":"PropertyValueSpecification","valueRequired":true,"valueName":"search_term_string"}}],"inLanguage":"ru-RU"}]}},"_links":{"self":[{"href":"https:\/\/rtt.ee\/ru\/wp-json\/wp\/v2\/product\/3530","targetHints":{"allow":["GET"]}}],"collection":[{"href":"https:\/\/rtt.ee\/ru\/wp-json\/wp\/v2\/product"}],"about":[{"href":"https:\/\/rtt.ee\/ru\/wp-json\/wp\/v2\/types\/product"}],"wp:featuredmedia":[{"embeddable":true,"href":"https:\/\/rtt.ee\/ru\/wp-json\/wp\/v2\/media\/3531"}],"wp:attachment":[{"href":"https:\/\/rtt.ee\/ru\/wp-json\/wp\/v2\/media?parent=3530"}],"wp:term":[{"taxonomy":"product_brand","embeddable":true,"href":"https:\/\/rtt.ee\/ru\/wp-json\/wp\/v2\/product_brand?post=3530"},{"taxonomy":"product_cat","embeddable":true,"href":"https:\/\/rtt.ee\/ru\/wp-json\/wp\/v2\/product_cat?post=3530"},{"taxonomy":"product_tag","embeddable":true,"href":"https:\/\/rtt.ee\/ru\/wp-json\/wp\/v2\/product_tag?post=3530"}],"curies":[{"name":"wp","href":"https:\/\/api.w.org\/{rel}","templated":true}]}}