{"id":3237,"date":"2018-10-16T02:13:11","date_gmt":"2018-10-15T23:13:11","guid":{"rendered":"https:\/\/rtt.ee\/toode\/maaratlemata\/sharp-mx-c301w\/"},"modified":"2025-07-07T21:20:33","modified_gmt":"2025-07-07T18:20:33","slug":"sharp-mx-c301w","status":"publish","type":"product","link":"https:\/\/rtt.ee\/ru\/toode\/koopiamasinad-ru\/varvilised-koopiamasinad-ru\/sharp-mx-c301w\/","title":{"rendered":"\u041a\u043e\u043f\u0438\u0440\u043e\u0432\u0430\u043b\u044c\u043d\u044b\u0439 \u0430\u043f\u043f\u0430\u0440\u0430\u0442 \u041c\u0424\u0423 SHARP MX-C301W"},"content":{"rendered":"<p class=\"&quot;western&quot;\"><strong>Sharp MX-C301W<\/strong><\/p>\n<p class=\"&quot;western&quot;\">Stiilse disainiga kompaktne A4 digitaalne multifunktsionaalne v\u00e4rvi seade koos automaatse kahepoolse dokumendis\u00f6\u00f6tja,<br \/>\ndupleksseadme, \u00fche paberisahtli, k\u00e4sis\u00f6\u00f6du, v\u00f5rguprinteri, v\u00f5rgusk\u00e4nneri ja faksiga.<br \/>\nSeade on m\u00f5eldud kontorisse, kus igap\u00e4eva t\u00f6\u00f6s ei vajata A3 formaadis v\u00e4ljatr\u00fckke,<br \/>\nolulised on aga suurtele kontorikombainidele omased v\u00f5imalused.<\/p>\n<p class=\"&quot;western&quot;\"><strong>Lisainfo:<\/strong><\/p>\n<p class=\"&quot;western&quot;\"><strong>Imre Kuuskmann<br \/>\nTel: +372 6 112 256<br \/>\nGSM: +372 5 014 470<br \/>\nimre.kuuskmann@rtt.ee<\/strong><\/p>\n","protected":false},"excerpt":{"rendered":"<p>Sharp MX-C301W Stiilse disainiga kompaktne A4 digitaalne multifunktsionaalne v\u00e4rvi seade koos automaatse kahepoolse dokumendis\u00f6\u00f6tja, dupleksseadme, \u00fche paberisahtli, k\u00e4sis\u00f6\u00f6du, v\u00f5rguprinteri, v\u00f5rgusk\u00e4nneri ja faksiga. Seade on m\u00f5eldud kontorisse, kus igap\u00e4eva t\u00f6\u00f6s ei vajata A3 formaadis v\u00e4ljatr\u00fckke, olulised on aga suurtele kontorikombainidele omased v\u00f5imalused. Lisainfo: Imre Kuuskmann Tel: +372 6 112 256 GSM: +372 5 014 470 imre.kuuskmann@rtt.ee<\/p>\n","protected":false},"featured_media":3241,"template":"","meta":{"_acf_changed":false},"product_brand":[],"product_cat":[239],"product_tag":[],"class_list":{"0":"post-3237","1":"product","2":"type-product","3":"status-publish","4":"has-post-thumbnail","6":"product_cat-varvilised-koopiamasinad-ru","8":"first","9":"outofstock","10":"taxable","11":"shipping-taxable","12":"purchasable","13":"product-type-simple"},"acf":[],"yoast_head":"<!-- This site is optimized with the Yoast SEO plugin v26.2 - https:\/\/yoast.com\/wordpress\/plugins\/seo\/ -->\n<title>\u041a\u043e\u043f\u0438\u0440\u043e\u0432\u0430\u043b\u044c\u043d\u044b\u0439 \u0430\u043f\u043f\u0430\u0440\u0430\u0442 \u041c\u0424\u0423 SHARP MX-C301W - RTT<\/title>\n<meta name=\"robots\" content=\"index, follow, max-snippet:-1, max-image-preview:large, max-video-preview:-1\" \/>\n<link rel=\"canonical\" href=\"https:\/\/rtt.ee\/ru\/toode\/koopiamasinad-ru\/varvilised-koopiamasinad-ru\/sharp-mx-c301w\/\" \/>\n<meta property=\"og:locale\" content=\"ru_RU\" \/>\n<meta property=\"og:type\" content=\"article\" \/>\n<meta property=\"og:title\" content=\"\u041a\u043e\u043f\u0438\u0440\u043e\u0432\u0430\u043b\u044c\u043d\u044b\u0439 \u0430\u043f\u043f\u0430\u0440\u0430\u0442 \u041c\u0424\u0423 SHARP MX-C301W - RTT\" \/>\n<meta property=\"og:description\" content=\"Sharp MX-C301W Stiilse disainiga kompaktne A4 digitaalne multifunktsionaalne v\u00e4rvi seade koos automaatse kahepoolse dokumendis\u00f6\u00f6tja, dupleksseadme, \u00fche paberisahtli, k\u00e4sis\u00f6\u00f6du, v\u00f5rguprinteri, v\u00f5rgusk\u00e4nneri ja faksiga. Seade on m\u00f5eldud kontorisse, kus igap\u00e4eva t\u00f6\u00f6s ei vajata A3 formaadis v\u00e4ljatr\u00fckke, olulised on aga suurtele kontorikombainidele omased v\u00f5imalused. Lisainfo: Imre Kuuskmann Tel: +372 6 112 256 GSM: +372 5 014 470 imre.kuuskmann@rtt.ee\" \/>\n<meta property=\"og:url\" content=\"https:\/\/rtt.ee\/ru\/toode\/koopiamasinad-ru\/varvilised-koopiamasinad-ru\/sharp-mx-c301w\/\" \/>\n<meta property=\"og:site_name\" content=\"RTT\" \/>\n<meta property=\"article:modified_time\" content=\"2025-07-07T18:20:33+00:00\" \/>\n<meta property=\"og:image\" content=\"https:\/\/rtt.ee\/wp-content\/uploads\/2018\/10\/585_1_s.jpg\" \/>\n\t<meta property=\"og:image:width\" content=\"1200\" \/>\n\t<meta property=\"og:image:height\" content=\"1200\" \/>\n\t<meta property=\"og:image:type\" content=\"image\/jpeg\" \/>\n<meta name=\"twitter:card\" content=\"summary_large_image\" \/>\n<script type=\"application\/ld+json\" class=\"yoast-schema-graph\">{\"@context\":\"https:\/\/schema.org\",\"@graph\":[{\"@type\":\"WebPage\",\"@id\":\"https:\/\/rtt.ee\/ru\/toode\/koopiamasinad-ru\/varvilised-koopiamasinad-ru\/sharp-mx-c301w\/\",\"url\":\"https:\/\/rtt.ee\/ru\/toode\/koopiamasinad-ru\/varvilised-koopiamasinad-ru\/sharp-mx-c301w\/\",\"name\":\"\u041a\u043e\u043f\u0438\u0440\u043e\u0432\u0430\u043b\u044c\u043d\u044b\u0439 \u0430\u043f\u043f\u0430\u0440\u0430\u0442 \u041c\u0424\u0423 SHARP MX-C301W - RTT\",\"isPartOf\":{\"@id\":\"https:\/\/rtt.ee\/en\/#website\"},\"primaryImageOfPage\":{\"@id\":\"https:\/\/rtt.ee\/ru\/toode\/koopiamasinad-ru\/varvilised-koopiamasinad-ru\/sharp-mx-c301w\/#primaryimage\"},\"image\":{\"@id\":\"https:\/\/rtt.ee\/ru\/toode\/koopiamasinad-ru\/varvilised-koopiamasinad-ru\/sharp-mx-c301w\/#primaryimage\"},\"thumbnailUrl\":\"https:\/\/rtt.ee\/wp-content\/uploads\/2018\/10\/585_1_s.jpg\",\"datePublished\":\"2018-10-15T23:13:11+00:00\",\"dateModified\":\"2025-07-07T18:20:33+00:00\",\"breadcrumb\":{\"@id\":\"https:\/\/rtt.ee\/ru\/toode\/koopiamasinad-ru\/varvilised-koopiamasinad-ru\/sharp-mx-c301w\/#breadcrumb\"},\"inLanguage\":\"ru-RU\",\"potentialAction\":[{\"@type\":\"ReadAction\",\"target\":[\"https:\/\/rtt.ee\/ru\/toode\/koopiamasinad-ru\/varvilised-koopiamasinad-ru\/sharp-mx-c301w\/\"]}]},{\"@type\":\"ImageObject\",\"inLanguage\":\"ru-RU\",\"@id\":\"https:\/\/rtt.ee\/ru\/toode\/koopiamasinad-ru\/varvilised-koopiamasinad-ru\/sharp-mx-c301w\/#primaryimage\",\"url\":\"https:\/\/rtt.ee\/wp-content\/uploads\/2018\/10\/585_1_s.jpg\",\"contentUrl\":\"https:\/\/rtt.ee\/wp-content\/uploads\/2018\/10\/585_1_s.jpg\",\"width\":1200,\"height\":1200},{\"@type\":\"BreadcrumbList\",\"@id\":\"https:\/\/rtt.ee\/ru\/toode\/koopiamasinad-ru\/varvilised-koopiamasinad-ru\/sharp-mx-c301w\/#breadcrumb\",\"itemListElement\":[{\"@type\":\"ListItem\",\"position\":1,\"name\":\"\u0413\u043b\u0430\u0432\u043d\u0430\u044f\",\"item\":\"https:\/\/rtt.ee\/ru\/\"},{\"@type\":\"ListItem\",\"position\":2,\"name\":\"Magazin\",\"item\":\"https:\/\/rtt.ee\/ru\/pood\/\"},{\"@type\":\"ListItem\",\"position\":3,\"name\":\"Koopiamasinad\",\"item\":\"https:\/\/rtt.ee\/tootekategooria\/koopiamasinad\/\"},{\"@type\":\"ListItem\",\"position\":4,\"name\":\"V\u00e4rvi koopiamasinad\",\"item\":\"https:\/\/rtt.ee\/tootekategooria\/koopiamasinad\/varvi-koopiamasinad\/\"},{\"@type\":\"ListItem\",\"position\":5,\"name\":\"\u041a\u043e\u043f\u0438\u0440\u043e\u0432\u0430\u043b\u044c\u043d\u044b\u0439 \u0430\u043f\u043f\u0430\u0440\u0430\u0442 \u041c\u0424\u0423 SHARP MX-C301W\"}]},{\"@type\":\"WebSite\",\"@id\":\"https:\/\/rtt.ee\/en\/#website\",\"url\":\"https:\/\/rtt.ee\/en\/\",\"name\":\"RTT\",\"description\":\"Kassaaparaadid ja kontorikaubad\",\"potentialAction\":[{\"@type\":\"SearchAction\",\"target\":{\"@type\":\"EntryPoint\",\"urlTemplate\":\"https:\/\/rtt.ee\/en\/?s={search_term_string}\"},\"query-input\":{\"@type\":\"PropertyValueSpecification\",\"valueRequired\":true,\"valueName\":\"search_term_string\"}}],\"inLanguage\":\"ru-RU\"}]}<\/script>\n<!-- \/ Yoast SEO plugin. -->","yoast_head_json":{"title":"\u041a\u043e\u043f\u0438\u0440\u043e\u0432\u0430\u043b\u044c\u043d\u044b\u0439 \u0430\u043f\u043f\u0430\u0440\u0430\u0442 \u041c\u0424\u0423 SHARP MX-C301W - RTT","robots":{"index":"index","follow":"follow","max-snippet":"max-snippet:-1","max-image-preview":"max-image-preview:large","max-video-preview":"max-video-preview:-1"},"canonical":"https:\/\/rtt.ee\/ru\/toode\/koopiamasinad-ru\/varvilised-koopiamasinad-ru\/sharp-mx-c301w\/","og_locale":"ru_RU","og_type":"article","og_title":"\u041a\u043e\u043f\u0438\u0440\u043e\u0432\u0430\u043b\u044c\u043d\u044b\u0439 \u0430\u043f\u043f\u0430\u0440\u0430\u0442 \u041c\u0424\u0423 SHARP MX-C301W - RTT","og_description":"Sharp MX-C301W Stiilse disainiga kompaktne A4 digitaalne multifunktsionaalne v\u00e4rvi seade koos automaatse kahepoolse dokumendis\u00f6\u00f6tja, dupleksseadme, \u00fche paberisahtli, k\u00e4sis\u00f6\u00f6du, v\u00f5rguprinteri, v\u00f5rgusk\u00e4nneri ja faksiga. Seade on m\u00f5eldud kontorisse, kus igap\u00e4eva t\u00f6\u00f6s ei vajata A3 formaadis v\u00e4ljatr\u00fckke, olulised on aga suurtele kontorikombainidele omased v\u00f5imalused. Lisainfo: Imre Kuuskmann Tel: +372 6 112 256 GSM: +372 5 014 470 imre.kuuskmann@rtt.ee","og_url":"https:\/\/rtt.ee\/ru\/toode\/koopiamasinad-ru\/varvilised-koopiamasinad-ru\/sharp-mx-c301w\/","og_site_name":"RTT","article_modified_time":"2025-07-07T18:20:33+00:00","og_image":[{"width":1200,"height":1200,"url":"https:\/\/rtt.ee\/wp-content\/uploads\/2018\/10\/585_1_s.jpg","type":"image\/jpeg"}],"twitter_card":"summary_large_image","schema":{"@context":"https:\/\/schema.org","@graph":[{"@type":"WebPage","@id":"https:\/\/rtt.ee\/ru\/toode\/koopiamasinad-ru\/varvilised-koopiamasinad-ru\/sharp-mx-c301w\/","url":"https:\/\/rtt.ee\/ru\/toode\/koopiamasinad-ru\/varvilised-koopiamasinad-ru\/sharp-mx-c301w\/","name":"\u041a\u043e\u043f\u0438\u0440\u043e\u0432\u0430\u043b\u044c\u043d\u044b\u0439 \u0430\u043f\u043f\u0430\u0440\u0430\u0442 \u041c\u0424\u0423 SHARP MX-C301W - RTT","isPartOf":{"@id":"https:\/\/rtt.ee\/en\/#website"},"primaryImageOfPage":{"@id":"https:\/\/rtt.ee\/ru\/toode\/koopiamasinad-ru\/varvilised-koopiamasinad-ru\/sharp-mx-c301w\/#primaryimage"},"image":{"@id":"https:\/\/rtt.ee\/ru\/toode\/koopiamasinad-ru\/varvilised-koopiamasinad-ru\/sharp-mx-c301w\/#primaryimage"},"thumbnailUrl":"https:\/\/rtt.ee\/wp-content\/uploads\/2018\/10\/585_1_s.jpg","datePublished":"2018-10-15T23:13:11+00:00","dateModified":"2025-07-07T18:20:33+00:00","breadcrumb":{"@id":"https:\/\/rtt.ee\/ru\/toode\/koopiamasinad-ru\/varvilised-koopiamasinad-ru\/sharp-mx-c301w\/#breadcrumb"},"inLanguage":"ru-RU","potentialAction":[{"@type":"ReadAction","target":["https:\/\/rtt.ee\/ru\/toode\/koopiamasinad-ru\/varvilised-koopiamasinad-ru\/sharp-mx-c301w\/"]}]},{"@type":"ImageObject","inLanguage":"ru-RU","@id":"https:\/\/rtt.ee\/ru\/toode\/koopiamasinad-ru\/varvilised-koopiamasinad-ru\/sharp-mx-c301w\/#primaryimage","url":"https:\/\/rtt.ee\/wp-content\/uploads\/2018\/10\/585_1_s.jpg","contentUrl":"https:\/\/rtt.ee\/wp-content\/uploads\/2018\/10\/585_1_s.jpg","width":1200,"height":1200},{"@type":"BreadcrumbList","@id":"https:\/\/rtt.ee\/ru\/toode\/koopiamasinad-ru\/varvilised-koopiamasinad-ru\/sharp-mx-c301w\/#breadcrumb","itemListElement":[{"@type":"ListItem","position":1,"name":"\u0413\u043b\u0430\u0432\u043d\u0430\u044f","item":"https:\/\/rtt.ee\/ru\/"},{"@type":"ListItem","position":2,"name":"Magazin","item":"https:\/\/rtt.ee\/ru\/pood\/"},{"@type":"ListItem","position":3,"name":"Koopiamasinad","item":"https:\/\/rtt.ee\/tootekategooria\/koopiamasinad\/"},{"@type":"ListItem","position":4,"name":"V\u00e4rvi koopiamasinad","item":"https:\/\/rtt.ee\/tootekategooria\/koopiamasinad\/varvi-koopiamasinad\/"},{"@type":"ListItem","position":5,"name":"\u041a\u043e\u043f\u0438\u0440\u043e\u0432\u0430\u043b\u044c\u043d\u044b\u0439 \u0430\u043f\u043f\u0430\u0440\u0430\u0442 \u041c\u0424\u0423 SHARP MX-C301W"}]},{"@type":"WebSite","@id":"https:\/\/rtt.ee\/en\/#website","url":"https:\/\/rtt.ee\/en\/","name":"RTT","description":"Kassaaparaadid ja kontorikaubad","potentialAction":[{"@type":"SearchAction","target":{"@type":"EntryPoint","urlTemplate":"https:\/\/rtt.ee\/en\/?s={search_term_string}"},"query-input":{"@type":"PropertyValueSpecification","valueRequired":true,"valueName":"search_term_string"}}],"inLanguage":"ru-RU"}]}},"_links":{"self":[{"href":"https:\/\/rtt.ee\/ru\/wp-json\/wp\/v2\/product\/3237","targetHints":{"allow":["GET"]}}],"collection":[{"href":"https:\/\/rtt.ee\/ru\/wp-json\/wp\/v2\/product"}],"about":[{"href":"https:\/\/rtt.ee\/ru\/wp-json\/wp\/v2\/types\/product"}],"wp:featuredmedia":[{"embeddable":true,"href":"https:\/\/rtt.ee\/ru\/wp-json\/wp\/v2\/media\/3241"}],"wp:attachment":[{"href":"https:\/\/rtt.ee\/ru\/wp-json\/wp\/v2\/media?parent=3237"}],"wp:term":[{"taxonomy":"product_brand","embeddable":true,"href":"https:\/\/rtt.ee\/ru\/wp-json\/wp\/v2\/product_brand?post=3237"},{"taxonomy":"product_cat","embeddable":true,"href":"https:\/\/rtt.ee\/ru\/wp-json\/wp\/v2\/product_cat?post=3237"},{"taxonomy":"product_tag","embeddable":true,"href":"https:\/\/rtt.ee\/ru\/wp-json\/wp\/v2\/product_tag?post=3237"}],"curies":[{"name":"wp","href":"https:\/\/api.w.org\/{rel}","templated":true}]}}