{"id":3124,"date":"2018-10-16T02:20:38","date_gmt":"2018-10-15T23:20:38","guid":{"rendered":"https:\/\/rtt.ee\/toode\/maaratlemata\/epson-high-gloss-label-continuous-roll-102mm-x-33m\/"},"modified":"2025-07-07T21:20:32","modified_gmt":"2025-07-07T18:20:32","slug":"epson-high-gloss-label-continuous-roll-102mm-x-33m","status":"publish","type":"product","link":"https:\/\/rtt.ee\/ru\/toode\/etiketid-ja-termokiled-ru\/varvilise-etiketiprinteri-etiketid-ru\/epson-high-gloss-label-continuous-roll-102mm-x-33m\/","title":{"rendered":"Epson High gloss Label &#8212; Continuous roll 102\u043c\u043c X 33\u043c"},"content":{"rendered":"<p>1. Sobib printeritele : TM-C3500; TM-C7500;<br \/>\n2. L\u00e4ikiv<br \/>\n3. Continuous roll ehk v\u00f5imalik ise etiketi k\u00f5rgus m\u00e4\u00e4rata l\u00f5ikuri abiga.<\/p>\n<p><strong>Info: +372 6112 258<\/strong><\/p>\n","protected":false},"excerpt":{"rendered":"<p>1. Sobib printeritele : TM-C3500; TM-C7500; 2. L\u00e4ikiv 3. Continuous roll ehk v\u00f5imalik ise etiketi k\u00f5rgus m\u00e4\u00e4rata l\u00f5ikuri abiga. Info: +372 6112 258<\/p>\n","protected":false},"featured_media":3125,"template":"","meta":{"_acf_changed":false},"product_brand":[],"product_cat":[218],"product_tag":[],"class_list":{"0":"post-3124","1":"product","2":"type-product","3":"status-publish","4":"has-post-thumbnail","6":"product_cat-varvilise-etiketiprinteri-etiketid-ru","7":"product_brands-epson-ru","9":"first","10":"instock","11":"taxable","12":"shipping-taxable","13":"purchasable","14":"product-type-simple"},"acf":[],"yoast_head":"<!-- This site is optimized with the Yoast SEO plugin v26.2 - https:\/\/yoast.com\/wordpress\/plugins\/seo\/ -->\n<title>Epson High gloss Label - Continuous roll 102\u043c\u043c X 33\u043c - RTT<\/title>\n<meta name=\"robots\" content=\"index, follow, max-snippet:-1, max-image-preview:large, max-video-preview:-1\" \/>\n<link rel=\"canonical\" href=\"https:\/\/rtt.ee\/ru\/toode\/etiketid-ja-termokiled-ru\/varvilise-etiketiprinteri-etiketid-ru\/epson-high-gloss-label-continuous-roll-102mm-x-33m\/\" \/>\n<meta property=\"og:locale\" content=\"ru_RU\" \/>\n<meta property=\"og:type\" content=\"article\" \/>\n<meta property=\"og:title\" content=\"Epson High gloss Label - Continuous roll 102\u043c\u043c X 33\u043c - RTT\" \/>\n<meta property=\"og:description\" content=\"1. Sobib printeritele : TM-C3500; TM-C7500; 2. L\u00e4ikiv 3. Continuous roll ehk v\u00f5imalik ise etiketi k\u00f5rgus m\u00e4\u00e4rata l\u00f5ikuri abiga. Info: +372 6112 258\" \/>\n<meta property=\"og:url\" content=\"https:\/\/rtt.ee\/ru\/toode\/etiketid-ja-termokiled-ru\/varvilise-etiketiprinteri-etiketid-ru\/epson-high-gloss-label-continuous-roll-102mm-x-33m\/\" \/>\n<meta property=\"og:site_name\" content=\"RTT\" \/>\n<meta property=\"article:modified_time\" content=\"2025-07-07T18:20:32+00:00\" \/>\n<meta property=\"og:image\" content=\"https:\/\/rtt.ee\/wp-content\/uploads\/2018\/10\/622_1_s.jpg\" \/>\n\t<meta property=\"og:image:width\" content=\"350\" \/>\n\t<meta property=\"og:image:height\" content=\"233\" \/>\n\t<meta property=\"og:image:type\" content=\"image\/jpeg\" \/>\n<meta name=\"twitter:card\" content=\"summary_large_image\" \/>\n<script type=\"application\/ld+json\" class=\"yoast-schema-graph\">{\"@context\":\"https:\/\/schema.org\",\"@graph\":[{\"@type\":\"WebPage\",\"@id\":\"https:\/\/rtt.ee\/ru\/toode\/etiketid-ja-termokiled-ru\/varvilise-etiketiprinteri-etiketid-ru\/epson-high-gloss-label-continuous-roll-102mm-x-33m\/\",\"url\":\"https:\/\/rtt.ee\/ru\/toode\/etiketid-ja-termokiled-ru\/varvilise-etiketiprinteri-etiketid-ru\/epson-high-gloss-label-continuous-roll-102mm-x-33m\/\",\"name\":\"Epson High gloss Label - Continuous roll 102\u043c\u043c X 33\u043c - RTT\",\"isPartOf\":{\"@id\":\"https:\/\/rtt.ee\/en\/#website\"},\"primaryImageOfPage\":{\"@id\":\"https:\/\/rtt.ee\/ru\/toode\/etiketid-ja-termokiled-ru\/varvilise-etiketiprinteri-etiketid-ru\/epson-high-gloss-label-continuous-roll-102mm-x-33m\/#primaryimage\"},\"image\":{\"@id\":\"https:\/\/rtt.ee\/ru\/toode\/etiketid-ja-termokiled-ru\/varvilise-etiketiprinteri-etiketid-ru\/epson-high-gloss-label-continuous-roll-102mm-x-33m\/#primaryimage\"},\"thumbnailUrl\":\"https:\/\/rtt.ee\/wp-content\/uploads\/2018\/10\/622_1_s.jpg\",\"datePublished\":\"2018-10-15T23:20:38+00:00\",\"dateModified\":\"2025-07-07T18:20:32+00:00\",\"breadcrumb\":{\"@id\":\"https:\/\/rtt.ee\/ru\/toode\/etiketid-ja-termokiled-ru\/varvilise-etiketiprinteri-etiketid-ru\/epson-high-gloss-label-continuous-roll-102mm-x-33m\/#breadcrumb\"},\"inLanguage\":\"ru-RU\",\"potentialAction\":[{\"@type\":\"ReadAction\",\"target\":[\"https:\/\/rtt.ee\/ru\/toode\/etiketid-ja-termokiled-ru\/varvilise-etiketiprinteri-etiketid-ru\/epson-high-gloss-label-continuous-roll-102mm-x-33m\/\"]}]},{\"@type\":\"ImageObject\",\"inLanguage\":\"ru-RU\",\"@id\":\"https:\/\/rtt.ee\/ru\/toode\/etiketid-ja-termokiled-ru\/varvilise-etiketiprinteri-etiketid-ru\/epson-high-gloss-label-continuous-roll-102mm-x-33m\/#primaryimage\",\"url\":\"https:\/\/rtt.ee\/wp-content\/uploads\/2018\/10\/622_1_s.jpg\",\"contentUrl\":\"https:\/\/rtt.ee\/wp-content\/uploads\/2018\/10\/622_1_s.jpg\",\"width\":350,\"height\":233},{\"@type\":\"BreadcrumbList\",\"@id\":\"https:\/\/rtt.ee\/ru\/toode\/etiketid-ja-termokiled-ru\/varvilise-etiketiprinteri-etiketid-ru\/epson-high-gloss-label-continuous-roll-102mm-x-33m\/#breadcrumb\",\"itemListElement\":[{\"@type\":\"ListItem\",\"position\":1,\"name\":\"\u0413\u043b\u0430\u0432\u043d\u0430\u044f\",\"item\":\"https:\/\/rtt.ee\/ru\/\"},{\"@type\":\"ListItem\",\"position\":2,\"name\":\"Magazin\",\"item\":\"https:\/\/rtt.ee\/ru\/pood\/\"},{\"@type\":\"ListItem\",\"position\":3,\"name\":\"\u042d\u0442\u0438\u043a\u0435\u0442\u043a\u0438 \u0438 \u0442\u0435\u0440\u043c\u043e\u043f\u043b\u0435\u043d\u043a\u0430\",\"item\":\"https:\/\/rtt.ee\/ru\/tootekategooria\/etiketid-ja-termokiled-ru\/\"},{\"@type\":\"ListItem\",\"position\":4,\"name\":\"\u042d\u0442\u0438\u043a\u0435\u0442\u043a\u0438 \u0434\u043b\u044f \u0446\u0432\u0435\u0442\u043d\u044b\u0445 \u043f\u0440\u0438\u043d\u0442\u0435\u0440\u043e\u0432 \u044d\u0442\u0438\u043a\u0435\u0442\u043e\u043a\",\"item\":\"https:\/\/rtt.ee\/ru\/tootekategooria\/etiketid-ja-termokiled-ru\/varvilise-etiketiprinteri-etiketid-ru\/\"},{\"@type\":\"ListItem\",\"position\":5,\"name\":\"Epson High gloss Label &#8211; Continuous roll 102\u043c\u043c X 33\u043c\"}]},{\"@type\":\"WebSite\",\"@id\":\"https:\/\/rtt.ee\/en\/#website\",\"url\":\"https:\/\/rtt.ee\/en\/\",\"name\":\"RTT\",\"description\":\"Kassaaparaadid ja kontorikaubad\",\"potentialAction\":[{\"@type\":\"SearchAction\",\"target\":{\"@type\":\"EntryPoint\",\"urlTemplate\":\"https:\/\/rtt.ee\/en\/?s={search_term_string}\"},\"query-input\":{\"@type\":\"PropertyValueSpecification\",\"valueRequired\":true,\"valueName\":\"search_term_string\"}}],\"inLanguage\":\"ru-RU\"}]}<\/script>\n<!-- \/ Yoast SEO plugin. -->","yoast_head_json":{"title":"Epson High gloss Label - Continuous roll 102\u043c\u043c X 33\u043c - RTT","robots":{"index":"index","follow":"follow","max-snippet":"max-snippet:-1","max-image-preview":"max-image-preview:large","max-video-preview":"max-video-preview:-1"},"canonical":"https:\/\/rtt.ee\/ru\/toode\/etiketid-ja-termokiled-ru\/varvilise-etiketiprinteri-etiketid-ru\/epson-high-gloss-label-continuous-roll-102mm-x-33m\/","og_locale":"ru_RU","og_type":"article","og_title":"Epson High gloss Label - Continuous roll 102\u043c\u043c X 33\u043c - RTT","og_description":"1. Sobib printeritele : TM-C3500; TM-C7500; 2. L\u00e4ikiv 3. Continuous roll ehk v\u00f5imalik ise etiketi k\u00f5rgus m\u00e4\u00e4rata l\u00f5ikuri abiga. Info: +372 6112 258","og_url":"https:\/\/rtt.ee\/ru\/toode\/etiketid-ja-termokiled-ru\/varvilise-etiketiprinteri-etiketid-ru\/epson-high-gloss-label-continuous-roll-102mm-x-33m\/","og_site_name":"RTT","article_modified_time":"2025-07-07T18:20:32+00:00","og_image":[{"width":350,"height":233,"url":"https:\/\/rtt.ee\/wp-content\/uploads\/2018\/10\/622_1_s.jpg","type":"image\/jpeg"}],"twitter_card":"summary_large_image","schema":{"@context":"https:\/\/schema.org","@graph":[{"@type":"WebPage","@id":"https:\/\/rtt.ee\/ru\/toode\/etiketid-ja-termokiled-ru\/varvilise-etiketiprinteri-etiketid-ru\/epson-high-gloss-label-continuous-roll-102mm-x-33m\/","url":"https:\/\/rtt.ee\/ru\/toode\/etiketid-ja-termokiled-ru\/varvilise-etiketiprinteri-etiketid-ru\/epson-high-gloss-label-continuous-roll-102mm-x-33m\/","name":"Epson High gloss Label - Continuous roll 102\u043c\u043c X 33\u043c - RTT","isPartOf":{"@id":"https:\/\/rtt.ee\/en\/#website"},"primaryImageOfPage":{"@id":"https:\/\/rtt.ee\/ru\/toode\/etiketid-ja-termokiled-ru\/varvilise-etiketiprinteri-etiketid-ru\/epson-high-gloss-label-continuous-roll-102mm-x-33m\/#primaryimage"},"image":{"@id":"https:\/\/rtt.ee\/ru\/toode\/etiketid-ja-termokiled-ru\/varvilise-etiketiprinteri-etiketid-ru\/epson-high-gloss-label-continuous-roll-102mm-x-33m\/#primaryimage"},"thumbnailUrl":"https:\/\/rtt.ee\/wp-content\/uploads\/2018\/10\/622_1_s.jpg","datePublished":"2018-10-15T23:20:38+00:00","dateModified":"2025-07-07T18:20:32+00:00","breadcrumb":{"@id":"https:\/\/rtt.ee\/ru\/toode\/etiketid-ja-termokiled-ru\/varvilise-etiketiprinteri-etiketid-ru\/epson-high-gloss-label-continuous-roll-102mm-x-33m\/#breadcrumb"},"inLanguage":"ru-RU","potentialAction":[{"@type":"ReadAction","target":["https:\/\/rtt.ee\/ru\/toode\/etiketid-ja-termokiled-ru\/varvilise-etiketiprinteri-etiketid-ru\/epson-high-gloss-label-continuous-roll-102mm-x-33m\/"]}]},{"@type":"ImageObject","inLanguage":"ru-RU","@id":"https:\/\/rtt.ee\/ru\/toode\/etiketid-ja-termokiled-ru\/varvilise-etiketiprinteri-etiketid-ru\/epson-high-gloss-label-continuous-roll-102mm-x-33m\/#primaryimage","url":"https:\/\/rtt.ee\/wp-content\/uploads\/2018\/10\/622_1_s.jpg","contentUrl":"https:\/\/rtt.ee\/wp-content\/uploads\/2018\/10\/622_1_s.jpg","width":350,"height":233},{"@type":"BreadcrumbList","@id":"https:\/\/rtt.ee\/ru\/toode\/etiketid-ja-termokiled-ru\/varvilise-etiketiprinteri-etiketid-ru\/epson-high-gloss-label-continuous-roll-102mm-x-33m\/#breadcrumb","itemListElement":[{"@type":"ListItem","position":1,"name":"\u0413\u043b\u0430\u0432\u043d\u0430\u044f","item":"https:\/\/rtt.ee\/ru\/"},{"@type":"ListItem","position":2,"name":"Magazin","item":"https:\/\/rtt.ee\/ru\/pood\/"},{"@type":"ListItem","position":3,"name":"\u042d\u0442\u0438\u043a\u0435\u0442\u043a\u0438 \u0438 \u0442\u0435\u0440\u043c\u043e\u043f\u043b\u0435\u043d\u043a\u0430","item":"https:\/\/rtt.ee\/ru\/tootekategooria\/etiketid-ja-termokiled-ru\/"},{"@type":"ListItem","position":4,"name":"\u042d\u0442\u0438\u043a\u0435\u0442\u043a\u0438 \u0434\u043b\u044f \u0446\u0432\u0435\u0442\u043d\u044b\u0445 \u043f\u0440\u0438\u043d\u0442\u0435\u0440\u043e\u0432 \u044d\u0442\u0438\u043a\u0435\u0442\u043e\u043a","item":"https:\/\/rtt.ee\/ru\/tootekategooria\/etiketid-ja-termokiled-ru\/varvilise-etiketiprinteri-etiketid-ru\/"},{"@type":"ListItem","position":5,"name":"Epson High gloss Label &#8211; Continuous roll 102\u043c\u043c X 33\u043c"}]},{"@type":"WebSite","@id":"https:\/\/rtt.ee\/en\/#website","url":"https:\/\/rtt.ee\/en\/","name":"RTT","description":"Kassaaparaadid ja kontorikaubad","potentialAction":[{"@type":"SearchAction","target":{"@type":"EntryPoint","urlTemplate":"https:\/\/rtt.ee\/en\/?s={search_term_string}"},"query-input":{"@type":"PropertyValueSpecification","valueRequired":true,"valueName":"search_term_string"}}],"inLanguage":"ru-RU"}]}},"_links":{"self":[{"href":"https:\/\/rtt.ee\/ru\/wp-json\/wp\/v2\/product\/3124","targetHints":{"allow":["GET"]}}],"collection":[{"href":"https:\/\/rtt.ee\/ru\/wp-json\/wp\/v2\/product"}],"about":[{"href":"https:\/\/rtt.ee\/ru\/wp-json\/wp\/v2\/types\/product"}],"wp:featuredmedia":[{"embeddable":true,"href":"https:\/\/rtt.ee\/ru\/wp-json\/wp\/v2\/media\/3125"}],"wp:attachment":[{"href":"https:\/\/rtt.ee\/ru\/wp-json\/wp\/v2\/media?parent=3124"}],"wp:term":[{"taxonomy":"product_brand","embeddable":true,"href":"https:\/\/rtt.ee\/ru\/wp-json\/wp\/v2\/product_brand?post=3124"},{"taxonomy":"product_cat","embeddable":true,"href":"https:\/\/rtt.ee\/ru\/wp-json\/wp\/v2\/product_cat?post=3124"},{"taxonomy":"product_tag","embeddable":true,"href":"https:\/\/rtt.ee\/ru\/wp-json\/wp\/v2\/product_tag?post=3124"}],"curies":[{"name":"wp","href":"https:\/\/api.w.org\/{rel}","templated":true}]}}