{"id":18516,"date":"2026-04-29T11:07:39","date_gmt":"2026-04-29T08:07:39","guid":{"rendered":"https:\/\/rtt.ee\/toode\/uncategorized\/rendi-kaardiprinter-evolis-primacy-2-kahepoolne\/"},"modified":"2026-04-29T11:14:50","modified_gmt":"2026-04-29T08:14:50","slug":"rendi-kaardiprinter-evolis-primacy-2-kahepoolne","status":"publish","type":"product","link":"https:\/\/rtt.ee\/ru\/toode\/seadmete-rent\/rendi-kaardiprinter-evolis-primacy-2-kahepoolne\/","title":{"rendered":"Rendi kaardiprinter EVOLIS PRIMACY 2 &#8212; kahepoolne"},"content":{"rendered":"<p data-start=\"67\" data-end=\"335\"><strong data-start=\"67\" data-end=\"82\">EVOLIS PRIMACY 2 <\/strong>on t\u00f6\u00f6kindel ja professionaalne kaardiprinter.<\/p>\n<p data-start=\"67\" data-end=\"335\">Sobib \u00fcritustele liikmesuskaartide valmistamiseks, pakkudes lihtsat kasutust, kvaliteetset tr\u00fckki.<\/p>\n<p data-start=\"67\" data-end=\"335\">Tooteinfo: <a href=\"https:\/\/rtt.ee\/ru\/toode\/printerid-ru\/kaardiprinter-ru\/kaardiprinter-evolis-primacy-2-dual-sided-go-pack\/\">Kaardiprinter Evolis Primacy 2 Dual-Sided GO PACK &#8212; RTT<\/a><\/p>\n","protected":false},"excerpt":{"rendered":"<p>EVOLIS PRIMACY 2 on t\u00f6\u00f6kindel ja professionaalne kaardiprinter. Sobib \u00fcritustele liikmesuskaartide valmistamiseks, pakkudes lihtsat kasutust, kvaliteetset tr\u00fckki. Tooteinfo: Kaardiprinter Evolis Primacy 2 Dual-Sided GO PACK &#8212; RTT<\/p>\n","protected":false},"featured_media":17109,"template":"","meta":{"_acf_changed":false},"product_brand":[410],"product_cat":[419],"product_tag":[],"class_list":{"0":"post-18516","1":"product","2":"type-product","3":"status-publish","4":"has-post-thumbnail","6":"product_brand-evolis","7":"product_cat-seadmete-rent","8":"product_brands-evolis-ru","10":"first","11":"instock","12":"taxable","13":"shipping-taxable","14":"purchasable","15":"product-type-simple"},"acf":[],"yoast_head":"<!-- This site is optimized with the Yoast SEO plugin v26.2 - https:\/\/yoast.com\/wordpress\/plugins\/seo\/ -->\n<title>Rendi kaardiprinter EVOLIS PRIMACY 2 - kahepoolne - RTT<\/title>\n<meta name=\"description\" content=\"Rendi Evolis Primacy 2 kaardiprinter kliendikaartide v\u00f5i \u00fcrituse p\u00e4\u00e4smete tr\u00fckkimiseks. Professionaalne kahepoolne kvaliteet ja lihtne kasutus. K\u00fcsi rendipakkumist!\" \/>\n<meta name=\"robots\" content=\"index, follow, max-snippet:-1, max-image-preview:large, max-video-preview:-1\" \/>\n<link rel=\"canonical\" href=\"https:\/\/rtt.ee\/ru\/toode\/seadmete-rent\/rendi-kaardiprinter-evolis-primacy-2-kahepoolne\/\" \/>\n<meta property=\"og:locale\" content=\"ru_RU\" \/>\n<meta property=\"og:type\" content=\"article\" \/>\n<meta property=\"og:title\" content=\"Rendi kaardiprinter EVOLIS PRIMACY 2 - kahepoolne - RTT\" \/>\n<meta property=\"og:description\" content=\"Rendi Evolis Primacy 2 kaardiprinter kliendikaartide v\u00f5i \u00fcrituse p\u00e4\u00e4smete tr\u00fckkimiseks. Professionaalne kahepoolne kvaliteet ja lihtne kasutus. K\u00fcsi rendipakkumist!\" \/>\n<meta property=\"og:url\" content=\"https:\/\/rtt.ee\/ru\/toode\/seadmete-rent\/rendi-kaardiprinter-evolis-primacy-2-kahepoolne\/\" \/>\n<meta property=\"og:site_name\" content=\"RTT\" \/>\n<meta property=\"article:modified_time\" content=\"2026-04-29T08:14:50+00:00\" \/>\n<meta property=\"og:image\" content=\"https:\/\/rtt.ee\/wp-content\/uploads\/2026\/03\/5-1-scaled-e1773668946937.jpg\" \/>\n\t<meta property=\"og:image:width\" content=\"2560\" \/>\n\t<meta property=\"og:image:height\" content=\"1920\" \/>\n\t<meta property=\"og:image:type\" content=\"image\/jpeg\" \/>\n<meta name=\"twitter:card\" content=\"summary_large_image\" \/>\n<script type=\"application\/ld+json\" class=\"yoast-schema-graph\">{\"@context\":\"https:\/\/schema.org\",\"@graph\":[{\"@type\":\"WebPage\",\"@id\":\"https:\/\/rtt.ee\/ru\/toode\/seadmete-rent\/rendi-kaardiprinter-evolis-primacy-2-kahepoolne\/\",\"url\":\"https:\/\/rtt.ee\/ru\/toode\/seadmete-rent\/rendi-kaardiprinter-evolis-primacy-2-kahepoolne\/\",\"name\":\"Rendi kaardiprinter EVOLIS PRIMACY 2 - kahepoolne - RTT\",\"isPartOf\":{\"@id\":\"https:\/\/rtt.ee\/en\/#website\"},\"primaryImageOfPage\":{\"@id\":\"https:\/\/rtt.ee\/ru\/toode\/seadmete-rent\/rendi-kaardiprinter-evolis-primacy-2-kahepoolne\/#primaryimage\"},\"image\":{\"@id\":\"https:\/\/rtt.ee\/ru\/toode\/seadmete-rent\/rendi-kaardiprinter-evolis-primacy-2-kahepoolne\/#primaryimage\"},\"thumbnailUrl\":\"https:\/\/rtt.ee\/wp-content\/uploads\/2026\/03\/5-1-scaled-e1773668946937.jpg\",\"datePublished\":\"2026-04-29T08:07:39+00:00\",\"dateModified\":\"2026-04-29T08:14:50+00:00\",\"description\":\"Rendi Evolis Primacy 2 kaardiprinter kliendikaartide v\u00f5i \u00fcrituse p\u00e4\u00e4smete tr\u00fckkimiseks. Professionaalne kahepoolne kvaliteet ja lihtne kasutus. K\u00fcsi rendipakkumist!\",\"breadcrumb\":{\"@id\":\"https:\/\/rtt.ee\/ru\/toode\/seadmete-rent\/rendi-kaardiprinter-evolis-primacy-2-kahepoolne\/#breadcrumb\"},\"inLanguage\":\"ru-RU\",\"potentialAction\":[{\"@type\":\"ReadAction\",\"target\":[\"https:\/\/rtt.ee\/ru\/toode\/seadmete-rent\/rendi-kaardiprinter-evolis-primacy-2-kahepoolne\/\"]}]},{\"@type\":\"ImageObject\",\"inLanguage\":\"ru-RU\",\"@id\":\"https:\/\/rtt.ee\/ru\/toode\/seadmete-rent\/rendi-kaardiprinter-evolis-primacy-2-kahepoolne\/#primaryimage\",\"url\":\"https:\/\/rtt.ee\/wp-content\/uploads\/2026\/03\/5-1-scaled-e1773668946937.jpg\",\"contentUrl\":\"https:\/\/rtt.ee\/wp-content\/uploads\/2026\/03\/5-1-scaled-e1773668946937.jpg\",\"width\":2560,\"height\":1920,\"caption\":\"primacy 2\"},{\"@type\":\"BreadcrumbList\",\"@id\":\"https:\/\/rtt.ee\/ru\/toode\/seadmete-rent\/rendi-kaardiprinter-evolis-primacy-2-kahepoolne\/#breadcrumb\",\"itemListElement\":[{\"@type\":\"ListItem\",\"position\":1,\"name\":\"\u0413\u043b\u0430\u0432\u043d\u0430\u044f\",\"item\":\"https:\/\/rtt.ee\/ru\/\"},{\"@type\":\"ListItem\",\"position\":2,\"name\":\"Magazin\",\"item\":\"https:\/\/rtt.ee\/ru\/pood\/\"},{\"@type\":\"ListItem\",\"position\":3,\"name\":\"Seadmete rent\",\"item\":\"https:\/\/rtt.ee\/tootekategooria\/seadmete-rent\/\"},{\"@type\":\"ListItem\",\"position\":4,\"name\":\"Rendi kaardiprinter EVOLIS PRIMACY 2 &#8211; kahepoolne\"}]},{\"@type\":\"WebSite\",\"@id\":\"https:\/\/rtt.ee\/en\/#website\",\"url\":\"https:\/\/rtt.ee\/en\/\",\"name\":\"RTT\",\"description\":\"Kassaaparaadid ja kontorikaubad\",\"potentialAction\":[{\"@type\":\"SearchAction\",\"target\":{\"@type\":\"EntryPoint\",\"urlTemplate\":\"https:\/\/rtt.ee\/en\/?s={search_term_string}\"},\"query-input\":{\"@type\":\"PropertyValueSpecification\",\"valueRequired\":true,\"valueName\":\"search_term_string\"}}],\"inLanguage\":\"ru-RU\"}]}<\/script>\n<!-- \/ Yoast SEO plugin. -->","yoast_head_json":{"title":"Rendi kaardiprinter EVOLIS PRIMACY 2 - kahepoolne - RTT","description":"Rendi Evolis Primacy 2 kaardiprinter kliendikaartide v\u00f5i \u00fcrituse p\u00e4\u00e4smete tr\u00fckkimiseks. Professionaalne kahepoolne kvaliteet ja lihtne kasutus. K\u00fcsi rendipakkumist!","robots":{"index":"index","follow":"follow","max-snippet":"max-snippet:-1","max-image-preview":"max-image-preview:large","max-video-preview":"max-video-preview:-1"},"canonical":"https:\/\/rtt.ee\/ru\/toode\/seadmete-rent\/rendi-kaardiprinter-evolis-primacy-2-kahepoolne\/","og_locale":"ru_RU","og_type":"article","og_title":"Rendi kaardiprinter EVOLIS PRIMACY 2 - kahepoolne - RTT","og_description":"Rendi Evolis Primacy 2 kaardiprinter kliendikaartide v\u00f5i \u00fcrituse p\u00e4\u00e4smete tr\u00fckkimiseks. Professionaalne kahepoolne kvaliteet ja lihtne kasutus. K\u00fcsi rendipakkumist!","og_url":"https:\/\/rtt.ee\/ru\/toode\/seadmete-rent\/rendi-kaardiprinter-evolis-primacy-2-kahepoolne\/","og_site_name":"RTT","article_modified_time":"2026-04-29T08:14:50+00:00","og_image":[{"width":2560,"height":1920,"url":"https:\/\/rtt.ee\/wp-content\/uploads\/2026\/03\/5-1-scaled-e1773668946937.jpg","type":"image\/jpeg"}],"twitter_card":"summary_large_image","schema":{"@context":"https:\/\/schema.org","@graph":[{"@type":"WebPage","@id":"https:\/\/rtt.ee\/ru\/toode\/seadmete-rent\/rendi-kaardiprinter-evolis-primacy-2-kahepoolne\/","url":"https:\/\/rtt.ee\/ru\/toode\/seadmete-rent\/rendi-kaardiprinter-evolis-primacy-2-kahepoolne\/","name":"Rendi kaardiprinter EVOLIS PRIMACY 2 - kahepoolne - RTT","isPartOf":{"@id":"https:\/\/rtt.ee\/en\/#website"},"primaryImageOfPage":{"@id":"https:\/\/rtt.ee\/ru\/toode\/seadmete-rent\/rendi-kaardiprinter-evolis-primacy-2-kahepoolne\/#primaryimage"},"image":{"@id":"https:\/\/rtt.ee\/ru\/toode\/seadmete-rent\/rendi-kaardiprinter-evolis-primacy-2-kahepoolne\/#primaryimage"},"thumbnailUrl":"https:\/\/rtt.ee\/wp-content\/uploads\/2026\/03\/5-1-scaled-e1773668946937.jpg","datePublished":"2026-04-29T08:07:39+00:00","dateModified":"2026-04-29T08:14:50+00:00","description":"Rendi Evolis Primacy 2 kaardiprinter kliendikaartide v\u00f5i \u00fcrituse p\u00e4\u00e4smete tr\u00fckkimiseks. Professionaalne kahepoolne kvaliteet ja lihtne kasutus. K\u00fcsi rendipakkumist!","breadcrumb":{"@id":"https:\/\/rtt.ee\/ru\/toode\/seadmete-rent\/rendi-kaardiprinter-evolis-primacy-2-kahepoolne\/#breadcrumb"},"inLanguage":"ru-RU","potentialAction":[{"@type":"ReadAction","target":["https:\/\/rtt.ee\/ru\/toode\/seadmete-rent\/rendi-kaardiprinter-evolis-primacy-2-kahepoolne\/"]}]},{"@type":"ImageObject","inLanguage":"ru-RU","@id":"https:\/\/rtt.ee\/ru\/toode\/seadmete-rent\/rendi-kaardiprinter-evolis-primacy-2-kahepoolne\/#primaryimage","url":"https:\/\/rtt.ee\/wp-content\/uploads\/2026\/03\/5-1-scaled-e1773668946937.jpg","contentUrl":"https:\/\/rtt.ee\/wp-content\/uploads\/2026\/03\/5-1-scaled-e1773668946937.jpg","width":2560,"height":1920,"caption":"primacy 2"},{"@type":"BreadcrumbList","@id":"https:\/\/rtt.ee\/ru\/toode\/seadmete-rent\/rendi-kaardiprinter-evolis-primacy-2-kahepoolne\/#breadcrumb","itemListElement":[{"@type":"ListItem","position":1,"name":"\u0413\u043b\u0430\u0432\u043d\u0430\u044f","item":"https:\/\/rtt.ee\/ru\/"},{"@type":"ListItem","position":2,"name":"Magazin","item":"https:\/\/rtt.ee\/ru\/pood\/"},{"@type":"ListItem","position":3,"name":"Seadmete rent","item":"https:\/\/rtt.ee\/tootekategooria\/seadmete-rent\/"},{"@type":"ListItem","position":4,"name":"Rendi kaardiprinter EVOLIS PRIMACY 2 &#8211; kahepoolne"}]},{"@type":"WebSite","@id":"https:\/\/rtt.ee\/en\/#website","url":"https:\/\/rtt.ee\/en\/","name":"RTT","description":"Kassaaparaadid ja kontorikaubad","potentialAction":[{"@type":"SearchAction","target":{"@type":"EntryPoint","urlTemplate":"https:\/\/rtt.ee\/en\/?s={search_term_string}"},"query-input":{"@type":"PropertyValueSpecification","valueRequired":true,"valueName":"search_term_string"}}],"inLanguage":"ru-RU"}]}},"_links":{"self":[{"href":"https:\/\/rtt.ee\/ru\/wp-json\/wp\/v2\/product\/18516","targetHints":{"allow":["GET"]}}],"collection":[{"href":"https:\/\/rtt.ee\/ru\/wp-json\/wp\/v2\/product"}],"about":[{"href":"https:\/\/rtt.ee\/ru\/wp-json\/wp\/v2\/types\/product"}],"wp:featuredmedia":[{"embeddable":true,"href":"https:\/\/rtt.ee\/ru\/wp-json\/wp\/v2\/media\/17109"}],"wp:attachment":[{"href":"https:\/\/rtt.ee\/ru\/wp-json\/wp\/v2\/media?parent=18516"}],"wp:term":[{"taxonomy":"product_brand","embeddable":true,"href":"https:\/\/rtt.ee\/ru\/wp-json\/wp\/v2\/product_brand?post=18516"},{"taxonomy":"product_cat","embeddable":true,"href":"https:\/\/rtt.ee\/ru\/wp-json\/wp\/v2\/product_cat?post=18516"},{"taxonomy":"product_tag","embeddable":true,"href":"https:\/\/rtt.ee\/ru\/wp-json\/wp\/v2\/product_tag?post=18516"}],"curies":[{"name":"wp","href":"https:\/\/api.w.org\/{rel}","templated":true}]}}