{"id":18230,"date":"2025-07-21T11:37:15","date_gmt":"2025-07-21T08:37:15","guid":{"rendered":"https:\/\/rtt.ee\/toode\/uncategorized\/sharp-bp-c542pweu-a4-varvi-laserprinter\/"},"modified":"2026-04-09T10:01:06","modified_gmt":"2026-04-09T07:01:06","slug":"sharp-bp-c542pweu-a4-varvi-laserprinter","status":"publish","type":"product","link":"https:\/\/rtt.ee\/ru\/toode\/printerid-ru\/sharp-bp-c542pweu-a4-varvi-laserprinter\/","title":{"rendered":"SHARP BP-C542PWEU A4 v\u00e4rvi-laserprinter"},"content":{"rendered":"<p>Funktsioonid: printimine<\/p>\n<p>Tr\u00fckikiirus A4: 42 Lk\/min (must-valge ja v\u00e4rviline)<\/p>\n<p>Tr\u00fckikvaliteet (dpi): 1200 x 1200<\/p>\n<p>M\u00e4lu: 5GB<\/p>\n<p>HDD: 128GB SSD, 512GB SSD (lisav\u00f5imalus)<\/p>\n<p>Paberis\u00f6\u00f6tja maht: 550 lehte (Standard), kuni 2350 lehte (lisav\u00f5imalus)<\/p>\n<p>\u00dchendused: USB, Ethernet, WiFi<\/p>\n<p>Toetatavad operatsioonis\u00fcsteemid: Windows, Windows Server, MacOS<\/p>\n<p>Lisainfo:\u00a0<a href=\"https:\/\/www.sharp.eu\/sharp-bp-c542pw\">Tehniline kirjeldus inglise keeles<\/a><\/p>\n<p>Tel: +372 6 112 256<\/p>\n<p>GSM: +372 5 014 470<\/p>\n<p><span style=\"color: #ff0000;font-size: 14pt\"><strong>SHARP kontoriseadmete rent ja t\u00e4ishooldus lahendused &#8212;\u00a0<\/strong><strong>Lisainfo:\u00a0<a style=\"color: #ff0000\" href=\"https:\/\/kontoriprinter.ee\/\">Kontoriprinter.ee<\/a><\/strong><\/span><\/p>\n","protected":false},"excerpt":{"rendered":"<p>Funktsioonid: printimine Tr\u00fckikiirus A4: 42 Lk\/min (must-valge ja v\u00e4rviline) Tr\u00fckikvaliteet (dpi): 1200 x 1200 M\u00e4lu: 5GB HDD: 128GB SSD, 512GB SSD (lisav\u00f5imalus) Paberis\u00f6\u00f6tja maht: 550 lehte (Standard), kuni 2350 lehte (lisav\u00f5imalus) \u00dchendused: USB, Ethernet, WiFi Toetatavad operatsioonis\u00fcsteemid: Windows, Windows Server, MacOS Lisainfo:\u00a0Tehniline kirjeldus inglise keeles Tel: +372 6 112 256 GSM: +372 5 014 470 [&hellip;]<\/p>\n","protected":false},"featured_media":12248,"template":"","meta":{"_acf_changed":false},"product_brand":[404],"product_cat":[259,330],"product_tag":[],"class_list":{"0":"post-18230","1":"product","2":"type-product","3":"status-publish","4":"has-post-thumbnail","6":"product_brand-sharp","7":"product_cat-printerid-ru","8":"product_cat-a4-printer-ru","9":"product_brands-sharp-ru","11":"first","12":"onbackorder","13":"taxable","14":"shipping-taxable","15":"purchasable","16":"product-type-simple"},"acf":[],"yoast_head":"<!-- This site is optimized with the Yoast SEO plugin v26.2 - https:\/\/yoast.com\/wordpress\/plugins\/seo\/ -->\n<title>SHARP BP-C542PWEU A4 v\u00e4rvi-laserprinter - RTT<\/title>\n<meta name=\"description\" content=\"Sharp BP-C542PWEU \u2013 \u00fclikiire ja nutikas A4 v\u00e4rviprinter (42 lk\/min). Suur puuteekraan, WiFi ja pilve\u00fchendus. Ideaalne valik n\u00f5udlikule \u00e4rikliendile.\" \/>\n<meta name=\"robots\" content=\"index, follow, max-snippet:-1, max-image-preview:large, max-video-preview:-1\" \/>\n<link rel=\"canonical\" href=\"https:\/\/rtt.ee\/ru\/toode\/printerid-ru\/sharp-bp-c542pweu-a4-varvi-laserprinter\/\" \/>\n<meta property=\"og:locale\" content=\"ru_RU\" \/>\n<meta property=\"og:type\" content=\"article\" \/>\n<meta property=\"og:title\" content=\"SHARP BP-C542PWEU A4 v\u00e4rvi-laserprinter - RTT\" \/>\n<meta property=\"og:description\" content=\"Sharp BP-C542PWEU \u2013 \u00fclikiire ja nutikas A4 v\u00e4rviprinter (42 lk\/min). Suur puuteekraan, WiFi ja pilve\u00fchendus. Ideaalne valik n\u00f5udlikule \u00e4rikliendile.\" \/>\n<meta property=\"og:url\" content=\"https:\/\/rtt.ee\/ru\/toode\/printerid-ru\/sharp-bp-c542pweu-a4-varvi-laserprinter\/\" \/>\n<meta property=\"og:site_name\" content=\"RTT\" \/>\n<meta property=\"article:modified_time\" content=\"2026-04-09T07:01:06+00:00\" \/>\n<meta property=\"og:image\" content=\"https:\/\/rtt.ee\/wp-content\/uploads\/2025\/07\/img-p-03-proimg-bp-c542pw-tiff-ds15-front-980x1024.png\" \/>\n\t<meta property=\"og:image:width\" content=\"980\" \/>\n\t<meta property=\"og:image:height\" content=\"1024\" \/>\n\t<meta property=\"og:image:type\" content=\"image\/png\" \/>\n<meta name=\"twitter:card\" content=\"summary_large_image\" \/>\n<meta name=\"twitter:label1\" content=\"\u041f\u0440\u0438\u043c\u0435\u0440\u043d\u043e\u0435 \u0432\u0440\u0435\u043c\u044f \u0434\u043b\u044f \u0447\u0442\u0435\u043d\u0438\u044f\" \/>\n\t<meta name=\"twitter:data1\" content=\"1 \u043c\u0438\u043d\u0443\u0442\u0430\" \/>\n<script type=\"application\/ld+json\" class=\"yoast-schema-graph\">{\"@context\":\"https:\/\/schema.org\",\"@graph\":[{\"@type\":\"WebPage\",\"@id\":\"https:\/\/rtt.ee\/ru\/toode\/printerid-ru\/sharp-bp-c542pweu-a4-varvi-laserprinter\/\",\"url\":\"https:\/\/rtt.ee\/ru\/toode\/printerid-ru\/sharp-bp-c542pweu-a4-varvi-laserprinter\/\",\"name\":\"SHARP BP-C542PWEU A4 v\u00e4rvi-laserprinter - RTT\",\"isPartOf\":{\"@id\":\"https:\/\/rtt.ee\/en\/#website\"},\"primaryImageOfPage\":{\"@id\":\"https:\/\/rtt.ee\/ru\/toode\/printerid-ru\/sharp-bp-c542pweu-a4-varvi-laserprinter\/#primaryimage\"},\"image\":{\"@id\":\"https:\/\/rtt.ee\/ru\/toode\/printerid-ru\/sharp-bp-c542pweu-a4-varvi-laserprinter\/#primaryimage\"},\"thumbnailUrl\":\"https:\/\/rtt.ee\/wp-content\/uploads\/2025\/07\/img-p-03-proimg-bp-c542pw-tiff-ds15-front.png\",\"datePublished\":\"2025-07-21T08:37:15+00:00\",\"dateModified\":\"2026-04-09T07:01:06+00:00\",\"description\":\"Sharp BP-C542PWEU \u2013 \u00fclikiire ja nutikas A4 v\u00e4rviprinter (42 lk\/min). Suur puuteekraan, WiFi ja pilve\u00fchendus. Ideaalne valik n\u00f5udlikule \u00e4rikliendile.\",\"breadcrumb\":{\"@id\":\"https:\/\/rtt.ee\/ru\/toode\/printerid-ru\/sharp-bp-c542pweu-a4-varvi-laserprinter\/#breadcrumb\"},\"inLanguage\":\"ru-RU\",\"potentialAction\":[{\"@type\":\"ReadAction\",\"target\":[\"https:\/\/rtt.ee\/ru\/toode\/printerid-ru\/sharp-bp-c542pweu-a4-varvi-laserprinter\/\"]}]},{\"@type\":\"ImageObject\",\"inLanguage\":\"ru-RU\",\"@id\":\"https:\/\/rtt.ee\/ru\/toode\/printerid-ru\/sharp-bp-c542pweu-a4-varvi-laserprinter\/#primaryimage\",\"url\":\"https:\/\/rtt.ee\/wp-content\/uploads\/2025\/07\/img-p-03-proimg-bp-c542pw-tiff-ds15-front.png\",\"contentUrl\":\"https:\/\/rtt.ee\/wp-content\/uploads\/2025\/07\/img-p-03-proimg-bp-c542pw-tiff-ds15-front.png\",\"width\":2563,\"height\":2679,\"caption\":\"bp-c542pw\"},{\"@type\":\"BreadcrumbList\",\"@id\":\"https:\/\/rtt.ee\/ru\/toode\/printerid-ru\/sharp-bp-c542pweu-a4-varvi-laserprinter\/#breadcrumb\",\"itemListElement\":[{\"@type\":\"ListItem\",\"position\":1,\"name\":\"\u0413\u043b\u0430\u0432\u043d\u0430\u044f\",\"item\":\"https:\/\/rtt.ee\/ru\/\"},{\"@type\":\"ListItem\",\"position\":2,\"name\":\"Magazin\",\"item\":\"https:\/\/rtt.ee\/ru\/pood\/\"},{\"@type\":\"ListItem\",\"position\":3,\"name\":\"Printerid\",\"item\":\"https:\/\/rtt.ee\/tootekategooria\/printerid\/\"},{\"@type\":\"ListItem\",\"position\":4,\"name\":\"A3 ja A4 Printer\",\"item\":\"https:\/\/rtt.ee\/tootekategooria\/printerid\/a4-printer\/\"},{\"@type\":\"ListItem\",\"position\":5,\"name\":\"SHARP BP-C542PWEU A4 v\u00e4rvi-laserprinter\"}]},{\"@type\":\"WebSite\",\"@id\":\"https:\/\/rtt.ee\/en\/#website\",\"url\":\"https:\/\/rtt.ee\/en\/\",\"name\":\"RTT\",\"description\":\"Kassaaparaadid ja kontorikaubad\",\"potentialAction\":[{\"@type\":\"SearchAction\",\"target\":{\"@type\":\"EntryPoint\",\"urlTemplate\":\"https:\/\/rtt.ee\/en\/?s={search_term_string}\"},\"query-input\":{\"@type\":\"PropertyValueSpecification\",\"valueRequired\":true,\"valueName\":\"search_term_string\"}}],\"inLanguage\":\"ru-RU\"}]}<\/script>\n<!-- \/ Yoast SEO plugin. -->","yoast_head_json":{"title":"SHARP BP-C542PWEU A4 v\u00e4rvi-laserprinter - RTT","description":"Sharp BP-C542PWEU \u2013 \u00fclikiire ja nutikas A4 v\u00e4rviprinter (42 lk\/min). Suur puuteekraan, WiFi ja pilve\u00fchendus. Ideaalne valik n\u00f5udlikule \u00e4rikliendile.","robots":{"index":"index","follow":"follow","max-snippet":"max-snippet:-1","max-image-preview":"max-image-preview:large","max-video-preview":"max-video-preview:-1"},"canonical":"https:\/\/rtt.ee\/ru\/toode\/printerid-ru\/sharp-bp-c542pweu-a4-varvi-laserprinter\/","og_locale":"ru_RU","og_type":"article","og_title":"SHARP BP-C542PWEU A4 v\u00e4rvi-laserprinter - RTT","og_description":"Sharp BP-C542PWEU \u2013 \u00fclikiire ja nutikas A4 v\u00e4rviprinter (42 lk\/min). Suur puuteekraan, WiFi ja pilve\u00fchendus. Ideaalne valik n\u00f5udlikule \u00e4rikliendile.","og_url":"https:\/\/rtt.ee\/ru\/toode\/printerid-ru\/sharp-bp-c542pweu-a4-varvi-laserprinter\/","og_site_name":"RTT","article_modified_time":"2026-04-09T07:01:06+00:00","og_image":[{"width":980,"height":1024,"url":"https:\/\/rtt.ee\/wp-content\/uploads\/2025\/07\/img-p-03-proimg-bp-c542pw-tiff-ds15-front-980x1024.png","type":"image\/png"}],"twitter_card":"summary_large_image","twitter_misc":{"\u041f\u0440\u0438\u043c\u0435\u0440\u043d\u043e\u0435 \u0432\u0440\u0435\u043c\u044f \u0434\u043b\u044f \u0447\u0442\u0435\u043d\u0438\u044f":"1 \u043c\u0438\u043d\u0443\u0442\u0430"},"schema":{"@context":"https:\/\/schema.org","@graph":[{"@type":"WebPage","@id":"https:\/\/rtt.ee\/ru\/toode\/printerid-ru\/sharp-bp-c542pweu-a4-varvi-laserprinter\/","url":"https:\/\/rtt.ee\/ru\/toode\/printerid-ru\/sharp-bp-c542pweu-a4-varvi-laserprinter\/","name":"SHARP BP-C542PWEU A4 v\u00e4rvi-laserprinter - RTT","isPartOf":{"@id":"https:\/\/rtt.ee\/en\/#website"},"primaryImageOfPage":{"@id":"https:\/\/rtt.ee\/ru\/toode\/printerid-ru\/sharp-bp-c542pweu-a4-varvi-laserprinter\/#primaryimage"},"image":{"@id":"https:\/\/rtt.ee\/ru\/toode\/printerid-ru\/sharp-bp-c542pweu-a4-varvi-laserprinter\/#primaryimage"},"thumbnailUrl":"https:\/\/rtt.ee\/wp-content\/uploads\/2025\/07\/img-p-03-proimg-bp-c542pw-tiff-ds15-front.png","datePublished":"2025-07-21T08:37:15+00:00","dateModified":"2026-04-09T07:01:06+00:00","description":"Sharp BP-C542PWEU \u2013 \u00fclikiire ja nutikas A4 v\u00e4rviprinter (42 lk\/min). Suur puuteekraan, WiFi ja pilve\u00fchendus. Ideaalne valik n\u00f5udlikule \u00e4rikliendile.","breadcrumb":{"@id":"https:\/\/rtt.ee\/ru\/toode\/printerid-ru\/sharp-bp-c542pweu-a4-varvi-laserprinter\/#breadcrumb"},"inLanguage":"ru-RU","potentialAction":[{"@type":"ReadAction","target":["https:\/\/rtt.ee\/ru\/toode\/printerid-ru\/sharp-bp-c542pweu-a4-varvi-laserprinter\/"]}]},{"@type":"ImageObject","inLanguage":"ru-RU","@id":"https:\/\/rtt.ee\/ru\/toode\/printerid-ru\/sharp-bp-c542pweu-a4-varvi-laserprinter\/#primaryimage","url":"https:\/\/rtt.ee\/wp-content\/uploads\/2025\/07\/img-p-03-proimg-bp-c542pw-tiff-ds15-front.png","contentUrl":"https:\/\/rtt.ee\/wp-content\/uploads\/2025\/07\/img-p-03-proimg-bp-c542pw-tiff-ds15-front.png","width":2563,"height":2679,"caption":"bp-c542pw"},{"@type":"BreadcrumbList","@id":"https:\/\/rtt.ee\/ru\/toode\/printerid-ru\/sharp-bp-c542pweu-a4-varvi-laserprinter\/#breadcrumb","itemListElement":[{"@type":"ListItem","position":1,"name":"\u0413\u043b\u0430\u0432\u043d\u0430\u044f","item":"https:\/\/rtt.ee\/ru\/"},{"@type":"ListItem","position":2,"name":"Magazin","item":"https:\/\/rtt.ee\/ru\/pood\/"},{"@type":"ListItem","position":3,"name":"Printerid","item":"https:\/\/rtt.ee\/tootekategooria\/printerid\/"},{"@type":"ListItem","position":4,"name":"A3 ja A4 Printer","item":"https:\/\/rtt.ee\/tootekategooria\/printerid\/a4-printer\/"},{"@type":"ListItem","position":5,"name":"SHARP BP-C542PWEU A4 v\u00e4rvi-laserprinter"}]},{"@type":"WebSite","@id":"https:\/\/rtt.ee\/en\/#website","url":"https:\/\/rtt.ee\/en\/","name":"RTT","description":"Kassaaparaadid ja kontorikaubad","potentialAction":[{"@type":"SearchAction","target":{"@type":"EntryPoint","urlTemplate":"https:\/\/rtt.ee\/en\/?s={search_term_string}"},"query-input":{"@type":"PropertyValueSpecification","valueRequired":true,"valueName":"search_term_string"}}],"inLanguage":"ru-RU"}]}},"_links":{"self":[{"href":"https:\/\/rtt.ee\/ru\/wp-json\/wp\/v2\/product\/18230","targetHints":{"allow":["GET"]}}],"collection":[{"href":"https:\/\/rtt.ee\/ru\/wp-json\/wp\/v2\/product"}],"about":[{"href":"https:\/\/rtt.ee\/ru\/wp-json\/wp\/v2\/types\/product"}],"wp:featuredmedia":[{"embeddable":true,"href":"https:\/\/rtt.ee\/ru\/wp-json\/wp\/v2\/media\/12248"}],"wp:attachment":[{"href":"https:\/\/rtt.ee\/ru\/wp-json\/wp\/v2\/media?parent=18230"}],"wp:term":[{"taxonomy":"product_brand","embeddable":true,"href":"https:\/\/rtt.ee\/ru\/wp-json\/wp\/v2\/product_brand?post=18230"},{"taxonomy":"product_cat","embeddable":true,"href":"https:\/\/rtt.ee\/ru\/wp-json\/wp\/v2\/product_cat?post=18230"},{"taxonomy":"product_tag","embeddable":true,"href":"https:\/\/rtt.ee\/ru\/wp-json\/wp\/v2\/product_tag?post=18230"}],"curies":[{"name":"wp","href":"https:\/\/api.w.org\/{rel}","templated":true}]}}