{"id":18189,"date":"2025-08-04T16:17:09","date_gmt":"2025-08-04T13:17:09","guid":{"rendered":"https:\/\/rtt.ee\/toode\/uncategorized\/kaitseumbris-zebra-tc53-tc58-seeriale\/"},"modified":"2026-04-08T15:48:43","modified_gmt":"2026-04-08T12:48:43","slug":"zebra-sg-ngtc5exo1-01","status":"publish","type":"product","link":"https:\/\/rtt.ee\/ru\/toode\/kasiterminaalide-tarvikud-mobiilsed-arvutid-ru\/zebra-sg-ngtc5exo1-01\/","title":{"rendered":"Kaitse\u00fcmbris Zebra TC53\/TC58 seeriale"},"content":{"rendered":"<p>Sobib: TC53, TC58, TC53e, TC58e<\/p>\n","protected":false},"excerpt":{"rendered":"<p>Sobib: TC53, TC58, TC53e, TC58e<\/p>\n","protected":false},"featured_media":18196,"template":"","meta":{"_acf_changed":false},"product_brand":[408],"product_cat":[388],"product_tag":[],"class_list":{"0":"post-18189","1":"product","2":"type-product","3":"status-publish","4":"has-post-thumbnail","6":"product_brand-zebra","7":"product_cat-kasiterminaalide-tarvikud-mobiilsed-arvutid-ru","8":"product_brands-zebra-ru","10":"first","11":"instock","12":"taxable","13":"shipping-taxable","14":"purchasable","15":"product-type-simple"},"acf":[],"yoast_head":"<!-- This site is optimized with the Yoast SEO plugin v26.2 - https:\/\/yoast.com\/wordpress\/plugins\/seo\/ -->\n<title>Kaitse\u00fcmbris Zebra TC53\/TC58 seeriale - RTT<\/title>\n<meta name=\"description\" content=\"Zebra SG-NGTC5EXO1-01 kaitse\u00fcmbris TC51\/TC52\/TC56\/TC57 terminalidele. Tagab t\u00f6\u00f6stusliku taseme kaitse kukkumiste ja p\u00f5rutuste eest\" \/>\n<meta name=\"robots\" content=\"index, follow, max-snippet:-1, max-image-preview:large, max-video-preview:-1\" \/>\n<link rel=\"canonical\" href=\"https:\/\/rtt.ee\/ru\/toode\/kasiterminaalide-tarvikud-mobiilsed-arvutid-ru\/zebra-sg-ngtc5exo1-01\/\" \/>\n<meta property=\"og:locale\" content=\"ru_RU\" \/>\n<meta property=\"og:type\" content=\"article\" \/>\n<meta property=\"og:title\" content=\"Kaitse\u00fcmbris Zebra TC53\/TC58 seeriale - RTT\" \/>\n<meta property=\"og:description\" content=\"Zebra SG-NGTC5EXO1-01 kaitse\u00fcmbris TC51\/TC52\/TC56\/TC57 terminalidele. Tagab t\u00f6\u00f6stusliku taseme kaitse kukkumiste ja p\u00f5rutuste eest\" \/>\n<meta property=\"og:url\" content=\"https:\/\/rtt.ee\/ru\/toode\/kasiterminaalide-tarvikud-mobiilsed-arvutid-ru\/zebra-sg-ngtc5exo1-01\/\" \/>\n<meta property=\"og:site_name\" content=\"RTT\" \/>\n<meta property=\"article:modified_time\" content=\"2026-04-08T12:48:43+00:00\" \/>\n<meta property=\"og:image\" content=\"https:\/\/rtt.ee\/wp-content\/uploads\/2025\/08\/Zebra-SG-NGTC5EXO1-01-e1775652515526.jpg\" \/>\n\t<meta property=\"og:image:width\" content=\"1200\" \/>\n\t<meta property=\"og:image:height\" content=\"900\" \/>\n\t<meta property=\"og:image:type\" content=\"image\/jpeg\" \/>\n<meta name=\"twitter:card\" content=\"summary_large_image\" \/>\n<script type=\"application\/ld+json\" class=\"yoast-schema-graph\">{\"@context\":\"https:\/\/schema.org\",\"@graph\":[{\"@type\":\"WebPage\",\"@id\":\"https:\/\/rtt.ee\/ru\/toode\/kasiterminaalide-tarvikud-mobiilsed-arvutid-ru\/zebra-sg-ngtc5exo1-01\/\",\"url\":\"https:\/\/rtt.ee\/ru\/toode\/kasiterminaalide-tarvikud-mobiilsed-arvutid-ru\/zebra-sg-ngtc5exo1-01\/\",\"name\":\"Kaitse\u00fcmbris Zebra TC53\/TC58 seeriale - RTT\",\"isPartOf\":{\"@id\":\"https:\/\/rtt.ee\/en\/#website\"},\"primaryImageOfPage\":{\"@id\":\"https:\/\/rtt.ee\/ru\/toode\/kasiterminaalide-tarvikud-mobiilsed-arvutid-ru\/zebra-sg-ngtc5exo1-01\/#primaryimage\"},\"image\":{\"@id\":\"https:\/\/rtt.ee\/ru\/toode\/kasiterminaalide-tarvikud-mobiilsed-arvutid-ru\/zebra-sg-ngtc5exo1-01\/#primaryimage\"},\"thumbnailUrl\":\"https:\/\/rtt.ee\/wp-content\/uploads\/2025\/08\/Zebra-SG-NGTC5EXO1-01-e1775652515526.jpg\",\"datePublished\":\"2025-08-04T13:17:09+00:00\",\"dateModified\":\"2026-04-08T12:48:43+00:00\",\"description\":\"Zebra SG-NGTC5EXO1-01 kaitse\u00fcmbris TC51\/TC52\/TC56\/TC57 terminalidele. Tagab t\u00f6\u00f6stusliku taseme kaitse kukkumiste ja p\u00f5rutuste eest\",\"breadcrumb\":{\"@id\":\"https:\/\/rtt.ee\/ru\/toode\/kasiterminaalide-tarvikud-mobiilsed-arvutid-ru\/zebra-sg-ngtc5exo1-01\/#breadcrumb\"},\"inLanguage\":\"ru-RU\",\"potentialAction\":[{\"@type\":\"ReadAction\",\"target\":[\"https:\/\/rtt.ee\/ru\/toode\/kasiterminaalide-tarvikud-mobiilsed-arvutid-ru\/zebra-sg-ngtc5exo1-01\/\"]}]},{\"@type\":\"ImageObject\",\"inLanguage\":\"ru-RU\",\"@id\":\"https:\/\/rtt.ee\/ru\/toode\/kasiterminaalide-tarvikud-mobiilsed-arvutid-ru\/zebra-sg-ngtc5exo1-01\/#primaryimage\",\"url\":\"https:\/\/rtt.ee\/wp-content\/uploads\/2025\/08\/Zebra-SG-NGTC5EXO1-01-e1775652515526.jpg\",\"contentUrl\":\"https:\/\/rtt.ee\/wp-content\/uploads\/2025\/08\/Zebra-SG-NGTC5EXO1-01-e1775652515526.jpg\",\"width\":1200,\"height\":900},{\"@type\":\"BreadcrumbList\",\"@id\":\"https:\/\/rtt.ee\/ru\/toode\/kasiterminaalide-tarvikud-mobiilsed-arvutid-ru\/zebra-sg-ngtc5exo1-01\/#breadcrumb\",\"itemListElement\":[{\"@type\":\"ListItem\",\"position\":1,\"name\":\"\u0413\u043b\u0430\u0432\u043d\u0430\u044f\",\"item\":\"https:\/\/rtt.ee\/ru\/\"},{\"@type\":\"ListItem\",\"position\":2,\"name\":\"Magazin\",\"item\":\"https:\/\/rtt.ee\/ru\/pood\/\"},{\"@type\":\"ListItem\",\"position\":3,\"name\":\"Mobiilsed arvutid\",\"item\":\"https:\/\/rtt.ee\/tootekategooria\/mobiilsed-arvutid\/\"},{\"@type\":\"ListItem\",\"position\":4,\"name\":\"K\u00e4siterminaalide tarvikud\",\"item\":\"https:\/\/rtt.ee\/tootekategooria\/mobiilsed-arvutid\/kasiterminaalide-tarvikud-mobiilsed-arvutid\/\"},{\"@type\":\"ListItem\",\"position\":5,\"name\":\"Kaitse\u00fcmbris Zebra TC53\/TC58 seeriale\"}]},{\"@type\":\"WebSite\",\"@id\":\"https:\/\/rtt.ee\/en\/#website\",\"url\":\"https:\/\/rtt.ee\/en\/\",\"name\":\"RTT\",\"description\":\"Kassaaparaadid ja kontorikaubad\",\"potentialAction\":[{\"@type\":\"SearchAction\",\"target\":{\"@type\":\"EntryPoint\",\"urlTemplate\":\"https:\/\/rtt.ee\/en\/?s={search_term_string}\"},\"query-input\":{\"@type\":\"PropertyValueSpecification\",\"valueRequired\":true,\"valueName\":\"search_term_string\"}}],\"inLanguage\":\"ru-RU\"}]}<\/script>\n<!-- \/ Yoast SEO plugin. -->","yoast_head_json":{"title":"Kaitse\u00fcmbris Zebra TC53\/TC58 seeriale - RTT","description":"Zebra SG-NGTC5EXO1-01 kaitse\u00fcmbris TC51\/TC52\/TC56\/TC57 terminalidele. Tagab t\u00f6\u00f6stusliku taseme kaitse kukkumiste ja p\u00f5rutuste eest","robots":{"index":"index","follow":"follow","max-snippet":"max-snippet:-1","max-image-preview":"max-image-preview:large","max-video-preview":"max-video-preview:-1"},"canonical":"https:\/\/rtt.ee\/ru\/toode\/kasiterminaalide-tarvikud-mobiilsed-arvutid-ru\/zebra-sg-ngtc5exo1-01\/","og_locale":"ru_RU","og_type":"article","og_title":"Kaitse\u00fcmbris Zebra TC53\/TC58 seeriale - RTT","og_description":"Zebra SG-NGTC5EXO1-01 kaitse\u00fcmbris TC51\/TC52\/TC56\/TC57 terminalidele. Tagab t\u00f6\u00f6stusliku taseme kaitse kukkumiste ja p\u00f5rutuste eest","og_url":"https:\/\/rtt.ee\/ru\/toode\/kasiterminaalide-tarvikud-mobiilsed-arvutid-ru\/zebra-sg-ngtc5exo1-01\/","og_site_name":"RTT","article_modified_time":"2026-04-08T12:48:43+00:00","og_image":[{"width":1200,"height":900,"url":"https:\/\/rtt.ee\/wp-content\/uploads\/2025\/08\/Zebra-SG-NGTC5EXO1-01-e1775652515526.jpg","type":"image\/jpeg"}],"twitter_card":"summary_large_image","schema":{"@context":"https:\/\/schema.org","@graph":[{"@type":"WebPage","@id":"https:\/\/rtt.ee\/ru\/toode\/kasiterminaalide-tarvikud-mobiilsed-arvutid-ru\/zebra-sg-ngtc5exo1-01\/","url":"https:\/\/rtt.ee\/ru\/toode\/kasiterminaalide-tarvikud-mobiilsed-arvutid-ru\/zebra-sg-ngtc5exo1-01\/","name":"Kaitse\u00fcmbris Zebra TC53\/TC58 seeriale - RTT","isPartOf":{"@id":"https:\/\/rtt.ee\/en\/#website"},"primaryImageOfPage":{"@id":"https:\/\/rtt.ee\/ru\/toode\/kasiterminaalide-tarvikud-mobiilsed-arvutid-ru\/zebra-sg-ngtc5exo1-01\/#primaryimage"},"image":{"@id":"https:\/\/rtt.ee\/ru\/toode\/kasiterminaalide-tarvikud-mobiilsed-arvutid-ru\/zebra-sg-ngtc5exo1-01\/#primaryimage"},"thumbnailUrl":"https:\/\/rtt.ee\/wp-content\/uploads\/2025\/08\/Zebra-SG-NGTC5EXO1-01-e1775652515526.jpg","datePublished":"2025-08-04T13:17:09+00:00","dateModified":"2026-04-08T12:48:43+00:00","description":"Zebra SG-NGTC5EXO1-01 kaitse\u00fcmbris TC51\/TC52\/TC56\/TC57 terminalidele. Tagab t\u00f6\u00f6stusliku taseme kaitse kukkumiste ja p\u00f5rutuste eest","breadcrumb":{"@id":"https:\/\/rtt.ee\/ru\/toode\/kasiterminaalide-tarvikud-mobiilsed-arvutid-ru\/zebra-sg-ngtc5exo1-01\/#breadcrumb"},"inLanguage":"ru-RU","potentialAction":[{"@type":"ReadAction","target":["https:\/\/rtt.ee\/ru\/toode\/kasiterminaalide-tarvikud-mobiilsed-arvutid-ru\/zebra-sg-ngtc5exo1-01\/"]}]},{"@type":"ImageObject","inLanguage":"ru-RU","@id":"https:\/\/rtt.ee\/ru\/toode\/kasiterminaalide-tarvikud-mobiilsed-arvutid-ru\/zebra-sg-ngtc5exo1-01\/#primaryimage","url":"https:\/\/rtt.ee\/wp-content\/uploads\/2025\/08\/Zebra-SG-NGTC5EXO1-01-e1775652515526.jpg","contentUrl":"https:\/\/rtt.ee\/wp-content\/uploads\/2025\/08\/Zebra-SG-NGTC5EXO1-01-e1775652515526.jpg","width":1200,"height":900},{"@type":"BreadcrumbList","@id":"https:\/\/rtt.ee\/ru\/toode\/kasiterminaalide-tarvikud-mobiilsed-arvutid-ru\/zebra-sg-ngtc5exo1-01\/#breadcrumb","itemListElement":[{"@type":"ListItem","position":1,"name":"\u0413\u043b\u0430\u0432\u043d\u0430\u044f","item":"https:\/\/rtt.ee\/ru\/"},{"@type":"ListItem","position":2,"name":"Magazin","item":"https:\/\/rtt.ee\/ru\/pood\/"},{"@type":"ListItem","position":3,"name":"Mobiilsed arvutid","item":"https:\/\/rtt.ee\/tootekategooria\/mobiilsed-arvutid\/"},{"@type":"ListItem","position":4,"name":"K\u00e4siterminaalide tarvikud","item":"https:\/\/rtt.ee\/tootekategooria\/mobiilsed-arvutid\/kasiterminaalide-tarvikud-mobiilsed-arvutid\/"},{"@type":"ListItem","position":5,"name":"Kaitse\u00fcmbris Zebra TC53\/TC58 seeriale"}]},{"@type":"WebSite","@id":"https:\/\/rtt.ee\/en\/#website","url":"https:\/\/rtt.ee\/en\/","name":"RTT","description":"Kassaaparaadid ja kontorikaubad","potentialAction":[{"@type":"SearchAction","target":{"@type":"EntryPoint","urlTemplate":"https:\/\/rtt.ee\/en\/?s={search_term_string}"},"query-input":{"@type":"PropertyValueSpecification","valueRequired":true,"valueName":"search_term_string"}}],"inLanguage":"ru-RU"}]}},"_links":{"self":[{"href":"https:\/\/rtt.ee\/ru\/wp-json\/wp\/v2\/product\/18189","targetHints":{"allow":["GET"]}}],"collection":[{"href":"https:\/\/rtt.ee\/ru\/wp-json\/wp\/v2\/product"}],"about":[{"href":"https:\/\/rtt.ee\/ru\/wp-json\/wp\/v2\/types\/product"}],"wp:featuredmedia":[{"embeddable":true,"href":"https:\/\/rtt.ee\/ru\/wp-json\/wp\/v2\/media\/18196"}],"wp:attachment":[{"href":"https:\/\/rtt.ee\/ru\/wp-json\/wp\/v2\/media?parent=18189"}],"wp:term":[{"taxonomy":"product_brand","embeddable":true,"href":"https:\/\/rtt.ee\/ru\/wp-json\/wp\/v2\/product_brand?post=18189"},{"taxonomy":"product_cat","embeddable":true,"href":"https:\/\/rtt.ee\/ru\/wp-json\/wp\/v2\/product_cat?post=18189"},{"taxonomy":"product_tag","embeddable":true,"href":"https:\/\/rtt.ee\/ru\/wp-json\/wp\/v2\/product_tag?post=18189"}],"curies":[{"name":"wp","href":"https:\/\/api.w.org\/{rel}","templated":true}]}}