{"id":17984,"date":"2025-10-01T16:46:55","date_gmt":"2025-10-01T13:46:55","guid":{"rendered":"https:\/\/rtt.ee\/toode\/uncategorized\/hp-laserjet-pro-3002dn-must-laserprinter\/"},"modified":"2026-04-03T10:12:58","modified_gmt":"2026-04-03T07:12:58","slug":"hp-laserjet-pro-3002dn-must-laserprinter","status":"publish","type":"product","link":"https:\/\/rtt.ee\/ru\/toode\/printerid-ru\/hp-laserjet-pro-3002dn-must-laserprinter\/","title":{"rendered":"HP LaserJet Pro 3002dn must-laserprinter"},"content":{"rendered":"<p>Lehek\u00fclgede arv minutis: 33 must-valget<\/p>\n<p>Paberimaht: standard 250<\/p>\n<p>Printimisresolutsioon: 1200 x 1200dpi<\/p>\n<p>M\u00e4lu: 256MB<\/p>\n<p>Soovitav t\u00f6\u00f6koormus kuus: 350-2500 lehte<\/p>\n<p>\u00dchendused: USB, LAN<\/p>\n<p>\u00dchilduvus: Windows 10, Windows 11, Windows Server, MacOS<\/p>\n<p>Lisainfo: <a href=\"https:\/\/www.hp.com\/ee-et\/products\/printers\/product-details\/product-specifications\/35800988\">Tehniline kirjeldus inglise keeles<\/a><\/p>\n<p>Tel: +372 6 112 256<\/p>\n<p>GSM: +372 5 014 470<\/p>\n","protected":false},"excerpt":{"rendered":"<p>Lehek\u00fclgede arv minutis: 33 must-valget Paberimaht: standard 250 Printimisresolutsioon: 1200 x 1200dpi M\u00e4lu: 256MB Soovitav t\u00f6\u00f6koormus kuus: 350-2500 lehte \u00dchendused: USB, LAN \u00dchilduvus: Windows 10, Windows 11, Windows Server, MacOS Lisainfo: Tehniline kirjeldus inglise keeles Tel: +372 6 112 256 GSM: +372 5 014 470<\/p>\n","protected":false},"featured_media":13084,"template":"","meta":{"_acf_changed":false},"product_brand":[390],"product_cat":[259,330],"product_tag":[],"class_list":{"0":"post-17984","1":"product","2":"type-product","3":"status-publish","4":"has-post-thumbnail","6":"product_brand-hp","7":"product_cat-printerid-ru","8":"product_cat-a4-printer-ru","9":"product_brands-hp","11":"first","12":"onbackorder","13":"sale","14":"taxable","15":"shipping-taxable","16":"purchasable","17":"product-type-simple"},"acf":[],"yoast_head":"<!-- This site is optimized with the Yoast SEO plugin v26.2 - https:\/\/yoast.com\/wordpress\/plugins\/seo\/ -->\n<title>HP LaserJet Pro 3002dn must-laserprinter - RTT<\/title>\n<meta name=\"description\" content=\"HP LaserJet Pro 3002dn \u2013 v\u00f5imas mustvalge laserprinter v\u00e4ikekontorisse. Automaatne kahepoolne tr\u00fckk, v\u00f5rgu\u00fchendus ja tipptasemel turvalisus\" \/>\n<meta name=\"robots\" content=\"index, follow, max-snippet:-1, max-image-preview:large, max-video-preview:-1\" \/>\n<link rel=\"canonical\" href=\"https:\/\/rtt.ee\/ru\/toode\/printerid-ru\/hp-laserjet-pro-3002dn-must-laserprinter\/\" \/>\n<meta property=\"og:locale\" content=\"ru_RU\" \/>\n<meta property=\"og:type\" content=\"article\" \/>\n<meta property=\"og:title\" content=\"HP LaserJet Pro 3002dn must-laserprinter - RTT\" \/>\n<meta property=\"og:description\" content=\"HP LaserJet Pro 3002dn \u2013 v\u00f5imas mustvalge laserprinter v\u00e4ikekontorisse. Automaatne kahepoolne tr\u00fckk, v\u00f5rgu\u00fchendus ja tipptasemel turvalisus\" \/>\n<meta property=\"og:url\" content=\"https:\/\/rtt.ee\/ru\/toode\/printerid-ru\/hp-laserjet-pro-3002dn-must-laserprinter\/\" \/>\n<meta property=\"og:site_name\" content=\"RTT\" \/>\n<meta property=\"article:modified_time\" content=\"2026-04-03T07:12:58+00:00\" \/>\n<meta property=\"og:image\" content=\"https:\/\/rtt.ee\/wp-content\/uploads\/2025\/10\/3G651FB19.jpg\" \/>\n\t<meta property=\"og:image:width\" content=\"1200\" \/>\n\t<meta property=\"og:image:height\" content=\"900\" \/>\n\t<meta property=\"og:image:type\" content=\"image\/jpeg\" \/>\n<meta name=\"twitter:card\" content=\"summary_large_image\" \/>\n<meta name=\"twitter:label1\" content=\"\u041f\u0440\u0438\u043c\u0435\u0440\u043d\u043e\u0435 \u0432\u0440\u0435\u043c\u044f \u0434\u043b\u044f \u0447\u0442\u0435\u043d\u0438\u044f\" \/>\n\t<meta name=\"twitter:data1\" content=\"1 \u043c\u0438\u043d\u0443\u0442\u0430\" \/>\n<script type=\"application\/ld+json\" class=\"yoast-schema-graph\">{\"@context\":\"https:\/\/schema.org\",\"@graph\":[{\"@type\":\"WebPage\",\"@id\":\"https:\/\/rtt.ee\/ru\/toode\/printerid-ru\/hp-laserjet-pro-3002dn-must-laserprinter\/\",\"url\":\"https:\/\/rtt.ee\/ru\/toode\/printerid-ru\/hp-laserjet-pro-3002dn-must-laserprinter\/\",\"name\":\"HP LaserJet Pro 3002dn must-laserprinter - RTT\",\"isPartOf\":{\"@id\":\"https:\/\/rtt.ee\/en\/#website\"},\"primaryImageOfPage\":{\"@id\":\"https:\/\/rtt.ee\/ru\/toode\/printerid-ru\/hp-laserjet-pro-3002dn-must-laserprinter\/#primaryimage\"},\"image\":{\"@id\":\"https:\/\/rtt.ee\/ru\/toode\/printerid-ru\/hp-laserjet-pro-3002dn-must-laserprinter\/#primaryimage\"},\"thumbnailUrl\":\"https:\/\/rtt.ee\/wp-content\/uploads\/2025\/10\/3G651FB19.jpg\",\"datePublished\":\"2025-10-01T13:46:55+00:00\",\"dateModified\":\"2026-04-03T07:12:58+00:00\",\"description\":\"HP LaserJet Pro 3002dn \u2013 v\u00f5imas mustvalge laserprinter v\u00e4ikekontorisse. Automaatne kahepoolne tr\u00fckk, v\u00f5rgu\u00fchendus ja tipptasemel turvalisus\",\"breadcrumb\":{\"@id\":\"https:\/\/rtt.ee\/ru\/toode\/printerid-ru\/hp-laserjet-pro-3002dn-must-laserprinter\/#breadcrumb\"},\"inLanguage\":\"ru-RU\",\"potentialAction\":[{\"@type\":\"ReadAction\",\"target\":[\"https:\/\/rtt.ee\/ru\/toode\/printerid-ru\/hp-laserjet-pro-3002dn-must-laserprinter\/\"]}]},{\"@type\":\"ImageObject\",\"inLanguage\":\"ru-RU\",\"@id\":\"https:\/\/rtt.ee\/ru\/toode\/printerid-ru\/hp-laserjet-pro-3002dn-must-laserprinter\/#primaryimage\",\"url\":\"https:\/\/rtt.ee\/wp-content\/uploads\/2025\/10\/3G651FB19.jpg\",\"contentUrl\":\"https:\/\/rtt.ee\/wp-content\/uploads\/2025\/10\/3G651FB19.jpg\",\"width\":1200,\"height\":900,\"caption\":\"3G651F#B19\"},{\"@type\":\"BreadcrumbList\",\"@id\":\"https:\/\/rtt.ee\/ru\/toode\/printerid-ru\/hp-laserjet-pro-3002dn-must-laserprinter\/#breadcrumb\",\"itemListElement\":[{\"@type\":\"ListItem\",\"position\":1,\"name\":\"\u0413\u043b\u0430\u0432\u043d\u0430\u044f\",\"item\":\"https:\/\/rtt.ee\/ru\/\"},{\"@type\":\"ListItem\",\"position\":2,\"name\":\"Magazin\",\"item\":\"https:\/\/rtt.ee\/ru\/pood\/\"},{\"@type\":\"ListItem\",\"position\":3,\"name\":\"Printerid\",\"item\":\"https:\/\/rtt.ee\/tootekategooria\/printerid\/\"},{\"@type\":\"ListItem\",\"position\":4,\"name\":\"A3 ja A4 Printer\",\"item\":\"https:\/\/rtt.ee\/tootekategooria\/printerid\/a4-printer\/\"},{\"@type\":\"ListItem\",\"position\":5,\"name\":\"HP LaserJet Pro 3002dn must-laserprinter\"}]},{\"@type\":\"WebSite\",\"@id\":\"https:\/\/rtt.ee\/en\/#website\",\"url\":\"https:\/\/rtt.ee\/en\/\",\"name\":\"RTT\",\"description\":\"Kassaaparaadid ja kontorikaubad\",\"potentialAction\":[{\"@type\":\"SearchAction\",\"target\":{\"@type\":\"EntryPoint\",\"urlTemplate\":\"https:\/\/rtt.ee\/en\/?s={search_term_string}\"},\"query-input\":{\"@type\":\"PropertyValueSpecification\",\"valueRequired\":true,\"valueName\":\"search_term_string\"}}],\"inLanguage\":\"ru-RU\"}]}<\/script>\n<!-- \/ Yoast SEO plugin. -->","yoast_head_json":{"title":"HP LaserJet Pro 3002dn must-laserprinter - RTT","description":"HP LaserJet Pro 3002dn \u2013 v\u00f5imas mustvalge laserprinter v\u00e4ikekontorisse. Automaatne kahepoolne tr\u00fckk, v\u00f5rgu\u00fchendus ja tipptasemel turvalisus","robots":{"index":"index","follow":"follow","max-snippet":"max-snippet:-1","max-image-preview":"max-image-preview:large","max-video-preview":"max-video-preview:-1"},"canonical":"https:\/\/rtt.ee\/ru\/toode\/printerid-ru\/hp-laserjet-pro-3002dn-must-laserprinter\/","og_locale":"ru_RU","og_type":"article","og_title":"HP LaserJet Pro 3002dn must-laserprinter - RTT","og_description":"HP LaserJet Pro 3002dn \u2013 v\u00f5imas mustvalge laserprinter v\u00e4ikekontorisse. Automaatne kahepoolne tr\u00fckk, v\u00f5rgu\u00fchendus ja tipptasemel turvalisus","og_url":"https:\/\/rtt.ee\/ru\/toode\/printerid-ru\/hp-laserjet-pro-3002dn-must-laserprinter\/","og_site_name":"RTT","article_modified_time":"2026-04-03T07:12:58+00:00","og_image":[{"width":1200,"height":900,"url":"https:\/\/rtt.ee\/wp-content\/uploads\/2025\/10\/3G651FB19.jpg","type":"image\/jpeg"}],"twitter_card":"summary_large_image","twitter_misc":{"\u041f\u0440\u0438\u043c\u0435\u0440\u043d\u043e\u0435 \u0432\u0440\u0435\u043c\u044f \u0434\u043b\u044f \u0447\u0442\u0435\u043d\u0438\u044f":"1 \u043c\u0438\u043d\u0443\u0442\u0430"},"schema":{"@context":"https:\/\/schema.org","@graph":[{"@type":"WebPage","@id":"https:\/\/rtt.ee\/ru\/toode\/printerid-ru\/hp-laserjet-pro-3002dn-must-laserprinter\/","url":"https:\/\/rtt.ee\/ru\/toode\/printerid-ru\/hp-laserjet-pro-3002dn-must-laserprinter\/","name":"HP LaserJet Pro 3002dn must-laserprinter - RTT","isPartOf":{"@id":"https:\/\/rtt.ee\/en\/#website"},"primaryImageOfPage":{"@id":"https:\/\/rtt.ee\/ru\/toode\/printerid-ru\/hp-laserjet-pro-3002dn-must-laserprinter\/#primaryimage"},"image":{"@id":"https:\/\/rtt.ee\/ru\/toode\/printerid-ru\/hp-laserjet-pro-3002dn-must-laserprinter\/#primaryimage"},"thumbnailUrl":"https:\/\/rtt.ee\/wp-content\/uploads\/2025\/10\/3G651FB19.jpg","datePublished":"2025-10-01T13:46:55+00:00","dateModified":"2026-04-03T07:12:58+00:00","description":"HP LaserJet Pro 3002dn \u2013 v\u00f5imas mustvalge laserprinter v\u00e4ikekontorisse. Automaatne kahepoolne tr\u00fckk, v\u00f5rgu\u00fchendus ja tipptasemel turvalisus","breadcrumb":{"@id":"https:\/\/rtt.ee\/ru\/toode\/printerid-ru\/hp-laserjet-pro-3002dn-must-laserprinter\/#breadcrumb"},"inLanguage":"ru-RU","potentialAction":[{"@type":"ReadAction","target":["https:\/\/rtt.ee\/ru\/toode\/printerid-ru\/hp-laserjet-pro-3002dn-must-laserprinter\/"]}]},{"@type":"ImageObject","inLanguage":"ru-RU","@id":"https:\/\/rtt.ee\/ru\/toode\/printerid-ru\/hp-laserjet-pro-3002dn-must-laserprinter\/#primaryimage","url":"https:\/\/rtt.ee\/wp-content\/uploads\/2025\/10\/3G651FB19.jpg","contentUrl":"https:\/\/rtt.ee\/wp-content\/uploads\/2025\/10\/3G651FB19.jpg","width":1200,"height":900,"caption":"3G651F#B19"},{"@type":"BreadcrumbList","@id":"https:\/\/rtt.ee\/ru\/toode\/printerid-ru\/hp-laserjet-pro-3002dn-must-laserprinter\/#breadcrumb","itemListElement":[{"@type":"ListItem","position":1,"name":"\u0413\u043b\u0430\u0432\u043d\u0430\u044f","item":"https:\/\/rtt.ee\/ru\/"},{"@type":"ListItem","position":2,"name":"Magazin","item":"https:\/\/rtt.ee\/ru\/pood\/"},{"@type":"ListItem","position":3,"name":"Printerid","item":"https:\/\/rtt.ee\/tootekategooria\/printerid\/"},{"@type":"ListItem","position":4,"name":"A3 ja A4 Printer","item":"https:\/\/rtt.ee\/tootekategooria\/printerid\/a4-printer\/"},{"@type":"ListItem","position":5,"name":"HP LaserJet Pro 3002dn must-laserprinter"}]},{"@type":"WebSite","@id":"https:\/\/rtt.ee\/en\/#website","url":"https:\/\/rtt.ee\/en\/","name":"RTT","description":"Kassaaparaadid ja kontorikaubad","potentialAction":[{"@type":"SearchAction","target":{"@type":"EntryPoint","urlTemplate":"https:\/\/rtt.ee\/en\/?s={search_term_string}"},"query-input":{"@type":"PropertyValueSpecification","valueRequired":true,"valueName":"search_term_string"}}],"inLanguage":"ru-RU"}]}},"_links":{"self":[{"href":"https:\/\/rtt.ee\/ru\/wp-json\/wp\/v2\/product\/17984","targetHints":{"allow":["GET"]}}],"collection":[{"href":"https:\/\/rtt.ee\/ru\/wp-json\/wp\/v2\/product"}],"about":[{"href":"https:\/\/rtt.ee\/ru\/wp-json\/wp\/v2\/types\/product"}],"wp:featuredmedia":[{"embeddable":true,"href":"https:\/\/rtt.ee\/ru\/wp-json\/wp\/v2\/media\/13084"}],"wp:attachment":[{"href":"https:\/\/rtt.ee\/ru\/wp-json\/wp\/v2\/media?parent=17984"}],"wp:term":[{"taxonomy":"product_brand","embeddable":true,"href":"https:\/\/rtt.ee\/ru\/wp-json\/wp\/v2\/product_brand?post=17984"},{"taxonomy":"product_cat","embeddable":true,"href":"https:\/\/rtt.ee\/ru\/wp-json\/wp\/v2\/product_cat?post=17984"},{"taxonomy":"product_tag","embeddable":true,"href":"https:\/\/rtt.ee\/ru\/wp-json\/wp\/v2\/product_tag?post=17984"}],"curies":[{"name":"wp","href":"https:\/\/api.w.org\/{rel}","templated":true}]}}