{"id":17890,"date":"2026-02-02T11:31:37","date_gmt":"2026-02-02T09:31:37","guid":{"rendered":"https:\/\/rtt.ee\/toode\/uncategorized\/hp-color-laser-mfp178nw-multifunktsionaale-a4-varvi-laserprinter\/"},"modified":"2026-02-02T11:31:37","modified_gmt":"2026-02-02T09:31:37","slug":"hp-color-laser-mfp178nw-multifunktsionaale-a4-varvi-laserprinter","status":"publish","type":"product","link":"https:\/\/rtt.ee\/ru\/toode\/koopiamasinad-ru\/a4-printer-skanner-koopiamasinad-ru\/hp-color-laser-mfp178nw-multifunktsionaale-a4-varvi-laserprinter\/","title":{"rendered":"HP Color Laser MFP178nw multifunktsionaale A4 v\u00e4rvi-laserprinter"},"content":{"rendered":"<p>Funktsioonid: Printimine, kopeerimine, skaneerimine<\/p>\n<p>Tr\u00fckkimiskiirus (lk\/min): 18 mustvalget, 4 v\u00e4rvilist<\/p>\n<p>Tr\u00fckiresolutsioon: 600\u00d7600 (M), 600\u00d7600 (V)<\/p>\n<p>Paberi mahutavus: standard 150 lehte<\/p>\n<p>M\u00e4lu: 128MB<\/p>\n<p>\u00dchendused: USB, LAN, WIFI<\/p>\n<p>\u00dchilduvus: Windows 11; macOS<\/p>\n<div id=\"tw-target-text-container\" class=\"tw-ta-container F0azHf tw-nfl\">\n<p>Lisainfo:\u00a0<a href=\"https:\/\/www.hp.com\/ee-et\/products\/printers\/product-details\/24494375\">Tehniline kirjeldus inglise keeles<\/a><\/p>\n<\/div>\n<div class=\"iYB33c\">\n<div class=\"dlJLJe\">\n<div data-cviv=\"false\" data-ved=\"2ahUKEwjJ7fe8qNDxAhWBi8MKHaRDAzAQz_AEMAB6BAgCEA8\">\n<div class=\"U9URNb\">\n<div id=\"tw-container\" class=\"YQaNob\" data-cp=\"1\" data-is-ver=\"false\" data-nnttsvi=\"1\" data-sm=\"1\" data-sugg-time=\"500\" data-sugg-url=\"https:\/\/clients1.google.com\/complete\/search\" data-uilc=\"et\">\n<div id=\"tw-ob\" class=\"tw-src-ltr\">\n<div class=\"oSioSc\">\n<div id=\"tw-target\">\n<div id=\"kAz1tf\" class=\"g9WsWb\">\n<div id=\"tw-target-text-container\" class=\"tw-ta-container F0azHf tw-nfl\">\n<div id=\"tw-container\" class=\"YQaNob\" data-cp=\"1\" data-is-ver=\"false\" data-nnttsvi=\"1\" data-sm=\"1\" data-sugg-time=\"500\" data-sugg-url=\"https:\/\/clients1.google.com\/complete\/search\" data-uilc=\"et\">\n<div id=\"tw-ob\" class=\"tw-src-ltr\">\n<div class=\"oSioSc\">\n<p>Tel: +372 6 112 256<\/p>\n<p>GSM: +372 5 014 470<\/p>\n<\/div>\n<\/div>\n<\/div>\n<\/div>\n<\/div>\n<\/div>\n<\/div>\n<\/div>\n<\/div>\n<\/div>\n<\/div>\n<\/div>\n<\/div>\n","protected":false},"excerpt":{"rendered":"<p>Funktsioonid: Printimine, kopeerimine, skaneerimine Tr\u00fckkimiskiirus (lk\/min): 18 mustvalget, 4 v\u00e4rvilist Tr\u00fckiresolutsioon: 600\u00d7600 (M), 600\u00d7600 (V) Paberi mahutavus: standard 150 lehte M\u00e4lu: 128MB \u00dchendused: USB, LAN, WIFI \u00dchilduvus: Windows 11; macOS Lisainfo:\u00a0Tehniline kirjeldus inglise keeles Tel: +372 6 112 256 GSM: +372 5 014 470<\/p>\n","protected":false},"featured_media":14989,"template":"","meta":{"_acf_changed":false},"product_brand":[390],"product_cat":[236],"product_tag":[],"class_list":{"0":"post-17890","1":"product","2":"type-product","3":"status-publish","4":"has-post-thumbnail","6":"product_brand-hp","7":"product_cat-a4-printer-skanner-koopiamasinad-ru","8":"product_brands-hp","10":"first","11":"onbackorder","12":"sale","13":"taxable","14":"shipping-taxable","15":"purchasable","16":"product-type-simple"},"acf":[],"yoast_head":"<!-- This site is optimized with the Yoast SEO plugin v26.2 - https:\/\/yoast.com\/wordpress\/plugins\/seo\/ -->\n<title>HP Color Laser MFP178nw multifunktsionaale A4 v\u00e4rvi-laserprinter - RTT<\/title>\n<meta name=\"robots\" content=\"index, follow, max-snippet:-1, max-image-preview:large, max-video-preview:-1\" \/>\n<link rel=\"canonical\" href=\"https:\/\/rtt.ee\/ru\/toode\/uncategorized\/hp-color-laser-mfp178nw-multifunktsionaale-a4-varvi-laserprinter\/\" \/>\n<meta property=\"og:locale\" content=\"ru_RU\" \/>\n<meta property=\"og:type\" content=\"article\" \/>\n<meta property=\"og:title\" content=\"HP Color Laser MFP178nw multifunktsionaale A4 v\u00e4rvi-laserprinter - RTT\" \/>\n<meta property=\"og:description\" content=\"Funktsioonid: Printimine, kopeerimine, skaneerimine Tr\u00fckkimiskiirus (lk\/min): 18 mustvalget, 4 v\u00e4rvilist Tr\u00fckiresolutsioon: 600\u00d7600 (M), 600\u00d7600 (V) Paberi mahutavus: standard 150 lehte M\u00e4lu: 128MB \u00dchendused: USB, LAN, WIFI \u00dchilduvus: Windows 11; macOS Lisainfo:\u00a0Tehniline kirjeldus inglise keeles Tel: +372 6 112 256 GSM: +372 5 014 470\" \/>\n<meta property=\"og:url\" content=\"https:\/\/rtt.ee\/ru\/toode\/uncategorized\/hp-color-laser-mfp178nw-multifunktsionaale-a4-varvi-laserprinter\/\" \/>\n<meta property=\"og:site_name\" content=\"RTT\" \/>\n<meta property=\"og:image\" content=\"https:\/\/rtt.ee\/wp-content\/uploads\/2022\/01\/rtt_logo_350X350.jpg\" \/>\n\t<meta property=\"og:image:width\" content=\"350\" \/>\n\t<meta property=\"og:image:height\" content=\"350\" \/>\n\t<meta property=\"og:image:type\" content=\"image\/jpeg\" \/>\n<meta name=\"twitter:card\" content=\"summary_large_image\" \/>\n<script type=\"application\/ld+json\" class=\"yoast-schema-graph\">{\"@context\":\"https:\/\/schema.org\",\"@graph\":[{\"@type\":\"WebPage\",\"@id\":\"https:\/\/rtt.ee\/ru\/toode\/uncategorized\/hp-color-laser-mfp178nw-multifunktsionaale-a4-varvi-laserprinter\/\",\"url\":\"https:\/\/rtt.ee\/ru\/toode\/uncategorized\/hp-color-laser-mfp178nw-multifunktsionaale-a4-varvi-laserprinter\/\",\"name\":\"HP Color Laser MFP178nw multifunktsionaale A4 v\u00e4rvi-laserprinter - RTT\",\"isPartOf\":{\"@id\":\"https:\/\/rtt.ee\/en\/#website\"},\"primaryImageOfPage\":{\"@id\":\"https:\/\/rtt.ee\/ru\/toode\/uncategorized\/hp-color-laser-mfp178nw-multifunktsionaale-a4-varvi-laserprinter\/#primaryimage\"},\"image\":{\"@id\":\"https:\/\/rtt.ee\/ru\/toode\/uncategorized\/hp-color-laser-mfp178nw-multifunktsionaale-a4-varvi-laserprinter\/#primaryimage\"},\"thumbnailUrl\":\"https:\/\/rtt.ee\/wp-content\/uploads\/2026\/02\/178NW.jpg\",\"datePublished\":\"2026-02-02T09:31:37+00:00\",\"breadcrumb\":{\"@id\":\"https:\/\/rtt.ee\/ru\/toode\/uncategorized\/hp-color-laser-mfp178nw-multifunktsionaale-a4-varvi-laserprinter\/#breadcrumb\"},\"inLanguage\":\"ru-RU\",\"potentialAction\":[{\"@type\":\"ReadAction\",\"target\":[\"https:\/\/rtt.ee\/ru\/toode\/uncategorized\/hp-color-laser-mfp178nw-multifunktsionaale-a4-varvi-laserprinter\/\"]}]},{\"@type\":\"ImageObject\",\"inLanguage\":\"ru-RU\",\"@id\":\"https:\/\/rtt.ee\/ru\/toode\/uncategorized\/hp-color-laser-mfp178nw-multifunktsionaale-a4-varvi-laserprinter\/#primaryimage\",\"url\":\"https:\/\/rtt.ee\/wp-content\/uploads\/2026\/02\/178NW.jpg\",\"contentUrl\":\"https:\/\/rtt.ee\/wp-content\/uploads\/2026\/02\/178NW.jpg\",\"width\":1750,\"height\":1285},{\"@type\":\"BreadcrumbList\",\"@id\":\"https:\/\/rtt.ee\/ru\/toode\/uncategorized\/hp-color-laser-mfp178nw-multifunktsionaale-a4-varvi-laserprinter\/#breadcrumb\",\"itemListElement\":[{\"@type\":\"ListItem\",\"position\":1,\"name\":\"\u0413\u043b\u0430\u0432\u043d\u0430\u044f\",\"item\":\"https:\/\/rtt.ee\/ru\/\"},{\"@type\":\"ListItem\",\"position\":2,\"name\":\"Magazin\",\"item\":\"https:\/\/rtt.ee\/ru\/pood\/\"},{\"@type\":\"ListItem\",\"position\":3,\"name\":\"HP Color Laser MFP178nw multifunktsionaale A4 v\u00e4rvi-laserprinter\"}]},{\"@type\":\"WebSite\",\"@id\":\"https:\/\/rtt.ee\/en\/#website\",\"url\":\"https:\/\/rtt.ee\/en\/\",\"name\":\"RTT\",\"description\":\"Kassaaparaadid ja kontorikaubad\",\"potentialAction\":[{\"@type\":\"SearchAction\",\"target\":{\"@type\":\"EntryPoint\",\"urlTemplate\":\"https:\/\/rtt.ee\/en\/?s={search_term_string}\"},\"query-input\":{\"@type\":\"PropertyValueSpecification\",\"valueRequired\":true,\"valueName\":\"search_term_string\"}}],\"inLanguage\":\"ru-RU\"}]}<\/script>\n<!-- \/ Yoast SEO plugin. -->","yoast_head_json":{"title":"HP Color Laser MFP178nw multifunktsionaale A4 v\u00e4rvi-laserprinter - RTT","robots":{"index":"index","follow":"follow","max-snippet":"max-snippet:-1","max-image-preview":"max-image-preview:large","max-video-preview":"max-video-preview:-1"},"canonical":"https:\/\/rtt.ee\/ru\/toode\/uncategorized\/hp-color-laser-mfp178nw-multifunktsionaale-a4-varvi-laserprinter\/","og_locale":"ru_RU","og_type":"article","og_title":"HP Color Laser MFP178nw multifunktsionaale A4 v\u00e4rvi-laserprinter - RTT","og_description":"Funktsioonid: Printimine, kopeerimine, skaneerimine Tr\u00fckkimiskiirus (lk\/min): 18 mustvalget, 4 v\u00e4rvilist Tr\u00fckiresolutsioon: 600\u00d7600 (M), 600\u00d7600 (V) Paberi mahutavus: standard 150 lehte M\u00e4lu: 128MB \u00dchendused: USB, LAN, WIFI \u00dchilduvus: Windows 11; macOS Lisainfo:\u00a0Tehniline kirjeldus inglise keeles Tel: +372 6 112 256 GSM: +372 5 014 470","og_url":"https:\/\/rtt.ee\/ru\/toode\/uncategorized\/hp-color-laser-mfp178nw-multifunktsionaale-a4-varvi-laserprinter\/","og_site_name":"RTT","og_image":[{"width":350,"height":350,"url":"https:\/\/rtt.ee\/wp-content\/uploads\/2022\/01\/rtt_logo_350X350.jpg","type":"image\/jpeg"}],"twitter_card":"summary_large_image","schema":{"@context":"https:\/\/schema.org","@graph":[{"@type":"WebPage","@id":"https:\/\/rtt.ee\/ru\/toode\/uncategorized\/hp-color-laser-mfp178nw-multifunktsionaale-a4-varvi-laserprinter\/","url":"https:\/\/rtt.ee\/ru\/toode\/uncategorized\/hp-color-laser-mfp178nw-multifunktsionaale-a4-varvi-laserprinter\/","name":"HP Color Laser MFP178nw multifunktsionaale A4 v\u00e4rvi-laserprinter - RTT","isPartOf":{"@id":"https:\/\/rtt.ee\/en\/#website"},"primaryImageOfPage":{"@id":"https:\/\/rtt.ee\/ru\/toode\/uncategorized\/hp-color-laser-mfp178nw-multifunktsionaale-a4-varvi-laserprinter\/#primaryimage"},"image":{"@id":"https:\/\/rtt.ee\/ru\/toode\/uncategorized\/hp-color-laser-mfp178nw-multifunktsionaale-a4-varvi-laserprinter\/#primaryimage"},"thumbnailUrl":"https:\/\/rtt.ee\/wp-content\/uploads\/2026\/02\/178NW.jpg","datePublished":"2026-02-02T09:31:37+00:00","breadcrumb":{"@id":"https:\/\/rtt.ee\/ru\/toode\/uncategorized\/hp-color-laser-mfp178nw-multifunktsionaale-a4-varvi-laserprinter\/#breadcrumb"},"inLanguage":"ru-RU","potentialAction":[{"@type":"ReadAction","target":["https:\/\/rtt.ee\/ru\/toode\/uncategorized\/hp-color-laser-mfp178nw-multifunktsionaale-a4-varvi-laserprinter\/"]}]},{"@type":"ImageObject","inLanguage":"ru-RU","@id":"https:\/\/rtt.ee\/ru\/toode\/uncategorized\/hp-color-laser-mfp178nw-multifunktsionaale-a4-varvi-laserprinter\/#primaryimage","url":"https:\/\/rtt.ee\/wp-content\/uploads\/2026\/02\/178NW.jpg","contentUrl":"https:\/\/rtt.ee\/wp-content\/uploads\/2026\/02\/178NW.jpg","width":1750,"height":1285},{"@type":"BreadcrumbList","@id":"https:\/\/rtt.ee\/ru\/toode\/uncategorized\/hp-color-laser-mfp178nw-multifunktsionaale-a4-varvi-laserprinter\/#breadcrumb","itemListElement":[{"@type":"ListItem","position":1,"name":"\u0413\u043b\u0430\u0432\u043d\u0430\u044f","item":"https:\/\/rtt.ee\/ru\/"},{"@type":"ListItem","position":2,"name":"Magazin","item":"https:\/\/rtt.ee\/ru\/pood\/"},{"@type":"ListItem","position":3,"name":"HP Color Laser MFP178nw multifunktsionaale A4 v\u00e4rvi-laserprinter"}]},{"@type":"WebSite","@id":"https:\/\/rtt.ee\/en\/#website","url":"https:\/\/rtt.ee\/en\/","name":"RTT","description":"Kassaaparaadid ja kontorikaubad","potentialAction":[{"@type":"SearchAction","target":{"@type":"EntryPoint","urlTemplate":"https:\/\/rtt.ee\/en\/?s={search_term_string}"},"query-input":{"@type":"PropertyValueSpecification","valueRequired":true,"valueName":"search_term_string"}}],"inLanguage":"ru-RU"}]}},"_links":{"self":[{"href":"https:\/\/rtt.ee\/ru\/wp-json\/wp\/v2\/product\/17890","targetHints":{"allow":["GET"]}}],"collection":[{"href":"https:\/\/rtt.ee\/ru\/wp-json\/wp\/v2\/product"}],"about":[{"href":"https:\/\/rtt.ee\/ru\/wp-json\/wp\/v2\/types\/product"}],"wp:featuredmedia":[{"embeddable":true,"href":"https:\/\/rtt.ee\/ru\/wp-json\/wp\/v2\/media\/14989"}],"wp:attachment":[{"href":"https:\/\/rtt.ee\/ru\/wp-json\/wp\/v2\/media?parent=17890"}],"wp:term":[{"taxonomy":"product_brand","embeddable":true,"href":"https:\/\/rtt.ee\/ru\/wp-json\/wp\/v2\/product_brand?post=17890"},{"taxonomy":"product_cat","embeddable":true,"href":"https:\/\/rtt.ee\/ru\/wp-json\/wp\/v2\/product_cat?post=17890"},{"taxonomy":"product_tag","embeddable":true,"href":"https:\/\/rtt.ee\/ru\/wp-json\/wp\/v2\/product_tag?post=17890"}],"curies":[{"name":"wp","href":"https:\/\/api.w.org\/{rel}","templated":true}]}}