{"id":17880,"date":"2025-10-03T14:26:02","date_gmt":"2025-10-03T11:26:02","guid":{"rendered":"https:\/\/rtt.ee\/toode\/uncategorized\/hp-laserjet-pro-mfp-3102fdw-multifunktsionaalne-a4-must-laserprinter\/"},"modified":"2025-10-03T14:26:02","modified_gmt":"2025-10-03T11:26:02","slug":"hp-laserjet-pro-mfp-3102fdw-multifunktsionaalne-a4-must-laserprinter","status":"publish","type":"product","link":"https:\/\/rtt.ee\/ru\/toode\/koopiamasinad-ru\/a4-printer-skanner-koopiamasinad-ru\/hp-laserjet-pro-mfp-3102fdw-multifunktsionaalne-a4-must-laserprinter\/","title":{"rendered":"HP LaserJet Pro MFP 3102fdw multifunktsionaalne A4 must-laserprinter"},"content":{"rendered":"<p>Funktsioonid: Printimine, kopeerimine, skaneerimine<\/p>\n<p>Prindikiirus: kuni 33 lk\/min (must-valge)<\/p>\n<p>Tr\u00fckiresolutsioon: 1200\u00d71200 (M)<\/p>\n<p>Paberimahutavus: 250 lehte<\/p>\n<p>Juhtpaneel: 2,5\u2033 puutetundlik v\u00e4rviline LCD<\/p>\n<p>M\u00e4lu: 512MB<\/p>\n<p>Soovituslik tr\u00fckimaht kuus: 350-2500 lehte<\/p>\n<p>\u00dchendused: USB, LAN, WIFI<\/p>\n<p>\u00dchilduvus: Windows 11, Windows 10, macOS 10.15, macOS 11, macOS 12 Monterey<\/p>\n<p>Lisainfo: <a href=\"https:\/\/support.hp.com\/vn-en\/product\/product-specs\/hp-laserjet-pro-mfp-3101-3108fdn-fdw-printer-series\/model\/35801036\">Tehniline kirjeldus inglise keeles<\/a><\/p>\n<p>Tel: +372 6 112 256<\/p>\n<p>GSM: +372 5 014 470<\/p>\n","protected":false},"excerpt":{"rendered":"<p>Funktsioonid: Printimine, kopeerimine, skaneerimine Prindikiirus: kuni 33 lk\/min (must-valge) Tr\u00fckiresolutsioon: 1200\u00d71200 (M) Paberimahutavus: 250 lehte Juhtpaneel: 2,5\u2033 puutetundlik v\u00e4rviline LCD M\u00e4lu: 512MB Soovituslik tr\u00fckimaht kuus: 350-2500 lehte \u00dchendused: USB, LAN, WIFI \u00dchilduvus: Windows 11, Windows 10, macOS 10.15, macOS 11, macOS 12 Monterey Lisainfo: Tehniline kirjeldus inglise keeles Tel: +372 6 112 256 GSM: +372 [&hellip;]<\/p>\n","protected":false},"featured_media":13116,"template":"","meta":{"_acf_changed":false},"product_brand":[390],"product_cat":[236],"product_tag":[],"class_list":{"0":"post-17880","1":"product","2":"type-product","3":"status-publish","4":"has-post-thumbnail","6":"product_brand-hp","7":"product_cat-a4-printer-skanner-koopiamasinad-ru","8":"product_brands-hp","10":"first","11":"onbackorder","12":"sale","13":"taxable","14":"shipping-taxable","15":"purchasable","16":"product-type-simple"},"acf":[],"yoast_head":"<!-- This site is optimized with the Yoast SEO plugin v26.2 - https:\/\/yoast.com\/wordpress\/plugins\/seo\/ -->\n<title>HP LaserJet Pro MFP 3102fdw multifunktsionaalne A4 must-laserprinter - RTT<\/title>\n<meta name=\"robots\" content=\"index, follow, max-snippet:-1, max-image-preview:large, max-video-preview:-1\" \/>\n<link rel=\"canonical\" href=\"https:\/\/rtt.ee\/ru\/toode\/uncategorized\/hp-laserjet-pro-mfp-3102fdw-multifunktsionaalne-a4-must-laserprinter\/\" \/>\n<meta property=\"og:locale\" content=\"ru_RU\" \/>\n<meta property=\"og:type\" content=\"article\" \/>\n<meta property=\"og:title\" content=\"HP LaserJet Pro MFP 3102fdw multifunktsionaalne A4 must-laserprinter - RTT\" \/>\n<meta property=\"og:description\" content=\"Funktsioonid: Printimine, kopeerimine, skaneerimine Prindikiirus: kuni 33 lk\/min (must-valge) Tr\u00fckiresolutsioon: 1200\u00d71200 (M) Paberimahutavus: 250 lehte Juhtpaneel: 2,5\u2033 puutetundlik v\u00e4rviline LCD M\u00e4lu: 512MB Soovituslik tr\u00fckimaht kuus: 350-2500 lehte \u00dchendused: USB, LAN, WIFI \u00dchilduvus: Windows 11, Windows 10, macOS 10.15, macOS 11, macOS 12 Monterey Lisainfo: Tehniline kirjeldus inglise keeles Tel: +372 6 112 256 GSM: +372 [&hellip;]\" \/>\n<meta property=\"og:url\" content=\"https:\/\/rtt.ee\/ru\/toode\/uncategorized\/hp-laserjet-pro-mfp-3102fdw-multifunktsionaalne-a4-must-laserprinter\/\" \/>\n<meta property=\"og:site_name\" content=\"RTT\" \/>\n<meta property=\"og:image\" content=\"https:\/\/rtt.ee\/wp-content\/uploads\/2022\/01\/rtt_logo_350X350.jpg\" \/>\n\t<meta property=\"og:image:width\" content=\"350\" \/>\n\t<meta property=\"og:image:height\" content=\"350\" \/>\n\t<meta property=\"og:image:type\" content=\"image\/jpeg\" \/>\n<meta name=\"twitter:card\" content=\"summary_large_image\" \/>\n<script type=\"application\/ld+json\" class=\"yoast-schema-graph\">{\"@context\":\"https:\/\/schema.org\",\"@graph\":[{\"@type\":\"WebPage\",\"@id\":\"https:\/\/rtt.ee\/ru\/toode\/uncategorized\/hp-laserjet-pro-mfp-3102fdw-multifunktsionaalne-a4-must-laserprinter\/\",\"url\":\"https:\/\/rtt.ee\/ru\/toode\/uncategorized\/hp-laserjet-pro-mfp-3102fdw-multifunktsionaalne-a4-must-laserprinter\/\",\"name\":\"HP LaserJet Pro MFP 3102fdw multifunktsionaalne A4 must-laserprinter - RTT\",\"isPartOf\":{\"@id\":\"https:\/\/rtt.ee\/en\/#website\"},\"primaryImageOfPage\":{\"@id\":\"https:\/\/rtt.ee\/ru\/toode\/uncategorized\/hp-laserjet-pro-mfp-3102fdw-multifunktsionaalne-a4-must-laserprinter\/#primaryimage\"},\"image\":{\"@id\":\"https:\/\/rtt.ee\/ru\/toode\/uncategorized\/hp-laserjet-pro-mfp-3102fdw-multifunktsionaalne-a4-must-laserprinter\/#primaryimage\"},\"thumbnailUrl\":\"https:\/\/rtt.ee\/wp-content\/uploads\/2025\/10\/3G630F.jpg\",\"datePublished\":\"2025-10-03T11:26:02+00:00\",\"breadcrumb\":{\"@id\":\"https:\/\/rtt.ee\/ru\/toode\/uncategorized\/hp-laserjet-pro-mfp-3102fdw-multifunktsionaalne-a4-must-laserprinter\/#breadcrumb\"},\"inLanguage\":\"ru-RU\",\"potentialAction\":[{\"@type\":\"ReadAction\",\"target\":[\"https:\/\/rtt.ee\/ru\/toode\/uncategorized\/hp-laserjet-pro-mfp-3102fdw-multifunktsionaalne-a4-must-laserprinter\/\"]}]},{\"@type\":\"ImageObject\",\"inLanguage\":\"ru-RU\",\"@id\":\"https:\/\/rtt.ee\/ru\/toode\/uncategorized\/hp-laserjet-pro-mfp-3102fdw-multifunktsionaalne-a4-must-laserprinter\/#primaryimage\",\"url\":\"https:\/\/rtt.ee\/wp-content\/uploads\/2025\/10\/3G630F.jpg\",\"contentUrl\":\"https:\/\/rtt.ee\/wp-content\/uploads\/2025\/10\/3G630F.jpg\",\"width\":1200,\"height\":900,\"caption\":\"3G630F\"},{\"@type\":\"BreadcrumbList\",\"@id\":\"https:\/\/rtt.ee\/ru\/toode\/uncategorized\/hp-laserjet-pro-mfp-3102fdw-multifunktsionaalne-a4-must-laserprinter\/#breadcrumb\",\"itemListElement\":[{\"@type\":\"ListItem\",\"position\":1,\"name\":\"\u0413\u043b\u0430\u0432\u043d\u0430\u044f\",\"item\":\"https:\/\/rtt.ee\/ru\/\"},{\"@type\":\"ListItem\",\"position\":2,\"name\":\"Magazin\",\"item\":\"https:\/\/rtt.ee\/ru\/pood\/\"},{\"@type\":\"ListItem\",\"position\":3,\"name\":\"HP LaserJet Pro MFP 3102fdw multifunktsionaalne A4 must-laserprinter\"}]},{\"@type\":\"WebSite\",\"@id\":\"https:\/\/rtt.ee\/en\/#website\",\"url\":\"https:\/\/rtt.ee\/en\/\",\"name\":\"RTT\",\"description\":\"Kassaaparaadid ja kontorikaubad\",\"potentialAction\":[{\"@type\":\"SearchAction\",\"target\":{\"@type\":\"EntryPoint\",\"urlTemplate\":\"https:\/\/rtt.ee\/en\/?s={search_term_string}\"},\"query-input\":{\"@type\":\"PropertyValueSpecification\",\"valueRequired\":true,\"valueName\":\"search_term_string\"}}],\"inLanguage\":\"ru-RU\"}]}<\/script>\n<!-- \/ Yoast SEO plugin. -->","yoast_head_json":{"title":"HP LaserJet Pro MFP 3102fdw multifunktsionaalne A4 must-laserprinter - RTT","robots":{"index":"index","follow":"follow","max-snippet":"max-snippet:-1","max-image-preview":"max-image-preview:large","max-video-preview":"max-video-preview:-1"},"canonical":"https:\/\/rtt.ee\/ru\/toode\/uncategorized\/hp-laserjet-pro-mfp-3102fdw-multifunktsionaalne-a4-must-laserprinter\/","og_locale":"ru_RU","og_type":"article","og_title":"HP LaserJet Pro MFP 3102fdw multifunktsionaalne A4 must-laserprinter - RTT","og_description":"Funktsioonid: Printimine, kopeerimine, skaneerimine Prindikiirus: kuni 33 lk\/min (must-valge) Tr\u00fckiresolutsioon: 1200\u00d71200 (M) Paberimahutavus: 250 lehte Juhtpaneel: 2,5\u2033 puutetundlik v\u00e4rviline LCD M\u00e4lu: 512MB Soovituslik tr\u00fckimaht kuus: 350-2500 lehte \u00dchendused: USB, LAN, WIFI \u00dchilduvus: Windows 11, Windows 10, macOS 10.15, macOS 11, macOS 12 Monterey Lisainfo: Tehniline kirjeldus inglise keeles Tel: +372 6 112 256 GSM: +372 [&hellip;]","og_url":"https:\/\/rtt.ee\/ru\/toode\/uncategorized\/hp-laserjet-pro-mfp-3102fdw-multifunktsionaalne-a4-must-laserprinter\/","og_site_name":"RTT","og_image":[{"width":350,"height":350,"url":"https:\/\/rtt.ee\/wp-content\/uploads\/2022\/01\/rtt_logo_350X350.jpg","type":"image\/jpeg"}],"twitter_card":"summary_large_image","schema":{"@context":"https:\/\/schema.org","@graph":[{"@type":"WebPage","@id":"https:\/\/rtt.ee\/ru\/toode\/uncategorized\/hp-laserjet-pro-mfp-3102fdw-multifunktsionaalne-a4-must-laserprinter\/","url":"https:\/\/rtt.ee\/ru\/toode\/uncategorized\/hp-laserjet-pro-mfp-3102fdw-multifunktsionaalne-a4-must-laserprinter\/","name":"HP LaserJet Pro MFP 3102fdw multifunktsionaalne A4 must-laserprinter - RTT","isPartOf":{"@id":"https:\/\/rtt.ee\/en\/#website"},"primaryImageOfPage":{"@id":"https:\/\/rtt.ee\/ru\/toode\/uncategorized\/hp-laserjet-pro-mfp-3102fdw-multifunktsionaalne-a4-must-laserprinter\/#primaryimage"},"image":{"@id":"https:\/\/rtt.ee\/ru\/toode\/uncategorized\/hp-laserjet-pro-mfp-3102fdw-multifunktsionaalne-a4-must-laserprinter\/#primaryimage"},"thumbnailUrl":"https:\/\/rtt.ee\/wp-content\/uploads\/2025\/10\/3G630F.jpg","datePublished":"2025-10-03T11:26:02+00:00","breadcrumb":{"@id":"https:\/\/rtt.ee\/ru\/toode\/uncategorized\/hp-laserjet-pro-mfp-3102fdw-multifunktsionaalne-a4-must-laserprinter\/#breadcrumb"},"inLanguage":"ru-RU","potentialAction":[{"@type":"ReadAction","target":["https:\/\/rtt.ee\/ru\/toode\/uncategorized\/hp-laserjet-pro-mfp-3102fdw-multifunktsionaalne-a4-must-laserprinter\/"]}]},{"@type":"ImageObject","inLanguage":"ru-RU","@id":"https:\/\/rtt.ee\/ru\/toode\/uncategorized\/hp-laserjet-pro-mfp-3102fdw-multifunktsionaalne-a4-must-laserprinter\/#primaryimage","url":"https:\/\/rtt.ee\/wp-content\/uploads\/2025\/10\/3G630F.jpg","contentUrl":"https:\/\/rtt.ee\/wp-content\/uploads\/2025\/10\/3G630F.jpg","width":1200,"height":900,"caption":"3G630F"},{"@type":"BreadcrumbList","@id":"https:\/\/rtt.ee\/ru\/toode\/uncategorized\/hp-laserjet-pro-mfp-3102fdw-multifunktsionaalne-a4-must-laserprinter\/#breadcrumb","itemListElement":[{"@type":"ListItem","position":1,"name":"\u0413\u043b\u0430\u0432\u043d\u0430\u044f","item":"https:\/\/rtt.ee\/ru\/"},{"@type":"ListItem","position":2,"name":"Magazin","item":"https:\/\/rtt.ee\/ru\/pood\/"},{"@type":"ListItem","position":3,"name":"HP LaserJet Pro MFP 3102fdw multifunktsionaalne A4 must-laserprinter"}]},{"@type":"WebSite","@id":"https:\/\/rtt.ee\/en\/#website","url":"https:\/\/rtt.ee\/en\/","name":"RTT","description":"Kassaaparaadid ja kontorikaubad","potentialAction":[{"@type":"SearchAction","target":{"@type":"EntryPoint","urlTemplate":"https:\/\/rtt.ee\/en\/?s={search_term_string}"},"query-input":{"@type":"PropertyValueSpecification","valueRequired":true,"valueName":"search_term_string"}}],"inLanguage":"ru-RU"}]}},"_links":{"self":[{"href":"https:\/\/rtt.ee\/ru\/wp-json\/wp\/v2\/product\/17880","targetHints":{"allow":["GET"]}}],"collection":[{"href":"https:\/\/rtt.ee\/ru\/wp-json\/wp\/v2\/product"}],"about":[{"href":"https:\/\/rtt.ee\/ru\/wp-json\/wp\/v2\/types\/product"}],"wp:featuredmedia":[{"embeddable":true,"href":"https:\/\/rtt.ee\/ru\/wp-json\/wp\/v2\/media\/13116"}],"wp:attachment":[{"href":"https:\/\/rtt.ee\/ru\/wp-json\/wp\/v2\/media?parent=17880"}],"wp:term":[{"taxonomy":"product_brand","embeddable":true,"href":"https:\/\/rtt.ee\/ru\/wp-json\/wp\/v2\/product_brand?post=17880"},{"taxonomy":"product_cat","embeddable":true,"href":"https:\/\/rtt.ee\/ru\/wp-json\/wp\/v2\/product_cat?post=17880"},{"taxonomy":"product_tag","embeddable":true,"href":"https:\/\/rtt.ee\/ru\/wp-json\/wp\/v2\/product_tag?post=17880"}],"curies":[{"name":"wp","href":"https:\/\/api.w.org\/{rel}","templated":true}]}}