{"id":17875,"date":"2026-02-10T10:36:53","date_gmt":"2026-02-10T08:36:53","guid":{"rendered":"https:\/\/rtt.ee\/toode\/uncategorized\/rendi-a3-varvi-koopiamasin-sharp\/"},"modified":"2026-02-10T10:36:53","modified_gmt":"2026-02-10T08:36:53","slug":"rendi-a3-varvi-koopiamasin-sharp","status":"publish","type":"product","link":"https:\/\/rtt.ee\/ru\/toode\/koopiamasinad-ru\/a3-printer-skanner-koopiamasinad-ru\/rendi-a3-varvi-koopiamasin-sharp\/","title":{"rendered":"Rendi A3 v\u00e4rvi-koopiamasin SHARP"},"content":{"rendered":"<p>Mudel: BP-51C26<\/p>\n<p>Funktsioonid: printimine, skannimine, kopeerimine, failihaldus<\/p>\n<p>Tr\u00fckikiirus A4: 26 Lk\/min (must-valge, v\u00e4rviline)<\/p>\n<p>Tr\u00fckikiirus A3: 15 Lk\/min (must-valge, v\u00e4rviline)<\/p>\n<p>Tr\u00fckikvaliteet (dpi): 1200 x 1200, 600 x 600, 9600 x 600<\/p>\n<p>M\u00e4lu: 5GB<\/p>\n<p>HDD: 128 SSD (Standard), 512GB SSD (v\u00f5imalus)<\/p>\n<p>Paberis\u00f6\u00f6tja maht: 650 lehte (Standard), 6300 lehte (v\u00f5imalus)<\/p>\n<p>\u00dchendused: USB, Ethernet, WiFi (v\u00f5imalus)<\/p>\n<p>Toetatavad operatsioonis\u00fcsteemid: Windows, Windows Server, MacOS<\/p>\n<p>Lisainfo:\u00a0<a href=\"https:\/\/www.sharp.eu\/sharp-bp-51c26\">Tehniline kirjeldus inglise keeles<\/a><\/p>\n<p>Tel: +372 6 112 256<\/p>\n<p>GSM: +372 5 014 470<\/p>\n<p>Soovitame juurde <strong>T\u00c4ISHOOLDUSLEPING<\/strong><\/p>\n<p><span style=\"color: #ff0000;font-size: 14pt\"><strong>Lisainfo: <a style=\"color: #ff0000\" href=\"https:\/\/kontoriprinter.ee\/\">Kontoriprinter.ee<\/a><\/strong><\/span><\/p>\n","protected":false},"excerpt":{"rendered":"<p>Mudel: BP-51C26 Funktsioonid: printimine, skannimine, kopeerimine, failihaldus Tr\u00fckikiirus A4: 26 Lk\/min (must-valge, v\u00e4rviline) Tr\u00fckikiirus A3: 15 Lk\/min (must-valge, v\u00e4rviline) Tr\u00fckikvaliteet (dpi): 1200 x 1200, 600 x 600, 9600 x 600 M\u00e4lu: 5GB HDD: 128 SSD (Standard), 512GB SSD (v\u00f5imalus) Paberis\u00f6\u00f6tja maht: 650 lehte (Standard), 6300 lehte (v\u00f5imalus) \u00dchendused: USB, Ethernet, WiFi (v\u00f5imalus) Toetatavad operatsioonis\u00fcsteemid: Windows, [&hellip;]<\/p>\n","protected":false},"featured_media":13750,"template":"","meta":{"_acf_changed":false},"product_brand":[404],"product_cat":[419,235],"product_tag":[],"class_list":{"0":"post-17875","1":"product","2":"type-product","3":"status-publish","4":"has-post-thumbnail","6":"product_brand-sharp","7":"product_cat-seadmete-rent","8":"product_cat-a3-printer-skanner-koopiamasinad-ru","10":"first","11":"instock","12":"featured","13":"taxable","14":"shipping-taxable","15":"purchasable","16":"product-type-simple"},"acf":[],"yoast_head":"<!-- This site is optimized with the Yoast SEO plugin v26.2 - https:\/\/yoast.com\/wordpress\/plugins\/seo\/ -->\n<title>Rendi A3 v\u00e4rvi-koopiamasin SHARP - RTT<\/title>\n<meta name=\"robots\" content=\"index, follow, max-snippet:-1, max-image-preview:large, max-video-preview:-1\" \/>\n<link rel=\"canonical\" href=\"https:\/\/rtt.ee\/ru\/toode\/uncategorized\/rendi-a3-varvi-koopiamasin-sharp\/\" \/>\n<meta property=\"og:locale\" content=\"ru_RU\" \/>\n<meta property=\"og:type\" content=\"article\" \/>\n<meta property=\"og:title\" content=\"Rendi A3 v\u00e4rvi-koopiamasin SHARP - RTT\" \/>\n<meta property=\"og:description\" content=\"Mudel: BP-51C26 Funktsioonid: printimine, skannimine, kopeerimine, failihaldus Tr\u00fckikiirus A4: 26 Lk\/min (must-valge, v\u00e4rviline) Tr\u00fckikiirus A3: 15 Lk\/min (must-valge, v\u00e4rviline) Tr\u00fckikvaliteet (dpi): 1200 x 1200, 600 x 600, 9600 x 600 M\u00e4lu: 5GB HDD: 128 SSD (Standard), 512GB SSD (v\u00f5imalus) Paberis\u00f6\u00f6tja maht: 650 lehte (Standard), 6300 lehte (v\u00f5imalus) \u00dchendused: USB, Ethernet, WiFi (v\u00f5imalus) Toetatavad operatsioonis\u00fcsteemid: Windows, [&hellip;]\" \/>\n<meta property=\"og:url\" content=\"https:\/\/rtt.ee\/ru\/toode\/uncategorized\/rendi-a3-varvi-koopiamasin-sharp\/\" \/>\n<meta property=\"og:site_name\" content=\"RTT\" \/>\n<meta property=\"og:image\" content=\"https:\/\/rtt.ee\/wp-content\/uploads\/2022\/01\/rtt_logo_350X350.jpg\" \/>\n\t<meta property=\"og:image:width\" content=\"350\" \/>\n\t<meta property=\"og:image:height\" content=\"350\" \/>\n\t<meta property=\"og:image:type\" content=\"image\/jpeg\" \/>\n<meta name=\"twitter:card\" content=\"summary_large_image\" \/>\n<script type=\"application\/ld+json\" class=\"yoast-schema-graph\">{\"@context\":\"https:\/\/schema.org\",\"@graph\":[{\"@type\":\"WebPage\",\"@id\":\"https:\/\/rtt.ee\/ru\/toode\/uncategorized\/rendi-a3-varvi-koopiamasin-sharp\/\",\"url\":\"https:\/\/rtt.ee\/ru\/toode\/uncategorized\/rendi-a3-varvi-koopiamasin-sharp\/\",\"name\":\"Rendi A3 v\u00e4rvi-koopiamasin SHARP - RTT\",\"isPartOf\":{\"@id\":\"https:\/\/rtt.ee\/en\/#website\"},\"primaryImageOfPage\":{\"@id\":\"https:\/\/rtt.ee\/ru\/toode\/uncategorized\/rendi-a3-varvi-koopiamasin-sharp\/#primaryimage\"},\"image\":{\"@id\":\"https:\/\/rtt.ee\/ru\/toode\/uncategorized\/rendi-a3-varvi-koopiamasin-sharp\/#primaryimage\"},\"thumbnailUrl\":\"https:\/\/rtt.ee\/wp-content\/uploads\/2025\/11\/BP51C26.png\",\"datePublished\":\"2026-02-10T08:36:53+00:00\",\"breadcrumb\":{\"@id\":\"https:\/\/rtt.ee\/ru\/toode\/uncategorized\/rendi-a3-varvi-koopiamasin-sharp\/#breadcrumb\"},\"inLanguage\":\"ru-RU\",\"potentialAction\":[{\"@type\":\"ReadAction\",\"target\":[\"https:\/\/rtt.ee\/ru\/toode\/uncategorized\/rendi-a3-varvi-koopiamasin-sharp\/\"]}]},{\"@type\":\"ImageObject\",\"inLanguage\":\"ru-RU\",\"@id\":\"https:\/\/rtt.ee\/ru\/toode\/uncategorized\/rendi-a3-varvi-koopiamasin-sharp\/#primaryimage\",\"url\":\"https:\/\/rtt.ee\/wp-content\/uploads\/2025\/11\/BP51C26.png\",\"contentUrl\":\"https:\/\/rtt.ee\/wp-content\/uploads\/2025\/11\/BP51C26.png\",\"width\":706,\"height\":1000},{\"@type\":\"BreadcrumbList\",\"@id\":\"https:\/\/rtt.ee\/ru\/toode\/uncategorized\/rendi-a3-varvi-koopiamasin-sharp\/#breadcrumb\",\"itemListElement\":[{\"@type\":\"ListItem\",\"position\":1,\"name\":\"\u0413\u043b\u0430\u0432\u043d\u0430\u044f\",\"item\":\"https:\/\/rtt.ee\/ru\/\"},{\"@type\":\"ListItem\",\"position\":2,\"name\":\"Magazin\",\"item\":\"https:\/\/rtt.ee\/ru\/pood\/\"},{\"@type\":\"ListItem\",\"position\":3,\"name\":\"Rendi A3 v\u00e4rvi-koopiamasin SHARP\"}]},{\"@type\":\"WebSite\",\"@id\":\"https:\/\/rtt.ee\/en\/#website\",\"url\":\"https:\/\/rtt.ee\/en\/\",\"name\":\"RTT\",\"description\":\"Kassaaparaadid ja kontorikaubad\",\"potentialAction\":[{\"@type\":\"SearchAction\",\"target\":{\"@type\":\"EntryPoint\",\"urlTemplate\":\"https:\/\/rtt.ee\/en\/?s={search_term_string}\"},\"query-input\":{\"@type\":\"PropertyValueSpecification\",\"valueRequired\":true,\"valueName\":\"search_term_string\"}}],\"inLanguage\":\"ru-RU\"}]}<\/script>\n<!-- \/ Yoast SEO plugin. -->","yoast_head_json":{"title":"Rendi A3 v\u00e4rvi-koopiamasin SHARP - RTT","robots":{"index":"index","follow":"follow","max-snippet":"max-snippet:-1","max-image-preview":"max-image-preview:large","max-video-preview":"max-video-preview:-1"},"canonical":"https:\/\/rtt.ee\/ru\/toode\/uncategorized\/rendi-a3-varvi-koopiamasin-sharp\/","og_locale":"ru_RU","og_type":"article","og_title":"Rendi A3 v\u00e4rvi-koopiamasin SHARP - RTT","og_description":"Mudel: BP-51C26 Funktsioonid: printimine, skannimine, kopeerimine, failihaldus Tr\u00fckikiirus A4: 26 Lk\/min (must-valge, v\u00e4rviline) Tr\u00fckikiirus A3: 15 Lk\/min (must-valge, v\u00e4rviline) Tr\u00fckikvaliteet (dpi): 1200 x 1200, 600 x 600, 9600 x 600 M\u00e4lu: 5GB HDD: 128 SSD (Standard), 512GB SSD (v\u00f5imalus) Paberis\u00f6\u00f6tja maht: 650 lehte (Standard), 6300 lehte (v\u00f5imalus) \u00dchendused: USB, Ethernet, WiFi (v\u00f5imalus) Toetatavad operatsioonis\u00fcsteemid: Windows, [&hellip;]","og_url":"https:\/\/rtt.ee\/ru\/toode\/uncategorized\/rendi-a3-varvi-koopiamasin-sharp\/","og_site_name":"RTT","og_image":[{"width":350,"height":350,"url":"https:\/\/rtt.ee\/wp-content\/uploads\/2022\/01\/rtt_logo_350X350.jpg","type":"image\/jpeg"}],"twitter_card":"summary_large_image","schema":{"@context":"https:\/\/schema.org","@graph":[{"@type":"WebPage","@id":"https:\/\/rtt.ee\/ru\/toode\/uncategorized\/rendi-a3-varvi-koopiamasin-sharp\/","url":"https:\/\/rtt.ee\/ru\/toode\/uncategorized\/rendi-a3-varvi-koopiamasin-sharp\/","name":"Rendi A3 v\u00e4rvi-koopiamasin SHARP - RTT","isPartOf":{"@id":"https:\/\/rtt.ee\/en\/#website"},"primaryImageOfPage":{"@id":"https:\/\/rtt.ee\/ru\/toode\/uncategorized\/rendi-a3-varvi-koopiamasin-sharp\/#primaryimage"},"image":{"@id":"https:\/\/rtt.ee\/ru\/toode\/uncategorized\/rendi-a3-varvi-koopiamasin-sharp\/#primaryimage"},"thumbnailUrl":"https:\/\/rtt.ee\/wp-content\/uploads\/2025\/11\/BP51C26.png","datePublished":"2026-02-10T08:36:53+00:00","breadcrumb":{"@id":"https:\/\/rtt.ee\/ru\/toode\/uncategorized\/rendi-a3-varvi-koopiamasin-sharp\/#breadcrumb"},"inLanguage":"ru-RU","potentialAction":[{"@type":"ReadAction","target":["https:\/\/rtt.ee\/ru\/toode\/uncategorized\/rendi-a3-varvi-koopiamasin-sharp\/"]}]},{"@type":"ImageObject","inLanguage":"ru-RU","@id":"https:\/\/rtt.ee\/ru\/toode\/uncategorized\/rendi-a3-varvi-koopiamasin-sharp\/#primaryimage","url":"https:\/\/rtt.ee\/wp-content\/uploads\/2025\/11\/BP51C26.png","contentUrl":"https:\/\/rtt.ee\/wp-content\/uploads\/2025\/11\/BP51C26.png","width":706,"height":1000},{"@type":"BreadcrumbList","@id":"https:\/\/rtt.ee\/ru\/toode\/uncategorized\/rendi-a3-varvi-koopiamasin-sharp\/#breadcrumb","itemListElement":[{"@type":"ListItem","position":1,"name":"\u0413\u043b\u0430\u0432\u043d\u0430\u044f","item":"https:\/\/rtt.ee\/ru\/"},{"@type":"ListItem","position":2,"name":"Magazin","item":"https:\/\/rtt.ee\/ru\/pood\/"},{"@type":"ListItem","position":3,"name":"Rendi A3 v\u00e4rvi-koopiamasin SHARP"}]},{"@type":"WebSite","@id":"https:\/\/rtt.ee\/en\/#website","url":"https:\/\/rtt.ee\/en\/","name":"RTT","description":"Kassaaparaadid ja kontorikaubad","potentialAction":[{"@type":"SearchAction","target":{"@type":"EntryPoint","urlTemplate":"https:\/\/rtt.ee\/en\/?s={search_term_string}"},"query-input":{"@type":"PropertyValueSpecification","valueRequired":true,"valueName":"search_term_string"}}],"inLanguage":"ru-RU"}]}},"_links":{"self":[{"href":"https:\/\/rtt.ee\/ru\/wp-json\/wp\/v2\/product\/17875","targetHints":{"allow":["GET"]}}],"collection":[{"href":"https:\/\/rtt.ee\/ru\/wp-json\/wp\/v2\/product"}],"about":[{"href":"https:\/\/rtt.ee\/ru\/wp-json\/wp\/v2\/types\/product"}],"wp:featuredmedia":[{"embeddable":true,"href":"https:\/\/rtt.ee\/ru\/wp-json\/wp\/v2\/media\/13750"}],"wp:attachment":[{"href":"https:\/\/rtt.ee\/ru\/wp-json\/wp\/v2\/media?parent=17875"}],"wp:term":[{"taxonomy":"product_brand","embeddable":true,"href":"https:\/\/rtt.ee\/ru\/wp-json\/wp\/v2\/product_brand?post=17875"},{"taxonomy":"product_cat","embeddable":true,"href":"https:\/\/rtt.ee\/ru\/wp-json\/wp\/v2\/product_cat?post=17875"},{"taxonomy":"product_tag","embeddable":true,"href":"https:\/\/rtt.ee\/ru\/wp-json\/wp\/v2\/product_tag?post=17875"}],"curies":[{"name":"wp","href":"https:\/\/api.w.org\/{rel}","templated":true}]}}