{"id":17872,"date":"2025-12-22T17:16:52","date_gmt":"2025-12-22T15:16:52","guid":{"rendered":"https:\/\/rtt.ee\/toode\/uncategorized\/rendi-kasiterminal-zebra\/"},"modified":"2026-04-01T10:08:08","modified_gmt":"2026-04-01T07:08:08","slug":"rendi-kasiterminal-zebra","status":"publish","type":"product","link":"https:\/\/rtt.ee\/ru\/toode\/seadmete-rent\/rendi-kasiterminal-zebra\/","title":{"rendered":"Rendi k\u00e4siterminal Zebra"},"content":{"rendered":"<p>Pakume renditeenusena\u00a0<strong>Zebra TC27<\/strong>\u00a0mobiilset terminali, mis on ideaalne lahendus laoarvestuseks, logistikaks, inventuuriks, jaekaubanduseks ning teeninduseks.<\/p>\n<p>TC27 \u00fchendab\u00a0<strong>t\u00f6\u00f6stusliku vastupidavuse<\/strong><b>,\u00a0<\/b><strong>kiire andmet\u00f6\u00f6tluse<\/strong><b>\u00a0ja\u00a0<\/b><strong>lihtsa mobiilse t\u00f6\u00f6voo<\/strong>, pakkudes efektiivset lahendust igap\u00e4evat\u00f6\u00f6ks.<\/p>\n<p>&nbsp;<\/p>\n","protected":false},"excerpt":{"rendered":"<p>Pakume renditeenusena\u00a0Zebra TC27\u00a0mobiilset terminali, mis on ideaalne lahendus laoarvestuseks, logistikaks, inventuuriks, jaekaubanduseks ning teeninduseks. TC27 \u00fchendab\u00a0t\u00f6\u00f6stusliku vastupidavuse,\u00a0kiire andmet\u00f6\u00f6tluse\u00a0ja\u00a0lihtsa mobiilse t\u00f6\u00f6voo, pakkudes efektiivset lahendust igap\u00e4evat\u00f6\u00f6ks. &nbsp;<\/p>\n","protected":false},"featured_media":10503,"template":"","meta":{"_acf_changed":false},"product_brand":[],"product_cat":[419],"product_tag":[],"class_list":{"0":"post-17872","1":"product","2":"type-product","3":"status-publish","4":"has-post-thumbnail","6":"product_cat-seadmete-rent","7":"product_brands-zebra-ru","9":"first","10":"instock","11":"taxable","12":"shipping-taxable","13":"purchasable","14":"product-type-simple"},"acf":[],"yoast_head":"<!-- This site is optimized with the Yoast SEO plugin v26.2 - https:\/\/yoast.com\/wordpress\/plugins\/seo\/ -->\n<title>Rendi k\u00e4siterminal Zebra - RTT<\/title>\n<meta name=\"description\" content=\"Pakume renditeenusena Zebra mobiilset terminali, mis on ideaalne lahendus laoarvestuseks, logistikaks, inventuuriks, jaekaubanduseks ning teeninduseks.\" \/>\n<meta name=\"robots\" content=\"index, follow, max-snippet:-1, max-image-preview:large, max-video-preview:-1\" \/>\n<link rel=\"canonical\" href=\"https:\/\/rtt.ee\/ru\/toode\/seadmete-rent\/rendi-kasiterminal-zebra\/\" \/>\n<meta property=\"og:locale\" content=\"ru_RU\" \/>\n<meta property=\"og:type\" content=\"article\" \/>\n<meta property=\"og:title\" content=\"Rendi k\u00e4siterminal Zebra - RTT\" \/>\n<meta property=\"og:description\" content=\"Pakume renditeenusena Zebra mobiilset terminali, mis on ideaalne lahendus laoarvestuseks, logistikaks, inventuuriks, jaekaubanduseks ning teeninduseks.\" \/>\n<meta property=\"og:url\" content=\"https:\/\/rtt.ee\/ru\/toode\/seadmete-rent\/rendi-kasiterminal-zebra\/\" \/>\n<meta property=\"og:site_name\" content=\"RTT\" \/>\n<meta property=\"article:modified_time\" content=\"2026-04-01T07:08:08+00:00\" \/>\n<meta property=\"og:image\" content=\"https:\/\/rtt.ee\/wp-content\/uploads\/2024\/01\/TC27-2.jpg\" \/>\n\t<meta property=\"og:image:width\" content=\"1132\" \/>\n\t<meta property=\"og:image:height\" content=\"2120\" \/>\n\t<meta property=\"og:image:type\" content=\"image\/jpeg\" \/>\n<meta name=\"twitter:card\" content=\"summary_large_image\" \/>\n<script type=\"application\/ld+json\" class=\"yoast-schema-graph\">{\"@context\":\"https:\/\/schema.org\",\"@graph\":[{\"@type\":\"WebPage\",\"@id\":\"https:\/\/rtt.ee\/ru\/toode\/seadmete-rent\/rendi-kasiterminal-zebra\/\",\"url\":\"https:\/\/rtt.ee\/ru\/toode\/seadmete-rent\/rendi-kasiterminal-zebra\/\",\"name\":\"Rendi k\u00e4siterminal Zebra - RTT\",\"isPartOf\":{\"@id\":\"https:\/\/rtt.ee\/en\/#website\"},\"primaryImageOfPage\":{\"@id\":\"https:\/\/rtt.ee\/ru\/toode\/seadmete-rent\/rendi-kasiterminal-zebra\/#primaryimage\"},\"image\":{\"@id\":\"https:\/\/rtt.ee\/ru\/toode\/seadmete-rent\/rendi-kasiterminal-zebra\/#primaryimage\"},\"thumbnailUrl\":\"https:\/\/rtt.ee\/wp-content\/uploads\/2024\/01\/TC27-2.jpg\",\"datePublished\":\"2025-12-22T15:16:52+00:00\",\"dateModified\":\"2026-04-01T07:08:08+00:00\",\"description\":\"Pakume renditeenusena Zebra mobiilset terminali, mis on ideaalne lahendus laoarvestuseks, logistikaks, inventuuriks, jaekaubanduseks ning teeninduseks.\",\"breadcrumb\":{\"@id\":\"https:\/\/rtt.ee\/ru\/toode\/seadmete-rent\/rendi-kasiterminal-zebra\/#breadcrumb\"},\"inLanguage\":\"ru-RU\",\"potentialAction\":[{\"@type\":\"ReadAction\",\"target\":[\"https:\/\/rtt.ee\/ru\/toode\/seadmete-rent\/rendi-kasiterminal-zebra\/\"]}]},{\"@type\":\"ImageObject\",\"inLanguage\":\"ru-RU\",\"@id\":\"https:\/\/rtt.ee\/ru\/toode\/seadmete-rent\/rendi-kasiterminal-zebra\/#primaryimage\",\"url\":\"https:\/\/rtt.ee\/wp-content\/uploads\/2024\/01\/TC27-2.jpg\",\"contentUrl\":\"https:\/\/rtt.ee\/wp-content\/uploads\/2024\/01\/TC27-2.jpg\",\"width\":1132,\"height\":2120,\"caption\":\"Zebra TC27 k\u00e4siterminal SE55 sk\u00e4nneriga\"},{\"@type\":\"BreadcrumbList\",\"@id\":\"https:\/\/rtt.ee\/ru\/toode\/seadmete-rent\/rendi-kasiterminal-zebra\/#breadcrumb\",\"itemListElement\":[{\"@type\":\"ListItem\",\"position\":1,\"name\":\"\u0413\u043b\u0430\u0432\u043d\u0430\u044f\",\"item\":\"https:\/\/rtt.ee\/ru\/\"},{\"@type\":\"ListItem\",\"position\":2,\"name\":\"Magazin\",\"item\":\"https:\/\/rtt.ee\/ru\/pood\/\"},{\"@type\":\"ListItem\",\"position\":3,\"name\":\"Seadmete rent\",\"item\":\"https:\/\/rtt.ee\/tootekategooria\/seadmete-rent\/\"},{\"@type\":\"ListItem\",\"position\":4,\"name\":\"Rendi k\u00e4siterminal Zebra\"}]},{\"@type\":\"WebSite\",\"@id\":\"https:\/\/rtt.ee\/en\/#website\",\"url\":\"https:\/\/rtt.ee\/en\/\",\"name\":\"RTT\",\"description\":\"Kassaaparaadid ja kontorikaubad\",\"potentialAction\":[{\"@type\":\"SearchAction\",\"target\":{\"@type\":\"EntryPoint\",\"urlTemplate\":\"https:\/\/rtt.ee\/en\/?s={search_term_string}\"},\"query-input\":{\"@type\":\"PropertyValueSpecification\",\"valueRequired\":true,\"valueName\":\"search_term_string\"}}],\"inLanguage\":\"ru-RU\"}]}<\/script>\n<!-- \/ Yoast SEO plugin. -->","yoast_head_json":{"title":"Rendi k\u00e4siterminal Zebra - RTT","description":"Pakume renditeenusena Zebra mobiilset terminali, mis on ideaalne lahendus laoarvestuseks, logistikaks, inventuuriks, jaekaubanduseks ning teeninduseks.","robots":{"index":"index","follow":"follow","max-snippet":"max-snippet:-1","max-image-preview":"max-image-preview:large","max-video-preview":"max-video-preview:-1"},"canonical":"https:\/\/rtt.ee\/ru\/toode\/seadmete-rent\/rendi-kasiterminal-zebra\/","og_locale":"ru_RU","og_type":"article","og_title":"Rendi k\u00e4siterminal Zebra - RTT","og_description":"Pakume renditeenusena Zebra mobiilset terminali, mis on ideaalne lahendus laoarvestuseks, logistikaks, inventuuriks, jaekaubanduseks ning teeninduseks.","og_url":"https:\/\/rtt.ee\/ru\/toode\/seadmete-rent\/rendi-kasiterminal-zebra\/","og_site_name":"RTT","article_modified_time":"2026-04-01T07:08:08+00:00","og_image":[{"width":1132,"height":2120,"url":"https:\/\/rtt.ee\/wp-content\/uploads\/2024\/01\/TC27-2.jpg","type":"image\/jpeg"}],"twitter_card":"summary_large_image","schema":{"@context":"https:\/\/schema.org","@graph":[{"@type":"WebPage","@id":"https:\/\/rtt.ee\/ru\/toode\/seadmete-rent\/rendi-kasiterminal-zebra\/","url":"https:\/\/rtt.ee\/ru\/toode\/seadmete-rent\/rendi-kasiterminal-zebra\/","name":"Rendi k\u00e4siterminal Zebra - RTT","isPartOf":{"@id":"https:\/\/rtt.ee\/en\/#website"},"primaryImageOfPage":{"@id":"https:\/\/rtt.ee\/ru\/toode\/seadmete-rent\/rendi-kasiterminal-zebra\/#primaryimage"},"image":{"@id":"https:\/\/rtt.ee\/ru\/toode\/seadmete-rent\/rendi-kasiterminal-zebra\/#primaryimage"},"thumbnailUrl":"https:\/\/rtt.ee\/wp-content\/uploads\/2024\/01\/TC27-2.jpg","datePublished":"2025-12-22T15:16:52+00:00","dateModified":"2026-04-01T07:08:08+00:00","description":"Pakume renditeenusena Zebra mobiilset terminali, mis on ideaalne lahendus laoarvestuseks, logistikaks, inventuuriks, jaekaubanduseks ning teeninduseks.","breadcrumb":{"@id":"https:\/\/rtt.ee\/ru\/toode\/seadmete-rent\/rendi-kasiterminal-zebra\/#breadcrumb"},"inLanguage":"ru-RU","potentialAction":[{"@type":"ReadAction","target":["https:\/\/rtt.ee\/ru\/toode\/seadmete-rent\/rendi-kasiterminal-zebra\/"]}]},{"@type":"ImageObject","inLanguage":"ru-RU","@id":"https:\/\/rtt.ee\/ru\/toode\/seadmete-rent\/rendi-kasiterminal-zebra\/#primaryimage","url":"https:\/\/rtt.ee\/wp-content\/uploads\/2024\/01\/TC27-2.jpg","contentUrl":"https:\/\/rtt.ee\/wp-content\/uploads\/2024\/01\/TC27-2.jpg","width":1132,"height":2120,"caption":"Zebra TC27 k\u00e4siterminal SE55 sk\u00e4nneriga"},{"@type":"BreadcrumbList","@id":"https:\/\/rtt.ee\/ru\/toode\/seadmete-rent\/rendi-kasiterminal-zebra\/#breadcrumb","itemListElement":[{"@type":"ListItem","position":1,"name":"\u0413\u043b\u0430\u0432\u043d\u0430\u044f","item":"https:\/\/rtt.ee\/ru\/"},{"@type":"ListItem","position":2,"name":"Magazin","item":"https:\/\/rtt.ee\/ru\/pood\/"},{"@type":"ListItem","position":3,"name":"Seadmete rent","item":"https:\/\/rtt.ee\/tootekategooria\/seadmete-rent\/"},{"@type":"ListItem","position":4,"name":"Rendi k\u00e4siterminal Zebra"}]},{"@type":"WebSite","@id":"https:\/\/rtt.ee\/en\/#website","url":"https:\/\/rtt.ee\/en\/","name":"RTT","description":"Kassaaparaadid ja kontorikaubad","potentialAction":[{"@type":"SearchAction","target":{"@type":"EntryPoint","urlTemplate":"https:\/\/rtt.ee\/en\/?s={search_term_string}"},"query-input":{"@type":"PropertyValueSpecification","valueRequired":true,"valueName":"search_term_string"}}],"inLanguage":"ru-RU"}]}},"_links":{"self":[{"href":"https:\/\/rtt.ee\/ru\/wp-json\/wp\/v2\/product\/17872","targetHints":{"allow":["GET"]}}],"collection":[{"href":"https:\/\/rtt.ee\/ru\/wp-json\/wp\/v2\/product"}],"about":[{"href":"https:\/\/rtt.ee\/ru\/wp-json\/wp\/v2\/types\/product"}],"wp:featuredmedia":[{"embeddable":true,"href":"https:\/\/rtt.ee\/ru\/wp-json\/wp\/v2\/media\/10503"}],"wp:attachment":[{"href":"https:\/\/rtt.ee\/ru\/wp-json\/wp\/v2\/media?parent=17872"}],"wp:term":[{"taxonomy":"product_brand","embeddable":true,"href":"https:\/\/rtt.ee\/ru\/wp-json\/wp\/v2\/product_brand?post=17872"},{"taxonomy":"product_cat","embeddable":true,"href":"https:\/\/rtt.ee\/ru\/wp-json\/wp\/v2\/product_cat?post=17872"},{"taxonomy":"product_tag","embeddable":true,"href":"https:\/\/rtt.ee\/ru\/wp-json\/wp\/v2\/product_tag?post=17872"}],"curies":[{"name":"wp","href":"https:\/\/api.w.org\/{rel}","templated":true}]}}