{"id":17870,"date":"2026-02-10T10:47:26","date_gmt":"2026-02-10T08:47:26","guid":{"rendered":"https:\/\/rtt.ee\/toode\/uncategorized\/rendi-must-valge-a4-laserprinter-sharp\/"},"modified":"2026-02-10T10:47:26","modified_gmt":"2026-02-10T08:47:26","slug":"rendi-must-valge-a4-laserprinter-sharp","status":"publish","type":"product","link":"https:\/\/rtt.ee\/ru\/toode\/seadmete-rent\/rendi-must-valge-a4-laserprinter-sharp\/","title":{"rendered":"Rendi must-valge A4 laserprinter SHARP"},"content":{"rendered":"<p>Mudel: MX-B468P<\/p>\n<p>Funktsioonid: printimine<\/p>\n<p>Tr\u00fckikiirus A4: 44 Lk\/min (must-valge)<\/p>\n<p>Tr\u00fckikvaliteet (dpi): 1200 x 1200<\/p>\n<p>M\u00e4lu: 512MB<\/p>\n<p>HDD: 128GB ISD (lisav\u00f5imalus)<\/p>\n<p>Paberis\u00f6\u00f6tja maht: 350 lehte (Standard), 2000 lehte (lisav\u00f5imalus)<\/p>\n<p>\u00dchendused: USB, Ethernet, WiFi (lisav\u00f5imalus)<\/p>\n<p>Toetatavad operatsioonis\u00fcsteemid: Windows, Windows Server, MacOS<\/p>\n<p>Lisainfo:\u00a0<a href=\"https:\/\/www.sharp.eu\/sharp-mx-b468p\">Tehniline kirjeldus inglise keeles<\/a><\/p>\n<p>Tel: +372 6 112 256<\/p>\n<p>GSM: +372 5 014 470<\/p>\n<p>Soovitame juurde <strong>T\u00c4ISHOOLDUSLEPING<\/strong><\/p>\n<p><span style=\"color: #ff0000;font-size: 14pt\"><strong>Lisainfo:\u00a0<a style=\"color: #ff0000\" href=\"https:\/\/kontoriprinter.ee\/\">Kontoriprinter.ee<\/a><\/strong><\/span><\/p>\n","protected":false},"excerpt":{"rendered":"<p>Mudel: MX-B468P Funktsioonid: printimine Tr\u00fckikiirus A4: 44 Lk\/min (must-valge) Tr\u00fckikvaliteet (dpi): 1200 x 1200 M\u00e4lu: 512MB HDD: 128GB ISD (lisav\u00f5imalus) Paberis\u00f6\u00f6tja maht: 350 lehte (Standard), 2000 lehte (lisav\u00f5imalus) \u00dchendused: USB, Ethernet, WiFi (lisav\u00f5imalus) Toetatavad operatsioonis\u00fcsteemid: Windows, Windows Server, MacOS Lisainfo:\u00a0Tehniline kirjeldus inglise keeles Tel: +372 6 112 256 GSM: +372 5 014 470 Soovitame juurde [&hellip;]<\/p>\n","protected":false},"featured_media":12205,"template":"","meta":{"_acf_changed":false},"product_brand":[404],"product_cat":[419],"product_tag":[],"class_list":{"0":"post-17870","1":"product","2":"type-product","3":"status-publish","4":"has-post-thumbnail","6":"product_brand-sharp","7":"product_cat-seadmete-rent","8":"product_brands-sharp-ru","10":"first","11":"instock","12":"taxable","13":"shipping-taxable","14":"purchasable","15":"product-type-simple"},"acf":[],"yoast_head":"<!-- This site is optimized with the Yoast SEO plugin v26.2 - https:\/\/yoast.com\/wordpress\/plugins\/seo\/ -->\n<title>Rendi must-valge A4 laserprinter SHARP - RTT<\/title>\n<meta name=\"robots\" content=\"index, follow, max-snippet:-1, max-image-preview:large, max-video-preview:-1\" \/>\n<link rel=\"canonical\" href=\"https:\/\/rtt.ee\/ru\/toode\/uncategorized\/rendi-must-valge-a4-laserprinter-sharp\/\" \/>\n<meta property=\"og:locale\" content=\"ru_RU\" \/>\n<meta property=\"og:type\" content=\"article\" \/>\n<meta property=\"og:title\" content=\"Rendi must-valge A4 laserprinter SHARP - RTT\" \/>\n<meta property=\"og:description\" content=\"Mudel: MX-B468P Funktsioonid: printimine Tr\u00fckikiirus A4: 44 Lk\/min (must-valge) Tr\u00fckikvaliteet (dpi): 1200 x 1200 M\u00e4lu: 512MB HDD: 128GB ISD (lisav\u00f5imalus) Paberis\u00f6\u00f6tja maht: 350 lehte (Standard), 2000 lehte (lisav\u00f5imalus) \u00dchendused: USB, Ethernet, WiFi (lisav\u00f5imalus) Toetatavad operatsioonis\u00fcsteemid: Windows, Windows Server, MacOS Lisainfo:\u00a0Tehniline kirjeldus inglise keeles Tel: +372 6 112 256 GSM: +372 5 014 470 Soovitame juurde [&hellip;]\" \/>\n<meta property=\"og:url\" content=\"https:\/\/rtt.ee\/ru\/toode\/uncategorized\/rendi-must-valge-a4-laserprinter-sharp\/\" \/>\n<meta property=\"og:site_name\" content=\"RTT\" \/>\n<meta property=\"og:image\" content=\"https:\/\/rtt.ee\/wp-content\/uploads\/2022\/01\/rtt_logo_350X350.jpg\" \/>\n\t<meta property=\"og:image:width\" content=\"350\" \/>\n\t<meta property=\"og:image:height\" content=\"350\" \/>\n\t<meta property=\"og:image:type\" content=\"image\/jpeg\" \/>\n<meta name=\"twitter:card\" content=\"summary_large_image\" \/>\n<script type=\"application\/ld+json\" class=\"yoast-schema-graph\">{\"@context\":\"https:\/\/schema.org\",\"@graph\":[{\"@type\":\"WebPage\",\"@id\":\"https:\/\/rtt.ee\/ru\/toode\/uncategorized\/rendi-must-valge-a4-laserprinter-sharp\/\",\"url\":\"https:\/\/rtt.ee\/ru\/toode\/uncategorized\/rendi-must-valge-a4-laserprinter-sharp\/\",\"name\":\"Rendi must-valge A4 laserprinter SHARP - RTT\",\"isPartOf\":{\"@id\":\"https:\/\/rtt.ee\/en\/#website\"},\"primaryImageOfPage\":{\"@id\":\"https:\/\/rtt.ee\/ru\/toode\/uncategorized\/rendi-must-valge-a4-laserprinter-sharp\/#primaryimage\"},\"image\":{\"@id\":\"https:\/\/rtt.ee\/ru\/toode\/uncategorized\/rendi-must-valge-a4-laserprinter-sharp\/#primaryimage\"},\"thumbnailUrl\":\"https:\/\/rtt.ee\/wp-content\/uploads\/2025\/07\/img-p-mx-b468p-slant-1.png\",\"datePublished\":\"2026-02-10T08:47:26+00:00\",\"breadcrumb\":{\"@id\":\"https:\/\/rtt.ee\/ru\/toode\/uncategorized\/rendi-must-valge-a4-laserprinter-sharp\/#breadcrumb\"},\"inLanguage\":\"ru-RU\",\"potentialAction\":[{\"@type\":\"ReadAction\",\"target\":[\"https:\/\/rtt.ee\/ru\/toode\/uncategorized\/rendi-must-valge-a4-laserprinter-sharp\/\"]}]},{\"@type\":\"ImageObject\",\"inLanguage\":\"ru-RU\",\"@id\":\"https:\/\/rtt.ee\/ru\/toode\/uncategorized\/rendi-must-valge-a4-laserprinter-sharp\/#primaryimage\",\"url\":\"https:\/\/rtt.ee\/wp-content\/uploads\/2025\/07\/img-p-mx-b468p-slant-1.png\",\"contentUrl\":\"https:\/\/rtt.ee\/wp-content\/uploads\/2025\/07\/img-p-mx-b468p-slant-1.png\",\"width\":2190,\"height\":1575,\"caption\":\"mx-b468p\"},{\"@type\":\"BreadcrumbList\",\"@id\":\"https:\/\/rtt.ee\/ru\/toode\/uncategorized\/rendi-must-valge-a4-laserprinter-sharp\/#breadcrumb\",\"itemListElement\":[{\"@type\":\"ListItem\",\"position\":1,\"name\":\"\u0413\u043b\u0430\u0432\u043d\u0430\u044f\",\"item\":\"https:\/\/rtt.ee\/ru\/\"},{\"@type\":\"ListItem\",\"position\":2,\"name\":\"Magazin\",\"item\":\"https:\/\/rtt.ee\/ru\/pood\/\"},{\"@type\":\"ListItem\",\"position\":3,\"name\":\"Rendi must-valge A4 laserprinter SHARP\"}]},{\"@type\":\"WebSite\",\"@id\":\"https:\/\/rtt.ee\/en\/#website\",\"url\":\"https:\/\/rtt.ee\/en\/\",\"name\":\"RTT\",\"description\":\"Kassaaparaadid ja kontorikaubad\",\"potentialAction\":[{\"@type\":\"SearchAction\",\"target\":{\"@type\":\"EntryPoint\",\"urlTemplate\":\"https:\/\/rtt.ee\/en\/?s={search_term_string}\"},\"query-input\":{\"@type\":\"PropertyValueSpecification\",\"valueRequired\":true,\"valueName\":\"search_term_string\"}}],\"inLanguage\":\"ru-RU\"}]}<\/script>\n<!-- \/ Yoast SEO plugin. -->","yoast_head_json":{"title":"Rendi must-valge A4 laserprinter SHARP - RTT","robots":{"index":"index","follow":"follow","max-snippet":"max-snippet:-1","max-image-preview":"max-image-preview:large","max-video-preview":"max-video-preview:-1"},"canonical":"https:\/\/rtt.ee\/ru\/toode\/uncategorized\/rendi-must-valge-a4-laserprinter-sharp\/","og_locale":"ru_RU","og_type":"article","og_title":"Rendi must-valge A4 laserprinter SHARP - RTT","og_description":"Mudel: MX-B468P Funktsioonid: printimine Tr\u00fckikiirus A4: 44 Lk\/min (must-valge) Tr\u00fckikvaliteet (dpi): 1200 x 1200 M\u00e4lu: 512MB HDD: 128GB ISD (lisav\u00f5imalus) Paberis\u00f6\u00f6tja maht: 350 lehte (Standard), 2000 lehte (lisav\u00f5imalus) \u00dchendused: USB, Ethernet, WiFi (lisav\u00f5imalus) Toetatavad operatsioonis\u00fcsteemid: Windows, Windows Server, MacOS Lisainfo:\u00a0Tehniline kirjeldus inglise keeles Tel: +372 6 112 256 GSM: +372 5 014 470 Soovitame juurde [&hellip;]","og_url":"https:\/\/rtt.ee\/ru\/toode\/uncategorized\/rendi-must-valge-a4-laserprinter-sharp\/","og_site_name":"RTT","og_image":[{"width":350,"height":350,"url":"https:\/\/rtt.ee\/wp-content\/uploads\/2022\/01\/rtt_logo_350X350.jpg","type":"image\/jpeg"}],"twitter_card":"summary_large_image","schema":{"@context":"https:\/\/schema.org","@graph":[{"@type":"WebPage","@id":"https:\/\/rtt.ee\/ru\/toode\/uncategorized\/rendi-must-valge-a4-laserprinter-sharp\/","url":"https:\/\/rtt.ee\/ru\/toode\/uncategorized\/rendi-must-valge-a4-laserprinter-sharp\/","name":"Rendi must-valge A4 laserprinter SHARP - RTT","isPartOf":{"@id":"https:\/\/rtt.ee\/en\/#website"},"primaryImageOfPage":{"@id":"https:\/\/rtt.ee\/ru\/toode\/uncategorized\/rendi-must-valge-a4-laserprinter-sharp\/#primaryimage"},"image":{"@id":"https:\/\/rtt.ee\/ru\/toode\/uncategorized\/rendi-must-valge-a4-laserprinter-sharp\/#primaryimage"},"thumbnailUrl":"https:\/\/rtt.ee\/wp-content\/uploads\/2025\/07\/img-p-mx-b468p-slant-1.png","datePublished":"2026-02-10T08:47:26+00:00","breadcrumb":{"@id":"https:\/\/rtt.ee\/ru\/toode\/uncategorized\/rendi-must-valge-a4-laserprinter-sharp\/#breadcrumb"},"inLanguage":"ru-RU","potentialAction":[{"@type":"ReadAction","target":["https:\/\/rtt.ee\/ru\/toode\/uncategorized\/rendi-must-valge-a4-laserprinter-sharp\/"]}]},{"@type":"ImageObject","inLanguage":"ru-RU","@id":"https:\/\/rtt.ee\/ru\/toode\/uncategorized\/rendi-must-valge-a4-laserprinter-sharp\/#primaryimage","url":"https:\/\/rtt.ee\/wp-content\/uploads\/2025\/07\/img-p-mx-b468p-slant-1.png","contentUrl":"https:\/\/rtt.ee\/wp-content\/uploads\/2025\/07\/img-p-mx-b468p-slant-1.png","width":2190,"height":1575,"caption":"mx-b468p"},{"@type":"BreadcrumbList","@id":"https:\/\/rtt.ee\/ru\/toode\/uncategorized\/rendi-must-valge-a4-laserprinter-sharp\/#breadcrumb","itemListElement":[{"@type":"ListItem","position":1,"name":"\u0413\u043b\u0430\u0432\u043d\u0430\u044f","item":"https:\/\/rtt.ee\/ru\/"},{"@type":"ListItem","position":2,"name":"Magazin","item":"https:\/\/rtt.ee\/ru\/pood\/"},{"@type":"ListItem","position":3,"name":"Rendi must-valge A4 laserprinter SHARP"}]},{"@type":"WebSite","@id":"https:\/\/rtt.ee\/en\/#website","url":"https:\/\/rtt.ee\/en\/","name":"RTT","description":"Kassaaparaadid ja kontorikaubad","potentialAction":[{"@type":"SearchAction","target":{"@type":"EntryPoint","urlTemplate":"https:\/\/rtt.ee\/en\/?s={search_term_string}"},"query-input":{"@type":"PropertyValueSpecification","valueRequired":true,"valueName":"search_term_string"}}],"inLanguage":"ru-RU"}]}},"_links":{"self":[{"href":"https:\/\/rtt.ee\/ru\/wp-json\/wp\/v2\/product\/17870","targetHints":{"allow":["GET"]}}],"collection":[{"href":"https:\/\/rtt.ee\/ru\/wp-json\/wp\/v2\/product"}],"about":[{"href":"https:\/\/rtt.ee\/ru\/wp-json\/wp\/v2\/types\/product"}],"wp:featuredmedia":[{"embeddable":true,"href":"https:\/\/rtt.ee\/ru\/wp-json\/wp\/v2\/media\/12205"}],"wp:attachment":[{"href":"https:\/\/rtt.ee\/ru\/wp-json\/wp\/v2\/media?parent=17870"}],"wp:term":[{"taxonomy":"product_brand","embeddable":true,"href":"https:\/\/rtt.ee\/ru\/wp-json\/wp\/v2\/product_brand?post=17870"},{"taxonomy":"product_cat","embeddable":true,"href":"https:\/\/rtt.ee\/ru\/wp-json\/wp\/v2\/product_cat?post=17870"},{"taxonomy":"product_tag","embeddable":true,"href":"https:\/\/rtt.ee\/ru\/wp-json\/wp\/v2\/product_tag?post=17870"}],"curies":[{"name":"wp","href":"https:\/\/api.w.org\/{rel}","templated":true}]}}