{"id":17845,"date":"2024-05-14T09:04:21","date_gmt":"2024-05-14T06:04:21","guid":{"rendered":"https:\/\/rtt.ee\/toode\/uncategorized\/hp-laserjet-pro-mfp-4102dw-printer\/"},"modified":"2026-04-01T11:32:10","modified_gmt":"2026-04-01T08:32:10","slug":"hp-laserjet-pro-mfp-4102dw-printer","status":"publish","type":"product","link":"https:\/\/rtt.ee\/ru\/toode\/koopiamasinad-ru\/a4-printer-skanner-koopiamasinad-ru\/hp-laserjet-pro-mfp-4102dw-printer\/","title":{"rendered":"HP LaserJet Pro 4102dw multifunktsionaalne A4 must-valge laserprinter"},"content":{"rendered":"<p>Funktsioonid: printimine, skannimine, kopeerimine<\/p>\n<p>Tr\u00fckikiirus A4: 40 Lk\/min (must-valge)<\/p>\n<p>Tr\u00fckikvaliteet (dpi): 1200 x 1200<\/p>\n<p>M\u00e4lu: 512MB<\/p>\n<p>Soovituslik tr\u00fckimaht kuus: 750 kuni 4000 lehte<\/p>\n<p>Paberis\u00f6\u00f6tja maht: 350 lehte (Standard), 900 lehte (lisav\u00f5imalus)<\/p>\n<p>Ekraan: 2,7&#8243; puutetundlik (v\u00e4rviline)<\/p>\n<p>\u00dchendused: USB, Ethernet, WiFi<\/p>\n<p>Toetatavad operatsioonis\u00fcsteemid: Windows, Windows Server, MacOS, Chrome OS, Android, iOS<\/p>\n<p>Lisainfo:<\/p>\n<p>Tel: +372 6 112 256<\/p>\n<p>GSM: +372 5 014 470<\/p>\n","protected":false},"excerpt":{"rendered":"<p>Funktsioonid: printimine, skannimine, kopeerimine Tr\u00fckikiirus A4: 40 Lk\/min (must-valge) Tr\u00fckikvaliteet (dpi): 1200 x 1200 M\u00e4lu: 512MB Soovituslik tr\u00fckimaht kuus: 750 kuni 4000 lehte Paberis\u00f6\u00f6tja maht: 350 lehte (Standard), 900 lehte (lisav\u00f5imalus) Ekraan: 2,7&#8243; puutetundlik (v\u00e4rviline) \u00dchendused: USB, Ethernet, WiFi Toetatavad operatsioonis\u00fcsteemid: Windows, Windows Server, MacOS, Chrome OS, Android, iOS Lisainfo: Tel: +372 6 112 256 [&hellip;]<\/p>\n","protected":false},"featured_media":17848,"template":"","meta":{"_acf_changed":false},"product_brand":[390],"product_cat":[233,236],"product_tag":[],"class_list":{"0":"post-17845","1":"product","2":"type-product","3":"status-publish","4":"has-post-thumbnail","6":"product_brand-hp","7":"product_cat-koopiamasinad-ru","8":"product_cat-a4-printer-skanner-koopiamasinad-ru","9":"product_brands-hp","11":"first","12":"onbackorder","13":"sale","14":"taxable","15":"shipping-taxable","16":"purchasable","17":"product-type-simple"},"acf":[],"yoast_head":"<!-- This site is optimized with the Yoast SEO plugin v26.2 - https:\/\/yoast.com\/wordpress\/plugins\/seo\/ -->\n<title>HP LaserJet Pro 4102dw multifunktsionaalne A4 must-valge laserprinter - RTT<\/title>\n<meta name=\"description\" content=\"HP LaserJet Pro MFP 4102dw \u2013 kiire mustvalge laserkombain (kuni 40 lk\/min). Printimine, skannimine, kopeerimine \u00fches seadmes. Varustatud kahepoolse printimise ja turvalise HP Wolf Pro tarkvaraga\" \/>\n<meta name=\"robots\" content=\"index, follow, max-snippet:-1, max-image-preview:large, max-video-preview:-1\" \/>\n<link rel=\"canonical\" href=\"https:\/\/rtt.ee\/ru\/toode\/koopiamasinad-ru\/a4-printer-skanner-koopiamasinad-ru\/hp-laserjet-pro-mfp-4102dw-printer\/\" \/>\n<meta property=\"og:locale\" content=\"ru_RU\" \/>\n<meta property=\"og:type\" content=\"article\" \/>\n<meta property=\"og:title\" content=\"HP LaserJet Pro 4102dw multifunktsionaalne A4 must-valge laserprinter - RTT\" \/>\n<meta property=\"og:description\" content=\"HP LaserJet Pro MFP 4102dw \u2013 kiire mustvalge laserkombain (kuni 40 lk\/min). Printimine, skannimine, kopeerimine \u00fches seadmes. Varustatud kahepoolse printimise ja turvalise HP Wolf Pro tarkvaraga\" \/>\n<meta property=\"og:url\" content=\"https:\/\/rtt.ee\/ru\/toode\/koopiamasinad-ru\/a4-printer-skanner-koopiamasinad-ru\/hp-laserjet-pro-mfp-4102dw-printer\/\" \/>\n<meta property=\"og:site_name\" content=\"RTT\" \/>\n<meta property=\"article:modified_time\" content=\"2026-04-01T08:32:10+00:00\" \/>\n<meta property=\"og:image\" content=\"https:\/\/rtt.ee\/wp-content\/uploads\/2022\/01\/rtt_logo_350X350.jpg\" \/>\n\t<meta property=\"og:image:width\" content=\"350\" \/>\n\t<meta property=\"og:image:height\" content=\"350\" \/>\n\t<meta property=\"og:image:type\" content=\"image\/jpeg\" \/>\n<meta name=\"twitter:card\" content=\"summary_large_image\" \/>\n<script type=\"application\/ld+json\" class=\"yoast-schema-graph\">{\"@context\":\"https:\/\/schema.org\",\"@graph\":[{\"@type\":\"WebPage\",\"@id\":\"https:\/\/rtt.ee\/ru\/toode\/koopiamasinad-ru\/a4-printer-skanner-koopiamasinad-ru\/hp-laserjet-pro-mfp-4102dw-printer\/\",\"url\":\"https:\/\/rtt.ee\/ru\/toode\/koopiamasinad-ru\/a4-printer-skanner-koopiamasinad-ru\/hp-laserjet-pro-mfp-4102dw-printer\/\",\"name\":\"HP LaserJet Pro 4102dw multifunktsionaalne A4 must-valge laserprinter - RTT\",\"isPartOf\":{\"@id\":\"https:\/\/rtt.ee\/en\/#website\"},\"primaryImageOfPage\":{\"@id\":\"https:\/\/rtt.ee\/ru\/toode\/koopiamasinad-ru\/a4-printer-skanner-koopiamasinad-ru\/hp-laserjet-pro-mfp-4102dw-printer\/#primaryimage\"},\"image\":{\"@id\":\"https:\/\/rtt.ee\/ru\/toode\/koopiamasinad-ru\/a4-printer-skanner-koopiamasinad-ru\/hp-laserjet-pro-mfp-4102dw-printer\/#primaryimage\"},\"thumbnailUrl\":\"https:\/\/rtt.ee\/wp-content\/uploads\/2024\/05\/4102dw-e1775028648398.avif\",\"datePublished\":\"2024-05-14T06:04:21+00:00\",\"dateModified\":\"2026-04-01T08:32:10+00:00\",\"description\":\"HP LaserJet Pro MFP 4102dw \u2013 kiire mustvalge laserkombain (kuni 40 lk\/min). Printimine, skannimine, kopeerimine \u00fches seadmes. Varustatud kahepoolse printimise ja turvalise HP Wolf Pro tarkvaraga\",\"breadcrumb\":{\"@id\":\"https:\/\/rtt.ee\/ru\/toode\/koopiamasinad-ru\/a4-printer-skanner-koopiamasinad-ru\/hp-laserjet-pro-mfp-4102dw-printer\/#breadcrumb\"},\"inLanguage\":\"ru-RU\",\"potentialAction\":[{\"@type\":\"ReadAction\",\"target\":[\"https:\/\/rtt.ee\/ru\/toode\/koopiamasinad-ru\/a4-printer-skanner-koopiamasinad-ru\/hp-laserjet-pro-mfp-4102dw-printer\/\"]}]},{\"@type\":\"ImageObject\",\"inLanguage\":\"ru-RU\",\"@id\":\"https:\/\/rtt.ee\/ru\/toode\/koopiamasinad-ru\/a4-printer-skanner-koopiamasinad-ru\/hp-laserjet-pro-mfp-4102dw-printer\/#primaryimage\",\"url\":\"https:\/\/rtt.ee\/wp-content\/uploads\/2024\/05\/4102dw-e1775028648398.avif\",\"contentUrl\":\"https:\/\/rtt.ee\/wp-content\/uploads\/2024\/05\/4102dw-e1775028648398.avif\",\"width\":1750,\"height\":1285},{\"@type\":\"BreadcrumbList\",\"@id\":\"https:\/\/rtt.ee\/ru\/toode\/koopiamasinad-ru\/a4-printer-skanner-koopiamasinad-ru\/hp-laserjet-pro-mfp-4102dw-printer\/#breadcrumb\",\"itemListElement\":[{\"@type\":\"ListItem\",\"position\":1,\"name\":\"\u0413\u043b\u0430\u0432\u043d\u0430\u044f\",\"item\":\"https:\/\/rtt.ee\/ru\/\"},{\"@type\":\"ListItem\",\"position\":2,\"name\":\"Magazin\",\"item\":\"https:\/\/rtt.ee\/ru\/pood\/\"},{\"@type\":\"ListItem\",\"position\":3,\"name\":\"\u041a\u043e\u043f\u0438\u0440\u043e\u0432\u0430\u043b\u044c\u043d\u044b\u0435 \u0430\u043f\u043f\u0430\u0440\u0430\u0442\u044b\",\"item\":\"https:\/\/rtt.ee\/ru\/tootekategooria\/koopiamasinad-ru\/\"},{\"@type\":\"ListItem\",\"position\":4,\"name\":\"A4 Printer-Sk\u00e4nner-Koopiamasinad\",\"item\":\"https:\/\/rtt.ee\/tootekategooria\/koopiamasinad\/a4-printer-skanner-koopiamasinad\/\"},{\"@type\":\"ListItem\",\"position\":5,\"name\":\"HP LaserJet Pro 4102dw multifunktsionaalne A4 must-valge laserprinter\"}]},{\"@type\":\"WebSite\",\"@id\":\"https:\/\/rtt.ee\/en\/#website\",\"url\":\"https:\/\/rtt.ee\/en\/\",\"name\":\"RTT\",\"description\":\"Kassaaparaadid ja kontorikaubad\",\"potentialAction\":[{\"@type\":\"SearchAction\",\"target\":{\"@type\":\"EntryPoint\",\"urlTemplate\":\"https:\/\/rtt.ee\/en\/?s={search_term_string}\"},\"query-input\":{\"@type\":\"PropertyValueSpecification\",\"valueRequired\":true,\"valueName\":\"search_term_string\"}}],\"inLanguage\":\"ru-RU\"}]}<\/script>\n<!-- \/ Yoast SEO plugin. -->","yoast_head_json":{"title":"HP LaserJet Pro 4102dw multifunktsionaalne A4 must-valge laserprinter - RTT","description":"HP LaserJet Pro MFP 4102dw \u2013 kiire mustvalge laserkombain (kuni 40 lk\/min). Printimine, skannimine, kopeerimine \u00fches seadmes. Varustatud kahepoolse printimise ja turvalise HP Wolf Pro tarkvaraga","robots":{"index":"index","follow":"follow","max-snippet":"max-snippet:-1","max-image-preview":"max-image-preview:large","max-video-preview":"max-video-preview:-1"},"canonical":"https:\/\/rtt.ee\/ru\/toode\/koopiamasinad-ru\/a4-printer-skanner-koopiamasinad-ru\/hp-laserjet-pro-mfp-4102dw-printer\/","og_locale":"ru_RU","og_type":"article","og_title":"HP LaserJet Pro 4102dw multifunktsionaalne A4 must-valge laserprinter - RTT","og_description":"HP LaserJet Pro MFP 4102dw \u2013 kiire mustvalge laserkombain (kuni 40 lk\/min). Printimine, skannimine, kopeerimine \u00fches seadmes. Varustatud kahepoolse printimise ja turvalise HP Wolf Pro tarkvaraga","og_url":"https:\/\/rtt.ee\/ru\/toode\/koopiamasinad-ru\/a4-printer-skanner-koopiamasinad-ru\/hp-laserjet-pro-mfp-4102dw-printer\/","og_site_name":"RTT","article_modified_time":"2026-04-01T08:32:10+00:00","og_image":[{"width":350,"height":350,"url":"https:\/\/rtt.ee\/wp-content\/uploads\/2022\/01\/rtt_logo_350X350.jpg","type":"image\/jpeg"}],"twitter_card":"summary_large_image","schema":{"@context":"https:\/\/schema.org","@graph":[{"@type":"WebPage","@id":"https:\/\/rtt.ee\/ru\/toode\/koopiamasinad-ru\/a4-printer-skanner-koopiamasinad-ru\/hp-laserjet-pro-mfp-4102dw-printer\/","url":"https:\/\/rtt.ee\/ru\/toode\/koopiamasinad-ru\/a4-printer-skanner-koopiamasinad-ru\/hp-laserjet-pro-mfp-4102dw-printer\/","name":"HP LaserJet Pro 4102dw multifunktsionaalne A4 must-valge laserprinter - RTT","isPartOf":{"@id":"https:\/\/rtt.ee\/en\/#website"},"primaryImageOfPage":{"@id":"https:\/\/rtt.ee\/ru\/toode\/koopiamasinad-ru\/a4-printer-skanner-koopiamasinad-ru\/hp-laserjet-pro-mfp-4102dw-printer\/#primaryimage"},"image":{"@id":"https:\/\/rtt.ee\/ru\/toode\/koopiamasinad-ru\/a4-printer-skanner-koopiamasinad-ru\/hp-laserjet-pro-mfp-4102dw-printer\/#primaryimage"},"thumbnailUrl":"https:\/\/rtt.ee\/wp-content\/uploads\/2024\/05\/4102dw-e1775028648398.avif","datePublished":"2024-05-14T06:04:21+00:00","dateModified":"2026-04-01T08:32:10+00:00","description":"HP LaserJet Pro MFP 4102dw \u2013 kiire mustvalge laserkombain (kuni 40 lk\/min). Printimine, skannimine, kopeerimine \u00fches seadmes. Varustatud kahepoolse printimise ja turvalise HP Wolf Pro tarkvaraga","breadcrumb":{"@id":"https:\/\/rtt.ee\/ru\/toode\/koopiamasinad-ru\/a4-printer-skanner-koopiamasinad-ru\/hp-laserjet-pro-mfp-4102dw-printer\/#breadcrumb"},"inLanguage":"ru-RU","potentialAction":[{"@type":"ReadAction","target":["https:\/\/rtt.ee\/ru\/toode\/koopiamasinad-ru\/a4-printer-skanner-koopiamasinad-ru\/hp-laserjet-pro-mfp-4102dw-printer\/"]}]},{"@type":"ImageObject","inLanguage":"ru-RU","@id":"https:\/\/rtt.ee\/ru\/toode\/koopiamasinad-ru\/a4-printer-skanner-koopiamasinad-ru\/hp-laserjet-pro-mfp-4102dw-printer\/#primaryimage","url":"https:\/\/rtt.ee\/wp-content\/uploads\/2024\/05\/4102dw-e1775028648398.avif","contentUrl":"https:\/\/rtt.ee\/wp-content\/uploads\/2024\/05\/4102dw-e1775028648398.avif","width":1750,"height":1285},{"@type":"BreadcrumbList","@id":"https:\/\/rtt.ee\/ru\/toode\/koopiamasinad-ru\/a4-printer-skanner-koopiamasinad-ru\/hp-laserjet-pro-mfp-4102dw-printer\/#breadcrumb","itemListElement":[{"@type":"ListItem","position":1,"name":"\u0413\u043b\u0430\u0432\u043d\u0430\u044f","item":"https:\/\/rtt.ee\/ru\/"},{"@type":"ListItem","position":2,"name":"Magazin","item":"https:\/\/rtt.ee\/ru\/pood\/"},{"@type":"ListItem","position":3,"name":"\u041a\u043e\u043f\u0438\u0440\u043e\u0432\u0430\u043b\u044c\u043d\u044b\u0435 \u0430\u043f\u043f\u0430\u0440\u0430\u0442\u044b","item":"https:\/\/rtt.ee\/ru\/tootekategooria\/koopiamasinad-ru\/"},{"@type":"ListItem","position":4,"name":"A4 Printer-Sk\u00e4nner-Koopiamasinad","item":"https:\/\/rtt.ee\/tootekategooria\/koopiamasinad\/a4-printer-skanner-koopiamasinad\/"},{"@type":"ListItem","position":5,"name":"HP LaserJet Pro 4102dw multifunktsionaalne A4 must-valge laserprinter"}]},{"@type":"WebSite","@id":"https:\/\/rtt.ee\/en\/#website","url":"https:\/\/rtt.ee\/en\/","name":"RTT","description":"Kassaaparaadid ja kontorikaubad","potentialAction":[{"@type":"SearchAction","target":{"@type":"EntryPoint","urlTemplate":"https:\/\/rtt.ee\/en\/?s={search_term_string}"},"query-input":{"@type":"PropertyValueSpecification","valueRequired":true,"valueName":"search_term_string"}}],"inLanguage":"ru-RU"}]}},"_links":{"self":[{"href":"https:\/\/rtt.ee\/ru\/wp-json\/wp\/v2\/product\/17845","targetHints":{"allow":["GET"]}}],"collection":[{"href":"https:\/\/rtt.ee\/ru\/wp-json\/wp\/v2\/product"}],"about":[{"href":"https:\/\/rtt.ee\/ru\/wp-json\/wp\/v2\/types\/product"}],"wp:featuredmedia":[{"embeddable":true,"href":"https:\/\/rtt.ee\/ru\/wp-json\/wp\/v2\/media\/17848"}],"wp:attachment":[{"href":"https:\/\/rtt.ee\/ru\/wp-json\/wp\/v2\/media?parent=17845"}],"wp:term":[{"taxonomy":"product_brand","embeddable":true,"href":"https:\/\/rtt.ee\/ru\/wp-json\/wp\/v2\/product_brand?post=17845"},{"taxonomy":"product_cat","embeddable":true,"href":"https:\/\/rtt.ee\/ru\/wp-json\/wp\/v2\/product_cat?post=17845"},{"taxonomy":"product_tag","embeddable":true,"href":"https:\/\/rtt.ee\/ru\/wp-json\/wp\/v2\/product_tag?post=17845"}],"curies":[{"name":"wp","href":"https:\/\/api.w.org\/{rel}","templated":true}]}}