{"id":17799,"date":"2025-10-02T10:49:41","date_gmt":"2025-10-02T07:49:41","guid":{"rendered":"https:\/\/rtt.ee\/toode\/uncategorized\/hp-laserjet-pro-mfp-3302fdw-multifunktsionaalne-a4-varvi-laserprinter\/"},"modified":"2026-03-26T16:06:10","modified_gmt":"2026-03-26T14:06:10","slug":"hp-laserjet-pro-mfp-3302fdw-multifunktsionaalne-a4-varvi-laserprinter","status":"publish","type":"product","link":"https:\/\/rtt.ee\/ru\/toode\/koopiamasinad-ru\/a4-printer-skanner-koopiamasinad-ru\/hp-laserjet-pro-mfp-3302fdw-multifunktsionaalne-a4-varvi-laserprinter\/","title":{"rendered":"HP LaserJet Pro MFP 3302fdw multifunktsionaalne A4 v\u00e4rvi-laserprinter"},"content":{"rendered":"<p>Funktsioonid: Printimine, kopeerimine, skaneerimine<\/p>\n<p>Prindikiirus: kuni 25 lk\/min (v\u00e4rviline ja mustvalge)<\/p>\n<p>Tr\u00fckiresolutsioon: 600&#215;600 (M), 600&#215;600 (V)<\/p>\n<p>Paberimahutavus: Standard 250 lehte (50 lehte bybass)<\/p>\n<p>Juhtpaneel: 4,3&#8243; puutetundlik LCD<\/p>\n<p>M\u00e4lu: 512MB<\/p>\n<p>Soovituslik tr\u00fckimaht kuus: 150-2500 lehte<\/p>\n<p>\u00dchendused: USB, LAN, WIFI<\/p>\n<p>\u00dchilduvus: Windows 11, Windows 10, Android, iOS, macOS 13, macOS 12 , macOS 11, Linux, MS Windows Server 2022, MS Windows Server 2019, MS Windows Server 2016<\/p>\n<p>Lisainfo: <a href=\"https:\/\/www.hp.com\/ee-et\/products\/printers\/product-details\/product-specifications\/2101440398\">Tehniline kirjeldus inglise keeles<\/a><\/p>\n<p>Tel: +372 6 112 256<\/p>\n<p>GSM: +372 5 014 470<\/p>\n","protected":false},"excerpt":{"rendered":"<p>Funktsioonid: Printimine, kopeerimine, skaneerimine Prindikiirus: kuni 25 lk\/min (v\u00e4rviline ja mustvalge) Tr\u00fckiresolutsioon: 600&#215;600 (M), 600&#215;600 (V) Paberimahutavus: Standard 250 lehte (50 lehte bybass) Juhtpaneel: 4,3&#8243; puutetundlik LCD M\u00e4lu: 512MB Soovituslik tr\u00fckimaht kuus: 150-2500 lehte \u00dchendused: USB, LAN, WIFI \u00dchilduvus: Windows 11, Windows 10, Android, iOS, macOS 13, macOS 12 , macOS 11, Linux, MS Windows [&hellip;]<\/p>\n","protected":false},"featured_media":13094,"template":"","meta":{"_acf_changed":false},"product_brand":[390],"product_cat":[233,236],"product_tag":[],"class_list":{"0":"post-17799","1":"product","2":"type-product","3":"status-publish","4":"has-post-thumbnail","6":"product_brand-hp","7":"product_cat-koopiamasinad-ru","8":"product_cat-a4-printer-skanner-koopiamasinad-ru","9":"product_brands-hp","11":"first","12":"onbackorder","13":"sale","14":"taxable","15":"shipping-taxable","16":"purchasable","17":"product-type-simple"},"acf":[],"yoast_head":"<!-- This site is optimized with the Yoast SEO plugin v26.2 - https:\/\/yoast.com\/wordpress\/plugins\/seo\/ -->\n<title>HP LaserJet Pro MFP 3302fdw multifunktsionaalne A4 v\u00e4rvi-laserprinter - RTT<\/title>\n<meta name=\"description\" content=\"HP Color LaserJet Pro MFP 3302fdw kiire ja energias\u00e4\u00e4stlik v\u00e4rviline multifunktsionaalne printer v\u00e4ikestele ettev\u00f5tetele \u2013 printimine, skaneerimine, koopia\" \/>\n<meta name=\"robots\" content=\"index, follow, max-snippet:-1, max-image-preview:large, max-video-preview:-1\" \/>\n<link rel=\"canonical\" href=\"https:\/\/rtt.ee\/ru\/toode\/koopiamasinad-ru\/a4-printer-skanner-koopiamasinad-ru\/hp-laserjet-pro-mfp-3302fdw-multifunktsionaalne-a4-varvi-laserprinter\/\" \/>\n<meta property=\"og:locale\" content=\"ru_RU\" \/>\n<meta property=\"og:type\" content=\"article\" \/>\n<meta property=\"og:title\" content=\"HP LaserJet Pro MFP 3302fdw multifunktsionaalne A4 v\u00e4rvi-laserprinter - RTT\" \/>\n<meta property=\"og:description\" content=\"HP Color LaserJet Pro MFP 3302fdw kiire ja energias\u00e4\u00e4stlik v\u00e4rviline multifunktsionaalne printer v\u00e4ikestele ettev\u00f5tetele \u2013 printimine, skaneerimine, koopia\" \/>\n<meta property=\"og:url\" content=\"https:\/\/rtt.ee\/ru\/toode\/koopiamasinad-ru\/a4-printer-skanner-koopiamasinad-ru\/hp-laserjet-pro-mfp-3302fdw-multifunktsionaalne-a4-varvi-laserprinter\/\" \/>\n<meta property=\"og:site_name\" content=\"RTT\" \/>\n<meta property=\"article:modified_time\" content=\"2026-03-26T14:06:10+00:00\" \/>\n<meta property=\"og:image\" content=\"https:\/\/rtt.ee\/wp-content\/uploads\/2025\/10\/499Q8FB19-e1774533965109.jpg\" \/>\n\t<meta property=\"og:image:width\" content=\"1200\" \/>\n\t<meta property=\"og:image:height\" content=\"900\" \/>\n\t<meta property=\"og:image:type\" content=\"image\/jpeg\" \/>\n<meta name=\"twitter:card\" content=\"summary_large_image\" \/>\n<meta name=\"twitter:label1\" content=\"\u041f\u0440\u0438\u043c\u0435\u0440\u043d\u043e\u0435 \u0432\u0440\u0435\u043c\u044f \u0434\u043b\u044f \u0447\u0442\u0435\u043d\u0438\u044f\" \/>\n\t<meta name=\"twitter:data1\" content=\"1 \u043c\u0438\u043d\u0443\u0442\u0430\" \/>\n<script type=\"application\/ld+json\" class=\"yoast-schema-graph\">{\"@context\":\"https:\/\/schema.org\",\"@graph\":[{\"@type\":\"WebPage\",\"@id\":\"https:\/\/rtt.ee\/ru\/toode\/koopiamasinad-ru\/a4-printer-skanner-koopiamasinad-ru\/hp-laserjet-pro-mfp-3302fdw-multifunktsionaalne-a4-varvi-laserprinter\/\",\"url\":\"https:\/\/rtt.ee\/ru\/toode\/koopiamasinad-ru\/a4-printer-skanner-koopiamasinad-ru\/hp-laserjet-pro-mfp-3302fdw-multifunktsionaalne-a4-varvi-laserprinter\/\",\"name\":\"HP LaserJet Pro MFP 3302fdw multifunktsionaalne A4 v\u00e4rvi-laserprinter - RTT\",\"isPartOf\":{\"@id\":\"https:\/\/rtt.ee\/en\/#website\"},\"primaryImageOfPage\":{\"@id\":\"https:\/\/rtt.ee\/ru\/toode\/koopiamasinad-ru\/a4-printer-skanner-koopiamasinad-ru\/hp-laserjet-pro-mfp-3302fdw-multifunktsionaalne-a4-varvi-laserprinter\/#primaryimage\"},\"image\":{\"@id\":\"https:\/\/rtt.ee\/ru\/toode\/koopiamasinad-ru\/a4-printer-skanner-koopiamasinad-ru\/hp-laserjet-pro-mfp-3302fdw-multifunktsionaalne-a4-varvi-laserprinter\/#primaryimage\"},\"thumbnailUrl\":\"https:\/\/rtt.ee\/wp-content\/uploads\/2025\/10\/499Q8FB19-e1774533965109.jpg\",\"datePublished\":\"2025-10-02T07:49:41+00:00\",\"dateModified\":\"2026-03-26T14:06:10+00:00\",\"description\":\"HP Color LaserJet Pro MFP 3302fdw kiire ja energias\u00e4\u00e4stlik v\u00e4rviline multifunktsionaalne printer v\u00e4ikestele ettev\u00f5tetele \u2013 printimine, skaneerimine, koopia\",\"breadcrumb\":{\"@id\":\"https:\/\/rtt.ee\/ru\/toode\/koopiamasinad-ru\/a4-printer-skanner-koopiamasinad-ru\/hp-laserjet-pro-mfp-3302fdw-multifunktsionaalne-a4-varvi-laserprinter\/#breadcrumb\"},\"inLanguage\":\"ru-RU\",\"potentialAction\":[{\"@type\":\"ReadAction\",\"target\":[\"https:\/\/rtt.ee\/ru\/toode\/koopiamasinad-ru\/a4-printer-skanner-koopiamasinad-ru\/hp-laserjet-pro-mfp-3302fdw-multifunktsionaalne-a4-varvi-laserprinter\/\"]}]},{\"@type\":\"ImageObject\",\"inLanguage\":\"ru-RU\",\"@id\":\"https:\/\/rtt.ee\/ru\/toode\/koopiamasinad-ru\/a4-printer-skanner-koopiamasinad-ru\/hp-laserjet-pro-mfp-3302fdw-multifunktsionaalne-a4-varvi-laserprinter\/#primaryimage\",\"url\":\"https:\/\/rtt.ee\/wp-content\/uploads\/2025\/10\/499Q8FB19-e1774533965109.jpg\",\"contentUrl\":\"https:\/\/rtt.ee\/wp-content\/uploads\/2025\/10\/499Q8FB19-e1774533965109.jpg\",\"width\":1200,\"height\":900,\"caption\":\"499Q8F#B19\"},{\"@type\":\"BreadcrumbList\",\"@id\":\"https:\/\/rtt.ee\/ru\/toode\/koopiamasinad-ru\/a4-printer-skanner-koopiamasinad-ru\/hp-laserjet-pro-mfp-3302fdw-multifunktsionaalne-a4-varvi-laserprinter\/#breadcrumb\",\"itemListElement\":[{\"@type\":\"ListItem\",\"position\":1,\"name\":\"\u0413\u043b\u0430\u0432\u043d\u0430\u044f\",\"item\":\"https:\/\/rtt.ee\/ru\/\"},{\"@type\":\"ListItem\",\"position\":2,\"name\":\"Magazin\",\"item\":\"https:\/\/rtt.ee\/ru\/pood\/\"},{\"@type\":\"ListItem\",\"position\":3,\"name\":\"Koopiamasinad\",\"item\":\"https:\/\/rtt.ee\/tootekategooria\/koopiamasinad\/\"},{\"@type\":\"ListItem\",\"position\":4,\"name\":\"A4 Printer-Sk\u00e4nner-Koopiamasinad\",\"item\":\"https:\/\/rtt.ee\/tootekategooria\/koopiamasinad\/a4-printer-skanner-koopiamasinad\/\"},{\"@type\":\"ListItem\",\"position\":5,\"name\":\"HP LaserJet Pro MFP 3302fdw multifunktsionaalne A4 v\u00e4rvi-laserprinter\"}]},{\"@type\":\"WebSite\",\"@id\":\"https:\/\/rtt.ee\/en\/#website\",\"url\":\"https:\/\/rtt.ee\/en\/\",\"name\":\"RTT\",\"description\":\"Kassaaparaadid ja kontorikaubad\",\"potentialAction\":[{\"@type\":\"SearchAction\",\"target\":{\"@type\":\"EntryPoint\",\"urlTemplate\":\"https:\/\/rtt.ee\/en\/?s={search_term_string}\"},\"query-input\":{\"@type\":\"PropertyValueSpecification\",\"valueRequired\":true,\"valueName\":\"search_term_string\"}}],\"inLanguage\":\"ru-RU\"}]}<\/script>\n<!-- \/ Yoast SEO plugin. -->","yoast_head_json":{"title":"HP LaserJet Pro MFP 3302fdw multifunktsionaalne A4 v\u00e4rvi-laserprinter - RTT","description":"HP Color LaserJet Pro MFP 3302fdw kiire ja energias\u00e4\u00e4stlik v\u00e4rviline multifunktsionaalne printer v\u00e4ikestele ettev\u00f5tetele \u2013 printimine, skaneerimine, koopia","robots":{"index":"index","follow":"follow","max-snippet":"max-snippet:-1","max-image-preview":"max-image-preview:large","max-video-preview":"max-video-preview:-1"},"canonical":"https:\/\/rtt.ee\/ru\/toode\/koopiamasinad-ru\/a4-printer-skanner-koopiamasinad-ru\/hp-laserjet-pro-mfp-3302fdw-multifunktsionaalne-a4-varvi-laserprinter\/","og_locale":"ru_RU","og_type":"article","og_title":"HP LaserJet Pro MFP 3302fdw multifunktsionaalne A4 v\u00e4rvi-laserprinter - RTT","og_description":"HP Color LaserJet Pro MFP 3302fdw kiire ja energias\u00e4\u00e4stlik v\u00e4rviline multifunktsionaalne printer v\u00e4ikestele ettev\u00f5tetele \u2013 printimine, skaneerimine, koopia","og_url":"https:\/\/rtt.ee\/ru\/toode\/koopiamasinad-ru\/a4-printer-skanner-koopiamasinad-ru\/hp-laserjet-pro-mfp-3302fdw-multifunktsionaalne-a4-varvi-laserprinter\/","og_site_name":"RTT","article_modified_time":"2026-03-26T14:06:10+00:00","og_image":[{"width":1200,"height":900,"url":"https:\/\/rtt.ee\/wp-content\/uploads\/2025\/10\/499Q8FB19-e1774533965109.jpg","type":"image\/jpeg"}],"twitter_card":"summary_large_image","twitter_misc":{"\u041f\u0440\u0438\u043c\u0435\u0440\u043d\u043e\u0435 \u0432\u0440\u0435\u043c\u044f \u0434\u043b\u044f \u0447\u0442\u0435\u043d\u0438\u044f":"1 \u043c\u0438\u043d\u0443\u0442\u0430"},"schema":{"@context":"https:\/\/schema.org","@graph":[{"@type":"WebPage","@id":"https:\/\/rtt.ee\/ru\/toode\/koopiamasinad-ru\/a4-printer-skanner-koopiamasinad-ru\/hp-laserjet-pro-mfp-3302fdw-multifunktsionaalne-a4-varvi-laserprinter\/","url":"https:\/\/rtt.ee\/ru\/toode\/koopiamasinad-ru\/a4-printer-skanner-koopiamasinad-ru\/hp-laserjet-pro-mfp-3302fdw-multifunktsionaalne-a4-varvi-laserprinter\/","name":"HP LaserJet Pro MFP 3302fdw multifunktsionaalne A4 v\u00e4rvi-laserprinter - RTT","isPartOf":{"@id":"https:\/\/rtt.ee\/en\/#website"},"primaryImageOfPage":{"@id":"https:\/\/rtt.ee\/ru\/toode\/koopiamasinad-ru\/a4-printer-skanner-koopiamasinad-ru\/hp-laserjet-pro-mfp-3302fdw-multifunktsionaalne-a4-varvi-laserprinter\/#primaryimage"},"image":{"@id":"https:\/\/rtt.ee\/ru\/toode\/koopiamasinad-ru\/a4-printer-skanner-koopiamasinad-ru\/hp-laserjet-pro-mfp-3302fdw-multifunktsionaalne-a4-varvi-laserprinter\/#primaryimage"},"thumbnailUrl":"https:\/\/rtt.ee\/wp-content\/uploads\/2025\/10\/499Q8FB19-e1774533965109.jpg","datePublished":"2025-10-02T07:49:41+00:00","dateModified":"2026-03-26T14:06:10+00:00","description":"HP Color LaserJet Pro MFP 3302fdw kiire ja energias\u00e4\u00e4stlik v\u00e4rviline multifunktsionaalne printer v\u00e4ikestele ettev\u00f5tetele \u2013 printimine, skaneerimine, koopia","breadcrumb":{"@id":"https:\/\/rtt.ee\/ru\/toode\/koopiamasinad-ru\/a4-printer-skanner-koopiamasinad-ru\/hp-laserjet-pro-mfp-3302fdw-multifunktsionaalne-a4-varvi-laserprinter\/#breadcrumb"},"inLanguage":"ru-RU","potentialAction":[{"@type":"ReadAction","target":["https:\/\/rtt.ee\/ru\/toode\/koopiamasinad-ru\/a4-printer-skanner-koopiamasinad-ru\/hp-laserjet-pro-mfp-3302fdw-multifunktsionaalne-a4-varvi-laserprinter\/"]}]},{"@type":"ImageObject","inLanguage":"ru-RU","@id":"https:\/\/rtt.ee\/ru\/toode\/koopiamasinad-ru\/a4-printer-skanner-koopiamasinad-ru\/hp-laserjet-pro-mfp-3302fdw-multifunktsionaalne-a4-varvi-laserprinter\/#primaryimage","url":"https:\/\/rtt.ee\/wp-content\/uploads\/2025\/10\/499Q8FB19-e1774533965109.jpg","contentUrl":"https:\/\/rtt.ee\/wp-content\/uploads\/2025\/10\/499Q8FB19-e1774533965109.jpg","width":1200,"height":900,"caption":"499Q8F#B19"},{"@type":"BreadcrumbList","@id":"https:\/\/rtt.ee\/ru\/toode\/koopiamasinad-ru\/a4-printer-skanner-koopiamasinad-ru\/hp-laserjet-pro-mfp-3302fdw-multifunktsionaalne-a4-varvi-laserprinter\/#breadcrumb","itemListElement":[{"@type":"ListItem","position":1,"name":"\u0413\u043b\u0430\u0432\u043d\u0430\u044f","item":"https:\/\/rtt.ee\/ru\/"},{"@type":"ListItem","position":2,"name":"Magazin","item":"https:\/\/rtt.ee\/ru\/pood\/"},{"@type":"ListItem","position":3,"name":"Koopiamasinad","item":"https:\/\/rtt.ee\/tootekategooria\/koopiamasinad\/"},{"@type":"ListItem","position":4,"name":"A4 Printer-Sk\u00e4nner-Koopiamasinad","item":"https:\/\/rtt.ee\/tootekategooria\/koopiamasinad\/a4-printer-skanner-koopiamasinad\/"},{"@type":"ListItem","position":5,"name":"HP LaserJet Pro MFP 3302fdw multifunktsionaalne A4 v\u00e4rvi-laserprinter"}]},{"@type":"WebSite","@id":"https:\/\/rtt.ee\/en\/#website","url":"https:\/\/rtt.ee\/en\/","name":"RTT","description":"Kassaaparaadid ja kontorikaubad","potentialAction":[{"@type":"SearchAction","target":{"@type":"EntryPoint","urlTemplate":"https:\/\/rtt.ee\/en\/?s={search_term_string}"},"query-input":{"@type":"PropertyValueSpecification","valueRequired":true,"valueName":"search_term_string"}}],"inLanguage":"ru-RU"}]}},"_links":{"self":[{"href":"https:\/\/rtt.ee\/ru\/wp-json\/wp\/v2\/product\/17799","targetHints":{"allow":["GET"]}}],"collection":[{"href":"https:\/\/rtt.ee\/ru\/wp-json\/wp\/v2\/product"}],"about":[{"href":"https:\/\/rtt.ee\/ru\/wp-json\/wp\/v2\/types\/product"}],"wp:featuredmedia":[{"embeddable":true,"href":"https:\/\/rtt.ee\/ru\/wp-json\/wp\/v2\/media\/13094"}],"wp:attachment":[{"href":"https:\/\/rtt.ee\/ru\/wp-json\/wp\/v2\/media?parent=17799"}],"wp:term":[{"taxonomy":"product_brand","embeddable":true,"href":"https:\/\/rtt.ee\/ru\/wp-json\/wp\/v2\/product_brand?post=17799"},{"taxonomy":"product_cat","embeddable":true,"href":"https:\/\/rtt.ee\/ru\/wp-json\/wp\/v2\/product_cat?post=17799"},{"taxonomy":"product_tag","embeddable":true,"href":"https:\/\/rtt.ee\/ru\/wp-json\/wp\/v2\/product_tag?post=17799"}],"curies":[{"name":"wp","href":"https:\/\/api.w.org\/{rel}","templated":true}]}}