{"id":17671,"date":"2025-07-21T10:19:20","date_gmt":"2025-07-21T07:19:20","guid":{"rendered":"https:\/\/rtt.ee\/toode\/uncategorized\/sharp-mx-b468p-must-valge-a4-printer\/"},"modified":"2026-03-24T11:14:13","modified_gmt":"2026-03-24T09:14:13","slug":"sharp-mx-b468p-must-valge-a4-printer","status":"publish","type":"product","link":"https:\/\/rtt.ee\/ru\/toode\/printerid-ru\/sharp-mx-b468p-must-valge-a4-printer\/","title":{"rendered":"SHARP MX-B468P must-valge A4 laserprinter"},"content":{"rendered":"<p>Funktsioonid: printimine<\/p>\n<p>Tr\u00fckikiirus A4: 44 Lk\/min (must-valge)<\/p>\n<p>Tr\u00fckikvaliteet (dpi): 1200 x 1200<\/p>\n<p>M\u00e4lu: 512MB<\/p>\n<p>HDD: 128GB ISD (lisav\u00f5imalus)<\/p>\n<p>Paberis\u00f6\u00f6tja maht: 350 lehte (Standard), 2000 lehte (lisav\u00f5imalus)<\/p>\n<p>\u00dchendused: USB, Ethernet, WiFi (lisav\u00f5imalus)<\/p>\n<p>Toetatavad operatsioonis\u00fcsteemid: Windows, Windows Server, MacOS<\/p>\n<p>Lisainfo:\u00a0<a href=\"https:\/\/www.sharp.eu\/sharp-mx-b468p\">Tehniline kirjeldus inglise keeles<\/a><\/p>\n<p>Tel: +372 6 112 256<\/p>\n<p>GSM: +372 5 014 470<\/p>\n<p><strong>Pakume SHARP MX-B468P printeri paindlikku rendiv\u00f5imalust:<\/strong><\/p>\n<p>Rendiperiood\u00a0<strong>36 kuud<\/strong>\u00a0igakuine makse\u00a0<strong>24+KM<\/strong><\/p>\n<p>Rendiperiood\u00a0<strong>48 kuud<\/strong>\u00a0igakuine makse\u00a0<strong>20+KM<\/strong><\/p>\n<ul>\n<li><strong>T\u00f6\u00f6kindel ja kvaliteetne<\/strong>\u00a0\u2013 SHARP tehnoloogia, millele saad loota<\/li>\n<li><strong>Tasuta paigaldus ja h\u00e4\u00e4lestus<\/strong>\u00a0\u2013 mugav stardipakett ilma lisakuludeta<\/li>\n<li><strong>Rendiperioodi l\u00f5pus<\/strong>\u00a0\u2013 v\u00f5imalus seade v\u00e4lja osta v\u00f5i renti j\u00e4tkata<\/li>\n<li><strong>Kiire klienditugi<\/strong>\u00a0\u2013 tehniline abi kuni 4 tunni jooksul<\/li>\n<\/ul>\n<p>Soovitame juurde\u00a0<strong>T\u00c4ISHOOLDUSLEPING<\/strong><\/p>\n<p><span style=\"color: #ff0000;font-size: 14pt\"><strong>Lisainfo:\u00a0<a style=\"color: #ff0000\" href=\"https:\/\/kontoriprinter.ee\/\">Kontoriprinter.ee<\/a><\/strong><\/span><\/p>\n","protected":false},"excerpt":{"rendered":"<p>Funktsioonid: printimine Tr\u00fckikiirus A4: 44 Lk\/min (must-valge) Tr\u00fckikvaliteet (dpi): 1200 x 1200 M\u00e4lu: 512MB HDD: 128GB ISD (lisav\u00f5imalus) Paberis\u00f6\u00f6tja maht: 350 lehte (Standard), 2000 lehte (lisav\u00f5imalus) \u00dchendused: USB, Ethernet, WiFi (lisav\u00f5imalus) Toetatavad operatsioonis\u00fcsteemid: Windows, Windows Server, MacOS Lisainfo:\u00a0Tehniline kirjeldus inglise keeles Tel: +372 6 112 256 GSM: +372 5 014 470 Pakume SHARP MX-B468P printeri [&hellip;]<\/p>\n","protected":false},"featured_media":12205,"template":"","meta":{"_acf_changed":false},"product_brand":[404],"product_cat":[259,330],"product_tag":[],"class_list":{"0":"post-17671","1":"product","2":"type-product","3":"status-publish","4":"has-post-thumbnail","6":"product_brand-sharp","7":"product_cat-printerid-ru","8":"product_cat-a4-printer-ru","9":"product_brands-sharp-ru","11":"first","12":"instock","13":"taxable","14":"shipping-taxable","15":"purchasable","16":"product-type-simple"},"acf":[],"yoast_head":"<!-- This site is optimized with the Yoast SEO plugin v26.2 - https:\/\/yoast.com\/wordpress\/plugins\/seo\/ -->\n<title>SHARP MX-B468P must-valge A4 laserprinter - RTT<\/title>\n<meta name=\"description\" content=\"Sharp MX-B468P \u00fchendab suure j\u00f5udluse ja ruumis\u00e4\u00e4stliku disaini. Madalad \u00fclalpidamiskulud ja kiire esimese lehe v\u00e4ljastus.\" \/>\n<meta name=\"robots\" content=\"index, follow, max-snippet:-1, max-image-preview:large, max-video-preview:-1\" \/>\n<link rel=\"canonical\" href=\"https:\/\/rtt.ee\/ru\/toode\/printerid-ru\/sharp-mx-b468p-must-valge-a4-printer\/\" \/>\n<meta property=\"og:locale\" content=\"ru_RU\" \/>\n<meta property=\"og:type\" content=\"article\" \/>\n<meta property=\"og:title\" content=\"SHARP MX-B468P must-valge A4 laserprinter - RTT\" \/>\n<meta property=\"og:description\" content=\"Sharp MX-B468P \u00fchendab suure j\u00f5udluse ja ruumis\u00e4\u00e4stliku disaini. Madalad \u00fclalpidamiskulud ja kiire esimese lehe v\u00e4ljastus.\" \/>\n<meta property=\"og:url\" content=\"https:\/\/rtt.ee\/ru\/toode\/printerid-ru\/sharp-mx-b468p-must-valge-a4-printer\/\" \/>\n<meta property=\"og:site_name\" content=\"RTT\" \/>\n<meta property=\"article:modified_time\" content=\"2026-03-24T09:14:13+00:00\" \/>\n<meta property=\"og:image\" content=\"https:\/\/rtt.ee\/wp-content\/uploads\/2025\/07\/img-p-mx-b468p-slant-1-1024x736.png\" \/>\n\t<meta property=\"og:image:width\" content=\"1024\" \/>\n\t<meta property=\"og:image:height\" content=\"736\" \/>\n\t<meta property=\"og:image:type\" content=\"image\/png\" \/>\n<meta name=\"twitter:card\" content=\"summary_large_image\" \/>\n<meta name=\"twitter:label1\" content=\"\u041f\u0440\u0438\u043c\u0435\u0440\u043d\u043e\u0435 \u0432\u0440\u0435\u043c\u044f \u0434\u043b\u044f \u0447\u0442\u0435\u043d\u0438\u044f\" \/>\n\t<meta name=\"twitter:data1\" content=\"1 \u043c\u0438\u043d\u0443\u0442\u0430\" \/>\n<script type=\"application\/ld+json\" class=\"yoast-schema-graph\">{\"@context\":\"https:\/\/schema.org\",\"@graph\":[{\"@type\":\"WebPage\",\"@id\":\"https:\/\/rtt.ee\/ru\/toode\/printerid-ru\/sharp-mx-b468p-must-valge-a4-printer\/\",\"url\":\"https:\/\/rtt.ee\/ru\/toode\/printerid-ru\/sharp-mx-b468p-must-valge-a4-printer\/\",\"name\":\"SHARP MX-B468P must-valge A4 laserprinter - RTT\",\"isPartOf\":{\"@id\":\"https:\/\/rtt.ee\/en\/#website\"},\"primaryImageOfPage\":{\"@id\":\"https:\/\/rtt.ee\/ru\/toode\/printerid-ru\/sharp-mx-b468p-must-valge-a4-printer\/#primaryimage\"},\"image\":{\"@id\":\"https:\/\/rtt.ee\/ru\/toode\/printerid-ru\/sharp-mx-b468p-must-valge-a4-printer\/#primaryimage\"},\"thumbnailUrl\":\"https:\/\/rtt.ee\/wp-content\/uploads\/2025\/07\/img-p-mx-b468p-slant-1.png\",\"datePublished\":\"2025-07-21T07:19:20+00:00\",\"dateModified\":\"2026-03-24T09:14:13+00:00\",\"description\":\"Sharp MX-B468P \u00fchendab suure j\u00f5udluse ja ruumis\u00e4\u00e4stliku disaini. Madalad \u00fclalpidamiskulud ja kiire esimese lehe v\u00e4ljastus.\",\"breadcrumb\":{\"@id\":\"https:\/\/rtt.ee\/ru\/toode\/printerid-ru\/sharp-mx-b468p-must-valge-a4-printer\/#breadcrumb\"},\"inLanguage\":\"ru-RU\",\"potentialAction\":[{\"@type\":\"ReadAction\",\"target\":[\"https:\/\/rtt.ee\/ru\/toode\/printerid-ru\/sharp-mx-b468p-must-valge-a4-printer\/\"]}]},{\"@type\":\"ImageObject\",\"inLanguage\":\"ru-RU\",\"@id\":\"https:\/\/rtt.ee\/ru\/toode\/printerid-ru\/sharp-mx-b468p-must-valge-a4-printer\/#primaryimage\",\"url\":\"https:\/\/rtt.ee\/wp-content\/uploads\/2025\/07\/img-p-mx-b468p-slant-1.png\",\"contentUrl\":\"https:\/\/rtt.ee\/wp-content\/uploads\/2025\/07\/img-p-mx-b468p-slant-1.png\",\"width\":2190,\"height\":1575,\"caption\":\"mx-b468p\"},{\"@type\":\"BreadcrumbList\",\"@id\":\"https:\/\/rtt.ee\/ru\/toode\/printerid-ru\/sharp-mx-b468p-must-valge-a4-printer\/#breadcrumb\",\"itemListElement\":[{\"@type\":\"ListItem\",\"position\":1,\"name\":\"\u0413\u043b\u0430\u0432\u043d\u0430\u044f\",\"item\":\"https:\/\/rtt.ee\/ru\/\"},{\"@type\":\"ListItem\",\"position\":2,\"name\":\"Magazin\",\"item\":\"https:\/\/rtt.ee\/ru\/pood\/\"},{\"@type\":\"ListItem\",\"position\":3,\"name\":\"Printerid\",\"item\":\"https:\/\/rtt.ee\/tootekategooria\/printerid\/\"},{\"@type\":\"ListItem\",\"position\":4,\"name\":\"A3 ja A4 Printer\",\"item\":\"https:\/\/rtt.ee\/tootekategooria\/printerid\/a4-printer\/\"},{\"@type\":\"ListItem\",\"position\":5,\"name\":\"SHARP MX-B468P must-valge A4 laserprinter\"}]},{\"@type\":\"WebSite\",\"@id\":\"https:\/\/rtt.ee\/en\/#website\",\"url\":\"https:\/\/rtt.ee\/en\/\",\"name\":\"RTT\",\"description\":\"Kassaaparaadid ja kontorikaubad\",\"potentialAction\":[{\"@type\":\"SearchAction\",\"target\":{\"@type\":\"EntryPoint\",\"urlTemplate\":\"https:\/\/rtt.ee\/en\/?s={search_term_string}\"},\"query-input\":{\"@type\":\"PropertyValueSpecification\",\"valueRequired\":true,\"valueName\":\"search_term_string\"}}],\"inLanguage\":\"ru-RU\"}]}<\/script>\n<!-- \/ Yoast SEO plugin. -->","yoast_head_json":{"title":"SHARP MX-B468P must-valge A4 laserprinter - RTT","description":"Sharp MX-B468P \u00fchendab suure j\u00f5udluse ja ruumis\u00e4\u00e4stliku disaini. Madalad \u00fclalpidamiskulud ja kiire esimese lehe v\u00e4ljastus.","robots":{"index":"index","follow":"follow","max-snippet":"max-snippet:-1","max-image-preview":"max-image-preview:large","max-video-preview":"max-video-preview:-1"},"canonical":"https:\/\/rtt.ee\/ru\/toode\/printerid-ru\/sharp-mx-b468p-must-valge-a4-printer\/","og_locale":"ru_RU","og_type":"article","og_title":"SHARP MX-B468P must-valge A4 laserprinter - RTT","og_description":"Sharp MX-B468P \u00fchendab suure j\u00f5udluse ja ruumis\u00e4\u00e4stliku disaini. Madalad \u00fclalpidamiskulud ja kiire esimese lehe v\u00e4ljastus.","og_url":"https:\/\/rtt.ee\/ru\/toode\/printerid-ru\/sharp-mx-b468p-must-valge-a4-printer\/","og_site_name":"RTT","article_modified_time":"2026-03-24T09:14:13+00:00","og_image":[{"width":1024,"height":736,"url":"https:\/\/rtt.ee\/wp-content\/uploads\/2025\/07\/img-p-mx-b468p-slant-1-1024x736.png","type":"image\/png"}],"twitter_card":"summary_large_image","twitter_misc":{"\u041f\u0440\u0438\u043c\u0435\u0440\u043d\u043e\u0435 \u0432\u0440\u0435\u043c\u044f \u0434\u043b\u044f \u0447\u0442\u0435\u043d\u0438\u044f":"1 \u043c\u0438\u043d\u0443\u0442\u0430"},"schema":{"@context":"https:\/\/schema.org","@graph":[{"@type":"WebPage","@id":"https:\/\/rtt.ee\/ru\/toode\/printerid-ru\/sharp-mx-b468p-must-valge-a4-printer\/","url":"https:\/\/rtt.ee\/ru\/toode\/printerid-ru\/sharp-mx-b468p-must-valge-a4-printer\/","name":"SHARP MX-B468P must-valge A4 laserprinter - RTT","isPartOf":{"@id":"https:\/\/rtt.ee\/en\/#website"},"primaryImageOfPage":{"@id":"https:\/\/rtt.ee\/ru\/toode\/printerid-ru\/sharp-mx-b468p-must-valge-a4-printer\/#primaryimage"},"image":{"@id":"https:\/\/rtt.ee\/ru\/toode\/printerid-ru\/sharp-mx-b468p-must-valge-a4-printer\/#primaryimage"},"thumbnailUrl":"https:\/\/rtt.ee\/wp-content\/uploads\/2025\/07\/img-p-mx-b468p-slant-1.png","datePublished":"2025-07-21T07:19:20+00:00","dateModified":"2026-03-24T09:14:13+00:00","description":"Sharp MX-B468P \u00fchendab suure j\u00f5udluse ja ruumis\u00e4\u00e4stliku disaini. Madalad \u00fclalpidamiskulud ja kiire esimese lehe v\u00e4ljastus.","breadcrumb":{"@id":"https:\/\/rtt.ee\/ru\/toode\/printerid-ru\/sharp-mx-b468p-must-valge-a4-printer\/#breadcrumb"},"inLanguage":"ru-RU","potentialAction":[{"@type":"ReadAction","target":["https:\/\/rtt.ee\/ru\/toode\/printerid-ru\/sharp-mx-b468p-must-valge-a4-printer\/"]}]},{"@type":"ImageObject","inLanguage":"ru-RU","@id":"https:\/\/rtt.ee\/ru\/toode\/printerid-ru\/sharp-mx-b468p-must-valge-a4-printer\/#primaryimage","url":"https:\/\/rtt.ee\/wp-content\/uploads\/2025\/07\/img-p-mx-b468p-slant-1.png","contentUrl":"https:\/\/rtt.ee\/wp-content\/uploads\/2025\/07\/img-p-mx-b468p-slant-1.png","width":2190,"height":1575,"caption":"mx-b468p"},{"@type":"BreadcrumbList","@id":"https:\/\/rtt.ee\/ru\/toode\/printerid-ru\/sharp-mx-b468p-must-valge-a4-printer\/#breadcrumb","itemListElement":[{"@type":"ListItem","position":1,"name":"\u0413\u043b\u0430\u0432\u043d\u0430\u044f","item":"https:\/\/rtt.ee\/ru\/"},{"@type":"ListItem","position":2,"name":"Magazin","item":"https:\/\/rtt.ee\/ru\/pood\/"},{"@type":"ListItem","position":3,"name":"Printerid","item":"https:\/\/rtt.ee\/tootekategooria\/printerid\/"},{"@type":"ListItem","position":4,"name":"A3 ja A4 Printer","item":"https:\/\/rtt.ee\/tootekategooria\/printerid\/a4-printer\/"},{"@type":"ListItem","position":5,"name":"SHARP MX-B468P must-valge A4 laserprinter"}]},{"@type":"WebSite","@id":"https:\/\/rtt.ee\/en\/#website","url":"https:\/\/rtt.ee\/en\/","name":"RTT","description":"Kassaaparaadid ja kontorikaubad","potentialAction":[{"@type":"SearchAction","target":{"@type":"EntryPoint","urlTemplate":"https:\/\/rtt.ee\/en\/?s={search_term_string}"},"query-input":{"@type":"PropertyValueSpecification","valueRequired":true,"valueName":"search_term_string"}}],"inLanguage":"ru-RU"}]}},"_links":{"self":[{"href":"https:\/\/rtt.ee\/ru\/wp-json\/wp\/v2\/product\/17671","targetHints":{"allow":["GET"]}}],"collection":[{"href":"https:\/\/rtt.ee\/ru\/wp-json\/wp\/v2\/product"}],"about":[{"href":"https:\/\/rtt.ee\/ru\/wp-json\/wp\/v2\/types\/product"}],"wp:featuredmedia":[{"embeddable":true,"href":"https:\/\/rtt.ee\/ru\/wp-json\/wp\/v2\/media\/12205"}],"wp:attachment":[{"href":"https:\/\/rtt.ee\/ru\/wp-json\/wp\/v2\/media?parent=17671"}],"wp:term":[{"taxonomy":"product_brand","embeddable":true,"href":"https:\/\/rtt.ee\/ru\/wp-json\/wp\/v2\/product_brand?post=17671"},{"taxonomy":"product_cat","embeddable":true,"href":"https:\/\/rtt.ee\/ru\/wp-json\/wp\/v2\/product_cat?post=17671"},{"taxonomy":"product_tag","embeddable":true,"href":"https:\/\/rtt.ee\/ru\/wp-json\/wp\/v2\/product_tag?post=17671"}],"curies":[{"name":"wp","href":"https:\/\/api.w.org\/{rel}","templated":true}]}}