{"id":17537,"date":"2026-03-23T16:52:12","date_gmt":"2026-03-23T14:52:12","guid":{"rendered":"https:\/\/rtt.ee\/toode\/uncategorized\/tooner-must-analoog-hp-49x-q5949x-53x-q7553x-2\/"},"modified":"2026-03-24T14:52:57","modified_gmt":"2026-03-24T12:52:57","slug":"tooner-must-analoog-hp-49x-q5949x-53x-q7553x-2","status":"publish","type":"product","link":"https:\/\/rtt.ee\/ru\/toode\/kulumaterjalid-ru\/analoog-toonerid-ru\/tooner-must-analoog-hp-49x-q5949x-53x-q7553x-2\/","title":{"rendered":"Tooner must analoog HP 49X Q5949X \/ 53X Q7553X"},"content":{"rendered":"<p>HP LaserJet 1320 (Q5927A), HP LaserJet 1320n (Q5928A), HP LaserJet 1320nw (Q5929A), HP LaserJet 1320tn (Q5930A), HP LaserJet 3390 (Q6500A), HP LaserJet 3392 (Q6501A)<br \/>\nHP 1320, HP 1320n, HP 1320nw, HP 1320tn, HP 3390, HP 3392<\/p>\n<p>HP LaserJet P2014 (CB450A), HP LaserJet P2015 (CB366A), HP LaserJet P2015d (CB367A), HP LaserJet P2015dn (CB368A), HP LaserJet P2015n (CB449A), HP LaserJet P2015x (CB369A), HP LaserJet M2727 MFP (CB532A)<br \/>\nHP P2014, HP P2015, HP P2015d, HP P2015dn, HP P2015n, HP P2015x, HP M2727 MFP<\/p>\n<p>Tr\u00fckimaht kuni 7000 lehte<\/p>\n","protected":false},"excerpt":{"rendered":"<p>HP LaserJet 1320 (Q5927A), HP LaserJet 1320n (Q5928A), HP LaserJet 1320nw (Q5929A), HP LaserJet 1320tn (Q5930A), HP LaserJet 3390 (Q6500A), HP LaserJet 3392 (Q6501A) HP 1320, HP 1320n, HP 1320nw, HP 1320tn, HP 3390, HP 3392 HP LaserJet P2014 (CB450A), HP LaserJet P2015 (CB366A), HP LaserJet P2015d (CB367A), HP LaserJet P2015dn (CB368A), HP LaserJet P2015n [&hellip;]<\/p>\n","protected":false},"featured_media":13214,"template":"","meta":{"_acf_changed":false},"product_brand":[406],"product_cat":[241],"product_tag":[],"class_list":{"0":"post-17537","1":"product","2":"type-product","3":"status-publish","4":"has-post-thumbnail","6":"product_brand-jetworld","7":"product_cat-analoog-toonerid-ru","8":"product_brands-jetworld","10":"first","11":"onbackorder","12":"taxable","13":"shipping-taxable","14":"purchasable","15":"product-type-simple"},"acf":[],"yoast_head":"<!-- This site is optimized with the Yoast SEO plugin v26.2 - https:\/\/yoast.com\/wordpress\/plugins\/seo\/ -->\n<title>Tooner must analoog HP 49X Q5949X \/ 53X Q7553X - RTT<\/title>\n<meta name=\"description\" content=\"JetWorld toonerid \u2013 premium-klassi analoogtoonerid n\u00f5udlikule kasutajale. Suurem t\u00e4itekogus, ISO-sertifitseeritud kvaliteet ja 100% \u00fchilduvus\" \/>\n<meta name=\"robots\" content=\"index, follow, max-snippet:-1, max-image-preview:large, max-video-preview:-1\" \/>\n<link rel=\"canonical\" href=\"https:\/\/rtt.ee\/ru\/toode\/kulumaterjalid-ru\/analoog-toonerid-ru\/tooner-must-analoog-hp-49x-q5949x-53x-q7553x-2\/\" \/>\n<meta property=\"og:locale\" content=\"ru_RU\" \/>\n<meta property=\"og:type\" content=\"article\" \/>\n<meta property=\"og:title\" content=\"Tooner must analoog HP 49X Q5949X \/ 53X Q7553X - RTT\" \/>\n<meta property=\"og:description\" content=\"JetWorld toonerid \u2013 premium-klassi analoogtoonerid n\u00f5udlikule kasutajale. Suurem t\u00e4itekogus, ISO-sertifitseeritud kvaliteet ja 100% \u00fchilduvus\" \/>\n<meta property=\"og:url\" content=\"https:\/\/rtt.ee\/ru\/toode\/kulumaterjalid-ru\/analoog-toonerid-ru\/tooner-must-analoog-hp-49x-q5949x-53x-q7553x-2\/\" \/>\n<meta property=\"og:site_name\" content=\"RTT\" \/>\n<meta property=\"article:modified_time\" content=\"2026-03-24T12:52:57+00:00\" \/>\n<meta property=\"og:image\" content=\"https:\/\/rtt.ee\/wp-content\/uploads\/2025\/10\/jetworld_toner_bk.jpg\" \/>\n\t<meta property=\"og:image:width\" content=\"700\" \/>\n\t<meta property=\"og:image:height\" content=\"390\" \/>\n\t<meta property=\"og:image:type\" content=\"image\/jpeg\" \/>\n<meta name=\"twitter:card\" content=\"summary_large_image\" \/>\n<script type=\"application\/ld+json\" class=\"yoast-schema-graph\">{\"@context\":\"https:\/\/schema.org\",\"@graph\":[{\"@type\":\"WebPage\",\"@id\":\"https:\/\/rtt.ee\/ru\/toode\/kulumaterjalid-ru\/analoog-toonerid-ru\/tooner-must-analoog-hp-49x-q5949x-53x-q7553x-2\/\",\"url\":\"https:\/\/rtt.ee\/ru\/toode\/kulumaterjalid-ru\/analoog-toonerid-ru\/tooner-must-analoog-hp-49x-q5949x-53x-q7553x-2\/\",\"name\":\"Tooner must analoog HP 49X Q5949X \/ 53X Q7553X - RTT\",\"isPartOf\":{\"@id\":\"https:\/\/rtt.ee\/en\/#website\"},\"primaryImageOfPage\":{\"@id\":\"https:\/\/rtt.ee\/ru\/toode\/kulumaterjalid-ru\/analoog-toonerid-ru\/tooner-must-analoog-hp-49x-q5949x-53x-q7553x-2\/#primaryimage\"},\"image\":{\"@id\":\"https:\/\/rtt.ee\/ru\/toode\/kulumaterjalid-ru\/analoog-toonerid-ru\/tooner-must-analoog-hp-49x-q5949x-53x-q7553x-2\/#primaryimage\"},\"thumbnailUrl\":\"https:\/\/rtt.ee\/wp-content\/uploads\/2025\/10\/jetworld_toner_bk.jpg\",\"datePublished\":\"2026-03-23T14:52:12+00:00\",\"dateModified\":\"2026-03-24T12:52:57+00:00\",\"description\":\"JetWorld toonerid \u2013 premium-klassi analoogtoonerid n\u00f5udlikule kasutajale. Suurem t\u00e4itekogus, ISO-sertifitseeritud kvaliteet ja 100% \u00fchilduvus\",\"breadcrumb\":{\"@id\":\"https:\/\/rtt.ee\/ru\/toode\/kulumaterjalid-ru\/analoog-toonerid-ru\/tooner-must-analoog-hp-49x-q5949x-53x-q7553x-2\/#breadcrumb\"},\"inLanguage\":\"ru-RU\",\"potentialAction\":[{\"@type\":\"ReadAction\",\"target\":[\"https:\/\/rtt.ee\/ru\/toode\/kulumaterjalid-ru\/analoog-toonerid-ru\/tooner-must-analoog-hp-49x-q5949x-53x-q7553x-2\/\"]}]},{\"@type\":\"ImageObject\",\"inLanguage\":\"ru-RU\",\"@id\":\"https:\/\/rtt.ee\/ru\/toode\/kulumaterjalid-ru\/analoog-toonerid-ru\/tooner-must-analoog-hp-49x-q5949x-53x-q7553x-2\/#primaryimage\",\"url\":\"https:\/\/rtt.ee\/wp-content\/uploads\/2025\/10\/jetworld_toner_bk.jpg\",\"contentUrl\":\"https:\/\/rtt.ee\/wp-content\/uploads\/2025\/10\/jetworld_toner_bk.jpg\",\"width\":700,\"height\":390},{\"@type\":\"BreadcrumbList\",\"@id\":\"https:\/\/rtt.ee\/ru\/toode\/kulumaterjalid-ru\/analoog-toonerid-ru\/tooner-must-analoog-hp-49x-q5949x-53x-q7553x-2\/#breadcrumb\",\"itemListElement\":[{\"@type\":\"ListItem\",\"position\":1,\"name\":\"\u0413\u043b\u0430\u0432\u043d\u0430\u044f\",\"item\":\"https:\/\/rtt.ee\/ru\/\"},{\"@type\":\"ListItem\",\"position\":2,\"name\":\"Magazin\",\"item\":\"https:\/\/rtt.ee\/ru\/pood\/\"},{\"@type\":\"ListItem\",\"position\":3,\"name\":\"\u0420\u0430\u0441\u0445\u043e\u0434\u043d\u044b\u0435 \u043c\u0430\u0442\u0435\u0440\u0438\u0430\u043b\u044b\",\"item\":\"https:\/\/rtt.ee\/ru\/tootekategooria\/kulumaterjalid-ru\/\"},{\"@type\":\"ListItem\",\"position\":4,\"name\":\"\u0410\u043d\u0430\u043b\u043e\u0433\u043e\u0432\u044b\u0435 \u0442\u043e\u043d\u0435\u0440\u044b\",\"item\":\"https:\/\/rtt.ee\/ru\/tootekategooria\/kulumaterjalid-ru\/analoog-toonerid-ru\/\"},{\"@type\":\"ListItem\",\"position\":5,\"name\":\"Tooner must analoog HP 49X Q5949X \/ 53X Q7553X\"}]},{\"@type\":\"WebSite\",\"@id\":\"https:\/\/rtt.ee\/en\/#website\",\"url\":\"https:\/\/rtt.ee\/en\/\",\"name\":\"RTT\",\"description\":\"Kassaaparaadid ja kontorikaubad\",\"potentialAction\":[{\"@type\":\"SearchAction\",\"target\":{\"@type\":\"EntryPoint\",\"urlTemplate\":\"https:\/\/rtt.ee\/en\/?s={search_term_string}\"},\"query-input\":{\"@type\":\"PropertyValueSpecification\",\"valueRequired\":true,\"valueName\":\"search_term_string\"}}],\"inLanguage\":\"ru-RU\"}]}<\/script>\n<!-- \/ Yoast SEO plugin. -->","yoast_head_json":{"title":"Tooner must analoog HP 49X Q5949X \/ 53X Q7553X - RTT","description":"JetWorld toonerid \u2013 premium-klassi analoogtoonerid n\u00f5udlikule kasutajale. Suurem t\u00e4itekogus, ISO-sertifitseeritud kvaliteet ja 100% \u00fchilduvus","robots":{"index":"index","follow":"follow","max-snippet":"max-snippet:-1","max-image-preview":"max-image-preview:large","max-video-preview":"max-video-preview:-1"},"canonical":"https:\/\/rtt.ee\/ru\/toode\/kulumaterjalid-ru\/analoog-toonerid-ru\/tooner-must-analoog-hp-49x-q5949x-53x-q7553x-2\/","og_locale":"ru_RU","og_type":"article","og_title":"Tooner must analoog HP 49X Q5949X \/ 53X Q7553X - RTT","og_description":"JetWorld toonerid \u2013 premium-klassi analoogtoonerid n\u00f5udlikule kasutajale. Suurem t\u00e4itekogus, ISO-sertifitseeritud kvaliteet ja 100% \u00fchilduvus","og_url":"https:\/\/rtt.ee\/ru\/toode\/kulumaterjalid-ru\/analoog-toonerid-ru\/tooner-must-analoog-hp-49x-q5949x-53x-q7553x-2\/","og_site_name":"RTT","article_modified_time":"2026-03-24T12:52:57+00:00","og_image":[{"width":700,"height":390,"url":"https:\/\/rtt.ee\/wp-content\/uploads\/2025\/10\/jetworld_toner_bk.jpg","type":"image\/jpeg"}],"twitter_card":"summary_large_image","schema":{"@context":"https:\/\/schema.org","@graph":[{"@type":"WebPage","@id":"https:\/\/rtt.ee\/ru\/toode\/kulumaterjalid-ru\/analoog-toonerid-ru\/tooner-must-analoog-hp-49x-q5949x-53x-q7553x-2\/","url":"https:\/\/rtt.ee\/ru\/toode\/kulumaterjalid-ru\/analoog-toonerid-ru\/tooner-must-analoog-hp-49x-q5949x-53x-q7553x-2\/","name":"Tooner must analoog HP 49X Q5949X \/ 53X Q7553X - RTT","isPartOf":{"@id":"https:\/\/rtt.ee\/en\/#website"},"primaryImageOfPage":{"@id":"https:\/\/rtt.ee\/ru\/toode\/kulumaterjalid-ru\/analoog-toonerid-ru\/tooner-must-analoog-hp-49x-q5949x-53x-q7553x-2\/#primaryimage"},"image":{"@id":"https:\/\/rtt.ee\/ru\/toode\/kulumaterjalid-ru\/analoog-toonerid-ru\/tooner-must-analoog-hp-49x-q5949x-53x-q7553x-2\/#primaryimage"},"thumbnailUrl":"https:\/\/rtt.ee\/wp-content\/uploads\/2025\/10\/jetworld_toner_bk.jpg","datePublished":"2026-03-23T14:52:12+00:00","dateModified":"2026-03-24T12:52:57+00:00","description":"JetWorld toonerid \u2013 premium-klassi analoogtoonerid n\u00f5udlikule kasutajale. Suurem t\u00e4itekogus, ISO-sertifitseeritud kvaliteet ja 100% \u00fchilduvus","breadcrumb":{"@id":"https:\/\/rtt.ee\/ru\/toode\/kulumaterjalid-ru\/analoog-toonerid-ru\/tooner-must-analoog-hp-49x-q5949x-53x-q7553x-2\/#breadcrumb"},"inLanguage":"ru-RU","potentialAction":[{"@type":"ReadAction","target":["https:\/\/rtt.ee\/ru\/toode\/kulumaterjalid-ru\/analoog-toonerid-ru\/tooner-must-analoog-hp-49x-q5949x-53x-q7553x-2\/"]}]},{"@type":"ImageObject","inLanguage":"ru-RU","@id":"https:\/\/rtt.ee\/ru\/toode\/kulumaterjalid-ru\/analoog-toonerid-ru\/tooner-must-analoog-hp-49x-q5949x-53x-q7553x-2\/#primaryimage","url":"https:\/\/rtt.ee\/wp-content\/uploads\/2025\/10\/jetworld_toner_bk.jpg","contentUrl":"https:\/\/rtt.ee\/wp-content\/uploads\/2025\/10\/jetworld_toner_bk.jpg","width":700,"height":390},{"@type":"BreadcrumbList","@id":"https:\/\/rtt.ee\/ru\/toode\/kulumaterjalid-ru\/analoog-toonerid-ru\/tooner-must-analoog-hp-49x-q5949x-53x-q7553x-2\/#breadcrumb","itemListElement":[{"@type":"ListItem","position":1,"name":"\u0413\u043b\u0430\u0432\u043d\u0430\u044f","item":"https:\/\/rtt.ee\/ru\/"},{"@type":"ListItem","position":2,"name":"Magazin","item":"https:\/\/rtt.ee\/ru\/pood\/"},{"@type":"ListItem","position":3,"name":"\u0420\u0430\u0441\u0445\u043e\u0434\u043d\u044b\u0435 \u043c\u0430\u0442\u0435\u0440\u0438\u0430\u043b\u044b","item":"https:\/\/rtt.ee\/ru\/tootekategooria\/kulumaterjalid-ru\/"},{"@type":"ListItem","position":4,"name":"\u0410\u043d\u0430\u043b\u043e\u0433\u043e\u0432\u044b\u0435 \u0442\u043e\u043d\u0435\u0440\u044b","item":"https:\/\/rtt.ee\/ru\/tootekategooria\/kulumaterjalid-ru\/analoog-toonerid-ru\/"},{"@type":"ListItem","position":5,"name":"Tooner must analoog HP 49X Q5949X \/ 53X Q7553X"}]},{"@type":"WebSite","@id":"https:\/\/rtt.ee\/en\/#website","url":"https:\/\/rtt.ee\/en\/","name":"RTT","description":"Kassaaparaadid ja kontorikaubad","potentialAction":[{"@type":"SearchAction","target":{"@type":"EntryPoint","urlTemplate":"https:\/\/rtt.ee\/en\/?s={search_term_string}"},"query-input":{"@type":"PropertyValueSpecification","valueRequired":true,"valueName":"search_term_string"}}],"inLanguage":"ru-RU"}]}},"_links":{"self":[{"href":"https:\/\/rtt.ee\/ru\/wp-json\/wp\/v2\/product\/17537","targetHints":{"allow":["GET"]}}],"collection":[{"href":"https:\/\/rtt.ee\/ru\/wp-json\/wp\/v2\/product"}],"about":[{"href":"https:\/\/rtt.ee\/ru\/wp-json\/wp\/v2\/types\/product"}],"wp:featuredmedia":[{"embeddable":true,"href":"https:\/\/rtt.ee\/ru\/wp-json\/wp\/v2\/media\/13214"}],"wp:attachment":[{"href":"https:\/\/rtt.ee\/ru\/wp-json\/wp\/v2\/media?parent=17537"}],"wp:term":[{"taxonomy":"product_brand","embeddable":true,"href":"https:\/\/rtt.ee\/ru\/wp-json\/wp\/v2\/product_brand?post=17537"},{"taxonomy":"product_cat","embeddable":true,"href":"https:\/\/rtt.ee\/ru\/wp-json\/wp\/v2\/product_cat?post=17537"},{"taxonomy":"product_tag","embeddable":true,"href":"https:\/\/rtt.ee\/ru\/wp-json\/wp\/v2\/product_tag?post=17537"}],"curies":[{"name":"wp","href":"https:\/\/api.w.org\/{rel}","templated":true}]}}