{"id":17510,"date":"2025-12-22T16:30:12","date_gmt":"2025-12-22T14:30:12","guid":{"rendered":"https:\/\/rtt.ee\/toode\/uncategorized\/kaardiprinter-zebra-zc300\/"},"modified":"2026-04-01T10:05:28","modified_gmt":"2026-04-01T07:05:28","slug":"kaardiprinter-zebra-zc300","status":"publish","type":"product","link":"https:\/\/rtt.ee\/ru\/toode\/seadmete-rent\/kaardiprinter-zebra-zc300\/","title":{"rendered":"Rendi kaardiprinter ZEBRA ZC300"},"content":{"rendered":"<p data-start=\"67\" data-end=\"335\"><strong data-start=\"67\" data-end=\"82\">Zebra ZC300<\/strong> on t\u00f6\u00f6kindel ja professionaalne kaardiprinter.<\/p>\n<p data-start=\"67\" data-end=\"335\">Sobib \u00fcritustele liikmesuskaartide valmistamiseks, pakkudes lihtsat kasutust, kvaliteetset tr\u00fckki.<\/p>\n<p data-start=\"67\" data-end=\"335\"><a href=\"https:\/\/www.zebra.com\/us\/en\/products\/printers\/card\/zc300-series.html\">Tehniline kirjeldus inglise keeles<\/a><\/p>\n<p data-start=\"337\" data-end=\"441\" data-is-last-node=\"\" data-is-only-node=\"\">\n","protected":false},"excerpt":{"rendered":"<p>Zebra ZC300 on t\u00f6\u00f6kindel ja professionaalne kaardiprinter. Sobib \u00fcritustele liikmesuskaartide valmistamiseks, pakkudes lihtsat kasutust, kvaliteetset tr\u00fckki. Tehniline kirjeldus inglise keeles<\/p>\n","protected":false},"featured_media":12886,"template":"","meta":{"_acf_changed":false},"product_brand":[],"product_cat":[419],"product_tag":[],"class_list":{"0":"post-17510","1":"product","2":"type-product","3":"status-publish","4":"has-post-thumbnail","6":"product_cat-seadmete-rent","7":"product_brands-zebra-ru","9":"first","10":"onbackorder","11":"taxable","12":"shipping-taxable","13":"purchasable","14":"product-type-simple"},"acf":[],"yoast_head":"<!-- This site is optimized with the Yoast SEO plugin v26.2 - https:\/\/yoast.com\/wordpress\/plugins\/seo\/ -->\n<title>Rendi kaardiprinter ZEBRA ZC300 - RTT<\/title>\n<meta name=\"description\" content=\"Zebra ZC300 on t\u00f6\u00f6kindel ja professionaalne kaardiprinter, mis tr\u00fckib kiiresti \u00fche- ja kahepoolseid plastikkaarte\" \/>\n<meta name=\"robots\" content=\"index, follow, max-snippet:-1, max-image-preview:large, max-video-preview:-1\" \/>\n<link rel=\"canonical\" href=\"https:\/\/rtt.ee\/ru\/toode\/seadmete-rent\/kaardiprinter-zebra-zc300\/\" \/>\n<meta property=\"og:locale\" content=\"ru_RU\" \/>\n<meta property=\"og:type\" content=\"article\" \/>\n<meta property=\"og:title\" content=\"Rendi kaardiprinter ZEBRA ZC300 - RTT\" \/>\n<meta property=\"og:description\" content=\"Zebra ZC300 on t\u00f6\u00f6kindel ja professionaalne kaardiprinter, mis tr\u00fckib kiiresti \u00fche- ja kahepoolseid plastikkaarte\" \/>\n<meta property=\"og:url\" content=\"https:\/\/rtt.ee\/ru\/toode\/seadmete-rent\/kaardiprinter-zebra-zc300\/\" \/>\n<meta property=\"og:site_name\" content=\"RTT\" \/>\n<meta property=\"article:modified_time\" content=\"2026-04-01T07:05:28+00:00\" \/>\n<meta property=\"og:image\" content=\"https:\/\/rtt.ee\/wp-content\/uploads\/2018\/10\/zc100-front-right-no-media-3x2-3600-scaled-e1775027124484.jpg\" \/>\n\t<meta property=\"og:image:width\" content=\"2560\" \/>\n\t<meta property=\"og:image:height\" content=\"1707\" \/>\n\t<meta property=\"og:image:type\" content=\"image\/jpeg\" \/>\n<meta name=\"twitter:card\" content=\"summary_large_image\" \/>\n<script type=\"application\/ld+json\" class=\"yoast-schema-graph\">{\"@context\":\"https:\/\/schema.org\",\"@graph\":[{\"@type\":\"WebPage\",\"@id\":\"https:\/\/rtt.ee\/ru\/toode\/seadmete-rent\/kaardiprinter-zebra-zc300\/\",\"url\":\"https:\/\/rtt.ee\/ru\/toode\/seadmete-rent\/kaardiprinter-zebra-zc300\/\",\"name\":\"Rendi kaardiprinter ZEBRA ZC300 - RTT\",\"isPartOf\":{\"@id\":\"https:\/\/rtt.ee\/en\/#website\"},\"primaryImageOfPage\":{\"@id\":\"https:\/\/rtt.ee\/ru\/toode\/seadmete-rent\/kaardiprinter-zebra-zc300\/#primaryimage\"},\"image\":{\"@id\":\"https:\/\/rtt.ee\/ru\/toode\/seadmete-rent\/kaardiprinter-zebra-zc300\/#primaryimage\"},\"thumbnailUrl\":\"https:\/\/rtt.ee\/wp-content\/uploads\/2018\/10\/zc100-front-right-no-media-3x2-3600-scaled-e1775027124484.jpg\",\"datePublished\":\"2025-12-22T14:30:12+00:00\",\"dateModified\":\"2026-04-01T07:05:28+00:00\",\"description\":\"Zebra ZC300 on t\u00f6\u00f6kindel ja professionaalne kaardiprinter, mis tr\u00fckib kiiresti \u00fche- ja kahepoolseid plastikkaarte\",\"breadcrumb\":{\"@id\":\"https:\/\/rtt.ee\/ru\/toode\/seadmete-rent\/kaardiprinter-zebra-zc300\/#breadcrumb\"},\"inLanguage\":\"ru-RU\",\"potentialAction\":[{\"@type\":\"ReadAction\",\"target\":[\"https:\/\/rtt.ee\/ru\/toode\/seadmete-rent\/kaardiprinter-zebra-zc300\/\"]}]},{\"@type\":\"ImageObject\",\"inLanguage\":\"ru-RU\",\"@id\":\"https:\/\/rtt.ee\/ru\/toode\/seadmete-rent\/kaardiprinter-zebra-zc300\/#primaryimage\",\"url\":\"https:\/\/rtt.ee\/wp-content\/uploads\/2018\/10\/zc100-front-right-no-media-3x2-3600-scaled-e1775027124484.jpg\",\"contentUrl\":\"https:\/\/rtt.ee\/wp-content\/uploads\/2018\/10\/zc100-front-right-no-media-3x2-3600-scaled-e1775027124484.jpg\",\"width\":2560,\"height\":1707},{\"@type\":\"BreadcrumbList\",\"@id\":\"https:\/\/rtt.ee\/ru\/toode\/seadmete-rent\/kaardiprinter-zebra-zc300\/#breadcrumb\",\"itemListElement\":[{\"@type\":\"ListItem\",\"position\":1,\"name\":\"\u0413\u043b\u0430\u0432\u043d\u0430\u044f\",\"item\":\"https:\/\/rtt.ee\/ru\/\"},{\"@type\":\"ListItem\",\"position\":2,\"name\":\"Magazin\",\"item\":\"https:\/\/rtt.ee\/ru\/pood\/\"},{\"@type\":\"ListItem\",\"position\":3,\"name\":\"Seadmete rent\",\"item\":\"https:\/\/rtt.ee\/tootekategooria\/seadmete-rent\/\"},{\"@type\":\"ListItem\",\"position\":4,\"name\":\"Rendi kaardiprinter ZEBRA ZC300\"}]},{\"@type\":\"WebSite\",\"@id\":\"https:\/\/rtt.ee\/en\/#website\",\"url\":\"https:\/\/rtt.ee\/en\/\",\"name\":\"RTT\",\"description\":\"Kassaaparaadid ja kontorikaubad\",\"potentialAction\":[{\"@type\":\"SearchAction\",\"target\":{\"@type\":\"EntryPoint\",\"urlTemplate\":\"https:\/\/rtt.ee\/en\/?s={search_term_string}\"},\"query-input\":{\"@type\":\"PropertyValueSpecification\",\"valueRequired\":true,\"valueName\":\"search_term_string\"}}],\"inLanguage\":\"ru-RU\"}]}<\/script>\n<!-- \/ Yoast SEO plugin. -->","yoast_head_json":{"title":"Rendi kaardiprinter ZEBRA ZC300 - RTT","description":"Zebra ZC300 on t\u00f6\u00f6kindel ja professionaalne kaardiprinter, mis tr\u00fckib kiiresti \u00fche- ja kahepoolseid plastikkaarte","robots":{"index":"index","follow":"follow","max-snippet":"max-snippet:-1","max-image-preview":"max-image-preview:large","max-video-preview":"max-video-preview:-1"},"canonical":"https:\/\/rtt.ee\/ru\/toode\/seadmete-rent\/kaardiprinter-zebra-zc300\/","og_locale":"ru_RU","og_type":"article","og_title":"Rendi kaardiprinter ZEBRA ZC300 - RTT","og_description":"Zebra ZC300 on t\u00f6\u00f6kindel ja professionaalne kaardiprinter, mis tr\u00fckib kiiresti \u00fche- ja kahepoolseid plastikkaarte","og_url":"https:\/\/rtt.ee\/ru\/toode\/seadmete-rent\/kaardiprinter-zebra-zc300\/","og_site_name":"RTT","article_modified_time":"2026-04-01T07:05:28+00:00","og_image":[{"width":2560,"height":1707,"url":"https:\/\/rtt.ee\/wp-content\/uploads\/2018\/10\/zc100-front-right-no-media-3x2-3600-scaled-e1775027124484.jpg","type":"image\/jpeg"}],"twitter_card":"summary_large_image","schema":{"@context":"https:\/\/schema.org","@graph":[{"@type":"WebPage","@id":"https:\/\/rtt.ee\/ru\/toode\/seadmete-rent\/kaardiprinter-zebra-zc300\/","url":"https:\/\/rtt.ee\/ru\/toode\/seadmete-rent\/kaardiprinter-zebra-zc300\/","name":"Rendi kaardiprinter ZEBRA ZC300 - RTT","isPartOf":{"@id":"https:\/\/rtt.ee\/en\/#website"},"primaryImageOfPage":{"@id":"https:\/\/rtt.ee\/ru\/toode\/seadmete-rent\/kaardiprinter-zebra-zc300\/#primaryimage"},"image":{"@id":"https:\/\/rtt.ee\/ru\/toode\/seadmete-rent\/kaardiprinter-zebra-zc300\/#primaryimage"},"thumbnailUrl":"https:\/\/rtt.ee\/wp-content\/uploads\/2018\/10\/zc100-front-right-no-media-3x2-3600-scaled-e1775027124484.jpg","datePublished":"2025-12-22T14:30:12+00:00","dateModified":"2026-04-01T07:05:28+00:00","description":"Zebra ZC300 on t\u00f6\u00f6kindel ja professionaalne kaardiprinter, mis tr\u00fckib kiiresti \u00fche- ja kahepoolseid plastikkaarte","breadcrumb":{"@id":"https:\/\/rtt.ee\/ru\/toode\/seadmete-rent\/kaardiprinter-zebra-zc300\/#breadcrumb"},"inLanguage":"ru-RU","potentialAction":[{"@type":"ReadAction","target":["https:\/\/rtt.ee\/ru\/toode\/seadmete-rent\/kaardiprinter-zebra-zc300\/"]}]},{"@type":"ImageObject","inLanguage":"ru-RU","@id":"https:\/\/rtt.ee\/ru\/toode\/seadmete-rent\/kaardiprinter-zebra-zc300\/#primaryimage","url":"https:\/\/rtt.ee\/wp-content\/uploads\/2018\/10\/zc100-front-right-no-media-3x2-3600-scaled-e1775027124484.jpg","contentUrl":"https:\/\/rtt.ee\/wp-content\/uploads\/2018\/10\/zc100-front-right-no-media-3x2-3600-scaled-e1775027124484.jpg","width":2560,"height":1707},{"@type":"BreadcrumbList","@id":"https:\/\/rtt.ee\/ru\/toode\/seadmete-rent\/kaardiprinter-zebra-zc300\/#breadcrumb","itemListElement":[{"@type":"ListItem","position":1,"name":"\u0413\u043b\u0430\u0432\u043d\u0430\u044f","item":"https:\/\/rtt.ee\/ru\/"},{"@type":"ListItem","position":2,"name":"Magazin","item":"https:\/\/rtt.ee\/ru\/pood\/"},{"@type":"ListItem","position":3,"name":"Seadmete rent","item":"https:\/\/rtt.ee\/tootekategooria\/seadmete-rent\/"},{"@type":"ListItem","position":4,"name":"Rendi kaardiprinter ZEBRA ZC300"}]},{"@type":"WebSite","@id":"https:\/\/rtt.ee\/en\/#website","url":"https:\/\/rtt.ee\/en\/","name":"RTT","description":"Kassaaparaadid ja kontorikaubad","potentialAction":[{"@type":"SearchAction","target":{"@type":"EntryPoint","urlTemplate":"https:\/\/rtt.ee\/en\/?s={search_term_string}"},"query-input":{"@type":"PropertyValueSpecification","valueRequired":true,"valueName":"search_term_string"}}],"inLanguage":"ru-RU"}]}},"_links":{"self":[{"href":"https:\/\/rtt.ee\/ru\/wp-json\/wp\/v2\/product\/17510","targetHints":{"allow":["GET"]}}],"collection":[{"href":"https:\/\/rtt.ee\/ru\/wp-json\/wp\/v2\/product"}],"about":[{"href":"https:\/\/rtt.ee\/ru\/wp-json\/wp\/v2\/types\/product"}],"wp:featuredmedia":[{"embeddable":true,"href":"https:\/\/rtt.ee\/ru\/wp-json\/wp\/v2\/media\/12886"}],"wp:attachment":[{"href":"https:\/\/rtt.ee\/ru\/wp-json\/wp\/v2\/media?parent=17510"}],"wp:term":[{"taxonomy":"product_brand","embeddable":true,"href":"https:\/\/rtt.ee\/ru\/wp-json\/wp\/v2\/product_brand?post=17510"},{"taxonomy":"product_cat","embeddable":true,"href":"https:\/\/rtt.ee\/ru\/wp-json\/wp\/v2\/product_cat?post=17510"},{"taxonomy":"product_tag","embeddable":true,"href":"https:\/\/rtt.ee\/ru\/wp-json\/wp\/v2\/product_tag?post=17510"}],"curies":[{"name":"wp","href":"https:\/\/api.w.org\/{rel}","templated":true}]}}