{"id":17500,"date":"2024-01-03T13:23:08","date_gmt":"2024-01-03T11:23:08","guid":{"rendered":"https:\/\/rtt.ee\/toode\/uncategorized\/tahvelarvuti-zebra-et40aa-001c1b0-a6\/"},"modified":"2026-04-10T11:11:10","modified_gmt":"2026-04-10T08:11:10","slug":"tahvelarvuti-zebra-et40aa-001c1b0-a6","status":"publish","type":"product","link":"https:\/\/rtt.ee\/ru\/toode\/mobiilsed-arvutid-ru\/tahvelarvutid-ru\/tahvelarvuti-zebra-et40aa-001c1b0-a6\/","title":{"rendered":"Tahvelarvuti Zebra ET40 \u2013 8\u201d\/Wi-Fi\/2D\/Android\/IP65"},"content":{"rendered":"<p>Protsessor: Qualcomm Octa Core, 2.2 GHz<\/p>\n<p>M\u00e4lu: 4GB\/64GB<\/p>\n<p>Ekraan: 8\u2033; 1920\u00d71200; 500 cd<\/p>\n<p>Kaamera: 13MP taga \/5MP ees<\/p>\n<p>Sk\u00e4nner:\u00a0<strong>2D-sk\u00e4nner SE4100<\/strong><\/p>\n<p>Side: WiFi6 + Bluetooth<\/p>\n<p>Mobiilside: &#8212;<\/p>\n<p>Liidesed: USB-C<\/p>\n<p>Aku: 6150 mAh<\/p>\n<p>Kaitseklass: IP65<\/p>\n<p>T\u00f6\u00f6temp: -20C \u2026. +50C<\/p>\n<p>Op.s\u00fcst: Android 14<\/p>\n<p><a href=\"https:\/\/www.zebra.com\/us\/en\/products\/spec-sheets\/tablets\/et40-et45.html\" target=\"_blank\" rel=\"noopener\">Tehniline kirjeldus inglise keeles<\/a><\/p>\n<p>Lisainfo telefonil 611 2257 v\u00f5i\u00a0<a href=\"mailto:info@rtt.ee\">info@rtt.ee<\/a><\/p>\n","protected":false},"excerpt":{"rendered":"<p>Protsessor: Qualcomm Octa Core, 2.2 GHz M\u00e4lu: 4GB\/64GB Ekraan: 8\u2033; 1920\u00d71200; 500 cd Kaamera: 13MP taga \/5MP ees Sk\u00e4nner:\u00a02D-sk\u00e4nner SE4100 Side: WiFi6 + Bluetooth Mobiilside: &#8212; Liidesed: USB-C Aku: 6150 mAh Kaitseklass: IP65 T\u00f6\u00f6temp: -20C \u2026. +50C Op.s\u00fcst: Android 14 Tehniline kirjeldus inglise keeles Lisainfo telefonil 611 2257 v\u00f5i\u00a0info@rtt.ee<\/p>\n","protected":false},"featured_media":9094,"template":"","meta":{"_acf_changed":false},"product_brand":[408],"product_cat":[252,255],"product_tag":[304],"class_list":{"0":"post-17500","1":"product","2":"type-product","3":"status-publish","4":"has-post-thumbnail","6":"product_brand-zebra","7":"product_cat-mobiilsed-arvutid-ru","8":"product_cat-tahvelarvutid-ru","9":"product_tag-uus-ru","10":"product_brands-zebra-ru","12":"first","13":"outofstock","14":"taxable","15":"shipping-taxable","16":"purchasable","17":"product-type-simple"},"acf":[],"yoast_head":"<!-- This site is optimized with the Yoast SEO plugin v26.2 - https:\/\/yoast.com\/wordpress\/plugins\/seo\/ -->\n<title>Tahvelarvuti Zebra ET40 \u2013 8\u201d\/Wi-Fi\/2D\/Android\/IP65 - RTT<\/title>\n<meta name=\"description\" content=\"Kerge ja k\u00e4ep\u00e4rane 8&quot; Android tahvelarvuti. Lisaks lai valik teisi Zebra tooteid kohe laos olemas. Tehniline tugi ja konsultatsioon.\" \/>\n<meta name=\"robots\" content=\"index, follow, max-snippet:-1, max-image-preview:large, max-video-preview:-1\" \/>\n<link rel=\"canonical\" href=\"https:\/\/rtt.ee\/ru\/toode\/mobiilsed-arvutid-ru\/tahvelarvutid-ru\/tahvelarvuti-zebra-et40aa-001c1b0-a6\/\" \/>\n<meta property=\"og:locale\" content=\"ru_RU\" \/>\n<meta property=\"og:type\" content=\"article\" \/>\n<meta property=\"og:title\" content=\"Tahvelarvuti Zebra ET40 \u2013 8\u201d\/Wi-Fi\/2D\/Android\/IP65 - RTT\" \/>\n<meta property=\"og:description\" content=\"Kerge ja k\u00e4ep\u00e4rane 8&quot; Android tahvelarvuti. Lisaks lai valik teisi Zebra tooteid kohe laos olemas. Tehniline tugi ja konsultatsioon.\" \/>\n<meta property=\"og:url\" content=\"https:\/\/rtt.ee\/ru\/toode\/mobiilsed-arvutid-ru\/tahvelarvutid-ru\/tahvelarvuti-zebra-et40aa-001c1b0-a6\/\" \/>\n<meta property=\"og:site_name\" content=\"RTT\" \/>\n<meta property=\"article:modified_time\" content=\"2026-04-10T08:11:10+00:00\" \/>\n<meta property=\"og:image\" content=\"https:\/\/rtt.ee\/wp-content\/uploads\/2022\/11\/ET40AB-001C1B0-A6.jpg\" \/>\n\t<meta property=\"og:image:width\" content=\"793\" \/>\n\t<meta property=\"og:image:height\" content=\"537\" \/>\n\t<meta property=\"og:image:type\" content=\"image\/jpeg\" \/>\n<meta name=\"twitter:card\" content=\"summary_large_image\" \/>\n<script type=\"application\/ld+json\" class=\"yoast-schema-graph\">{\"@context\":\"https:\/\/schema.org\",\"@graph\":[{\"@type\":\"WebPage\",\"@id\":\"https:\/\/rtt.ee\/ru\/toode\/mobiilsed-arvutid-ru\/tahvelarvutid-ru\/tahvelarvuti-zebra-et40aa-001c1b0-a6\/\",\"url\":\"https:\/\/rtt.ee\/ru\/toode\/mobiilsed-arvutid-ru\/tahvelarvutid-ru\/tahvelarvuti-zebra-et40aa-001c1b0-a6\/\",\"name\":\"Tahvelarvuti Zebra ET40 \u2013 8\u201d\/Wi-Fi\/2D\/Android\/IP65 - RTT\",\"isPartOf\":{\"@id\":\"https:\/\/rtt.ee\/en\/#website\"},\"primaryImageOfPage\":{\"@id\":\"https:\/\/rtt.ee\/ru\/toode\/mobiilsed-arvutid-ru\/tahvelarvutid-ru\/tahvelarvuti-zebra-et40aa-001c1b0-a6\/#primaryimage\"},\"image\":{\"@id\":\"https:\/\/rtt.ee\/ru\/toode\/mobiilsed-arvutid-ru\/tahvelarvutid-ru\/tahvelarvuti-zebra-et40aa-001c1b0-a6\/#primaryimage\"},\"thumbnailUrl\":\"https:\/\/rtt.ee\/wp-content\/uploads\/2022\/11\/ET40AB-001C1B0-A6.jpg\",\"datePublished\":\"2024-01-03T11:23:08+00:00\",\"dateModified\":\"2026-04-10T08:11:10+00:00\",\"description\":\"Kerge ja k\u00e4ep\u00e4rane 8\\\" Android tahvelarvuti. Lisaks lai valik teisi Zebra tooteid kohe laos olemas. Tehniline tugi ja konsultatsioon.\",\"breadcrumb\":{\"@id\":\"https:\/\/rtt.ee\/ru\/toode\/mobiilsed-arvutid-ru\/tahvelarvutid-ru\/tahvelarvuti-zebra-et40aa-001c1b0-a6\/#breadcrumb\"},\"inLanguage\":\"ru-RU\",\"potentialAction\":[{\"@type\":\"ReadAction\",\"target\":[\"https:\/\/rtt.ee\/ru\/toode\/mobiilsed-arvutid-ru\/tahvelarvutid-ru\/tahvelarvuti-zebra-et40aa-001c1b0-a6\/\"]}]},{\"@type\":\"ImageObject\",\"inLanguage\":\"ru-RU\",\"@id\":\"https:\/\/rtt.ee\/ru\/toode\/mobiilsed-arvutid-ru\/tahvelarvutid-ru\/tahvelarvuti-zebra-et40aa-001c1b0-a6\/#primaryimage\",\"url\":\"https:\/\/rtt.ee\/wp-content\/uploads\/2022\/11\/ET40AB-001C1B0-A6.jpg\",\"contentUrl\":\"https:\/\/rtt.ee\/wp-content\/uploads\/2022\/11\/ET40AB-001C1B0-A6.jpg\",\"width\":793,\"height\":537,\"caption\":\"tahvelarvuti-zebra-ET40AB\"},{\"@type\":\"BreadcrumbList\",\"@id\":\"https:\/\/rtt.ee\/ru\/toode\/mobiilsed-arvutid-ru\/tahvelarvutid-ru\/tahvelarvuti-zebra-et40aa-001c1b0-a6\/#breadcrumb\",\"itemListElement\":[{\"@type\":\"ListItem\",\"position\":1,\"name\":\"\u0413\u043b\u0430\u0432\u043d\u0430\u044f\",\"item\":\"https:\/\/rtt.ee\/ru\/\"},{\"@type\":\"ListItem\",\"position\":2,\"name\":\"Magazin\",\"item\":\"https:\/\/rtt.ee\/ru\/pood\/\"},{\"@type\":\"ListItem\",\"position\":3,\"name\":\"Mobiilsed arvutid\",\"item\":\"https:\/\/rtt.ee\/tootekategooria\/mobiilsed-arvutid\/\"},{\"@type\":\"ListItem\",\"position\":4,\"name\":\"Tahvelarvuti Zebra ET40 \u2013 8\u201d\/Wi-Fi\/2D\/Android\/IP65\"}]},{\"@type\":\"WebSite\",\"@id\":\"https:\/\/rtt.ee\/en\/#website\",\"url\":\"https:\/\/rtt.ee\/en\/\",\"name\":\"RTT\",\"description\":\"Kassaaparaadid ja kontorikaubad\",\"potentialAction\":[{\"@type\":\"SearchAction\",\"target\":{\"@type\":\"EntryPoint\",\"urlTemplate\":\"https:\/\/rtt.ee\/en\/?s={search_term_string}\"},\"query-input\":{\"@type\":\"PropertyValueSpecification\",\"valueRequired\":true,\"valueName\":\"search_term_string\"}}],\"inLanguage\":\"ru-RU\"}]}<\/script>\n<!-- \/ Yoast SEO plugin. -->","yoast_head_json":{"title":"Tahvelarvuti Zebra ET40 \u2013 8\u201d\/Wi-Fi\/2D\/Android\/IP65 - RTT","description":"Kerge ja k\u00e4ep\u00e4rane 8\" Android tahvelarvuti. Lisaks lai valik teisi Zebra tooteid kohe laos olemas. Tehniline tugi ja konsultatsioon.","robots":{"index":"index","follow":"follow","max-snippet":"max-snippet:-1","max-image-preview":"max-image-preview:large","max-video-preview":"max-video-preview:-1"},"canonical":"https:\/\/rtt.ee\/ru\/toode\/mobiilsed-arvutid-ru\/tahvelarvutid-ru\/tahvelarvuti-zebra-et40aa-001c1b0-a6\/","og_locale":"ru_RU","og_type":"article","og_title":"Tahvelarvuti Zebra ET40 \u2013 8\u201d\/Wi-Fi\/2D\/Android\/IP65 - RTT","og_description":"Kerge ja k\u00e4ep\u00e4rane 8\" Android tahvelarvuti. Lisaks lai valik teisi Zebra tooteid kohe laos olemas. Tehniline tugi ja konsultatsioon.","og_url":"https:\/\/rtt.ee\/ru\/toode\/mobiilsed-arvutid-ru\/tahvelarvutid-ru\/tahvelarvuti-zebra-et40aa-001c1b0-a6\/","og_site_name":"RTT","article_modified_time":"2026-04-10T08:11:10+00:00","og_image":[{"width":793,"height":537,"url":"https:\/\/rtt.ee\/wp-content\/uploads\/2022\/11\/ET40AB-001C1B0-A6.jpg","type":"image\/jpeg"}],"twitter_card":"summary_large_image","schema":{"@context":"https:\/\/schema.org","@graph":[{"@type":"WebPage","@id":"https:\/\/rtt.ee\/ru\/toode\/mobiilsed-arvutid-ru\/tahvelarvutid-ru\/tahvelarvuti-zebra-et40aa-001c1b0-a6\/","url":"https:\/\/rtt.ee\/ru\/toode\/mobiilsed-arvutid-ru\/tahvelarvutid-ru\/tahvelarvuti-zebra-et40aa-001c1b0-a6\/","name":"Tahvelarvuti Zebra ET40 \u2013 8\u201d\/Wi-Fi\/2D\/Android\/IP65 - RTT","isPartOf":{"@id":"https:\/\/rtt.ee\/en\/#website"},"primaryImageOfPage":{"@id":"https:\/\/rtt.ee\/ru\/toode\/mobiilsed-arvutid-ru\/tahvelarvutid-ru\/tahvelarvuti-zebra-et40aa-001c1b0-a6\/#primaryimage"},"image":{"@id":"https:\/\/rtt.ee\/ru\/toode\/mobiilsed-arvutid-ru\/tahvelarvutid-ru\/tahvelarvuti-zebra-et40aa-001c1b0-a6\/#primaryimage"},"thumbnailUrl":"https:\/\/rtt.ee\/wp-content\/uploads\/2022\/11\/ET40AB-001C1B0-A6.jpg","datePublished":"2024-01-03T11:23:08+00:00","dateModified":"2026-04-10T08:11:10+00:00","description":"Kerge ja k\u00e4ep\u00e4rane 8\" Android tahvelarvuti. Lisaks lai valik teisi Zebra tooteid kohe laos olemas. Tehniline tugi ja konsultatsioon.","breadcrumb":{"@id":"https:\/\/rtt.ee\/ru\/toode\/mobiilsed-arvutid-ru\/tahvelarvutid-ru\/tahvelarvuti-zebra-et40aa-001c1b0-a6\/#breadcrumb"},"inLanguage":"ru-RU","potentialAction":[{"@type":"ReadAction","target":["https:\/\/rtt.ee\/ru\/toode\/mobiilsed-arvutid-ru\/tahvelarvutid-ru\/tahvelarvuti-zebra-et40aa-001c1b0-a6\/"]}]},{"@type":"ImageObject","inLanguage":"ru-RU","@id":"https:\/\/rtt.ee\/ru\/toode\/mobiilsed-arvutid-ru\/tahvelarvutid-ru\/tahvelarvuti-zebra-et40aa-001c1b0-a6\/#primaryimage","url":"https:\/\/rtt.ee\/wp-content\/uploads\/2022\/11\/ET40AB-001C1B0-A6.jpg","contentUrl":"https:\/\/rtt.ee\/wp-content\/uploads\/2022\/11\/ET40AB-001C1B0-A6.jpg","width":793,"height":537,"caption":"tahvelarvuti-zebra-ET40AB"},{"@type":"BreadcrumbList","@id":"https:\/\/rtt.ee\/ru\/toode\/mobiilsed-arvutid-ru\/tahvelarvutid-ru\/tahvelarvuti-zebra-et40aa-001c1b0-a6\/#breadcrumb","itemListElement":[{"@type":"ListItem","position":1,"name":"\u0413\u043b\u0430\u0432\u043d\u0430\u044f","item":"https:\/\/rtt.ee\/ru\/"},{"@type":"ListItem","position":2,"name":"Magazin","item":"https:\/\/rtt.ee\/ru\/pood\/"},{"@type":"ListItem","position":3,"name":"Mobiilsed arvutid","item":"https:\/\/rtt.ee\/tootekategooria\/mobiilsed-arvutid\/"},{"@type":"ListItem","position":4,"name":"Tahvelarvuti Zebra ET40 \u2013 8\u201d\/Wi-Fi\/2D\/Android\/IP65"}]},{"@type":"WebSite","@id":"https:\/\/rtt.ee\/en\/#website","url":"https:\/\/rtt.ee\/en\/","name":"RTT","description":"Kassaaparaadid ja kontorikaubad","potentialAction":[{"@type":"SearchAction","target":{"@type":"EntryPoint","urlTemplate":"https:\/\/rtt.ee\/en\/?s={search_term_string}"},"query-input":{"@type":"PropertyValueSpecification","valueRequired":true,"valueName":"search_term_string"}}],"inLanguage":"ru-RU"}]}},"_links":{"self":[{"href":"https:\/\/rtt.ee\/ru\/wp-json\/wp\/v2\/product\/17500","targetHints":{"allow":["GET"]}}],"collection":[{"href":"https:\/\/rtt.ee\/ru\/wp-json\/wp\/v2\/product"}],"about":[{"href":"https:\/\/rtt.ee\/ru\/wp-json\/wp\/v2\/types\/product"}],"wp:featuredmedia":[{"embeddable":true,"href":"https:\/\/rtt.ee\/ru\/wp-json\/wp\/v2\/media\/9094"}],"wp:attachment":[{"href":"https:\/\/rtt.ee\/ru\/wp-json\/wp\/v2\/media?parent=17500"}],"wp:term":[{"taxonomy":"product_brand","embeddable":true,"href":"https:\/\/rtt.ee\/ru\/wp-json\/wp\/v2\/product_brand?post=17500"},{"taxonomy":"product_cat","embeddable":true,"href":"https:\/\/rtt.ee\/ru\/wp-json\/wp\/v2\/product_cat?post=17500"},{"taxonomy":"product_tag","embeddable":true,"href":"https:\/\/rtt.ee\/ru\/wp-json\/wp\/v2\/product_tag?post=17500"}],"curies":[{"name":"wp","href":"https:\/\/api.w.org\/{rel}","templated":true}]}}