{"id":17491,"date":"2026-03-23T11:15:40","date_gmt":"2026-03-23T09:15:40","guid":{"rendered":"https:\/\/rtt.ee\/toode\/uncategorized\/tahvelarvuti-zebra-et401-10-wi-fi-2d-android-ip68-2\/"},"modified":"2026-03-25T10:37:57","modified_gmt":"2026-03-25T08:37:57","slug":"tahvelarvuti-zebra-et401-et401eb-301p1b2p-a6","status":"publish","type":"product","link":"https:\/\/rtt.ee\/ru\/toode\/mobiilsed-arvutid-ru\/tahvelarvutid-ru\/tahvelarvuti-zebra-et401-et401eb-301p1b2p-a6\/","title":{"rendered":"Tahvelarvuti Zebra ET401 \u2013 10\u201d\/Wi-Fi\/2D\/Android\/IP68"},"content":{"rendered":"<p>Protsessor: Qualcomm Dragonwing Q-6690; 2.0GHz<\/p>\n<p>M\u00e4lu: 6GB\/64GB<\/p>\n<p>Ekraan: 10\u2033; 1920\u00d71200; 600cd<\/p>\n<p>Kaamera: 16MP taga \/ 8MP ees<\/p>\n<p>Sk\u00e4nner: <strong>2D-sk\u00e4nner SR500<\/strong><\/p>\n<p>Side: WiFi7 + Bluetooth v6.0<\/p>\n<p>Mobiilside: &#8212;<\/p>\n<p>Liidesed: USB-C<\/p>\n<p>Aku: 7600mAh (vahetatav kasutaja poolt)<\/p>\n<p>Kaitseklass: IP68<\/p>\n<p>T\u00f6\u00f6temp: -20C \u2026. +50C<\/p>\n<p>Op.s\u00fcst: Android 15 (tugi kuni Android 18)<\/p>\n<p><a href=\"https:\/\/www.zebra.com\/us\/en\/products\/spec-sheets\/tablets\/et401.html\" target=\"_blank\" rel=\"noopener\">Tehniline kirjeldus inglise keeles<\/a><\/p>\n<p>Lisainfo telefonil 611 2257 v\u00f5i\u00a0<a href=\"mailto:info@rtt.ee\">info@rtt.ee<\/a><\/p>\n","protected":false},"excerpt":{"rendered":"<p>Protsessor: Qualcomm Dragonwing Q-6690; 2.0GHz M\u00e4lu: 6GB\/64GB Ekraan: 10\u2033; 1920\u00d71200; 600cd Kaamera: 16MP taga \/ 8MP ees Sk\u00e4nner: 2D-sk\u00e4nner SR500 Side: WiFi7 + Bluetooth v6.0 Mobiilside: &#8212; Liidesed: USB-C Aku: 7600mAh (vahetatav kasutaja poolt) Kaitseklass: IP68 T\u00f6\u00f6temp: -20C \u2026. +50C Op.s\u00fcst: Android 15 (tugi kuni Android 18) Tehniline kirjeldus inglise keeles Lisainfo telefonil 611 2257 [&hellip;]<\/p>\n","protected":false},"featured_media":17466,"template":"","meta":{"_acf_changed":false},"product_brand":[408],"product_cat":[255],"product_tag":[],"class_list":{"0":"post-17491","1":"product","2":"type-product","3":"status-publish","4":"has-post-thumbnail","6":"product_brand-zebra","7":"product_cat-tahvelarvutid-ru","8":"product_brands-zebra-ru","10":"first","11":"onbackorder","12":"taxable","13":"shipping-taxable","14":"purchasable","15":"product-type-simple"},"acf":[],"yoast_head":"<!-- This site is optimized with the Yoast SEO plugin v26.2 - https:\/\/yoast.com\/wordpress\/plugins\/seo\/ -->\n<title>Tahvelarvuti Zebra ET401 \u2013 10\u201d\/Wi-Fi\/2D\/Android\/IP68 - RTT<\/title>\n<meta name=\"description\" content=\"Zebra ET401 \u00fchendab tarbijaseadme stiili ja t\u00f6\u00f6stusliku vastupidavuse. Veekindel, kukkumiskindel ja varustatud vahetatava akuga, et kesta terve t\u00f6\u00f6p\u00e4eva\" \/>\n<meta name=\"robots\" content=\"index, follow, max-snippet:-1, max-image-preview:large, max-video-preview:-1\" \/>\n<link rel=\"canonical\" href=\"https:\/\/rtt.ee\/ru\/toode\/mobiilsed-arvutid-ru\/tahvelarvutid-ru\/tahvelarvuti-zebra-et401-et401eb-301p1b2p-a6\/\" \/>\n<meta property=\"og:locale\" content=\"ru_RU\" \/>\n<meta property=\"og:type\" content=\"article\" \/>\n<meta property=\"og:title\" content=\"Tahvelarvuti Zebra ET401 \u2013 10\u201d\/Wi-Fi\/2D\/Android\/IP68 - RTT\" \/>\n<meta property=\"og:description\" content=\"Zebra ET401 \u00fchendab tarbijaseadme stiili ja t\u00f6\u00f6stusliku vastupidavuse. Veekindel, kukkumiskindel ja varustatud vahetatava akuga, et kesta terve t\u00f6\u00f6p\u00e4eva\" \/>\n<meta property=\"og:url\" content=\"https:\/\/rtt.ee\/ru\/toode\/mobiilsed-arvutid-ru\/tahvelarvutid-ru\/tahvelarvuti-zebra-et401-et401eb-301p1b2p-a6\/\" \/>\n<meta property=\"og:site_name\" content=\"RTT\" \/>\n<meta property=\"article:modified_time\" content=\"2026-03-25T08:37:57+00:00\" \/>\n<meta property=\"og:image\" content=\"https:\/\/rtt.ee\/wp-content\/uploads\/2026\/03\/ET401-1-scaled.jpg\" \/>\n\t<meta property=\"og:image:width\" content=\"2560\" \/>\n\t<meta property=\"og:image:height\" content=\"1707\" \/>\n\t<meta property=\"og:image:type\" content=\"image\/jpeg\" \/>\n<meta name=\"twitter:card\" content=\"summary_large_image\" \/>\n<script type=\"application\/ld+json\" class=\"yoast-schema-graph\">{\"@context\":\"https:\/\/schema.org\",\"@graph\":[{\"@type\":\"WebPage\",\"@id\":\"https:\/\/rtt.ee\/ru\/toode\/mobiilsed-arvutid-ru\/tahvelarvutid-ru\/tahvelarvuti-zebra-et401-et401eb-301p1b2p-a6\/\",\"url\":\"https:\/\/rtt.ee\/ru\/toode\/mobiilsed-arvutid-ru\/tahvelarvutid-ru\/tahvelarvuti-zebra-et401-et401eb-301p1b2p-a6\/\",\"name\":\"Tahvelarvuti Zebra ET401 \u2013 10\u201d\/Wi-Fi\/2D\/Android\/IP68 - RTT\",\"isPartOf\":{\"@id\":\"https:\/\/rtt.ee\/en\/#website\"},\"primaryImageOfPage\":{\"@id\":\"https:\/\/rtt.ee\/ru\/toode\/mobiilsed-arvutid-ru\/tahvelarvutid-ru\/tahvelarvuti-zebra-et401-et401eb-301p1b2p-a6\/#primaryimage\"},\"image\":{\"@id\":\"https:\/\/rtt.ee\/ru\/toode\/mobiilsed-arvutid-ru\/tahvelarvutid-ru\/tahvelarvuti-zebra-et401-et401eb-301p1b2p-a6\/#primaryimage\"},\"thumbnailUrl\":\"https:\/\/rtt.ee\/wp-content\/uploads\/2026\/03\/ET401-1-scaled.jpg\",\"datePublished\":\"2026-03-23T09:15:40+00:00\",\"dateModified\":\"2026-03-25T08:37:57+00:00\",\"description\":\"Zebra ET401 \u00fchendab tarbijaseadme stiili ja t\u00f6\u00f6stusliku vastupidavuse. Veekindel, kukkumiskindel ja varustatud vahetatava akuga, et kesta terve t\u00f6\u00f6p\u00e4eva\",\"breadcrumb\":{\"@id\":\"https:\/\/rtt.ee\/ru\/toode\/mobiilsed-arvutid-ru\/tahvelarvutid-ru\/tahvelarvuti-zebra-et401-et401eb-301p1b2p-a6\/#breadcrumb\"},\"inLanguage\":\"ru-RU\",\"potentialAction\":[{\"@type\":\"ReadAction\",\"target\":[\"https:\/\/rtt.ee\/ru\/toode\/mobiilsed-arvutid-ru\/tahvelarvutid-ru\/tahvelarvuti-zebra-et401-et401eb-301p1b2p-a6\/\"]}]},{\"@type\":\"ImageObject\",\"inLanguage\":\"ru-RU\",\"@id\":\"https:\/\/rtt.ee\/ru\/toode\/mobiilsed-arvutid-ru\/tahvelarvutid-ru\/tahvelarvuti-zebra-et401-et401eb-301p1b2p-a6\/#primaryimage\",\"url\":\"https:\/\/rtt.ee\/wp-content\/uploads\/2026\/03\/ET401-1-scaled.jpg\",\"contentUrl\":\"https:\/\/rtt.ee\/wp-content\/uploads\/2026\/03\/ET401-1-scaled.jpg\",\"width\":2560,\"height\":1707,\"caption\":\"ET4010B-001C1B0P-A6\"},{\"@type\":\"BreadcrumbList\",\"@id\":\"https:\/\/rtt.ee\/ru\/toode\/mobiilsed-arvutid-ru\/tahvelarvutid-ru\/tahvelarvuti-zebra-et401-et401eb-301p1b2p-a6\/#breadcrumb\",\"itemListElement\":[{\"@type\":\"ListItem\",\"position\":1,\"name\":\"\u0413\u043b\u0430\u0432\u043d\u0430\u044f\",\"item\":\"https:\/\/rtt.ee\/ru\/\"},{\"@type\":\"ListItem\",\"position\":2,\"name\":\"Magazin\",\"item\":\"https:\/\/rtt.ee\/ru\/pood\/\"},{\"@type\":\"ListItem\",\"position\":3,\"name\":\"Mobiilsed arvutid\",\"item\":\"https:\/\/rtt.ee\/tootekategooria\/mobiilsed-arvutid\/\"},{\"@type\":\"ListItem\",\"position\":4,\"name\":\"Tahvelarvutid\",\"item\":\"https:\/\/rtt.ee\/tootekategooria\/mobiilsed-arvutid\/tahvelarvutid\/\"},{\"@type\":\"ListItem\",\"position\":5,\"name\":\"Tahvelarvuti Zebra ET401 \u2013 10\u201d\/Wi-Fi\/2D\/Android\/IP68\"}]},{\"@type\":\"WebSite\",\"@id\":\"https:\/\/rtt.ee\/en\/#website\",\"url\":\"https:\/\/rtt.ee\/en\/\",\"name\":\"RTT\",\"description\":\"Kassaaparaadid ja kontorikaubad\",\"potentialAction\":[{\"@type\":\"SearchAction\",\"target\":{\"@type\":\"EntryPoint\",\"urlTemplate\":\"https:\/\/rtt.ee\/en\/?s={search_term_string}\"},\"query-input\":{\"@type\":\"PropertyValueSpecification\",\"valueRequired\":true,\"valueName\":\"search_term_string\"}}],\"inLanguage\":\"ru-RU\"}]}<\/script>\n<!-- \/ Yoast SEO plugin. -->","yoast_head_json":{"title":"Tahvelarvuti Zebra ET401 \u2013 10\u201d\/Wi-Fi\/2D\/Android\/IP68 - RTT","description":"Zebra ET401 \u00fchendab tarbijaseadme stiili ja t\u00f6\u00f6stusliku vastupidavuse. Veekindel, kukkumiskindel ja varustatud vahetatava akuga, et kesta terve t\u00f6\u00f6p\u00e4eva","robots":{"index":"index","follow":"follow","max-snippet":"max-snippet:-1","max-image-preview":"max-image-preview:large","max-video-preview":"max-video-preview:-1"},"canonical":"https:\/\/rtt.ee\/ru\/toode\/mobiilsed-arvutid-ru\/tahvelarvutid-ru\/tahvelarvuti-zebra-et401-et401eb-301p1b2p-a6\/","og_locale":"ru_RU","og_type":"article","og_title":"Tahvelarvuti Zebra ET401 \u2013 10\u201d\/Wi-Fi\/2D\/Android\/IP68 - RTT","og_description":"Zebra ET401 \u00fchendab tarbijaseadme stiili ja t\u00f6\u00f6stusliku vastupidavuse. Veekindel, kukkumiskindel ja varustatud vahetatava akuga, et kesta terve t\u00f6\u00f6p\u00e4eva","og_url":"https:\/\/rtt.ee\/ru\/toode\/mobiilsed-arvutid-ru\/tahvelarvutid-ru\/tahvelarvuti-zebra-et401-et401eb-301p1b2p-a6\/","og_site_name":"RTT","article_modified_time":"2026-03-25T08:37:57+00:00","og_image":[{"width":2560,"height":1707,"url":"https:\/\/rtt.ee\/wp-content\/uploads\/2026\/03\/ET401-1-scaled.jpg","type":"image\/jpeg"}],"twitter_card":"summary_large_image","schema":{"@context":"https:\/\/schema.org","@graph":[{"@type":"WebPage","@id":"https:\/\/rtt.ee\/ru\/toode\/mobiilsed-arvutid-ru\/tahvelarvutid-ru\/tahvelarvuti-zebra-et401-et401eb-301p1b2p-a6\/","url":"https:\/\/rtt.ee\/ru\/toode\/mobiilsed-arvutid-ru\/tahvelarvutid-ru\/tahvelarvuti-zebra-et401-et401eb-301p1b2p-a6\/","name":"Tahvelarvuti Zebra ET401 \u2013 10\u201d\/Wi-Fi\/2D\/Android\/IP68 - RTT","isPartOf":{"@id":"https:\/\/rtt.ee\/en\/#website"},"primaryImageOfPage":{"@id":"https:\/\/rtt.ee\/ru\/toode\/mobiilsed-arvutid-ru\/tahvelarvutid-ru\/tahvelarvuti-zebra-et401-et401eb-301p1b2p-a6\/#primaryimage"},"image":{"@id":"https:\/\/rtt.ee\/ru\/toode\/mobiilsed-arvutid-ru\/tahvelarvutid-ru\/tahvelarvuti-zebra-et401-et401eb-301p1b2p-a6\/#primaryimage"},"thumbnailUrl":"https:\/\/rtt.ee\/wp-content\/uploads\/2026\/03\/ET401-1-scaled.jpg","datePublished":"2026-03-23T09:15:40+00:00","dateModified":"2026-03-25T08:37:57+00:00","description":"Zebra ET401 \u00fchendab tarbijaseadme stiili ja t\u00f6\u00f6stusliku vastupidavuse. Veekindel, kukkumiskindel ja varustatud vahetatava akuga, et kesta terve t\u00f6\u00f6p\u00e4eva","breadcrumb":{"@id":"https:\/\/rtt.ee\/ru\/toode\/mobiilsed-arvutid-ru\/tahvelarvutid-ru\/tahvelarvuti-zebra-et401-et401eb-301p1b2p-a6\/#breadcrumb"},"inLanguage":"ru-RU","potentialAction":[{"@type":"ReadAction","target":["https:\/\/rtt.ee\/ru\/toode\/mobiilsed-arvutid-ru\/tahvelarvutid-ru\/tahvelarvuti-zebra-et401-et401eb-301p1b2p-a6\/"]}]},{"@type":"ImageObject","inLanguage":"ru-RU","@id":"https:\/\/rtt.ee\/ru\/toode\/mobiilsed-arvutid-ru\/tahvelarvutid-ru\/tahvelarvuti-zebra-et401-et401eb-301p1b2p-a6\/#primaryimage","url":"https:\/\/rtt.ee\/wp-content\/uploads\/2026\/03\/ET401-1-scaled.jpg","contentUrl":"https:\/\/rtt.ee\/wp-content\/uploads\/2026\/03\/ET401-1-scaled.jpg","width":2560,"height":1707,"caption":"ET4010B-001C1B0P-A6"},{"@type":"BreadcrumbList","@id":"https:\/\/rtt.ee\/ru\/toode\/mobiilsed-arvutid-ru\/tahvelarvutid-ru\/tahvelarvuti-zebra-et401-et401eb-301p1b2p-a6\/#breadcrumb","itemListElement":[{"@type":"ListItem","position":1,"name":"\u0413\u043b\u0430\u0432\u043d\u0430\u044f","item":"https:\/\/rtt.ee\/ru\/"},{"@type":"ListItem","position":2,"name":"Magazin","item":"https:\/\/rtt.ee\/ru\/pood\/"},{"@type":"ListItem","position":3,"name":"Mobiilsed arvutid","item":"https:\/\/rtt.ee\/tootekategooria\/mobiilsed-arvutid\/"},{"@type":"ListItem","position":4,"name":"Tahvelarvutid","item":"https:\/\/rtt.ee\/tootekategooria\/mobiilsed-arvutid\/tahvelarvutid\/"},{"@type":"ListItem","position":5,"name":"Tahvelarvuti Zebra ET401 \u2013 10\u201d\/Wi-Fi\/2D\/Android\/IP68"}]},{"@type":"WebSite","@id":"https:\/\/rtt.ee\/en\/#website","url":"https:\/\/rtt.ee\/en\/","name":"RTT","description":"Kassaaparaadid ja kontorikaubad","potentialAction":[{"@type":"SearchAction","target":{"@type":"EntryPoint","urlTemplate":"https:\/\/rtt.ee\/en\/?s={search_term_string}"},"query-input":{"@type":"PropertyValueSpecification","valueRequired":true,"valueName":"search_term_string"}}],"inLanguage":"ru-RU"}]}},"_links":{"self":[{"href":"https:\/\/rtt.ee\/ru\/wp-json\/wp\/v2\/product\/17491","targetHints":{"allow":["GET"]}}],"collection":[{"href":"https:\/\/rtt.ee\/ru\/wp-json\/wp\/v2\/product"}],"about":[{"href":"https:\/\/rtt.ee\/ru\/wp-json\/wp\/v2\/types\/product"}],"wp:featuredmedia":[{"embeddable":true,"href":"https:\/\/rtt.ee\/ru\/wp-json\/wp\/v2\/media\/17466"}],"wp:attachment":[{"href":"https:\/\/rtt.ee\/ru\/wp-json\/wp\/v2\/media?parent=17491"}],"wp:term":[{"taxonomy":"product_brand","embeddable":true,"href":"https:\/\/rtt.ee\/ru\/wp-json\/wp\/v2\/product_brand?post=17491"},{"taxonomy":"product_cat","embeddable":true,"href":"https:\/\/rtt.ee\/ru\/wp-json\/wp\/v2\/product_cat?post=17491"},{"taxonomy":"product_tag","embeddable":true,"href":"https:\/\/rtt.ee\/ru\/wp-json\/wp\/v2\/product_tag?post=17491"}],"curies":[{"name":"wp","href":"https:\/\/api.w.org\/{rel}","templated":true}]}}