{"id":17408,"date":"2026-03-20T10:37:33","date_gmt":"2026-03-20T08:37:33","guid":{"rendered":"https:\/\/rtt.ee\/toode\/uncategorized\/trukilint-evolis-varviline-ymcko-300-printi-r5f208e100\/"},"modified":"2026-03-20T10:37:33","modified_gmt":"2026-03-20T08:37:33","slug":"trukilint-evolis-varviline-ymcko-300-printi-r5f208e100","status":"publish","type":"product","link":"https:\/\/rtt.ee\/ru\/toode\/kaardiprinterite-kulumaterjalid-ru\/trukilint-evolis-varviline-ymcko-300-printi-r5f208e100\/","title":{"rendered":"Tr\u00fckilint Evolis v\u00e4rviline YMCKO (300 printi) R5F208E100"},"content":{"rendered":"<p>V\u00e4rviline tr\u00fckilint YMCKO<\/p>\n<p>Tr\u00fckimaht kuni 300 printi<\/p>\n<p>Sobivus: Primacy 2, Zenius 2<\/p>\n","protected":false},"excerpt":{"rendered":"<p>V\u00e4rviline tr\u00fckilint YMCKO Tr\u00fckimaht kuni 300 printi Sobivus: Primacy 2, Zenius 2<\/p>\n","protected":false},"featured_media":12409,"template":"","meta":{"_acf_changed":false},"product_brand":[410],"product_cat":[343],"product_tag":[],"class_list":{"0":"post-17408","1":"product","2":"type-product","3":"status-publish","4":"has-post-thumbnail","6":"product_brand-evolis","7":"product_cat-kaardiprinterite-kulumaterjalid-ru","8":"product_brands-evolis-ru","10":"first","11":"instock","12":"taxable","13":"shipping-taxable","14":"purchasable","15":"product-type-simple"},"acf":[],"yoast_head":"<!-- This site is optimized with the Yoast SEO plugin v26.2 - https:\/\/yoast.com\/wordpress\/plugins\/seo\/ -->\n<title>Tr\u00fckilint Evolis v\u00e4rviline YMCKO (300 printi) R5F208E100 - RTT<\/title>\n<meta name=\"robots\" content=\"index, follow, max-snippet:-1, max-image-preview:large, max-video-preview:-1\" \/>\n<link rel=\"canonical\" href=\"https:\/\/rtt.ee\/ru\/toode\/uncategorized\/trukilint-evolis-varviline-ymcko-300-printi-r5f208e100\/\" \/>\n<meta property=\"og:locale\" content=\"ru_RU\" \/>\n<meta property=\"og:type\" content=\"article\" \/>\n<meta property=\"og:title\" content=\"Tr\u00fckilint Evolis v\u00e4rviline YMCKO (300 printi) R5F208E100 - RTT\" \/>\n<meta property=\"og:description\" content=\"V\u00e4rviline tr\u00fckilint YMCKO Tr\u00fckimaht kuni 300 printi Sobivus: Primacy 2, Zenius 2\" \/>\n<meta property=\"og:url\" content=\"https:\/\/rtt.ee\/ru\/toode\/uncategorized\/trukilint-evolis-varviline-ymcko-300-printi-r5f208e100\/\" \/>\n<meta property=\"og:site_name\" content=\"RTT\" \/>\n<meta property=\"og:image\" content=\"https:\/\/rtt.ee\/wp-content\/uploads\/2022\/01\/rtt_logo_350X350.jpg\" \/>\n\t<meta property=\"og:image:width\" content=\"350\" \/>\n\t<meta property=\"og:image:height\" content=\"350\" \/>\n\t<meta property=\"og:image:type\" content=\"image\/jpeg\" \/>\n<meta name=\"twitter:card\" content=\"summary_large_image\" \/>\n<script type=\"application\/ld+json\" class=\"yoast-schema-graph\">{\"@context\":\"https:\/\/schema.org\",\"@graph\":[{\"@type\":\"WebPage\",\"@id\":\"https:\/\/rtt.ee\/ru\/toode\/uncategorized\/trukilint-evolis-varviline-ymcko-300-printi-r5f208e100\/\",\"url\":\"https:\/\/rtt.ee\/ru\/toode\/uncategorized\/trukilint-evolis-varviline-ymcko-300-printi-r5f208e100\/\",\"name\":\"Tr\u00fckilint Evolis v\u00e4rviline YMCKO (300 printi) R5F208E100 - RTT\",\"isPartOf\":{\"@id\":\"https:\/\/rtt.ee\/en\/#website\"},\"primaryImageOfPage\":{\"@id\":\"https:\/\/rtt.ee\/ru\/toode\/uncategorized\/trukilint-evolis-varviline-ymcko-300-printi-r5f208e100\/#primaryimage\"},\"image\":{\"@id\":\"https:\/\/rtt.ee\/ru\/toode\/uncategorized\/trukilint-evolis-varviline-ymcko-300-printi-r5f208e100\/#primaryimage\"},\"thumbnailUrl\":\"https:\/\/rtt.ee\/wp-content\/uploads\/2025\/08\/Evolis_r5f208e100.jpg\",\"datePublished\":\"2026-03-20T08:37:33+00:00\",\"breadcrumb\":{\"@id\":\"https:\/\/rtt.ee\/ru\/toode\/uncategorized\/trukilint-evolis-varviline-ymcko-300-printi-r5f208e100\/#breadcrumb\"},\"inLanguage\":\"ru-RU\",\"potentialAction\":[{\"@type\":\"ReadAction\",\"target\":[\"https:\/\/rtt.ee\/ru\/toode\/uncategorized\/trukilint-evolis-varviline-ymcko-300-printi-r5f208e100\/\"]}]},{\"@type\":\"ImageObject\",\"inLanguage\":\"ru-RU\",\"@id\":\"https:\/\/rtt.ee\/ru\/toode\/uncategorized\/trukilint-evolis-varviline-ymcko-300-printi-r5f208e100\/#primaryimage\",\"url\":\"https:\/\/rtt.ee\/wp-content\/uploads\/2025\/08\/Evolis_r5f208e100.jpg\",\"contentUrl\":\"https:\/\/rtt.ee\/wp-content\/uploads\/2025\/08\/Evolis_r5f208e100.jpg\",\"width\":570,\"height\":459},{\"@type\":\"BreadcrumbList\",\"@id\":\"https:\/\/rtt.ee\/ru\/toode\/uncategorized\/trukilint-evolis-varviline-ymcko-300-printi-r5f208e100\/#breadcrumb\",\"itemListElement\":[{\"@type\":\"ListItem\",\"position\":1,\"name\":\"\u0413\u043b\u0430\u0432\u043d\u0430\u044f\",\"item\":\"https:\/\/rtt.ee\/ru\/\"},{\"@type\":\"ListItem\",\"position\":2,\"name\":\"Magazin\",\"item\":\"https:\/\/rtt.ee\/ru\/pood\/\"},{\"@type\":\"ListItem\",\"position\":3,\"name\":\"Tr\u00fckilint Evolis v\u00e4rviline YMCKO (300 printi) R5F208E100\"}]},{\"@type\":\"WebSite\",\"@id\":\"https:\/\/rtt.ee\/en\/#website\",\"url\":\"https:\/\/rtt.ee\/en\/\",\"name\":\"RTT\",\"description\":\"Kassaaparaadid ja kontorikaubad\",\"potentialAction\":[{\"@type\":\"SearchAction\",\"target\":{\"@type\":\"EntryPoint\",\"urlTemplate\":\"https:\/\/rtt.ee\/en\/?s={search_term_string}\"},\"query-input\":{\"@type\":\"PropertyValueSpecification\",\"valueRequired\":true,\"valueName\":\"search_term_string\"}}],\"inLanguage\":\"ru-RU\"}]}<\/script>\n<!-- \/ Yoast SEO plugin. -->","yoast_head_json":{"title":"Tr\u00fckilint Evolis v\u00e4rviline YMCKO (300 printi) R5F208E100 - RTT","robots":{"index":"index","follow":"follow","max-snippet":"max-snippet:-1","max-image-preview":"max-image-preview:large","max-video-preview":"max-video-preview:-1"},"canonical":"https:\/\/rtt.ee\/ru\/toode\/uncategorized\/trukilint-evolis-varviline-ymcko-300-printi-r5f208e100\/","og_locale":"ru_RU","og_type":"article","og_title":"Tr\u00fckilint Evolis v\u00e4rviline YMCKO (300 printi) R5F208E100 - RTT","og_description":"V\u00e4rviline tr\u00fckilint YMCKO Tr\u00fckimaht kuni 300 printi Sobivus: Primacy 2, Zenius 2","og_url":"https:\/\/rtt.ee\/ru\/toode\/uncategorized\/trukilint-evolis-varviline-ymcko-300-printi-r5f208e100\/","og_site_name":"RTT","og_image":[{"width":350,"height":350,"url":"https:\/\/rtt.ee\/wp-content\/uploads\/2022\/01\/rtt_logo_350X350.jpg","type":"image\/jpeg"}],"twitter_card":"summary_large_image","schema":{"@context":"https:\/\/schema.org","@graph":[{"@type":"WebPage","@id":"https:\/\/rtt.ee\/ru\/toode\/uncategorized\/trukilint-evolis-varviline-ymcko-300-printi-r5f208e100\/","url":"https:\/\/rtt.ee\/ru\/toode\/uncategorized\/trukilint-evolis-varviline-ymcko-300-printi-r5f208e100\/","name":"Tr\u00fckilint Evolis v\u00e4rviline YMCKO (300 printi) R5F208E100 - RTT","isPartOf":{"@id":"https:\/\/rtt.ee\/en\/#website"},"primaryImageOfPage":{"@id":"https:\/\/rtt.ee\/ru\/toode\/uncategorized\/trukilint-evolis-varviline-ymcko-300-printi-r5f208e100\/#primaryimage"},"image":{"@id":"https:\/\/rtt.ee\/ru\/toode\/uncategorized\/trukilint-evolis-varviline-ymcko-300-printi-r5f208e100\/#primaryimage"},"thumbnailUrl":"https:\/\/rtt.ee\/wp-content\/uploads\/2025\/08\/Evolis_r5f208e100.jpg","datePublished":"2026-03-20T08:37:33+00:00","breadcrumb":{"@id":"https:\/\/rtt.ee\/ru\/toode\/uncategorized\/trukilint-evolis-varviline-ymcko-300-printi-r5f208e100\/#breadcrumb"},"inLanguage":"ru-RU","potentialAction":[{"@type":"ReadAction","target":["https:\/\/rtt.ee\/ru\/toode\/uncategorized\/trukilint-evolis-varviline-ymcko-300-printi-r5f208e100\/"]}]},{"@type":"ImageObject","inLanguage":"ru-RU","@id":"https:\/\/rtt.ee\/ru\/toode\/uncategorized\/trukilint-evolis-varviline-ymcko-300-printi-r5f208e100\/#primaryimage","url":"https:\/\/rtt.ee\/wp-content\/uploads\/2025\/08\/Evolis_r5f208e100.jpg","contentUrl":"https:\/\/rtt.ee\/wp-content\/uploads\/2025\/08\/Evolis_r5f208e100.jpg","width":570,"height":459},{"@type":"BreadcrumbList","@id":"https:\/\/rtt.ee\/ru\/toode\/uncategorized\/trukilint-evolis-varviline-ymcko-300-printi-r5f208e100\/#breadcrumb","itemListElement":[{"@type":"ListItem","position":1,"name":"\u0413\u043b\u0430\u0432\u043d\u0430\u044f","item":"https:\/\/rtt.ee\/ru\/"},{"@type":"ListItem","position":2,"name":"Magazin","item":"https:\/\/rtt.ee\/ru\/pood\/"},{"@type":"ListItem","position":3,"name":"Tr\u00fckilint Evolis v\u00e4rviline YMCKO (300 printi) R5F208E100"}]},{"@type":"WebSite","@id":"https:\/\/rtt.ee\/en\/#website","url":"https:\/\/rtt.ee\/en\/","name":"RTT","description":"Kassaaparaadid ja kontorikaubad","potentialAction":[{"@type":"SearchAction","target":{"@type":"EntryPoint","urlTemplate":"https:\/\/rtt.ee\/en\/?s={search_term_string}"},"query-input":{"@type":"PropertyValueSpecification","valueRequired":true,"valueName":"search_term_string"}}],"inLanguage":"ru-RU"}]}},"_links":{"self":[{"href":"https:\/\/rtt.ee\/ru\/wp-json\/wp\/v2\/product\/17408","targetHints":{"allow":["GET"]}}],"collection":[{"href":"https:\/\/rtt.ee\/ru\/wp-json\/wp\/v2\/product"}],"about":[{"href":"https:\/\/rtt.ee\/ru\/wp-json\/wp\/v2\/types\/product"}],"wp:featuredmedia":[{"embeddable":true,"href":"https:\/\/rtt.ee\/ru\/wp-json\/wp\/v2\/media\/12409"}],"wp:attachment":[{"href":"https:\/\/rtt.ee\/ru\/wp-json\/wp\/v2\/media?parent=17408"}],"wp:term":[{"taxonomy":"product_brand","embeddable":true,"href":"https:\/\/rtt.ee\/ru\/wp-json\/wp\/v2\/product_brand?post=17408"},{"taxonomy":"product_cat","embeddable":true,"href":"https:\/\/rtt.ee\/ru\/wp-json\/wp\/v2\/product_cat?post=17408"},{"taxonomy":"product_tag","embeddable":true,"href":"https:\/\/rtt.ee\/ru\/wp-json\/wp\/v2\/product_tag?post=17408"}],"curies":[{"name":"wp","href":"https:\/\/api.w.org\/{rel}","templated":true}]}}