{"id":17405,"date":"2025-12-17T16:15:54","date_gmt":"2025-12-17T14:15:54","guid":{"rendered":"https:\/\/rtt.ee\/toode\/uncategorized\/trukilint-evolis-varviline\/"},"modified":"2026-03-20T10:30:56","modified_gmt":"2026-03-20T08:30:56","slug":"trukilint-evolis-varviline","status":"publish","type":"product","link":"https:\/\/rtt.ee\/ru\/toode\/kaardiprinterite-kulumaterjalid-ru\/trukilint-evolis-varviline\/","title":{"rendered":"Tr\u00fckilint Evolis v\u00e4rviline YMCKO (200 printi) R5F202E100"},"content":{"rendered":"<p>V\u00e4rviline tr\u00fckilint (YMCKO)<\/p>\n<p>Tr\u00fckikogus &#8212; 200 kaarti<\/p>\n<div class=\"d-flex flex-column me-auto\">\n<div class=\"field field--name-field-description-ref field--type-entity-reference field--label-hidden field__item\">\n<div><span class=\"long-description\">Sobivus: Evolis Primacy 2, Evolis Zenius 2<\/span><\/div>\n<\/div>\n<\/div>\n","protected":false},"excerpt":{"rendered":"<p>V\u00e4rviline tr\u00fckilint (YMCKO) Tr\u00fckikogus &#8212; 200 kaarti Sobivus: Evolis Primacy 2, Evolis Zenius 2<\/p>\n","protected":false},"featured_media":12409,"template":"","meta":{"_acf_changed":false},"product_brand":[410],"product_cat":[343],"product_tag":[],"class_list":{"0":"post-17405","1":"product","2":"type-product","3":"status-publish","4":"has-post-thumbnail","6":"product_brand-evolis","7":"product_cat-kaardiprinterite-kulumaterjalid-ru","8":"product_brands-evolis-ru","10":"first","11":"instock","12":"taxable","13":"shipping-taxable","14":"purchasable","15":"product-type-simple"},"acf":[],"yoast_head":"<!-- This site is optimized with the Yoast SEO plugin v26.2 - https:\/\/yoast.com\/wordpress\/plugins\/seo\/ -->\n<title>Tr\u00fckilint Evolis v\u00e4rviline YMCKO (200 printi) R5F202E100 - RTT<\/title>\n<meta name=\"description\" content=\"Evolis R5F202E100 YMCKO v\u00e4rvilint \u2013 200 tr\u00fckki. Sobib Zenius 2 ja Primacy 2 printeritele. Erksad v\u00e4rvid, terav tekst ja kaitsekiht kuni 3 aastaks.\" \/>\n<meta name=\"robots\" content=\"index, follow, max-snippet:-1, max-image-preview:large, max-video-preview:-1\" \/>\n<link rel=\"canonical\" href=\"https:\/\/rtt.ee\/ru\/toode\/kaardiprinterite-kulumaterjalid-ru\/trukilint-evolis-varviline\/\" \/>\n<meta property=\"og:locale\" content=\"ru_RU\" \/>\n<meta property=\"og:type\" content=\"article\" \/>\n<meta property=\"og:title\" content=\"Tr\u00fckilint Evolis v\u00e4rviline YMCKO (200 printi) R5F202E100 - RTT\" \/>\n<meta property=\"og:description\" content=\"Evolis R5F202E100 YMCKO v\u00e4rvilint \u2013 200 tr\u00fckki. Sobib Zenius 2 ja Primacy 2 printeritele. Erksad v\u00e4rvid, terav tekst ja kaitsekiht kuni 3 aastaks.\" \/>\n<meta property=\"og:url\" content=\"https:\/\/rtt.ee\/ru\/toode\/kaardiprinterite-kulumaterjalid-ru\/trukilint-evolis-varviline\/\" \/>\n<meta property=\"og:site_name\" content=\"RTT\" \/>\n<meta property=\"article:modified_time\" content=\"2026-03-20T08:30:56+00:00\" \/>\n<meta property=\"og:image\" content=\"https:\/\/rtt.ee\/wp-content\/uploads\/2025\/08\/Evolis_r5f208e100.jpg\" \/>\n\t<meta property=\"og:image:width\" content=\"570\" \/>\n\t<meta property=\"og:image:height\" content=\"459\" \/>\n\t<meta property=\"og:image:type\" content=\"image\/jpeg\" \/>\n<meta name=\"twitter:card\" content=\"summary_large_image\" \/>\n<meta name=\"twitter:label1\" content=\"\u041f\u0440\u0438\u043c\u0435\u0440\u043d\u043e\u0435 \u0432\u0440\u0435\u043c\u044f \u0434\u043b\u044f \u0447\u0442\u0435\u043d\u0438\u044f\" \/>\n\t<meta name=\"twitter:data1\" content=\"1 \u043c\u0438\u043d\u0443\u0442\u0430\" \/>\n<script type=\"application\/ld+json\" class=\"yoast-schema-graph\">{\"@context\":\"https:\/\/schema.org\",\"@graph\":[{\"@type\":\"WebPage\",\"@id\":\"https:\/\/rtt.ee\/ru\/toode\/kaardiprinterite-kulumaterjalid-ru\/trukilint-evolis-varviline\/\",\"url\":\"https:\/\/rtt.ee\/ru\/toode\/kaardiprinterite-kulumaterjalid-ru\/trukilint-evolis-varviline\/\",\"name\":\"Tr\u00fckilint Evolis v\u00e4rviline YMCKO (200 printi) R5F202E100 - RTT\",\"isPartOf\":{\"@id\":\"https:\/\/rtt.ee\/en\/#website\"},\"primaryImageOfPage\":{\"@id\":\"https:\/\/rtt.ee\/ru\/toode\/kaardiprinterite-kulumaterjalid-ru\/trukilint-evolis-varviline\/#primaryimage\"},\"image\":{\"@id\":\"https:\/\/rtt.ee\/ru\/toode\/kaardiprinterite-kulumaterjalid-ru\/trukilint-evolis-varviline\/#primaryimage\"},\"thumbnailUrl\":\"https:\/\/rtt.ee\/wp-content\/uploads\/2025\/08\/Evolis_r5f208e100.jpg\",\"datePublished\":\"2025-12-17T14:15:54+00:00\",\"dateModified\":\"2026-03-20T08:30:56+00:00\",\"description\":\"Evolis R5F202E100 YMCKO v\u00e4rvilint \u2013 200 tr\u00fckki. Sobib Zenius 2 ja Primacy 2 printeritele. Erksad v\u00e4rvid, terav tekst ja kaitsekiht kuni 3 aastaks.\",\"breadcrumb\":{\"@id\":\"https:\/\/rtt.ee\/ru\/toode\/kaardiprinterite-kulumaterjalid-ru\/trukilint-evolis-varviline\/#breadcrumb\"},\"inLanguage\":\"ru-RU\",\"potentialAction\":[{\"@type\":\"ReadAction\",\"target\":[\"https:\/\/rtt.ee\/ru\/toode\/kaardiprinterite-kulumaterjalid-ru\/trukilint-evolis-varviline\/\"]}]},{\"@type\":\"ImageObject\",\"inLanguage\":\"ru-RU\",\"@id\":\"https:\/\/rtt.ee\/ru\/toode\/kaardiprinterite-kulumaterjalid-ru\/trukilint-evolis-varviline\/#primaryimage\",\"url\":\"https:\/\/rtt.ee\/wp-content\/uploads\/2025\/08\/Evolis_r5f208e100.jpg\",\"contentUrl\":\"https:\/\/rtt.ee\/wp-content\/uploads\/2025\/08\/Evolis_r5f208e100.jpg\",\"width\":570,\"height\":459},{\"@type\":\"BreadcrumbList\",\"@id\":\"https:\/\/rtt.ee\/ru\/toode\/kaardiprinterite-kulumaterjalid-ru\/trukilint-evolis-varviline\/#breadcrumb\",\"itemListElement\":[{\"@type\":\"ListItem\",\"position\":1,\"name\":\"\u0413\u043b\u0430\u0432\u043d\u0430\u044f\",\"item\":\"https:\/\/rtt.ee\/ru\/\"},{\"@type\":\"ListItem\",\"position\":2,\"name\":\"Magazin\",\"item\":\"https:\/\/rtt.ee\/ru\/pood\/\"},{\"@type\":\"ListItem\",\"position\":3,\"name\":\"Kulumaterjalid\",\"item\":\"https:\/\/rtt.ee\/tootekategooria\/kulumaterjalid\/\"},{\"@type\":\"ListItem\",\"position\":4,\"name\":\"Kaardiprinterite kulumaterjalid\",\"item\":\"https:\/\/rtt.ee\/tootekategooria\/kulumaterjalid\/kaardiprinterite-kulumaterjalid\/\"},{\"@type\":\"ListItem\",\"position\":5,\"name\":\"Tr\u00fckilint Evolis v\u00e4rviline YMCKO (200 printi) R5F202E100\"}]},{\"@type\":\"WebSite\",\"@id\":\"https:\/\/rtt.ee\/en\/#website\",\"url\":\"https:\/\/rtt.ee\/en\/\",\"name\":\"RTT\",\"description\":\"Kassaaparaadid ja kontorikaubad\",\"potentialAction\":[{\"@type\":\"SearchAction\",\"target\":{\"@type\":\"EntryPoint\",\"urlTemplate\":\"https:\/\/rtt.ee\/en\/?s={search_term_string}\"},\"query-input\":{\"@type\":\"PropertyValueSpecification\",\"valueRequired\":true,\"valueName\":\"search_term_string\"}}],\"inLanguage\":\"ru-RU\"}]}<\/script>\n<!-- \/ Yoast SEO plugin. -->","yoast_head_json":{"title":"Tr\u00fckilint Evolis v\u00e4rviline YMCKO (200 printi) R5F202E100 - RTT","description":"Evolis R5F202E100 YMCKO v\u00e4rvilint \u2013 200 tr\u00fckki. Sobib Zenius 2 ja Primacy 2 printeritele. Erksad v\u00e4rvid, terav tekst ja kaitsekiht kuni 3 aastaks.","robots":{"index":"index","follow":"follow","max-snippet":"max-snippet:-1","max-image-preview":"max-image-preview:large","max-video-preview":"max-video-preview:-1"},"canonical":"https:\/\/rtt.ee\/ru\/toode\/kaardiprinterite-kulumaterjalid-ru\/trukilint-evolis-varviline\/","og_locale":"ru_RU","og_type":"article","og_title":"Tr\u00fckilint Evolis v\u00e4rviline YMCKO (200 printi) R5F202E100 - RTT","og_description":"Evolis R5F202E100 YMCKO v\u00e4rvilint \u2013 200 tr\u00fckki. Sobib Zenius 2 ja Primacy 2 printeritele. Erksad v\u00e4rvid, terav tekst ja kaitsekiht kuni 3 aastaks.","og_url":"https:\/\/rtt.ee\/ru\/toode\/kaardiprinterite-kulumaterjalid-ru\/trukilint-evolis-varviline\/","og_site_name":"RTT","article_modified_time":"2026-03-20T08:30:56+00:00","og_image":[{"width":570,"height":459,"url":"https:\/\/rtt.ee\/wp-content\/uploads\/2025\/08\/Evolis_r5f208e100.jpg","type":"image\/jpeg"}],"twitter_card":"summary_large_image","twitter_misc":{"\u041f\u0440\u0438\u043c\u0435\u0440\u043d\u043e\u0435 \u0432\u0440\u0435\u043c\u044f \u0434\u043b\u044f \u0447\u0442\u0435\u043d\u0438\u044f":"1 \u043c\u0438\u043d\u0443\u0442\u0430"},"schema":{"@context":"https:\/\/schema.org","@graph":[{"@type":"WebPage","@id":"https:\/\/rtt.ee\/ru\/toode\/kaardiprinterite-kulumaterjalid-ru\/trukilint-evolis-varviline\/","url":"https:\/\/rtt.ee\/ru\/toode\/kaardiprinterite-kulumaterjalid-ru\/trukilint-evolis-varviline\/","name":"Tr\u00fckilint Evolis v\u00e4rviline YMCKO (200 printi) R5F202E100 - RTT","isPartOf":{"@id":"https:\/\/rtt.ee\/en\/#website"},"primaryImageOfPage":{"@id":"https:\/\/rtt.ee\/ru\/toode\/kaardiprinterite-kulumaterjalid-ru\/trukilint-evolis-varviline\/#primaryimage"},"image":{"@id":"https:\/\/rtt.ee\/ru\/toode\/kaardiprinterite-kulumaterjalid-ru\/trukilint-evolis-varviline\/#primaryimage"},"thumbnailUrl":"https:\/\/rtt.ee\/wp-content\/uploads\/2025\/08\/Evolis_r5f208e100.jpg","datePublished":"2025-12-17T14:15:54+00:00","dateModified":"2026-03-20T08:30:56+00:00","description":"Evolis R5F202E100 YMCKO v\u00e4rvilint \u2013 200 tr\u00fckki. Sobib Zenius 2 ja Primacy 2 printeritele. Erksad v\u00e4rvid, terav tekst ja kaitsekiht kuni 3 aastaks.","breadcrumb":{"@id":"https:\/\/rtt.ee\/ru\/toode\/kaardiprinterite-kulumaterjalid-ru\/trukilint-evolis-varviline\/#breadcrumb"},"inLanguage":"ru-RU","potentialAction":[{"@type":"ReadAction","target":["https:\/\/rtt.ee\/ru\/toode\/kaardiprinterite-kulumaterjalid-ru\/trukilint-evolis-varviline\/"]}]},{"@type":"ImageObject","inLanguage":"ru-RU","@id":"https:\/\/rtt.ee\/ru\/toode\/kaardiprinterite-kulumaterjalid-ru\/trukilint-evolis-varviline\/#primaryimage","url":"https:\/\/rtt.ee\/wp-content\/uploads\/2025\/08\/Evolis_r5f208e100.jpg","contentUrl":"https:\/\/rtt.ee\/wp-content\/uploads\/2025\/08\/Evolis_r5f208e100.jpg","width":570,"height":459},{"@type":"BreadcrumbList","@id":"https:\/\/rtt.ee\/ru\/toode\/kaardiprinterite-kulumaterjalid-ru\/trukilint-evolis-varviline\/#breadcrumb","itemListElement":[{"@type":"ListItem","position":1,"name":"\u0413\u043b\u0430\u0432\u043d\u0430\u044f","item":"https:\/\/rtt.ee\/ru\/"},{"@type":"ListItem","position":2,"name":"Magazin","item":"https:\/\/rtt.ee\/ru\/pood\/"},{"@type":"ListItem","position":3,"name":"Kulumaterjalid","item":"https:\/\/rtt.ee\/tootekategooria\/kulumaterjalid\/"},{"@type":"ListItem","position":4,"name":"Kaardiprinterite kulumaterjalid","item":"https:\/\/rtt.ee\/tootekategooria\/kulumaterjalid\/kaardiprinterite-kulumaterjalid\/"},{"@type":"ListItem","position":5,"name":"Tr\u00fckilint Evolis v\u00e4rviline YMCKO (200 printi) R5F202E100"}]},{"@type":"WebSite","@id":"https:\/\/rtt.ee\/en\/#website","url":"https:\/\/rtt.ee\/en\/","name":"RTT","description":"Kassaaparaadid ja kontorikaubad","potentialAction":[{"@type":"SearchAction","target":{"@type":"EntryPoint","urlTemplate":"https:\/\/rtt.ee\/en\/?s={search_term_string}"},"query-input":{"@type":"PropertyValueSpecification","valueRequired":true,"valueName":"search_term_string"}}],"inLanguage":"ru-RU"}]}},"_links":{"self":[{"href":"https:\/\/rtt.ee\/ru\/wp-json\/wp\/v2\/product\/17405","targetHints":{"allow":["GET"]}}],"collection":[{"href":"https:\/\/rtt.ee\/ru\/wp-json\/wp\/v2\/product"}],"about":[{"href":"https:\/\/rtt.ee\/ru\/wp-json\/wp\/v2\/types\/product"}],"wp:featuredmedia":[{"embeddable":true,"href":"https:\/\/rtt.ee\/ru\/wp-json\/wp\/v2\/media\/12409"}],"wp:attachment":[{"href":"https:\/\/rtt.ee\/ru\/wp-json\/wp\/v2\/media?parent=17405"}],"wp:term":[{"taxonomy":"product_brand","embeddable":true,"href":"https:\/\/rtt.ee\/ru\/wp-json\/wp\/v2\/product_brand?post=17405"},{"taxonomy":"product_cat","embeddable":true,"href":"https:\/\/rtt.ee\/ru\/wp-json\/wp\/v2\/product_cat?post=17405"},{"taxonomy":"product_tag","embeddable":true,"href":"https:\/\/rtt.ee\/ru\/wp-json\/wp\/v2\/product_tag?post=17405"}],"curies":[{"name":"wp","href":"https:\/\/api.w.org\/{rel}","templated":true}]}}