{"id":17387,"date":"2025-09-11T16:06:41","date_gmt":"2025-09-11T13:06:41","guid":{"rendered":"https:\/\/rtt.ee\/toode\/uncategorized\/workforce-pro-em-c7100dwf-multifunktsionaalne-a3-varvi-tindiprinter\/"},"modified":"2026-03-26T14:19:34","modified_gmt":"2026-03-26T12:19:34","slug":"workforce-pro-em-c7100dwf-multifunktsionaalne-a3-varvi-tindiprinter","status":"publish","type":"product","link":"https:\/\/rtt.ee\/ru\/toode\/koopiamasinad-ru\/a3-printer-skanner-koopiamasinad-ru\/workforce-pro-em-c7100dwf-multifunktsionaalne-a3-varvi-tindiprinter\/","title":{"rendered":"EPSON WorkForce Pro EM-C7100DWF multifunktsionaalne A3 v\u00e4rvi-tindiprinter"},"content":{"rendered":"<p>Funktsioonid: printimine, skannimine, kopeerimine, faksimine<\/p>\n<p>Tr\u00fckikiirus A4 (ISO): 25 Lk\/min (must-valge):, 24Lk\/min (v\u00e4rviline)<\/p>\n<p>Paberis\u00f6\u00f6tja maht: 335 lehte (Standard), 1835 lehte (lisa)<\/p>\n<p>Soovitatud t\u00f6\u00f6ts\u00fckkel: 500 \u2013 5000 Lk\/kuus<\/p>\n<div class=\"key\">\n<div class=\"heightenate\">\u00dchendused: USB 2.0 , LAN liides, WIFI (IEEE 802.11a\/b\/g\/n\/ac)<\/div>\n<\/div>\n<p>Toetatavad operatsioonis\u00fcsteemid: Android, Windows, Windows Server, MacOS<\/p>\n<p>Lisafunktsioonid: kahepoolne printimine, otseprintimine USB-lt, Emailile skannimine, skannimine USB-le, skannimine arvutisse, AirPrint, puutetundlik juhtpaneel<\/p>\n<p>Lisainfo:\u00a0<a href=\"https:\/\/www.epson.ee\/et_EE\/tooted\/printerid\/inkjet\/%c3%84riline-tindiprinter\/workforce-pro-em-c7100dwf-a3%2B-v%C3%A4rviline-multifunktsionaalne-%C3%A4riklassi-tindiprinter\/p\/44805\">Tehniline kirjeldus eesti keeles<\/a><\/p>\n<p>Tel: +372 6 112 256<\/p>\n<p>GSM: +372 5 014 470<\/p>\n","protected":false},"excerpt":{"rendered":"<p>Funktsioonid: printimine, skannimine, kopeerimine, faksimine Tr\u00fckikiirus A4 (ISO): 25 Lk\/min (must-valge):, 24Lk\/min (v\u00e4rviline) Paberis\u00f6\u00f6tja maht: 335 lehte (Standard), 1835 lehte (lisa) Soovitatud t\u00f6\u00f6ts\u00fckkel: 500 \u2013 5000 Lk\/kuus \u00dchendused: USB 2.0 , LAN liides, WIFI (IEEE 802.11a\/b\/g\/n\/ac) Toetatavad operatsioonis\u00fcsteemid: Android, Windows, Windows Server, MacOS Lisafunktsioonid: kahepoolne printimine, otseprintimine USB-lt, Emailile skannimine, skannimine USB-le, skannimine arvutisse, AirPrint, [&hellip;]<\/p>\n","protected":false},"featured_media":12958,"template":"","meta":{"_acf_changed":false},"product_brand":[405],"product_cat":[233,235],"product_tag":[],"class_list":{"0":"post-17387","1":"product","2":"type-product","3":"status-publish","4":"has-post-thumbnail","6":"product_brand-epson","7":"product_cat-koopiamasinad-ru","8":"product_cat-a3-printer-skanner-koopiamasinad-ru","9":"product_brands-epson-ru","11":"first","12":"onbackorder","13":"taxable","14":"shipping-taxable","15":"purchasable","16":"product-type-simple"},"acf":[],"yoast_head":"<!-- This site is optimized with the Yoast SEO plugin v26.2 - https:\/\/yoast.com\/wordpress\/plugins\/seo\/ -->\n<title>EPSON WorkForce Pro EM-C7100DWF multifunktsionaalne A3 v\u00e4rvi-tindiprinter - RTT<\/title>\n<meta name=\"description\" content=\"Epson EcoTank EM-C7100DWF \u2013 \u00fclimalt s\u00e4\u00e4stlik ja kiire A4 v\u00e4rviprinter kontorisse. Madalad kulud, suur tindimahuti ja Wi-Fi \u00fchendus\" \/>\n<meta name=\"robots\" content=\"index, follow, max-snippet:-1, max-image-preview:large, max-video-preview:-1\" \/>\n<link rel=\"canonical\" href=\"https:\/\/rtt.ee\/ru\/toode\/koopiamasinad-ru\/a3-printer-skanner-koopiamasinad-ru\/workforce-pro-em-c7100dwf-multifunktsionaalne-a3-varvi-tindiprinter\/\" \/>\n<meta property=\"og:locale\" content=\"ru_RU\" \/>\n<meta property=\"og:type\" content=\"article\" \/>\n<meta property=\"og:title\" content=\"EPSON WorkForce Pro EM-C7100DWF multifunktsionaalne A3 v\u00e4rvi-tindiprinter - RTT\" \/>\n<meta property=\"og:description\" content=\"Epson EcoTank EM-C7100DWF \u2013 \u00fclimalt s\u00e4\u00e4stlik ja kiire A4 v\u00e4rviprinter kontorisse. Madalad kulud, suur tindimahuti ja Wi-Fi \u00fchendus\" \/>\n<meta property=\"og:url\" content=\"https:\/\/rtt.ee\/ru\/toode\/koopiamasinad-ru\/a3-printer-skanner-koopiamasinad-ru\/workforce-pro-em-c7100dwf-multifunktsionaalne-a3-varvi-tindiprinter\/\" \/>\n<meta property=\"og:site_name\" content=\"RTT\" \/>\n<meta property=\"article:modified_time\" content=\"2026-03-26T12:19:34+00:00\" \/>\n<meta property=\"og:image\" content=\"https:\/\/rtt.ee\/wp-content\/uploads\/2025\/09\/wf-pro-em-c7100-product-image-1-eest-scaled-e1774527558330.jpg\" \/>\n\t<meta property=\"og:image:width\" content=\"2318\" \/>\n\t<meta property=\"og:image:height\" content=\"2560\" \/>\n\t<meta property=\"og:image:type\" content=\"image\/jpeg\" \/>\n<meta name=\"twitter:card\" content=\"summary_large_image\" \/>\n<script type=\"application\/ld+json\" class=\"yoast-schema-graph\">{\"@context\":\"https:\/\/schema.org\",\"@graph\":[{\"@type\":\"WebPage\",\"@id\":\"https:\/\/rtt.ee\/ru\/toode\/koopiamasinad-ru\/a3-printer-skanner-koopiamasinad-ru\/workforce-pro-em-c7100dwf-multifunktsionaalne-a3-varvi-tindiprinter\/\",\"url\":\"https:\/\/rtt.ee\/ru\/toode\/koopiamasinad-ru\/a3-printer-skanner-koopiamasinad-ru\/workforce-pro-em-c7100dwf-multifunktsionaalne-a3-varvi-tindiprinter\/\",\"name\":\"EPSON WorkForce Pro EM-C7100DWF multifunktsionaalne A3 v\u00e4rvi-tindiprinter - RTT\",\"isPartOf\":{\"@id\":\"https:\/\/rtt.ee\/en\/#website\"},\"primaryImageOfPage\":{\"@id\":\"https:\/\/rtt.ee\/ru\/toode\/koopiamasinad-ru\/a3-printer-skanner-koopiamasinad-ru\/workforce-pro-em-c7100dwf-multifunktsionaalne-a3-varvi-tindiprinter\/#primaryimage\"},\"image\":{\"@id\":\"https:\/\/rtt.ee\/ru\/toode\/koopiamasinad-ru\/a3-printer-skanner-koopiamasinad-ru\/workforce-pro-em-c7100dwf-multifunktsionaalne-a3-varvi-tindiprinter\/#primaryimage\"},\"thumbnailUrl\":\"https:\/\/rtt.ee\/wp-content\/uploads\/2025\/09\/wf-pro-em-c7100-product-image-1-eest-scaled-e1774527558330.jpg\",\"datePublished\":\"2025-09-11T13:06:41+00:00\",\"dateModified\":\"2026-03-26T12:19:34+00:00\",\"description\":\"Epson EcoTank EM-C7100DWF \u2013 \u00fclimalt s\u00e4\u00e4stlik ja kiire A4 v\u00e4rviprinter kontorisse. Madalad kulud, suur tindimahuti ja Wi-Fi \u00fchendus\",\"breadcrumb\":{\"@id\":\"https:\/\/rtt.ee\/ru\/toode\/koopiamasinad-ru\/a3-printer-skanner-koopiamasinad-ru\/workforce-pro-em-c7100dwf-multifunktsionaalne-a3-varvi-tindiprinter\/#breadcrumb\"},\"inLanguage\":\"ru-RU\",\"potentialAction\":[{\"@type\":\"ReadAction\",\"target\":[\"https:\/\/rtt.ee\/ru\/toode\/koopiamasinad-ru\/a3-printer-skanner-koopiamasinad-ru\/workforce-pro-em-c7100dwf-multifunktsionaalne-a3-varvi-tindiprinter\/\"]}]},{\"@type\":\"ImageObject\",\"inLanguage\":\"ru-RU\",\"@id\":\"https:\/\/rtt.ee\/ru\/toode\/koopiamasinad-ru\/a3-printer-skanner-koopiamasinad-ru\/workforce-pro-em-c7100dwf-multifunktsionaalne-a3-varvi-tindiprinter\/#primaryimage\",\"url\":\"https:\/\/rtt.ee\/wp-content\/uploads\/2025\/09\/wf-pro-em-c7100-product-image-1-eest-scaled-e1774527558330.jpg\",\"contentUrl\":\"https:\/\/rtt.ee\/wp-content\/uploads\/2025\/09\/wf-pro-em-c7100-product-image-1-eest-scaled-e1774527558330.jpg\",\"width\":2318,\"height\":2560},{\"@type\":\"BreadcrumbList\",\"@id\":\"https:\/\/rtt.ee\/ru\/toode\/koopiamasinad-ru\/a3-printer-skanner-koopiamasinad-ru\/workforce-pro-em-c7100dwf-multifunktsionaalne-a3-varvi-tindiprinter\/#breadcrumb\",\"itemListElement\":[{\"@type\":\"ListItem\",\"position\":1,\"name\":\"\u0413\u043b\u0430\u0432\u043d\u0430\u044f\",\"item\":\"https:\/\/rtt.ee\/ru\/\"},{\"@type\":\"ListItem\",\"position\":2,\"name\":\"Magazin\",\"item\":\"https:\/\/rtt.ee\/ru\/pood\/\"},{\"@type\":\"ListItem\",\"position\":3,\"name\":\"Koopiamasinad\",\"item\":\"https:\/\/rtt.ee\/tootekategooria\/koopiamasinad\/\"},{\"@type\":\"ListItem\",\"position\":4,\"name\":\"A3 Printer-Sk\u00e4nner-Koopiamasinad\",\"item\":\"https:\/\/rtt.ee\/tootekategooria\/koopiamasinad\/a3-printer-skanner-koopiamasinad\/\"},{\"@type\":\"ListItem\",\"position\":5,\"name\":\"EPSON WorkForce Pro EM-C7100DWF multifunktsionaalne A3 v\u00e4rvi-tindiprinter\"}]},{\"@type\":\"WebSite\",\"@id\":\"https:\/\/rtt.ee\/en\/#website\",\"url\":\"https:\/\/rtt.ee\/en\/\",\"name\":\"RTT\",\"description\":\"Kassaaparaadid ja kontorikaubad\",\"potentialAction\":[{\"@type\":\"SearchAction\",\"target\":{\"@type\":\"EntryPoint\",\"urlTemplate\":\"https:\/\/rtt.ee\/en\/?s={search_term_string}\"},\"query-input\":{\"@type\":\"PropertyValueSpecification\",\"valueRequired\":true,\"valueName\":\"search_term_string\"}}],\"inLanguage\":\"ru-RU\"}]}<\/script>\n<!-- \/ Yoast SEO plugin. -->","yoast_head_json":{"title":"EPSON WorkForce Pro EM-C7100DWF multifunktsionaalne A3 v\u00e4rvi-tindiprinter - RTT","description":"Epson EcoTank EM-C7100DWF \u2013 \u00fclimalt s\u00e4\u00e4stlik ja kiire A4 v\u00e4rviprinter kontorisse. Madalad kulud, suur tindimahuti ja Wi-Fi \u00fchendus","robots":{"index":"index","follow":"follow","max-snippet":"max-snippet:-1","max-image-preview":"max-image-preview:large","max-video-preview":"max-video-preview:-1"},"canonical":"https:\/\/rtt.ee\/ru\/toode\/koopiamasinad-ru\/a3-printer-skanner-koopiamasinad-ru\/workforce-pro-em-c7100dwf-multifunktsionaalne-a3-varvi-tindiprinter\/","og_locale":"ru_RU","og_type":"article","og_title":"EPSON WorkForce Pro EM-C7100DWF multifunktsionaalne A3 v\u00e4rvi-tindiprinter - RTT","og_description":"Epson EcoTank EM-C7100DWF \u2013 \u00fclimalt s\u00e4\u00e4stlik ja kiire A4 v\u00e4rviprinter kontorisse. Madalad kulud, suur tindimahuti ja Wi-Fi \u00fchendus","og_url":"https:\/\/rtt.ee\/ru\/toode\/koopiamasinad-ru\/a3-printer-skanner-koopiamasinad-ru\/workforce-pro-em-c7100dwf-multifunktsionaalne-a3-varvi-tindiprinter\/","og_site_name":"RTT","article_modified_time":"2026-03-26T12:19:34+00:00","og_image":[{"width":2318,"height":2560,"url":"https:\/\/rtt.ee\/wp-content\/uploads\/2025\/09\/wf-pro-em-c7100-product-image-1-eest-scaled-e1774527558330.jpg","type":"image\/jpeg"}],"twitter_card":"summary_large_image","schema":{"@context":"https:\/\/schema.org","@graph":[{"@type":"WebPage","@id":"https:\/\/rtt.ee\/ru\/toode\/koopiamasinad-ru\/a3-printer-skanner-koopiamasinad-ru\/workforce-pro-em-c7100dwf-multifunktsionaalne-a3-varvi-tindiprinter\/","url":"https:\/\/rtt.ee\/ru\/toode\/koopiamasinad-ru\/a3-printer-skanner-koopiamasinad-ru\/workforce-pro-em-c7100dwf-multifunktsionaalne-a3-varvi-tindiprinter\/","name":"EPSON WorkForce Pro EM-C7100DWF multifunktsionaalne A3 v\u00e4rvi-tindiprinter - RTT","isPartOf":{"@id":"https:\/\/rtt.ee\/en\/#website"},"primaryImageOfPage":{"@id":"https:\/\/rtt.ee\/ru\/toode\/koopiamasinad-ru\/a3-printer-skanner-koopiamasinad-ru\/workforce-pro-em-c7100dwf-multifunktsionaalne-a3-varvi-tindiprinter\/#primaryimage"},"image":{"@id":"https:\/\/rtt.ee\/ru\/toode\/koopiamasinad-ru\/a3-printer-skanner-koopiamasinad-ru\/workforce-pro-em-c7100dwf-multifunktsionaalne-a3-varvi-tindiprinter\/#primaryimage"},"thumbnailUrl":"https:\/\/rtt.ee\/wp-content\/uploads\/2025\/09\/wf-pro-em-c7100-product-image-1-eest-scaled-e1774527558330.jpg","datePublished":"2025-09-11T13:06:41+00:00","dateModified":"2026-03-26T12:19:34+00:00","description":"Epson EcoTank EM-C7100DWF \u2013 \u00fclimalt s\u00e4\u00e4stlik ja kiire A4 v\u00e4rviprinter kontorisse. Madalad kulud, suur tindimahuti ja Wi-Fi \u00fchendus","breadcrumb":{"@id":"https:\/\/rtt.ee\/ru\/toode\/koopiamasinad-ru\/a3-printer-skanner-koopiamasinad-ru\/workforce-pro-em-c7100dwf-multifunktsionaalne-a3-varvi-tindiprinter\/#breadcrumb"},"inLanguage":"ru-RU","potentialAction":[{"@type":"ReadAction","target":["https:\/\/rtt.ee\/ru\/toode\/koopiamasinad-ru\/a3-printer-skanner-koopiamasinad-ru\/workforce-pro-em-c7100dwf-multifunktsionaalne-a3-varvi-tindiprinter\/"]}]},{"@type":"ImageObject","inLanguage":"ru-RU","@id":"https:\/\/rtt.ee\/ru\/toode\/koopiamasinad-ru\/a3-printer-skanner-koopiamasinad-ru\/workforce-pro-em-c7100dwf-multifunktsionaalne-a3-varvi-tindiprinter\/#primaryimage","url":"https:\/\/rtt.ee\/wp-content\/uploads\/2025\/09\/wf-pro-em-c7100-product-image-1-eest-scaled-e1774527558330.jpg","contentUrl":"https:\/\/rtt.ee\/wp-content\/uploads\/2025\/09\/wf-pro-em-c7100-product-image-1-eest-scaled-e1774527558330.jpg","width":2318,"height":2560},{"@type":"BreadcrumbList","@id":"https:\/\/rtt.ee\/ru\/toode\/koopiamasinad-ru\/a3-printer-skanner-koopiamasinad-ru\/workforce-pro-em-c7100dwf-multifunktsionaalne-a3-varvi-tindiprinter\/#breadcrumb","itemListElement":[{"@type":"ListItem","position":1,"name":"\u0413\u043b\u0430\u0432\u043d\u0430\u044f","item":"https:\/\/rtt.ee\/ru\/"},{"@type":"ListItem","position":2,"name":"Magazin","item":"https:\/\/rtt.ee\/ru\/pood\/"},{"@type":"ListItem","position":3,"name":"Koopiamasinad","item":"https:\/\/rtt.ee\/tootekategooria\/koopiamasinad\/"},{"@type":"ListItem","position":4,"name":"A3 Printer-Sk\u00e4nner-Koopiamasinad","item":"https:\/\/rtt.ee\/tootekategooria\/koopiamasinad\/a3-printer-skanner-koopiamasinad\/"},{"@type":"ListItem","position":5,"name":"EPSON WorkForce Pro EM-C7100DWF multifunktsionaalne A3 v\u00e4rvi-tindiprinter"}]},{"@type":"WebSite","@id":"https:\/\/rtt.ee\/en\/#website","url":"https:\/\/rtt.ee\/en\/","name":"RTT","description":"Kassaaparaadid ja kontorikaubad","potentialAction":[{"@type":"SearchAction","target":{"@type":"EntryPoint","urlTemplate":"https:\/\/rtt.ee\/en\/?s={search_term_string}"},"query-input":{"@type":"PropertyValueSpecification","valueRequired":true,"valueName":"search_term_string"}}],"inLanguage":"ru-RU"}]}},"_links":{"self":[{"href":"https:\/\/rtt.ee\/ru\/wp-json\/wp\/v2\/product\/17387","targetHints":{"allow":["GET"]}}],"collection":[{"href":"https:\/\/rtt.ee\/ru\/wp-json\/wp\/v2\/product"}],"about":[{"href":"https:\/\/rtt.ee\/ru\/wp-json\/wp\/v2\/types\/product"}],"wp:featuredmedia":[{"embeddable":true,"href":"https:\/\/rtt.ee\/ru\/wp-json\/wp\/v2\/media\/12958"}],"wp:attachment":[{"href":"https:\/\/rtt.ee\/ru\/wp-json\/wp\/v2\/media?parent=17387"}],"wp:term":[{"taxonomy":"product_brand","embeddable":true,"href":"https:\/\/rtt.ee\/ru\/wp-json\/wp\/v2\/product_brand?post=17387"},{"taxonomy":"product_cat","embeddable":true,"href":"https:\/\/rtt.ee\/ru\/wp-json\/wp\/v2\/product_cat?post=17387"},{"taxonomy":"product_tag","embeddable":true,"href":"https:\/\/rtt.ee\/ru\/wp-json\/wp\/v2\/product_tag?post=17387"}],"curies":[{"name":"wp","href":"https:\/\/api.w.org\/{rel}","templated":true}]}}