{"id":17368,"date":"2025-10-20T12:57:01","date_gmt":"2025-10-20T09:57:01","guid":{"rendered":"https:\/\/rtt.ee\/toode\/uncategorized\/etiketiprinter-toshiba-bv420t\/"},"modified":"2025-10-20T12:57:01","modified_gmt":"2025-10-20T09:57:01","slug":"etiketiprinter-toshiba-bv420t","status":"publish","type":"product","link":"https:\/\/rtt.ee\/ru\/toode\/printerid-ru\/etiketiprinter-ru\/etiketiprinter-toshiba-bv420t\/","title":{"rendered":"Etiketiprinter Toshiba BV420T"},"content":{"rendered":"<p>Etiketiprinterite \u00fcks k\u00f5ige edasiarendatum ja pommikindlam mudel, mis on tehnoloogiliselt t\u00e4iustatud ja j\u00e4rg eelmisele auhinnatud B-FV4D seeriale<br \/>\nLai valik standardliideste ning valikulise Wi-Fi ja\/v\u00f5i Bluetoothiga integreerub BV420D h\u00f5lpsalt isegi k\u00f5ige keerulisematesse IT-keskkondadesse.<br \/>\nTihti on etiketiprinteritega kaasas madala funktsionaalsusega etiketidisain tarkvara. Toshibaga saate kasutada Bartender Lite versiooni t\u00e4iesti tasuta, millelt \u00fcleminek<br \/>\nj\u00e4rgmistele versioonidele on \u00fclimalt lihtne. Reeglina prohvi tarkvara on alati tasuline!<\/p>\n<p>Turuliider kiiruses l\u00e4bilaskev\u00f5ime kuni 7 ips<br \/>\nKompaktne<br \/>\nEnim levinud tr\u00fckikeelte tugi ja emulatsioonid<br \/>\nParim j\u00f5udlus ja funktsionaalsus t\u00f5eliselt madalate kogukuludega<br \/>\n<strong>Professionaalne tugi<br \/>\nSOTI Connect<\/strong> toega seadmete lihtsamaks haldamiseks.<\/p>\n<p><strong>Saadaval ka 300 dpi versioon 495\u20ac+km.<\/strong><\/p>\n","protected":false},"excerpt":{"rendered":"<p>Etiketiprinterite \u00fcks k\u00f5ige edasiarendatum ja pommikindlam mudel, mis on tehnoloogiliselt t\u00e4iustatud ja j\u00e4rg eelmisele auhinnatud B-FV4D seeriale Lai valik standardliideste ning valikulise Wi-Fi ja\/v\u00f5i Bluetoothiga integreerub BV420D h\u00f5lpsalt isegi k\u00f5ige keerulisematesse IT-keskkondadesse. Tihti on etiketiprinteritega kaasas madala funktsionaalsusega etiketidisain tarkvara. Toshibaga saate kasutada Bartender Lite versiooni t\u00e4iesti tasuta, millelt \u00fcleminek j\u00e4rgmistele versioonidele on \u00fclimalt lihtne. [&hellip;]<\/p>\n","protected":false},"featured_media":13367,"template":"","meta":{"_acf_changed":false},"product_brand":[],"product_cat":[261],"product_tag":[439],"class_list":{"0":"post-17368","1":"product","2":"type-product","3":"status-publish","4":"has-post-thumbnail","6":"product_cat-etiketiprinter-ru","7":"product_tag-toshiba","9":"first","10":"instock","11":"taxable","12":"shipping-taxable","13":"purchasable","14":"product-type-simple"},"acf":[],"yoast_head":"<!-- This site is optimized with the Yoast SEO plugin v26.2 - https:\/\/yoast.com\/wordpress\/plugins\/seo\/ -->\n<title>Etiketiprinter Toshiba BV420T - RTT<\/title>\n<meta name=\"robots\" content=\"index, follow, max-snippet:-1, max-image-preview:large, max-video-preview:-1\" \/>\n<link rel=\"canonical\" href=\"https:\/\/rtt.ee\/ru\/toode\/uncategorized\/etiketiprinter-toshiba-bv420t\/\" \/>\n<meta property=\"og:locale\" content=\"ru_RU\" \/>\n<meta property=\"og:type\" content=\"article\" \/>\n<meta property=\"og:title\" content=\"Etiketiprinter Toshiba BV420T - RTT\" \/>\n<meta property=\"og:description\" content=\"Etiketiprinterite \u00fcks k\u00f5ige edasiarendatum ja pommikindlam mudel, mis on tehnoloogiliselt t\u00e4iustatud ja j\u00e4rg eelmisele auhinnatud B-FV4D seeriale Lai valik standardliideste ning valikulise Wi-Fi ja\/v\u00f5i Bluetoothiga integreerub BV420D h\u00f5lpsalt isegi k\u00f5ige keerulisematesse IT-keskkondadesse. Tihti on etiketiprinteritega kaasas madala funktsionaalsusega etiketidisain tarkvara. Toshibaga saate kasutada Bartender Lite versiooni t\u00e4iesti tasuta, millelt \u00fcleminek j\u00e4rgmistele versioonidele on \u00fclimalt lihtne. [&hellip;]\" \/>\n<meta property=\"og:url\" content=\"https:\/\/rtt.ee\/ru\/toode\/uncategorized\/etiketiprinter-toshiba-bv420t\/\" \/>\n<meta property=\"og:site_name\" content=\"RTT\" \/>\n<meta property=\"og:image\" content=\"https:\/\/rtt.ee\/wp-content\/uploads\/2022\/01\/rtt_logo_350X350.jpg\" \/>\n\t<meta property=\"og:image:width\" content=\"350\" \/>\n\t<meta property=\"og:image:height\" content=\"350\" \/>\n\t<meta property=\"og:image:type\" content=\"image\/jpeg\" \/>\n<meta name=\"twitter:card\" content=\"summary_large_image\" \/>\n<meta name=\"twitter:label1\" content=\"\u041f\u0440\u0438\u043c\u0435\u0440\u043d\u043e\u0435 \u0432\u0440\u0435\u043c\u044f \u0434\u043b\u044f \u0447\u0442\u0435\u043d\u0438\u044f\" \/>\n\t<meta name=\"twitter:data1\" content=\"1 \u043c\u0438\u043d\u0443\u0442\u0430\" \/>\n<script type=\"application\/ld+json\" class=\"yoast-schema-graph\">{\"@context\":\"https:\/\/schema.org\",\"@graph\":[{\"@type\":\"WebPage\",\"@id\":\"https:\/\/rtt.ee\/ru\/toode\/uncategorized\/etiketiprinter-toshiba-bv420t\/\",\"url\":\"https:\/\/rtt.ee\/ru\/toode\/uncategorized\/etiketiprinter-toshiba-bv420t\/\",\"name\":\"Etiketiprinter Toshiba BV420T - RTT\",\"isPartOf\":{\"@id\":\"https:\/\/rtt.ee\/en\/#website\"},\"primaryImageOfPage\":{\"@id\":\"https:\/\/rtt.ee\/ru\/toode\/uncategorized\/etiketiprinter-toshiba-bv420t\/#primaryimage\"},\"image\":{\"@id\":\"https:\/\/rtt.ee\/ru\/toode\/uncategorized\/etiketiprinter-toshiba-bv420t\/#primaryimage\"},\"thumbnailUrl\":\"https:\/\/rtt.ee\/wp-content\/uploads\/2025\/10\/BV420T_Cutter_Label_L__PadWzEwMDAsNzAwLCJGRkZGRkYiLDBd.png\",\"datePublished\":\"2025-10-20T09:57:01+00:00\",\"breadcrumb\":{\"@id\":\"https:\/\/rtt.ee\/ru\/toode\/uncategorized\/etiketiprinter-toshiba-bv420t\/#breadcrumb\"},\"inLanguage\":\"ru-RU\",\"potentialAction\":[{\"@type\":\"ReadAction\",\"target\":[\"https:\/\/rtt.ee\/ru\/toode\/uncategorized\/etiketiprinter-toshiba-bv420t\/\"]}]},{\"@type\":\"ImageObject\",\"inLanguage\":\"ru-RU\",\"@id\":\"https:\/\/rtt.ee\/ru\/toode\/uncategorized\/etiketiprinter-toshiba-bv420t\/#primaryimage\",\"url\":\"https:\/\/rtt.ee\/wp-content\/uploads\/2025\/10\/BV420T_Cutter_Label_L__PadWzEwMDAsNzAwLCJGRkZGRkYiLDBd.png\",\"contentUrl\":\"https:\/\/rtt.ee\/wp-content\/uploads\/2025\/10\/BV420T_Cutter_Label_L__PadWzEwMDAsNzAwLCJGRkZGRkYiLDBd.png\",\"width\":1000,\"height\":700,\"caption\":\"Toshiba BV420T\"},{\"@type\":\"BreadcrumbList\",\"@id\":\"https:\/\/rtt.ee\/ru\/toode\/uncategorized\/etiketiprinter-toshiba-bv420t\/#breadcrumb\",\"itemListElement\":[{\"@type\":\"ListItem\",\"position\":1,\"name\":\"\u0413\u043b\u0430\u0432\u043d\u0430\u044f\",\"item\":\"https:\/\/rtt.ee\/ru\/\"},{\"@type\":\"ListItem\",\"position\":2,\"name\":\"Magazin\",\"item\":\"https:\/\/rtt.ee\/ru\/pood\/\"},{\"@type\":\"ListItem\",\"position\":3,\"name\":\"Etiketiprinter Toshiba BV420T\"}]},{\"@type\":\"WebSite\",\"@id\":\"https:\/\/rtt.ee\/en\/#website\",\"url\":\"https:\/\/rtt.ee\/en\/\",\"name\":\"RTT\",\"description\":\"Kassaaparaadid ja kontorikaubad\",\"potentialAction\":[{\"@type\":\"SearchAction\",\"target\":{\"@type\":\"EntryPoint\",\"urlTemplate\":\"https:\/\/rtt.ee\/en\/?s={search_term_string}\"},\"query-input\":{\"@type\":\"PropertyValueSpecification\",\"valueRequired\":true,\"valueName\":\"search_term_string\"}}],\"inLanguage\":\"ru-RU\"}]}<\/script>\n<!-- \/ Yoast SEO plugin. -->","yoast_head_json":{"title":"Etiketiprinter Toshiba BV420T - RTT","robots":{"index":"index","follow":"follow","max-snippet":"max-snippet:-1","max-image-preview":"max-image-preview:large","max-video-preview":"max-video-preview:-1"},"canonical":"https:\/\/rtt.ee\/ru\/toode\/uncategorized\/etiketiprinter-toshiba-bv420t\/","og_locale":"ru_RU","og_type":"article","og_title":"Etiketiprinter Toshiba BV420T - RTT","og_description":"Etiketiprinterite \u00fcks k\u00f5ige edasiarendatum ja pommikindlam mudel, mis on tehnoloogiliselt t\u00e4iustatud ja j\u00e4rg eelmisele auhinnatud B-FV4D seeriale Lai valik standardliideste ning valikulise Wi-Fi ja\/v\u00f5i Bluetoothiga integreerub BV420D h\u00f5lpsalt isegi k\u00f5ige keerulisematesse IT-keskkondadesse. Tihti on etiketiprinteritega kaasas madala funktsionaalsusega etiketidisain tarkvara. Toshibaga saate kasutada Bartender Lite versiooni t\u00e4iesti tasuta, millelt \u00fcleminek j\u00e4rgmistele versioonidele on \u00fclimalt lihtne. [&hellip;]","og_url":"https:\/\/rtt.ee\/ru\/toode\/uncategorized\/etiketiprinter-toshiba-bv420t\/","og_site_name":"RTT","og_image":[{"width":350,"height":350,"url":"https:\/\/rtt.ee\/wp-content\/uploads\/2022\/01\/rtt_logo_350X350.jpg","type":"image\/jpeg"}],"twitter_card":"summary_large_image","twitter_misc":{"\u041f\u0440\u0438\u043c\u0435\u0440\u043d\u043e\u0435 \u0432\u0440\u0435\u043c\u044f \u0434\u043b\u044f \u0447\u0442\u0435\u043d\u0438\u044f":"1 \u043c\u0438\u043d\u0443\u0442\u0430"},"schema":{"@context":"https:\/\/schema.org","@graph":[{"@type":"WebPage","@id":"https:\/\/rtt.ee\/ru\/toode\/uncategorized\/etiketiprinter-toshiba-bv420t\/","url":"https:\/\/rtt.ee\/ru\/toode\/uncategorized\/etiketiprinter-toshiba-bv420t\/","name":"Etiketiprinter Toshiba BV420T - RTT","isPartOf":{"@id":"https:\/\/rtt.ee\/en\/#website"},"primaryImageOfPage":{"@id":"https:\/\/rtt.ee\/ru\/toode\/uncategorized\/etiketiprinter-toshiba-bv420t\/#primaryimage"},"image":{"@id":"https:\/\/rtt.ee\/ru\/toode\/uncategorized\/etiketiprinter-toshiba-bv420t\/#primaryimage"},"thumbnailUrl":"https:\/\/rtt.ee\/wp-content\/uploads\/2025\/10\/BV420T_Cutter_Label_L__PadWzEwMDAsNzAwLCJGRkZGRkYiLDBd.png","datePublished":"2025-10-20T09:57:01+00:00","breadcrumb":{"@id":"https:\/\/rtt.ee\/ru\/toode\/uncategorized\/etiketiprinter-toshiba-bv420t\/#breadcrumb"},"inLanguage":"ru-RU","potentialAction":[{"@type":"ReadAction","target":["https:\/\/rtt.ee\/ru\/toode\/uncategorized\/etiketiprinter-toshiba-bv420t\/"]}]},{"@type":"ImageObject","inLanguage":"ru-RU","@id":"https:\/\/rtt.ee\/ru\/toode\/uncategorized\/etiketiprinter-toshiba-bv420t\/#primaryimage","url":"https:\/\/rtt.ee\/wp-content\/uploads\/2025\/10\/BV420T_Cutter_Label_L__PadWzEwMDAsNzAwLCJGRkZGRkYiLDBd.png","contentUrl":"https:\/\/rtt.ee\/wp-content\/uploads\/2025\/10\/BV420T_Cutter_Label_L__PadWzEwMDAsNzAwLCJGRkZGRkYiLDBd.png","width":1000,"height":700,"caption":"Toshiba BV420T"},{"@type":"BreadcrumbList","@id":"https:\/\/rtt.ee\/ru\/toode\/uncategorized\/etiketiprinter-toshiba-bv420t\/#breadcrumb","itemListElement":[{"@type":"ListItem","position":1,"name":"\u0413\u043b\u0430\u0432\u043d\u0430\u044f","item":"https:\/\/rtt.ee\/ru\/"},{"@type":"ListItem","position":2,"name":"Magazin","item":"https:\/\/rtt.ee\/ru\/pood\/"},{"@type":"ListItem","position":3,"name":"Etiketiprinter Toshiba BV420T"}]},{"@type":"WebSite","@id":"https:\/\/rtt.ee\/en\/#website","url":"https:\/\/rtt.ee\/en\/","name":"RTT","description":"Kassaaparaadid ja kontorikaubad","potentialAction":[{"@type":"SearchAction","target":{"@type":"EntryPoint","urlTemplate":"https:\/\/rtt.ee\/en\/?s={search_term_string}"},"query-input":{"@type":"PropertyValueSpecification","valueRequired":true,"valueName":"search_term_string"}}],"inLanguage":"ru-RU"}]}},"_links":{"self":[{"href":"https:\/\/rtt.ee\/ru\/wp-json\/wp\/v2\/product\/17368","targetHints":{"allow":["GET"]}}],"collection":[{"href":"https:\/\/rtt.ee\/ru\/wp-json\/wp\/v2\/product"}],"about":[{"href":"https:\/\/rtt.ee\/ru\/wp-json\/wp\/v2\/types\/product"}],"wp:featuredmedia":[{"embeddable":true,"href":"https:\/\/rtt.ee\/ru\/wp-json\/wp\/v2\/media\/13367"}],"wp:attachment":[{"href":"https:\/\/rtt.ee\/ru\/wp-json\/wp\/v2\/media?parent=17368"}],"wp:term":[{"taxonomy":"product_brand","embeddable":true,"href":"https:\/\/rtt.ee\/ru\/wp-json\/wp\/v2\/product_brand?post=17368"},{"taxonomy":"product_cat","embeddable":true,"href":"https:\/\/rtt.ee\/ru\/wp-json\/wp\/v2\/product_cat?post=17368"},{"taxonomy":"product_tag","embeddable":true,"href":"https:\/\/rtt.ee\/ru\/wp-json\/wp\/v2\/product_tag?post=17368"}],"curies":[{"name":"wp","href":"https:\/\/api.w.org\/{rel}","templated":true}]}}