{"id":17366,"date":"2025-11-24T15:22:59","date_gmt":"2025-11-24T13:22:59","guid":{"rendered":"https:\/\/rtt.ee\/toode\/uncategorized\/etiketiprinter-zebra-zt421-203dpi-lan-usb\/"},"modified":"2026-03-24T16:00:44","modified_gmt":"2026-03-24T14:00:44","slug":"etiketiprinter-zebra-zt421-203dpi-lan-usb","status":"publish","type":"product","link":"https:\/\/rtt.ee\/ru\/toode\/printerid-ru\/etiketiprinter-ru\/etiketiprinter-zebra-zt421-203dpi-lan-usb\/","title":{"rendered":"Etiketiprinter Zebra ZT421 203dpi, LAN, USB"},"content":{"rendered":"<p>Tr\u00fckitehnoloogia: termo, termosiire<\/p>\n<p>Resolutsioon: 203dpi (8 dots\/mm)<\/p>\n<p>Tr\u00fckikiirus (max): max 305mm\/sek<\/p>\n<p>Tr\u00fcki laius (max): 168mm<\/p>\n<p>Meedia laus (max.): 178 mm<\/p>\n<p>Rulli diameeter (max): 203mm<\/p>\n<p>Ekraan: 4,3 puutetundlik v\u00e4rviline ekraan<\/p>\n<p>RAM: 256MB<\/p>\n<p>\u00dchendused: 2x USB 2.0, RS-232C, LAN, BT<\/p>\n<p>Lisainfo:\u00a0<a href=\"https:\/\/www.zebra.com\/us\/en\/products\/spec-sheets\/printers\/industrial\/zt400-series.html\">Tehniline kirjeldus inglise keeles<\/a><\/p>\n","protected":false},"excerpt":{"rendered":"<p>Tr\u00fckitehnoloogia: termo, termosiire Resolutsioon: 203dpi (8 dots\/mm) Tr\u00fckikiirus (max): max 305mm\/sek Tr\u00fcki laius (max): 168mm Meedia laus (max.): 178 mm Rulli diameeter (max): 203mm Ekraan: 4,3 puutetundlik v\u00e4rviline ekraan RAM: 256MB \u00dchendused: 2x USB 2.0, RS-232C, LAN, BT Lisainfo:\u00a0Tehniline kirjeldus inglise keeles<\/p>\n","protected":false},"featured_media":12759,"template":"","meta":{"_acf_changed":false},"product_brand":[408],"product_cat":[261],"product_tag":[],"class_list":{"0":"post-17366","1":"product","2":"type-product","3":"status-publish","4":"has-post-thumbnail","6":"product_brand-zebra","7":"product_cat-etiketiprinter-ru","8":"product_brands-zebra-ru","10":"first","11":"outofstock","12":"taxable","13":"shipping-taxable","14":"purchasable","15":"product-type-simple"},"acf":[],"yoast_head":"<!-- This site is optimized with the Yoast SEO plugin v26.2 - https:\/\/yoast.com\/wordpress\/plugins\/seo\/ -->\n<title>Etiketiprinter Zebra ZT421 203dpi, LAN, USB - RTT<\/title>\n<meta name=\"description\" content=\"Zebra ZT421 \u2013 vastupidav ja kiire t\u00f6\u00f6stuslik etiketiprinter, mis pakub laia tr\u00fckil\u00e4bim\u00f5\u00f5tu, kvaliteetset printimist ja usaldusv\u00e4\u00e4rset j\u00f5udlust tootmises ja logistikas\" \/>\n<meta name=\"robots\" content=\"index, follow, max-snippet:-1, max-image-preview:large, max-video-preview:-1\" \/>\n<link rel=\"canonical\" href=\"https:\/\/rtt.ee\/ru\/toode\/printerid-ru\/etiketiprinter-ru\/etiketiprinter-zebra-zt421-203dpi-lan-usb\/\" \/>\n<meta property=\"og:locale\" content=\"ru_RU\" \/>\n<meta property=\"og:type\" content=\"article\" \/>\n<meta property=\"og:title\" content=\"Etiketiprinter Zebra ZT421 203dpi, LAN, USB - RTT\" \/>\n<meta property=\"og:description\" content=\"Zebra ZT421 \u2013 vastupidav ja kiire t\u00f6\u00f6stuslik etiketiprinter, mis pakub laia tr\u00fckil\u00e4bim\u00f5\u00f5tu, kvaliteetset printimist ja usaldusv\u00e4\u00e4rset j\u00f5udlust tootmises ja logistikas\" \/>\n<meta property=\"og:url\" content=\"https:\/\/rtt.ee\/ru\/toode\/printerid-ru\/etiketiprinter-ru\/etiketiprinter-zebra-zt421-203dpi-lan-usb\/\" \/>\n<meta property=\"og:site_name\" content=\"RTT\" \/>\n<meta property=\"article:modified_time\" content=\"2026-03-24T14:00:44+00:00\" \/>\n<meta property=\"og:image\" content=\"https:\/\/rtt.ee\/wp-content\/uploads\/2025\/08\/zt421-photography-website-left-1x1-300x300.jpg.imgo_.jpg\" \/>\n\t<meta property=\"og:image:width\" content=\"300\" \/>\n\t<meta property=\"og:image:height\" content=\"300\" \/>\n\t<meta property=\"og:image:type\" content=\"image\/jpeg\" \/>\n<meta name=\"twitter:card\" content=\"summary_large_image\" \/>\n<meta name=\"twitter:label1\" content=\"\u041f\u0440\u0438\u043c\u0435\u0440\u043d\u043e\u0435 \u0432\u0440\u0435\u043c\u044f \u0434\u043b\u044f \u0447\u0442\u0435\u043d\u0438\u044f\" \/>\n\t<meta name=\"twitter:data1\" content=\"1 \u043c\u0438\u043d\u0443\u0442\u0430\" \/>\n<script type=\"application\/ld+json\" class=\"yoast-schema-graph\">{\"@context\":\"https:\/\/schema.org\",\"@graph\":[{\"@type\":\"WebPage\",\"@id\":\"https:\/\/rtt.ee\/ru\/toode\/printerid-ru\/etiketiprinter-ru\/etiketiprinter-zebra-zt421-203dpi-lan-usb\/\",\"url\":\"https:\/\/rtt.ee\/ru\/toode\/printerid-ru\/etiketiprinter-ru\/etiketiprinter-zebra-zt421-203dpi-lan-usb\/\",\"name\":\"Etiketiprinter Zebra ZT421 203dpi, LAN, USB - RTT\",\"isPartOf\":{\"@id\":\"https:\/\/rtt.ee\/en\/#website\"},\"primaryImageOfPage\":{\"@id\":\"https:\/\/rtt.ee\/ru\/toode\/printerid-ru\/etiketiprinter-ru\/etiketiprinter-zebra-zt421-203dpi-lan-usb\/#primaryimage\"},\"image\":{\"@id\":\"https:\/\/rtt.ee\/ru\/toode\/printerid-ru\/etiketiprinter-ru\/etiketiprinter-zebra-zt421-203dpi-lan-usb\/#primaryimage\"},\"thumbnailUrl\":\"https:\/\/rtt.ee\/wp-content\/uploads\/2025\/08\/zt421-photography-website-left-1x1-300x300.jpg.imgo_.jpg\",\"datePublished\":\"2025-11-24T13:22:59+00:00\",\"dateModified\":\"2026-03-24T14:00:44+00:00\",\"description\":\"Zebra ZT421 \u2013 vastupidav ja kiire t\u00f6\u00f6stuslik etiketiprinter, mis pakub laia tr\u00fckil\u00e4bim\u00f5\u00f5tu, kvaliteetset printimist ja usaldusv\u00e4\u00e4rset j\u00f5udlust tootmises ja logistikas\",\"breadcrumb\":{\"@id\":\"https:\/\/rtt.ee\/ru\/toode\/printerid-ru\/etiketiprinter-ru\/etiketiprinter-zebra-zt421-203dpi-lan-usb\/#breadcrumb\"},\"inLanguage\":\"ru-RU\",\"potentialAction\":[{\"@type\":\"ReadAction\",\"target\":[\"https:\/\/rtt.ee\/ru\/toode\/printerid-ru\/etiketiprinter-ru\/etiketiprinter-zebra-zt421-203dpi-lan-usb\/\"]}]},{\"@type\":\"ImageObject\",\"inLanguage\":\"ru-RU\",\"@id\":\"https:\/\/rtt.ee\/ru\/toode\/printerid-ru\/etiketiprinter-ru\/etiketiprinter-zebra-zt421-203dpi-lan-usb\/#primaryimage\",\"url\":\"https:\/\/rtt.ee\/wp-content\/uploads\/2025\/08\/zt421-photography-website-left-1x1-300x300.jpg.imgo_.jpg\",\"contentUrl\":\"https:\/\/rtt.ee\/wp-content\/uploads\/2025\/08\/zt421-photography-website-left-1x1-300x300.jpg.imgo_.jpg\",\"width\":300,\"height\":300,\"caption\":\"ZD421\"},{\"@type\":\"BreadcrumbList\",\"@id\":\"https:\/\/rtt.ee\/ru\/toode\/printerid-ru\/etiketiprinter-ru\/etiketiprinter-zebra-zt421-203dpi-lan-usb\/#breadcrumb\",\"itemListElement\":[{\"@type\":\"ListItem\",\"position\":1,\"name\":\"\u0413\u043b\u0430\u0432\u043d\u0430\u044f\",\"item\":\"https:\/\/rtt.ee\/ru\/\"},{\"@type\":\"ListItem\",\"position\":2,\"name\":\"Magazin\",\"item\":\"https:\/\/rtt.ee\/ru\/pood\/\"},{\"@type\":\"ListItem\",\"position\":3,\"name\":\"Printerid\",\"item\":\"https:\/\/rtt.ee\/tootekategooria\/printerid\/\"},{\"@type\":\"ListItem\",\"position\":4,\"name\":\"Etiketiprinter\",\"item\":\"https:\/\/rtt.ee\/tootekategooria\/printerid\/etiketiprinter\/\"},{\"@type\":\"ListItem\",\"position\":5,\"name\":\"Etiketiprinter Zebra ZT421 203dpi, LAN, USB\"}]},{\"@type\":\"WebSite\",\"@id\":\"https:\/\/rtt.ee\/en\/#website\",\"url\":\"https:\/\/rtt.ee\/en\/\",\"name\":\"RTT\",\"description\":\"Kassaaparaadid ja kontorikaubad\",\"potentialAction\":[{\"@type\":\"SearchAction\",\"target\":{\"@type\":\"EntryPoint\",\"urlTemplate\":\"https:\/\/rtt.ee\/en\/?s={search_term_string}\"},\"query-input\":{\"@type\":\"PropertyValueSpecification\",\"valueRequired\":true,\"valueName\":\"search_term_string\"}}],\"inLanguage\":\"ru-RU\"}]}<\/script>\n<!-- \/ Yoast SEO plugin. -->","yoast_head_json":{"title":"Etiketiprinter Zebra ZT421 203dpi, LAN, USB - RTT","description":"Zebra ZT421 \u2013 vastupidav ja kiire t\u00f6\u00f6stuslik etiketiprinter, mis pakub laia tr\u00fckil\u00e4bim\u00f5\u00f5tu, kvaliteetset printimist ja usaldusv\u00e4\u00e4rset j\u00f5udlust tootmises ja logistikas","robots":{"index":"index","follow":"follow","max-snippet":"max-snippet:-1","max-image-preview":"max-image-preview:large","max-video-preview":"max-video-preview:-1"},"canonical":"https:\/\/rtt.ee\/ru\/toode\/printerid-ru\/etiketiprinter-ru\/etiketiprinter-zebra-zt421-203dpi-lan-usb\/","og_locale":"ru_RU","og_type":"article","og_title":"Etiketiprinter Zebra ZT421 203dpi, LAN, USB - RTT","og_description":"Zebra ZT421 \u2013 vastupidav ja kiire t\u00f6\u00f6stuslik etiketiprinter, mis pakub laia tr\u00fckil\u00e4bim\u00f5\u00f5tu, kvaliteetset printimist ja usaldusv\u00e4\u00e4rset j\u00f5udlust tootmises ja logistikas","og_url":"https:\/\/rtt.ee\/ru\/toode\/printerid-ru\/etiketiprinter-ru\/etiketiprinter-zebra-zt421-203dpi-lan-usb\/","og_site_name":"RTT","article_modified_time":"2026-03-24T14:00:44+00:00","og_image":[{"width":300,"height":300,"url":"https:\/\/rtt.ee\/wp-content\/uploads\/2025\/08\/zt421-photography-website-left-1x1-300x300.jpg.imgo_.jpg","type":"image\/jpeg"}],"twitter_card":"summary_large_image","twitter_misc":{"\u041f\u0440\u0438\u043c\u0435\u0440\u043d\u043e\u0435 \u0432\u0440\u0435\u043c\u044f \u0434\u043b\u044f \u0447\u0442\u0435\u043d\u0438\u044f":"1 \u043c\u0438\u043d\u0443\u0442\u0430"},"schema":{"@context":"https:\/\/schema.org","@graph":[{"@type":"WebPage","@id":"https:\/\/rtt.ee\/ru\/toode\/printerid-ru\/etiketiprinter-ru\/etiketiprinter-zebra-zt421-203dpi-lan-usb\/","url":"https:\/\/rtt.ee\/ru\/toode\/printerid-ru\/etiketiprinter-ru\/etiketiprinter-zebra-zt421-203dpi-lan-usb\/","name":"Etiketiprinter Zebra ZT421 203dpi, LAN, USB - RTT","isPartOf":{"@id":"https:\/\/rtt.ee\/en\/#website"},"primaryImageOfPage":{"@id":"https:\/\/rtt.ee\/ru\/toode\/printerid-ru\/etiketiprinter-ru\/etiketiprinter-zebra-zt421-203dpi-lan-usb\/#primaryimage"},"image":{"@id":"https:\/\/rtt.ee\/ru\/toode\/printerid-ru\/etiketiprinter-ru\/etiketiprinter-zebra-zt421-203dpi-lan-usb\/#primaryimage"},"thumbnailUrl":"https:\/\/rtt.ee\/wp-content\/uploads\/2025\/08\/zt421-photography-website-left-1x1-300x300.jpg.imgo_.jpg","datePublished":"2025-11-24T13:22:59+00:00","dateModified":"2026-03-24T14:00:44+00:00","description":"Zebra ZT421 \u2013 vastupidav ja kiire t\u00f6\u00f6stuslik etiketiprinter, mis pakub laia tr\u00fckil\u00e4bim\u00f5\u00f5tu, kvaliteetset printimist ja usaldusv\u00e4\u00e4rset j\u00f5udlust tootmises ja logistikas","breadcrumb":{"@id":"https:\/\/rtt.ee\/ru\/toode\/printerid-ru\/etiketiprinter-ru\/etiketiprinter-zebra-zt421-203dpi-lan-usb\/#breadcrumb"},"inLanguage":"ru-RU","potentialAction":[{"@type":"ReadAction","target":["https:\/\/rtt.ee\/ru\/toode\/printerid-ru\/etiketiprinter-ru\/etiketiprinter-zebra-zt421-203dpi-lan-usb\/"]}]},{"@type":"ImageObject","inLanguage":"ru-RU","@id":"https:\/\/rtt.ee\/ru\/toode\/printerid-ru\/etiketiprinter-ru\/etiketiprinter-zebra-zt421-203dpi-lan-usb\/#primaryimage","url":"https:\/\/rtt.ee\/wp-content\/uploads\/2025\/08\/zt421-photography-website-left-1x1-300x300.jpg.imgo_.jpg","contentUrl":"https:\/\/rtt.ee\/wp-content\/uploads\/2025\/08\/zt421-photography-website-left-1x1-300x300.jpg.imgo_.jpg","width":300,"height":300,"caption":"ZD421"},{"@type":"BreadcrumbList","@id":"https:\/\/rtt.ee\/ru\/toode\/printerid-ru\/etiketiprinter-ru\/etiketiprinter-zebra-zt421-203dpi-lan-usb\/#breadcrumb","itemListElement":[{"@type":"ListItem","position":1,"name":"\u0413\u043b\u0430\u0432\u043d\u0430\u044f","item":"https:\/\/rtt.ee\/ru\/"},{"@type":"ListItem","position":2,"name":"Magazin","item":"https:\/\/rtt.ee\/ru\/pood\/"},{"@type":"ListItem","position":3,"name":"Printerid","item":"https:\/\/rtt.ee\/tootekategooria\/printerid\/"},{"@type":"ListItem","position":4,"name":"Etiketiprinter","item":"https:\/\/rtt.ee\/tootekategooria\/printerid\/etiketiprinter\/"},{"@type":"ListItem","position":5,"name":"Etiketiprinter Zebra ZT421 203dpi, LAN, USB"}]},{"@type":"WebSite","@id":"https:\/\/rtt.ee\/en\/#website","url":"https:\/\/rtt.ee\/en\/","name":"RTT","description":"Kassaaparaadid ja kontorikaubad","potentialAction":[{"@type":"SearchAction","target":{"@type":"EntryPoint","urlTemplate":"https:\/\/rtt.ee\/en\/?s={search_term_string}"},"query-input":{"@type":"PropertyValueSpecification","valueRequired":true,"valueName":"search_term_string"}}],"inLanguage":"ru-RU"}]}},"_links":{"self":[{"href":"https:\/\/rtt.ee\/ru\/wp-json\/wp\/v2\/product\/17366","targetHints":{"allow":["GET"]}}],"collection":[{"href":"https:\/\/rtt.ee\/ru\/wp-json\/wp\/v2\/product"}],"about":[{"href":"https:\/\/rtt.ee\/ru\/wp-json\/wp\/v2\/types\/product"}],"wp:featuredmedia":[{"embeddable":true,"href":"https:\/\/rtt.ee\/ru\/wp-json\/wp\/v2\/media\/12759"}],"wp:attachment":[{"href":"https:\/\/rtt.ee\/ru\/wp-json\/wp\/v2\/media?parent=17366"}],"wp:term":[{"taxonomy":"product_brand","embeddable":true,"href":"https:\/\/rtt.ee\/ru\/wp-json\/wp\/v2\/product_brand?post=17366"},{"taxonomy":"product_cat","embeddable":true,"href":"https:\/\/rtt.ee\/ru\/wp-json\/wp\/v2\/product_cat?post=17366"},{"taxonomy":"product_tag","embeddable":true,"href":"https:\/\/rtt.ee\/ru\/wp-json\/wp\/v2\/product_tag?post=17366"}],"curies":[{"name":"wp","href":"https:\/\/api.w.org\/{rel}","templated":true}]}}