{"id":17365,"date":"2025-11-24T15:51:32","date_gmt":"2025-11-24T13:51:32","guid":{"rendered":"https:\/\/rtt.ee\/toode\/uncategorized\/etiketiprinter-zebra-zt231-300dpi-usb-lan\/"},"modified":"2026-03-24T15:09:03","modified_gmt":"2026-03-24T13:09:03","slug":"etiketiprinter-zebra-zt231-300dpi-usb-lan","status":"publish","type":"product","link":"https:\/\/rtt.ee\/ru\/toode\/printerid-ru\/etiketiprinter-ru\/etiketiprinter-zebra-zt231-300dpi-usb-lan\/","title":{"rendered":"Etiketiprinter Zebra ZT231 300dpi, T\/TT USB, LAN"},"content":{"rendered":"<p>Tr\u00fckitehnoloogia: termo, termosiire<\/p>\n<p>Resolutsioon: 300 dpi (12 dots\/mm)<\/p>\n<p>Tr\u00fckikiirus (max): kuni 305 mm\/sek<\/p>\n<p>Tr\u00fcki laius (max): 104 mm<\/p>\n<p>Meedia laius (max): 114 mm<\/p>\n<p>Ekraan: 4,3&#8243; puutetundlik v\u00e4rviline ekraan<\/p>\n<p>RAM: 256 MB<\/p>\n<p>\u00dchendused: USB 2.0, RS-232C (DB9F pistik), LAN<\/p>\n<p><a href=\"https:\/\/www.zebra.com\/us\/en\/products\/spec-sheets\/printers\/industrial\/zt231.html\">Tehniline kirjeldus inglise keeles<\/a><\/p>\n","protected":false},"excerpt":{"rendered":"<p>Tr\u00fckitehnoloogia: termo, termosiire Resolutsioon: 300 dpi (12 dots\/mm) Tr\u00fckikiirus (max): kuni 305 mm\/sek Tr\u00fcki laius (max): 104 mm Meedia laius (max): 114 mm Ekraan: 4,3&#8243; puutetundlik v\u00e4rviline ekraan RAM: 256 MB \u00dchendused: USB 2.0, RS-232C (DB9F pistik), LAN Tehniline kirjeldus inglise keeles<\/p>\n","protected":false},"featured_media":9465,"template":"","meta":{"_acf_changed":false},"product_brand":[408],"product_cat":[261],"product_tag":[],"class_list":{"0":"post-17365","1":"product","2":"type-product","3":"status-publish","4":"has-post-thumbnail","6":"product_brand-zebra","7":"product_cat-etiketiprinter-ru","8":"product_brands-zebra-ru","10":"first","11":"onbackorder","12":"taxable","13":"shipping-taxable","14":"purchasable","15":"product-type-simple"},"acf":[],"yoast_head":"<!-- This site is optimized with the Yoast SEO plugin v26.2 - https:\/\/yoast.com\/wordpress\/plugins\/seo\/ -->\n<title>Etiketiprinter Zebra ZT231 300dpi, T\/TT USB, LAN - RTT<\/title>\n<meta name=\"description\" content=\"Zebra lauaprinter \u2013 kiire 305 mm\/sek tr\u00fckkimine, 4,3-tolline puutetundlik v\u00e4rviline ekraan ning USB, LAN \u00fchenduvus. Usaldusv\u00e4\u00e4rne t\u00f6\u00f6stuses, tervishoius ja logistikas\" \/>\n<meta name=\"robots\" content=\"index, follow, max-snippet:-1, max-image-preview:large, max-video-preview:-1\" \/>\n<link rel=\"canonical\" href=\"https:\/\/rtt.ee\/ru\/toode\/printerid-ru\/etiketiprinter-ru\/etiketiprinter-zebra-zt231-300dpi-usb-lan\/\" \/>\n<meta property=\"og:locale\" content=\"ru_RU\" \/>\n<meta property=\"og:type\" content=\"article\" \/>\n<meta property=\"og:title\" content=\"Etiketiprinter Zebra ZT231 300dpi, T\/TT USB, LAN - RTT\" \/>\n<meta property=\"og:description\" content=\"Zebra lauaprinter \u2013 kiire 305 mm\/sek tr\u00fckkimine, 4,3-tolline puutetundlik v\u00e4rviline ekraan ning USB, LAN \u00fchenduvus. Usaldusv\u00e4\u00e4rne t\u00f6\u00f6stuses, tervishoius ja logistikas\" \/>\n<meta property=\"og:url\" content=\"https:\/\/rtt.ee\/ru\/toode\/printerid-ru\/etiketiprinter-ru\/etiketiprinter-zebra-zt231-300dpi-usb-lan\/\" \/>\n<meta property=\"og:site_name\" content=\"RTT\" \/>\n<meta property=\"article:modified_time\" content=\"2026-03-24T13:09:03+00:00\" \/>\n<meta property=\"og:image\" content=\"https:\/\/rtt.ee\/wp-content\/uploads\/2018\/10\/zt231-e1773905425985.jpg\" \/>\n\t<meta property=\"og:image:width\" content=\"600\" \/>\n\t<meta property=\"og:image:height\" content=\"400\" \/>\n\t<meta property=\"og:image:type\" content=\"image\/jpeg\" \/>\n<meta name=\"twitter:card\" content=\"summary_large_image\" \/>\n<meta name=\"twitter:label1\" content=\"\u041f\u0440\u0438\u043c\u0435\u0440\u043d\u043e\u0435 \u0432\u0440\u0435\u043c\u044f \u0434\u043b\u044f \u0447\u0442\u0435\u043d\u0438\u044f\" \/>\n\t<meta name=\"twitter:data1\" content=\"1 \u043c\u0438\u043d\u0443\u0442\u0430\" \/>\n<script type=\"application\/ld+json\" class=\"yoast-schema-graph\">{\"@context\":\"https:\/\/schema.org\",\"@graph\":[{\"@type\":\"WebPage\",\"@id\":\"https:\/\/rtt.ee\/ru\/toode\/printerid-ru\/etiketiprinter-ru\/etiketiprinter-zebra-zt231-300dpi-usb-lan\/\",\"url\":\"https:\/\/rtt.ee\/ru\/toode\/printerid-ru\/etiketiprinter-ru\/etiketiprinter-zebra-zt231-300dpi-usb-lan\/\",\"name\":\"Etiketiprinter Zebra ZT231 300dpi, T\/TT USB, LAN - RTT\",\"isPartOf\":{\"@id\":\"https:\/\/rtt.ee\/en\/#website\"},\"primaryImageOfPage\":{\"@id\":\"https:\/\/rtt.ee\/ru\/toode\/printerid-ru\/etiketiprinter-ru\/etiketiprinter-zebra-zt231-300dpi-usb-lan\/#primaryimage\"},\"image\":{\"@id\":\"https:\/\/rtt.ee\/ru\/toode\/printerid-ru\/etiketiprinter-ru\/etiketiprinter-zebra-zt231-300dpi-usb-lan\/#primaryimage\"},\"thumbnailUrl\":\"https:\/\/rtt.ee\/wp-content\/uploads\/2018\/10\/zt231-e1773905425985.jpg\",\"datePublished\":\"2025-11-24T13:51:32+00:00\",\"dateModified\":\"2026-03-24T13:09:03+00:00\",\"description\":\"Zebra lauaprinter \u2013 kiire 305 mm\/sek tr\u00fckkimine, 4,3-tolline puutetundlik v\u00e4rviline ekraan ning USB, LAN \u00fchenduvus. Usaldusv\u00e4\u00e4rne t\u00f6\u00f6stuses, tervishoius ja logistikas\",\"breadcrumb\":{\"@id\":\"https:\/\/rtt.ee\/ru\/toode\/printerid-ru\/etiketiprinter-ru\/etiketiprinter-zebra-zt231-300dpi-usb-lan\/#breadcrumb\"},\"inLanguage\":\"ru-RU\",\"potentialAction\":[{\"@type\":\"ReadAction\",\"target\":[\"https:\/\/rtt.ee\/ru\/toode\/printerid-ru\/etiketiprinter-ru\/etiketiprinter-zebra-zt231-300dpi-usb-lan\/\"]}]},{\"@type\":\"ImageObject\",\"inLanguage\":\"ru-RU\",\"@id\":\"https:\/\/rtt.ee\/ru\/toode\/printerid-ru\/etiketiprinter-ru\/etiketiprinter-zebra-zt231-300dpi-usb-lan\/#primaryimage\",\"url\":\"https:\/\/rtt.ee\/wp-content\/uploads\/2018\/10\/zt231-e1773905425985.jpg\",\"contentUrl\":\"https:\/\/rtt.ee\/wp-content\/uploads\/2018\/10\/zt231-e1773905425985.jpg\",\"width\":600,\"height\":400},{\"@type\":\"BreadcrumbList\",\"@id\":\"https:\/\/rtt.ee\/ru\/toode\/printerid-ru\/etiketiprinter-ru\/etiketiprinter-zebra-zt231-300dpi-usb-lan\/#breadcrumb\",\"itemListElement\":[{\"@type\":\"ListItem\",\"position\":1,\"name\":\"\u0413\u043b\u0430\u0432\u043d\u0430\u044f\",\"item\":\"https:\/\/rtt.ee\/ru\/\"},{\"@type\":\"ListItem\",\"position\":2,\"name\":\"Magazin\",\"item\":\"https:\/\/rtt.ee\/ru\/pood\/\"},{\"@type\":\"ListItem\",\"position\":3,\"name\":\"Printerid\",\"item\":\"https:\/\/rtt.ee\/tootekategooria\/printerid\/\"},{\"@type\":\"ListItem\",\"position\":4,\"name\":\"Etiketiprinter\",\"item\":\"https:\/\/rtt.ee\/tootekategooria\/printerid\/etiketiprinter\/\"},{\"@type\":\"ListItem\",\"position\":5,\"name\":\"Etiketiprinter Zebra ZT231 300dpi, T\/TT USB, LAN\"}]},{\"@type\":\"WebSite\",\"@id\":\"https:\/\/rtt.ee\/en\/#website\",\"url\":\"https:\/\/rtt.ee\/en\/\",\"name\":\"RTT\",\"description\":\"Kassaaparaadid ja kontorikaubad\",\"potentialAction\":[{\"@type\":\"SearchAction\",\"target\":{\"@type\":\"EntryPoint\",\"urlTemplate\":\"https:\/\/rtt.ee\/en\/?s={search_term_string}\"},\"query-input\":{\"@type\":\"PropertyValueSpecification\",\"valueRequired\":true,\"valueName\":\"search_term_string\"}}],\"inLanguage\":\"ru-RU\"}]}<\/script>\n<!-- \/ Yoast SEO plugin. -->","yoast_head_json":{"title":"Etiketiprinter Zebra ZT231 300dpi, T\/TT USB, LAN - RTT","description":"Zebra lauaprinter \u2013 kiire 305 mm\/sek tr\u00fckkimine, 4,3-tolline puutetundlik v\u00e4rviline ekraan ning USB, LAN \u00fchenduvus. Usaldusv\u00e4\u00e4rne t\u00f6\u00f6stuses, tervishoius ja logistikas","robots":{"index":"index","follow":"follow","max-snippet":"max-snippet:-1","max-image-preview":"max-image-preview:large","max-video-preview":"max-video-preview:-1"},"canonical":"https:\/\/rtt.ee\/ru\/toode\/printerid-ru\/etiketiprinter-ru\/etiketiprinter-zebra-zt231-300dpi-usb-lan\/","og_locale":"ru_RU","og_type":"article","og_title":"Etiketiprinter Zebra ZT231 300dpi, T\/TT USB, LAN - RTT","og_description":"Zebra lauaprinter \u2013 kiire 305 mm\/sek tr\u00fckkimine, 4,3-tolline puutetundlik v\u00e4rviline ekraan ning USB, LAN \u00fchenduvus. Usaldusv\u00e4\u00e4rne t\u00f6\u00f6stuses, tervishoius ja logistikas","og_url":"https:\/\/rtt.ee\/ru\/toode\/printerid-ru\/etiketiprinter-ru\/etiketiprinter-zebra-zt231-300dpi-usb-lan\/","og_site_name":"RTT","article_modified_time":"2026-03-24T13:09:03+00:00","og_image":[{"width":600,"height":400,"url":"https:\/\/rtt.ee\/wp-content\/uploads\/2018\/10\/zt231-e1773905425985.jpg","type":"image\/jpeg"}],"twitter_card":"summary_large_image","twitter_misc":{"\u041f\u0440\u0438\u043c\u0435\u0440\u043d\u043e\u0435 \u0432\u0440\u0435\u043c\u044f \u0434\u043b\u044f \u0447\u0442\u0435\u043d\u0438\u044f":"1 \u043c\u0438\u043d\u0443\u0442\u0430"},"schema":{"@context":"https:\/\/schema.org","@graph":[{"@type":"WebPage","@id":"https:\/\/rtt.ee\/ru\/toode\/printerid-ru\/etiketiprinter-ru\/etiketiprinter-zebra-zt231-300dpi-usb-lan\/","url":"https:\/\/rtt.ee\/ru\/toode\/printerid-ru\/etiketiprinter-ru\/etiketiprinter-zebra-zt231-300dpi-usb-lan\/","name":"Etiketiprinter Zebra ZT231 300dpi, T\/TT USB, LAN - RTT","isPartOf":{"@id":"https:\/\/rtt.ee\/en\/#website"},"primaryImageOfPage":{"@id":"https:\/\/rtt.ee\/ru\/toode\/printerid-ru\/etiketiprinter-ru\/etiketiprinter-zebra-zt231-300dpi-usb-lan\/#primaryimage"},"image":{"@id":"https:\/\/rtt.ee\/ru\/toode\/printerid-ru\/etiketiprinter-ru\/etiketiprinter-zebra-zt231-300dpi-usb-lan\/#primaryimage"},"thumbnailUrl":"https:\/\/rtt.ee\/wp-content\/uploads\/2018\/10\/zt231-e1773905425985.jpg","datePublished":"2025-11-24T13:51:32+00:00","dateModified":"2026-03-24T13:09:03+00:00","description":"Zebra lauaprinter \u2013 kiire 305 mm\/sek tr\u00fckkimine, 4,3-tolline puutetundlik v\u00e4rviline ekraan ning USB, LAN \u00fchenduvus. Usaldusv\u00e4\u00e4rne t\u00f6\u00f6stuses, tervishoius ja logistikas","breadcrumb":{"@id":"https:\/\/rtt.ee\/ru\/toode\/printerid-ru\/etiketiprinter-ru\/etiketiprinter-zebra-zt231-300dpi-usb-lan\/#breadcrumb"},"inLanguage":"ru-RU","potentialAction":[{"@type":"ReadAction","target":["https:\/\/rtt.ee\/ru\/toode\/printerid-ru\/etiketiprinter-ru\/etiketiprinter-zebra-zt231-300dpi-usb-lan\/"]}]},{"@type":"ImageObject","inLanguage":"ru-RU","@id":"https:\/\/rtt.ee\/ru\/toode\/printerid-ru\/etiketiprinter-ru\/etiketiprinter-zebra-zt231-300dpi-usb-lan\/#primaryimage","url":"https:\/\/rtt.ee\/wp-content\/uploads\/2018\/10\/zt231-e1773905425985.jpg","contentUrl":"https:\/\/rtt.ee\/wp-content\/uploads\/2018\/10\/zt231-e1773905425985.jpg","width":600,"height":400},{"@type":"BreadcrumbList","@id":"https:\/\/rtt.ee\/ru\/toode\/printerid-ru\/etiketiprinter-ru\/etiketiprinter-zebra-zt231-300dpi-usb-lan\/#breadcrumb","itemListElement":[{"@type":"ListItem","position":1,"name":"\u0413\u043b\u0430\u0432\u043d\u0430\u044f","item":"https:\/\/rtt.ee\/ru\/"},{"@type":"ListItem","position":2,"name":"Magazin","item":"https:\/\/rtt.ee\/ru\/pood\/"},{"@type":"ListItem","position":3,"name":"Printerid","item":"https:\/\/rtt.ee\/tootekategooria\/printerid\/"},{"@type":"ListItem","position":4,"name":"Etiketiprinter","item":"https:\/\/rtt.ee\/tootekategooria\/printerid\/etiketiprinter\/"},{"@type":"ListItem","position":5,"name":"Etiketiprinter Zebra ZT231 300dpi, T\/TT USB, LAN"}]},{"@type":"WebSite","@id":"https:\/\/rtt.ee\/en\/#website","url":"https:\/\/rtt.ee\/en\/","name":"RTT","description":"Kassaaparaadid ja kontorikaubad","potentialAction":[{"@type":"SearchAction","target":{"@type":"EntryPoint","urlTemplate":"https:\/\/rtt.ee\/en\/?s={search_term_string}"},"query-input":{"@type":"PropertyValueSpecification","valueRequired":true,"valueName":"search_term_string"}}],"inLanguage":"ru-RU"}]}},"_links":{"self":[{"href":"https:\/\/rtt.ee\/ru\/wp-json\/wp\/v2\/product\/17365","targetHints":{"allow":["GET"]}}],"collection":[{"href":"https:\/\/rtt.ee\/ru\/wp-json\/wp\/v2\/product"}],"about":[{"href":"https:\/\/rtt.ee\/ru\/wp-json\/wp\/v2\/types\/product"}],"wp:featuredmedia":[{"embeddable":true,"href":"https:\/\/rtt.ee\/ru\/wp-json\/wp\/v2\/media\/9465"}],"wp:attachment":[{"href":"https:\/\/rtt.ee\/ru\/wp-json\/wp\/v2\/media?parent=17365"}],"wp:term":[{"taxonomy":"product_brand","embeddable":true,"href":"https:\/\/rtt.ee\/ru\/wp-json\/wp\/v2\/product_brand?post=17365"},{"taxonomy":"product_cat","embeddable":true,"href":"https:\/\/rtt.ee\/ru\/wp-json\/wp\/v2\/product_cat?post=17365"},{"taxonomy":"product_tag","embeddable":true,"href":"https:\/\/rtt.ee\/ru\/wp-json\/wp\/v2\/product_tag?post=17365"}],"curies":[{"name":"wp","href":"https:\/\/api.w.org\/{rel}","templated":true}]}}