{"id":17328,"date":"2026-03-18T15:56:13","date_gmt":"2026-03-18T13:56:13","guid":{"rendered":"https:\/\/rtt.ee\/toode\/uncategorized\/tooner-must-konica-minolta-tn321k-a33k150-27k\/"},"modified":"2026-03-18T16:01:57","modified_gmt":"2026-03-18T14:01:57","slug":"tooner-must-konica-minolta-tn321k-a33k150-27k","status":"publish","type":"product","link":"https:\/\/rtt.ee\/ru\/toode\/kulumaterjalid-ru\/toonerid-ru\/tooner-must-konica-minolta-tn321k-a33k150-27k\/","title":{"rendered":"Tooner must Konica Minolta TN321K (A33K150) 27k"},"content":{"rendered":"<p>Konica Minolta Bizhub C224, C224e, C284, C284e, C364, C364e<\/p>\n<p>Tr\u00fckimaht kuni 27 000 lehte<\/p>\n","protected":false},"excerpt":{"rendered":"<p>Konica Minolta Bizhub C224, C224e, C284, C284e, C364, C364e Tr\u00fckimaht kuni 27 000 lehte<\/p>\n","protected":false},"featured_media":17337,"template":"","meta":{"_acf_changed":false},"product_brand":[],"product_cat":[248],"product_tag":[],"class_list":{"0":"post-17328","1":"product","2":"type-product","3":"status-publish","4":"has-post-thumbnail","6":"product_cat-toonerid-ru","7":"product_brands-konica-minolta","9":"first","10":"onbackorder","11":"taxable","12":"shipping-taxable","13":"purchasable","14":"product-type-simple"},"acf":[],"yoast_head":"<!-- This site is optimized with the Yoast SEO plugin v26.2 - https:\/\/yoast.com\/wordpress\/plugins\/seo\/ -->\n<title>Tooner must Konica Minolta TN321K (A33K150) 27k - RTT<\/title>\n<meta name=\"description\" content=\"Konica Minolta toonerid \u2013 Suurep\u00e4rane tr\u00fckikvaliteet sinu b\u00fcroos. Tagage oma seadme pikk eluiga ja veatu printimine. Lai valik originaaltoonerid\" \/>\n<meta name=\"robots\" content=\"index, follow, max-snippet:-1, max-image-preview:large, max-video-preview:-1\" \/>\n<link rel=\"canonical\" href=\"https:\/\/rtt.ee\/ru\/toode\/kulumaterjalid-ru\/toonerid-ru\/tooner-must-konica-minolta-tn321k-a33k150-27k\/\" \/>\n<meta property=\"og:locale\" content=\"ru_RU\" \/>\n<meta property=\"og:type\" content=\"article\" \/>\n<meta property=\"og:title\" content=\"Tooner must Konica Minolta TN321K (A33K150) 27k - RTT\" \/>\n<meta property=\"og:description\" content=\"Konica Minolta toonerid \u2013 Suurep\u00e4rane tr\u00fckikvaliteet sinu b\u00fcroos. Tagage oma seadme pikk eluiga ja veatu printimine. Lai valik originaaltoonerid\" \/>\n<meta property=\"og:url\" content=\"https:\/\/rtt.ee\/ru\/toode\/kulumaterjalid-ru\/toonerid-ru\/tooner-must-konica-minolta-tn321k-a33k150-27k\/\" \/>\n<meta property=\"og:site_name\" content=\"RTT\" \/>\n<meta property=\"article:modified_time\" content=\"2026-03-18T14:01:57+00:00\" \/>\n<meta property=\"og:image\" content=\"https:\/\/rtt.ee\/wp-content\/uploads\/2026\/03\/Konica_Minolta.png\" \/>\n\t<meta property=\"og:image:width\" content=\"500\" \/>\n\t<meta property=\"og:image:height\" content=\"291\" \/>\n\t<meta property=\"og:image:type\" content=\"image\/png\" \/>\n<meta name=\"twitter:card\" content=\"summary_large_image\" \/>\n<script type=\"application\/ld+json\" class=\"yoast-schema-graph\">{\"@context\":\"https:\/\/schema.org\",\"@graph\":[{\"@type\":\"WebPage\",\"@id\":\"https:\/\/rtt.ee\/ru\/toode\/kulumaterjalid-ru\/toonerid-ru\/tooner-must-konica-minolta-tn321k-a33k150-27k\/\",\"url\":\"https:\/\/rtt.ee\/ru\/toode\/kulumaterjalid-ru\/toonerid-ru\/tooner-must-konica-minolta-tn321k-a33k150-27k\/\",\"name\":\"Tooner must Konica Minolta TN321K (A33K150) 27k - RTT\",\"isPartOf\":{\"@id\":\"https:\/\/rtt.ee\/en\/#website\"},\"primaryImageOfPage\":{\"@id\":\"https:\/\/rtt.ee\/ru\/toode\/kulumaterjalid-ru\/toonerid-ru\/tooner-must-konica-minolta-tn321k-a33k150-27k\/#primaryimage\"},\"image\":{\"@id\":\"https:\/\/rtt.ee\/ru\/toode\/kulumaterjalid-ru\/toonerid-ru\/tooner-must-konica-minolta-tn321k-a33k150-27k\/#primaryimage\"},\"thumbnailUrl\":\"https:\/\/rtt.ee\/wp-content\/uploads\/2026\/03\/Konica_Minolta.png\",\"datePublished\":\"2026-03-18T13:56:13+00:00\",\"dateModified\":\"2026-03-18T14:01:57+00:00\",\"description\":\"Konica Minolta toonerid \u2013 Suurep\u00e4rane tr\u00fckikvaliteet sinu b\u00fcroos. Tagage oma seadme pikk eluiga ja veatu printimine. Lai valik originaaltoonerid\",\"breadcrumb\":{\"@id\":\"https:\/\/rtt.ee\/ru\/toode\/kulumaterjalid-ru\/toonerid-ru\/tooner-must-konica-minolta-tn321k-a33k150-27k\/#breadcrumb\"},\"inLanguage\":\"ru-RU\",\"potentialAction\":[{\"@type\":\"ReadAction\",\"target\":[\"https:\/\/rtt.ee\/ru\/toode\/kulumaterjalid-ru\/toonerid-ru\/tooner-must-konica-minolta-tn321k-a33k150-27k\/\"]}]},{\"@type\":\"ImageObject\",\"inLanguage\":\"ru-RU\",\"@id\":\"https:\/\/rtt.ee\/ru\/toode\/kulumaterjalid-ru\/toonerid-ru\/tooner-must-konica-minolta-tn321k-a33k150-27k\/#primaryimage\",\"url\":\"https:\/\/rtt.ee\/wp-content\/uploads\/2026\/03\/Konica_Minolta.png\",\"contentUrl\":\"https:\/\/rtt.ee\/wp-content\/uploads\/2026\/03\/Konica_Minolta.png\",\"width\":500,\"height\":291},{\"@type\":\"BreadcrumbList\",\"@id\":\"https:\/\/rtt.ee\/ru\/toode\/kulumaterjalid-ru\/toonerid-ru\/tooner-must-konica-minolta-tn321k-a33k150-27k\/#breadcrumb\",\"itemListElement\":[{\"@type\":\"ListItem\",\"position\":1,\"name\":\"\u0413\u043b\u0430\u0432\u043d\u0430\u044f\",\"item\":\"https:\/\/rtt.ee\/ru\/\"},{\"@type\":\"ListItem\",\"position\":2,\"name\":\"Magazin\",\"item\":\"https:\/\/rtt.ee\/ru\/pood\/\"},{\"@type\":\"ListItem\",\"position\":3,\"name\":\"Kulumaterjalid\",\"item\":\"https:\/\/rtt.ee\/tootekategooria\/kulumaterjalid\/\"},{\"@type\":\"ListItem\",\"position\":4,\"name\":\"Toonerid\",\"item\":\"https:\/\/rtt.ee\/tootekategooria\/kulumaterjalid\/toonerid\/\"},{\"@type\":\"ListItem\",\"position\":5,\"name\":\"Tooner must Konica Minolta TN321K (A33K150) 27k\"}]},{\"@type\":\"WebSite\",\"@id\":\"https:\/\/rtt.ee\/en\/#website\",\"url\":\"https:\/\/rtt.ee\/en\/\",\"name\":\"RTT\",\"description\":\"Kassaaparaadid ja kontorikaubad\",\"potentialAction\":[{\"@type\":\"SearchAction\",\"target\":{\"@type\":\"EntryPoint\",\"urlTemplate\":\"https:\/\/rtt.ee\/en\/?s={search_term_string}\"},\"query-input\":{\"@type\":\"PropertyValueSpecification\",\"valueRequired\":true,\"valueName\":\"search_term_string\"}}],\"inLanguage\":\"ru-RU\"}]}<\/script>\n<!-- \/ Yoast SEO plugin. -->","yoast_head_json":{"title":"Tooner must Konica Minolta TN321K (A33K150) 27k - RTT","description":"Konica Minolta toonerid \u2013 Suurep\u00e4rane tr\u00fckikvaliteet sinu b\u00fcroos. Tagage oma seadme pikk eluiga ja veatu printimine. Lai valik originaaltoonerid","robots":{"index":"index","follow":"follow","max-snippet":"max-snippet:-1","max-image-preview":"max-image-preview:large","max-video-preview":"max-video-preview:-1"},"canonical":"https:\/\/rtt.ee\/ru\/toode\/kulumaterjalid-ru\/toonerid-ru\/tooner-must-konica-minolta-tn321k-a33k150-27k\/","og_locale":"ru_RU","og_type":"article","og_title":"Tooner must Konica Minolta TN321K (A33K150) 27k - RTT","og_description":"Konica Minolta toonerid \u2013 Suurep\u00e4rane tr\u00fckikvaliteet sinu b\u00fcroos. Tagage oma seadme pikk eluiga ja veatu printimine. Lai valik originaaltoonerid","og_url":"https:\/\/rtt.ee\/ru\/toode\/kulumaterjalid-ru\/toonerid-ru\/tooner-must-konica-minolta-tn321k-a33k150-27k\/","og_site_name":"RTT","article_modified_time":"2026-03-18T14:01:57+00:00","og_image":[{"width":500,"height":291,"url":"https:\/\/rtt.ee\/wp-content\/uploads\/2026\/03\/Konica_Minolta.png","type":"image\/png"}],"twitter_card":"summary_large_image","schema":{"@context":"https:\/\/schema.org","@graph":[{"@type":"WebPage","@id":"https:\/\/rtt.ee\/ru\/toode\/kulumaterjalid-ru\/toonerid-ru\/tooner-must-konica-minolta-tn321k-a33k150-27k\/","url":"https:\/\/rtt.ee\/ru\/toode\/kulumaterjalid-ru\/toonerid-ru\/tooner-must-konica-minolta-tn321k-a33k150-27k\/","name":"Tooner must Konica Minolta TN321K (A33K150) 27k - RTT","isPartOf":{"@id":"https:\/\/rtt.ee\/en\/#website"},"primaryImageOfPage":{"@id":"https:\/\/rtt.ee\/ru\/toode\/kulumaterjalid-ru\/toonerid-ru\/tooner-must-konica-minolta-tn321k-a33k150-27k\/#primaryimage"},"image":{"@id":"https:\/\/rtt.ee\/ru\/toode\/kulumaterjalid-ru\/toonerid-ru\/tooner-must-konica-minolta-tn321k-a33k150-27k\/#primaryimage"},"thumbnailUrl":"https:\/\/rtt.ee\/wp-content\/uploads\/2026\/03\/Konica_Minolta.png","datePublished":"2026-03-18T13:56:13+00:00","dateModified":"2026-03-18T14:01:57+00:00","description":"Konica Minolta toonerid \u2013 Suurep\u00e4rane tr\u00fckikvaliteet sinu b\u00fcroos. Tagage oma seadme pikk eluiga ja veatu printimine. Lai valik originaaltoonerid","breadcrumb":{"@id":"https:\/\/rtt.ee\/ru\/toode\/kulumaterjalid-ru\/toonerid-ru\/tooner-must-konica-minolta-tn321k-a33k150-27k\/#breadcrumb"},"inLanguage":"ru-RU","potentialAction":[{"@type":"ReadAction","target":["https:\/\/rtt.ee\/ru\/toode\/kulumaterjalid-ru\/toonerid-ru\/tooner-must-konica-minolta-tn321k-a33k150-27k\/"]}]},{"@type":"ImageObject","inLanguage":"ru-RU","@id":"https:\/\/rtt.ee\/ru\/toode\/kulumaterjalid-ru\/toonerid-ru\/tooner-must-konica-minolta-tn321k-a33k150-27k\/#primaryimage","url":"https:\/\/rtt.ee\/wp-content\/uploads\/2026\/03\/Konica_Minolta.png","contentUrl":"https:\/\/rtt.ee\/wp-content\/uploads\/2026\/03\/Konica_Minolta.png","width":500,"height":291},{"@type":"BreadcrumbList","@id":"https:\/\/rtt.ee\/ru\/toode\/kulumaterjalid-ru\/toonerid-ru\/tooner-must-konica-minolta-tn321k-a33k150-27k\/#breadcrumb","itemListElement":[{"@type":"ListItem","position":1,"name":"\u0413\u043b\u0430\u0432\u043d\u0430\u044f","item":"https:\/\/rtt.ee\/ru\/"},{"@type":"ListItem","position":2,"name":"Magazin","item":"https:\/\/rtt.ee\/ru\/pood\/"},{"@type":"ListItem","position":3,"name":"Kulumaterjalid","item":"https:\/\/rtt.ee\/tootekategooria\/kulumaterjalid\/"},{"@type":"ListItem","position":4,"name":"Toonerid","item":"https:\/\/rtt.ee\/tootekategooria\/kulumaterjalid\/toonerid\/"},{"@type":"ListItem","position":5,"name":"Tooner must Konica Minolta TN321K (A33K150) 27k"}]},{"@type":"WebSite","@id":"https:\/\/rtt.ee\/en\/#website","url":"https:\/\/rtt.ee\/en\/","name":"RTT","description":"Kassaaparaadid ja kontorikaubad","potentialAction":[{"@type":"SearchAction","target":{"@type":"EntryPoint","urlTemplate":"https:\/\/rtt.ee\/en\/?s={search_term_string}"},"query-input":{"@type":"PropertyValueSpecification","valueRequired":true,"valueName":"search_term_string"}}],"inLanguage":"ru-RU"}]}},"_links":{"self":[{"href":"https:\/\/rtt.ee\/ru\/wp-json\/wp\/v2\/product\/17328","targetHints":{"allow":["GET"]}}],"collection":[{"href":"https:\/\/rtt.ee\/ru\/wp-json\/wp\/v2\/product"}],"about":[{"href":"https:\/\/rtt.ee\/ru\/wp-json\/wp\/v2\/types\/product"}],"wp:featuredmedia":[{"embeddable":true,"href":"https:\/\/rtt.ee\/ru\/wp-json\/wp\/v2\/media\/17337"}],"wp:attachment":[{"href":"https:\/\/rtt.ee\/ru\/wp-json\/wp\/v2\/media?parent=17328"}],"wp:term":[{"taxonomy":"product_brand","embeddable":true,"href":"https:\/\/rtt.ee\/ru\/wp-json\/wp\/v2\/product_brand?post=17328"},{"taxonomy":"product_cat","embeddable":true,"href":"https:\/\/rtt.ee\/ru\/wp-json\/wp\/v2\/product_cat?post=17328"},{"taxonomy":"product_tag","embeddable":true,"href":"https:\/\/rtt.ee\/ru\/wp-json\/wp\/v2\/product_tag?post=17328"}],"curies":[{"name":"wp","href":"https:\/\/api.w.org\/{rel}","templated":true}]}}