{"id":17186,"date":"2025-10-14T11:39:16","date_gmt":"2025-10-14T08:39:16","guid":{"rendered":"https:\/\/rtt.ee\/toode\/uncategorized\/trukikile-zebra-kaardiprinterile\/"},"modified":"2025-10-14T11:39:16","modified_gmt":"2025-10-14T08:39:16","slug":"trukikile-zebra-kaardiprinterile","status":"publish","type":"product","link":"https:\/\/rtt.ee\/ru\/toode\/kaardiprinterite-kulumaterjalid-ru\/trukikile-zebra-kaardiprinterile\/","title":{"rendered":"Tr\u00fckilint ZEBRA v\u00e4rviline YMCUvK (500 printi) 800012-543"},"content":{"rendered":"<div class=\"d-flex flex-column me-auto\">\n<p class=\"field field--name-field-description-ref field--type-entity-reference field--label-hidden field__item\"><span class=\"long-description\">YMCUvK<\/span><\/p>\n<p><span class=\"long-description\">Tr\u00fckimaht kuni 500 printi (\u00fchepoolsed) v\u00f5i 250 printi (kahepoolsed)<\/span><\/p>\n<p><span class=\"long-description\">Sobivus: ZXP Series 8, ZXP Series 9<\/span><\/p>\n<\/div>\n<div class=\"d-none d-xl-flex flex-column\">\n<div class=\"flex-column text-start text-xl-end \"><\/div>\n<\/div>\n","protected":false},"excerpt":{"rendered":"<p>YMCUvK Tr\u00fckimaht kuni 500 printi (\u00fchepoolsed) v\u00f5i 250 printi (kahepoolsed) Sobivus: ZXP Series 8, ZXP Series 9<\/p>\n","protected":false},"featured_media":13297,"template":"","meta":{"_acf_changed":false},"product_brand":[408],"product_cat":[343],"product_tag":[],"class_list":{"0":"post-17186","1":"product","2":"type-product","3":"status-publish","4":"has-post-thumbnail","6":"product_brand-zebra","7":"product_cat-kaardiprinterite-kulumaterjalid-ru","8":"product_brands-zebra-ru","10":"first","11":"instock","12":"sale","13":"taxable","14":"shipping-taxable","15":"purchasable","16":"product-type-simple"},"acf":[],"yoast_head":"<!-- This site is optimized with the Yoast SEO plugin v26.2 - https:\/\/yoast.com\/wordpress\/plugins\/seo\/ -->\n<title>Tr\u00fckilint ZEBRA v\u00e4rviline YMCUvK (500 printi) 800012-543 - RTT<\/title>\n<meta name=\"robots\" content=\"index, follow, max-snippet:-1, max-image-preview:large, max-video-preview:-1\" \/>\n<link rel=\"canonical\" href=\"https:\/\/rtt.ee\/ru\/toode\/uncategorized\/trukikile-zebra-kaardiprinterile\/\" \/>\n<meta property=\"og:locale\" content=\"ru_RU\" \/>\n<meta property=\"og:type\" content=\"article\" \/>\n<meta property=\"og:title\" content=\"Tr\u00fckilint ZEBRA v\u00e4rviline YMCUvK (500 printi) 800012-543 - RTT\" \/>\n<meta property=\"og:description\" content=\"YMCUvK Tr\u00fckimaht kuni 500 printi (\u00fchepoolsed) v\u00f5i 250 printi (kahepoolsed) Sobivus: ZXP Series 8, ZXP Series 9\" \/>\n<meta property=\"og:url\" content=\"https:\/\/rtt.ee\/ru\/toode\/uncategorized\/trukikile-zebra-kaardiprinterile\/\" \/>\n<meta property=\"og:site_name\" content=\"RTT\" \/>\n<meta property=\"og:image\" content=\"https:\/\/rtt.ee\/wp-content\/uploads\/2022\/01\/rtt_logo_350X350.jpg\" \/>\n\t<meta property=\"og:image:width\" content=\"350\" \/>\n\t<meta property=\"og:image:height\" content=\"350\" \/>\n\t<meta property=\"og:image:type\" content=\"image\/jpeg\" \/>\n<meta name=\"twitter:card\" content=\"summary_large_image\" \/>\n<script type=\"application\/ld+json\" class=\"yoast-schema-graph\">{\"@context\":\"https:\/\/schema.org\",\"@graph\":[{\"@type\":\"WebPage\",\"@id\":\"https:\/\/rtt.ee\/ru\/toode\/uncategorized\/trukikile-zebra-kaardiprinterile\/\",\"url\":\"https:\/\/rtt.ee\/ru\/toode\/uncategorized\/trukikile-zebra-kaardiprinterile\/\",\"name\":\"Tr\u00fckilint ZEBRA v\u00e4rviline YMCUvK (500 printi) 800012-543 - RTT\",\"isPartOf\":{\"@id\":\"https:\/\/rtt.ee\/en\/#website\"},\"primaryImageOfPage\":{\"@id\":\"https:\/\/rtt.ee\/ru\/toode\/uncategorized\/trukikile-zebra-kaardiprinterile\/#primaryimage\"},\"image\":{\"@id\":\"https:\/\/rtt.ee\/ru\/toode\/uncategorized\/trukikile-zebra-kaardiprinterile\/#primaryimage\"},\"thumbnailUrl\":\"https:\/\/rtt.ee\/wp-content\/uploads\/2025\/10\/Zebra-800012-543.jpg\",\"datePublished\":\"2025-10-14T08:39:16+00:00\",\"breadcrumb\":{\"@id\":\"https:\/\/rtt.ee\/ru\/toode\/uncategorized\/trukikile-zebra-kaardiprinterile\/#breadcrumb\"},\"inLanguage\":\"ru-RU\",\"potentialAction\":[{\"@type\":\"ReadAction\",\"target\":[\"https:\/\/rtt.ee\/ru\/toode\/uncategorized\/trukikile-zebra-kaardiprinterile\/\"]}]},{\"@type\":\"ImageObject\",\"inLanguage\":\"ru-RU\",\"@id\":\"https:\/\/rtt.ee\/ru\/toode\/uncategorized\/trukikile-zebra-kaardiprinterile\/#primaryimage\",\"url\":\"https:\/\/rtt.ee\/wp-content\/uploads\/2025\/10\/Zebra-800012-543.jpg\",\"contentUrl\":\"https:\/\/rtt.ee\/wp-content\/uploads\/2025\/10\/Zebra-800012-543.jpg\",\"width\":1300,\"height\":732},{\"@type\":\"BreadcrumbList\",\"@id\":\"https:\/\/rtt.ee\/ru\/toode\/uncategorized\/trukikile-zebra-kaardiprinterile\/#breadcrumb\",\"itemListElement\":[{\"@type\":\"ListItem\",\"position\":1,\"name\":\"\u0413\u043b\u0430\u0432\u043d\u0430\u044f\",\"item\":\"https:\/\/rtt.ee\/ru\/\"},{\"@type\":\"ListItem\",\"position\":2,\"name\":\"Magazin\",\"item\":\"https:\/\/rtt.ee\/ru\/pood\/\"},{\"@type\":\"ListItem\",\"position\":3,\"name\":\"Tr\u00fckilint ZEBRA v\u00e4rviline YMCUvK (500 printi) 800012-543\"}]},{\"@type\":\"WebSite\",\"@id\":\"https:\/\/rtt.ee\/en\/#website\",\"url\":\"https:\/\/rtt.ee\/en\/\",\"name\":\"RTT\",\"description\":\"Kassaaparaadid ja kontorikaubad\",\"potentialAction\":[{\"@type\":\"SearchAction\",\"target\":{\"@type\":\"EntryPoint\",\"urlTemplate\":\"https:\/\/rtt.ee\/en\/?s={search_term_string}\"},\"query-input\":{\"@type\":\"PropertyValueSpecification\",\"valueRequired\":true,\"valueName\":\"search_term_string\"}}],\"inLanguage\":\"ru-RU\"}]}<\/script>\n<!-- \/ Yoast SEO plugin. -->","yoast_head_json":{"title":"Tr\u00fckilint ZEBRA v\u00e4rviline YMCUvK (500 printi) 800012-543 - RTT","robots":{"index":"index","follow":"follow","max-snippet":"max-snippet:-1","max-image-preview":"max-image-preview:large","max-video-preview":"max-video-preview:-1"},"canonical":"https:\/\/rtt.ee\/ru\/toode\/uncategorized\/trukikile-zebra-kaardiprinterile\/","og_locale":"ru_RU","og_type":"article","og_title":"Tr\u00fckilint ZEBRA v\u00e4rviline YMCUvK (500 printi) 800012-543 - RTT","og_description":"YMCUvK Tr\u00fckimaht kuni 500 printi (\u00fchepoolsed) v\u00f5i 250 printi (kahepoolsed) Sobivus: ZXP Series 8, ZXP Series 9","og_url":"https:\/\/rtt.ee\/ru\/toode\/uncategorized\/trukikile-zebra-kaardiprinterile\/","og_site_name":"RTT","og_image":[{"width":350,"height":350,"url":"https:\/\/rtt.ee\/wp-content\/uploads\/2022\/01\/rtt_logo_350X350.jpg","type":"image\/jpeg"}],"twitter_card":"summary_large_image","schema":{"@context":"https:\/\/schema.org","@graph":[{"@type":"WebPage","@id":"https:\/\/rtt.ee\/ru\/toode\/uncategorized\/trukikile-zebra-kaardiprinterile\/","url":"https:\/\/rtt.ee\/ru\/toode\/uncategorized\/trukikile-zebra-kaardiprinterile\/","name":"Tr\u00fckilint ZEBRA v\u00e4rviline YMCUvK (500 printi) 800012-543 - RTT","isPartOf":{"@id":"https:\/\/rtt.ee\/en\/#website"},"primaryImageOfPage":{"@id":"https:\/\/rtt.ee\/ru\/toode\/uncategorized\/trukikile-zebra-kaardiprinterile\/#primaryimage"},"image":{"@id":"https:\/\/rtt.ee\/ru\/toode\/uncategorized\/trukikile-zebra-kaardiprinterile\/#primaryimage"},"thumbnailUrl":"https:\/\/rtt.ee\/wp-content\/uploads\/2025\/10\/Zebra-800012-543.jpg","datePublished":"2025-10-14T08:39:16+00:00","breadcrumb":{"@id":"https:\/\/rtt.ee\/ru\/toode\/uncategorized\/trukikile-zebra-kaardiprinterile\/#breadcrumb"},"inLanguage":"ru-RU","potentialAction":[{"@type":"ReadAction","target":["https:\/\/rtt.ee\/ru\/toode\/uncategorized\/trukikile-zebra-kaardiprinterile\/"]}]},{"@type":"ImageObject","inLanguage":"ru-RU","@id":"https:\/\/rtt.ee\/ru\/toode\/uncategorized\/trukikile-zebra-kaardiprinterile\/#primaryimage","url":"https:\/\/rtt.ee\/wp-content\/uploads\/2025\/10\/Zebra-800012-543.jpg","contentUrl":"https:\/\/rtt.ee\/wp-content\/uploads\/2025\/10\/Zebra-800012-543.jpg","width":1300,"height":732},{"@type":"BreadcrumbList","@id":"https:\/\/rtt.ee\/ru\/toode\/uncategorized\/trukikile-zebra-kaardiprinterile\/#breadcrumb","itemListElement":[{"@type":"ListItem","position":1,"name":"\u0413\u043b\u0430\u0432\u043d\u0430\u044f","item":"https:\/\/rtt.ee\/ru\/"},{"@type":"ListItem","position":2,"name":"Magazin","item":"https:\/\/rtt.ee\/ru\/pood\/"},{"@type":"ListItem","position":3,"name":"Tr\u00fckilint ZEBRA v\u00e4rviline YMCUvK (500 printi) 800012-543"}]},{"@type":"WebSite","@id":"https:\/\/rtt.ee\/en\/#website","url":"https:\/\/rtt.ee\/en\/","name":"RTT","description":"Kassaaparaadid ja kontorikaubad","potentialAction":[{"@type":"SearchAction","target":{"@type":"EntryPoint","urlTemplate":"https:\/\/rtt.ee\/en\/?s={search_term_string}"},"query-input":{"@type":"PropertyValueSpecification","valueRequired":true,"valueName":"search_term_string"}}],"inLanguage":"ru-RU"}]}},"_links":{"self":[{"href":"https:\/\/rtt.ee\/ru\/wp-json\/wp\/v2\/product\/17186","targetHints":{"allow":["GET"]}}],"collection":[{"href":"https:\/\/rtt.ee\/ru\/wp-json\/wp\/v2\/product"}],"about":[{"href":"https:\/\/rtt.ee\/ru\/wp-json\/wp\/v2\/types\/product"}],"wp:featuredmedia":[{"embeddable":true,"href":"https:\/\/rtt.ee\/ru\/wp-json\/wp\/v2\/media\/13297"}],"wp:attachment":[{"href":"https:\/\/rtt.ee\/ru\/wp-json\/wp\/v2\/media?parent=17186"}],"wp:term":[{"taxonomy":"product_brand","embeddable":true,"href":"https:\/\/rtt.ee\/ru\/wp-json\/wp\/v2\/product_brand?post=17186"},{"taxonomy":"product_cat","embeddable":true,"href":"https:\/\/rtt.ee\/ru\/wp-json\/wp\/v2\/product_cat?post=17186"},{"taxonomy":"product_tag","embeddable":true,"href":"https:\/\/rtt.ee\/ru\/wp-json\/wp\/v2\/product_tag?post=17186"}],"curies":[{"name":"wp","href":"https:\/\/api.w.org\/{rel}","templated":true}]}}