{"id":17158,"date":"2026-03-17T15:26:09","date_gmt":"2026-03-17T13:26:09","guid":{"rendered":"https:\/\/rtt.ee\/toode\/uncategorized\/trukilint-evolis-varviline-ymck-k-600-printi-rt5f102e100\/"},"modified":"2026-03-17T15:42:05","modified_gmt":"2026-03-17T13:42:05","slug":"trukilint-evolis-varviline-ymck-k-600-printi-rt5f102e100","status":"publish","type":"product","link":"https:\/\/rtt.ee\/ru\/toode\/kaardiprinterite-kulumaterjalid-ru\/trukilint-evolis-varviline-ymck-k-600-printi-rt5f102e100\/","title":{"rendered":"Tr\u00fckilint Evolis v\u00e4rviline YMCK-K (600 printi) &#8212; RT5F102E100"},"content":{"rendered":"<p>V\u00e4rviline tr\u00fckilint<\/p>\n<p>Tr\u00fckimaht kuni 600 printi<\/p>\n<p>Sobivus: Agilia<\/p>\n","protected":false},"excerpt":{"rendered":"<p>V\u00e4rviline tr\u00fckilint Tr\u00fckimaht kuni 600 printi Sobivus: Agilia<\/p>\n","protected":false},"featured_media":17153,"template":"","meta":{"_acf_changed":false},"product_brand":[410],"product_cat":[343],"product_tag":[],"class_list":{"0":"post-17158","1":"product","2":"type-product","3":"status-publish","4":"has-post-thumbnail","6":"product_brand-evolis","7":"product_cat-kaardiprinterite-kulumaterjalid-ru","8":"product_brands-evolis-ru","10":"first","11":"onbackorder","12":"taxable","13":"shipping-taxable","14":"purchasable","15":"product-type-simple"},"acf":[],"yoast_head":"<!-- This site is optimized with the Yoast SEO plugin v26.2 - https:\/\/yoast.com\/wordpress\/plugins\/seo\/ -->\n<title>Tr\u00fckilint Evolis v\u00e4rviline YMCK-K (600 printi) - RT5F102E100 - RTT<\/title>\n<meta name=\"description\" content=\"Professionaalsed Evolis printeri lindid kulumiskindlate kaartide tr\u00fckkimiseks. Suur valik v\u00e4rvilisi ja monokroomseid linte otse laost. Vaata ja vali siit!\" \/>\n<meta name=\"robots\" content=\"index, follow, max-snippet:-1, max-image-preview:large, max-video-preview:-1\" \/>\n<link rel=\"canonical\" href=\"https:\/\/rtt.ee\/toode\/kulumaterjalid\/kaardiprinterite-kulumaterjalid\/trukilint-evolis-varviline-ymck-k-600-printi-rt5f102e100\/\" \/>\n<meta property=\"og:locale\" content=\"ru_RU\" \/>\n<meta property=\"og:type\" content=\"article\" \/>\n<meta property=\"og:title\" content=\"Tr\u00fckilint Evolis v\u00e4rviline YMCK-K (600 printi) - RT5F102E100 - RTT\" \/>\n<meta property=\"og:description\" content=\"Professionaalsed Evolis printeri lindid kulumiskindlate kaartide tr\u00fckkimiseks. Suur valik v\u00e4rvilisi ja monokroomseid linte otse laost. Vaata ja vali siit!\" \/>\n<meta property=\"og:url\" content=\"https:\/\/rtt.ee\/toode\/kulumaterjalid\/kaardiprinterite-kulumaterjalid\/trukilint-evolis-varviline-ymck-k-600-printi-rt5f102e100\/\" \/>\n<meta property=\"og:site_name\" content=\"RTT\" \/>\n<meta property=\"article:modified_time\" content=\"2026-03-17T13:42:05+00:00\" \/>\n<meta property=\"og:image\" content=\"https:\/\/rtt.ee\/wp-content\/uploads\/2026\/03\/RT4F101E100.webp\" \/>\n\t<meta property=\"og:image:width\" content=\"450\" \/>\n\t<meta property=\"og:image:height\" content=\"486\" \/>\n\t<meta property=\"og:image:type\" content=\"image\/webp\" \/>\n<meta name=\"twitter:card\" content=\"summary_large_image\" \/>\n<script type=\"application\/ld+json\" class=\"yoast-schema-graph\">{\"@context\":\"https:\/\/schema.org\",\"@graph\":[{\"@type\":\"WebPage\",\"@id\":\"https:\/\/rtt.ee\/toode\/kulumaterjalid\/kaardiprinterite-kulumaterjalid\/trukilint-evolis-varviline-ymck-k-600-printi-rt5f102e100\/\",\"url\":\"https:\/\/rtt.ee\/toode\/kulumaterjalid\/kaardiprinterite-kulumaterjalid\/trukilint-evolis-varviline-ymck-k-600-printi-rt5f102e100\/\",\"name\":\"Tr\u00fckilint Evolis v\u00e4rviline YMCK-K (600 printi) - RT5F102E100 - RTT\",\"isPartOf\":{\"@id\":\"https:\/\/rtt.ee\/en\/#website\"},\"primaryImageOfPage\":{\"@id\":\"https:\/\/rtt.ee\/toode\/kulumaterjalid\/kaardiprinterite-kulumaterjalid\/trukilint-evolis-varviline-ymck-k-600-printi-rt5f102e100\/#primaryimage\"},\"image\":{\"@id\":\"https:\/\/rtt.ee\/toode\/kulumaterjalid\/kaardiprinterite-kulumaterjalid\/trukilint-evolis-varviline-ymck-k-600-printi-rt5f102e100\/#primaryimage\"},\"thumbnailUrl\":\"https:\/\/rtt.ee\/wp-content\/uploads\/2026\/03\/RT4F101E100.webp\",\"datePublished\":\"2026-03-17T13:26:09+00:00\",\"dateModified\":\"2026-03-17T13:42:05+00:00\",\"description\":\"Professionaalsed Evolis printeri lindid kulumiskindlate kaartide tr\u00fckkimiseks. Suur valik v\u00e4rvilisi ja monokroomseid linte otse laost. Vaata ja vali siit!\",\"breadcrumb\":{\"@id\":\"https:\/\/rtt.ee\/toode\/kulumaterjalid\/kaardiprinterite-kulumaterjalid\/trukilint-evolis-varviline-ymck-k-600-printi-rt5f102e100\/#breadcrumb\"},\"inLanguage\":\"ru-RU\",\"potentialAction\":[{\"@type\":\"ReadAction\",\"target\":[\"https:\/\/rtt.ee\/toode\/kulumaterjalid\/kaardiprinterite-kulumaterjalid\/trukilint-evolis-varviline-ymck-k-600-printi-rt5f102e100\/\"]}]},{\"@type\":\"ImageObject\",\"inLanguage\":\"ru-RU\",\"@id\":\"https:\/\/rtt.ee\/toode\/kulumaterjalid\/kaardiprinterite-kulumaterjalid\/trukilint-evolis-varviline-ymck-k-600-printi-rt5f102e100\/#primaryimage\",\"url\":\"https:\/\/rtt.ee\/wp-content\/uploads\/2026\/03\/RT4F101E100.webp\",\"contentUrl\":\"https:\/\/rtt.ee\/wp-content\/uploads\/2026\/03\/RT4F101E100.webp\",\"width\":450,\"height\":486},{\"@type\":\"BreadcrumbList\",\"@id\":\"https:\/\/rtt.ee\/toode\/kulumaterjalid\/kaardiprinterite-kulumaterjalid\/trukilint-evolis-varviline-ymck-k-600-printi-rt5f102e100\/#breadcrumb\",\"itemListElement\":[{\"@type\":\"ListItem\",\"position\":1,\"name\":\"\u0413\u043b\u0430\u0432\u043d\u0430\u044f\",\"item\":\"https:\/\/rtt.ee\/ru\/\"},{\"@type\":\"ListItem\",\"position\":2,\"name\":\"Magazin\",\"item\":\"https:\/\/rtt.ee\/ru\/pood\/\"},{\"@type\":\"ListItem\",\"position\":3,\"name\":\"Kaardiprinterite kulumaterjalid\",\"item\":\"https:\/\/rtt.ee\/tootekategooria\/kulumaterjalid\/kaardiprinterite-kulumaterjalid\/\"},{\"@type\":\"ListItem\",\"position\":4,\"name\":\"Tr\u00fckilint Evolis v\u00e4rviline YMCK-K (600 printi) &#8211; RT5F102E100\"}]},{\"@type\":\"WebSite\",\"@id\":\"https:\/\/rtt.ee\/en\/#website\",\"url\":\"https:\/\/rtt.ee\/en\/\",\"name\":\"RTT\",\"description\":\"Kassaaparaadid ja kontorikaubad\",\"potentialAction\":[{\"@type\":\"SearchAction\",\"target\":{\"@type\":\"EntryPoint\",\"urlTemplate\":\"https:\/\/rtt.ee\/en\/?s={search_term_string}\"},\"query-input\":{\"@type\":\"PropertyValueSpecification\",\"valueRequired\":true,\"valueName\":\"search_term_string\"}}],\"inLanguage\":\"ru-RU\"}]}<\/script>\n<!-- \/ Yoast SEO plugin. -->","yoast_head_json":{"title":"Tr\u00fckilint Evolis v\u00e4rviline YMCK-K (600 printi) - RT5F102E100 - RTT","description":"Professionaalsed Evolis printeri lindid kulumiskindlate kaartide tr\u00fckkimiseks. Suur valik v\u00e4rvilisi ja monokroomseid linte otse laost. Vaata ja vali siit!","robots":{"index":"index","follow":"follow","max-snippet":"max-snippet:-1","max-image-preview":"max-image-preview:large","max-video-preview":"max-video-preview:-1"},"canonical":"https:\/\/rtt.ee\/toode\/kulumaterjalid\/kaardiprinterite-kulumaterjalid\/trukilint-evolis-varviline-ymck-k-600-printi-rt5f102e100\/","og_locale":"ru_RU","og_type":"article","og_title":"Tr\u00fckilint Evolis v\u00e4rviline YMCK-K (600 printi) - RT5F102E100 - RTT","og_description":"Professionaalsed Evolis printeri lindid kulumiskindlate kaartide tr\u00fckkimiseks. Suur valik v\u00e4rvilisi ja monokroomseid linte otse laost. Vaata ja vali siit!","og_url":"https:\/\/rtt.ee\/toode\/kulumaterjalid\/kaardiprinterite-kulumaterjalid\/trukilint-evolis-varviline-ymck-k-600-printi-rt5f102e100\/","og_site_name":"RTT","article_modified_time":"2026-03-17T13:42:05+00:00","og_image":[{"width":450,"height":486,"url":"https:\/\/rtt.ee\/wp-content\/uploads\/2026\/03\/RT4F101E100.webp","type":"image\/webp"}],"twitter_card":"summary_large_image","schema":{"@context":"https:\/\/schema.org","@graph":[{"@type":"WebPage","@id":"https:\/\/rtt.ee\/toode\/kulumaterjalid\/kaardiprinterite-kulumaterjalid\/trukilint-evolis-varviline-ymck-k-600-printi-rt5f102e100\/","url":"https:\/\/rtt.ee\/toode\/kulumaterjalid\/kaardiprinterite-kulumaterjalid\/trukilint-evolis-varviline-ymck-k-600-printi-rt5f102e100\/","name":"Tr\u00fckilint Evolis v\u00e4rviline YMCK-K (600 printi) - RT5F102E100 - RTT","isPartOf":{"@id":"https:\/\/rtt.ee\/en\/#website"},"primaryImageOfPage":{"@id":"https:\/\/rtt.ee\/toode\/kulumaterjalid\/kaardiprinterite-kulumaterjalid\/trukilint-evolis-varviline-ymck-k-600-printi-rt5f102e100\/#primaryimage"},"image":{"@id":"https:\/\/rtt.ee\/toode\/kulumaterjalid\/kaardiprinterite-kulumaterjalid\/trukilint-evolis-varviline-ymck-k-600-printi-rt5f102e100\/#primaryimage"},"thumbnailUrl":"https:\/\/rtt.ee\/wp-content\/uploads\/2026\/03\/RT4F101E100.webp","datePublished":"2026-03-17T13:26:09+00:00","dateModified":"2026-03-17T13:42:05+00:00","description":"Professionaalsed Evolis printeri lindid kulumiskindlate kaartide tr\u00fckkimiseks. Suur valik v\u00e4rvilisi ja monokroomseid linte otse laost. Vaata ja vali siit!","breadcrumb":{"@id":"https:\/\/rtt.ee\/toode\/kulumaterjalid\/kaardiprinterite-kulumaterjalid\/trukilint-evolis-varviline-ymck-k-600-printi-rt5f102e100\/#breadcrumb"},"inLanguage":"ru-RU","potentialAction":[{"@type":"ReadAction","target":["https:\/\/rtt.ee\/toode\/kulumaterjalid\/kaardiprinterite-kulumaterjalid\/trukilint-evolis-varviline-ymck-k-600-printi-rt5f102e100\/"]}]},{"@type":"ImageObject","inLanguage":"ru-RU","@id":"https:\/\/rtt.ee\/toode\/kulumaterjalid\/kaardiprinterite-kulumaterjalid\/trukilint-evolis-varviline-ymck-k-600-printi-rt5f102e100\/#primaryimage","url":"https:\/\/rtt.ee\/wp-content\/uploads\/2026\/03\/RT4F101E100.webp","contentUrl":"https:\/\/rtt.ee\/wp-content\/uploads\/2026\/03\/RT4F101E100.webp","width":450,"height":486},{"@type":"BreadcrumbList","@id":"https:\/\/rtt.ee\/toode\/kulumaterjalid\/kaardiprinterite-kulumaterjalid\/trukilint-evolis-varviline-ymck-k-600-printi-rt5f102e100\/#breadcrumb","itemListElement":[{"@type":"ListItem","position":1,"name":"\u0413\u043b\u0430\u0432\u043d\u0430\u044f","item":"https:\/\/rtt.ee\/ru\/"},{"@type":"ListItem","position":2,"name":"Magazin","item":"https:\/\/rtt.ee\/ru\/pood\/"},{"@type":"ListItem","position":3,"name":"Kaardiprinterite kulumaterjalid","item":"https:\/\/rtt.ee\/tootekategooria\/kulumaterjalid\/kaardiprinterite-kulumaterjalid\/"},{"@type":"ListItem","position":4,"name":"Tr\u00fckilint Evolis v\u00e4rviline YMCK-K (600 printi) &#8211; RT5F102E100"}]},{"@type":"WebSite","@id":"https:\/\/rtt.ee\/en\/#website","url":"https:\/\/rtt.ee\/en\/","name":"RTT","description":"Kassaaparaadid ja kontorikaubad","potentialAction":[{"@type":"SearchAction","target":{"@type":"EntryPoint","urlTemplate":"https:\/\/rtt.ee\/en\/?s={search_term_string}"},"query-input":{"@type":"PropertyValueSpecification","valueRequired":true,"valueName":"search_term_string"}}],"inLanguage":"ru-RU"}]}},"_links":{"self":[{"href":"https:\/\/rtt.ee\/ru\/wp-json\/wp\/v2\/product\/17158","targetHints":{"allow":["GET"]}}],"collection":[{"href":"https:\/\/rtt.ee\/ru\/wp-json\/wp\/v2\/product"}],"about":[{"href":"https:\/\/rtt.ee\/ru\/wp-json\/wp\/v2\/types\/product"}],"wp:featuredmedia":[{"embeddable":true,"href":"https:\/\/rtt.ee\/ru\/wp-json\/wp\/v2\/media\/17153"}],"wp:attachment":[{"href":"https:\/\/rtt.ee\/ru\/wp-json\/wp\/v2\/media?parent=17158"}],"wp:term":[{"taxonomy":"product_brand","embeddable":true,"href":"https:\/\/rtt.ee\/ru\/wp-json\/wp\/v2\/product_brand?post=17158"},{"taxonomy":"product_cat","embeddable":true,"href":"https:\/\/rtt.ee\/ru\/wp-json\/wp\/v2\/product_cat?post=17158"},{"taxonomy":"product_tag","embeddable":true,"href":"https:\/\/rtt.ee\/ru\/wp-json\/wp\/v2\/product_tag?post=17158"}],"curies":[{"name":"wp","href":"https:\/\/api.w.org\/{rel}","templated":true}]}}