{"id":17129,"date":"2026-03-17T14:43:26","date_gmt":"2026-03-17T12:43:26","guid":{"rendered":"https:\/\/rtt.ee\/toode\/uncategorized\/kaardiprinter-evolis-agilia-simplex-expert\/"},"modified":"2026-03-17T15:40:42","modified_gmt":"2026-03-17T13:40:42","slug":"kaardiprinter-evolis-agilia-simplex-expert","status":"publish","type":"product","link":"https:\/\/rtt.ee\/ru\/toode\/printerid-ru\/kaardiprinter-ru\/kaardiprinter-evolis-agilia-simplex-expert\/","title":{"rendered":"Kaardiprinter Evolis Agilia Simplex Expert"},"content":{"rendered":"<p data-path-to-node=\"2\"><b data-path-to-node=\"2\" data-index-in-node=\"0\">Retransfer-tehnoloogia:\u00a0<\/b>Erinevalt tavalisest kaardiprinterist ei tr\u00fckita pilti otse<\/p>\n<p data-path-to-node=\"2\">plastkaardile, vaid esmalt kilele, mis seej\u00e4rel kuumuse abil kaardile.<\/p>\n<p>Printimiskiirus: 150 kaarti\/ h (\u00fchepoolne)<\/p>\n<p>Koguja mahutavus: 100 kaarti<\/p>\n<p>S\u00f6\u00f6turi mahutavus: 200 kaarti<\/p>\n<p>Resolutsioon: 600dpi (24 punkti\/mm)<\/p>\n<p>Liidesed: USB, LAN<\/p>\n<p><strong>\u00dchepoolne tr\u00fckk<\/strong><\/p>\n<p><strong>Puutetundlik juhtpaneel<\/strong><\/p>\n<p>Komplektis: tarkvara ID All Starter<\/p>\n<p>Lisainfo:\u00a0<a href=\"https:\/\/www.evolis.com\/solutions\/card-printers\/agilia-card-printer\/\">Tehniline kirjeldus inglise keeles<\/a><\/p>\n<p>Tel: +372 6 112 256<\/p>\n<p>GSM: +372 5 014 470<\/p>\n<p><a href=\"https:\/\/youtu.be\/Y8JePyTv8bc?si=Y-oLqMPmiHJSVe3-\" target=\"_blank\" rel=\"noopener\">Tootevideo<\/a><\/p>\n","protected":false},"excerpt":{"rendered":"<p>Retransfer-tehnoloogia:\u00a0Erinevalt tavalisest kaardiprinterist ei tr\u00fckita pilti otse plastkaardile, vaid esmalt kilele, mis seej\u00e4rel kuumuse abil kaardile. Printimiskiirus: 150 kaarti\/ h (\u00fchepoolne) Koguja mahutavus: 100 kaarti S\u00f6\u00f6turi mahutavus: 200 kaarti Resolutsioon: 600dpi (24 punkti\/mm) Liidesed: USB, LAN \u00dchepoolne tr\u00fckk Puutetundlik juhtpaneel Komplektis: tarkvara ID All Starter Lisainfo:\u00a0Tehniline kirjeldus inglise keeles Tel: +372 6 112 256 GSM: [&hellip;]<\/p>\n","protected":false},"featured_media":17127,"template":"","meta":{"_acf_changed":false},"product_brand":[410],"product_cat":[262],"product_tag":[],"class_list":{"0":"post-17129","1":"product","2":"type-product","3":"status-publish","4":"has-post-thumbnail","6":"product_brand-evolis","7":"product_cat-kaardiprinter-ru","8":"product_brands-evolis-ru","10":"first","11":"onbackorder","12":"taxable","13":"shipping-taxable","14":"purchasable","15":"product-type-simple"},"acf":[],"yoast_head":"<!-- This site is optimized with the Yoast SEO plugin v26.2 - https:\/\/yoast.com\/wordpress\/plugins\/seo\/ -->\n<title>Kaardiprinter Evolis Agilia Simplex Expert - RTT<\/title>\n<meta name=\"description\" content=\"Evolis Agilia retransfer-printer: t\u00e4iuslik tr\u00fckikvaliteet \u00fcle kaardi serva. 600 dpi resolutsioon, erksad v\u00e4rvid ja kulumiskindel tulemus. Parim valik!\" \/>\n<meta name=\"robots\" content=\"index, follow, max-snippet:-1, max-image-preview:large, max-video-preview:-1\" \/>\n<link rel=\"canonical\" href=\"https:\/\/rtt.ee\/ru\/toode\/printerid-ru\/kaardiprinter-ru\/kaardiprinter-evolis-agilia-simplex-expert\/\" \/>\n<meta property=\"og:locale\" content=\"ru_RU\" \/>\n<meta property=\"og:type\" content=\"article\" \/>\n<meta property=\"og:title\" content=\"Kaardiprinter Evolis Agilia Simplex Expert - RTT\" \/>\n<meta property=\"og:description\" content=\"Evolis Agilia retransfer-printer: t\u00e4iuslik tr\u00fckikvaliteet \u00fcle kaardi serva. 600 dpi resolutsioon, erksad v\u00e4rvid ja kulumiskindel tulemus. Parim valik!\" \/>\n<meta property=\"og:url\" content=\"https:\/\/rtt.ee\/ru\/toode\/printerid-ru\/kaardiprinter-ru\/kaardiprinter-evolis-agilia-simplex-expert\/\" \/>\n<meta property=\"og:site_name\" content=\"RTT\" \/>\n<meta property=\"article:modified_time\" content=\"2026-03-17T13:40:42+00:00\" \/>\n<meta property=\"og:image\" content=\"https:\/\/rtt.ee\/wp-content\/uploads\/2026\/03\/Agilia.jpg\" \/>\n\t<meta property=\"og:image:width\" content=\"772\" \/>\n\t<meta property=\"og:image:height\" content=\"838\" \/>\n\t<meta property=\"og:image:type\" content=\"image\/jpeg\" \/>\n<meta name=\"twitter:card\" content=\"summary_large_image\" \/>\n<script type=\"application\/ld+json\" class=\"yoast-schema-graph\">{\"@context\":\"https:\/\/schema.org\",\"@graph\":[{\"@type\":\"WebPage\",\"@id\":\"https:\/\/rtt.ee\/ru\/toode\/printerid-ru\/kaardiprinter-ru\/kaardiprinter-evolis-agilia-simplex-expert\/\",\"url\":\"https:\/\/rtt.ee\/ru\/toode\/printerid-ru\/kaardiprinter-ru\/kaardiprinter-evolis-agilia-simplex-expert\/\",\"name\":\"Kaardiprinter Evolis Agilia Simplex Expert - RTT\",\"isPartOf\":{\"@id\":\"https:\/\/rtt.ee\/en\/#website\"},\"primaryImageOfPage\":{\"@id\":\"https:\/\/rtt.ee\/ru\/toode\/printerid-ru\/kaardiprinter-ru\/kaardiprinter-evolis-agilia-simplex-expert\/#primaryimage\"},\"image\":{\"@id\":\"https:\/\/rtt.ee\/ru\/toode\/printerid-ru\/kaardiprinter-ru\/kaardiprinter-evolis-agilia-simplex-expert\/#primaryimage\"},\"thumbnailUrl\":\"https:\/\/rtt.ee\/wp-content\/uploads\/2026\/03\/Agilia.jpg\",\"datePublished\":\"2026-03-17T12:43:26+00:00\",\"dateModified\":\"2026-03-17T13:40:42+00:00\",\"description\":\"Evolis Agilia retransfer-printer: t\u00e4iuslik tr\u00fckikvaliteet \u00fcle kaardi serva. 600 dpi resolutsioon, erksad v\u00e4rvid ja kulumiskindel tulemus. Parim valik!\",\"breadcrumb\":{\"@id\":\"https:\/\/rtt.ee\/ru\/toode\/printerid-ru\/kaardiprinter-ru\/kaardiprinter-evolis-agilia-simplex-expert\/#breadcrumb\"},\"inLanguage\":\"ru-RU\",\"potentialAction\":[{\"@type\":\"ReadAction\",\"target\":[\"https:\/\/rtt.ee\/ru\/toode\/printerid-ru\/kaardiprinter-ru\/kaardiprinter-evolis-agilia-simplex-expert\/\"]}]},{\"@type\":\"ImageObject\",\"inLanguage\":\"ru-RU\",\"@id\":\"https:\/\/rtt.ee\/ru\/toode\/printerid-ru\/kaardiprinter-ru\/kaardiprinter-evolis-agilia-simplex-expert\/#primaryimage\",\"url\":\"https:\/\/rtt.ee\/wp-content\/uploads\/2026\/03\/Agilia.jpg\",\"contentUrl\":\"https:\/\/rtt.ee\/wp-content\/uploads\/2026\/03\/Agilia.jpg\",\"width\":772,\"height\":838},{\"@type\":\"BreadcrumbList\",\"@id\":\"https:\/\/rtt.ee\/ru\/toode\/printerid-ru\/kaardiprinter-ru\/kaardiprinter-evolis-agilia-simplex-expert\/#breadcrumb\",\"itemListElement\":[{\"@type\":\"ListItem\",\"position\":1,\"name\":\"\u0413\u043b\u0430\u0432\u043d\u0430\u044f\",\"item\":\"https:\/\/rtt.ee\/ru\/\"},{\"@type\":\"ListItem\",\"position\":2,\"name\":\"Magazin\",\"item\":\"https:\/\/rtt.ee\/ru\/pood\/\"},{\"@type\":\"ListItem\",\"position\":3,\"name\":\"Printerid\",\"item\":\"https:\/\/rtt.ee\/tootekategooria\/printerid\/\"},{\"@type\":\"ListItem\",\"position\":4,\"name\":\"Kaardiprinter\",\"item\":\"https:\/\/rtt.ee\/tootekategooria\/printerid\/kaardiprinter\/\"},{\"@type\":\"ListItem\",\"position\":5,\"name\":\"Kaardiprinter Evolis Agilia Simplex Expert\"}]},{\"@type\":\"WebSite\",\"@id\":\"https:\/\/rtt.ee\/en\/#website\",\"url\":\"https:\/\/rtt.ee\/en\/\",\"name\":\"RTT\",\"description\":\"Kassaaparaadid ja kontorikaubad\",\"potentialAction\":[{\"@type\":\"SearchAction\",\"target\":{\"@type\":\"EntryPoint\",\"urlTemplate\":\"https:\/\/rtt.ee\/en\/?s={search_term_string}\"},\"query-input\":{\"@type\":\"PropertyValueSpecification\",\"valueRequired\":true,\"valueName\":\"search_term_string\"}}],\"inLanguage\":\"ru-RU\"}]}<\/script>\n<!-- \/ Yoast SEO plugin. -->","yoast_head_json":{"title":"Kaardiprinter Evolis Agilia Simplex Expert - RTT","description":"Evolis Agilia retransfer-printer: t\u00e4iuslik tr\u00fckikvaliteet \u00fcle kaardi serva. 600 dpi resolutsioon, erksad v\u00e4rvid ja kulumiskindel tulemus. Parim valik!","robots":{"index":"index","follow":"follow","max-snippet":"max-snippet:-1","max-image-preview":"max-image-preview:large","max-video-preview":"max-video-preview:-1"},"canonical":"https:\/\/rtt.ee\/ru\/toode\/printerid-ru\/kaardiprinter-ru\/kaardiprinter-evolis-agilia-simplex-expert\/","og_locale":"ru_RU","og_type":"article","og_title":"Kaardiprinter Evolis Agilia Simplex Expert - RTT","og_description":"Evolis Agilia retransfer-printer: t\u00e4iuslik tr\u00fckikvaliteet \u00fcle kaardi serva. 600 dpi resolutsioon, erksad v\u00e4rvid ja kulumiskindel tulemus. Parim valik!","og_url":"https:\/\/rtt.ee\/ru\/toode\/printerid-ru\/kaardiprinter-ru\/kaardiprinter-evolis-agilia-simplex-expert\/","og_site_name":"RTT","article_modified_time":"2026-03-17T13:40:42+00:00","og_image":[{"width":772,"height":838,"url":"https:\/\/rtt.ee\/wp-content\/uploads\/2026\/03\/Agilia.jpg","type":"image\/jpeg"}],"twitter_card":"summary_large_image","schema":{"@context":"https:\/\/schema.org","@graph":[{"@type":"WebPage","@id":"https:\/\/rtt.ee\/ru\/toode\/printerid-ru\/kaardiprinter-ru\/kaardiprinter-evolis-agilia-simplex-expert\/","url":"https:\/\/rtt.ee\/ru\/toode\/printerid-ru\/kaardiprinter-ru\/kaardiprinter-evolis-agilia-simplex-expert\/","name":"Kaardiprinter Evolis Agilia Simplex Expert - RTT","isPartOf":{"@id":"https:\/\/rtt.ee\/en\/#website"},"primaryImageOfPage":{"@id":"https:\/\/rtt.ee\/ru\/toode\/printerid-ru\/kaardiprinter-ru\/kaardiprinter-evolis-agilia-simplex-expert\/#primaryimage"},"image":{"@id":"https:\/\/rtt.ee\/ru\/toode\/printerid-ru\/kaardiprinter-ru\/kaardiprinter-evolis-agilia-simplex-expert\/#primaryimage"},"thumbnailUrl":"https:\/\/rtt.ee\/wp-content\/uploads\/2026\/03\/Agilia.jpg","datePublished":"2026-03-17T12:43:26+00:00","dateModified":"2026-03-17T13:40:42+00:00","description":"Evolis Agilia retransfer-printer: t\u00e4iuslik tr\u00fckikvaliteet \u00fcle kaardi serva. 600 dpi resolutsioon, erksad v\u00e4rvid ja kulumiskindel tulemus. Parim valik!","breadcrumb":{"@id":"https:\/\/rtt.ee\/ru\/toode\/printerid-ru\/kaardiprinter-ru\/kaardiprinter-evolis-agilia-simplex-expert\/#breadcrumb"},"inLanguage":"ru-RU","potentialAction":[{"@type":"ReadAction","target":["https:\/\/rtt.ee\/ru\/toode\/printerid-ru\/kaardiprinter-ru\/kaardiprinter-evolis-agilia-simplex-expert\/"]}]},{"@type":"ImageObject","inLanguage":"ru-RU","@id":"https:\/\/rtt.ee\/ru\/toode\/printerid-ru\/kaardiprinter-ru\/kaardiprinter-evolis-agilia-simplex-expert\/#primaryimage","url":"https:\/\/rtt.ee\/wp-content\/uploads\/2026\/03\/Agilia.jpg","contentUrl":"https:\/\/rtt.ee\/wp-content\/uploads\/2026\/03\/Agilia.jpg","width":772,"height":838},{"@type":"BreadcrumbList","@id":"https:\/\/rtt.ee\/ru\/toode\/printerid-ru\/kaardiprinter-ru\/kaardiprinter-evolis-agilia-simplex-expert\/#breadcrumb","itemListElement":[{"@type":"ListItem","position":1,"name":"\u0413\u043b\u0430\u0432\u043d\u0430\u044f","item":"https:\/\/rtt.ee\/ru\/"},{"@type":"ListItem","position":2,"name":"Magazin","item":"https:\/\/rtt.ee\/ru\/pood\/"},{"@type":"ListItem","position":3,"name":"Printerid","item":"https:\/\/rtt.ee\/tootekategooria\/printerid\/"},{"@type":"ListItem","position":4,"name":"Kaardiprinter","item":"https:\/\/rtt.ee\/tootekategooria\/printerid\/kaardiprinter\/"},{"@type":"ListItem","position":5,"name":"Kaardiprinter Evolis Agilia Simplex Expert"}]},{"@type":"WebSite","@id":"https:\/\/rtt.ee\/en\/#website","url":"https:\/\/rtt.ee\/en\/","name":"RTT","description":"Kassaaparaadid ja kontorikaubad","potentialAction":[{"@type":"SearchAction","target":{"@type":"EntryPoint","urlTemplate":"https:\/\/rtt.ee\/en\/?s={search_term_string}"},"query-input":{"@type":"PropertyValueSpecification","valueRequired":true,"valueName":"search_term_string"}}],"inLanguage":"ru-RU"}]}},"_links":{"self":[{"href":"https:\/\/rtt.ee\/ru\/wp-json\/wp\/v2\/product\/17129","targetHints":{"allow":["GET"]}}],"collection":[{"href":"https:\/\/rtt.ee\/ru\/wp-json\/wp\/v2\/product"}],"about":[{"href":"https:\/\/rtt.ee\/ru\/wp-json\/wp\/v2\/types\/product"}],"wp:featuredmedia":[{"embeddable":true,"href":"https:\/\/rtt.ee\/ru\/wp-json\/wp\/v2\/media\/17127"}],"wp:attachment":[{"href":"https:\/\/rtt.ee\/ru\/wp-json\/wp\/v2\/media?parent=17129"}],"wp:term":[{"taxonomy":"product_brand","embeddable":true,"href":"https:\/\/rtt.ee\/ru\/wp-json\/wp\/v2\/product_brand?post=17129"},{"taxonomy":"product_cat","embeddable":true,"href":"https:\/\/rtt.ee\/ru\/wp-json\/wp\/v2\/product_cat?post=17129"},{"taxonomy":"product_tag","embeddable":true,"href":"https:\/\/rtt.ee\/ru\/wp-json\/wp\/v2\/product_tag?post=17129"}],"curies":[{"name":"wp","href":"https:\/\/api.w.org\/{rel}","templated":true}]}}