{"id":17104,"date":"2026-03-16T14:03:32","date_gmt":"2026-03-16T12:03:32","guid":{"rendered":"https:\/\/rtt.ee\/toode\/uncategorized\/kasutatud-sharp-mx-b350p-must-valge-a4-laserprinter-3\/"},"modified":"2026-03-16T14:04:01","modified_gmt":"2026-03-16T12:04:01","slug":"kasutatud-sharp-mx-b350p-must-valge-a4-laserprinter-3","status":"publish","type":"product","link":"https:\/\/rtt.ee\/ru\/toode\/a4-kasutatud-koopiamasinad-ru\/kasutatud-sharp-mx-b350p-must-valge-a4-laserprinter-3\/","title":{"rendered":"Kasutatud SHARP MX-B350P must-valge A4 laserprinter"},"content":{"rendered":"<p><strong>Kasutatud A4 v\u00f5rguprinter v\u00e4ike v\u00f5i keskmise suurusega kontoritesse.<\/strong><\/p>\n<p>Mudel: MXB350P- 8F03609600<\/p>\n<p>Lehek\u00fclgi minutis: 35 mustvalget<\/p>\n<p>Paberimaht: standard 550<\/p>\n<p>Resolutsioon: 600 \u00d7 600 dpi<\/p>\n<p>Standardne traadita \u00fchenduvus<\/p>\n<p>Kahepoolne printimine<\/p>\n<p>Seadme seisukord: tehtud v\u00e4ljatr\u00fckke 76 000 lehte (must-valge); tooneri j\u00e4\u00e4k \u00fcle 50%.<\/p>\n<p>Seadmele kehtib\u00a06 kuu\u00a0pikkune garantii.<\/p>\n<p><strong>RENDI PAKKUMUS:<\/strong><\/p>\n<p>Rendiperiood\u00a0<strong>48 kuud<\/strong>, ilma sissemakseta igakuine makse\u00a0<strong>15+KM<\/strong><\/p>\n<p>Soovitame juurde\u00a0T\u00c4ISHOOLDUSLEPING:<\/p>\n<p>Sharp kontoriseadmete rent ja t\u00e4ishooldus lahendused \u2013 lisainfo\u00a0<a href=\"https:\/\/kontoriprinter.ee\/\">Kontoriprinter.ee<\/a><\/p>\n<p>Maksmine k\u00e4ib igakuiselt reaalselt tehtud v\u00e4ljatr\u00fckkide\/koopiate eest.<\/p>\n<p>V\u00e4ljatr\u00fckkide\/koopiate hinnad sisaldavad:<\/p>\n<ul>\n<li>Seadme hooldust<\/li>\n<li>Seadme remonti<\/li>\n<li>Seadme varuosasid<\/li>\n<li>Toonerid<\/li>\n<li>V\u00e4ljakutseid<\/li>\n<\/ul>\n<p>Lisainfo:\u00a0Tehniline kirjeldus inglise keeles<\/p>\n<p>Tel: +372 6 112 256<\/p>\n<p>GSM: +372 5 014 470<\/p>\n","protected":false},"excerpt":{"rendered":"<p>Kasutatud A4 v\u00f5rguprinter v\u00e4ike v\u00f5i keskmise suurusega kontoritesse. Mudel: MXB350P- 8F03609600 Lehek\u00fclgi minutis: 35 mustvalget Paberimaht: standard 550 Resolutsioon: 600 \u00d7 600 dpi Standardne traadita \u00fchenduvus Kahepoolne printimine Seadme seisukord: tehtud v\u00e4ljatr\u00fckke 76 000 lehte (must-valge); tooneri j\u00e4\u00e4k \u00fcle 50%. Seadmele kehtib\u00a06 kuu\u00a0pikkune garantii. RENDI PAKKUMUS: Rendiperiood\u00a048 kuud, ilma sissemakseta igakuine makse\u00a015+KM Soovitame juurde\u00a0T\u00c4ISHOOLDUSLEPING: Sharp [&hellip;]<\/p>\n","protected":false},"featured_media":17081,"template":"","meta":{"_acf_changed":false},"product_brand":[404],"product_cat":[340],"product_tag":[],"class_list":{"0":"post-17104","1":"product","2":"type-product","3":"status-publish","4":"has-post-thumbnail","6":"product_brand-sharp","7":"product_cat-a4-kasutatud-koopiamasinad-ru","8":"product_brands-sharp-ru","10":"first","11":"instock","12":"taxable","13":"shipping-taxable","14":"purchasable","15":"product-type-simple"},"acf":[],"yoast_head":"<!-- This site is optimized with the Yoast SEO plugin v26.2 - https:\/\/yoast.com\/wordpress\/plugins\/seo\/ -->\n<title>Kasutatud SHARP MX-B350P must-valge A4 laserprinter - RTT<\/title>\n<meta name=\"description\" content=\"M\u00fc\u00fca v\u00e4hekasutatud ja t\u00f6\u00f6kindel laserprinter Sharp MX-B35P. Kiire mustvalge printimine, kompaktne disain ja madalad \u00fclalpidamiskulud. Ideaalne kontorisse!\" \/>\n<meta name=\"robots\" content=\"index, follow, max-snippet:-1, max-image-preview:large, max-video-preview:-1\" \/>\n<link rel=\"canonical\" href=\"https:\/\/rtt.ee\/ru\/toode\/a4-kasutatud-koopiamasinad-ru\/kasutatud-sharp-mx-b350p-must-valge-a4-laserprinter-3\/\" \/>\n<meta property=\"og:locale\" content=\"ru_RU\" \/>\n<meta property=\"og:type\" content=\"article\" \/>\n<meta property=\"og:title\" content=\"Kasutatud SHARP MX-B350P must-valge A4 laserprinter - RTT\" \/>\n<meta property=\"og:description\" content=\"M\u00fc\u00fca v\u00e4hekasutatud ja t\u00f6\u00f6kindel laserprinter Sharp MX-B35P. Kiire mustvalge printimine, kompaktne disain ja madalad \u00fclalpidamiskulud. Ideaalne kontorisse!\" \/>\n<meta property=\"og:url\" content=\"https:\/\/rtt.ee\/ru\/toode\/a4-kasutatud-koopiamasinad-ru\/kasutatud-sharp-mx-b350p-must-valge-a4-laserprinter-3\/\" \/>\n<meta property=\"og:site_name\" content=\"RTT\" \/>\n<meta property=\"article:modified_time\" content=\"2026-03-16T12:04:01+00:00\" \/>\n<meta property=\"og:image\" content=\"https:\/\/rtt.ee\/wp-content\/uploads\/2026\/03\/MXB350P.jpg\" \/>\n\t<meta property=\"og:image:width\" content=\"957\" \/>\n\t<meta property=\"og:image:height\" content=\"1000\" \/>\n\t<meta property=\"og:image:type\" content=\"image\/jpeg\" \/>\n<meta name=\"twitter:card\" content=\"summary_large_image\" \/>\n<meta name=\"twitter:label1\" content=\"\u041f\u0440\u0438\u043c\u0435\u0440\u043d\u043e\u0435 \u0432\u0440\u0435\u043c\u044f \u0434\u043b\u044f \u0447\u0442\u0435\u043d\u0438\u044f\" \/>\n\t<meta name=\"twitter:data1\" content=\"1 \u043c\u0438\u043d\u0443\u0442\u0430\" \/>\n<script type=\"application\/ld+json\" class=\"yoast-schema-graph\">{\"@context\":\"https:\/\/schema.org\",\"@graph\":[{\"@type\":\"WebPage\",\"@id\":\"https:\/\/rtt.ee\/ru\/toode\/a4-kasutatud-koopiamasinad-ru\/kasutatud-sharp-mx-b350p-must-valge-a4-laserprinter-3\/\",\"url\":\"https:\/\/rtt.ee\/ru\/toode\/a4-kasutatud-koopiamasinad-ru\/kasutatud-sharp-mx-b350p-must-valge-a4-laserprinter-3\/\",\"name\":\"Kasutatud SHARP MX-B350P must-valge A4 laserprinter - RTT\",\"isPartOf\":{\"@id\":\"https:\/\/rtt.ee\/en\/#website\"},\"primaryImageOfPage\":{\"@id\":\"https:\/\/rtt.ee\/ru\/toode\/a4-kasutatud-koopiamasinad-ru\/kasutatud-sharp-mx-b350p-must-valge-a4-laserprinter-3\/#primaryimage\"},\"image\":{\"@id\":\"https:\/\/rtt.ee\/ru\/toode\/a4-kasutatud-koopiamasinad-ru\/kasutatud-sharp-mx-b350p-must-valge-a4-laserprinter-3\/#primaryimage\"},\"thumbnailUrl\":\"https:\/\/rtt.ee\/wp-content\/uploads\/2026\/03\/MXB350P.jpg\",\"datePublished\":\"2026-03-16T12:03:32+00:00\",\"dateModified\":\"2026-03-16T12:04:01+00:00\",\"description\":\"M\u00fc\u00fca v\u00e4hekasutatud ja t\u00f6\u00f6kindel laserprinter Sharp MX-B35P. Kiire mustvalge printimine, kompaktne disain ja madalad \u00fclalpidamiskulud. Ideaalne kontorisse!\",\"breadcrumb\":{\"@id\":\"https:\/\/rtt.ee\/ru\/toode\/a4-kasutatud-koopiamasinad-ru\/kasutatud-sharp-mx-b350p-must-valge-a4-laserprinter-3\/#breadcrumb\"},\"inLanguage\":\"ru-RU\",\"potentialAction\":[{\"@type\":\"ReadAction\",\"target\":[\"https:\/\/rtt.ee\/ru\/toode\/a4-kasutatud-koopiamasinad-ru\/kasutatud-sharp-mx-b350p-must-valge-a4-laserprinter-3\/\"]}]},{\"@type\":\"ImageObject\",\"inLanguage\":\"ru-RU\",\"@id\":\"https:\/\/rtt.ee\/ru\/toode\/a4-kasutatud-koopiamasinad-ru\/kasutatud-sharp-mx-b350p-must-valge-a4-laserprinter-3\/#primaryimage\",\"url\":\"https:\/\/rtt.ee\/wp-content\/uploads\/2026\/03\/MXB350P.jpg\",\"contentUrl\":\"https:\/\/rtt.ee\/wp-content\/uploads\/2026\/03\/MXB350P.jpg\",\"width\":957,\"height\":1000},{\"@type\":\"BreadcrumbList\",\"@id\":\"https:\/\/rtt.ee\/ru\/toode\/a4-kasutatud-koopiamasinad-ru\/kasutatud-sharp-mx-b350p-must-valge-a4-laserprinter-3\/#breadcrumb\",\"itemListElement\":[{\"@type\":\"ListItem\",\"position\":1,\"name\":\"\u0413\u043b\u0430\u0432\u043d\u0430\u044f\",\"item\":\"https:\/\/rtt.ee\/ru\/\"},{\"@type\":\"ListItem\",\"position\":2,\"name\":\"Magazin\",\"item\":\"https:\/\/rtt.ee\/ru\/pood\/\"},{\"@type\":\"ListItem\",\"position\":3,\"name\":\"Koopiamasinad\",\"item\":\"https:\/\/rtt.ee\/tootekategooria\/koopiamasinad\/\"},{\"@type\":\"ListItem\",\"position\":4,\"name\":\"Kasutatud koopiamasinad ja printerid\",\"item\":\"https:\/\/rtt.ee\/tootekategooria\/koopiamasinad\/kasutatud-koopiamasinad\/\"},{\"@type\":\"ListItem\",\"position\":5,\"name\":\"Kasutatud SHARP MX-B350P must-valge A4 laserprinter\"}]},{\"@type\":\"WebSite\",\"@id\":\"https:\/\/rtt.ee\/en\/#website\",\"url\":\"https:\/\/rtt.ee\/en\/\",\"name\":\"RTT\",\"description\":\"Kassaaparaadid ja kontorikaubad\",\"potentialAction\":[{\"@type\":\"SearchAction\",\"target\":{\"@type\":\"EntryPoint\",\"urlTemplate\":\"https:\/\/rtt.ee\/en\/?s={search_term_string}\"},\"query-input\":{\"@type\":\"PropertyValueSpecification\",\"valueRequired\":true,\"valueName\":\"search_term_string\"}}],\"inLanguage\":\"ru-RU\"}]}<\/script>\n<!-- \/ Yoast SEO plugin. -->","yoast_head_json":{"title":"Kasutatud SHARP MX-B350P must-valge A4 laserprinter - RTT","description":"M\u00fc\u00fca v\u00e4hekasutatud ja t\u00f6\u00f6kindel laserprinter Sharp MX-B35P. Kiire mustvalge printimine, kompaktne disain ja madalad \u00fclalpidamiskulud. Ideaalne kontorisse!","robots":{"index":"index","follow":"follow","max-snippet":"max-snippet:-1","max-image-preview":"max-image-preview:large","max-video-preview":"max-video-preview:-1"},"canonical":"https:\/\/rtt.ee\/ru\/toode\/a4-kasutatud-koopiamasinad-ru\/kasutatud-sharp-mx-b350p-must-valge-a4-laserprinter-3\/","og_locale":"ru_RU","og_type":"article","og_title":"Kasutatud SHARP MX-B350P must-valge A4 laserprinter - RTT","og_description":"M\u00fc\u00fca v\u00e4hekasutatud ja t\u00f6\u00f6kindel laserprinter Sharp MX-B35P. Kiire mustvalge printimine, kompaktne disain ja madalad \u00fclalpidamiskulud. Ideaalne kontorisse!","og_url":"https:\/\/rtt.ee\/ru\/toode\/a4-kasutatud-koopiamasinad-ru\/kasutatud-sharp-mx-b350p-must-valge-a4-laserprinter-3\/","og_site_name":"RTT","article_modified_time":"2026-03-16T12:04:01+00:00","og_image":[{"width":957,"height":1000,"url":"https:\/\/rtt.ee\/wp-content\/uploads\/2026\/03\/MXB350P.jpg","type":"image\/jpeg"}],"twitter_card":"summary_large_image","twitter_misc":{"\u041f\u0440\u0438\u043c\u0435\u0440\u043d\u043e\u0435 \u0432\u0440\u0435\u043c\u044f \u0434\u043b\u044f \u0447\u0442\u0435\u043d\u0438\u044f":"1 \u043c\u0438\u043d\u0443\u0442\u0430"},"schema":{"@context":"https:\/\/schema.org","@graph":[{"@type":"WebPage","@id":"https:\/\/rtt.ee\/ru\/toode\/a4-kasutatud-koopiamasinad-ru\/kasutatud-sharp-mx-b350p-must-valge-a4-laserprinter-3\/","url":"https:\/\/rtt.ee\/ru\/toode\/a4-kasutatud-koopiamasinad-ru\/kasutatud-sharp-mx-b350p-must-valge-a4-laserprinter-3\/","name":"Kasutatud SHARP MX-B350P must-valge A4 laserprinter - RTT","isPartOf":{"@id":"https:\/\/rtt.ee\/en\/#website"},"primaryImageOfPage":{"@id":"https:\/\/rtt.ee\/ru\/toode\/a4-kasutatud-koopiamasinad-ru\/kasutatud-sharp-mx-b350p-must-valge-a4-laserprinter-3\/#primaryimage"},"image":{"@id":"https:\/\/rtt.ee\/ru\/toode\/a4-kasutatud-koopiamasinad-ru\/kasutatud-sharp-mx-b350p-must-valge-a4-laserprinter-3\/#primaryimage"},"thumbnailUrl":"https:\/\/rtt.ee\/wp-content\/uploads\/2026\/03\/MXB350P.jpg","datePublished":"2026-03-16T12:03:32+00:00","dateModified":"2026-03-16T12:04:01+00:00","description":"M\u00fc\u00fca v\u00e4hekasutatud ja t\u00f6\u00f6kindel laserprinter Sharp MX-B35P. Kiire mustvalge printimine, kompaktne disain ja madalad \u00fclalpidamiskulud. Ideaalne kontorisse!","breadcrumb":{"@id":"https:\/\/rtt.ee\/ru\/toode\/a4-kasutatud-koopiamasinad-ru\/kasutatud-sharp-mx-b350p-must-valge-a4-laserprinter-3\/#breadcrumb"},"inLanguage":"ru-RU","potentialAction":[{"@type":"ReadAction","target":["https:\/\/rtt.ee\/ru\/toode\/a4-kasutatud-koopiamasinad-ru\/kasutatud-sharp-mx-b350p-must-valge-a4-laserprinter-3\/"]}]},{"@type":"ImageObject","inLanguage":"ru-RU","@id":"https:\/\/rtt.ee\/ru\/toode\/a4-kasutatud-koopiamasinad-ru\/kasutatud-sharp-mx-b350p-must-valge-a4-laserprinter-3\/#primaryimage","url":"https:\/\/rtt.ee\/wp-content\/uploads\/2026\/03\/MXB350P.jpg","contentUrl":"https:\/\/rtt.ee\/wp-content\/uploads\/2026\/03\/MXB350P.jpg","width":957,"height":1000},{"@type":"BreadcrumbList","@id":"https:\/\/rtt.ee\/ru\/toode\/a4-kasutatud-koopiamasinad-ru\/kasutatud-sharp-mx-b350p-must-valge-a4-laserprinter-3\/#breadcrumb","itemListElement":[{"@type":"ListItem","position":1,"name":"\u0413\u043b\u0430\u0432\u043d\u0430\u044f","item":"https:\/\/rtt.ee\/ru\/"},{"@type":"ListItem","position":2,"name":"Magazin","item":"https:\/\/rtt.ee\/ru\/pood\/"},{"@type":"ListItem","position":3,"name":"Koopiamasinad","item":"https:\/\/rtt.ee\/tootekategooria\/koopiamasinad\/"},{"@type":"ListItem","position":4,"name":"Kasutatud koopiamasinad ja printerid","item":"https:\/\/rtt.ee\/tootekategooria\/koopiamasinad\/kasutatud-koopiamasinad\/"},{"@type":"ListItem","position":5,"name":"Kasutatud SHARP MX-B350P must-valge A4 laserprinter"}]},{"@type":"WebSite","@id":"https:\/\/rtt.ee\/en\/#website","url":"https:\/\/rtt.ee\/en\/","name":"RTT","description":"Kassaaparaadid ja kontorikaubad","potentialAction":[{"@type":"SearchAction","target":{"@type":"EntryPoint","urlTemplate":"https:\/\/rtt.ee\/en\/?s={search_term_string}"},"query-input":{"@type":"PropertyValueSpecification","valueRequired":true,"valueName":"search_term_string"}}],"inLanguage":"ru-RU"}]}},"_links":{"self":[{"href":"https:\/\/rtt.ee\/ru\/wp-json\/wp\/v2\/product\/17104","targetHints":{"allow":["GET"]}}],"collection":[{"href":"https:\/\/rtt.ee\/ru\/wp-json\/wp\/v2\/product"}],"about":[{"href":"https:\/\/rtt.ee\/ru\/wp-json\/wp\/v2\/types\/product"}],"wp:featuredmedia":[{"embeddable":true,"href":"https:\/\/rtt.ee\/ru\/wp-json\/wp\/v2\/media\/17081"}],"wp:attachment":[{"href":"https:\/\/rtt.ee\/ru\/wp-json\/wp\/v2\/media?parent=17104"}],"wp:term":[{"taxonomy":"product_brand","embeddable":true,"href":"https:\/\/rtt.ee\/ru\/wp-json\/wp\/v2\/product_brand?post=17104"},{"taxonomy":"product_cat","embeddable":true,"href":"https:\/\/rtt.ee\/ru\/wp-json\/wp\/v2\/product_cat?post=17104"},{"taxonomy":"product_tag","embeddable":true,"href":"https:\/\/rtt.ee\/ru\/wp-json\/wp\/v2\/product_tag?post=17104"}],"curies":[{"name":"wp","href":"https:\/\/api.w.org\/{rel}","templated":true}]}}