{"id":17096,"date":"2026-03-13T14:50:30","date_gmt":"2026-03-13T12:50:30","guid":{"rendered":"https:\/\/rtt.ee\/toode\/uncategorized\/kaardiprinter-evolis-primacy-2-lcd-duplex-expert-2\/"},"modified":"2026-03-17T16:09:10","modified_gmt":"2026-03-17T14:09:10","slug":"kaardiprinter-evolis-primacy-2-lcd-duplex-expert-2","status":"publish","type":"product","link":"https:\/\/rtt.ee\/ru\/toode\/printerid-ru\/kaardiprinter-ru\/kaardiprinter-evolis-primacy-2-lcd-duplex-expert-2\/","title":{"rendered":"Kaardiprinter Evolis Primacy 2 LCD Duplex Expert"},"content":{"rendered":"<p>Printimiskiirus: 235 kaarti\/ h (\u00fchepoolne), 170 kaarti\/h (kahepoolne)<\/p>\n<p>Koguja mahutavus: 100 kaarti<\/p>\n<p>S\u00f6\u00f6turi mahutavus: 100 kaarti<\/p>\n<p>Printeri pea 300 dpi (12 punkti\/mm)<\/p>\n<p><strong>Kahepoolne tr\u00fckk<\/strong><\/p>\n<p><strong>Puutetundlik juhtpaneel<\/strong><\/p>\n<p>Liidesed: USB, LAN<\/p>\n<p>Komplektis: tarkvara ID All Starter<\/p>\n<p>Lisainfo:\u00a0<a href=\"https:\/\/www.evolis.com\/solutions\/card-printers\/primacy2-card-printer\/\">Tehniline kirjeldus inglise keeles<\/a><\/p>\n<p>Tel: +372 6 112 256<\/p>\n<p>GSM: +372 5 014 470<\/p>\n","protected":false},"excerpt":{"rendered":"<p>Printimiskiirus: 235 kaarti\/ h (\u00fchepoolne), 170 kaarti\/h (kahepoolne) Koguja mahutavus: 100 kaarti S\u00f6\u00f6turi mahutavus: 100 kaarti Printeri pea 300 dpi (12 punkti\/mm) Kahepoolne tr\u00fckk Puutetundlik juhtpaneel Liidesed: USB, LAN Komplektis: tarkvara ID All Starter Lisainfo:\u00a0Tehniline kirjeldus inglise keeles Tel: +372 6 112 256 GSM: +372 5 014 470<\/p>\n","protected":false},"featured_media":17090,"template":"","meta":{"_acf_changed":false},"product_brand":[410],"product_cat":[262],"product_tag":[],"class_list":{"0":"post-17096","1":"product","2":"type-product","3":"status-publish","4":"has-post-thumbnail","6":"product_brand-evolis","7":"product_cat-kaardiprinter-ru","8":"product_brands-evolis-ru","10":"first","11":"onbackorder","12":"taxable","13":"shipping-taxable","14":"purchasable","15":"product-type-simple"},"acf":[],"yoast_head":"<!-- This site is optimized with the Yoast SEO plugin v26.2 - https:\/\/yoast.com\/wordpress\/plugins\/seo\/ -->\n<title>Kaardiprinter Evolis Primacy 2 LCD Duplex Expert - RTT<\/title>\n<meta name=\"description\" content=\"Evolis Primacy 2 \u2013 parim printer t\u00f6\u00f6t\u00f5endite ja kliendikaartide tr\u00fckkimiseks. Kiire, turvaline ja professionaalne tulemus. Loo kvaliteetseid kaarte!\" \/>\n<meta name=\"robots\" content=\"index, follow, max-snippet:-1, max-image-preview:large, max-video-preview:-1\" \/>\n<link rel=\"canonical\" href=\"https:\/\/rtt.ee\/ru\/toode\/printerid-ru\/kaardiprinter-ru\/kaardiprinter-evolis-primacy-2-lcd-duplex-expert-2\/\" \/>\n<meta property=\"og:locale\" content=\"ru_RU\" \/>\n<meta property=\"og:type\" content=\"article\" \/>\n<meta property=\"og:title\" content=\"Kaardiprinter Evolis Primacy 2 LCD Duplex Expert - RTT\" \/>\n<meta property=\"og:description\" content=\"Evolis Primacy 2 \u2013 parim printer t\u00f6\u00f6t\u00f5endite ja kliendikaartide tr\u00fckkimiseks. Kiire, turvaline ja professionaalne tulemus. Loo kvaliteetseid kaarte!\" \/>\n<meta property=\"og:url\" content=\"https:\/\/rtt.ee\/ru\/toode\/printerid-ru\/kaardiprinter-ru\/kaardiprinter-evolis-primacy-2-lcd-duplex-expert-2\/\" \/>\n<meta property=\"og:site_name\" content=\"RTT\" \/>\n<meta property=\"article:modified_time\" content=\"2026-03-17T14:09:10+00:00\" \/>\n<meta property=\"og:image\" content=\"https:\/\/rtt.ee\/wp-content\/uploads\/2026\/03\/5-scaled-e1773435138513.jpg\" \/>\n\t<meta property=\"og:image:width\" content=\"2560\" \/>\n\t<meta property=\"og:image:height\" content=\"1920\" \/>\n\t<meta property=\"og:image:type\" content=\"image\/jpeg\" \/>\n<meta name=\"twitter:card\" content=\"summary_large_image\" \/>\n<script type=\"application\/ld+json\" class=\"yoast-schema-graph\">{\"@context\":\"https:\/\/schema.org\",\"@graph\":[{\"@type\":\"WebPage\",\"@id\":\"https:\/\/rtt.ee\/ru\/toode\/printerid-ru\/kaardiprinter-ru\/kaardiprinter-evolis-primacy-2-lcd-duplex-expert-2\/\",\"url\":\"https:\/\/rtt.ee\/ru\/toode\/printerid-ru\/kaardiprinter-ru\/kaardiprinter-evolis-primacy-2-lcd-duplex-expert-2\/\",\"name\":\"Kaardiprinter Evolis Primacy 2 LCD Duplex Expert - RTT\",\"isPartOf\":{\"@id\":\"https:\/\/rtt.ee\/en\/#website\"},\"primaryImageOfPage\":{\"@id\":\"https:\/\/rtt.ee\/ru\/toode\/printerid-ru\/kaardiprinter-ru\/kaardiprinter-evolis-primacy-2-lcd-duplex-expert-2\/#primaryimage\"},\"image\":{\"@id\":\"https:\/\/rtt.ee\/ru\/toode\/printerid-ru\/kaardiprinter-ru\/kaardiprinter-evolis-primacy-2-lcd-duplex-expert-2\/#primaryimage\"},\"thumbnailUrl\":\"https:\/\/rtt.ee\/wp-content\/uploads\/2026\/03\/5-scaled-e1773435138513.jpg\",\"datePublished\":\"2026-03-13T12:50:30+00:00\",\"dateModified\":\"2026-03-17T14:09:10+00:00\",\"description\":\"Evolis Primacy 2 \u2013 parim printer t\u00f6\u00f6t\u00f5endite ja kliendikaartide tr\u00fckkimiseks. Kiire, turvaline ja professionaalne tulemus. Loo kvaliteetseid kaarte!\",\"breadcrumb\":{\"@id\":\"https:\/\/rtt.ee\/ru\/toode\/printerid-ru\/kaardiprinter-ru\/kaardiprinter-evolis-primacy-2-lcd-duplex-expert-2\/#breadcrumb\"},\"inLanguage\":\"ru-RU\",\"potentialAction\":[{\"@type\":\"ReadAction\",\"target\":[\"https:\/\/rtt.ee\/ru\/toode\/printerid-ru\/kaardiprinter-ru\/kaardiprinter-evolis-primacy-2-lcd-duplex-expert-2\/\"]}]},{\"@type\":\"ImageObject\",\"inLanguage\":\"ru-RU\",\"@id\":\"https:\/\/rtt.ee\/ru\/toode\/printerid-ru\/kaardiprinter-ru\/kaardiprinter-evolis-primacy-2-lcd-duplex-expert-2\/#primaryimage\",\"url\":\"https:\/\/rtt.ee\/wp-content\/uploads\/2026\/03\/5-scaled-e1773435138513.jpg\",\"contentUrl\":\"https:\/\/rtt.ee\/wp-content\/uploads\/2026\/03\/5-scaled-e1773435138513.jpg\",\"width\":2560,\"height\":1920,\"caption\":\"Primacy 2\"},{\"@type\":\"BreadcrumbList\",\"@id\":\"https:\/\/rtt.ee\/ru\/toode\/printerid-ru\/kaardiprinter-ru\/kaardiprinter-evolis-primacy-2-lcd-duplex-expert-2\/#breadcrumb\",\"itemListElement\":[{\"@type\":\"ListItem\",\"position\":1,\"name\":\"\u0413\u043b\u0430\u0432\u043d\u0430\u044f\",\"item\":\"https:\/\/rtt.ee\/ru\/\"},{\"@type\":\"ListItem\",\"position\":2,\"name\":\"Magazin\",\"item\":\"https:\/\/rtt.ee\/ru\/pood\/\"},{\"@type\":\"ListItem\",\"position\":3,\"name\":\"Printerid\",\"item\":\"https:\/\/rtt.ee\/tootekategooria\/printerid\/\"},{\"@type\":\"ListItem\",\"position\":4,\"name\":\"Kaardiprinter\",\"item\":\"https:\/\/rtt.ee\/tootekategooria\/printerid\/kaardiprinter\/\"},{\"@type\":\"ListItem\",\"position\":5,\"name\":\"Kaardiprinter Evolis Primacy 2 LCD Duplex Expert\"}]},{\"@type\":\"WebSite\",\"@id\":\"https:\/\/rtt.ee\/en\/#website\",\"url\":\"https:\/\/rtt.ee\/en\/\",\"name\":\"RTT\",\"description\":\"Kassaaparaadid ja kontorikaubad\",\"potentialAction\":[{\"@type\":\"SearchAction\",\"target\":{\"@type\":\"EntryPoint\",\"urlTemplate\":\"https:\/\/rtt.ee\/en\/?s={search_term_string}\"},\"query-input\":{\"@type\":\"PropertyValueSpecification\",\"valueRequired\":true,\"valueName\":\"search_term_string\"}}],\"inLanguage\":\"ru-RU\"}]}<\/script>\n<!-- \/ Yoast SEO plugin. -->","yoast_head_json":{"title":"Kaardiprinter Evolis Primacy 2 LCD Duplex Expert - RTT","description":"Evolis Primacy 2 \u2013 parim printer t\u00f6\u00f6t\u00f5endite ja kliendikaartide tr\u00fckkimiseks. Kiire, turvaline ja professionaalne tulemus. Loo kvaliteetseid kaarte!","robots":{"index":"index","follow":"follow","max-snippet":"max-snippet:-1","max-image-preview":"max-image-preview:large","max-video-preview":"max-video-preview:-1"},"canonical":"https:\/\/rtt.ee\/ru\/toode\/printerid-ru\/kaardiprinter-ru\/kaardiprinter-evolis-primacy-2-lcd-duplex-expert-2\/","og_locale":"ru_RU","og_type":"article","og_title":"Kaardiprinter Evolis Primacy 2 LCD Duplex Expert - RTT","og_description":"Evolis Primacy 2 \u2013 parim printer t\u00f6\u00f6t\u00f5endite ja kliendikaartide tr\u00fckkimiseks. Kiire, turvaline ja professionaalne tulemus. Loo kvaliteetseid kaarte!","og_url":"https:\/\/rtt.ee\/ru\/toode\/printerid-ru\/kaardiprinter-ru\/kaardiprinter-evolis-primacy-2-lcd-duplex-expert-2\/","og_site_name":"RTT","article_modified_time":"2026-03-17T14:09:10+00:00","og_image":[{"width":2560,"height":1920,"url":"https:\/\/rtt.ee\/wp-content\/uploads\/2026\/03\/5-scaled-e1773435138513.jpg","type":"image\/jpeg"}],"twitter_card":"summary_large_image","schema":{"@context":"https:\/\/schema.org","@graph":[{"@type":"WebPage","@id":"https:\/\/rtt.ee\/ru\/toode\/printerid-ru\/kaardiprinter-ru\/kaardiprinter-evolis-primacy-2-lcd-duplex-expert-2\/","url":"https:\/\/rtt.ee\/ru\/toode\/printerid-ru\/kaardiprinter-ru\/kaardiprinter-evolis-primacy-2-lcd-duplex-expert-2\/","name":"Kaardiprinter Evolis Primacy 2 LCD Duplex Expert - RTT","isPartOf":{"@id":"https:\/\/rtt.ee\/en\/#website"},"primaryImageOfPage":{"@id":"https:\/\/rtt.ee\/ru\/toode\/printerid-ru\/kaardiprinter-ru\/kaardiprinter-evolis-primacy-2-lcd-duplex-expert-2\/#primaryimage"},"image":{"@id":"https:\/\/rtt.ee\/ru\/toode\/printerid-ru\/kaardiprinter-ru\/kaardiprinter-evolis-primacy-2-lcd-duplex-expert-2\/#primaryimage"},"thumbnailUrl":"https:\/\/rtt.ee\/wp-content\/uploads\/2026\/03\/5-scaled-e1773435138513.jpg","datePublished":"2026-03-13T12:50:30+00:00","dateModified":"2026-03-17T14:09:10+00:00","description":"Evolis Primacy 2 \u2013 parim printer t\u00f6\u00f6t\u00f5endite ja kliendikaartide tr\u00fckkimiseks. Kiire, turvaline ja professionaalne tulemus. Loo kvaliteetseid kaarte!","breadcrumb":{"@id":"https:\/\/rtt.ee\/ru\/toode\/printerid-ru\/kaardiprinter-ru\/kaardiprinter-evolis-primacy-2-lcd-duplex-expert-2\/#breadcrumb"},"inLanguage":"ru-RU","potentialAction":[{"@type":"ReadAction","target":["https:\/\/rtt.ee\/ru\/toode\/printerid-ru\/kaardiprinter-ru\/kaardiprinter-evolis-primacy-2-lcd-duplex-expert-2\/"]}]},{"@type":"ImageObject","inLanguage":"ru-RU","@id":"https:\/\/rtt.ee\/ru\/toode\/printerid-ru\/kaardiprinter-ru\/kaardiprinter-evolis-primacy-2-lcd-duplex-expert-2\/#primaryimage","url":"https:\/\/rtt.ee\/wp-content\/uploads\/2026\/03\/5-scaled-e1773435138513.jpg","contentUrl":"https:\/\/rtt.ee\/wp-content\/uploads\/2026\/03\/5-scaled-e1773435138513.jpg","width":2560,"height":1920,"caption":"Primacy 2"},{"@type":"BreadcrumbList","@id":"https:\/\/rtt.ee\/ru\/toode\/printerid-ru\/kaardiprinter-ru\/kaardiprinter-evolis-primacy-2-lcd-duplex-expert-2\/#breadcrumb","itemListElement":[{"@type":"ListItem","position":1,"name":"\u0413\u043b\u0430\u0432\u043d\u0430\u044f","item":"https:\/\/rtt.ee\/ru\/"},{"@type":"ListItem","position":2,"name":"Magazin","item":"https:\/\/rtt.ee\/ru\/pood\/"},{"@type":"ListItem","position":3,"name":"Printerid","item":"https:\/\/rtt.ee\/tootekategooria\/printerid\/"},{"@type":"ListItem","position":4,"name":"Kaardiprinter","item":"https:\/\/rtt.ee\/tootekategooria\/printerid\/kaardiprinter\/"},{"@type":"ListItem","position":5,"name":"Kaardiprinter Evolis Primacy 2 LCD Duplex Expert"}]},{"@type":"WebSite","@id":"https:\/\/rtt.ee\/en\/#website","url":"https:\/\/rtt.ee\/en\/","name":"RTT","description":"Kassaaparaadid ja kontorikaubad","potentialAction":[{"@type":"SearchAction","target":{"@type":"EntryPoint","urlTemplate":"https:\/\/rtt.ee\/en\/?s={search_term_string}"},"query-input":{"@type":"PropertyValueSpecification","valueRequired":true,"valueName":"search_term_string"}}],"inLanguage":"ru-RU"}]}},"_links":{"self":[{"href":"https:\/\/rtt.ee\/ru\/wp-json\/wp\/v2\/product\/17096","targetHints":{"allow":["GET"]}}],"collection":[{"href":"https:\/\/rtt.ee\/ru\/wp-json\/wp\/v2\/product"}],"about":[{"href":"https:\/\/rtt.ee\/ru\/wp-json\/wp\/v2\/types\/product"}],"wp:featuredmedia":[{"embeddable":true,"href":"https:\/\/rtt.ee\/ru\/wp-json\/wp\/v2\/media\/17090"}],"wp:attachment":[{"href":"https:\/\/rtt.ee\/ru\/wp-json\/wp\/v2\/media?parent=17096"}],"wp:term":[{"taxonomy":"product_brand","embeddable":true,"href":"https:\/\/rtt.ee\/ru\/wp-json\/wp\/v2\/product_brand?post=17096"},{"taxonomy":"product_cat","embeddable":true,"href":"https:\/\/rtt.ee\/ru\/wp-json\/wp\/v2\/product_cat?post=17096"},{"taxonomy":"product_tag","embeddable":true,"href":"https:\/\/rtt.ee\/ru\/wp-json\/wp\/v2\/product_tag?post=17096"}],"curies":[{"name":"wp","href":"https:\/\/api.w.org\/{rel}","templated":true}]}}