{"id":16974,"date":"2026-03-11T14:01:57","date_gmt":"2026-03-11T12:01:57","guid":{"rendered":"https:\/\/rtt.ee\/toode\/uncategorized\/tooner-kollane-analoog-kyocera-tk5380y-1t02z0anl0\/"},"modified":"2026-03-11T14:02:07","modified_gmt":"2026-03-11T12:02:07","slug":"tooner-kollane-analoog-kyocera-tk5380y-1t02z0anl0","status":"publish","type":"product","link":"https:\/\/rtt.ee\/ru\/toode\/kulumaterjalid-ru\/analoog-toonerid-ru\/tooner-kollane-analoog-kyocera-tk5380y-1t02z0anl0\/","title":{"rendered":"Tooner kollane analoog Kyocera TK5380Y (1T02Z0ANL0)"},"content":{"rendered":"<p>Kyocera ECOSYS MA4000cix, MA4000cifx, PA4000cx<\/p>\n<p>Tr\u00fckimaht kuni 10 000 lehte<\/p>\n","protected":false},"excerpt":{"rendered":"<p>Kyocera ECOSYS MA4000cix, MA4000cifx, PA4000cx Tr\u00fckimaht kuni 10 000 lehte<\/p>\n","protected":false},"featured_media":13230,"template":"","meta":{"_acf_changed":false},"product_brand":[406],"product_cat":[241],"product_tag":[],"class_list":{"0":"post-16974","1":"product","2":"type-product","3":"status-publish","4":"has-post-thumbnail","6":"product_brand-jetworld","7":"product_cat-analoog-toonerid-ru","8":"product_brands-jetworld","10":"first","11":"onbackorder","12":"taxable","13":"shipping-taxable","14":"purchasable","15":"product-type-simple"},"acf":[],"yoast_head":"<!-- This site is optimized with the Yoast SEO plugin v26.2 - https:\/\/yoast.com\/wordpress\/plugins\/seo\/ -->\n<title>Tooner kollane analoog Kyocera TK5380Y (1T02Z0ANL0) - RTT<\/title>\n<meta name=\"description\" content=\"JetWorld toonerid \u2013 premium-klassi analoogtoonerid n\u00f5udlikule kasutajale. Suurem t\u00e4itekogus, ISO-sertifitseeritud kvaliteet ja 100% \u00fchilduvus. Telli siit!\" \/>\n<meta name=\"robots\" content=\"index, follow, max-snippet:-1, max-image-preview:large, max-video-preview:-1\" \/>\n<link rel=\"canonical\" href=\"https:\/\/rtt.ee\/ru\/toode\/kulumaterjalid-ru\/analoog-toonerid-ru\/tooner-kollane-analoog-kyocera-tk5380y-1t02z0anl0\/\" \/>\n<meta property=\"og:locale\" content=\"ru_RU\" \/>\n<meta property=\"og:type\" content=\"article\" \/>\n<meta property=\"og:title\" content=\"Tooner kollane analoog Kyocera TK5380Y (1T02Z0ANL0) - RTT\" \/>\n<meta property=\"og:description\" content=\"JetWorld toonerid \u2013 premium-klassi analoogtoonerid n\u00f5udlikule kasutajale. Suurem t\u00e4itekogus, ISO-sertifitseeritud kvaliteet ja 100% \u00fchilduvus. Telli siit!\" \/>\n<meta property=\"og:url\" content=\"https:\/\/rtt.ee\/ru\/toode\/kulumaterjalid-ru\/analoog-toonerid-ru\/tooner-kollane-analoog-kyocera-tk5380y-1t02z0anl0\/\" \/>\n<meta property=\"og:site_name\" content=\"RTT\" \/>\n<meta property=\"article:modified_time\" content=\"2026-03-11T12:02:07+00:00\" \/>\n<meta property=\"og:image\" content=\"https:\/\/rtt.ee\/wp-content\/uploads\/2025\/10\/jetworld_toner_y.jpg\" \/>\n\t<meta property=\"og:image:width\" content=\"700\" \/>\n\t<meta property=\"og:image:height\" content=\"390\" \/>\n\t<meta property=\"og:image:type\" content=\"image\/jpeg\" \/>\n<meta name=\"twitter:card\" content=\"summary_large_image\" \/>\n<script type=\"application\/ld+json\" class=\"yoast-schema-graph\">{\"@context\":\"https:\/\/schema.org\",\"@graph\":[{\"@type\":\"WebPage\",\"@id\":\"https:\/\/rtt.ee\/ru\/toode\/kulumaterjalid-ru\/analoog-toonerid-ru\/tooner-kollane-analoog-kyocera-tk5380y-1t02z0anl0\/\",\"url\":\"https:\/\/rtt.ee\/ru\/toode\/kulumaterjalid-ru\/analoog-toonerid-ru\/tooner-kollane-analoog-kyocera-tk5380y-1t02z0anl0\/\",\"name\":\"Tooner kollane analoog Kyocera TK5380Y (1T02Z0ANL0) - RTT\",\"isPartOf\":{\"@id\":\"https:\/\/rtt.ee\/en\/#website\"},\"primaryImageOfPage\":{\"@id\":\"https:\/\/rtt.ee\/ru\/toode\/kulumaterjalid-ru\/analoog-toonerid-ru\/tooner-kollane-analoog-kyocera-tk5380y-1t02z0anl0\/#primaryimage\"},\"image\":{\"@id\":\"https:\/\/rtt.ee\/ru\/toode\/kulumaterjalid-ru\/analoog-toonerid-ru\/tooner-kollane-analoog-kyocera-tk5380y-1t02z0anl0\/#primaryimage\"},\"thumbnailUrl\":\"https:\/\/rtt.ee\/wp-content\/uploads\/2025\/10\/jetworld_toner_y.jpg\",\"datePublished\":\"2026-03-11T12:01:57+00:00\",\"dateModified\":\"2026-03-11T12:02:07+00:00\",\"description\":\"JetWorld toonerid \u2013 premium-klassi analoogtoonerid n\u00f5udlikule kasutajale. Suurem t\u00e4itekogus, ISO-sertifitseeritud kvaliteet ja 100% \u00fchilduvus. Telli siit!\",\"breadcrumb\":{\"@id\":\"https:\/\/rtt.ee\/ru\/toode\/kulumaterjalid-ru\/analoog-toonerid-ru\/tooner-kollane-analoog-kyocera-tk5380y-1t02z0anl0\/#breadcrumb\"},\"inLanguage\":\"ru-RU\",\"potentialAction\":[{\"@type\":\"ReadAction\",\"target\":[\"https:\/\/rtt.ee\/ru\/toode\/kulumaterjalid-ru\/analoog-toonerid-ru\/tooner-kollane-analoog-kyocera-tk5380y-1t02z0anl0\/\"]}]},{\"@type\":\"ImageObject\",\"inLanguage\":\"ru-RU\",\"@id\":\"https:\/\/rtt.ee\/ru\/toode\/kulumaterjalid-ru\/analoog-toonerid-ru\/tooner-kollane-analoog-kyocera-tk5380y-1t02z0anl0\/#primaryimage\",\"url\":\"https:\/\/rtt.ee\/wp-content\/uploads\/2025\/10\/jetworld_toner_y.jpg\",\"contentUrl\":\"https:\/\/rtt.ee\/wp-content\/uploads\/2025\/10\/jetworld_toner_y.jpg\",\"width\":700,\"height\":390},{\"@type\":\"BreadcrumbList\",\"@id\":\"https:\/\/rtt.ee\/ru\/toode\/kulumaterjalid-ru\/analoog-toonerid-ru\/tooner-kollane-analoog-kyocera-tk5380y-1t02z0anl0\/#breadcrumb\",\"itemListElement\":[{\"@type\":\"ListItem\",\"position\":1,\"name\":\"\u0413\u043b\u0430\u0432\u043d\u0430\u044f\",\"item\":\"https:\/\/rtt.ee\/ru\/\"},{\"@type\":\"ListItem\",\"position\":2,\"name\":\"Magazin\",\"item\":\"https:\/\/rtt.ee\/ru\/pood\/\"},{\"@type\":\"ListItem\",\"position\":3,\"name\":\"Kulumaterjalid\",\"item\":\"https:\/\/rtt.ee\/tootekategooria\/kulumaterjalid\/\"},{\"@type\":\"ListItem\",\"position\":4,\"name\":\"Analoog toonerid\",\"item\":\"https:\/\/rtt.ee\/tootekategooria\/kulumaterjalid\/analoog-toonerid\/\"},{\"@type\":\"ListItem\",\"position\":5,\"name\":\"Tooner kollane analoog Kyocera TK5380Y (1T02Z0ANL0)\"}]},{\"@type\":\"WebSite\",\"@id\":\"https:\/\/rtt.ee\/en\/#website\",\"url\":\"https:\/\/rtt.ee\/en\/\",\"name\":\"RTT\",\"description\":\"Kassaaparaadid ja kontorikaubad\",\"potentialAction\":[{\"@type\":\"SearchAction\",\"target\":{\"@type\":\"EntryPoint\",\"urlTemplate\":\"https:\/\/rtt.ee\/en\/?s={search_term_string}\"},\"query-input\":{\"@type\":\"PropertyValueSpecification\",\"valueRequired\":true,\"valueName\":\"search_term_string\"}}],\"inLanguage\":\"ru-RU\"}]}<\/script>\n<!-- \/ Yoast SEO plugin. -->","yoast_head_json":{"title":"Tooner kollane analoog Kyocera TK5380Y (1T02Z0ANL0) - RTT","description":"JetWorld toonerid \u2013 premium-klassi analoogtoonerid n\u00f5udlikule kasutajale. Suurem t\u00e4itekogus, ISO-sertifitseeritud kvaliteet ja 100% \u00fchilduvus. Telli siit!","robots":{"index":"index","follow":"follow","max-snippet":"max-snippet:-1","max-image-preview":"max-image-preview:large","max-video-preview":"max-video-preview:-1"},"canonical":"https:\/\/rtt.ee\/ru\/toode\/kulumaterjalid-ru\/analoog-toonerid-ru\/tooner-kollane-analoog-kyocera-tk5380y-1t02z0anl0\/","og_locale":"ru_RU","og_type":"article","og_title":"Tooner kollane analoog Kyocera TK5380Y (1T02Z0ANL0) - RTT","og_description":"JetWorld toonerid \u2013 premium-klassi analoogtoonerid n\u00f5udlikule kasutajale. Suurem t\u00e4itekogus, ISO-sertifitseeritud kvaliteet ja 100% \u00fchilduvus. Telli siit!","og_url":"https:\/\/rtt.ee\/ru\/toode\/kulumaterjalid-ru\/analoog-toonerid-ru\/tooner-kollane-analoog-kyocera-tk5380y-1t02z0anl0\/","og_site_name":"RTT","article_modified_time":"2026-03-11T12:02:07+00:00","og_image":[{"width":700,"height":390,"url":"https:\/\/rtt.ee\/wp-content\/uploads\/2025\/10\/jetworld_toner_y.jpg","type":"image\/jpeg"}],"twitter_card":"summary_large_image","schema":{"@context":"https:\/\/schema.org","@graph":[{"@type":"WebPage","@id":"https:\/\/rtt.ee\/ru\/toode\/kulumaterjalid-ru\/analoog-toonerid-ru\/tooner-kollane-analoog-kyocera-tk5380y-1t02z0anl0\/","url":"https:\/\/rtt.ee\/ru\/toode\/kulumaterjalid-ru\/analoog-toonerid-ru\/tooner-kollane-analoog-kyocera-tk5380y-1t02z0anl0\/","name":"Tooner kollane analoog Kyocera TK5380Y (1T02Z0ANL0) - RTT","isPartOf":{"@id":"https:\/\/rtt.ee\/en\/#website"},"primaryImageOfPage":{"@id":"https:\/\/rtt.ee\/ru\/toode\/kulumaterjalid-ru\/analoog-toonerid-ru\/tooner-kollane-analoog-kyocera-tk5380y-1t02z0anl0\/#primaryimage"},"image":{"@id":"https:\/\/rtt.ee\/ru\/toode\/kulumaterjalid-ru\/analoog-toonerid-ru\/tooner-kollane-analoog-kyocera-tk5380y-1t02z0anl0\/#primaryimage"},"thumbnailUrl":"https:\/\/rtt.ee\/wp-content\/uploads\/2025\/10\/jetworld_toner_y.jpg","datePublished":"2026-03-11T12:01:57+00:00","dateModified":"2026-03-11T12:02:07+00:00","description":"JetWorld toonerid \u2013 premium-klassi analoogtoonerid n\u00f5udlikule kasutajale. Suurem t\u00e4itekogus, ISO-sertifitseeritud kvaliteet ja 100% \u00fchilduvus. Telli siit!","breadcrumb":{"@id":"https:\/\/rtt.ee\/ru\/toode\/kulumaterjalid-ru\/analoog-toonerid-ru\/tooner-kollane-analoog-kyocera-tk5380y-1t02z0anl0\/#breadcrumb"},"inLanguage":"ru-RU","potentialAction":[{"@type":"ReadAction","target":["https:\/\/rtt.ee\/ru\/toode\/kulumaterjalid-ru\/analoog-toonerid-ru\/tooner-kollane-analoog-kyocera-tk5380y-1t02z0anl0\/"]}]},{"@type":"ImageObject","inLanguage":"ru-RU","@id":"https:\/\/rtt.ee\/ru\/toode\/kulumaterjalid-ru\/analoog-toonerid-ru\/tooner-kollane-analoog-kyocera-tk5380y-1t02z0anl0\/#primaryimage","url":"https:\/\/rtt.ee\/wp-content\/uploads\/2025\/10\/jetworld_toner_y.jpg","contentUrl":"https:\/\/rtt.ee\/wp-content\/uploads\/2025\/10\/jetworld_toner_y.jpg","width":700,"height":390},{"@type":"BreadcrumbList","@id":"https:\/\/rtt.ee\/ru\/toode\/kulumaterjalid-ru\/analoog-toonerid-ru\/tooner-kollane-analoog-kyocera-tk5380y-1t02z0anl0\/#breadcrumb","itemListElement":[{"@type":"ListItem","position":1,"name":"\u0413\u043b\u0430\u0432\u043d\u0430\u044f","item":"https:\/\/rtt.ee\/ru\/"},{"@type":"ListItem","position":2,"name":"Magazin","item":"https:\/\/rtt.ee\/ru\/pood\/"},{"@type":"ListItem","position":3,"name":"Kulumaterjalid","item":"https:\/\/rtt.ee\/tootekategooria\/kulumaterjalid\/"},{"@type":"ListItem","position":4,"name":"Analoog toonerid","item":"https:\/\/rtt.ee\/tootekategooria\/kulumaterjalid\/analoog-toonerid\/"},{"@type":"ListItem","position":5,"name":"Tooner kollane analoog Kyocera TK5380Y (1T02Z0ANL0)"}]},{"@type":"WebSite","@id":"https:\/\/rtt.ee\/en\/#website","url":"https:\/\/rtt.ee\/en\/","name":"RTT","description":"Kassaaparaadid ja kontorikaubad","potentialAction":[{"@type":"SearchAction","target":{"@type":"EntryPoint","urlTemplate":"https:\/\/rtt.ee\/en\/?s={search_term_string}"},"query-input":{"@type":"PropertyValueSpecification","valueRequired":true,"valueName":"search_term_string"}}],"inLanguage":"ru-RU"}]}},"_links":{"self":[{"href":"https:\/\/rtt.ee\/ru\/wp-json\/wp\/v2\/product\/16974","targetHints":{"allow":["GET"]}}],"collection":[{"href":"https:\/\/rtt.ee\/ru\/wp-json\/wp\/v2\/product"}],"about":[{"href":"https:\/\/rtt.ee\/ru\/wp-json\/wp\/v2\/types\/product"}],"wp:featuredmedia":[{"embeddable":true,"href":"https:\/\/rtt.ee\/ru\/wp-json\/wp\/v2\/media\/13230"}],"wp:attachment":[{"href":"https:\/\/rtt.ee\/ru\/wp-json\/wp\/v2\/media?parent=16974"}],"wp:term":[{"taxonomy":"product_brand","embeddable":true,"href":"https:\/\/rtt.ee\/ru\/wp-json\/wp\/v2\/product_brand?post=16974"},{"taxonomy":"product_cat","embeddable":true,"href":"https:\/\/rtt.ee\/ru\/wp-json\/wp\/v2\/product_cat?post=16974"},{"taxonomy":"product_tag","embeddable":true,"href":"https:\/\/rtt.ee\/ru\/wp-json\/wp\/v2\/product_tag?post=16974"}],"curies":[{"name":"wp","href":"https:\/\/api.w.org\/{rel}","templated":true}]}}