{"id":16814,"date":"2026-03-10T10:47:11","date_gmt":"2026-03-10T08:47:11","guid":{"rendered":"https:\/\/rtt.ee\/toode\/uncategorized\/canon-i-sensys-mf754cdw-multifunktsionaalne-a4-varvi-laserprinter\/"},"modified":"2026-03-10T13:42:35","modified_gmt":"2026-03-10T11:42:35","slug":"canon-i-sensys-mf754cdw-multifunktsionaalne-a4-varvi-laserprinter","status":"publish","type":"product","link":"https:\/\/rtt.ee\/ru\/toode\/koopiamasinad-ru\/a4-printer-skanner-koopiamasinad-ru\/canon-i-sensys-mf754cdw-multifunktsionaalne-a4-varvi-laserprinter\/","title":{"rendered":"Canon I-SENSYS MF754Cdw multifunktsionaalne A4 v\u00e4rvi-laserprinter"},"content":{"rendered":"<p>Funktsioonid: printimine, skannimine, kopeerimine<\/p>\n<p>Tr\u00fckikiirus A4: 33 Lk\/min (must-valge, v\u00e4rviline)<\/p>\n<p>Tr\u00fckikvaliteet (dpi): 1200 x 1200<\/p>\n<p>M\u00e4lu: 1GB<\/p>\n<p>Juhtpaneel: 12,7 cm, puutetundlik (v\u00e4rviline)<\/p>\n<p>Paberis\u00f6\u00f6tja maht: 250 lehte (Standard), 550 lehte (lisav\u00f5imalus)<\/p>\n<div class=\"product-specification-detail__list-key canon-paragraph--big\">Soovitatav printimismaht kuus: 750\u20134000<\/div>\n<p>\u00dchendused: USB, Ethernet, WiFi<\/p>\n<p>Toetatavad operatsioonis\u00fcsteemid: Windows, Windows Server, MacOS<\/p>\n<p>Lisainfo:\u00a0<a href=\"https:\/\/www.canon.ee\/business\/products\/office-printers\/multifunction\/colour\/i-sensys-mf750-series\/specifications\/i-sensys-mf752cdw.html\">Tehniline kirjeldus eesti keeles<\/a><\/p>\n<p>Tel: +372 6 112 256<\/p>\n<p>GSM: +372 5 014 470<\/p>\n","protected":false},"excerpt":{"rendered":"<p>Funktsioonid: printimine, skannimine, kopeerimine Tr\u00fckikiirus A4: 33 Lk\/min (must-valge, v\u00e4rviline) Tr\u00fckikvaliteet (dpi): 1200 x 1200 M\u00e4lu: 1GB Juhtpaneel: 12,7 cm, puutetundlik (v\u00e4rviline) Paberis\u00f6\u00f6tja maht: 250 lehte (Standard), 550 lehte (lisav\u00f5imalus) Soovitatav printimismaht kuus: 750\u20134000 \u00dchendused: USB, Ethernet, WiFi Toetatavad operatsioonis\u00fcsteemid: Windows, Windows Server, MacOS Lisainfo:\u00a0Tehniline kirjeldus eesti keeles Tel: +372 6 112 256 GSM: +372 [&hellip;]<\/p>\n","protected":false},"featured_media":16808,"template":"","meta":{"_acf_changed":false},"product_brand":[428],"product_cat":[236],"product_tag":[],"class_list":{"0":"post-16814","1":"product","2":"type-product","3":"status-publish","4":"has-post-thumbnail","6":"product_brand-canon","7":"product_cat-a4-printer-skanner-koopiamasinad-ru","8":"product_brands-canon","10":"first","11":"onbackorder","12":"taxable","13":"shipping-taxable","14":"purchasable","15":"product-type-simple"},"acf":[],"yoast_head":"<!-- This site is optimized with the Yoast SEO plugin v26.2 - https:\/\/yoast.com\/wordpress\/plugins\/seo\/ -->\n<title>Canon I-SENSYS MF754Cdw multifunktsionaalne A4 v\u00e4rvi-laserprinter - RTT<\/title>\n<meta name=\"description\" content=\"Canon i-SENSYS MF752Cdw v\u00e4rviline laserprinter \u2013 kiire, turvaline ja nutikas. Ideaalne v\u00e4ikekontorisse. Telli kohe ja t\u00f5sta oma meeskonna t\u00f6\u00f6efektiivsust!\" \/>\n<meta name=\"robots\" content=\"index, follow, max-snippet:-1, max-image-preview:large, max-video-preview:-1\" \/>\n<link rel=\"canonical\" href=\"https:\/\/rtt.ee\/toode\/koopiamasinad\/a4-printer-skanner-koopiamasinad\/canon-i-sensys-mf754cdw-multifunktsionaalne-a4-varvi-laserprinter\/\" \/>\n<meta property=\"og:locale\" content=\"ru_RU\" \/>\n<meta property=\"og:type\" content=\"article\" \/>\n<meta property=\"og:title\" content=\"Canon I-SENSYS MF754Cdw multifunktsionaalne A4 v\u00e4rvi-laserprinter - RTT\" \/>\n<meta property=\"og:description\" content=\"Canon i-SENSYS MF752Cdw v\u00e4rviline laserprinter \u2013 kiire, turvaline ja nutikas. Ideaalne v\u00e4ikekontorisse. Telli kohe ja t\u00f5sta oma meeskonna t\u00f6\u00f6efektiivsust!\" \/>\n<meta property=\"og:url\" content=\"https:\/\/rtt.ee\/toode\/koopiamasinad\/a4-printer-skanner-koopiamasinad\/canon-i-sensys-mf754cdw-multifunktsionaalne-a4-varvi-laserprinter\/\" \/>\n<meta property=\"og:site_name\" content=\"RTT\" \/>\n<meta property=\"article:modified_time\" content=\"2026-03-10T11:42:35+00:00\" \/>\n<meta property=\"og:image\" content=\"https:\/\/rtt.ee\/wp-content\/uploads\/2026\/03\/5455C020_i-SENSYS-MF754Cdw_01.jpg\" \/>\n\t<meta property=\"og:image:width\" content=\"940\" \/>\n\t<meta property=\"og:image:height\" content=\"940\" \/>\n\t<meta property=\"og:image:type\" content=\"image\/jpeg\" \/>\n<meta name=\"twitter:card\" content=\"summary_large_image\" \/>\n<script type=\"application\/ld+json\" class=\"yoast-schema-graph\">{\"@context\":\"https:\/\/schema.org\",\"@graph\":[{\"@type\":\"WebPage\",\"@id\":\"https:\/\/rtt.ee\/toode\/koopiamasinad\/a4-printer-skanner-koopiamasinad\/canon-i-sensys-mf754cdw-multifunktsionaalne-a4-varvi-laserprinter\/\",\"url\":\"https:\/\/rtt.ee\/toode\/koopiamasinad\/a4-printer-skanner-koopiamasinad\/canon-i-sensys-mf754cdw-multifunktsionaalne-a4-varvi-laserprinter\/\",\"name\":\"Canon I-SENSYS MF754Cdw multifunktsionaalne A4 v\u00e4rvi-laserprinter - RTT\",\"isPartOf\":{\"@id\":\"https:\/\/rtt.ee\/en\/#website\"},\"primaryImageOfPage\":{\"@id\":\"https:\/\/rtt.ee\/toode\/koopiamasinad\/a4-printer-skanner-koopiamasinad\/canon-i-sensys-mf754cdw-multifunktsionaalne-a4-varvi-laserprinter\/#primaryimage\"},\"image\":{\"@id\":\"https:\/\/rtt.ee\/toode\/koopiamasinad\/a4-printer-skanner-koopiamasinad\/canon-i-sensys-mf754cdw-multifunktsionaalne-a4-varvi-laserprinter\/#primaryimage\"},\"thumbnailUrl\":\"https:\/\/rtt.ee\/wp-content\/uploads\/2026\/03\/5455C020_i-SENSYS-MF754Cdw_01.jpg\",\"datePublished\":\"2026-03-10T08:47:11+00:00\",\"dateModified\":\"2026-03-10T11:42:35+00:00\",\"description\":\"Canon i-SENSYS MF752Cdw v\u00e4rviline laserprinter \u2013 kiire, turvaline ja nutikas. Ideaalne v\u00e4ikekontorisse. Telli kohe ja t\u00f5sta oma meeskonna t\u00f6\u00f6efektiivsust!\",\"breadcrumb\":{\"@id\":\"https:\/\/rtt.ee\/toode\/koopiamasinad\/a4-printer-skanner-koopiamasinad\/canon-i-sensys-mf754cdw-multifunktsionaalne-a4-varvi-laserprinter\/#breadcrumb\"},\"inLanguage\":\"ru-RU\",\"potentialAction\":[{\"@type\":\"ReadAction\",\"target\":[\"https:\/\/rtt.ee\/toode\/koopiamasinad\/a4-printer-skanner-koopiamasinad\/canon-i-sensys-mf754cdw-multifunktsionaalne-a4-varvi-laserprinter\/\"]}]},{\"@type\":\"ImageObject\",\"inLanguage\":\"ru-RU\",\"@id\":\"https:\/\/rtt.ee\/toode\/koopiamasinad\/a4-printer-skanner-koopiamasinad\/canon-i-sensys-mf754cdw-multifunktsionaalne-a4-varvi-laserprinter\/#primaryimage\",\"url\":\"https:\/\/rtt.ee\/wp-content\/uploads\/2026\/03\/5455C020_i-SENSYS-MF754Cdw_01.jpg\",\"contentUrl\":\"https:\/\/rtt.ee\/wp-content\/uploads\/2026\/03\/5455C020_i-SENSYS-MF754Cdw_01.jpg\",\"width\":940,\"height\":940,\"caption\":\"MF754Cdw\"},{\"@type\":\"BreadcrumbList\",\"@id\":\"https:\/\/rtt.ee\/toode\/koopiamasinad\/a4-printer-skanner-koopiamasinad\/canon-i-sensys-mf754cdw-multifunktsionaalne-a4-varvi-laserprinter\/#breadcrumb\",\"itemListElement\":[{\"@type\":\"ListItem\",\"position\":1,\"name\":\"\u0413\u043b\u0430\u0432\u043d\u0430\u044f\",\"item\":\"https:\/\/rtt.ee\/ru\/\"},{\"@type\":\"ListItem\",\"position\":2,\"name\":\"Magazin\",\"item\":\"https:\/\/rtt.ee\/ru\/pood\/\"},{\"@type\":\"ListItem\",\"position\":3,\"name\":\"\u041a\u043e\u043f\u0438\u0440\u043e\u0432\u0430\u043b\u044c\u043d\u044b\u0435 \u0430\u043f\u043f\u0430\u0440\u0430\u0442\u044b\",\"item\":\"https:\/\/rtt.ee\/ru\/tootekategooria\/koopiamasinad-ru\/\"},{\"@type\":\"ListItem\",\"position\":4,\"name\":\"A4 Printer-Sk\u00e4nner-Koopiamasinad\",\"item\":\"https:\/\/rtt.ee\/tootekategooria\/koopiamasinad\/a4-printer-skanner-koopiamasinad\/\"},{\"@type\":\"ListItem\",\"position\":5,\"name\":\"Canon I-SENSYS MF754Cdw multifunktsionaalne A4 v\u00e4rvi-laserprinter\"}]},{\"@type\":\"WebSite\",\"@id\":\"https:\/\/rtt.ee\/en\/#website\",\"url\":\"https:\/\/rtt.ee\/en\/\",\"name\":\"RTT\",\"description\":\"Kassaaparaadid ja kontorikaubad\",\"potentialAction\":[{\"@type\":\"SearchAction\",\"target\":{\"@type\":\"EntryPoint\",\"urlTemplate\":\"https:\/\/rtt.ee\/en\/?s={search_term_string}\"},\"query-input\":{\"@type\":\"PropertyValueSpecification\",\"valueRequired\":true,\"valueName\":\"search_term_string\"}}],\"inLanguage\":\"ru-RU\"}]}<\/script>\n<!-- \/ Yoast SEO plugin. -->","yoast_head_json":{"title":"Canon I-SENSYS MF754Cdw multifunktsionaalne A4 v\u00e4rvi-laserprinter - RTT","description":"Canon i-SENSYS MF752Cdw v\u00e4rviline laserprinter \u2013 kiire, turvaline ja nutikas. Ideaalne v\u00e4ikekontorisse. Telli kohe ja t\u00f5sta oma meeskonna t\u00f6\u00f6efektiivsust!","robots":{"index":"index","follow":"follow","max-snippet":"max-snippet:-1","max-image-preview":"max-image-preview:large","max-video-preview":"max-video-preview:-1"},"canonical":"https:\/\/rtt.ee\/toode\/koopiamasinad\/a4-printer-skanner-koopiamasinad\/canon-i-sensys-mf754cdw-multifunktsionaalne-a4-varvi-laserprinter\/","og_locale":"ru_RU","og_type":"article","og_title":"Canon I-SENSYS MF754Cdw multifunktsionaalne A4 v\u00e4rvi-laserprinter - RTT","og_description":"Canon i-SENSYS MF752Cdw v\u00e4rviline laserprinter \u2013 kiire, turvaline ja nutikas. Ideaalne v\u00e4ikekontorisse. Telli kohe ja t\u00f5sta oma meeskonna t\u00f6\u00f6efektiivsust!","og_url":"https:\/\/rtt.ee\/toode\/koopiamasinad\/a4-printer-skanner-koopiamasinad\/canon-i-sensys-mf754cdw-multifunktsionaalne-a4-varvi-laserprinter\/","og_site_name":"RTT","article_modified_time":"2026-03-10T11:42:35+00:00","og_image":[{"width":940,"height":940,"url":"https:\/\/rtt.ee\/wp-content\/uploads\/2026\/03\/5455C020_i-SENSYS-MF754Cdw_01.jpg","type":"image\/jpeg"}],"twitter_card":"summary_large_image","schema":{"@context":"https:\/\/schema.org","@graph":[{"@type":"WebPage","@id":"https:\/\/rtt.ee\/toode\/koopiamasinad\/a4-printer-skanner-koopiamasinad\/canon-i-sensys-mf754cdw-multifunktsionaalne-a4-varvi-laserprinter\/","url":"https:\/\/rtt.ee\/toode\/koopiamasinad\/a4-printer-skanner-koopiamasinad\/canon-i-sensys-mf754cdw-multifunktsionaalne-a4-varvi-laserprinter\/","name":"Canon I-SENSYS MF754Cdw multifunktsionaalne A4 v\u00e4rvi-laserprinter - RTT","isPartOf":{"@id":"https:\/\/rtt.ee\/en\/#website"},"primaryImageOfPage":{"@id":"https:\/\/rtt.ee\/toode\/koopiamasinad\/a4-printer-skanner-koopiamasinad\/canon-i-sensys-mf754cdw-multifunktsionaalne-a4-varvi-laserprinter\/#primaryimage"},"image":{"@id":"https:\/\/rtt.ee\/toode\/koopiamasinad\/a4-printer-skanner-koopiamasinad\/canon-i-sensys-mf754cdw-multifunktsionaalne-a4-varvi-laserprinter\/#primaryimage"},"thumbnailUrl":"https:\/\/rtt.ee\/wp-content\/uploads\/2026\/03\/5455C020_i-SENSYS-MF754Cdw_01.jpg","datePublished":"2026-03-10T08:47:11+00:00","dateModified":"2026-03-10T11:42:35+00:00","description":"Canon i-SENSYS MF752Cdw v\u00e4rviline laserprinter \u2013 kiire, turvaline ja nutikas. Ideaalne v\u00e4ikekontorisse. Telli kohe ja t\u00f5sta oma meeskonna t\u00f6\u00f6efektiivsust!","breadcrumb":{"@id":"https:\/\/rtt.ee\/toode\/koopiamasinad\/a4-printer-skanner-koopiamasinad\/canon-i-sensys-mf754cdw-multifunktsionaalne-a4-varvi-laserprinter\/#breadcrumb"},"inLanguage":"ru-RU","potentialAction":[{"@type":"ReadAction","target":["https:\/\/rtt.ee\/toode\/koopiamasinad\/a4-printer-skanner-koopiamasinad\/canon-i-sensys-mf754cdw-multifunktsionaalne-a4-varvi-laserprinter\/"]}]},{"@type":"ImageObject","inLanguage":"ru-RU","@id":"https:\/\/rtt.ee\/toode\/koopiamasinad\/a4-printer-skanner-koopiamasinad\/canon-i-sensys-mf754cdw-multifunktsionaalne-a4-varvi-laserprinter\/#primaryimage","url":"https:\/\/rtt.ee\/wp-content\/uploads\/2026\/03\/5455C020_i-SENSYS-MF754Cdw_01.jpg","contentUrl":"https:\/\/rtt.ee\/wp-content\/uploads\/2026\/03\/5455C020_i-SENSYS-MF754Cdw_01.jpg","width":940,"height":940,"caption":"MF754Cdw"},{"@type":"BreadcrumbList","@id":"https:\/\/rtt.ee\/toode\/koopiamasinad\/a4-printer-skanner-koopiamasinad\/canon-i-sensys-mf754cdw-multifunktsionaalne-a4-varvi-laserprinter\/#breadcrumb","itemListElement":[{"@type":"ListItem","position":1,"name":"\u0413\u043b\u0430\u0432\u043d\u0430\u044f","item":"https:\/\/rtt.ee\/ru\/"},{"@type":"ListItem","position":2,"name":"Magazin","item":"https:\/\/rtt.ee\/ru\/pood\/"},{"@type":"ListItem","position":3,"name":"\u041a\u043e\u043f\u0438\u0440\u043e\u0432\u0430\u043b\u044c\u043d\u044b\u0435 \u0430\u043f\u043f\u0430\u0440\u0430\u0442\u044b","item":"https:\/\/rtt.ee\/ru\/tootekategooria\/koopiamasinad-ru\/"},{"@type":"ListItem","position":4,"name":"A4 Printer-Sk\u00e4nner-Koopiamasinad","item":"https:\/\/rtt.ee\/tootekategooria\/koopiamasinad\/a4-printer-skanner-koopiamasinad\/"},{"@type":"ListItem","position":5,"name":"Canon I-SENSYS MF754Cdw multifunktsionaalne A4 v\u00e4rvi-laserprinter"}]},{"@type":"WebSite","@id":"https:\/\/rtt.ee\/en\/#website","url":"https:\/\/rtt.ee\/en\/","name":"RTT","description":"Kassaaparaadid ja kontorikaubad","potentialAction":[{"@type":"SearchAction","target":{"@type":"EntryPoint","urlTemplate":"https:\/\/rtt.ee\/en\/?s={search_term_string}"},"query-input":{"@type":"PropertyValueSpecification","valueRequired":true,"valueName":"search_term_string"}}],"inLanguage":"ru-RU"}]}},"_links":{"self":[{"href":"https:\/\/rtt.ee\/ru\/wp-json\/wp\/v2\/product\/16814","targetHints":{"allow":["GET"]}}],"collection":[{"href":"https:\/\/rtt.ee\/ru\/wp-json\/wp\/v2\/product"}],"about":[{"href":"https:\/\/rtt.ee\/ru\/wp-json\/wp\/v2\/types\/product"}],"wp:featuredmedia":[{"embeddable":true,"href":"https:\/\/rtt.ee\/ru\/wp-json\/wp\/v2\/media\/16808"}],"wp:attachment":[{"href":"https:\/\/rtt.ee\/ru\/wp-json\/wp\/v2\/media?parent=16814"}],"wp:term":[{"taxonomy":"product_brand","embeddable":true,"href":"https:\/\/rtt.ee\/ru\/wp-json\/wp\/v2\/product_brand?post=16814"},{"taxonomy":"product_cat","embeddable":true,"href":"https:\/\/rtt.ee\/ru\/wp-json\/wp\/v2\/product_cat?post=16814"},{"taxonomy":"product_tag","embeddable":true,"href":"https:\/\/rtt.ee\/ru\/wp-json\/wp\/v2\/product_tag?post=16814"}],"curies":[{"name":"wp","href":"https:\/\/api.w.org\/{rel}","templated":true}]}}