{"id":16068,"date":"2025-11-10T13:39:56","date_gmt":"2025-11-10T11:39:56","guid":{"rendered":"https:\/\/rtt.ee\/toode\/uncategorized\/epson-ecotank-l4366-multifunktsionaalne-a4-varvi-tindiprinter\/"},"modified":"2026-04-09T10:14:40","modified_gmt":"2026-04-09T07:14:40","slug":"epson-ecotank-l4366-multifunktsionaalne-a4-varvi-tindiprinter","status":"publish","type":"product","link":"https:\/\/rtt.ee\/ru\/toode\/koopiamasinad-ru\/a4-printer-skanner-koopiamasinad-ru\/epson-ecotank-l4366-multifunktsionaalne-a4-varvi-tindiprinter\/","title":{"rendered":"EPSON EcoTank L4366 multifunktsionaalne A4 v\u00e4rvi-tindiprinter"},"content":{"rendered":"<p>Funktsioonid: printimine, skannimine, kopeerimine<\/p>\n<p>Tr\u00fckikiirus (ISO\/IEC 24734): <span class=\"technical-specifications__specification-value\">15 lk\/min (must), 8 lk\/min (v\u00e4rviline)<\/span><\/p>\n<p>Tr\u00fckikvaliteet: 4800 x 1200 DPI<\/p>\n<p>Paberis\u00f6\u00f6tja maht: 100 lehte (Standardne)<\/p>\n<p>\u00dchendused: <span class=\"technical-specifications__specification-value\">USB, WiFi, Wi-Fi Direct<\/span><\/p>\n<p>Mobiilsed ja pilvep\u00f5hised printimisteenused: Apple AirPrint, Mopria, Epson Smart Panel App, Epson Connect (Email Print, Remote Print Driver)<\/p>\n<p>Toetatavad operatsioonis\u00fcsteemid: Windows, Windows Server, MacOS<\/p>\n<p>Lisainfo:\u00a0<a href=\"https:\/\/www.epson.ee\/et_EE\/tooted\/printerid\/inkjet\/tarbija\/ecotank-l4366-valge-a4-multifunktsionaalne-wi-fi-ja-airprinti-tindimahutiga-printer%2C-lisaks-skannimine%2C-kopeerimine-ja-kahepoolne-printimine%2C-kuni-3-aastat-tinti-kaasas\/p\/45414#tech-specs\">Tehniline kirjeldus eesti keeles<\/a><\/p>\n<p>Tel: +372 6 112 256<\/p>\n<p>GSM: +372 5 014 470<\/p>\n","protected":false},"excerpt":{"rendered":"<p>Funktsioonid: printimine, skannimine, kopeerimine Tr\u00fckikiirus (ISO\/IEC 24734): 15 lk\/min (must), 8 lk\/min (v\u00e4rviline) Tr\u00fckikvaliteet: 4800 x 1200 DPI Paberis\u00f6\u00f6tja maht: 100 lehte (Standardne) \u00dchendused: USB, WiFi, Wi-Fi Direct Mobiilsed ja pilvep\u00f5hised printimisteenused: Apple AirPrint, Mopria, Epson Smart Panel App, Epson Connect (Email Print, Remote Print Driver) Toetatavad operatsioonis\u00fcsteemid: Windows, Windows Server, MacOS Lisainfo:\u00a0Tehniline kirjeldus eesti [&hellip;]<\/p>\n","protected":false},"featured_media":13818,"template":"","meta":{"_acf_changed":false},"product_brand":[405],"product_cat":[233,236],"product_tag":[],"class_list":{"0":"post-16068","1":"product","2":"type-product","3":"status-publish","4":"has-post-thumbnail","6":"product_brand-epson","7":"product_cat-koopiamasinad-ru","8":"product_cat-a4-printer-skanner-koopiamasinad-ru","9":"product_brands-epson-ru","11":"first","12":"onbackorder","13":"sale","14":"taxable","15":"shipping-taxable","16":"purchasable","17":"product-type-simple"},"acf":[],"yoast_head":"<!-- This site is optimized with the Yoast SEO plugin v26.2 - https:\/\/yoast.com\/wordpress\/plugins\/seo\/ -->\n<title>EPSON EcoTank L4366 multifunktsionaalne A4 v\u00e4rvi-tindiprinter - RTT<\/title>\n<meta name=\"description\" content=\"Epson EcoTank L4366 on kompaktne ja stiilne A4 multifunktsionaalne printer, mis pakub printimise, skaneerimise ja kopeerimise v\u00f5imalusi \u00fches seadmes.\" \/>\n<meta name=\"robots\" content=\"index, follow, max-snippet:-1, max-image-preview:large, max-video-preview:-1\" \/>\n<link rel=\"canonical\" href=\"https:\/\/rtt.ee\/ru\/toode\/koopiamasinad-ru\/a4-printer-skanner-koopiamasinad-ru\/epson-ecotank-l4366-multifunktsionaalne-a4-varvi-tindiprinter\/\" \/>\n<meta property=\"og:locale\" content=\"ru_RU\" \/>\n<meta property=\"og:type\" content=\"article\" \/>\n<meta property=\"og:title\" content=\"EPSON EcoTank L4366 multifunktsionaalne A4 v\u00e4rvi-tindiprinter - RTT\" \/>\n<meta property=\"og:description\" content=\"Epson EcoTank L4366 on kompaktne ja stiilne A4 multifunktsionaalne printer, mis pakub printimise, skaneerimise ja kopeerimise v\u00f5imalusi \u00fches seadmes.\" \/>\n<meta property=\"og:url\" content=\"https:\/\/rtt.ee\/ru\/toode\/koopiamasinad-ru\/a4-printer-skanner-koopiamasinad-ru\/epson-ecotank-l4366-multifunktsionaalne-a4-varvi-tindiprinter\/\" \/>\n<meta property=\"og:site_name\" content=\"RTT\" \/>\n<meta property=\"article:modified_time\" content=\"2026-04-09T07:14:40+00:00\" \/>\n<meta property=\"og:image\" content=\"https:\/\/rtt.ee\/wp-content\/uploads\/2025\/11\/a23215-productpicture-hires-et-ee-ecotank_l4366_01_main_2000x2000px-1024x1024.png\" \/>\n\t<meta property=\"og:image:width\" content=\"1024\" \/>\n\t<meta property=\"og:image:height\" content=\"1024\" \/>\n\t<meta property=\"og:image:type\" content=\"image\/png\" \/>\n<meta name=\"twitter:card\" content=\"summary_large_image\" \/>\n<meta name=\"twitter:label1\" content=\"\u041f\u0440\u0438\u043c\u0435\u0440\u043d\u043e\u0435 \u0432\u0440\u0435\u043c\u044f \u0434\u043b\u044f \u0447\u0442\u0435\u043d\u0438\u044f\" \/>\n\t<meta name=\"twitter:data1\" content=\"1 \u043c\u0438\u043d\u0443\u0442\u0430\" \/>\n<script type=\"application\/ld+json\" class=\"yoast-schema-graph\">{\"@context\":\"https:\/\/schema.org\",\"@graph\":[{\"@type\":\"WebPage\",\"@id\":\"https:\/\/rtt.ee\/ru\/toode\/koopiamasinad-ru\/a4-printer-skanner-koopiamasinad-ru\/epson-ecotank-l4366-multifunktsionaalne-a4-varvi-tindiprinter\/\",\"url\":\"https:\/\/rtt.ee\/ru\/toode\/koopiamasinad-ru\/a4-printer-skanner-koopiamasinad-ru\/epson-ecotank-l4366-multifunktsionaalne-a4-varvi-tindiprinter\/\",\"name\":\"EPSON EcoTank L4366 multifunktsionaalne A4 v\u00e4rvi-tindiprinter - RTT\",\"isPartOf\":{\"@id\":\"https:\/\/rtt.ee\/en\/#website\"},\"primaryImageOfPage\":{\"@id\":\"https:\/\/rtt.ee\/ru\/toode\/koopiamasinad-ru\/a4-printer-skanner-koopiamasinad-ru\/epson-ecotank-l4366-multifunktsionaalne-a4-varvi-tindiprinter\/#primaryimage\"},\"image\":{\"@id\":\"https:\/\/rtt.ee\/ru\/toode\/koopiamasinad-ru\/a4-printer-skanner-koopiamasinad-ru\/epson-ecotank-l4366-multifunktsionaalne-a4-varvi-tindiprinter\/#primaryimage\"},\"thumbnailUrl\":\"https:\/\/rtt.ee\/wp-content\/uploads\/2025\/11\/a23215-productpicture-hires-et-ee-ecotank_l4366_01_main_2000x2000px-e1774534353391.png\",\"datePublished\":\"2025-11-10T11:39:56+00:00\",\"dateModified\":\"2026-04-09T07:14:40+00:00\",\"description\":\"Epson EcoTank L4366 on kompaktne ja stiilne A4 multifunktsionaalne printer, mis pakub printimise, skaneerimise ja kopeerimise v\u00f5imalusi \u00fches seadmes.\",\"breadcrumb\":{\"@id\":\"https:\/\/rtt.ee\/ru\/toode\/koopiamasinad-ru\/a4-printer-skanner-koopiamasinad-ru\/epson-ecotank-l4366-multifunktsionaalne-a4-varvi-tindiprinter\/#breadcrumb\"},\"inLanguage\":\"ru-RU\",\"potentialAction\":[{\"@type\":\"ReadAction\",\"target\":[\"https:\/\/rtt.ee\/ru\/toode\/koopiamasinad-ru\/a4-printer-skanner-koopiamasinad-ru\/epson-ecotank-l4366-multifunktsionaalne-a4-varvi-tindiprinter\/\"]}]},{\"@type\":\"ImageObject\",\"inLanguage\":\"ru-RU\",\"@id\":\"https:\/\/rtt.ee\/ru\/toode\/koopiamasinad-ru\/a4-printer-skanner-koopiamasinad-ru\/epson-ecotank-l4366-multifunktsionaalne-a4-varvi-tindiprinter\/#primaryimage\",\"url\":\"https:\/\/rtt.ee\/wp-content\/uploads\/2025\/11\/a23215-productpicture-hires-et-ee-ecotank_l4366_01_main_2000x2000px-e1774534353391.png\",\"contentUrl\":\"https:\/\/rtt.ee\/wp-content\/uploads\/2025\/11\/a23215-productpicture-hires-et-ee-ecotank_l4366_01_main_2000x2000px-e1774534353391.png\",\"width\":2000,\"height\":2000},{\"@type\":\"BreadcrumbList\",\"@id\":\"https:\/\/rtt.ee\/ru\/toode\/koopiamasinad-ru\/a4-printer-skanner-koopiamasinad-ru\/epson-ecotank-l4366-multifunktsionaalne-a4-varvi-tindiprinter\/#breadcrumb\",\"itemListElement\":[{\"@type\":\"ListItem\",\"position\":1,\"name\":\"\u0413\u043b\u0430\u0432\u043d\u0430\u044f\",\"item\":\"https:\/\/rtt.ee\/ru\/\"},{\"@type\":\"ListItem\",\"position\":2,\"name\":\"Magazin\",\"item\":\"https:\/\/rtt.ee\/ru\/pood\/\"},{\"@type\":\"ListItem\",\"position\":3,\"name\":\"Koopiamasinad\",\"item\":\"https:\/\/rtt.ee\/tootekategooria\/koopiamasinad\/\"},{\"@type\":\"ListItem\",\"position\":4,\"name\":\"A4 Printer-Sk\u00e4nner-Koopiamasinad\",\"item\":\"https:\/\/rtt.ee\/tootekategooria\/koopiamasinad\/a4-printer-skanner-koopiamasinad\/\"},{\"@type\":\"ListItem\",\"position\":5,\"name\":\"EPSON EcoTank L4366 multifunktsionaalne A4 v\u00e4rvi-tindiprinter\"}]},{\"@type\":\"WebSite\",\"@id\":\"https:\/\/rtt.ee\/en\/#website\",\"url\":\"https:\/\/rtt.ee\/en\/\",\"name\":\"RTT\",\"description\":\"Kassaaparaadid ja kontorikaubad\",\"potentialAction\":[{\"@type\":\"SearchAction\",\"target\":{\"@type\":\"EntryPoint\",\"urlTemplate\":\"https:\/\/rtt.ee\/en\/?s={search_term_string}\"},\"query-input\":{\"@type\":\"PropertyValueSpecification\",\"valueRequired\":true,\"valueName\":\"search_term_string\"}}],\"inLanguage\":\"ru-RU\"}]}<\/script>\n<!-- \/ Yoast SEO plugin. -->","yoast_head_json":{"title":"EPSON EcoTank L4366 multifunktsionaalne A4 v\u00e4rvi-tindiprinter - RTT","description":"Epson EcoTank L4366 on kompaktne ja stiilne A4 multifunktsionaalne printer, mis pakub printimise, skaneerimise ja kopeerimise v\u00f5imalusi \u00fches seadmes.","robots":{"index":"index","follow":"follow","max-snippet":"max-snippet:-1","max-image-preview":"max-image-preview:large","max-video-preview":"max-video-preview:-1"},"canonical":"https:\/\/rtt.ee\/ru\/toode\/koopiamasinad-ru\/a4-printer-skanner-koopiamasinad-ru\/epson-ecotank-l4366-multifunktsionaalne-a4-varvi-tindiprinter\/","og_locale":"ru_RU","og_type":"article","og_title":"EPSON EcoTank L4366 multifunktsionaalne A4 v\u00e4rvi-tindiprinter - RTT","og_description":"Epson EcoTank L4366 on kompaktne ja stiilne A4 multifunktsionaalne printer, mis pakub printimise, skaneerimise ja kopeerimise v\u00f5imalusi \u00fches seadmes.","og_url":"https:\/\/rtt.ee\/ru\/toode\/koopiamasinad-ru\/a4-printer-skanner-koopiamasinad-ru\/epson-ecotank-l4366-multifunktsionaalne-a4-varvi-tindiprinter\/","og_site_name":"RTT","article_modified_time":"2026-04-09T07:14:40+00:00","og_image":[{"width":1024,"height":1024,"url":"https:\/\/rtt.ee\/wp-content\/uploads\/2025\/11\/a23215-productpicture-hires-et-ee-ecotank_l4366_01_main_2000x2000px-1024x1024.png","type":"image\/png"}],"twitter_card":"summary_large_image","twitter_misc":{"\u041f\u0440\u0438\u043c\u0435\u0440\u043d\u043e\u0435 \u0432\u0440\u0435\u043c\u044f \u0434\u043b\u044f \u0447\u0442\u0435\u043d\u0438\u044f":"1 \u043c\u0438\u043d\u0443\u0442\u0430"},"schema":{"@context":"https:\/\/schema.org","@graph":[{"@type":"WebPage","@id":"https:\/\/rtt.ee\/ru\/toode\/koopiamasinad-ru\/a4-printer-skanner-koopiamasinad-ru\/epson-ecotank-l4366-multifunktsionaalne-a4-varvi-tindiprinter\/","url":"https:\/\/rtt.ee\/ru\/toode\/koopiamasinad-ru\/a4-printer-skanner-koopiamasinad-ru\/epson-ecotank-l4366-multifunktsionaalne-a4-varvi-tindiprinter\/","name":"EPSON EcoTank L4366 multifunktsionaalne A4 v\u00e4rvi-tindiprinter - RTT","isPartOf":{"@id":"https:\/\/rtt.ee\/en\/#website"},"primaryImageOfPage":{"@id":"https:\/\/rtt.ee\/ru\/toode\/koopiamasinad-ru\/a4-printer-skanner-koopiamasinad-ru\/epson-ecotank-l4366-multifunktsionaalne-a4-varvi-tindiprinter\/#primaryimage"},"image":{"@id":"https:\/\/rtt.ee\/ru\/toode\/koopiamasinad-ru\/a4-printer-skanner-koopiamasinad-ru\/epson-ecotank-l4366-multifunktsionaalne-a4-varvi-tindiprinter\/#primaryimage"},"thumbnailUrl":"https:\/\/rtt.ee\/wp-content\/uploads\/2025\/11\/a23215-productpicture-hires-et-ee-ecotank_l4366_01_main_2000x2000px-e1774534353391.png","datePublished":"2025-11-10T11:39:56+00:00","dateModified":"2026-04-09T07:14:40+00:00","description":"Epson EcoTank L4366 on kompaktne ja stiilne A4 multifunktsionaalne printer, mis pakub printimise, skaneerimise ja kopeerimise v\u00f5imalusi \u00fches seadmes.","breadcrumb":{"@id":"https:\/\/rtt.ee\/ru\/toode\/koopiamasinad-ru\/a4-printer-skanner-koopiamasinad-ru\/epson-ecotank-l4366-multifunktsionaalne-a4-varvi-tindiprinter\/#breadcrumb"},"inLanguage":"ru-RU","potentialAction":[{"@type":"ReadAction","target":["https:\/\/rtt.ee\/ru\/toode\/koopiamasinad-ru\/a4-printer-skanner-koopiamasinad-ru\/epson-ecotank-l4366-multifunktsionaalne-a4-varvi-tindiprinter\/"]}]},{"@type":"ImageObject","inLanguage":"ru-RU","@id":"https:\/\/rtt.ee\/ru\/toode\/koopiamasinad-ru\/a4-printer-skanner-koopiamasinad-ru\/epson-ecotank-l4366-multifunktsionaalne-a4-varvi-tindiprinter\/#primaryimage","url":"https:\/\/rtt.ee\/wp-content\/uploads\/2025\/11\/a23215-productpicture-hires-et-ee-ecotank_l4366_01_main_2000x2000px-e1774534353391.png","contentUrl":"https:\/\/rtt.ee\/wp-content\/uploads\/2025\/11\/a23215-productpicture-hires-et-ee-ecotank_l4366_01_main_2000x2000px-e1774534353391.png","width":2000,"height":2000},{"@type":"BreadcrumbList","@id":"https:\/\/rtt.ee\/ru\/toode\/koopiamasinad-ru\/a4-printer-skanner-koopiamasinad-ru\/epson-ecotank-l4366-multifunktsionaalne-a4-varvi-tindiprinter\/#breadcrumb","itemListElement":[{"@type":"ListItem","position":1,"name":"\u0413\u043b\u0430\u0432\u043d\u0430\u044f","item":"https:\/\/rtt.ee\/ru\/"},{"@type":"ListItem","position":2,"name":"Magazin","item":"https:\/\/rtt.ee\/ru\/pood\/"},{"@type":"ListItem","position":3,"name":"Koopiamasinad","item":"https:\/\/rtt.ee\/tootekategooria\/koopiamasinad\/"},{"@type":"ListItem","position":4,"name":"A4 Printer-Sk\u00e4nner-Koopiamasinad","item":"https:\/\/rtt.ee\/tootekategooria\/koopiamasinad\/a4-printer-skanner-koopiamasinad\/"},{"@type":"ListItem","position":5,"name":"EPSON EcoTank L4366 multifunktsionaalne A4 v\u00e4rvi-tindiprinter"}]},{"@type":"WebSite","@id":"https:\/\/rtt.ee\/en\/#website","url":"https:\/\/rtt.ee\/en\/","name":"RTT","description":"Kassaaparaadid ja kontorikaubad","potentialAction":[{"@type":"SearchAction","target":{"@type":"EntryPoint","urlTemplate":"https:\/\/rtt.ee\/en\/?s={search_term_string}"},"query-input":{"@type":"PropertyValueSpecification","valueRequired":true,"valueName":"search_term_string"}}],"inLanguage":"ru-RU"}]}},"_links":{"self":[{"href":"https:\/\/rtt.ee\/ru\/wp-json\/wp\/v2\/product\/16068","targetHints":{"allow":["GET"]}}],"collection":[{"href":"https:\/\/rtt.ee\/ru\/wp-json\/wp\/v2\/product"}],"about":[{"href":"https:\/\/rtt.ee\/ru\/wp-json\/wp\/v2\/types\/product"}],"wp:featuredmedia":[{"embeddable":true,"href":"https:\/\/rtt.ee\/ru\/wp-json\/wp\/v2\/media\/13818"}],"wp:attachment":[{"href":"https:\/\/rtt.ee\/ru\/wp-json\/wp\/v2\/media?parent=16068"}],"wp:term":[{"taxonomy":"product_brand","embeddable":true,"href":"https:\/\/rtt.ee\/ru\/wp-json\/wp\/v2\/product_brand?post=16068"},{"taxonomy":"product_cat","embeddable":true,"href":"https:\/\/rtt.ee\/ru\/wp-json\/wp\/v2\/product_cat?post=16068"},{"taxonomy":"product_tag","embeddable":true,"href":"https:\/\/rtt.ee\/ru\/wp-json\/wp\/v2\/product_tag?post=16068"}],"curies":[{"name":"wp","href":"https:\/\/api.w.org\/{rel}","templated":true}]}}