{"id":16067,"date":"2026-02-26T16:32:39","date_gmt":"2026-02-26T14:32:39","guid":{"rendered":"https:\/\/rtt.ee\/toode\/uncategorized\/epson-ecotank-l3560-multifunktsionaalne-a4-varvi-tindiprinter\/"},"modified":"2026-03-31T16:35:45","modified_gmt":"2026-03-31T13:35:45","slug":"epson-ecotank-l3560-multifunktsionaalne-a4-varvi-tindiprinter","status":"publish","type":"product","link":"https:\/\/rtt.ee\/ru\/toode\/koopiamasinad-ru\/a4-printer-skanner-koopiamasinad-ru\/epson-ecotank-l3560-multifunktsionaalne-a4-varvi-tindiprinter\/","title":{"rendered":"EPSON EcoTank L3560 multifunktsionaalne A4 v\u00e4rvi-tindiprinter"},"content":{"rendered":"<p>Funktsioonid: printimine, skannimine, kopeerimine<\/p>\n<p>Tr\u00fckikiirus (ISO\/IEC 24734):\u00a0<span class=\"technical-specifications__specification-value\">15 lk\/min (must), 8 lk\/min (v\u00e4rv)<\/span><\/p>\n<p>Tr\u00fckikvaliteet:\u00a0<span class=\"technical-specifications__specification-value\">4.800 x 2.400 DPI<\/span><\/p>\n<p>Paberis\u00f6\u00f6tja maht: 100 lehte (Standardne)<\/p>\n<p>\u00dchendused:\u00a0<span class=\"technical-specifications__specification-value\">USB, WiFi, Wi-Fi Direct<\/span><\/p>\n<p>Toetatavad operatsioonis\u00fcsteemid: Windows, Windows Server, MacOS<\/p>\n<p>Lisainfo:\u00a0<a href=\"https:\/\/www.epson.ee\/et_EE\/tooted\/printerid\/inkjet\/tarbija\/ecotank-l3560-multifunktsionaalne-tindimahutiga-wi-fi-a4-printer%2C-kaasas-kuni-3-aasta-jagu-tinti\/p\/35118\">Tehniline kirjeldus eesti keeles<\/a><\/p>\n<p>Tel: +372 6 112 256<\/p>\n<p>GSM: +372 5 014 470<\/p>\n","protected":false},"excerpt":{"rendered":"<p>Funktsioonid: printimine, skannimine, kopeerimine Tr\u00fckikiirus (ISO\/IEC 24734):\u00a015 lk\/min (must), 8 lk\/min (v\u00e4rv) Tr\u00fckikvaliteet:\u00a04.800 x 2.400 DPI Paberis\u00f6\u00f6tja maht: 100 lehte (Standardne) \u00dchendused:\u00a0USB, WiFi, Wi-Fi Direct Toetatavad operatsioonis\u00fcsteemid: Windows, Windows Server, MacOS Lisainfo:\u00a0Tehniline kirjeldus eesti keeles Tel: +372 6 112 256 GSM: +372 5 014 470<\/p>\n","protected":false},"featured_media":16065,"template":"","meta":{"_acf_changed":false},"product_brand":[405],"product_cat":[236],"product_tag":[],"class_list":{"0":"post-16067","1":"product","2":"type-product","3":"status-publish","4":"has-post-thumbnail","6":"product_brand-epson","7":"product_cat-a4-printer-skanner-koopiamasinad-ru","8":"product_brands-epson-ru","10":"first","11":"onbackorder","12":"taxable","13":"shipping-taxable","14":"purchasable","15":"product-type-simple"},"acf":[],"yoast_head":"<!-- This site is optimized with the Yoast SEO plugin v26.2 - https:\/\/yoast.com\/wordpress\/plugins\/seo\/ -->\n<title>EPSON EcoTank L3560 multifunktsionaalne A4 v\u00e4rvi-tindiprinter - RTT<\/title>\n<meta name=\"description\" content=\"Epson EcoTank L3560 \u2013 kiire ja s\u00e4\u00e4stlik 3-\u00fches v\u00e4rviprinter koju. Prindi, kopeeri ja skaneeri rekordmadala kuluga. Mugav LCD-ekraan ja Wi-Fi tugi.\" \/>\n<meta name=\"robots\" content=\"index, follow, max-snippet:-1, max-image-preview:large, max-video-preview:-1\" \/>\n<link rel=\"canonical\" href=\"https:\/\/rtt.ee\/ru\/toode\/koopiamasinad-ru\/a4-printer-skanner-koopiamasinad-ru\/epson-ecotank-l3560-multifunktsionaalne-a4-varvi-tindiprinter\/\" \/>\n<meta property=\"og:locale\" content=\"ru_RU\" \/>\n<meta property=\"og:type\" content=\"article\" \/>\n<meta property=\"og:title\" content=\"EPSON EcoTank L3560 multifunktsionaalne A4 v\u00e4rvi-tindiprinter - RTT\" \/>\n<meta property=\"og:description\" content=\"Epson EcoTank L3560 \u2013 kiire ja s\u00e4\u00e4stlik 3-\u00fches v\u00e4rviprinter koju. Prindi, kopeeri ja skaneeri rekordmadala kuluga. Mugav LCD-ekraan ja Wi-Fi tugi.\" \/>\n<meta property=\"og:url\" content=\"https:\/\/rtt.ee\/ru\/toode\/koopiamasinad-ru\/a4-printer-skanner-koopiamasinad-ru\/epson-ecotank-l3560-multifunktsionaalne-a4-varvi-tindiprinter\/\" \/>\n<meta property=\"og:site_name\" content=\"RTT\" \/>\n<meta property=\"article:modified_time\" content=\"2026-03-31T13:35:45+00:00\" \/>\n<meta property=\"og:image\" content=\"https:\/\/rtt.ee\/wp-content\/uploads\/2026\/02\/l3560_1.header_2000x2000.jpg\" \/>\n\t<meta property=\"og:image:width\" content=\"2000\" \/>\n\t<meta property=\"og:image:height\" content=\"2000\" \/>\n\t<meta property=\"og:image:type\" content=\"image\/jpeg\" \/>\n<meta name=\"twitter:card\" content=\"summary_large_image\" \/>\n<script type=\"application\/ld+json\" class=\"yoast-schema-graph\">{\"@context\":\"https:\/\/schema.org\",\"@graph\":[{\"@type\":\"WebPage\",\"@id\":\"https:\/\/rtt.ee\/ru\/toode\/koopiamasinad-ru\/a4-printer-skanner-koopiamasinad-ru\/epson-ecotank-l3560-multifunktsionaalne-a4-varvi-tindiprinter\/\",\"url\":\"https:\/\/rtt.ee\/ru\/toode\/koopiamasinad-ru\/a4-printer-skanner-koopiamasinad-ru\/epson-ecotank-l3560-multifunktsionaalne-a4-varvi-tindiprinter\/\",\"name\":\"EPSON EcoTank L3560 multifunktsionaalne A4 v\u00e4rvi-tindiprinter - RTT\",\"isPartOf\":{\"@id\":\"https:\/\/rtt.ee\/en\/#website\"},\"primaryImageOfPage\":{\"@id\":\"https:\/\/rtt.ee\/ru\/toode\/koopiamasinad-ru\/a4-printer-skanner-koopiamasinad-ru\/epson-ecotank-l3560-multifunktsionaalne-a4-varvi-tindiprinter\/#primaryimage\"},\"image\":{\"@id\":\"https:\/\/rtt.ee\/ru\/toode\/koopiamasinad-ru\/a4-printer-skanner-koopiamasinad-ru\/epson-ecotank-l3560-multifunktsionaalne-a4-varvi-tindiprinter\/#primaryimage\"},\"thumbnailUrl\":\"https:\/\/rtt.ee\/wp-content\/uploads\/2026\/02\/l3560_1.header_2000x2000.jpg\",\"datePublished\":\"2026-02-26T14:32:39+00:00\",\"dateModified\":\"2026-03-31T13:35:45+00:00\",\"description\":\"Epson EcoTank L3560 \u2013 kiire ja s\u00e4\u00e4stlik 3-\u00fches v\u00e4rviprinter koju. Prindi, kopeeri ja skaneeri rekordmadala kuluga. Mugav LCD-ekraan ja Wi-Fi tugi.\",\"breadcrumb\":{\"@id\":\"https:\/\/rtt.ee\/ru\/toode\/koopiamasinad-ru\/a4-printer-skanner-koopiamasinad-ru\/epson-ecotank-l3560-multifunktsionaalne-a4-varvi-tindiprinter\/#breadcrumb\"},\"inLanguage\":\"ru-RU\",\"potentialAction\":[{\"@type\":\"ReadAction\",\"target\":[\"https:\/\/rtt.ee\/ru\/toode\/koopiamasinad-ru\/a4-printer-skanner-koopiamasinad-ru\/epson-ecotank-l3560-multifunktsionaalne-a4-varvi-tindiprinter\/\"]}]},{\"@type\":\"ImageObject\",\"inLanguage\":\"ru-RU\",\"@id\":\"https:\/\/rtt.ee\/ru\/toode\/koopiamasinad-ru\/a4-printer-skanner-koopiamasinad-ru\/epson-ecotank-l3560-multifunktsionaalne-a4-varvi-tindiprinter\/#primaryimage\",\"url\":\"https:\/\/rtt.ee\/wp-content\/uploads\/2026\/02\/l3560_1.header_2000x2000.jpg\",\"contentUrl\":\"https:\/\/rtt.ee\/wp-content\/uploads\/2026\/02\/l3560_1.header_2000x2000.jpg\",\"width\":2000,\"height\":2000},{\"@type\":\"BreadcrumbList\",\"@id\":\"https:\/\/rtt.ee\/ru\/toode\/koopiamasinad-ru\/a4-printer-skanner-koopiamasinad-ru\/epson-ecotank-l3560-multifunktsionaalne-a4-varvi-tindiprinter\/#breadcrumb\",\"itemListElement\":[{\"@type\":\"ListItem\",\"position\":1,\"name\":\"\u0413\u043b\u0430\u0432\u043d\u0430\u044f\",\"item\":\"https:\/\/rtt.ee\/ru\/\"},{\"@type\":\"ListItem\",\"position\":2,\"name\":\"Magazin\",\"item\":\"https:\/\/rtt.ee\/ru\/pood\/\"},{\"@type\":\"ListItem\",\"position\":3,\"name\":\"Koopiamasinad\",\"item\":\"https:\/\/rtt.ee\/tootekategooria\/koopiamasinad\/\"},{\"@type\":\"ListItem\",\"position\":4,\"name\":\"A4 Printer-Sk\u00e4nner-Koopiamasinad\",\"item\":\"https:\/\/rtt.ee\/tootekategooria\/koopiamasinad\/a4-printer-skanner-koopiamasinad\/\"},{\"@type\":\"ListItem\",\"position\":5,\"name\":\"EPSON EcoTank L3560 multifunktsionaalne A4 v\u00e4rvi-tindiprinter\"}]},{\"@type\":\"WebSite\",\"@id\":\"https:\/\/rtt.ee\/en\/#website\",\"url\":\"https:\/\/rtt.ee\/en\/\",\"name\":\"RTT\",\"description\":\"Kassaaparaadid ja kontorikaubad\",\"potentialAction\":[{\"@type\":\"SearchAction\",\"target\":{\"@type\":\"EntryPoint\",\"urlTemplate\":\"https:\/\/rtt.ee\/en\/?s={search_term_string}\"},\"query-input\":{\"@type\":\"PropertyValueSpecification\",\"valueRequired\":true,\"valueName\":\"search_term_string\"}}],\"inLanguage\":\"ru-RU\"}]}<\/script>\n<!-- \/ Yoast SEO plugin. -->","yoast_head_json":{"title":"EPSON EcoTank L3560 multifunktsionaalne A4 v\u00e4rvi-tindiprinter - RTT","description":"Epson EcoTank L3560 \u2013 kiire ja s\u00e4\u00e4stlik 3-\u00fches v\u00e4rviprinter koju. Prindi, kopeeri ja skaneeri rekordmadala kuluga. Mugav LCD-ekraan ja Wi-Fi tugi.","robots":{"index":"index","follow":"follow","max-snippet":"max-snippet:-1","max-image-preview":"max-image-preview:large","max-video-preview":"max-video-preview:-1"},"canonical":"https:\/\/rtt.ee\/ru\/toode\/koopiamasinad-ru\/a4-printer-skanner-koopiamasinad-ru\/epson-ecotank-l3560-multifunktsionaalne-a4-varvi-tindiprinter\/","og_locale":"ru_RU","og_type":"article","og_title":"EPSON EcoTank L3560 multifunktsionaalne A4 v\u00e4rvi-tindiprinter - RTT","og_description":"Epson EcoTank L3560 \u2013 kiire ja s\u00e4\u00e4stlik 3-\u00fches v\u00e4rviprinter koju. Prindi, kopeeri ja skaneeri rekordmadala kuluga. Mugav LCD-ekraan ja Wi-Fi tugi.","og_url":"https:\/\/rtt.ee\/ru\/toode\/koopiamasinad-ru\/a4-printer-skanner-koopiamasinad-ru\/epson-ecotank-l3560-multifunktsionaalne-a4-varvi-tindiprinter\/","og_site_name":"RTT","article_modified_time":"2026-03-31T13:35:45+00:00","og_image":[{"width":2000,"height":2000,"url":"https:\/\/rtt.ee\/wp-content\/uploads\/2026\/02\/l3560_1.header_2000x2000.jpg","type":"image\/jpeg"}],"twitter_card":"summary_large_image","schema":{"@context":"https:\/\/schema.org","@graph":[{"@type":"WebPage","@id":"https:\/\/rtt.ee\/ru\/toode\/koopiamasinad-ru\/a4-printer-skanner-koopiamasinad-ru\/epson-ecotank-l3560-multifunktsionaalne-a4-varvi-tindiprinter\/","url":"https:\/\/rtt.ee\/ru\/toode\/koopiamasinad-ru\/a4-printer-skanner-koopiamasinad-ru\/epson-ecotank-l3560-multifunktsionaalne-a4-varvi-tindiprinter\/","name":"EPSON EcoTank L3560 multifunktsionaalne A4 v\u00e4rvi-tindiprinter - RTT","isPartOf":{"@id":"https:\/\/rtt.ee\/en\/#website"},"primaryImageOfPage":{"@id":"https:\/\/rtt.ee\/ru\/toode\/koopiamasinad-ru\/a4-printer-skanner-koopiamasinad-ru\/epson-ecotank-l3560-multifunktsionaalne-a4-varvi-tindiprinter\/#primaryimage"},"image":{"@id":"https:\/\/rtt.ee\/ru\/toode\/koopiamasinad-ru\/a4-printer-skanner-koopiamasinad-ru\/epson-ecotank-l3560-multifunktsionaalne-a4-varvi-tindiprinter\/#primaryimage"},"thumbnailUrl":"https:\/\/rtt.ee\/wp-content\/uploads\/2026\/02\/l3560_1.header_2000x2000.jpg","datePublished":"2026-02-26T14:32:39+00:00","dateModified":"2026-03-31T13:35:45+00:00","description":"Epson EcoTank L3560 \u2013 kiire ja s\u00e4\u00e4stlik 3-\u00fches v\u00e4rviprinter koju. Prindi, kopeeri ja skaneeri rekordmadala kuluga. Mugav LCD-ekraan ja Wi-Fi tugi.","breadcrumb":{"@id":"https:\/\/rtt.ee\/ru\/toode\/koopiamasinad-ru\/a4-printer-skanner-koopiamasinad-ru\/epson-ecotank-l3560-multifunktsionaalne-a4-varvi-tindiprinter\/#breadcrumb"},"inLanguage":"ru-RU","potentialAction":[{"@type":"ReadAction","target":["https:\/\/rtt.ee\/ru\/toode\/koopiamasinad-ru\/a4-printer-skanner-koopiamasinad-ru\/epson-ecotank-l3560-multifunktsionaalne-a4-varvi-tindiprinter\/"]}]},{"@type":"ImageObject","inLanguage":"ru-RU","@id":"https:\/\/rtt.ee\/ru\/toode\/koopiamasinad-ru\/a4-printer-skanner-koopiamasinad-ru\/epson-ecotank-l3560-multifunktsionaalne-a4-varvi-tindiprinter\/#primaryimage","url":"https:\/\/rtt.ee\/wp-content\/uploads\/2026\/02\/l3560_1.header_2000x2000.jpg","contentUrl":"https:\/\/rtt.ee\/wp-content\/uploads\/2026\/02\/l3560_1.header_2000x2000.jpg","width":2000,"height":2000},{"@type":"BreadcrumbList","@id":"https:\/\/rtt.ee\/ru\/toode\/koopiamasinad-ru\/a4-printer-skanner-koopiamasinad-ru\/epson-ecotank-l3560-multifunktsionaalne-a4-varvi-tindiprinter\/#breadcrumb","itemListElement":[{"@type":"ListItem","position":1,"name":"\u0413\u043b\u0430\u0432\u043d\u0430\u044f","item":"https:\/\/rtt.ee\/ru\/"},{"@type":"ListItem","position":2,"name":"Magazin","item":"https:\/\/rtt.ee\/ru\/pood\/"},{"@type":"ListItem","position":3,"name":"Koopiamasinad","item":"https:\/\/rtt.ee\/tootekategooria\/koopiamasinad\/"},{"@type":"ListItem","position":4,"name":"A4 Printer-Sk\u00e4nner-Koopiamasinad","item":"https:\/\/rtt.ee\/tootekategooria\/koopiamasinad\/a4-printer-skanner-koopiamasinad\/"},{"@type":"ListItem","position":5,"name":"EPSON EcoTank L3560 multifunktsionaalne A4 v\u00e4rvi-tindiprinter"}]},{"@type":"WebSite","@id":"https:\/\/rtt.ee\/en\/#website","url":"https:\/\/rtt.ee\/en\/","name":"RTT","description":"Kassaaparaadid ja kontorikaubad","potentialAction":[{"@type":"SearchAction","target":{"@type":"EntryPoint","urlTemplate":"https:\/\/rtt.ee\/en\/?s={search_term_string}"},"query-input":{"@type":"PropertyValueSpecification","valueRequired":true,"valueName":"search_term_string"}}],"inLanguage":"ru-RU"}]}},"_links":{"self":[{"href":"https:\/\/rtt.ee\/ru\/wp-json\/wp\/v2\/product\/16067","targetHints":{"allow":["GET"]}}],"collection":[{"href":"https:\/\/rtt.ee\/ru\/wp-json\/wp\/v2\/product"}],"about":[{"href":"https:\/\/rtt.ee\/ru\/wp-json\/wp\/v2\/types\/product"}],"wp:featuredmedia":[{"embeddable":true,"href":"https:\/\/rtt.ee\/ru\/wp-json\/wp\/v2\/media\/16065"}],"wp:attachment":[{"href":"https:\/\/rtt.ee\/ru\/wp-json\/wp\/v2\/media?parent=16067"}],"wp:term":[{"taxonomy":"product_brand","embeddable":true,"href":"https:\/\/rtt.ee\/ru\/wp-json\/wp\/v2\/product_brand?post=16067"},{"taxonomy":"product_cat","embeddable":true,"href":"https:\/\/rtt.ee\/ru\/wp-json\/wp\/v2\/product_cat?post=16067"},{"taxonomy":"product_tag","embeddable":true,"href":"https:\/\/rtt.ee\/ru\/wp-json\/wp\/v2\/product_tag?post=16067"}],"curies":[{"name":"wp","href":"https:\/\/api.w.org\/{rel}","templated":true}]}}