{"id":16018,"date":"2026-02-25T16:34:15","date_gmt":"2026-02-25T14:34:15","guid":{"rendered":"https:\/\/rtt.ee\/toode\/uncategorized\/epson-ecotank-m1180-a4-must-tindiprinter-2\/"},"modified":"2026-04-09T12:00:27","modified_gmt":"2026-04-09T09:00:27","slug":"epson-ecotank-m1180-a4-must-tindiprinter-2","status":"publish","type":"product","link":"https:\/\/rtt.ee\/ru\/toode\/printerid-ru\/epson-ecotank-m1180-a4-must-tindiprinter-2\/","title":{"rendered":"EPSON EcoTank M1180 A4 must-tindiprinter"},"content":{"rendered":"<p>Funktsioonid: printimine<\/p>\n<p>Tr\u00fckikiirus A4 (ISO): 20 Lk\/min (must-valge)<\/p>\n<p>Tr\u00fckikvaliteet: 1.200 x 2.400 DPI<\/p>\n<p>Paberis\u00f6\u00f6tja maht: 250 lehte (Standard)<\/p>\n<p>Soovitav tr\u00fckikoormus kuus: 200-1500 lehte<\/p>\n<p>\u00dchendused: USB, Ethernet, WiFi, Wi-Fi Direct<\/p>\n<p>Mobiilsed ja pilvep\u00f5hised printimisteenused: Epson Connect (iPrint, Email Print, Remote Print Driver), Google Cloud Print<\/p>\n<div class=\"spec-pair\">\n<div class=\"key\">Toetatavad operatsioonis\u00fcsteemid: Windows, Windows Server, MacOS<\/div>\n<\/div>\n<p>Lisainfo:\u00a0<a href=\"https:\/\/www.epson.ee\/et_EE\/tooted\/printerid\/inkjet\/%c3%84riline-tindiprinter\/ecotank-m1180\/p\/23158\">Tehniline kirjeldus eesti keeles<\/a><\/p>\n<p>Tel: +372 6 112 256<\/p>\n<p>GSM: +372 5 014 470<\/p>\n","protected":false},"excerpt":{"rendered":"<p>Funktsioonid: printimine Tr\u00fckikiirus A4 (ISO): 20 Lk\/min (must-valge) Tr\u00fckikvaliteet: 1.200 x 2.400 DPI Paberis\u00f6\u00f6tja maht: 250 lehte (Standard) Soovitav tr\u00fckikoormus kuus: 200-1500 lehte \u00dchendused: USB, Ethernet, WiFi, Wi-Fi Direct Mobiilsed ja pilvep\u00f5hised printimisteenused: Epson Connect (iPrint, Email Print, Remote Print Driver), Google Cloud Print Toetatavad operatsioonis\u00fcsteemid: Windows, Windows Server, MacOS Lisainfo:\u00a0Tehniline kirjeldus eesti keeles Tel: [&hellip;]<\/p>\n","protected":false},"featured_media":16016,"template":"","meta":{"_acf_changed":false},"product_brand":[405],"product_cat":[259,330],"product_tag":[],"class_list":{"0":"post-16018","1":"product","2":"type-product","3":"status-publish","4":"has-post-thumbnail","6":"product_brand-epson","7":"product_cat-printerid-ru","8":"product_cat-a4-printer-ru","9":"product_brands-epson-ru","11":"first","12":"onbackorder","13":"taxable","14":"shipping-taxable","15":"purchasable","16":"product-type-simple"},"acf":[],"yoast_head":"<!-- This site is optimized with the Yoast SEO plugin v26.2 - https:\/\/yoast.com\/wordpress\/plugins\/seo\/ -->\n<title>EPSON EcoTank M1180 A4 must-tindiprinter - RTT<\/title>\n<meta name=\"description\" content=\"EPSON EcoTank M1180 \u2013 \u00fclimalt s\u00e4\u00e4stlik mustvalge printer, mis v\u00e4hendab tr\u00fckikulusid kuni 95%. Komplektis tint kuni 11 000 lehek\u00fclje tr\u00fckkimiseks.\" \/>\n<meta name=\"robots\" content=\"index, follow, max-snippet:-1, max-image-preview:large, max-video-preview:-1\" \/>\n<link rel=\"canonical\" href=\"https:\/\/rtt.ee\/toode\/printerid\/a4-printer\/epson-ecotank-m1180-a4-must-tindiprinter-2\/\" \/>\n<meta property=\"og:locale\" content=\"ru_RU\" \/>\n<meta property=\"og:type\" content=\"article\" \/>\n<meta property=\"og:title\" content=\"EPSON EcoTank M1180 A4 must-tindiprinter - RTT\" \/>\n<meta property=\"og:description\" content=\"EPSON EcoTank M1180 \u2013 \u00fclimalt s\u00e4\u00e4stlik mustvalge printer, mis v\u00e4hendab tr\u00fckikulusid kuni 95%. Komplektis tint kuni 11 000 lehek\u00fclje tr\u00fckkimiseks.\" \/>\n<meta property=\"og:url\" content=\"https:\/\/rtt.ee\/toode\/printerid\/a4-printer\/epson-ecotank-m1180-a4-must-tindiprinter-2\/\" \/>\n<meta property=\"og:site_name\" content=\"RTT\" \/>\n<meta property=\"article:modified_time\" content=\"2026-04-09T09:00:27+00:00\" \/>\n<meta property=\"og:image\" content=\"https:\/\/rtt.ee\/wp-content\/uploads\/2026\/02\/M1180.png\" \/>\n\t<meta property=\"og:image:width\" content=\"400\" \/>\n\t<meta property=\"og:image:height\" content=\"234\" \/>\n\t<meta property=\"og:image:type\" content=\"image\/png\" \/>\n<meta name=\"twitter:card\" content=\"summary_large_image\" \/>\n<script type=\"application\/ld+json\" class=\"yoast-schema-graph\">{\"@context\":\"https:\/\/schema.org\",\"@graph\":[{\"@type\":\"WebPage\",\"@id\":\"https:\/\/rtt.ee\/toode\/printerid\/a4-printer\/epson-ecotank-m1180-a4-must-tindiprinter-2\/\",\"url\":\"https:\/\/rtt.ee\/toode\/printerid\/a4-printer\/epson-ecotank-m1180-a4-must-tindiprinter-2\/\",\"name\":\"EPSON EcoTank M1180 A4 must-tindiprinter - RTT\",\"isPartOf\":{\"@id\":\"https:\/\/rtt.ee\/en\/#website\"},\"primaryImageOfPage\":{\"@id\":\"https:\/\/rtt.ee\/toode\/printerid\/a4-printer\/epson-ecotank-m1180-a4-must-tindiprinter-2\/#primaryimage\"},\"image\":{\"@id\":\"https:\/\/rtt.ee\/toode\/printerid\/a4-printer\/epson-ecotank-m1180-a4-must-tindiprinter-2\/#primaryimage\"},\"thumbnailUrl\":\"https:\/\/rtt.ee\/wp-content\/uploads\/2026\/02\/M1180.png\",\"datePublished\":\"2026-02-25T14:34:15+00:00\",\"dateModified\":\"2026-04-09T09:00:27+00:00\",\"description\":\"EPSON EcoTank M1180 \u2013 \u00fclimalt s\u00e4\u00e4stlik mustvalge printer, mis v\u00e4hendab tr\u00fckikulusid kuni 95%. Komplektis tint kuni 11 000 lehek\u00fclje tr\u00fckkimiseks.\",\"breadcrumb\":{\"@id\":\"https:\/\/rtt.ee\/toode\/printerid\/a4-printer\/epson-ecotank-m1180-a4-must-tindiprinter-2\/#breadcrumb\"},\"inLanguage\":\"ru-RU\",\"potentialAction\":[{\"@type\":\"ReadAction\",\"target\":[\"https:\/\/rtt.ee\/toode\/printerid\/a4-printer\/epson-ecotank-m1180-a4-must-tindiprinter-2\/\"]}]},{\"@type\":\"ImageObject\",\"inLanguage\":\"ru-RU\",\"@id\":\"https:\/\/rtt.ee\/toode\/printerid\/a4-printer\/epson-ecotank-m1180-a4-must-tindiprinter-2\/#primaryimage\",\"url\":\"https:\/\/rtt.ee\/wp-content\/uploads\/2026\/02\/M1180.png\",\"contentUrl\":\"https:\/\/rtt.ee\/wp-content\/uploads\/2026\/02\/M1180.png\",\"width\":400,\"height\":234},{\"@type\":\"BreadcrumbList\",\"@id\":\"https:\/\/rtt.ee\/toode\/printerid\/a4-printer\/epson-ecotank-m1180-a4-must-tindiprinter-2\/#breadcrumb\",\"itemListElement\":[{\"@type\":\"ListItem\",\"position\":1,\"name\":\"\u0413\u043b\u0430\u0432\u043d\u0430\u044f\",\"item\":\"https:\/\/rtt.ee\/ru\/\"},{\"@type\":\"ListItem\",\"position\":2,\"name\":\"Magazin\",\"item\":\"https:\/\/rtt.ee\/ru\/pood\/\"},{\"@type\":\"ListItem\",\"position\":3,\"name\":\"\u041f\u0440\u0438\u043d\u0442\u0435\u0440\u044b\",\"item\":\"https:\/\/rtt.ee\/ru\/tootekategooria\/printerid-ru\/\"},{\"@type\":\"ListItem\",\"position\":4,\"name\":\"EPSON EcoTank M1180 A4 must-tindiprinter\"}]},{\"@type\":\"WebSite\",\"@id\":\"https:\/\/rtt.ee\/en\/#website\",\"url\":\"https:\/\/rtt.ee\/en\/\",\"name\":\"RTT\",\"description\":\"Kassaaparaadid ja kontorikaubad\",\"potentialAction\":[{\"@type\":\"SearchAction\",\"target\":{\"@type\":\"EntryPoint\",\"urlTemplate\":\"https:\/\/rtt.ee\/en\/?s={search_term_string}\"},\"query-input\":{\"@type\":\"PropertyValueSpecification\",\"valueRequired\":true,\"valueName\":\"search_term_string\"}}],\"inLanguage\":\"ru-RU\"}]}<\/script>\n<!-- \/ Yoast SEO plugin. -->","yoast_head_json":{"title":"EPSON EcoTank M1180 A4 must-tindiprinter - RTT","description":"EPSON EcoTank M1180 \u2013 \u00fclimalt s\u00e4\u00e4stlik mustvalge printer, mis v\u00e4hendab tr\u00fckikulusid kuni 95%. Komplektis tint kuni 11 000 lehek\u00fclje tr\u00fckkimiseks.","robots":{"index":"index","follow":"follow","max-snippet":"max-snippet:-1","max-image-preview":"max-image-preview:large","max-video-preview":"max-video-preview:-1"},"canonical":"https:\/\/rtt.ee\/toode\/printerid\/a4-printer\/epson-ecotank-m1180-a4-must-tindiprinter-2\/","og_locale":"ru_RU","og_type":"article","og_title":"EPSON EcoTank M1180 A4 must-tindiprinter - RTT","og_description":"EPSON EcoTank M1180 \u2013 \u00fclimalt s\u00e4\u00e4stlik mustvalge printer, mis v\u00e4hendab tr\u00fckikulusid kuni 95%. Komplektis tint kuni 11 000 lehek\u00fclje tr\u00fckkimiseks.","og_url":"https:\/\/rtt.ee\/toode\/printerid\/a4-printer\/epson-ecotank-m1180-a4-must-tindiprinter-2\/","og_site_name":"RTT","article_modified_time":"2026-04-09T09:00:27+00:00","og_image":[{"width":400,"height":234,"url":"https:\/\/rtt.ee\/wp-content\/uploads\/2026\/02\/M1180.png","type":"image\/png"}],"twitter_card":"summary_large_image","schema":{"@context":"https:\/\/schema.org","@graph":[{"@type":"WebPage","@id":"https:\/\/rtt.ee\/toode\/printerid\/a4-printer\/epson-ecotank-m1180-a4-must-tindiprinter-2\/","url":"https:\/\/rtt.ee\/toode\/printerid\/a4-printer\/epson-ecotank-m1180-a4-must-tindiprinter-2\/","name":"EPSON EcoTank M1180 A4 must-tindiprinter - RTT","isPartOf":{"@id":"https:\/\/rtt.ee\/en\/#website"},"primaryImageOfPage":{"@id":"https:\/\/rtt.ee\/toode\/printerid\/a4-printer\/epson-ecotank-m1180-a4-must-tindiprinter-2\/#primaryimage"},"image":{"@id":"https:\/\/rtt.ee\/toode\/printerid\/a4-printer\/epson-ecotank-m1180-a4-must-tindiprinter-2\/#primaryimage"},"thumbnailUrl":"https:\/\/rtt.ee\/wp-content\/uploads\/2026\/02\/M1180.png","datePublished":"2026-02-25T14:34:15+00:00","dateModified":"2026-04-09T09:00:27+00:00","description":"EPSON EcoTank M1180 \u2013 \u00fclimalt s\u00e4\u00e4stlik mustvalge printer, mis v\u00e4hendab tr\u00fckikulusid kuni 95%. Komplektis tint kuni 11 000 lehek\u00fclje tr\u00fckkimiseks.","breadcrumb":{"@id":"https:\/\/rtt.ee\/toode\/printerid\/a4-printer\/epson-ecotank-m1180-a4-must-tindiprinter-2\/#breadcrumb"},"inLanguage":"ru-RU","potentialAction":[{"@type":"ReadAction","target":["https:\/\/rtt.ee\/toode\/printerid\/a4-printer\/epson-ecotank-m1180-a4-must-tindiprinter-2\/"]}]},{"@type":"ImageObject","inLanguage":"ru-RU","@id":"https:\/\/rtt.ee\/toode\/printerid\/a4-printer\/epson-ecotank-m1180-a4-must-tindiprinter-2\/#primaryimage","url":"https:\/\/rtt.ee\/wp-content\/uploads\/2026\/02\/M1180.png","contentUrl":"https:\/\/rtt.ee\/wp-content\/uploads\/2026\/02\/M1180.png","width":400,"height":234},{"@type":"BreadcrumbList","@id":"https:\/\/rtt.ee\/toode\/printerid\/a4-printer\/epson-ecotank-m1180-a4-must-tindiprinter-2\/#breadcrumb","itemListElement":[{"@type":"ListItem","position":1,"name":"\u0413\u043b\u0430\u0432\u043d\u0430\u044f","item":"https:\/\/rtt.ee\/ru\/"},{"@type":"ListItem","position":2,"name":"Magazin","item":"https:\/\/rtt.ee\/ru\/pood\/"},{"@type":"ListItem","position":3,"name":"\u041f\u0440\u0438\u043d\u0442\u0435\u0440\u044b","item":"https:\/\/rtt.ee\/ru\/tootekategooria\/printerid-ru\/"},{"@type":"ListItem","position":4,"name":"EPSON EcoTank M1180 A4 must-tindiprinter"}]},{"@type":"WebSite","@id":"https:\/\/rtt.ee\/en\/#website","url":"https:\/\/rtt.ee\/en\/","name":"RTT","description":"Kassaaparaadid ja kontorikaubad","potentialAction":[{"@type":"SearchAction","target":{"@type":"EntryPoint","urlTemplate":"https:\/\/rtt.ee\/en\/?s={search_term_string}"},"query-input":{"@type":"PropertyValueSpecification","valueRequired":true,"valueName":"search_term_string"}}],"inLanguage":"ru-RU"}]}},"_links":{"self":[{"href":"https:\/\/rtt.ee\/ru\/wp-json\/wp\/v2\/product\/16018","targetHints":{"allow":["GET"]}}],"collection":[{"href":"https:\/\/rtt.ee\/ru\/wp-json\/wp\/v2\/product"}],"about":[{"href":"https:\/\/rtt.ee\/ru\/wp-json\/wp\/v2\/types\/product"}],"wp:featuredmedia":[{"embeddable":true,"href":"https:\/\/rtt.ee\/ru\/wp-json\/wp\/v2\/media\/16016"}],"wp:attachment":[{"href":"https:\/\/rtt.ee\/ru\/wp-json\/wp\/v2\/media?parent=16018"}],"wp:term":[{"taxonomy":"product_brand","embeddable":true,"href":"https:\/\/rtt.ee\/ru\/wp-json\/wp\/v2\/product_brand?post=16018"},{"taxonomy":"product_cat","embeddable":true,"href":"https:\/\/rtt.ee\/ru\/wp-json\/wp\/v2\/product_cat?post=16018"},{"taxonomy":"product_tag","embeddable":true,"href":"https:\/\/rtt.ee\/ru\/wp-json\/wp\/v2\/product_tag?post=16018"}],"curies":[{"name":"wp","href":"https:\/\/api.w.org\/{rel}","templated":true}]}}